{"id":3356,"date":"2025-07-19T23:21:47","date_gmt":"2025-07-19T21:21:47","guid":{"rendered":"http:\/\/192.168.2.106\/index.php\/produkt\/sekator-tyczkowy-zyrafa-do-galezi-ze-sznurkiem-vergionic-na-tyczke\/"},"modified":"2025-07-19T23:21:47","modified_gmt":"2025-07-19T21:21:47","slug":"sekator-tyczkowy-zyrafa-do-galezi-ze-sznurkiem-vergionic-na-tyczke","status":"publish","type":"product","link":"https:\/\/racom.com.pl\/index.php\/produkt\/sekator-tyczkowy-zyrafa-do-galezi-ze-sznurkiem-vergionic-na-tyczke\/","title":{"rendered":"Sekator tyczkowy \u017bYRAFA do ga\u0142\u0119zi ze sznurkiem VERGIONIC na tyczk\u0119"},"content":{"rendered":"<h2>Sekator tyczkowy \u017bYRAFA do ga\u0142\u0119zi ze sznurkiem VERGIONIC na tyczk\u0119 40mm<\/h2>\n<h2>Sekator tyczkowy do ga\u0142\u0119zi ze sznurkiem<\/h2>\n<p><b>Sekator tyczkowy<\/b> to narz\u0119dzie u\u0142atwiaj\u0105ce prace w ogrodzie. S\u0142u\u017cy do obcinania ga\u0142\u0119zi drzew i krzew\u00f3w. Dzi\u0119ki specjalnej r\u0105czce, mo\u017cna umie\u015bci\u0107 go na d\u0142ugiej, teleskopowej tyczce. Dzi\u0119ki niej, sekator z \u0142atwo\u015bci\u0105 dostanie si\u0119 do nawet najtrudniej dost\u0119pnych ga\u0142\u0119zi na wysoko\u015bciach. No\u017cyce wykonane s\u0105 wysokiej jako\u015bci stali. Sekator dzia\u0142a poprzez poci\u0105ganie linki. Linka zosta\u0142a do\u0142\u0105czona do zestawu. Sekator umo\u017cliwia obcinanie ga\u0142\u0119zi o maksymalnej grubo\u015bci 30 mm.<\/p>\n<p><b>Sekator<\/b> charakteryzuje si\u0119:<\/p>\n<ul>\n<li>Solidnym wykonaniem z najwy\u017cszej jako\u015bci stali<\/li>\n<li>Prost\u0105 konstrukcj\u0105<\/li>\n<li>Mo\u017cliwo\u015bci\u0105 obcinania ga\u0142\u0119zi o maksymalnej grubo\u015bci 30 mm<\/li>\n<li>R\u0105czk\u0105, kt\u00f3ra umo\u017cliwia mocowanie sekatora na tyczce<\/li>\n<li>Dzia\u0142aniem na wysoko\u015bciach, w trudno dost\u0119pnych miejscach, dzi\u0119ki d\u0142ugiej lince do poci\u0105gania<\/li>\n<\/ul>\n<p><b>*Zestaw nie zawiera tyczki\/kijka.<\/b><\/p>\n<p><b>Specyfikacja:<\/b><\/p>\n<ul>\n<li>Waga: 0,4 kg<\/li>\n<li>Szeroko\u015b\u0107 no\u017cyc: ok. 40 mm<\/li>\n<li>Materia\u0142: stal<\/li>\n<li>D\u0142ugo\u015b\u0107 liny: 1,2 m<\/li>\n<\/ul>\n","protected":false},"excerpt":{"rendered":"<p>Sekator tyczkowy \u017bYRAFA do ga\u0142\u0119zi ze sznurkiem VERGIONIC na tyczk\u0119 40mm Sekator tyczkowy do ga\u0142\u0119zi ze sznurkiem Sekator tyczkowy to narz\u0119dzie u\u0142atwiaj\u0105ce prace w ogrodzie. S\u0142u\u017cy do obcinania ga\u0142\u0119zi drzew i krzew\u00f3w. Dzi\u0119ki specjalnej r\u0105czce, mo\u017cna umie\u015bci\u0107 go na d\u0142ugiej, teleskopowej tyczce. Dzi\u0119ki niej, sekator z \u0142atwo\u015bci\u0105 dostanie si\u0119 do nawet najtrudniej dost\u0119pnych ga\u0142\u0119zi na [&hellip;]<\/p>\n","protected":false},"featured_media":3364,"comment_status":"open","ping_status":"closed","template":"","meta":[],"product_brand":[84],"product_cat":[231],"product_tag":[],"class_list":{"0":"post-3356","1":"product","2":"type-product","3":"status-publish","4":"has-post-thumbnail","6":"product_brand-vergionic","7":"product_cat-narzedzia-ogrodnicze","9":"first","10":"outofstock","11":"taxable","12":"shipping-taxable","13":"purchasable","14":"product-type-simple"},"yoast_head":"<!-- This site is optimized with the Yoast SEO plugin v27.3 - https:\/\/yoast.com\/product\/yoast-seo-wordpress\/ -->\n<title>Sekator tyczkowy \u017bYRAFA do ga\u0142\u0119zi ze sznurkiem VERGIONIC na tyczk\u0119 - Mix Market - Supermarket z wszystkim co potrzeba<\/title>\n<meta name=\"robots\" content=\"index, follow, max-snippet:-1, max-image-preview:large, max-video-preview:-1\" \/>\n<link rel=\"canonical\" href=\"https:\/\/racom.com.pl\/index.php\/produkt\/sekator-tyczkowy-zyrafa-do-galezi-ze-sznurkiem-vergionic-na-tyczke\/\" \/>\n<meta property=\"og:locale\" content=\"pl_PL\" \/>\n<meta property=\"og:type\" content=\"article\" \/>\n<meta property=\"og:title\" content=\"Sekator tyczkowy \u017bYRAFA do ga\u0142\u0119zi ze sznurkiem VERGIONIC na tyczk\u0119 - Mix Market - Supermarket z wszystkim co potrzeba\" \/>\n<meta property=\"og:description\" content=\"Sekator tyczkowy \u017bYRAFA do ga\u0142\u0119zi ze sznurkiem VERGIONIC na tyczk\u0119 40mm Sekator tyczkowy do ga\u0142\u0119zi ze sznurkiem Sekator tyczkowy to narz\u0119dzie u\u0142atwiaj\u0105ce prace w ogrodzie. S\u0142u\u017cy do obcinania ga\u0142\u0119zi drzew i krzew\u00f3w. Dzi\u0119ki specjalnej r\u0105czce, mo\u017cna umie\u015bci\u0107 go na d\u0142ugiej, teleskopowej tyczce. Dzi\u0119ki niej, sekator z \u0142atwo\u015bci\u0105 dostanie si\u0119 do nawet najtrudniej dost\u0119pnych ga\u0142\u0119zi na [&hellip;]\" \/>\n<meta property=\"og:url\" content=\"https:\/\/racom.com.pl\/index.php\/produkt\/sekator-tyczkowy-zyrafa-do-galezi-ze-sznurkiem-vergionic-na-tyczke\/\" \/>\n<meta property=\"og:site_name\" content=\"Mix Market - Supermarket z wszystkim co potrzeba\" \/>\n<meta property=\"og:image\" content=\"https:\/\/racom.com.pl\/wp-content\/uploads\/2025\/07\/allegro_687c0cb144f925.53645729_a0f74d194e35943a5caf7e5db688.jpg\" \/>\n\t<meta property=\"og:image:width\" content=\"2560\" \/>\n\t<meta property=\"og:image:height\" content=\"2560\" \/>\n\t<meta property=\"og:image:type\" content=\"image\/jpeg\" \/>\n<meta name=\"twitter:card\" content=\"summary_large_image\" \/>\n<meta name=\"twitter:label1\" content=\"Szacowany czas czytania\" \/>\n\t<meta name=\"twitter:data1\" content=\"1 minuta\" \/>\n<script type=\"application\/ld+json\" class=\"yoast-schema-graph\">{\"@context\":\"https:\\\/\\\/schema.org\",\"@graph\":[{\"@type\":\"WebPage\",\"@id\":\"https:\\\/\\\/racom.com.pl\\\/index.php\\\/produkt\\\/sekator-tyczkowy-zyrafa-do-galezi-ze-sznurkiem-vergionic-na-tyczke\\\/\",\"url\":\"https:\\\/\\\/racom.com.pl\\\/index.php\\\/produkt\\\/sekator-tyczkowy-zyrafa-do-galezi-ze-sznurkiem-vergionic-na-tyczke\\\/\",\"name\":\"Sekator tyczkowy \u017bYRAFA do ga\u0142\u0119zi ze sznurkiem VERGIONIC na tyczk\u0119 - Mix Market - Supermarket z wszystkim co potrzeba\",\"isPartOf\":{\"@id\":\"https:\\\/\\\/racom.com.pl\\\/#website\"},\"primaryImageOfPage\":{\"@id\":\"https:\\\/\\\/racom.com.pl\\\/index.php\\\/produkt\\\/sekator-tyczkowy-zyrafa-do-galezi-ze-sznurkiem-vergionic-na-tyczke\\\/#primaryimage\"},\"image\":{\"@id\":\"https:\\\/\\\/racom.com.pl\\\/index.php\\\/produkt\\\/sekator-tyczkowy-zyrafa-do-galezi-ze-sznurkiem-vergionic-na-tyczke\\\/#primaryimage\"},\"thumbnailUrl\":\"https:\\\/\\\/racom.com.pl\\\/wp-content\\\/uploads\\\/2025\\\/07\\\/allegro_687c0cb144f925.53645729_a0f74d194e35943a5caf7e5db688.jpg\",\"datePublished\":\"2025-07-19T21:21:47+00:00\",\"breadcrumb\":{\"@id\":\"https:\\\/\\\/racom.com.pl\\\/index.php\\\/produkt\\\/sekator-tyczkowy-zyrafa-do-galezi-ze-sznurkiem-vergionic-na-tyczke\\\/#breadcrumb\"},\"inLanguage\":\"pl-PL\",\"potentialAction\":[{\"@type\":\"ReadAction\",\"target\":[\"https:\\\/\\\/racom.com.pl\\\/index.php\\\/produkt\\\/sekator-tyczkowy-zyrafa-do-galezi-ze-sznurkiem-vergionic-na-tyczke\\\/\"]}]},{\"@type\":\"ImageObject\",\"inLanguage\":\"pl-PL\",\"@id\":\"https:\\\/\\\/racom.com.pl\\\/index.php\\\/produkt\\\/sekator-tyczkowy-zyrafa-do-galezi-ze-sznurkiem-vergionic-na-tyczke\\\/#primaryimage\",\"url\":\"https:\\\/\\\/racom.com.pl\\\/wp-content\\\/uploads\\\/2025\\\/07\\\/allegro_687c0cb144f925.53645729_a0f74d194e35943a5caf7e5db688.jpg\",\"contentUrl\":\"https:\\\/\\\/racom.com.pl\\\/wp-content\\\/uploads\\\/2025\\\/07\\\/allegro_687c0cb144f925.53645729_a0f74d194e35943a5caf7e5db688.jpg\",\"width\":2560,\"height\":2560},{\"@type\":\"BreadcrumbList\",\"@id\":\"https:\\\/\\\/racom.com.pl\\\/index.php\\\/produkt\\\/sekator-tyczkowy-zyrafa-do-galezi-ze-sznurkiem-vergionic-na-tyczke\\\/#breadcrumb\",\"itemListElement\":[{\"@type\":\"ListItem\",\"position\":1,\"name\":\"Strona g\u0142\u00f3wna\",\"item\":\"https:\\\/\\\/racom.com.pl\\\/\"},{\"@type\":\"ListItem\",\"position\":2,\"name\":\"Sklep\",\"item\":\"https:\\\/\\\/racom.com.pl\\\/\"},{\"@type\":\"ListItem\",\"position\":3,\"name\":\"Sekator tyczkowy \u017bYRAFA do ga\u0142\u0119zi ze sznurkiem VERGIONIC na tyczk\u0119\"}]},{\"@type\":\"WebSite\",\"@id\":\"https:\\\/\\\/racom.com.pl\\\/#website\",\"url\":\"https:\\\/\\\/racom.com.pl\\\/\",\"name\":\"Mix Market - Supermarket z wszystkim co potrzeba do domu i nie tylko\",\"description\":\"\",\"publisher\":{\"@id\":\"https:\\\/\\\/racom.com.pl\\\/#organization\"},\"potentialAction\":[{\"@type\":\"SearchAction\",\"target\":{\"@type\":\"EntryPoint\",\"urlTemplate\":\"https:\\\/\\\/racom.com.pl\\\/?s={search_term_string}\"},\"query-input\":{\"@type\":\"PropertyValueSpecification\",\"valueRequired\":true,\"valueName\":\"search_term_string\"}}],\"inLanguage\":\"pl-PL\"},{\"@type\":\"Organization\",\"@id\":\"https:\\\/\\\/racom.com.pl\\\/#organization\",\"name\":\"Mix Market - Supermarket z wszystkim co potrzeba do domu i nie tylko\",\"url\":\"https:\\\/\\\/racom.com.pl\\\/\",\"logo\":{\"@type\":\"ImageObject\",\"inLanguage\":\"pl-PL\",\"@id\":\"https:\\\/\\\/racom.com.pl\\\/#\\\/schema\\\/logo\\\/image\\\/\",\"url\":\"https:\\\/\\\/racom.com.pl\\\/wp-content\\\/uploads\\\/2025\\\/07\\\/mixmarket_logo.png\",\"contentUrl\":\"https:\\\/\\\/racom.com.pl\\\/wp-content\\\/uploads\\\/2025\\\/07\\\/mixmarket_logo.png\",\"width\":1024,\"height\":1024,\"caption\":\"Mix Market - Supermarket z wszystkim co potrzeba do domu i nie tylko\"},\"image\":{\"@id\":\"https:\\\/\\\/racom.com.pl\\\/#\\\/schema\\\/logo\\\/image\\\/\"}}]}<\/script>\n<!-- \/ Yoast SEO plugin. -->","yoast_head_json":{"title":"Sekator tyczkowy \u017bYRAFA do ga\u0142\u0119zi ze sznurkiem VERGIONIC na tyczk\u0119 - Mix Market - Supermarket z wszystkim co potrzeba","robots":{"index":"index","follow":"follow","max-snippet":"max-snippet:-1","max-image-preview":"max-image-preview:large","max-video-preview":"max-video-preview:-1"},"canonical":"https:\/\/racom.com.pl\/index.php\/produkt\/sekator-tyczkowy-zyrafa-do-galezi-ze-sznurkiem-vergionic-na-tyczke\/","og_locale":"pl_PL","og_type":"article","og_title":"Sekator tyczkowy \u017bYRAFA do ga\u0142\u0119zi ze sznurkiem VERGIONIC na tyczk\u0119 - Mix Market - Supermarket z wszystkim co potrzeba","og_description":"Sekator tyczkowy \u017bYRAFA do ga\u0142\u0119zi ze sznurkiem VERGIONIC na tyczk\u0119 40mm Sekator tyczkowy do ga\u0142\u0119zi ze sznurkiem Sekator tyczkowy to narz\u0119dzie u\u0142atwiaj\u0105ce prace w ogrodzie. S\u0142u\u017cy do obcinania ga\u0142\u0119zi drzew i krzew\u00f3w. Dzi\u0119ki specjalnej r\u0105czce, mo\u017cna umie\u015bci\u0107 go na d\u0142ugiej, teleskopowej tyczce. Dzi\u0119ki niej, sekator z \u0142atwo\u015bci\u0105 dostanie si\u0119 do nawet najtrudniej dost\u0119pnych ga\u0142\u0119zi na [&hellip;]","og_url":"https:\/\/racom.com.pl\/index.php\/produkt\/sekator-tyczkowy-zyrafa-do-galezi-ze-sznurkiem-vergionic-na-tyczke\/","og_site_name":"Mix Market - Supermarket z wszystkim co potrzeba","og_image":[{"width":2560,"height":2560,"url":"https:\/\/racom.com.pl\/wp-content\/uploads\/2025\/07\/allegro_687c0cb144f925.53645729_a0f74d194e35943a5caf7e5db688.jpg","type":"image\/jpeg"}],"twitter_card":"summary_large_image","twitter_misc":{"Szacowany czas czytania":"1 minuta"},"schema":{"@context":"https:\/\/schema.org","@graph":[{"@type":"WebPage","@id":"https:\/\/racom.com.pl\/index.php\/produkt\/sekator-tyczkowy-zyrafa-do-galezi-ze-sznurkiem-vergionic-na-tyczke\/","url":"https:\/\/racom.com.pl\/index.php\/produkt\/sekator-tyczkowy-zyrafa-do-galezi-ze-sznurkiem-vergionic-na-tyczke\/","name":"Sekator tyczkowy \u017bYRAFA do ga\u0142\u0119zi ze sznurkiem VERGIONIC na tyczk\u0119 - Mix Market - Supermarket z wszystkim co potrzeba","isPartOf":{"@id":"https:\/\/racom.com.pl\/#website"},"primaryImageOfPage":{"@id":"https:\/\/racom.com.pl\/index.php\/produkt\/sekator-tyczkowy-zyrafa-do-galezi-ze-sznurkiem-vergionic-na-tyczke\/#primaryimage"},"image":{"@id":"https:\/\/racom.com.pl\/index.php\/produkt\/sekator-tyczkowy-zyrafa-do-galezi-ze-sznurkiem-vergionic-na-tyczke\/#primaryimage"},"thumbnailUrl":"https:\/\/racom.com.pl\/wp-content\/uploads\/2025\/07\/allegro_687c0cb144f925.53645729_a0f74d194e35943a5caf7e5db688.jpg","datePublished":"2025-07-19T21:21:47+00:00","breadcrumb":{"@id":"https:\/\/racom.com.pl\/index.php\/produkt\/sekator-tyczkowy-zyrafa-do-galezi-ze-sznurkiem-vergionic-na-tyczke\/#breadcrumb"},"inLanguage":"pl-PL","potentialAction":[{"@type":"ReadAction","target":["https:\/\/racom.com.pl\/index.php\/produkt\/sekator-tyczkowy-zyrafa-do-galezi-ze-sznurkiem-vergionic-na-tyczke\/"]}]},{"@type":"ImageObject","inLanguage":"pl-PL","@id":"https:\/\/racom.com.pl\/index.php\/produkt\/sekator-tyczkowy-zyrafa-do-galezi-ze-sznurkiem-vergionic-na-tyczke\/#primaryimage","url":"https:\/\/racom.com.pl\/wp-content\/uploads\/2025\/07\/allegro_687c0cb144f925.53645729_a0f74d194e35943a5caf7e5db688.jpg","contentUrl":"https:\/\/racom.com.pl\/wp-content\/uploads\/2025\/07\/allegro_687c0cb144f925.53645729_a0f74d194e35943a5caf7e5db688.jpg","width":2560,"height":2560},{"@type":"BreadcrumbList","@id":"https:\/\/racom.com.pl\/index.php\/produkt\/sekator-tyczkowy-zyrafa-do-galezi-ze-sznurkiem-vergionic-na-tyczke\/#breadcrumb","itemListElement":[{"@type":"ListItem","position":1,"name":"Strona g\u0142\u00f3wna","item":"https:\/\/racom.com.pl\/"},{"@type":"ListItem","position":2,"name":"Sklep","item":"https:\/\/racom.com.pl\/"},{"@type":"ListItem","position":3,"name":"Sekator tyczkowy \u017bYRAFA do ga\u0142\u0119zi ze sznurkiem VERGIONIC na tyczk\u0119"}]},{"@type":"WebSite","@id":"https:\/\/racom.com.pl\/#website","url":"https:\/\/racom.com.pl\/","name":"Mix Market - Supermarket z wszystkim co potrzeba do domu i nie tylko","description":"","publisher":{"@id":"https:\/\/racom.com.pl\/#organization"},"potentialAction":[{"@type":"SearchAction","target":{"@type":"EntryPoint","urlTemplate":"https:\/\/racom.com.pl\/?s={search_term_string}"},"query-input":{"@type":"PropertyValueSpecification","valueRequired":true,"valueName":"search_term_string"}}],"inLanguage":"pl-PL"},{"@type":"Organization","@id":"https:\/\/racom.com.pl\/#organization","name":"Mix Market - Supermarket z wszystkim co potrzeba do domu i nie tylko","url":"https:\/\/racom.com.pl\/","logo":{"@type":"ImageObject","inLanguage":"pl-PL","@id":"https:\/\/racom.com.pl\/#\/schema\/logo\/image\/","url":"https:\/\/racom.com.pl\/wp-content\/uploads\/2025\/07\/mixmarket_logo.png","contentUrl":"https:\/\/racom.com.pl\/wp-content\/uploads\/2025\/07\/mixmarket_logo.png","width":1024,"height":1024,"caption":"Mix Market - Supermarket z wszystkim co potrzeba do domu i nie tylko"},"image":{"@id":"https:\/\/racom.com.pl\/#\/schema\/logo\/image\/"}}]}},"_links":{"self":[{"href":"https:\/\/racom.com.pl\/index.php\/wp-json\/wp\/v2\/product\/3356","targetHints":{"allow":["GET"]}}],"collection":[{"href":"https:\/\/racom.com.pl\/index.php\/wp-json\/wp\/v2\/product"}],"about":[{"href":"https:\/\/racom.com.pl\/index.php\/wp-json\/wp\/v2\/types\/product"}],"replies":[{"embeddable":true,"href":"https:\/\/racom.com.pl\/index.php\/wp-json\/wp\/v2\/comments?post=3356"}],"wp:featuredmedia":[{"embeddable":true,"href":"https:\/\/racom.com.pl\/index.php\/wp-json\/wp\/v2\/media\/3364"}],"wp:attachment":[{"href":"https:\/\/racom.com.pl\/index.php\/wp-json\/wp\/v2\/media?parent=3356"}],"wp:term":[{"taxonomy":"product_brand","embeddable":true,"href":"https:\/\/racom.com.pl\/index.php\/wp-json\/wp\/v2\/product_brand?post=3356"},{"taxonomy":"product_cat","embeddable":true,"href":"https:\/\/racom.com.pl\/index.php\/wp-json\/wp\/v2\/product_cat?post=3356"},{"taxonomy":"product_tag","embeddable":true,"href":"https:\/\/racom.com.pl\/index.php\/wp-json\/wp\/v2\/product_tag?post=3356"}],"curies":[{"name":"wp","href":"https:\/\/api.w.org\/{rel}","templated":true}]}}