{"id":3365,"date":"2025-07-19T23:23:11","date_gmt":"2025-07-19T21:23:11","guid":{"rendered":"http:\/\/192.168.2.106\/index.php\/produkt\/wiertla-gwintujace-hss-m3-m4-m5-m6-m8-m10-6-szt-vergionic-gwintowniki\/"},"modified":"2025-07-19T23:23:11","modified_gmt":"2025-07-19T21:23:11","slug":"wiertla-gwintujace-hss-m3-m4-m5-m6-m8-m10-6-szt-vergionic-gwintowniki","status":"publish","type":"product","link":"https:\/\/racom.com.pl\/index.php\/produkt\/wiertla-gwintujace-hss-m3-m4-m5-m6-m8-m10-6-szt-vergionic-gwintowniki\/","title":{"rendered":"Wiert\u0142a gwintuj\u0105ce HSS M3 M4 M5 M6 M8 M10 6 szt. VERGIONIC GWINTOWNIKI"},"content":{"rendered":"<h2>WIERT\u0141A GWINTUJ\u0104CE 6 SZT. HSS M3 &#8211; M10 GWINTOWNIKI<\/h2>\n<p>Zestaw wierte\u0142 gwintuj\u0105cych to <b>niezb\u0119dny sprz\u0119t<\/b> dla ka\u017cdego majsterkowicza czy profesjonalisty. Umo\u017cliwia wytwarzanie gwint\u00f3w w metalowych materia\u0142ach, <b>takich jak aluminium, mosi\u0105dz, mied\u017a, stopy metali, a tak\u017ce w drewnie, czy tworzywie sztucznym.<\/b><\/p>\n<p>Gwintowanie to proces wytwarzania<b> rowk\u00f3w spiralnych w otworach<\/b>, kt\u00f3re pozwalaj\u0105 na dokr\u0119cenie \u015bruby lub nakr\u0119tki. Wiert\u0142a gwintuj\u0105ce s\u0105 bardzo precyzyjne i musz\u0105 by\u0107 u\u017cywane z odpowiedni\u0105 ostro\u017cno\u015bci\u0105 .<\/p>\n<p>Zestaw sk\u0142ada si\u0119 z 6 wierte\u0142 o r\u00f3\u017cnych rozmiarach o<b>d M3 do M10<\/b>. Ka\u017cdy gwintownik jest <b>wykonany z hartowanej stali szybkotn\u0105cej HSS,<\/b> co gwarantuje ich <b>wysok\u0105 trwa\u0142o\u015b\u0107 i wytrzyma\u0142o\u015b\u0107.<\/b><\/p>\n<p>Wiert\u0142a s\u0105 wyposa\u017cone w specjalne \u017c\u0142obienia, kt\u00f3re u\u0142atwiaj\u0105 usuwanie od\u0142amk\u00f3w i wi\u00f3r\u00f3w z otworu po wykonaniu gwintu. Wszystkie wiert\u0142a maj\u0105 standardowy uchwyt 1\/4\u2019\u2019, co u\u0142atwia ich u\u017cycie z wi\u0119kszo\u015bci\u0105 urz\u0105dze\u0144 wierc\u0105cych \u2013 wiertarkami, wiertarko-wkr\u0119tarkami i wkr\u0119tarkami.<\/p>\n<p>Zestaw jest<b> spakowany w por\u0119czne opakowanie,<\/b> kt\u00f3re pozwala na \u0142atwe przechowywanie i transport.<\/p>\n<ul>\n<li>M3 x 0,5 mm \u2013 67 mm<\/li>\n<li>M4 x 0,7 mm \u2013 67 mm<\/li>\n<li>M5 x 0,8 mm \u2013 68 mm<\/li>\n<li>M6 x 1,0 mm \u2013 69 mm<\/li>\n<li>M8 x 1,25 mm \u2013 70 mm<\/li>\n<li>M10 x 1,5 mm \u2013 71 mm<\/li>\n<\/ul>\n<p><b>Specyfikacja:<\/b><\/p>\n<ul>\n<li>Uchwyt: 1\/4\u2019\u2019 6,35 mm<\/li>\n<li>Materia\u0142: stal szybkotn\u0105ca HSS<\/li>\n<li>W opakowaniu: 6 szt.<\/li>\n<\/ul>\n","protected":false},"excerpt":{"rendered":"<p>WIERT\u0141A GWINTUJ\u0104CE 6 SZT. HSS M3 &#8211; M10 GWINTOWNIKI Zestaw wierte\u0142 gwintuj\u0105cych to niezb\u0119dny sprz\u0119t dla ka\u017cdego majsterkowicza czy profesjonalisty. Umo\u017cliwia wytwarzanie gwint\u00f3w w metalowych materia\u0142ach, takich jak aluminium, mosi\u0105dz, mied\u017a, stopy metali, a tak\u017ce w drewnie, czy tworzywie sztucznym. Gwintowanie to proces wytwarzania rowk\u00f3w spiralnych w otworach, kt\u00f3re pozwalaj\u0105 na dokr\u0119cenie \u015bruby lub nakr\u0119tki. [&hellip;]<\/p>\n","protected":false},"featured_media":3378,"comment_status":"open","ping_status":"closed","template":"","meta":[],"product_brand":[84],"product_cat":[221],"product_tag":[],"class_list":{"0":"post-3365","1":"product","2":"type-product","3":"status-publish","4":"has-post-thumbnail","6":"product_brand-vergionic","7":"product_cat-osprzet-do-elektronarzedzi","9":"first","10":"instock","11":"taxable","12":"shipping-taxable","13":"purchasable","14":"product-type-simple"},"yoast_head":"<!-- This site is optimized with the Yoast SEO plugin v27.3 - https:\/\/yoast.com\/product\/yoast-seo-wordpress\/ -->\n<title>Wiert\u0142a gwintuj\u0105ce HSS M3 M4 M5 M6 M8 M10 6 szt. VERGIONIC GWINTOWNIKI - Mix Market - Supermarket z wszystkim co potrzeba<\/title>\n<meta name=\"robots\" content=\"index, follow, max-snippet:-1, max-image-preview:large, max-video-preview:-1\" \/>\n<link rel=\"canonical\" href=\"https:\/\/racom.com.pl\/index.php\/produkt\/wiertla-gwintujace-hss-m3-m4-m5-m6-m8-m10-6-szt-vergionic-gwintowniki\/\" \/>\n<meta property=\"og:locale\" content=\"pl_PL\" \/>\n<meta property=\"og:type\" content=\"article\" \/>\n<meta property=\"og:title\" content=\"Wiert\u0142a gwintuj\u0105ce HSS M3 M4 M5 M6 M8 M10 6 szt. VERGIONIC GWINTOWNIKI - Mix Market - Supermarket z wszystkim co potrzeba\" \/>\n<meta property=\"og:description\" content=\"WIERT\u0141A GWINTUJ\u0104CE 6 SZT. HSS M3 &#8211; M10 GWINTOWNIKI Zestaw wierte\u0142 gwintuj\u0105cych to niezb\u0119dny sprz\u0119t dla ka\u017cdego majsterkowicza czy profesjonalisty. Umo\u017cliwia wytwarzanie gwint\u00f3w w metalowych materia\u0142ach, takich jak aluminium, mosi\u0105dz, mied\u017a, stopy metali, a tak\u017ce w drewnie, czy tworzywie sztucznym. Gwintowanie to proces wytwarzania rowk\u00f3w spiralnych w otworach, kt\u00f3re pozwalaj\u0105 na dokr\u0119cenie \u015bruby lub nakr\u0119tki. [&hellip;]\" \/>\n<meta property=\"og:url\" content=\"https:\/\/racom.com.pl\/index.php\/produkt\/wiertla-gwintujace-hss-m3-m4-m5-m6-m8-m10-6-szt-vergionic-gwintowniki\/\" \/>\n<meta property=\"og:site_name\" content=\"Mix Market - Supermarket z wszystkim co potrzeba\" \/>\n<meta property=\"og:image\" content=\"https:\/\/racom.com.pl\/wp-content\/uploads\/2025\/07\/allegro_687c0d68410391.64773865_5e76564d434e980ab58810917a5b.jpg\" \/>\n\t<meta property=\"og:image:width\" content=\"2560\" \/>\n\t<meta property=\"og:image:height\" content=\"2560\" \/>\n\t<meta property=\"og:image:type\" content=\"image\/jpeg\" \/>\n<meta name=\"twitter:card\" content=\"summary_large_image\" \/>\n<meta name=\"twitter:label1\" content=\"Szacowany czas czytania\" \/>\n\t<meta name=\"twitter:data1\" content=\"1 minuta\" \/>\n<script type=\"application\/ld+json\" class=\"yoast-schema-graph\">{\"@context\":\"https:\\\/\\\/schema.org\",\"@graph\":[{\"@type\":\"WebPage\",\"@id\":\"https:\\\/\\\/racom.com.pl\\\/index.php\\\/produkt\\\/wiertla-gwintujace-hss-m3-m4-m5-m6-m8-m10-6-szt-vergionic-gwintowniki\\\/\",\"url\":\"https:\\\/\\\/racom.com.pl\\\/index.php\\\/produkt\\\/wiertla-gwintujace-hss-m3-m4-m5-m6-m8-m10-6-szt-vergionic-gwintowniki\\\/\",\"name\":\"Wiert\u0142a gwintuj\u0105ce HSS M3 M4 M5 M6 M8 M10 6 szt. VERGIONIC GWINTOWNIKI - Mix Market - Supermarket z wszystkim co potrzeba\",\"isPartOf\":{\"@id\":\"https:\\\/\\\/racom.com.pl\\\/#website\"},\"primaryImageOfPage\":{\"@id\":\"https:\\\/\\\/racom.com.pl\\\/index.php\\\/produkt\\\/wiertla-gwintujace-hss-m3-m4-m5-m6-m8-m10-6-szt-vergionic-gwintowniki\\\/#primaryimage\"},\"image\":{\"@id\":\"https:\\\/\\\/racom.com.pl\\\/index.php\\\/produkt\\\/wiertla-gwintujace-hss-m3-m4-m5-m6-m8-m10-6-szt-vergionic-gwintowniki\\\/#primaryimage\"},\"thumbnailUrl\":\"https:\\\/\\\/racom.com.pl\\\/wp-content\\\/uploads\\\/2025\\\/07\\\/allegro_687c0d68410391.64773865_5e76564d434e980ab58810917a5b.jpg\",\"datePublished\":\"2025-07-19T21:23:11+00:00\",\"breadcrumb\":{\"@id\":\"https:\\\/\\\/racom.com.pl\\\/index.php\\\/produkt\\\/wiertla-gwintujace-hss-m3-m4-m5-m6-m8-m10-6-szt-vergionic-gwintowniki\\\/#breadcrumb\"},\"inLanguage\":\"pl-PL\",\"potentialAction\":[{\"@type\":\"ReadAction\",\"target\":[\"https:\\\/\\\/racom.com.pl\\\/index.php\\\/produkt\\\/wiertla-gwintujace-hss-m3-m4-m5-m6-m8-m10-6-szt-vergionic-gwintowniki\\\/\"]}]},{\"@type\":\"ImageObject\",\"inLanguage\":\"pl-PL\",\"@id\":\"https:\\\/\\\/racom.com.pl\\\/index.php\\\/produkt\\\/wiertla-gwintujace-hss-m3-m4-m5-m6-m8-m10-6-szt-vergionic-gwintowniki\\\/#primaryimage\",\"url\":\"https:\\\/\\\/racom.com.pl\\\/wp-content\\\/uploads\\\/2025\\\/07\\\/allegro_687c0d68410391.64773865_5e76564d434e980ab58810917a5b.jpg\",\"contentUrl\":\"https:\\\/\\\/racom.com.pl\\\/wp-content\\\/uploads\\\/2025\\\/07\\\/allegro_687c0d68410391.64773865_5e76564d434e980ab58810917a5b.jpg\",\"width\":2560,\"height\":2560},{\"@type\":\"BreadcrumbList\",\"@id\":\"https:\\\/\\\/racom.com.pl\\\/index.php\\\/produkt\\\/wiertla-gwintujace-hss-m3-m4-m5-m6-m8-m10-6-szt-vergionic-gwintowniki\\\/#breadcrumb\",\"itemListElement\":[{\"@type\":\"ListItem\",\"position\":1,\"name\":\"Strona g\u0142\u00f3wna\",\"item\":\"https:\\\/\\\/racom.com.pl\\\/\"},{\"@type\":\"ListItem\",\"position\":2,\"name\":\"Sklep\",\"item\":\"https:\\\/\\\/racom.com.pl\\\/\"},{\"@type\":\"ListItem\",\"position\":3,\"name\":\"Wiert\u0142a gwintuj\u0105ce HSS M3 M4 M5 M6 M8 M10 6 szt. VERGIONIC GWINTOWNIKI\"}]},{\"@type\":\"WebSite\",\"@id\":\"https:\\\/\\\/racom.com.pl\\\/#website\",\"url\":\"https:\\\/\\\/racom.com.pl\\\/\",\"name\":\"Mix Market - Supermarket z wszystkim co potrzeba do domu i nie tylko\",\"description\":\"\",\"publisher\":{\"@id\":\"https:\\\/\\\/racom.com.pl\\\/#organization\"},\"potentialAction\":[{\"@type\":\"SearchAction\",\"target\":{\"@type\":\"EntryPoint\",\"urlTemplate\":\"https:\\\/\\\/racom.com.pl\\\/?s={search_term_string}\"},\"query-input\":{\"@type\":\"PropertyValueSpecification\",\"valueRequired\":true,\"valueName\":\"search_term_string\"}}],\"inLanguage\":\"pl-PL\"},{\"@type\":\"Organization\",\"@id\":\"https:\\\/\\\/racom.com.pl\\\/#organization\",\"name\":\"Mix Market - Supermarket z wszystkim co potrzeba do domu i nie tylko\",\"url\":\"https:\\\/\\\/racom.com.pl\\\/\",\"logo\":{\"@type\":\"ImageObject\",\"inLanguage\":\"pl-PL\",\"@id\":\"https:\\\/\\\/racom.com.pl\\\/#\\\/schema\\\/logo\\\/image\\\/\",\"url\":\"https:\\\/\\\/racom.com.pl\\\/wp-content\\\/uploads\\\/2025\\\/07\\\/mixmarket_logo.png\",\"contentUrl\":\"https:\\\/\\\/racom.com.pl\\\/wp-content\\\/uploads\\\/2025\\\/07\\\/mixmarket_logo.png\",\"width\":1024,\"height\":1024,\"caption\":\"Mix Market - Supermarket z wszystkim co potrzeba do domu i nie tylko\"},\"image\":{\"@id\":\"https:\\\/\\\/racom.com.pl\\\/#\\\/schema\\\/logo\\\/image\\\/\"}}]}<\/script>\n<!-- \/ Yoast SEO plugin. -->","yoast_head_json":{"title":"Wiert\u0142a gwintuj\u0105ce HSS M3 M4 M5 M6 M8 M10 6 szt. VERGIONIC GWINTOWNIKI - Mix Market - Supermarket z wszystkim co potrzeba","robots":{"index":"index","follow":"follow","max-snippet":"max-snippet:-1","max-image-preview":"max-image-preview:large","max-video-preview":"max-video-preview:-1"},"canonical":"https:\/\/racom.com.pl\/index.php\/produkt\/wiertla-gwintujace-hss-m3-m4-m5-m6-m8-m10-6-szt-vergionic-gwintowniki\/","og_locale":"pl_PL","og_type":"article","og_title":"Wiert\u0142a gwintuj\u0105ce HSS M3 M4 M5 M6 M8 M10 6 szt. VERGIONIC GWINTOWNIKI - Mix Market - Supermarket z wszystkim co potrzeba","og_description":"WIERT\u0141A GWINTUJ\u0104CE 6 SZT. HSS M3 &#8211; M10 GWINTOWNIKI Zestaw wierte\u0142 gwintuj\u0105cych to niezb\u0119dny sprz\u0119t dla ka\u017cdego majsterkowicza czy profesjonalisty. Umo\u017cliwia wytwarzanie gwint\u00f3w w metalowych materia\u0142ach, takich jak aluminium, mosi\u0105dz, mied\u017a, stopy metali, a tak\u017ce w drewnie, czy tworzywie sztucznym. Gwintowanie to proces wytwarzania rowk\u00f3w spiralnych w otworach, kt\u00f3re pozwalaj\u0105 na dokr\u0119cenie \u015bruby lub nakr\u0119tki. [&hellip;]","og_url":"https:\/\/racom.com.pl\/index.php\/produkt\/wiertla-gwintujace-hss-m3-m4-m5-m6-m8-m10-6-szt-vergionic-gwintowniki\/","og_site_name":"Mix Market - Supermarket z wszystkim co potrzeba","og_image":[{"width":2560,"height":2560,"url":"https:\/\/racom.com.pl\/wp-content\/uploads\/2025\/07\/allegro_687c0d68410391.64773865_5e76564d434e980ab58810917a5b.jpg","type":"image\/jpeg"}],"twitter_card":"summary_large_image","twitter_misc":{"Szacowany czas czytania":"1 minuta"},"schema":{"@context":"https:\/\/schema.org","@graph":[{"@type":"WebPage","@id":"https:\/\/racom.com.pl\/index.php\/produkt\/wiertla-gwintujace-hss-m3-m4-m5-m6-m8-m10-6-szt-vergionic-gwintowniki\/","url":"https:\/\/racom.com.pl\/index.php\/produkt\/wiertla-gwintujace-hss-m3-m4-m5-m6-m8-m10-6-szt-vergionic-gwintowniki\/","name":"Wiert\u0142a gwintuj\u0105ce HSS M3 M4 M5 M6 M8 M10 6 szt. VERGIONIC GWINTOWNIKI - Mix Market - Supermarket z wszystkim co potrzeba","isPartOf":{"@id":"https:\/\/racom.com.pl\/#website"},"primaryImageOfPage":{"@id":"https:\/\/racom.com.pl\/index.php\/produkt\/wiertla-gwintujace-hss-m3-m4-m5-m6-m8-m10-6-szt-vergionic-gwintowniki\/#primaryimage"},"image":{"@id":"https:\/\/racom.com.pl\/index.php\/produkt\/wiertla-gwintujace-hss-m3-m4-m5-m6-m8-m10-6-szt-vergionic-gwintowniki\/#primaryimage"},"thumbnailUrl":"https:\/\/racom.com.pl\/wp-content\/uploads\/2025\/07\/allegro_687c0d68410391.64773865_5e76564d434e980ab58810917a5b.jpg","datePublished":"2025-07-19T21:23:11+00:00","breadcrumb":{"@id":"https:\/\/racom.com.pl\/index.php\/produkt\/wiertla-gwintujace-hss-m3-m4-m5-m6-m8-m10-6-szt-vergionic-gwintowniki\/#breadcrumb"},"inLanguage":"pl-PL","potentialAction":[{"@type":"ReadAction","target":["https:\/\/racom.com.pl\/index.php\/produkt\/wiertla-gwintujace-hss-m3-m4-m5-m6-m8-m10-6-szt-vergionic-gwintowniki\/"]}]},{"@type":"ImageObject","inLanguage":"pl-PL","@id":"https:\/\/racom.com.pl\/index.php\/produkt\/wiertla-gwintujace-hss-m3-m4-m5-m6-m8-m10-6-szt-vergionic-gwintowniki\/#primaryimage","url":"https:\/\/racom.com.pl\/wp-content\/uploads\/2025\/07\/allegro_687c0d68410391.64773865_5e76564d434e980ab58810917a5b.jpg","contentUrl":"https:\/\/racom.com.pl\/wp-content\/uploads\/2025\/07\/allegro_687c0d68410391.64773865_5e76564d434e980ab58810917a5b.jpg","width":2560,"height":2560},{"@type":"BreadcrumbList","@id":"https:\/\/racom.com.pl\/index.php\/produkt\/wiertla-gwintujace-hss-m3-m4-m5-m6-m8-m10-6-szt-vergionic-gwintowniki\/#breadcrumb","itemListElement":[{"@type":"ListItem","position":1,"name":"Strona g\u0142\u00f3wna","item":"https:\/\/racom.com.pl\/"},{"@type":"ListItem","position":2,"name":"Sklep","item":"https:\/\/racom.com.pl\/"},{"@type":"ListItem","position":3,"name":"Wiert\u0142a gwintuj\u0105ce HSS M3 M4 M5 M6 M8 M10 6 szt. VERGIONIC GWINTOWNIKI"}]},{"@type":"WebSite","@id":"https:\/\/racom.com.pl\/#website","url":"https:\/\/racom.com.pl\/","name":"Mix Market - Supermarket z wszystkim co potrzeba do domu i nie tylko","description":"","publisher":{"@id":"https:\/\/racom.com.pl\/#organization"},"potentialAction":[{"@type":"SearchAction","target":{"@type":"EntryPoint","urlTemplate":"https:\/\/racom.com.pl\/?s={search_term_string}"},"query-input":{"@type":"PropertyValueSpecification","valueRequired":true,"valueName":"search_term_string"}}],"inLanguage":"pl-PL"},{"@type":"Organization","@id":"https:\/\/racom.com.pl\/#organization","name":"Mix Market - Supermarket z wszystkim co potrzeba do domu i nie tylko","url":"https:\/\/racom.com.pl\/","logo":{"@type":"ImageObject","inLanguage":"pl-PL","@id":"https:\/\/racom.com.pl\/#\/schema\/logo\/image\/","url":"https:\/\/racom.com.pl\/wp-content\/uploads\/2025\/07\/mixmarket_logo.png","contentUrl":"https:\/\/racom.com.pl\/wp-content\/uploads\/2025\/07\/mixmarket_logo.png","width":1024,"height":1024,"caption":"Mix Market - Supermarket z wszystkim co potrzeba do domu i nie tylko"},"image":{"@id":"https:\/\/racom.com.pl\/#\/schema\/logo\/image\/"}}]}},"_links":{"self":[{"href":"https:\/\/racom.com.pl\/index.php\/wp-json\/wp\/v2\/product\/3365","targetHints":{"allow":["GET"]}}],"collection":[{"href":"https:\/\/racom.com.pl\/index.php\/wp-json\/wp\/v2\/product"}],"about":[{"href":"https:\/\/racom.com.pl\/index.php\/wp-json\/wp\/v2\/types\/product"}],"replies":[{"embeddable":true,"href":"https:\/\/racom.com.pl\/index.php\/wp-json\/wp\/v2\/comments?post=3365"}],"wp:featuredmedia":[{"embeddable":true,"href":"https:\/\/racom.com.pl\/index.php\/wp-json\/wp\/v2\/media\/3378"}],"wp:attachment":[{"href":"https:\/\/racom.com.pl\/index.php\/wp-json\/wp\/v2\/media?parent=3365"}],"wp:term":[{"taxonomy":"product_brand","embeddable":true,"href":"https:\/\/racom.com.pl\/index.php\/wp-json\/wp\/v2\/product_brand?post=3365"},{"taxonomy":"product_cat","embeddable":true,"href":"https:\/\/racom.com.pl\/index.php\/wp-json\/wp\/v2\/product_cat?post=3365"},{"taxonomy":"product_tag","embeddable":true,"href":"https:\/\/racom.com.pl\/index.php\/wp-json\/wp\/v2\/product_tag?post=3365"}],"curies":[{"name":"wp","href":"https:\/\/api.w.org\/{rel}","templated":true}]}}