{"id":3379,"date":"2025-07-19T23:26:30","date_gmt":"2025-07-19T21:26:30","guid":{"rendered":"http:\/\/192.168.2.106\/index.php\/produkt\/przedluzenie-inteligentnej-tasmy-led-sonoff-l1-5050-rgb-2m\/"},"modified":"2025-07-19T23:26:30","modified_gmt":"2025-07-19T21:26:30","slug":"przedluzenie-inteligentnej-tasmy-led-sonoff-l1-5050-rgb-2m","status":"publish","type":"product","link":"https:\/\/racom.com.pl\/index.php\/produkt\/przedluzenie-inteligentnej-tasmy-led-sonoff-l1-5050-rgb-2m\/","title":{"rendered":"Przed\u0142u\u017cenie inteligentnej ta\u015bmy LED Sonoff L1 5050 RGB 2M"},"content":{"rendered":"<h2>SONOFF 5050 RGB 2M TA\u015aMA LED 2 METR\u00d3W (przed\u0142u\u017cenie do zestawu)<\/h2>\n<h2>Specyfikacja:<\/h2>\n<ul>\n<li>Model LED: 5050<\/li>\n<li>D\u0142ugo\u015b\u0107 \u017cycia: &gt;25000 godzin<\/li>\n<li>Napi\u0119cie wej\u015bciowe: 12 V DC<\/li>\n<li>Materia\u0142: FPCB<\/li>\n<li>Strumie\u0144 \u015bwietlny: \u2265300 lumen\u00f3w\/m<\/li>\n<li>Wodoodporny: IP65<\/li>\n<li>D\u0142ugo\u015b\u0107: 2 metry<\/li>\n<\/ul>\n<p>Diody umieszczone s\u0105 na bardzo mocnej dwustronnej ta\u015bmie. Szerokie zastosowanie oraz \u0142atwo\u015b\u0107 monta\u017cu pozwalaj\u0105 na praktycznie nie ograniczone zastosowanie. Miniaturowe wymiary pozwalaj\u0105 na umieszczenie ta\u015bmy w dowolnym miejscu, r\u00f3wnie\u017c bezpo\u015brednio na \u015bcianie. Mo\u017cna z niej wykona\u0107 efektowne pod\u015bwietlenia obiekt\u00f3w czy przedmiot\u00f3w. Ta\u015bma stosowana jest do bardzo wielu aran\u017cacji wn\u0119trz np. podwieszany sufit, wn\u0119ki, schody, meble itp. Dzi\u0119ki pokryciu specjalnym \u017celem \u015bwietnie nadaje si\u0119 do miejsc gdzie panuje wi\u0119ksza wilgotno\u015b\u0107.<\/p>\n","protected":false},"excerpt":{"rendered":"<p>SONOFF 5050 RGB 2M TA\u015aMA LED 2 METR\u00d3W (przed\u0142u\u017cenie do zestawu) Specyfikacja: Model LED: 5050 D\u0142ugo\u015b\u0107 \u017cycia: &gt;25000 godzin Napi\u0119cie wej\u015bciowe: 12 V DC Materia\u0142: FPCB Strumie\u0144 \u015bwietlny: \u2265300 lumen\u00f3w\/m Wodoodporny: IP65 D\u0142ugo\u015b\u0107: 2 metry Diody umieszczone s\u0105 na bardzo mocnej dwustronnej ta\u015bmie. Szerokie zastosowanie oraz \u0142atwo\u015b\u0107 monta\u017cu pozwalaj\u0105 na praktycznie nie ograniczone zastosowanie. Miniaturowe [&hellip;]<\/p>\n","protected":false},"featured_media":3388,"comment_status":"open","ping_status":"closed","template":"","meta":[],"product_brand":[233],"product_cat":[232],"product_tag":[],"class_list":{"0":"post-3379","1":"product","2":"type-product","3":"status-publish","4":"has-post-thumbnail","6":"product_brand-sonoff","7":"product_cat-oswietlenie-wewnetrzne","9":"first","10":"instock","11":"taxable","12":"shipping-taxable","13":"purchasable","14":"product-type-simple"},"yoast_head":"<!-- This site is optimized with the Yoast SEO plugin v27.3 - https:\/\/yoast.com\/product\/yoast-seo-wordpress\/ -->\n<title>Przed\u0142u\u017cenie inteligentnej ta\u015bmy LED Sonoff L1 5050 RGB 2M - Mix Market - Supermarket z wszystkim co potrzeba<\/title>\n<meta name=\"robots\" content=\"index, follow, max-snippet:-1, max-image-preview:large, max-video-preview:-1\" \/>\n<link rel=\"canonical\" href=\"https:\/\/racom.com.pl\/index.php\/produkt\/przedluzenie-inteligentnej-tasmy-led-sonoff-l1-5050-rgb-2m\/\" \/>\n<meta property=\"og:locale\" content=\"pl_PL\" \/>\n<meta property=\"og:type\" content=\"article\" \/>\n<meta property=\"og:title\" content=\"Przed\u0142u\u017cenie inteligentnej ta\u015bmy LED Sonoff L1 5050 RGB 2M - Mix Market - Supermarket z wszystkim co potrzeba\" \/>\n<meta property=\"og:description\" content=\"SONOFF 5050 RGB 2M TA\u015aMA LED 2 METR\u00d3W (przed\u0142u\u017cenie do zestawu) Specyfikacja: Model LED: 5050 D\u0142ugo\u015b\u0107 \u017cycia: &gt;25000 godzin Napi\u0119cie wej\u015bciowe: 12 V DC Materia\u0142: FPCB Strumie\u0144 \u015bwietlny: \u2265300 lumen\u00f3w\/m Wodoodporny: IP65 D\u0142ugo\u015b\u0107: 2 metry Diody umieszczone s\u0105 na bardzo mocnej dwustronnej ta\u015bmie. Szerokie zastosowanie oraz \u0142atwo\u015b\u0107 monta\u017cu pozwalaj\u0105 na praktycznie nie ograniczone zastosowanie. Miniaturowe [&hellip;]\" \/>\n<meta property=\"og:url\" content=\"https:\/\/racom.com.pl\/index.php\/produkt\/przedluzenie-inteligentnej-tasmy-led-sonoff-l1-5050-rgb-2m\/\" \/>\n<meta property=\"og:site_name\" content=\"Mix Market - Supermarket z wszystkim co potrzeba\" \/>\n<meta property=\"og:image\" content=\"https:\/\/racom.com.pl\/wp-content\/uploads\/2025\/07\/allegro_687c0e15c6ee49.01867502_b7f0099a485581e5a207ba73af98.jpg\" \/>\n\t<meta property=\"og:image:width\" content=\"1000\" \/>\n\t<meta property=\"og:image:height\" content=\"1000\" \/>\n\t<meta property=\"og:image:type\" content=\"image\/jpeg\" \/>\n<meta name=\"twitter:card\" content=\"summary_large_image\" \/>\n<meta name=\"twitter:label1\" content=\"Szacowany czas czytania\" \/>\n\t<meta name=\"twitter:data1\" content=\"1 minuta\" \/>\n<script type=\"application\/ld+json\" class=\"yoast-schema-graph\">{\"@context\":\"https:\\\/\\\/schema.org\",\"@graph\":[{\"@type\":\"WebPage\",\"@id\":\"https:\\\/\\\/racom.com.pl\\\/index.php\\\/produkt\\\/przedluzenie-inteligentnej-tasmy-led-sonoff-l1-5050-rgb-2m\\\/\",\"url\":\"https:\\\/\\\/racom.com.pl\\\/index.php\\\/produkt\\\/przedluzenie-inteligentnej-tasmy-led-sonoff-l1-5050-rgb-2m\\\/\",\"name\":\"Przed\u0142u\u017cenie inteligentnej ta\u015bmy LED Sonoff L1 5050 RGB 2M - Mix Market - Supermarket z wszystkim co potrzeba\",\"isPartOf\":{\"@id\":\"https:\\\/\\\/racom.com.pl\\\/#website\"},\"primaryImageOfPage\":{\"@id\":\"https:\\\/\\\/racom.com.pl\\\/index.php\\\/produkt\\\/przedluzenie-inteligentnej-tasmy-led-sonoff-l1-5050-rgb-2m\\\/#primaryimage\"},\"image\":{\"@id\":\"https:\\\/\\\/racom.com.pl\\\/index.php\\\/produkt\\\/przedluzenie-inteligentnej-tasmy-led-sonoff-l1-5050-rgb-2m\\\/#primaryimage\"},\"thumbnailUrl\":\"https:\\\/\\\/racom.com.pl\\\/wp-content\\\/uploads\\\/2025\\\/07\\\/allegro_687c0e15c6ee49.01867502_b7f0099a485581e5a207ba73af98.jpg\",\"datePublished\":\"2025-07-19T21:26:30+00:00\",\"breadcrumb\":{\"@id\":\"https:\\\/\\\/racom.com.pl\\\/index.php\\\/produkt\\\/przedluzenie-inteligentnej-tasmy-led-sonoff-l1-5050-rgb-2m\\\/#breadcrumb\"},\"inLanguage\":\"pl-PL\",\"potentialAction\":[{\"@type\":\"ReadAction\",\"target\":[\"https:\\\/\\\/racom.com.pl\\\/index.php\\\/produkt\\\/przedluzenie-inteligentnej-tasmy-led-sonoff-l1-5050-rgb-2m\\\/\"]}]},{\"@type\":\"ImageObject\",\"inLanguage\":\"pl-PL\",\"@id\":\"https:\\\/\\\/racom.com.pl\\\/index.php\\\/produkt\\\/przedluzenie-inteligentnej-tasmy-led-sonoff-l1-5050-rgb-2m\\\/#primaryimage\",\"url\":\"https:\\\/\\\/racom.com.pl\\\/wp-content\\\/uploads\\\/2025\\\/07\\\/allegro_687c0e15c6ee49.01867502_b7f0099a485581e5a207ba73af98.jpg\",\"contentUrl\":\"https:\\\/\\\/racom.com.pl\\\/wp-content\\\/uploads\\\/2025\\\/07\\\/allegro_687c0e15c6ee49.01867502_b7f0099a485581e5a207ba73af98.jpg\",\"width\":1000,\"height\":1000},{\"@type\":\"BreadcrumbList\",\"@id\":\"https:\\\/\\\/racom.com.pl\\\/index.php\\\/produkt\\\/przedluzenie-inteligentnej-tasmy-led-sonoff-l1-5050-rgb-2m\\\/#breadcrumb\",\"itemListElement\":[{\"@type\":\"ListItem\",\"position\":1,\"name\":\"Strona g\u0142\u00f3wna\",\"item\":\"https:\\\/\\\/racom.com.pl\\\/\"},{\"@type\":\"ListItem\",\"position\":2,\"name\":\"Sklep\",\"item\":\"https:\\\/\\\/racom.com.pl\\\/\"},{\"@type\":\"ListItem\",\"position\":3,\"name\":\"Przed\u0142u\u017cenie inteligentnej ta\u015bmy LED Sonoff L1 5050 RGB 2M\"}]},{\"@type\":\"WebSite\",\"@id\":\"https:\\\/\\\/racom.com.pl\\\/#website\",\"url\":\"https:\\\/\\\/racom.com.pl\\\/\",\"name\":\"Mix Market - Supermarket z wszystkim co potrzeba do domu i nie tylko\",\"description\":\"\",\"publisher\":{\"@id\":\"https:\\\/\\\/racom.com.pl\\\/#organization\"},\"potentialAction\":[{\"@type\":\"SearchAction\",\"target\":{\"@type\":\"EntryPoint\",\"urlTemplate\":\"https:\\\/\\\/racom.com.pl\\\/?s={search_term_string}\"},\"query-input\":{\"@type\":\"PropertyValueSpecification\",\"valueRequired\":true,\"valueName\":\"search_term_string\"}}],\"inLanguage\":\"pl-PL\"},{\"@type\":\"Organization\",\"@id\":\"https:\\\/\\\/racom.com.pl\\\/#organization\",\"name\":\"Mix Market - Supermarket z wszystkim co potrzeba do domu i nie tylko\",\"url\":\"https:\\\/\\\/racom.com.pl\\\/\",\"logo\":{\"@type\":\"ImageObject\",\"inLanguage\":\"pl-PL\",\"@id\":\"https:\\\/\\\/racom.com.pl\\\/#\\\/schema\\\/logo\\\/image\\\/\",\"url\":\"https:\\\/\\\/racom.com.pl\\\/wp-content\\\/uploads\\\/2025\\\/07\\\/mixmarket_logo.png\",\"contentUrl\":\"https:\\\/\\\/racom.com.pl\\\/wp-content\\\/uploads\\\/2025\\\/07\\\/mixmarket_logo.png\",\"width\":1024,\"height\":1024,\"caption\":\"Mix Market - Supermarket z wszystkim co potrzeba do domu i nie tylko\"},\"image\":{\"@id\":\"https:\\\/\\\/racom.com.pl\\\/#\\\/schema\\\/logo\\\/image\\\/\"}}]}<\/script>\n<!-- \/ Yoast SEO plugin. -->","yoast_head_json":{"title":"Przed\u0142u\u017cenie inteligentnej ta\u015bmy LED Sonoff L1 5050 RGB 2M - Mix Market - Supermarket z wszystkim co potrzeba","robots":{"index":"index","follow":"follow","max-snippet":"max-snippet:-1","max-image-preview":"max-image-preview:large","max-video-preview":"max-video-preview:-1"},"canonical":"https:\/\/racom.com.pl\/index.php\/produkt\/przedluzenie-inteligentnej-tasmy-led-sonoff-l1-5050-rgb-2m\/","og_locale":"pl_PL","og_type":"article","og_title":"Przed\u0142u\u017cenie inteligentnej ta\u015bmy LED Sonoff L1 5050 RGB 2M - Mix Market - Supermarket z wszystkim co potrzeba","og_description":"SONOFF 5050 RGB 2M TA\u015aMA LED 2 METR\u00d3W (przed\u0142u\u017cenie do zestawu) Specyfikacja: Model LED: 5050 D\u0142ugo\u015b\u0107 \u017cycia: &gt;25000 godzin Napi\u0119cie wej\u015bciowe: 12 V DC Materia\u0142: FPCB Strumie\u0144 \u015bwietlny: \u2265300 lumen\u00f3w\/m Wodoodporny: IP65 D\u0142ugo\u015b\u0107: 2 metry Diody umieszczone s\u0105 na bardzo mocnej dwustronnej ta\u015bmie. Szerokie zastosowanie oraz \u0142atwo\u015b\u0107 monta\u017cu pozwalaj\u0105 na praktycznie nie ograniczone zastosowanie. Miniaturowe [&hellip;]","og_url":"https:\/\/racom.com.pl\/index.php\/produkt\/przedluzenie-inteligentnej-tasmy-led-sonoff-l1-5050-rgb-2m\/","og_site_name":"Mix Market - Supermarket z wszystkim co potrzeba","og_image":[{"width":1000,"height":1000,"url":"https:\/\/racom.com.pl\/wp-content\/uploads\/2025\/07\/allegro_687c0e15c6ee49.01867502_b7f0099a485581e5a207ba73af98.jpg","type":"image\/jpeg"}],"twitter_card":"summary_large_image","twitter_misc":{"Szacowany czas czytania":"1 minuta"},"schema":{"@context":"https:\/\/schema.org","@graph":[{"@type":"WebPage","@id":"https:\/\/racom.com.pl\/index.php\/produkt\/przedluzenie-inteligentnej-tasmy-led-sonoff-l1-5050-rgb-2m\/","url":"https:\/\/racom.com.pl\/index.php\/produkt\/przedluzenie-inteligentnej-tasmy-led-sonoff-l1-5050-rgb-2m\/","name":"Przed\u0142u\u017cenie inteligentnej ta\u015bmy LED Sonoff L1 5050 RGB 2M - Mix Market - Supermarket z wszystkim co potrzeba","isPartOf":{"@id":"https:\/\/racom.com.pl\/#website"},"primaryImageOfPage":{"@id":"https:\/\/racom.com.pl\/index.php\/produkt\/przedluzenie-inteligentnej-tasmy-led-sonoff-l1-5050-rgb-2m\/#primaryimage"},"image":{"@id":"https:\/\/racom.com.pl\/index.php\/produkt\/przedluzenie-inteligentnej-tasmy-led-sonoff-l1-5050-rgb-2m\/#primaryimage"},"thumbnailUrl":"https:\/\/racom.com.pl\/wp-content\/uploads\/2025\/07\/allegro_687c0e15c6ee49.01867502_b7f0099a485581e5a207ba73af98.jpg","datePublished":"2025-07-19T21:26:30+00:00","breadcrumb":{"@id":"https:\/\/racom.com.pl\/index.php\/produkt\/przedluzenie-inteligentnej-tasmy-led-sonoff-l1-5050-rgb-2m\/#breadcrumb"},"inLanguage":"pl-PL","potentialAction":[{"@type":"ReadAction","target":["https:\/\/racom.com.pl\/index.php\/produkt\/przedluzenie-inteligentnej-tasmy-led-sonoff-l1-5050-rgb-2m\/"]}]},{"@type":"ImageObject","inLanguage":"pl-PL","@id":"https:\/\/racom.com.pl\/index.php\/produkt\/przedluzenie-inteligentnej-tasmy-led-sonoff-l1-5050-rgb-2m\/#primaryimage","url":"https:\/\/racom.com.pl\/wp-content\/uploads\/2025\/07\/allegro_687c0e15c6ee49.01867502_b7f0099a485581e5a207ba73af98.jpg","contentUrl":"https:\/\/racom.com.pl\/wp-content\/uploads\/2025\/07\/allegro_687c0e15c6ee49.01867502_b7f0099a485581e5a207ba73af98.jpg","width":1000,"height":1000},{"@type":"BreadcrumbList","@id":"https:\/\/racom.com.pl\/index.php\/produkt\/przedluzenie-inteligentnej-tasmy-led-sonoff-l1-5050-rgb-2m\/#breadcrumb","itemListElement":[{"@type":"ListItem","position":1,"name":"Strona g\u0142\u00f3wna","item":"https:\/\/racom.com.pl\/"},{"@type":"ListItem","position":2,"name":"Sklep","item":"https:\/\/racom.com.pl\/"},{"@type":"ListItem","position":3,"name":"Przed\u0142u\u017cenie inteligentnej ta\u015bmy LED Sonoff L1 5050 RGB 2M"}]},{"@type":"WebSite","@id":"https:\/\/racom.com.pl\/#website","url":"https:\/\/racom.com.pl\/","name":"Mix Market - Supermarket z wszystkim co potrzeba do domu i nie tylko","description":"","publisher":{"@id":"https:\/\/racom.com.pl\/#organization"},"potentialAction":[{"@type":"SearchAction","target":{"@type":"EntryPoint","urlTemplate":"https:\/\/racom.com.pl\/?s={search_term_string}"},"query-input":{"@type":"PropertyValueSpecification","valueRequired":true,"valueName":"search_term_string"}}],"inLanguage":"pl-PL"},{"@type":"Organization","@id":"https:\/\/racom.com.pl\/#organization","name":"Mix Market - Supermarket z wszystkim co potrzeba do domu i nie tylko","url":"https:\/\/racom.com.pl\/","logo":{"@type":"ImageObject","inLanguage":"pl-PL","@id":"https:\/\/racom.com.pl\/#\/schema\/logo\/image\/","url":"https:\/\/racom.com.pl\/wp-content\/uploads\/2025\/07\/mixmarket_logo.png","contentUrl":"https:\/\/racom.com.pl\/wp-content\/uploads\/2025\/07\/mixmarket_logo.png","width":1024,"height":1024,"caption":"Mix Market - Supermarket z wszystkim co potrzeba do domu i nie tylko"},"image":{"@id":"https:\/\/racom.com.pl\/#\/schema\/logo\/image\/"}}]}},"_links":{"self":[{"href":"https:\/\/racom.com.pl\/index.php\/wp-json\/wp\/v2\/product\/3379","targetHints":{"allow":["GET"]}}],"collection":[{"href":"https:\/\/racom.com.pl\/index.php\/wp-json\/wp\/v2\/product"}],"about":[{"href":"https:\/\/racom.com.pl\/index.php\/wp-json\/wp\/v2\/types\/product"}],"replies":[{"embeddable":true,"href":"https:\/\/racom.com.pl\/index.php\/wp-json\/wp\/v2\/comments?post=3379"}],"wp:featuredmedia":[{"embeddable":true,"href":"https:\/\/racom.com.pl\/index.php\/wp-json\/wp\/v2\/media\/3388"}],"wp:attachment":[{"href":"https:\/\/racom.com.pl\/index.php\/wp-json\/wp\/v2\/media?parent=3379"}],"wp:term":[{"taxonomy":"product_brand","embeddable":true,"href":"https:\/\/racom.com.pl\/index.php\/wp-json\/wp\/v2\/product_brand?post=3379"},{"taxonomy":"product_cat","embeddable":true,"href":"https:\/\/racom.com.pl\/index.php\/wp-json\/wp\/v2\/product_cat?post=3379"},{"taxonomy":"product_tag","embeddable":true,"href":"https:\/\/racom.com.pl\/index.php\/wp-json\/wp\/v2\/product_tag?post=3379"}],"curies":[{"name":"wp","href":"https:\/\/api.w.org\/{rel}","templated":true}]}}