{"id":3392,"date":"2025-07-19T23:29:58","date_gmt":"2025-07-19T21:29:58","guid":{"rendered":"http:\/\/192.168.2.106\/index.php\/produkt\/sterownik-gosund-intelientny-przekaznik-gosund-wifi\/"},"modified":"2025-07-19T23:29:58","modified_gmt":"2025-07-19T21:29:58","slug":"sterownik-gosund-intelientny-przekaznik-gosund-wifi","status":"publish","type":"product","link":"https:\/\/racom.com.pl\/index.php\/produkt\/sterownik-gosund-intelientny-przekaznik-gosund-wifi\/","title":{"rendered":"Sterownik Gosund Intelientny przeka\u017anik GOSUND WiFi"},"content":{"rendered":"<h2>Przeka\u017anik W\u0142\u0105cznik WiFi GOSUND TUYA IOS ANDROID<\/h2>\n<h2>INTELIGENTNY PRZEKA\u0179NIK WIFI 230V 10A DLA iOS i ANDROID marki GOSUND SW3 TUYA SMART<\/h2>\n<h2>Doskona\u0142y przeka\u017anik od GOSUND- steruj ka\u017cdym sprz\u0119tem 100-240V<\/h2>\n<h2>ZDALNIE STEROWANY PRZEKA\u0179NIK WIFI 10A TUYA SMART GOSUND SW3<\/h2>\n<ul>\n<li>Bezprzewodowe dzia\u0142anie w sieci WIFI<\/li>\n<li>Brak op\u00f3\u017anie\u0144 dzia\u0142aniu<\/li>\n<li>Zasi\u0119g do 45m od routera<\/li>\n<li>Sygnalizacja diod\u0105 statusu pracy urz\u0105dzenia<\/li>\n<li>Darmowa aplikacja TUYA na iOS i Android<\/li>\n<li>Mo\u017cliwo\u015b\u0107 tworzenia scen z u\u017cyciem przeka\u017anika<\/li>\n<li>Mo\u017cliwo\u015b\u0107 podpi\u0119cia obci\u0105\u017cenia do 2300W \/ maksymalny pr\u0105d 10A<\/li>\n<li>Mo\u017cliwo\u015b\u0107 dzia\u0142ania z asystentem GOOGLE<\/li>\n<li>Mo\u017cliwo\u015b\u0107 dzia\u0142ania z AMAZON ALEXA<\/li>\n<li>Kompaktowy kszta\u0142t i doskona\u0142e wykonanie<\/li>\n<\/ul>\n<h2>NAJNOWSZA WERSJA &#8211; DOSKONA\u0141E WYKONANIE I PERFEKCJA DZIA\u0141ANIA<\/h2>\n<p><b>Inteligentny dom &#8211; ju\u017c teraz!<\/b><\/p>\n<p><b>Urz\u0105dzenie wsp\u00f3\u0142pracuje z aplikacj\u0105 Tuya Smart &#8211; najpopularniejsz\u0105 aplikacj\u0105 dla urz\u0105dze\u0144 internetu rzeczy (IoT)<\/b><\/p>\n<ul>\n<li>mo\u017cliwa integracja oko\u0142o 11000 r\u00f3\u017cnych urz\u0105dze\u0144<\/li>\n<li>30 kategorii (klimatyzacja, sterowanie, zasilanie, monitoring, etc.)<\/li>\n<li>10000 producent\u00f3w urz\u0105dze\u0144 inteligentnych<\/li>\n<li>nieustannie rozwijana o nowe funkcje i wspierane urz\u0105dzenia<\/li>\n<li>aplikacja zupe\u0142nie darmowa dla Android i iOS<\/li>\n<\/ul>\n<p><b>SZYBKO\u015a\u0106 KONFIGURACJI<\/b><\/p>\n<p>Pod\u0142\u0105czenie urz\u0105dzenia do pracy zajmuje tylko kilka chwil. Wystarczy wykona\u0107 kilka krok\u00f3w:<\/p>\n<ol>\n<li>Pod\u0142\u0105czy\u0107 zasilanie do urz\u0105dzenia<\/li>\n<li>Pobra\u0107 darmow\u0105 aplikacj\u0119 <b>TUYA na iOS i Android<\/b><\/li>\n<li>Klikn\u0105\u0107 dodawanie nowego urz\u0105dzenia w aplikacji i poda\u0107 dane dost\u0119powe do sieci WIFI<\/li>\n<li>Zako\u0144czy\u0107 instalacje przeka\u017anika &#8211; mo\u017cna ju\u017c korzysta\u0107 z urz\u0105dzenia<\/li>\n<\/ol>\n<p>Aplikacja, kt\u00f3ra obs\u0142uguje urz\u0105dzenie mo\u017ce po\u0142\u0105czy\u0107 ze sob\u0105 ogromn\u0105 ilo\u015b\u0107 innego typu czujnik\u00f3w. Mo\u017cna realizowa\u0107 sceny, u\u017cywa\u0107 urz\u0105dzenia z timerem, tworzy\u0107 r\u00f3\u017cne ustawienia dla konkretnych zachowa\u0144 itp.<\/p>\n<p><b>KOMPAKTOWA BUDOWA I DOSKONA\u0141Y DESIGN<\/b><\/p>\n<p>Przeka\u017anik smart WIFI to idealne rozwi\u0105zanie do mieszkania \/ domu \/ pracy \/ biura itp.<\/p>\n<p>Ka\u017cdy znajdzie doskona\u0142e zastosowanie dla tego modelu.<\/p>\n<p>Steruj ka\u017cdym urz\u0105dzeniem o zasilaniu 100~240V i pr\u0105dzie do 10A<\/p>\n<p>Wymiary :<\/p>\n<ul>\n<li>d\u0142ugo\u015b\u0107: <b>8.6 cm<\/b><\/li>\n<li>szeroko\u015b\u0107:<b> 4 cm<\/b><\/li>\n<li>wysoko\u015b\u0107:<b> 2.3 cm<\/b><\/li>\n<\/ul>\n<p><b>SPECYFIKACJA TECHNICZNA<\/b><\/p>\n<ul>\n<li>Sie\u0107 bezprzewodowa: <b>Wi-Fi 2.4GHz 802.11b\/g\/n<\/b><\/li>\n<li>Sygnalizacja statusu diod\u0105 LED<\/li>\n<li>Wy\u0142\u0105cznik czasowy<\/li>\n<li>Kontrola bezprzewodowa poprzez <b>smartfona z dost\u0119pem do tej samej sieci WIFI co w\u0142\u0105cznik lub poprzez internet (w\u0142\u0105cznik r\u00f3wnie\u017c musi mie\u0107 dost\u0119p do internetu).<\/b><\/li>\n<li>Napi\u0119cie zasilania: <b>AC 100-240V<\/b><\/li>\n<li>Pr\u0105d max: <b>10A<\/b><\/li>\n<li>Moc max.: <b>2300Watt<\/b><\/li>\n<li>Cz\u0119stotliwo\u015b\u0107: <b>50\/60Hz<\/b><\/li>\n<li>Do u\u017cytku wewn\u0105trz pomieszcze\u0144<\/li>\n<li>Temperatura pracy: <b>0\u00b0C\/40\u00b0C<\/b><\/li>\n<li>Wilgotno\u015b\u0107 pracy: <b>\u2264 85%<\/b><\/li>\n<li>Typy zabezpiecze\u0144:<b>WEP64\/WEP128\/TKIP\/CCMP(AES)<\/b><\/li>\n<li>Do korzystania z przeka\u017anika wymagane jest pobranie aplikacji <b>TuyaSMART<\/b> z Google Play lub App Store<\/li>\n<\/ul>\n<p><b>W ZESTAWIE<\/b><\/p>\n<ul>\n<li>1x przeka\u017anik smart <b>WIFI GOSUND SW3 10A 2300W<\/b><\/li>\n<li>Polska instrukcja obs\u0142ugi w formie drukowanej<\/li>\n<li>Ca\u0142o\u015b\u0107 zapakowana w estetyczne pude\u0142ko<\/li>\n<\/ul>\n<h2>Najwa\u017cniejsze cechy:<\/h2>\n<ul>\n<li><b>Przeznaczona do transmisji na \u017cywo:<\/b> Nie<\/li>\n<li><b>Regulacja wysoko\u015bci:<\/b> Nie<\/li>\n<li><b>PIVOT:<\/b> Nie<\/li>\n<li><b>waga opakowania:<\/b> 0.3<\/li>\n<\/ul>\n","protected":false},"excerpt":{"rendered":"<p>Przeka\u017anik W\u0142\u0105cznik WiFi GOSUND TUYA IOS ANDROID INTELIGENTNY PRZEKA\u0179NIK WIFI 230V 10A DLA iOS i ANDROID marki GOSUND SW3 TUYA SMART Doskona\u0142y przeka\u017anik od GOSUND- steruj ka\u017cdym sprz\u0119tem 100-240V ZDALNIE STEROWANY PRZEKA\u0179NIK WIFI 10A TUYA SMART GOSUND SW3 Bezprzewodowe dzia\u0142anie w sieci WIFI Brak op\u00f3\u017anie\u0144 dzia\u0142aniu Zasi\u0119g do 45m od routera Sygnalizacja diod\u0105 statusu pracy [&hellip;]<\/p>\n","protected":false},"featured_media":3406,"comment_status":"open","ping_status":"closed","template":"","meta":[],"product_brand":[234],"product_cat":[222],"product_tag":[],"class_list":{"0":"post-3392","1":"product","2":"type-product","3":"status-publish","4":"has-post-thumbnail","6":"product_brand-gosund","7":"product_cat-inteligentny-dom","9":"first","10":"instock","11":"taxable","12":"shipping-taxable","13":"purchasable","14":"product-type-simple"},"yoast_head":"<!-- This site is optimized with the Yoast SEO plugin v27.3 - https:\/\/yoast.com\/product\/yoast-seo-wordpress\/ -->\n<title>Sterownik Gosund Intelientny przeka\u017anik GOSUND WiFi - Mix Market - Supermarket z wszystkim co potrzeba<\/title>\n<meta name=\"robots\" content=\"index, follow, max-snippet:-1, max-image-preview:large, max-video-preview:-1\" \/>\n<link rel=\"canonical\" href=\"https:\/\/racom.com.pl\/index.php\/produkt\/sterownik-gosund-intelientny-przekaznik-gosund-wifi\/\" \/>\n<meta property=\"og:locale\" content=\"pl_PL\" \/>\n<meta property=\"og:type\" content=\"article\" \/>\n<meta property=\"og:title\" content=\"Sterownik Gosund Intelientny przeka\u017anik GOSUND WiFi - Mix Market - Supermarket z wszystkim co potrzeba\" \/>\n<meta property=\"og:description\" content=\"Przeka\u017anik W\u0142\u0105cznik WiFi GOSUND TUYA IOS ANDROID INTELIGENTNY PRZEKA\u0179NIK WIFI 230V 10A DLA iOS i ANDROID marki GOSUND SW3 TUYA SMART Doskona\u0142y przeka\u017anik od GOSUND- steruj ka\u017cdym sprz\u0119tem 100-240V ZDALNIE STEROWANY PRZEKA\u0179NIK WIFI 10A TUYA SMART GOSUND SW3 Bezprzewodowe dzia\u0142anie w sieci WIFI Brak op\u00f3\u017anie\u0144 dzia\u0142aniu Zasi\u0119g do 45m od routera Sygnalizacja diod\u0105 statusu pracy [&hellip;]\" \/>\n<meta property=\"og:url\" content=\"https:\/\/racom.com.pl\/index.php\/produkt\/sterownik-gosund-intelientny-przekaznik-gosund-wifi\/\" \/>\n<meta property=\"og:site_name\" content=\"Mix Market - Supermarket z wszystkim co potrzeba\" \/>\n<meta property=\"og:image\" content=\"https:\/\/racom.com.pl\/wp-content\/uploads\/2025\/07\/allegro_687c0fae8769c3.81999491_f967ff3b48b4bdc910dfe833e682.jpg\" \/>\n\t<meta property=\"og:image:width\" content=\"640\" \/>\n\t<meta property=\"og:image:height\" content=\"576\" \/>\n\t<meta property=\"og:image:type\" content=\"image\/jpeg\" \/>\n<meta name=\"twitter:card\" content=\"summary_large_image\" \/>\n<meta name=\"twitter:label1\" content=\"Szacowany czas czytania\" \/>\n\t<meta name=\"twitter:data1\" content=\"2 minuty\" \/>\n<script type=\"application\/ld+json\" class=\"yoast-schema-graph\">{\"@context\":\"https:\\\/\\\/schema.org\",\"@graph\":[{\"@type\":\"WebPage\",\"@id\":\"https:\\\/\\\/racom.com.pl\\\/index.php\\\/produkt\\\/sterownik-gosund-intelientny-przekaznik-gosund-wifi\\\/\",\"url\":\"https:\\\/\\\/racom.com.pl\\\/index.php\\\/produkt\\\/sterownik-gosund-intelientny-przekaznik-gosund-wifi\\\/\",\"name\":\"Sterownik Gosund Intelientny przeka\u017anik GOSUND WiFi - Mix Market - Supermarket z wszystkim co potrzeba\",\"isPartOf\":{\"@id\":\"https:\\\/\\\/racom.com.pl\\\/#website\"},\"primaryImageOfPage\":{\"@id\":\"https:\\\/\\\/racom.com.pl\\\/index.php\\\/produkt\\\/sterownik-gosund-intelientny-przekaznik-gosund-wifi\\\/#primaryimage\"},\"image\":{\"@id\":\"https:\\\/\\\/racom.com.pl\\\/index.php\\\/produkt\\\/sterownik-gosund-intelientny-przekaznik-gosund-wifi\\\/#primaryimage\"},\"thumbnailUrl\":\"https:\\\/\\\/racom.com.pl\\\/wp-content\\\/uploads\\\/2025\\\/07\\\/allegro_687c0fae8769c3.81999491_f967ff3b48b4bdc910dfe833e682.jpg\",\"datePublished\":\"2025-07-19T21:29:58+00:00\",\"breadcrumb\":{\"@id\":\"https:\\\/\\\/racom.com.pl\\\/index.php\\\/produkt\\\/sterownik-gosund-intelientny-przekaznik-gosund-wifi\\\/#breadcrumb\"},\"inLanguage\":\"pl-PL\",\"potentialAction\":[{\"@type\":\"ReadAction\",\"target\":[\"https:\\\/\\\/racom.com.pl\\\/index.php\\\/produkt\\\/sterownik-gosund-intelientny-przekaznik-gosund-wifi\\\/\"]}]},{\"@type\":\"ImageObject\",\"inLanguage\":\"pl-PL\",\"@id\":\"https:\\\/\\\/racom.com.pl\\\/index.php\\\/produkt\\\/sterownik-gosund-intelientny-przekaznik-gosund-wifi\\\/#primaryimage\",\"url\":\"https:\\\/\\\/racom.com.pl\\\/wp-content\\\/uploads\\\/2025\\\/07\\\/allegro_687c0fae8769c3.81999491_f967ff3b48b4bdc910dfe833e682.jpg\",\"contentUrl\":\"https:\\\/\\\/racom.com.pl\\\/wp-content\\\/uploads\\\/2025\\\/07\\\/allegro_687c0fae8769c3.81999491_f967ff3b48b4bdc910dfe833e682.jpg\",\"width\":640,\"height\":576},{\"@type\":\"BreadcrumbList\",\"@id\":\"https:\\\/\\\/racom.com.pl\\\/index.php\\\/produkt\\\/sterownik-gosund-intelientny-przekaznik-gosund-wifi\\\/#breadcrumb\",\"itemListElement\":[{\"@type\":\"ListItem\",\"position\":1,\"name\":\"Strona g\u0142\u00f3wna\",\"item\":\"https:\\\/\\\/racom.com.pl\\\/\"},{\"@type\":\"ListItem\",\"position\":2,\"name\":\"Sklep\",\"item\":\"https:\\\/\\\/racom.com.pl\\\/\"},{\"@type\":\"ListItem\",\"position\":3,\"name\":\"Sterownik Gosund Intelientny przeka\u017anik GOSUND WiFi\"}]},{\"@type\":\"WebSite\",\"@id\":\"https:\\\/\\\/racom.com.pl\\\/#website\",\"url\":\"https:\\\/\\\/racom.com.pl\\\/\",\"name\":\"Mix Market - Supermarket z wszystkim co potrzeba do domu i nie tylko\",\"description\":\"\",\"publisher\":{\"@id\":\"https:\\\/\\\/racom.com.pl\\\/#organization\"},\"potentialAction\":[{\"@type\":\"SearchAction\",\"target\":{\"@type\":\"EntryPoint\",\"urlTemplate\":\"https:\\\/\\\/racom.com.pl\\\/?s={search_term_string}\"},\"query-input\":{\"@type\":\"PropertyValueSpecification\",\"valueRequired\":true,\"valueName\":\"search_term_string\"}}],\"inLanguage\":\"pl-PL\"},{\"@type\":\"Organization\",\"@id\":\"https:\\\/\\\/racom.com.pl\\\/#organization\",\"name\":\"Mix Market - Supermarket z wszystkim co potrzeba do domu i nie tylko\",\"url\":\"https:\\\/\\\/racom.com.pl\\\/\",\"logo\":{\"@type\":\"ImageObject\",\"inLanguage\":\"pl-PL\",\"@id\":\"https:\\\/\\\/racom.com.pl\\\/#\\\/schema\\\/logo\\\/image\\\/\",\"url\":\"https:\\\/\\\/racom.com.pl\\\/wp-content\\\/uploads\\\/2025\\\/07\\\/mixmarket_logo.png\",\"contentUrl\":\"https:\\\/\\\/racom.com.pl\\\/wp-content\\\/uploads\\\/2025\\\/07\\\/mixmarket_logo.png\",\"width\":1024,\"height\":1024,\"caption\":\"Mix Market - Supermarket z wszystkim co potrzeba do domu i nie tylko\"},\"image\":{\"@id\":\"https:\\\/\\\/racom.com.pl\\\/#\\\/schema\\\/logo\\\/image\\\/\"}}]}<\/script>\n<!-- \/ Yoast SEO plugin. -->","yoast_head_json":{"title":"Sterownik Gosund Intelientny przeka\u017anik GOSUND WiFi - Mix Market - Supermarket z wszystkim co potrzeba","robots":{"index":"index","follow":"follow","max-snippet":"max-snippet:-1","max-image-preview":"max-image-preview:large","max-video-preview":"max-video-preview:-1"},"canonical":"https:\/\/racom.com.pl\/index.php\/produkt\/sterownik-gosund-intelientny-przekaznik-gosund-wifi\/","og_locale":"pl_PL","og_type":"article","og_title":"Sterownik Gosund Intelientny przeka\u017anik GOSUND WiFi - Mix Market - Supermarket z wszystkim co potrzeba","og_description":"Przeka\u017anik W\u0142\u0105cznik WiFi GOSUND TUYA IOS ANDROID INTELIGENTNY PRZEKA\u0179NIK WIFI 230V 10A DLA iOS i ANDROID marki GOSUND SW3 TUYA SMART Doskona\u0142y przeka\u017anik od GOSUND- steruj ka\u017cdym sprz\u0119tem 100-240V ZDALNIE STEROWANY PRZEKA\u0179NIK WIFI 10A TUYA SMART GOSUND SW3 Bezprzewodowe dzia\u0142anie w sieci WIFI Brak op\u00f3\u017anie\u0144 dzia\u0142aniu Zasi\u0119g do 45m od routera Sygnalizacja diod\u0105 statusu pracy [&hellip;]","og_url":"https:\/\/racom.com.pl\/index.php\/produkt\/sterownik-gosund-intelientny-przekaznik-gosund-wifi\/","og_site_name":"Mix Market - Supermarket z wszystkim co potrzeba","og_image":[{"width":640,"height":576,"url":"https:\/\/racom.com.pl\/wp-content\/uploads\/2025\/07\/allegro_687c0fae8769c3.81999491_f967ff3b48b4bdc910dfe833e682.jpg","type":"image\/jpeg"}],"twitter_card":"summary_large_image","twitter_misc":{"Szacowany czas czytania":"2 minuty"},"schema":{"@context":"https:\/\/schema.org","@graph":[{"@type":"WebPage","@id":"https:\/\/racom.com.pl\/index.php\/produkt\/sterownik-gosund-intelientny-przekaznik-gosund-wifi\/","url":"https:\/\/racom.com.pl\/index.php\/produkt\/sterownik-gosund-intelientny-przekaznik-gosund-wifi\/","name":"Sterownik Gosund Intelientny przeka\u017anik GOSUND WiFi - Mix Market - Supermarket z wszystkim co potrzeba","isPartOf":{"@id":"https:\/\/racom.com.pl\/#website"},"primaryImageOfPage":{"@id":"https:\/\/racom.com.pl\/index.php\/produkt\/sterownik-gosund-intelientny-przekaznik-gosund-wifi\/#primaryimage"},"image":{"@id":"https:\/\/racom.com.pl\/index.php\/produkt\/sterownik-gosund-intelientny-przekaznik-gosund-wifi\/#primaryimage"},"thumbnailUrl":"https:\/\/racom.com.pl\/wp-content\/uploads\/2025\/07\/allegro_687c0fae8769c3.81999491_f967ff3b48b4bdc910dfe833e682.jpg","datePublished":"2025-07-19T21:29:58+00:00","breadcrumb":{"@id":"https:\/\/racom.com.pl\/index.php\/produkt\/sterownik-gosund-intelientny-przekaznik-gosund-wifi\/#breadcrumb"},"inLanguage":"pl-PL","potentialAction":[{"@type":"ReadAction","target":["https:\/\/racom.com.pl\/index.php\/produkt\/sterownik-gosund-intelientny-przekaznik-gosund-wifi\/"]}]},{"@type":"ImageObject","inLanguage":"pl-PL","@id":"https:\/\/racom.com.pl\/index.php\/produkt\/sterownik-gosund-intelientny-przekaznik-gosund-wifi\/#primaryimage","url":"https:\/\/racom.com.pl\/wp-content\/uploads\/2025\/07\/allegro_687c0fae8769c3.81999491_f967ff3b48b4bdc910dfe833e682.jpg","contentUrl":"https:\/\/racom.com.pl\/wp-content\/uploads\/2025\/07\/allegro_687c0fae8769c3.81999491_f967ff3b48b4bdc910dfe833e682.jpg","width":640,"height":576},{"@type":"BreadcrumbList","@id":"https:\/\/racom.com.pl\/index.php\/produkt\/sterownik-gosund-intelientny-przekaznik-gosund-wifi\/#breadcrumb","itemListElement":[{"@type":"ListItem","position":1,"name":"Strona g\u0142\u00f3wna","item":"https:\/\/racom.com.pl\/"},{"@type":"ListItem","position":2,"name":"Sklep","item":"https:\/\/racom.com.pl\/"},{"@type":"ListItem","position":3,"name":"Sterownik Gosund Intelientny przeka\u017anik GOSUND WiFi"}]},{"@type":"WebSite","@id":"https:\/\/racom.com.pl\/#website","url":"https:\/\/racom.com.pl\/","name":"Mix Market - Supermarket z wszystkim co potrzeba do domu i nie tylko","description":"","publisher":{"@id":"https:\/\/racom.com.pl\/#organization"},"potentialAction":[{"@type":"SearchAction","target":{"@type":"EntryPoint","urlTemplate":"https:\/\/racom.com.pl\/?s={search_term_string}"},"query-input":{"@type":"PropertyValueSpecification","valueRequired":true,"valueName":"search_term_string"}}],"inLanguage":"pl-PL"},{"@type":"Organization","@id":"https:\/\/racom.com.pl\/#organization","name":"Mix Market - Supermarket z wszystkim co potrzeba do domu i nie tylko","url":"https:\/\/racom.com.pl\/","logo":{"@type":"ImageObject","inLanguage":"pl-PL","@id":"https:\/\/racom.com.pl\/#\/schema\/logo\/image\/","url":"https:\/\/racom.com.pl\/wp-content\/uploads\/2025\/07\/mixmarket_logo.png","contentUrl":"https:\/\/racom.com.pl\/wp-content\/uploads\/2025\/07\/mixmarket_logo.png","width":1024,"height":1024,"caption":"Mix Market - Supermarket z wszystkim co potrzeba do domu i nie tylko"},"image":{"@id":"https:\/\/racom.com.pl\/#\/schema\/logo\/image\/"}}]}},"_links":{"self":[{"href":"https:\/\/racom.com.pl\/index.php\/wp-json\/wp\/v2\/product\/3392","targetHints":{"allow":["GET"]}}],"collection":[{"href":"https:\/\/racom.com.pl\/index.php\/wp-json\/wp\/v2\/product"}],"about":[{"href":"https:\/\/racom.com.pl\/index.php\/wp-json\/wp\/v2\/types\/product"}],"replies":[{"embeddable":true,"href":"https:\/\/racom.com.pl\/index.php\/wp-json\/wp\/v2\/comments?post=3392"}],"wp:featuredmedia":[{"embeddable":true,"href":"https:\/\/racom.com.pl\/index.php\/wp-json\/wp\/v2\/media\/3406"}],"wp:attachment":[{"href":"https:\/\/racom.com.pl\/index.php\/wp-json\/wp\/v2\/media?parent=3392"}],"wp:term":[{"taxonomy":"product_brand","embeddable":true,"href":"https:\/\/racom.com.pl\/index.php\/wp-json\/wp\/v2\/product_brand?post=3392"},{"taxonomy":"product_cat","embeddable":true,"href":"https:\/\/racom.com.pl\/index.php\/wp-json\/wp\/v2\/product_cat?post=3392"},{"taxonomy":"product_tag","embeddable":true,"href":"https:\/\/racom.com.pl\/index.php\/wp-json\/wp\/v2\/product_tag?post=3392"}],"curies":[{"name":"wp","href":"https:\/\/api.w.org\/{rel}","templated":true}]}}