{"id":3410,"date":"2025-07-19T23:37:12","date_gmt":"2025-07-19T21:37:12","guid":{"rendered":"http:\/\/192.168.2.106\/index.php\/produkt\/2x-mata-teflonowa-nieprzywierajaca-do-piekarnika-na-grill-do-pieczenia-40cm\/"},"modified":"2025-07-19T23:37:12","modified_gmt":"2025-07-19T21:37:12","slug":"2x-mata-teflonowa-nieprzywierajaca-do-piekarnika-na-grill-do-pieczenia-40cm","status":"publish","type":"product","link":"https:\/\/racom.com.pl\/index.php\/produkt\/2x-mata-teflonowa-nieprzywierajaca-do-piekarnika-na-grill-do-pieczenia-40cm\/","title":{"rendered":"2x Mata Teflonowa NIEPRZYWIERAJ\u0104CA do piekarnika na GRILL do pieczenia 40cm"},"content":{"rendered":"<h2>2 x MATA TEFLONOWA DO PIEKARNIKA NA GRILL DO PIECZENIA 40 CM<\/h2>\n<p><b>\u26abMata teflonowa do pieczenia to niezast\u0105pione akcesorium&nbsp;<\/b>dla mi\u0142o\u015bnik\u00f3w pieczenia i gotowania, oferuj\u0105ce nie tylko wygod\u0119, ale tak\u017ce ochron\u0119 i doskona\u0142e rezultaty w kuchni. Stanowi rewolucyjne rozwi\u0105zanie, zast\u0119puj\u0105c tradycyjne papierowe formy do pieczenia czy u\u017cywanie t\u0142uszczu.<\/p>\n<p><b>\u26abWykonana z wysokiej jako\u015bci teflonu<\/b>, jest nietoksyczna, odporna na wysokie temperatury oraz \u0142atwa w czyszczeniu. Jej wielko\u015b\u0107 zapewnia odpowiedni\u0105 powierzchni\u0119 do uk\u0142adania na blasze do pieczenia, co u\u0142atwia przygotowywanie r\u00f3\u017cnorodnych potraw, od ciast i ciasteczek po <b>pieczenie warzyw czy mi\u0119sa.<\/b><\/p>\n<p>\u26abMata teflonowa<b> eliminuje konieczno\u015b\u0107 u\u017cywania t\u0142uszczu<\/b>, dzi\u0119ki czemu dania nie przywieraj\u0105 do pod\u0142o\u017ca, a gotowanie staje si\u0119 zdrowsze i mniej kaloryczne. Dodatkowo, teflonowa powierzchnia zapewnia r\u00f3wnomierne rozprowadzanie ciep\u0142a, co skutkuje r\u00f3wnomiernym upieczeniem potraw.<\/p>\n<p><b>\u26abJej wielofunkcyjno\u015b\u0107 wykracza poza zastosowanie tylko do pieczenia<\/b> \u2013 mo\u017ce by\u0107 r\u00f3wnie\u017c wykorzystywana jako podk\u0142adka pod gor\u0105ce naczynia czy patelnie, chroni\u0105c powierzchnie przed zarysowaniami i zapewniaj\u0105c stabilno\u015b\u0107.<\/p>\n<p><b>\u26abMata jest wielokrotnego u\u017cytku<\/b>, co sprawia, \u017ce jest nie tylko przyjazna dla \u015brodowiska, ale tak\u017ce oszcz\u0119dza pieni\u0105dze, eliminuj\u0105c konieczno\u015b\u0107 ci\u0105g\u0142ego kupowania nowych form do pieczenia czy papieru.<\/p>\n<p><b>\u26ab<\/b>Mo\u017cliwo\u015b\u0107 mycia w zmywarce<\/p>\n<p>\u26abDwustronna<\/p>\n<p>\u26abBrak konieczno\u015bci u\u017cywania t\u0142uszczu<\/p>\n<p>\u26abNie przenosi zapachu potraw<\/p>\n<p>\u26abWielokrotnego u\u017cytku<\/p>\n<p>\u26abMo\u017cna dowolnie j\u0105 przycina\u0107 no\u017cyczkam<\/p>\n<p><b>Specyfikacja:<\/b><\/p>\n<ul>\n<li>Wymiary: 33 x 40 cm<\/li>\n<li>Ilo\u015b\u0107 sztuk: 2<\/li>\n<li>Kolor: czarny<\/li>\n<li>Materia\u0142: teflon<\/li>\n<li>Rodzaj: do grilla, piekarnika<\/li>\n<li>Odporno\u015b\u0107 termiczna od -60\u00b0 do 260\u00b0C<\/li>\n<\/ul>\n","protected":false},"excerpt":{"rendered":"<p>2 x MATA TEFLONOWA DO PIEKARNIKA NA GRILL DO PIECZENIA 40 CM \u26abMata teflonowa do pieczenia to niezast\u0105pione akcesorium&nbsp;dla mi\u0142o\u015bnik\u00f3w pieczenia i gotowania, oferuj\u0105ce nie tylko wygod\u0119, ale tak\u017ce ochron\u0119 i doskona\u0142e rezultaty w kuchni. Stanowi rewolucyjne rozwi\u0105zanie, zast\u0119puj\u0105c tradycyjne papierowe formy do pieczenia czy u\u017cywanie t\u0142uszczu. \u26abWykonana z wysokiej jako\u015bci teflonu, jest nietoksyczna, odporna [&hellip;]<\/p>\n","protected":false},"featured_media":3416,"comment_status":"open","ping_status":"closed","template":"","meta":[],"product_brand":[84],"product_cat":[237],"product_tag":[],"class_list":{"0":"post-3410","1":"product","2":"type-product","3":"status-publish","4":"has-post-thumbnail","6":"product_brand-vergionic","7":"product_cat-przybory-kuchenne","9":"first","10":"instock","11":"taxable","12":"shipping-taxable","13":"purchasable","14":"product-type-simple"},"yoast_head":"<!-- This site is optimized with the Yoast SEO plugin v27.4 - https:\/\/yoast.com\/product\/yoast-seo-wordpress\/ -->\n<title>2x Mata Teflonowa NIEPRZYWIERAJ\u0104CA do piekarnika na GRILL do pieczenia 40cm - Mix Market - Supermarket z wszystkim co potrzeba<\/title>\n<meta name=\"robots\" content=\"index, follow, max-snippet:-1, max-image-preview:large, max-video-preview:-1\" \/>\n<link rel=\"canonical\" href=\"https:\/\/racom.com.pl\/index.php\/produkt\/2x-mata-teflonowa-nieprzywierajaca-do-piekarnika-na-grill-do-pieczenia-40cm\/\" \/>\n<meta property=\"og:locale\" content=\"pl_PL\" \/>\n<meta property=\"og:type\" content=\"article\" \/>\n<meta property=\"og:title\" content=\"2x Mata Teflonowa NIEPRZYWIERAJ\u0104CA do piekarnika na GRILL do pieczenia 40cm - Mix Market - Supermarket z wszystkim co potrzeba\" \/>\n<meta property=\"og:description\" content=\"2 x MATA TEFLONOWA DO PIEKARNIKA NA GRILL DO PIECZENIA 40 CM \u26abMata teflonowa do pieczenia to niezast\u0105pione akcesorium&nbsp;dla mi\u0142o\u015bnik\u00f3w pieczenia i gotowania, oferuj\u0105ce nie tylko wygod\u0119, ale tak\u017ce ochron\u0119 i doskona\u0142e rezultaty w kuchni. Stanowi rewolucyjne rozwi\u0105zanie, zast\u0119puj\u0105c tradycyjne papierowe formy do pieczenia czy u\u017cywanie t\u0142uszczu. \u26abWykonana z wysokiej jako\u015bci teflonu, jest nietoksyczna, odporna [&hellip;]\" \/>\n<meta property=\"og:url\" content=\"https:\/\/racom.com.pl\/index.php\/produkt\/2x-mata-teflonowa-nieprzywierajaca-do-piekarnika-na-grill-do-pieczenia-40cm\/\" \/>\n<meta property=\"og:site_name\" content=\"Mix Market - Supermarket z wszystkim co potrzeba\" \/>\n<meta property=\"og:image\" content=\"https:\/\/racom.com.pl\/wp-content\/uploads\/2025\/07\/allegro_687c109ca054b0.90120137_fa96791e4d248d51b3afecaab432.jpg\" \/>\n\t<meta property=\"og:image:width\" content=\"2560\" \/>\n\t<meta property=\"og:image:height\" content=\"2560\" \/>\n\t<meta property=\"og:image:type\" content=\"image\/jpeg\" \/>\n<meta name=\"twitter:card\" content=\"summary_large_image\" \/>\n<meta name=\"twitter:label1\" content=\"Szacowany czas czytania\" \/>\n\t<meta name=\"twitter:data1\" content=\"1 minuta\" \/>\n<script type=\"application\/ld+json\" class=\"yoast-schema-graph\">{\"@context\":\"https:\\\/\\\/schema.org\",\"@graph\":[{\"@type\":\"WebPage\",\"@id\":\"https:\\\/\\\/racom.com.pl\\\/index.php\\\/produkt\\\/2x-mata-teflonowa-nieprzywierajaca-do-piekarnika-na-grill-do-pieczenia-40cm\\\/\",\"url\":\"https:\\\/\\\/racom.com.pl\\\/index.php\\\/produkt\\\/2x-mata-teflonowa-nieprzywierajaca-do-piekarnika-na-grill-do-pieczenia-40cm\\\/\",\"name\":\"2x Mata Teflonowa NIEPRZYWIERAJ\u0104CA do piekarnika na GRILL do pieczenia 40cm - Mix Market - Supermarket z wszystkim co potrzeba\",\"isPartOf\":{\"@id\":\"https:\\\/\\\/racom.com.pl\\\/#website\"},\"primaryImageOfPage\":{\"@id\":\"https:\\\/\\\/racom.com.pl\\\/index.php\\\/produkt\\\/2x-mata-teflonowa-nieprzywierajaca-do-piekarnika-na-grill-do-pieczenia-40cm\\\/#primaryimage\"},\"image\":{\"@id\":\"https:\\\/\\\/racom.com.pl\\\/index.php\\\/produkt\\\/2x-mata-teflonowa-nieprzywierajaca-do-piekarnika-na-grill-do-pieczenia-40cm\\\/#primaryimage\"},\"thumbnailUrl\":\"https:\\\/\\\/racom.com.pl\\\/wp-content\\\/uploads\\\/2025\\\/07\\\/allegro_687c109ca054b0.90120137_fa96791e4d248d51b3afecaab432.jpg\",\"datePublished\":\"2025-07-19T21:37:12+00:00\",\"breadcrumb\":{\"@id\":\"https:\\\/\\\/racom.com.pl\\\/index.php\\\/produkt\\\/2x-mata-teflonowa-nieprzywierajaca-do-piekarnika-na-grill-do-pieczenia-40cm\\\/#breadcrumb\"},\"inLanguage\":\"pl-PL\",\"potentialAction\":[{\"@type\":\"ReadAction\",\"target\":[\"https:\\\/\\\/racom.com.pl\\\/index.php\\\/produkt\\\/2x-mata-teflonowa-nieprzywierajaca-do-piekarnika-na-grill-do-pieczenia-40cm\\\/\"]}]},{\"@type\":\"ImageObject\",\"inLanguage\":\"pl-PL\",\"@id\":\"https:\\\/\\\/racom.com.pl\\\/index.php\\\/produkt\\\/2x-mata-teflonowa-nieprzywierajaca-do-piekarnika-na-grill-do-pieczenia-40cm\\\/#primaryimage\",\"url\":\"https:\\\/\\\/racom.com.pl\\\/wp-content\\\/uploads\\\/2025\\\/07\\\/allegro_687c109ca054b0.90120137_fa96791e4d248d51b3afecaab432.jpg\",\"contentUrl\":\"https:\\\/\\\/racom.com.pl\\\/wp-content\\\/uploads\\\/2025\\\/07\\\/allegro_687c109ca054b0.90120137_fa96791e4d248d51b3afecaab432.jpg\",\"width\":2560,\"height\":2560},{\"@type\":\"BreadcrumbList\",\"@id\":\"https:\\\/\\\/racom.com.pl\\\/index.php\\\/produkt\\\/2x-mata-teflonowa-nieprzywierajaca-do-piekarnika-na-grill-do-pieczenia-40cm\\\/#breadcrumb\",\"itemListElement\":[{\"@type\":\"ListItem\",\"position\":1,\"name\":\"Strona g\u0142\u00f3wna\",\"item\":\"https:\\\/\\\/racom.com.pl\\\/\"},{\"@type\":\"ListItem\",\"position\":2,\"name\":\"Sklep\",\"item\":\"https:\\\/\\\/racom.com.pl\\\/\"},{\"@type\":\"ListItem\",\"position\":3,\"name\":\"2x Mata Teflonowa NIEPRZYWIERAJ\u0104CA do piekarnika na GRILL do pieczenia 40cm\"}]},{\"@type\":\"WebSite\",\"@id\":\"https:\\\/\\\/racom.com.pl\\\/#website\",\"url\":\"https:\\\/\\\/racom.com.pl\\\/\",\"name\":\"Mix Market - Supermarket z wszystkim co potrzeba do domu i nie tylko\",\"description\":\"\",\"publisher\":{\"@id\":\"https:\\\/\\\/racom.com.pl\\\/#organization\"},\"potentialAction\":[{\"@type\":\"SearchAction\",\"target\":{\"@type\":\"EntryPoint\",\"urlTemplate\":\"https:\\\/\\\/racom.com.pl\\\/?s={search_term_string}\"},\"query-input\":{\"@type\":\"PropertyValueSpecification\",\"valueRequired\":true,\"valueName\":\"search_term_string\"}}],\"inLanguage\":\"pl-PL\"},{\"@type\":\"Organization\",\"@id\":\"https:\\\/\\\/racom.com.pl\\\/#organization\",\"name\":\"Mix Market - Supermarket z wszystkim co potrzeba do domu i nie tylko\",\"url\":\"https:\\\/\\\/racom.com.pl\\\/\",\"logo\":{\"@type\":\"ImageObject\",\"inLanguage\":\"pl-PL\",\"@id\":\"https:\\\/\\\/racom.com.pl\\\/#\\\/schema\\\/logo\\\/image\\\/\",\"url\":\"https:\\\/\\\/racom.com.pl\\\/wp-content\\\/uploads\\\/2025\\\/07\\\/mixmarket_logo.png\",\"contentUrl\":\"https:\\\/\\\/racom.com.pl\\\/wp-content\\\/uploads\\\/2025\\\/07\\\/mixmarket_logo.png\",\"width\":1024,\"height\":1024,\"caption\":\"Mix Market - Supermarket z wszystkim co potrzeba do domu i nie tylko\"},\"image\":{\"@id\":\"https:\\\/\\\/racom.com.pl\\\/#\\\/schema\\\/logo\\\/image\\\/\"}}]}<\/script>\n<!-- \/ Yoast SEO plugin. -->","yoast_head_json":{"title":"2x Mata Teflonowa NIEPRZYWIERAJ\u0104CA do piekarnika na GRILL do pieczenia 40cm - Mix Market - Supermarket z wszystkim co potrzeba","robots":{"index":"index","follow":"follow","max-snippet":"max-snippet:-1","max-image-preview":"max-image-preview:large","max-video-preview":"max-video-preview:-1"},"canonical":"https:\/\/racom.com.pl\/index.php\/produkt\/2x-mata-teflonowa-nieprzywierajaca-do-piekarnika-na-grill-do-pieczenia-40cm\/","og_locale":"pl_PL","og_type":"article","og_title":"2x Mata Teflonowa NIEPRZYWIERAJ\u0104CA do piekarnika na GRILL do pieczenia 40cm - Mix Market - Supermarket z wszystkim co potrzeba","og_description":"2 x MATA TEFLONOWA DO PIEKARNIKA NA GRILL DO PIECZENIA 40 CM \u26abMata teflonowa do pieczenia to niezast\u0105pione akcesorium&nbsp;dla mi\u0142o\u015bnik\u00f3w pieczenia i gotowania, oferuj\u0105ce nie tylko wygod\u0119, ale tak\u017ce ochron\u0119 i doskona\u0142e rezultaty w kuchni. Stanowi rewolucyjne rozwi\u0105zanie, zast\u0119puj\u0105c tradycyjne papierowe formy do pieczenia czy u\u017cywanie t\u0142uszczu. \u26abWykonana z wysokiej jako\u015bci teflonu, jest nietoksyczna, odporna [&hellip;]","og_url":"https:\/\/racom.com.pl\/index.php\/produkt\/2x-mata-teflonowa-nieprzywierajaca-do-piekarnika-na-grill-do-pieczenia-40cm\/","og_site_name":"Mix Market - Supermarket z wszystkim co potrzeba","og_image":[{"width":2560,"height":2560,"url":"https:\/\/racom.com.pl\/wp-content\/uploads\/2025\/07\/allegro_687c109ca054b0.90120137_fa96791e4d248d51b3afecaab432.jpg","type":"image\/jpeg"}],"twitter_card":"summary_large_image","twitter_misc":{"Szacowany czas czytania":"1 minuta"},"schema":{"@context":"https:\/\/schema.org","@graph":[{"@type":"WebPage","@id":"https:\/\/racom.com.pl\/index.php\/produkt\/2x-mata-teflonowa-nieprzywierajaca-do-piekarnika-na-grill-do-pieczenia-40cm\/","url":"https:\/\/racom.com.pl\/index.php\/produkt\/2x-mata-teflonowa-nieprzywierajaca-do-piekarnika-na-grill-do-pieczenia-40cm\/","name":"2x Mata Teflonowa NIEPRZYWIERAJ\u0104CA do piekarnika na GRILL do pieczenia 40cm - Mix Market - Supermarket z wszystkim co potrzeba","isPartOf":{"@id":"https:\/\/racom.com.pl\/#website"},"primaryImageOfPage":{"@id":"https:\/\/racom.com.pl\/index.php\/produkt\/2x-mata-teflonowa-nieprzywierajaca-do-piekarnika-na-grill-do-pieczenia-40cm\/#primaryimage"},"image":{"@id":"https:\/\/racom.com.pl\/index.php\/produkt\/2x-mata-teflonowa-nieprzywierajaca-do-piekarnika-na-grill-do-pieczenia-40cm\/#primaryimage"},"thumbnailUrl":"https:\/\/racom.com.pl\/wp-content\/uploads\/2025\/07\/allegro_687c109ca054b0.90120137_fa96791e4d248d51b3afecaab432.jpg","datePublished":"2025-07-19T21:37:12+00:00","breadcrumb":{"@id":"https:\/\/racom.com.pl\/index.php\/produkt\/2x-mata-teflonowa-nieprzywierajaca-do-piekarnika-na-grill-do-pieczenia-40cm\/#breadcrumb"},"inLanguage":"pl-PL","potentialAction":[{"@type":"ReadAction","target":["https:\/\/racom.com.pl\/index.php\/produkt\/2x-mata-teflonowa-nieprzywierajaca-do-piekarnika-na-grill-do-pieczenia-40cm\/"]}]},{"@type":"ImageObject","inLanguage":"pl-PL","@id":"https:\/\/racom.com.pl\/index.php\/produkt\/2x-mata-teflonowa-nieprzywierajaca-do-piekarnika-na-grill-do-pieczenia-40cm\/#primaryimage","url":"https:\/\/racom.com.pl\/wp-content\/uploads\/2025\/07\/allegro_687c109ca054b0.90120137_fa96791e4d248d51b3afecaab432.jpg","contentUrl":"https:\/\/racom.com.pl\/wp-content\/uploads\/2025\/07\/allegro_687c109ca054b0.90120137_fa96791e4d248d51b3afecaab432.jpg","width":2560,"height":2560},{"@type":"BreadcrumbList","@id":"https:\/\/racom.com.pl\/index.php\/produkt\/2x-mata-teflonowa-nieprzywierajaca-do-piekarnika-na-grill-do-pieczenia-40cm\/#breadcrumb","itemListElement":[{"@type":"ListItem","position":1,"name":"Strona g\u0142\u00f3wna","item":"https:\/\/racom.com.pl\/"},{"@type":"ListItem","position":2,"name":"Sklep","item":"https:\/\/racom.com.pl\/"},{"@type":"ListItem","position":3,"name":"2x Mata Teflonowa NIEPRZYWIERAJ\u0104CA do piekarnika na GRILL do pieczenia 40cm"}]},{"@type":"WebSite","@id":"https:\/\/racom.com.pl\/#website","url":"https:\/\/racom.com.pl\/","name":"Mix Market - Supermarket z wszystkim co potrzeba do domu i nie tylko","description":"","publisher":{"@id":"https:\/\/racom.com.pl\/#organization"},"potentialAction":[{"@type":"SearchAction","target":{"@type":"EntryPoint","urlTemplate":"https:\/\/racom.com.pl\/?s={search_term_string}"},"query-input":{"@type":"PropertyValueSpecification","valueRequired":true,"valueName":"search_term_string"}}],"inLanguage":"pl-PL"},{"@type":"Organization","@id":"https:\/\/racom.com.pl\/#organization","name":"Mix Market - Supermarket z wszystkim co potrzeba do domu i nie tylko","url":"https:\/\/racom.com.pl\/","logo":{"@type":"ImageObject","inLanguage":"pl-PL","@id":"https:\/\/racom.com.pl\/#\/schema\/logo\/image\/","url":"https:\/\/racom.com.pl\/wp-content\/uploads\/2025\/07\/mixmarket_logo.png","contentUrl":"https:\/\/racom.com.pl\/wp-content\/uploads\/2025\/07\/mixmarket_logo.png","width":1024,"height":1024,"caption":"Mix Market - Supermarket z wszystkim co potrzeba do domu i nie tylko"},"image":{"@id":"https:\/\/racom.com.pl\/#\/schema\/logo\/image\/"}}]}},"_links":{"self":[{"href":"https:\/\/racom.com.pl\/index.php\/wp-json\/wp\/v2\/product\/3410","targetHints":{"allow":["GET"]}}],"collection":[{"href":"https:\/\/racom.com.pl\/index.php\/wp-json\/wp\/v2\/product"}],"about":[{"href":"https:\/\/racom.com.pl\/index.php\/wp-json\/wp\/v2\/types\/product"}],"replies":[{"embeddable":true,"href":"https:\/\/racom.com.pl\/index.php\/wp-json\/wp\/v2\/comments?post=3410"}],"wp:featuredmedia":[{"embeddable":true,"href":"https:\/\/racom.com.pl\/index.php\/wp-json\/wp\/v2\/media\/3416"}],"wp:attachment":[{"href":"https:\/\/racom.com.pl\/index.php\/wp-json\/wp\/v2\/media?parent=3410"}],"wp:term":[{"taxonomy":"product_brand","embeddable":true,"href":"https:\/\/racom.com.pl\/index.php\/wp-json\/wp\/v2\/product_brand?post=3410"},{"taxonomy":"product_cat","embeddable":true,"href":"https:\/\/racom.com.pl\/index.php\/wp-json\/wp\/v2\/product_cat?post=3410"},{"taxonomy":"product_tag","embeddable":true,"href":"https:\/\/racom.com.pl\/index.php\/wp-json\/wp\/v2\/product_tag?post=3410"}],"curies":[{"name":"wp","href":"https:\/\/api.w.org\/{rel}","templated":true}]}}