{"id":3417,"date":"2025-07-19T23:39:58","date_gmt":"2025-07-19T21:39:58","guid":{"rendered":"http:\/\/192.168.2.106\/index.php\/produkt\/lampka-biurkowa-na-biurko-do-lekcji-nauki-dla-ucznia-e27-biala\/"},"modified":"2025-07-19T23:39:58","modified_gmt":"2025-07-19T21:39:58","slug":"lampka-biurkowa-na-biurko-do-lekcji-nauki-dla-ucznia-e27-biala","status":"publish","type":"product","link":"https:\/\/racom.com.pl\/index.php\/produkt\/lampka-biurkowa-na-biurko-do-lekcji-nauki-dla-ucznia-e27-biala\/","title":{"rendered":"Lampka biurkowa NA BIURKO do LEKCJI Nauki dla UCZNIA E27 BIA\u0141A"},"content":{"rendered":"<h2>Lampka biurkowa AIGOSTAR E27 BIA\u0141A<\/h2>\n<p><b>Lampka biurkowa<\/b> AIGOSTAR to idealne rozwi\u0105zanie dla ka\u017cdego ucznia pragn\u0105cego optymalnego o\u015bwietlenia podczas nauki. Stworzona specjalnie na biurko pozwala na skupienie si\u0119 podczas wykonywania zada\u0144 domowych, czytania czy pisania.<\/p>\n<p>Funkcje i zalety:<\/p>\n<ul>\n<li><b>Regulowany k\u0105t nachylenia<\/b>: Lampka posiada mechanizm pozwalaj\u0105cy na regulacj\u0119 k\u0105ta nachylenia \u017ar\u00f3d\u0142a \u015bwiat\u0142a, co umo\u017cliwia skierowanie \u015bwiat\u0142a dok\u0142adnie tam, gdzie jest potrzebne.<\/li>\n<li><b>Design dopasowany do biurka<\/b>: Klasyczny i funkcjonalny design lampki biurkowej sprawia, \u017ce doskonale komponuje si\u0119 z ka\u017cdym stylem biurka i wn\u0119trza pokoju ucznia.<\/li>\n<li><b>Gniazdo E27<\/b>: Wyposa\u017cona w standardowe gniazdo E27, ta lampka biurkowa jest kompatybilna z r\u00f3\u017cnymi typami \u017car\u00f3wek, co pozwala na wyb\u00f3r odpowiedniego rodzaju \u015bwiat\u0142a zgodnie z preferencjami u\u017cytkownika.<\/li>\n<\/ul>\n<p><b>Niech lampka biurkowa Aigostar b\u0119dzie Twoim niezast\u0105pionym towarzyszem<\/b> podczas ka\u017cdej lekcji i zadania domowego, zapewniaj\u0105c optymalne warunki o\u015bwietleniowe dla skutecznej nauki.<\/p>\n<p><b>Spesyfikacja:<\/b><\/p>\n<ul>\n<li><b>Zasilanie<\/b>: AC 220-240V 50Hz<\/li>\n<li><b>Rozmiar:<\/b> L140*H310mm<\/li>\n<li><b>D\u0142ugo\u015b\u0107 kabla:<\/b> 153 cm<\/li>\n<li><b>Stopie\u0144 ochrony<\/b>:&nbsp;&nbsp;&nbsp;&nbsp; IP20<\/li>\n<li><b>Gwint&nbsp;&nbsp; <\/b>E27<\/li>\n<li><b>Materia\u0142 obudowy<\/b>:&nbsp;&nbsp;&nbsp; Stop aluminium \/ tworzywo szt.<\/li>\n<li><b>Temperatura pracy<\/b>:&nbsp;&nbsp; -25st \/ +50st<\/li>\n<li><b>CERTYFIKATY <\/b>CE,RoHS<\/li>\n<\/ul>\n<p>*Lampka nie zawiera \u017car\u00f3wki. Nale\u017cy j\u0105 dokupi\u0107 osobno. Gwint standardowy E27,<\/p>\n","protected":false},"excerpt":{"rendered":"<p>Lampka biurkowa AIGOSTAR E27 BIA\u0141A Lampka biurkowa AIGOSTAR to idealne rozwi\u0105zanie dla ka\u017cdego ucznia pragn\u0105cego optymalnego o\u015bwietlenia podczas nauki. Stworzona specjalnie na biurko pozwala na skupienie si\u0119 podczas wykonywania zada\u0144 domowych, czytania czy pisania. Funkcje i zalety: Regulowany k\u0105t nachylenia: Lampka posiada mechanizm pozwalaj\u0105cy na regulacj\u0119 k\u0105ta nachylenia \u017ar\u00f3d\u0142a \u015bwiat\u0142a, co umo\u017cliwia skierowanie \u015bwiat\u0142a dok\u0142adnie [&hellip;]<\/p>\n","protected":false},"featured_media":3422,"comment_status":"open","ping_status":"closed","template":"","meta":[],"product_brand":[76],"product_cat":[232],"product_tag":[],"class_list":{"0":"post-3417","1":"product","2":"type-product","3":"status-publish","4":"has-post-thumbnail","6":"product_brand-aigostar","7":"product_cat-oswietlenie-wewnetrzne","9":"first","10":"instock","11":"taxable","12":"shipping-taxable","13":"purchasable","14":"product-type-simple"},"yoast_head":"<!-- This site is optimized with the Yoast SEO plugin v27.3 - https:\/\/yoast.com\/product\/yoast-seo-wordpress\/ -->\n<title>Lampka biurkowa NA BIURKO do LEKCJI Nauki dla UCZNIA E27 BIA\u0141A - Mix Market - Supermarket z wszystkim co potrzeba<\/title>\n<meta name=\"robots\" content=\"index, follow, max-snippet:-1, max-image-preview:large, max-video-preview:-1\" \/>\n<link rel=\"canonical\" href=\"https:\/\/racom.com.pl\/index.php\/produkt\/lampka-biurkowa-na-biurko-do-lekcji-nauki-dla-ucznia-e27-biala\/\" \/>\n<meta property=\"og:locale\" content=\"pl_PL\" \/>\n<meta property=\"og:type\" content=\"article\" \/>\n<meta property=\"og:title\" content=\"Lampka biurkowa NA BIURKO do LEKCJI Nauki dla UCZNIA E27 BIA\u0141A - Mix Market - Supermarket z wszystkim co potrzeba\" \/>\n<meta property=\"og:description\" content=\"Lampka biurkowa AIGOSTAR E27 BIA\u0141A Lampka biurkowa AIGOSTAR to idealne rozwi\u0105zanie dla ka\u017cdego ucznia pragn\u0105cego optymalnego o\u015bwietlenia podczas nauki. Stworzona specjalnie na biurko pozwala na skupienie si\u0119 podczas wykonywania zada\u0144 domowych, czytania czy pisania. Funkcje i zalety: Regulowany k\u0105t nachylenia: Lampka posiada mechanizm pozwalaj\u0105cy na regulacj\u0119 k\u0105ta nachylenia \u017ar\u00f3d\u0142a \u015bwiat\u0142a, co umo\u017cliwia skierowanie \u015bwiat\u0142a dok\u0142adnie [&hellip;]\" \/>\n<meta property=\"og:url\" content=\"https:\/\/racom.com.pl\/index.php\/produkt\/lampka-biurkowa-na-biurko-do-lekcji-nauki-dla-ucznia-e27-biala\/\" \/>\n<meta property=\"og:site_name\" content=\"Mix Market - Supermarket z wszystkim co potrzeba\" \/>\n<meta property=\"og:image\" content=\"https:\/\/racom.com.pl\/wp-content\/uploads\/2025\/07\/allegro_687c1117178154.65192364_89b1f59e4eae8564c9f6aa04be2d.jpg\" \/>\n\t<meta property=\"og:image:width\" content=\"1500\" \/>\n\t<meta property=\"og:image:height\" content=\"1500\" \/>\n\t<meta property=\"og:image:type\" content=\"image\/jpeg\" \/>\n<meta name=\"twitter:card\" content=\"summary_large_image\" \/>\n<meta name=\"twitter:label1\" content=\"Szacowany czas czytania\" \/>\n\t<meta name=\"twitter:data1\" content=\"1 minuta\" \/>\n<script type=\"application\/ld+json\" class=\"yoast-schema-graph\">{\"@context\":\"https:\\\/\\\/schema.org\",\"@graph\":[{\"@type\":\"WebPage\",\"@id\":\"https:\\\/\\\/racom.com.pl\\\/index.php\\\/produkt\\\/lampka-biurkowa-na-biurko-do-lekcji-nauki-dla-ucznia-e27-biala\\\/\",\"url\":\"https:\\\/\\\/racom.com.pl\\\/index.php\\\/produkt\\\/lampka-biurkowa-na-biurko-do-lekcji-nauki-dla-ucznia-e27-biala\\\/\",\"name\":\"Lampka biurkowa NA BIURKO do LEKCJI Nauki dla UCZNIA E27 BIA\u0141A - Mix Market - Supermarket z wszystkim co potrzeba\",\"isPartOf\":{\"@id\":\"https:\\\/\\\/racom.com.pl\\\/#website\"},\"primaryImageOfPage\":{\"@id\":\"https:\\\/\\\/racom.com.pl\\\/index.php\\\/produkt\\\/lampka-biurkowa-na-biurko-do-lekcji-nauki-dla-ucznia-e27-biala\\\/#primaryimage\"},\"image\":{\"@id\":\"https:\\\/\\\/racom.com.pl\\\/index.php\\\/produkt\\\/lampka-biurkowa-na-biurko-do-lekcji-nauki-dla-ucznia-e27-biala\\\/#primaryimage\"},\"thumbnailUrl\":\"https:\\\/\\\/racom.com.pl\\\/wp-content\\\/uploads\\\/2025\\\/07\\\/allegro_687c1117178154.65192364_89b1f59e4eae8564c9f6aa04be2d.jpg\",\"datePublished\":\"2025-07-19T21:39:58+00:00\",\"breadcrumb\":{\"@id\":\"https:\\\/\\\/racom.com.pl\\\/index.php\\\/produkt\\\/lampka-biurkowa-na-biurko-do-lekcji-nauki-dla-ucznia-e27-biala\\\/#breadcrumb\"},\"inLanguage\":\"pl-PL\",\"potentialAction\":[{\"@type\":\"ReadAction\",\"target\":[\"https:\\\/\\\/racom.com.pl\\\/index.php\\\/produkt\\\/lampka-biurkowa-na-biurko-do-lekcji-nauki-dla-ucznia-e27-biala\\\/\"]}]},{\"@type\":\"ImageObject\",\"inLanguage\":\"pl-PL\",\"@id\":\"https:\\\/\\\/racom.com.pl\\\/index.php\\\/produkt\\\/lampka-biurkowa-na-biurko-do-lekcji-nauki-dla-ucznia-e27-biala\\\/#primaryimage\",\"url\":\"https:\\\/\\\/racom.com.pl\\\/wp-content\\\/uploads\\\/2025\\\/07\\\/allegro_687c1117178154.65192364_89b1f59e4eae8564c9f6aa04be2d.jpg\",\"contentUrl\":\"https:\\\/\\\/racom.com.pl\\\/wp-content\\\/uploads\\\/2025\\\/07\\\/allegro_687c1117178154.65192364_89b1f59e4eae8564c9f6aa04be2d.jpg\",\"width\":1500,\"height\":1500},{\"@type\":\"BreadcrumbList\",\"@id\":\"https:\\\/\\\/racom.com.pl\\\/index.php\\\/produkt\\\/lampka-biurkowa-na-biurko-do-lekcji-nauki-dla-ucznia-e27-biala\\\/#breadcrumb\",\"itemListElement\":[{\"@type\":\"ListItem\",\"position\":1,\"name\":\"Strona g\u0142\u00f3wna\",\"item\":\"https:\\\/\\\/racom.com.pl\\\/\"},{\"@type\":\"ListItem\",\"position\":2,\"name\":\"Sklep\",\"item\":\"https:\\\/\\\/racom.com.pl\\\/\"},{\"@type\":\"ListItem\",\"position\":3,\"name\":\"Lampka biurkowa NA BIURKO do LEKCJI Nauki dla UCZNIA E27 BIA\u0141A\"}]},{\"@type\":\"WebSite\",\"@id\":\"https:\\\/\\\/racom.com.pl\\\/#website\",\"url\":\"https:\\\/\\\/racom.com.pl\\\/\",\"name\":\"Mix Market - Supermarket z wszystkim co potrzeba do domu i nie tylko\",\"description\":\"\",\"publisher\":{\"@id\":\"https:\\\/\\\/racom.com.pl\\\/#organization\"},\"potentialAction\":[{\"@type\":\"SearchAction\",\"target\":{\"@type\":\"EntryPoint\",\"urlTemplate\":\"https:\\\/\\\/racom.com.pl\\\/?s={search_term_string}\"},\"query-input\":{\"@type\":\"PropertyValueSpecification\",\"valueRequired\":true,\"valueName\":\"search_term_string\"}}],\"inLanguage\":\"pl-PL\"},{\"@type\":\"Organization\",\"@id\":\"https:\\\/\\\/racom.com.pl\\\/#organization\",\"name\":\"Mix Market - Supermarket z wszystkim co potrzeba do domu i nie tylko\",\"url\":\"https:\\\/\\\/racom.com.pl\\\/\",\"logo\":{\"@type\":\"ImageObject\",\"inLanguage\":\"pl-PL\",\"@id\":\"https:\\\/\\\/racom.com.pl\\\/#\\\/schema\\\/logo\\\/image\\\/\",\"url\":\"https:\\\/\\\/racom.com.pl\\\/wp-content\\\/uploads\\\/2025\\\/07\\\/mixmarket_logo.png\",\"contentUrl\":\"https:\\\/\\\/racom.com.pl\\\/wp-content\\\/uploads\\\/2025\\\/07\\\/mixmarket_logo.png\",\"width\":1024,\"height\":1024,\"caption\":\"Mix Market - Supermarket z wszystkim co potrzeba do domu i nie tylko\"},\"image\":{\"@id\":\"https:\\\/\\\/racom.com.pl\\\/#\\\/schema\\\/logo\\\/image\\\/\"}}]}<\/script>\n<!-- \/ Yoast SEO plugin. -->","yoast_head_json":{"title":"Lampka biurkowa NA BIURKO do LEKCJI Nauki dla UCZNIA E27 BIA\u0141A - Mix Market - Supermarket z wszystkim co potrzeba","robots":{"index":"index","follow":"follow","max-snippet":"max-snippet:-1","max-image-preview":"max-image-preview:large","max-video-preview":"max-video-preview:-1"},"canonical":"https:\/\/racom.com.pl\/index.php\/produkt\/lampka-biurkowa-na-biurko-do-lekcji-nauki-dla-ucznia-e27-biala\/","og_locale":"pl_PL","og_type":"article","og_title":"Lampka biurkowa NA BIURKO do LEKCJI Nauki dla UCZNIA E27 BIA\u0141A - Mix Market - Supermarket z wszystkim co potrzeba","og_description":"Lampka biurkowa AIGOSTAR E27 BIA\u0141A Lampka biurkowa AIGOSTAR to idealne rozwi\u0105zanie dla ka\u017cdego ucznia pragn\u0105cego optymalnego o\u015bwietlenia podczas nauki. Stworzona specjalnie na biurko pozwala na skupienie si\u0119 podczas wykonywania zada\u0144 domowych, czytania czy pisania. Funkcje i zalety: Regulowany k\u0105t nachylenia: Lampka posiada mechanizm pozwalaj\u0105cy na regulacj\u0119 k\u0105ta nachylenia \u017ar\u00f3d\u0142a \u015bwiat\u0142a, co umo\u017cliwia skierowanie \u015bwiat\u0142a dok\u0142adnie [&hellip;]","og_url":"https:\/\/racom.com.pl\/index.php\/produkt\/lampka-biurkowa-na-biurko-do-lekcji-nauki-dla-ucznia-e27-biala\/","og_site_name":"Mix Market - Supermarket z wszystkim co potrzeba","og_image":[{"width":1500,"height":1500,"url":"https:\/\/racom.com.pl\/wp-content\/uploads\/2025\/07\/allegro_687c1117178154.65192364_89b1f59e4eae8564c9f6aa04be2d.jpg","type":"image\/jpeg"}],"twitter_card":"summary_large_image","twitter_misc":{"Szacowany czas czytania":"1 minuta"},"schema":{"@context":"https:\/\/schema.org","@graph":[{"@type":"WebPage","@id":"https:\/\/racom.com.pl\/index.php\/produkt\/lampka-biurkowa-na-biurko-do-lekcji-nauki-dla-ucznia-e27-biala\/","url":"https:\/\/racom.com.pl\/index.php\/produkt\/lampka-biurkowa-na-biurko-do-lekcji-nauki-dla-ucznia-e27-biala\/","name":"Lampka biurkowa NA BIURKO do LEKCJI Nauki dla UCZNIA E27 BIA\u0141A - Mix Market - Supermarket z wszystkim co potrzeba","isPartOf":{"@id":"https:\/\/racom.com.pl\/#website"},"primaryImageOfPage":{"@id":"https:\/\/racom.com.pl\/index.php\/produkt\/lampka-biurkowa-na-biurko-do-lekcji-nauki-dla-ucznia-e27-biala\/#primaryimage"},"image":{"@id":"https:\/\/racom.com.pl\/index.php\/produkt\/lampka-biurkowa-na-biurko-do-lekcji-nauki-dla-ucznia-e27-biala\/#primaryimage"},"thumbnailUrl":"https:\/\/racom.com.pl\/wp-content\/uploads\/2025\/07\/allegro_687c1117178154.65192364_89b1f59e4eae8564c9f6aa04be2d.jpg","datePublished":"2025-07-19T21:39:58+00:00","breadcrumb":{"@id":"https:\/\/racom.com.pl\/index.php\/produkt\/lampka-biurkowa-na-biurko-do-lekcji-nauki-dla-ucznia-e27-biala\/#breadcrumb"},"inLanguage":"pl-PL","potentialAction":[{"@type":"ReadAction","target":["https:\/\/racom.com.pl\/index.php\/produkt\/lampka-biurkowa-na-biurko-do-lekcji-nauki-dla-ucznia-e27-biala\/"]}]},{"@type":"ImageObject","inLanguage":"pl-PL","@id":"https:\/\/racom.com.pl\/index.php\/produkt\/lampka-biurkowa-na-biurko-do-lekcji-nauki-dla-ucznia-e27-biala\/#primaryimage","url":"https:\/\/racom.com.pl\/wp-content\/uploads\/2025\/07\/allegro_687c1117178154.65192364_89b1f59e4eae8564c9f6aa04be2d.jpg","contentUrl":"https:\/\/racom.com.pl\/wp-content\/uploads\/2025\/07\/allegro_687c1117178154.65192364_89b1f59e4eae8564c9f6aa04be2d.jpg","width":1500,"height":1500},{"@type":"BreadcrumbList","@id":"https:\/\/racom.com.pl\/index.php\/produkt\/lampka-biurkowa-na-biurko-do-lekcji-nauki-dla-ucznia-e27-biala\/#breadcrumb","itemListElement":[{"@type":"ListItem","position":1,"name":"Strona g\u0142\u00f3wna","item":"https:\/\/racom.com.pl\/"},{"@type":"ListItem","position":2,"name":"Sklep","item":"https:\/\/racom.com.pl\/"},{"@type":"ListItem","position":3,"name":"Lampka biurkowa NA BIURKO do LEKCJI Nauki dla UCZNIA E27 BIA\u0141A"}]},{"@type":"WebSite","@id":"https:\/\/racom.com.pl\/#website","url":"https:\/\/racom.com.pl\/","name":"Mix Market - Supermarket z wszystkim co potrzeba do domu i nie tylko","description":"","publisher":{"@id":"https:\/\/racom.com.pl\/#organization"},"potentialAction":[{"@type":"SearchAction","target":{"@type":"EntryPoint","urlTemplate":"https:\/\/racom.com.pl\/?s={search_term_string}"},"query-input":{"@type":"PropertyValueSpecification","valueRequired":true,"valueName":"search_term_string"}}],"inLanguage":"pl-PL"},{"@type":"Organization","@id":"https:\/\/racom.com.pl\/#organization","name":"Mix Market - Supermarket z wszystkim co potrzeba do domu i nie tylko","url":"https:\/\/racom.com.pl\/","logo":{"@type":"ImageObject","inLanguage":"pl-PL","@id":"https:\/\/racom.com.pl\/#\/schema\/logo\/image\/","url":"https:\/\/racom.com.pl\/wp-content\/uploads\/2025\/07\/mixmarket_logo.png","contentUrl":"https:\/\/racom.com.pl\/wp-content\/uploads\/2025\/07\/mixmarket_logo.png","width":1024,"height":1024,"caption":"Mix Market - Supermarket z wszystkim co potrzeba do domu i nie tylko"},"image":{"@id":"https:\/\/racom.com.pl\/#\/schema\/logo\/image\/"}}]}},"_links":{"self":[{"href":"https:\/\/racom.com.pl\/index.php\/wp-json\/wp\/v2\/product\/3417","targetHints":{"allow":["GET"]}}],"collection":[{"href":"https:\/\/racom.com.pl\/index.php\/wp-json\/wp\/v2\/product"}],"about":[{"href":"https:\/\/racom.com.pl\/index.php\/wp-json\/wp\/v2\/types\/product"}],"replies":[{"embeddable":true,"href":"https:\/\/racom.com.pl\/index.php\/wp-json\/wp\/v2\/comments?post=3417"}],"wp:featuredmedia":[{"embeddable":true,"href":"https:\/\/racom.com.pl\/index.php\/wp-json\/wp\/v2\/media\/3422"}],"wp:attachment":[{"href":"https:\/\/racom.com.pl\/index.php\/wp-json\/wp\/v2\/media?parent=3417"}],"wp:term":[{"taxonomy":"product_brand","embeddable":true,"href":"https:\/\/racom.com.pl\/index.php\/wp-json\/wp\/v2\/product_brand?post=3417"},{"taxonomy":"product_cat","embeddable":true,"href":"https:\/\/racom.com.pl\/index.php\/wp-json\/wp\/v2\/product_cat?post=3417"},{"taxonomy":"product_tag","embeddable":true,"href":"https:\/\/racom.com.pl\/index.php\/wp-json\/wp\/v2\/product_tag?post=3417"}],"curies":[{"name":"wp","href":"https:\/\/api.w.org\/{rel}","templated":true}]}}