{"id":3423,"date":"2025-07-19T23:41:58","date_gmt":"2025-07-19T21:41:58","guid":{"rendered":"http:\/\/192.168.2.106\/index.php\/produkt\/szczotka-tarczowa-do-szlifierki-m14-druciana-druciak-drut-skrecany-100mm\/"},"modified":"2025-07-19T23:41:58","modified_gmt":"2025-07-19T21:41:58","slug":"szczotka-tarczowa-do-szlifierki-m14-druciana-druciak-drut-skrecany-100mm","status":"publish","type":"product","link":"https:\/\/racom.com.pl\/index.php\/produkt\/szczotka-tarczowa-do-szlifierki-m14-druciana-druciak-drut-skrecany-100mm\/","title":{"rendered":"SZCZOTKA TARCZOWA do Szlifierki M14 DRUCIANA Druciak DRUT SKR\u0118CANY 100mm"},"content":{"rendered":"<h2>Szczotka tarczowa pleciona 4\u2033 100mm M14\u00a0<\/h2>\n<p><b>Szczotka tarczowa pleciona<\/b> to niezawodne narz\u0119dzie, kt\u00f3re pomo\u017ce w r\u00f3\u017cnych pracach zwi\u0105zanych z<b> czyszczeniem, polerowaniem i przygotowaniem powierzchni<\/b>.<\/p>\n<p><b>Specyfikacja:<\/b><\/p>\n<ul>\n<li>\u015arednica ca\u0142kowita: 100 mm<\/li>\n<li>D\u0142ugo\u015b\u0107 drutu: 22 mm<\/li>\n<li>\u015arednica drutu: 0,7 mm<\/li>\n<li>Waga: 0,19 kg<\/li>\n<li>Otw\u00f3r monta\u017cowy: M14 na k\u0105t\u00f3wk\u0119<\/li>\n<li>Obroty maksymalne: 12 500 obr\/min<\/li>\n<li>Materia\u0142: falowano-karbowany drut stalowy<\/li>\n<\/ul>\n<p>(*Dopuszczalna tolerancja wymiaru +\/- 5%)<\/p>\n<\/p>\n<p><b><\/b><\/p>\n<p>Jest wyposa\u017cona w mocne i wytrzyma\u0142e w\u0142\u00f3kna plecione, kt\u00f3re skutecznie usuwaj\u0105 zanieczyszczenia, rdz\u0119, farb\u0119 i inne substancje z r\u00f3\u017cnych powierzchni. Szczotka kompatybilna <b>ze szlifierk\u0105 k\u0105tow\u0105<\/b>, wyposa\u017cona w uniwersalny <b>gwint M14<\/b>, dzi\u0119ki kt\u00f3remu mocowanie jest \u0142atwe i szybkie. Szczotka jest wykonana z <b>wysokiej jako\u015bci materia\u0142\u00f3w,<\/b> kt\u00f3re zapewniaj\u0105 jej trwa\u0142o\u015b\u0107 i wytrzyma\u0142o\u015b\u0107. W\u0142\u00f3kna plecione s\u0105 <b>odporne na zu\u017cycie<\/b> i d\u0142ugotrwa\u0142e u\u017cytkowanie, co sprawia, \u017ce szczotka jest ekonomiczna i wydajna. Doskonale sprawdzi si\u0119 <b>podczas czyszczenia powierzchni metalowych, oczyszczania spaw\u00f3w, pracach renowacyjnych, usuwania starych powierzchni malarskich: grubych pow\u0142ok lakieru i farb czy \u015bcieraniu rdzy.<\/b>\u00a0Dzi\u0119ki swojej precyzji i skuteczno\u015bci, ta szczotka tarczowa pozwala osi\u0105gn\u0105\u0107 po\u017c\u0105dane efekty w kr\u00f3tszym czasie i z mniejszym wysi\u0142kiem. <b>Szczotka druciana charakteryzuje si\u0119:<\/b><\/p>\n<ul>\n<li>Wysok\u0105 jako\u015bci\u0105 oraz wydajno\u015bci\u0105 podczas u\u017cytkowania \u2013 produkt do wielokrotnego u\u017cytku<\/li>\n<li>Szerokim zakresem zastosowa\u0144 do r\u00f3\u017cnych powierzchni \u2013 metalu jak i drewna, oraz dopasowaniem do obr\u00f3bki powierzchni kszta\u0142towych takich jak kana\u0142y, rowki itp.<\/li>\n<li>G\u0119stym falowano-karbowanym drutem stalowym, dodatkowo hartowanym<\/li>\n<li>Maksymaln\u0105 liczb\u0105 obrot\u00f3w na minut\u0119, dzi\u0119ki kt\u00f3rym szczotka radzi sobie ze wszystkimi, nawet najsilniejszymi zabrudzeniami<\/li>\n<\/ul>\n","protected":false},"excerpt":{"rendered":"<p>Szczotka tarczowa pleciona 4\u2033 100mm M14\u00a0 Szczotka tarczowa pleciona to niezawodne narz\u0119dzie, kt\u00f3re pomo\u017ce w r\u00f3\u017cnych pracach zwi\u0105zanych z czyszczeniem, polerowaniem i przygotowaniem powierzchni. Specyfikacja: \u015arednica ca\u0142kowita: 100 mm D\u0142ugo\u015b\u0107 drutu: 22 mm \u015arednica drutu: 0,7 mm Waga: 0,19 kg Otw\u00f3r monta\u017cowy: M14 na k\u0105t\u00f3wk\u0119 Obroty maksymalne: 12 500 obr\/min Materia\u0142: falowano-karbowany drut stalowy (*Dopuszczalna [&hellip;]<\/p>\n","protected":false},"featured_media":3438,"comment_status":"open","ping_status":"closed","template":"","meta":[],"product_brand":[84],"product_cat":[221],"product_tag":[],"class_list":{"0":"post-3423","1":"product","2":"type-product","3":"status-publish","4":"has-post-thumbnail","6":"product_brand-vergionic","7":"product_cat-osprzet-do-elektronarzedzi","9":"first","10":"instock","11":"taxable","12":"shipping-taxable","13":"purchasable","14":"product-type-simple"},"yoast_head":"<!-- This site is optimized with the Yoast SEO plugin v27.3 - https:\/\/yoast.com\/product\/yoast-seo-wordpress\/ -->\n<title>SZCZOTKA TARCZOWA do Szlifierki M14 DRUCIANA Druciak DRUT SKR\u0118CANY 100mm - Mix Market - Supermarket z wszystkim co potrzeba<\/title>\n<meta name=\"robots\" content=\"index, follow, max-snippet:-1, max-image-preview:large, max-video-preview:-1\" \/>\n<link rel=\"canonical\" href=\"https:\/\/racom.com.pl\/index.php\/produkt\/szczotka-tarczowa-do-szlifierki-m14-druciana-druciak-drut-skrecany-100mm\/\" \/>\n<meta property=\"og:locale\" content=\"pl_PL\" \/>\n<meta property=\"og:type\" content=\"article\" \/>\n<meta property=\"og:title\" content=\"SZCZOTKA TARCZOWA do Szlifierki M14 DRUCIANA Druciak DRUT SKR\u0118CANY 100mm - Mix Market - Supermarket z wszystkim co potrzeba\" \/>\n<meta property=\"og:description\" content=\"Szczotka tarczowa pleciona 4\u2033 100mm M14\u00a0 Szczotka tarczowa pleciona to niezawodne narz\u0119dzie, kt\u00f3re pomo\u017ce w r\u00f3\u017cnych pracach zwi\u0105zanych z czyszczeniem, polerowaniem i przygotowaniem powierzchni. Specyfikacja: \u015arednica ca\u0142kowita: 100 mm D\u0142ugo\u015b\u0107 drutu: 22 mm \u015arednica drutu: 0,7 mm Waga: 0,19 kg Otw\u00f3r monta\u017cowy: M14 na k\u0105t\u00f3wk\u0119 Obroty maksymalne: 12 500 obr\/min Materia\u0142: falowano-karbowany drut stalowy (*Dopuszczalna [&hellip;]\" \/>\n<meta property=\"og:url\" content=\"https:\/\/racom.com.pl\/index.php\/produkt\/szczotka-tarczowa-do-szlifierki-m14-druciana-druciak-drut-skrecany-100mm\/\" \/>\n<meta property=\"og:site_name\" content=\"Mix Market - Supermarket z wszystkim co potrzeba\" \/>\n<meta property=\"og:image\" content=\"https:\/\/racom.com.pl\/wp-content\/uploads\/2025\/07\/allegro_687c1266c26961.05418950_5830544741f0bf594125b24a26bf-1024x1024.jpg\" \/>\n\t<meta property=\"og:image:width\" content=\"1024\" \/>\n\t<meta property=\"og:image:height\" content=\"1024\" \/>\n\t<meta property=\"og:image:type\" content=\"image\/jpeg\" \/>\n<meta name=\"twitter:card\" content=\"summary_large_image\" \/>\n<meta name=\"twitter:label1\" content=\"Szacowany czas czytania\" \/>\n\t<meta name=\"twitter:data1\" content=\"1 minuta\" \/>\n<script type=\"application\/ld+json\" class=\"yoast-schema-graph\">{\"@context\":\"https:\\\/\\\/schema.org\",\"@graph\":[{\"@type\":\"WebPage\",\"@id\":\"https:\\\/\\\/racom.com.pl\\\/index.php\\\/produkt\\\/szczotka-tarczowa-do-szlifierki-m14-druciana-druciak-drut-skrecany-100mm\\\/\",\"url\":\"https:\\\/\\\/racom.com.pl\\\/index.php\\\/produkt\\\/szczotka-tarczowa-do-szlifierki-m14-druciana-druciak-drut-skrecany-100mm\\\/\",\"name\":\"SZCZOTKA TARCZOWA do Szlifierki M14 DRUCIANA Druciak DRUT SKR\u0118CANY 100mm - Mix Market - Supermarket z wszystkim co potrzeba\",\"isPartOf\":{\"@id\":\"https:\\\/\\\/racom.com.pl\\\/#website\"},\"primaryImageOfPage\":{\"@id\":\"https:\\\/\\\/racom.com.pl\\\/index.php\\\/produkt\\\/szczotka-tarczowa-do-szlifierki-m14-druciana-druciak-drut-skrecany-100mm\\\/#primaryimage\"},\"image\":{\"@id\":\"https:\\\/\\\/racom.com.pl\\\/index.php\\\/produkt\\\/szczotka-tarczowa-do-szlifierki-m14-druciana-druciak-drut-skrecany-100mm\\\/#primaryimage\"},\"thumbnailUrl\":\"https:\\\/\\\/racom.com.pl\\\/wp-content\\\/uploads\\\/2025\\\/07\\\/allegro_687c1266c26961.05418950_5830544741f0bf594125b24a26bf.jpg\",\"datePublished\":\"2025-07-19T21:41:58+00:00\",\"breadcrumb\":{\"@id\":\"https:\\\/\\\/racom.com.pl\\\/index.php\\\/produkt\\\/szczotka-tarczowa-do-szlifierki-m14-druciana-druciak-drut-skrecany-100mm\\\/#breadcrumb\"},\"inLanguage\":\"pl-PL\",\"potentialAction\":[{\"@type\":\"ReadAction\",\"target\":[\"https:\\\/\\\/racom.com.pl\\\/index.php\\\/produkt\\\/szczotka-tarczowa-do-szlifierki-m14-druciana-druciak-drut-skrecany-100mm\\\/\"]}]},{\"@type\":\"ImageObject\",\"inLanguage\":\"pl-PL\",\"@id\":\"https:\\\/\\\/racom.com.pl\\\/index.php\\\/produkt\\\/szczotka-tarczowa-do-szlifierki-m14-druciana-druciak-drut-skrecany-100mm\\\/#primaryimage\",\"url\":\"https:\\\/\\\/racom.com.pl\\\/wp-content\\\/uploads\\\/2025\\\/07\\\/allegro_687c1266c26961.05418950_5830544741f0bf594125b24a26bf.jpg\",\"contentUrl\":\"https:\\\/\\\/racom.com.pl\\\/wp-content\\\/uploads\\\/2025\\\/07\\\/allegro_687c1266c26961.05418950_5830544741f0bf594125b24a26bf.jpg\",\"width\":2560,\"height\":2560},{\"@type\":\"BreadcrumbList\",\"@id\":\"https:\\\/\\\/racom.com.pl\\\/index.php\\\/produkt\\\/szczotka-tarczowa-do-szlifierki-m14-druciana-druciak-drut-skrecany-100mm\\\/#breadcrumb\",\"itemListElement\":[{\"@type\":\"ListItem\",\"position\":1,\"name\":\"Strona g\u0142\u00f3wna\",\"item\":\"https:\\\/\\\/racom.com.pl\\\/\"},{\"@type\":\"ListItem\",\"position\":2,\"name\":\"Sklep\",\"item\":\"https:\\\/\\\/racom.com.pl\\\/\"},{\"@type\":\"ListItem\",\"position\":3,\"name\":\"SZCZOTKA TARCZOWA do Szlifierki M14 DRUCIANA Druciak DRUT SKR\u0118CANY 100mm\"}]},{\"@type\":\"WebSite\",\"@id\":\"https:\\\/\\\/racom.com.pl\\\/#website\",\"url\":\"https:\\\/\\\/racom.com.pl\\\/\",\"name\":\"Mix Market - Supermarket z wszystkim co potrzeba do domu i nie tylko\",\"description\":\"\",\"publisher\":{\"@id\":\"https:\\\/\\\/racom.com.pl\\\/#organization\"},\"potentialAction\":[{\"@type\":\"SearchAction\",\"target\":{\"@type\":\"EntryPoint\",\"urlTemplate\":\"https:\\\/\\\/racom.com.pl\\\/?s={search_term_string}\"},\"query-input\":{\"@type\":\"PropertyValueSpecification\",\"valueRequired\":true,\"valueName\":\"search_term_string\"}}],\"inLanguage\":\"pl-PL\"},{\"@type\":\"Organization\",\"@id\":\"https:\\\/\\\/racom.com.pl\\\/#organization\",\"name\":\"Mix Market - Supermarket z wszystkim co potrzeba do domu i nie tylko\",\"url\":\"https:\\\/\\\/racom.com.pl\\\/\",\"logo\":{\"@type\":\"ImageObject\",\"inLanguage\":\"pl-PL\",\"@id\":\"https:\\\/\\\/racom.com.pl\\\/#\\\/schema\\\/logo\\\/image\\\/\",\"url\":\"https:\\\/\\\/racom.com.pl\\\/wp-content\\\/uploads\\\/2025\\\/07\\\/mixmarket_logo.png\",\"contentUrl\":\"https:\\\/\\\/racom.com.pl\\\/wp-content\\\/uploads\\\/2025\\\/07\\\/mixmarket_logo.png\",\"width\":1024,\"height\":1024,\"caption\":\"Mix Market - Supermarket z wszystkim co potrzeba do domu i nie tylko\"},\"image\":{\"@id\":\"https:\\\/\\\/racom.com.pl\\\/#\\\/schema\\\/logo\\\/image\\\/\"}}]}<\/script>\n<!-- \/ Yoast SEO plugin. -->","yoast_head_json":{"title":"SZCZOTKA TARCZOWA do Szlifierki M14 DRUCIANA Druciak DRUT SKR\u0118CANY 100mm - Mix Market - Supermarket z wszystkim co potrzeba","robots":{"index":"index","follow":"follow","max-snippet":"max-snippet:-1","max-image-preview":"max-image-preview:large","max-video-preview":"max-video-preview:-1"},"canonical":"https:\/\/racom.com.pl\/index.php\/produkt\/szczotka-tarczowa-do-szlifierki-m14-druciana-druciak-drut-skrecany-100mm\/","og_locale":"pl_PL","og_type":"article","og_title":"SZCZOTKA TARCZOWA do Szlifierki M14 DRUCIANA Druciak DRUT SKR\u0118CANY 100mm - Mix Market - Supermarket z wszystkim co potrzeba","og_description":"Szczotka tarczowa pleciona 4\u2033 100mm M14\u00a0 Szczotka tarczowa pleciona to niezawodne narz\u0119dzie, kt\u00f3re pomo\u017ce w r\u00f3\u017cnych pracach zwi\u0105zanych z czyszczeniem, polerowaniem i przygotowaniem powierzchni. Specyfikacja: \u015arednica ca\u0142kowita: 100 mm D\u0142ugo\u015b\u0107 drutu: 22 mm \u015arednica drutu: 0,7 mm Waga: 0,19 kg Otw\u00f3r monta\u017cowy: M14 na k\u0105t\u00f3wk\u0119 Obroty maksymalne: 12 500 obr\/min Materia\u0142: falowano-karbowany drut stalowy (*Dopuszczalna [&hellip;]","og_url":"https:\/\/racom.com.pl\/index.php\/produkt\/szczotka-tarczowa-do-szlifierki-m14-druciana-druciak-drut-skrecany-100mm\/","og_site_name":"Mix Market - Supermarket z wszystkim co potrzeba","og_image":[{"width":1024,"height":1024,"url":"https:\/\/racom.com.pl\/wp-content\/uploads\/2025\/07\/allegro_687c1266c26961.05418950_5830544741f0bf594125b24a26bf-1024x1024.jpg","type":"image\/jpeg"}],"twitter_card":"summary_large_image","twitter_misc":{"Szacowany czas czytania":"1 minuta"},"schema":{"@context":"https:\/\/schema.org","@graph":[{"@type":"WebPage","@id":"https:\/\/racom.com.pl\/index.php\/produkt\/szczotka-tarczowa-do-szlifierki-m14-druciana-druciak-drut-skrecany-100mm\/","url":"https:\/\/racom.com.pl\/index.php\/produkt\/szczotka-tarczowa-do-szlifierki-m14-druciana-druciak-drut-skrecany-100mm\/","name":"SZCZOTKA TARCZOWA do Szlifierki M14 DRUCIANA Druciak DRUT SKR\u0118CANY 100mm - Mix Market - Supermarket z wszystkim co potrzeba","isPartOf":{"@id":"https:\/\/racom.com.pl\/#website"},"primaryImageOfPage":{"@id":"https:\/\/racom.com.pl\/index.php\/produkt\/szczotka-tarczowa-do-szlifierki-m14-druciana-druciak-drut-skrecany-100mm\/#primaryimage"},"image":{"@id":"https:\/\/racom.com.pl\/index.php\/produkt\/szczotka-tarczowa-do-szlifierki-m14-druciana-druciak-drut-skrecany-100mm\/#primaryimage"},"thumbnailUrl":"https:\/\/racom.com.pl\/wp-content\/uploads\/2025\/07\/allegro_687c1266c26961.05418950_5830544741f0bf594125b24a26bf.jpg","datePublished":"2025-07-19T21:41:58+00:00","breadcrumb":{"@id":"https:\/\/racom.com.pl\/index.php\/produkt\/szczotka-tarczowa-do-szlifierki-m14-druciana-druciak-drut-skrecany-100mm\/#breadcrumb"},"inLanguage":"pl-PL","potentialAction":[{"@type":"ReadAction","target":["https:\/\/racom.com.pl\/index.php\/produkt\/szczotka-tarczowa-do-szlifierki-m14-druciana-druciak-drut-skrecany-100mm\/"]}]},{"@type":"ImageObject","inLanguage":"pl-PL","@id":"https:\/\/racom.com.pl\/index.php\/produkt\/szczotka-tarczowa-do-szlifierki-m14-druciana-druciak-drut-skrecany-100mm\/#primaryimage","url":"https:\/\/racom.com.pl\/wp-content\/uploads\/2025\/07\/allegro_687c1266c26961.05418950_5830544741f0bf594125b24a26bf.jpg","contentUrl":"https:\/\/racom.com.pl\/wp-content\/uploads\/2025\/07\/allegro_687c1266c26961.05418950_5830544741f0bf594125b24a26bf.jpg","width":2560,"height":2560},{"@type":"BreadcrumbList","@id":"https:\/\/racom.com.pl\/index.php\/produkt\/szczotka-tarczowa-do-szlifierki-m14-druciana-druciak-drut-skrecany-100mm\/#breadcrumb","itemListElement":[{"@type":"ListItem","position":1,"name":"Strona g\u0142\u00f3wna","item":"https:\/\/racom.com.pl\/"},{"@type":"ListItem","position":2,"name":"Sklep","item":"https:\/\/racom.com.pl\/"},{"@type":"ListItem","position":3,"name":"SZCZOTKA TARCZOWA do Szlifierki M14 DRUCIANA Druciak DRUT SKR\u0118CANY 100mm"}]},{"@type":"WebSite","@id":"https:\/\/racom.com.pl\/#website","url":"https:\/\/racom.com.pl\/","name":"Mix Market - Supermarket z wszystkim co potrzeba do domu i nie tylko","description":"","publisher":{"@id":"https:\/\/racom.com.pl\/#organization"},"potentialAction":[{"@type":"SearchAction","target":{"@type":"EntryPoint","urlTemplate":"https:\/\/racom.com.pl\/?s={search_term_string}"},"query-input":{"@type":"PropertyValueSpecification","valueRequired":true,"valueName":"search_term_string"}}],"inLanguage":"pl-PL"},{"@type":"Organization","@id":"https:\/\/racom.com.pl\/#organization","name":"Mix Market - Supermarket z wszystkim co potrzeba do domu i nie tylko","url":"https:\/\/racom.com.pl\/","logo":{"@type":"ImageObject","inLanguage":"pl-PL","@id":"https:\/\/racom.com.pl\/#\/schema\/logo\/image\/","url":"https:\/\/racom.com.pl\/wp-content\/uploads\/2025\/07\/mixmarket_logo.png","contentUrl":"https:\/\/racom.com.pl\/wp-content\/uploads\/2025\/07\/mixmarket_logo.png","width":1024,"height":1024,"caption":"Mix Market - Supermarket z wszystkim co potrzeba do domu i nie tylko"},"image":{"@id":"https:\/\/racom.com.pl\/#\/schema\/logo\/image\/"}}]}},"_links":{"self":[{"href":"https:\/\/racom.com.pl\/index.php\/wp-json\/wp\/v2\/product\/3423","targetHints":{"allow":["GET"]}}],"collection":[{"href":"https:\/\/racom.com.pl\/index.php\/wp-json\/wp\/v2\/product"}],"about":[{"href":"https:\/\/racom.com.pl\/index.php\/wp-json\/wp\/v2\/types\/product"}],"replies":[{"embeddable":true,"href":"https:\/\/racom.com.pl\/index.php\/wp-json\/wp\/v2\/comments?post=3423"}],"wp:featuredmedia":[{"embeddable":true,"href":"https:\/\/racom.com.pl\/index.php\/wp-json\/wp\/v2\/media\/3438"}],"wp:attachment":[{"href":"https:\/\/racom.com.pl\/index.php\/wp-json\/wp\/v2\/media?parent=3423"}],"wp:term":[{"taxonomy":"product_brand","embeddable":true,"href":"https:\/\/racom.com.pl\/index.php\/wp-json\/wp\/v2\/product_brand?post=3423"},{"taxonomy":"product_cat","embeddable":true,"href":"https:\/\/racom.com.pl\/index.php\/wp-json\/wp\/v2\/product_cat?post=3423"},{"taxonomy":"product_tag","embeddable":true,"href":"https:\/\/racom.com.pl\/index.php\/wp-json\/wp\/v2\/product_tag?post=3423"}],"curies":[{"name":"wp","href":"https:\/\/api.w.org\/{rel}","templated":true}]}}