{"id":3439,"date":"2025-07-19T23:47:48","date_gmt":"2025-07-19T21:47:48","guid":{"rendered":"http:\/\/192.168.2.106\/index.php\/produkt\/szczotka-druciana-druciak-mosiezna-na-katowke-m14-drut-falisty-100mm\/"},"modified":"2025-07-19T23:47:48","modified_gmt":"2025-07-19T21:47:48","slug":"szczotka-druciana-druciak-mosiezna-na-katowke-m14-drut-falisty-100mm","status":"publish","type":"product","link":"https:\/\/racom.com.pl\/index.php\/produkt\/szczotka-druciana-druciak-mosiezna-na-katowke-m14-drut-falisty-100mm\/","title":{"rendered":"SZCZOTKA DRUCIANA DRUCIAK Mosi\u0119\u017cna na K\u0105t\u00f3wk\u0119 M14 DRUT FALISTY 100mm"},"content":{"rendered":"<h2>Druciana szczotka mosi\u0119\u017cna 4&#8221; M14 100mm DRUT Falowany<\/h2>\n<p><b>Szczotka druciana<\/b> to niezawodne narz\u0119dzie do czyszczenia i usuwania rdzy, farby oraz innych zanieczyszcze\u0144 z r\u00f3\u017cnych powierzchni. Dzi\u0119ki swojej solidnej konstrukcji i wytrzyma\u0142ym drutom stalowym, ta szczotka zapewnia skuteczne i efektywne czyszczenie.<\/p>\n<p><b>Specyfikacja:<\/b><\/p>\n<ul>\n<li>\u015arednica ca\u0142kowita: <b>100 mm<\/b><\/li>\n<li>D\u0142ugo\u015b\u0107 drutu: <b>30 mm<\/b><\/li>\n<li>\u015arednica drutu: <b>0,5 mm<\/b><\/li>\n<li>Otw\u00f3r monta\u017cowy: <b>M14 na k\u0105t\u00f3wk\u0119<\/b><\/li>\n<li>Obroty maksymalne: <b>8500 obr\/min<\/b><\/li>\n<li>Materia\u0142: <b>wysokiej jako\u015bci mosi\u0119\u017cny drut<\/b><\/li>\n<\/ul>\n<p>*Dopuszczalna tolerancja wymiaru +\/- 5%<\/p>\n<p>Szczotka jest niezast\u0105piona w r\u00f3\u017cnych bran\u017cach, takich jak budownictwo, motoryzacja, przemys\u0142 czy remonty. Mo\u017ce by\u0107 stosowane zar\u00f3wno w profesjonalnych warsztatach, jak i w domowym zaciszu. Szczotka druciana jest kompatybilna z uchwytami <b>M14,<\/b> co umo\u017cliwia \u0142atwe zamocowanie na <b>szlifierce k\u0105towej.<\/b> Dzi\u0119ki temu mo\u017cna swobodnie manewrowa\u0107 szczotk\u0105 i dotrze\u0107 do trudno dost\u0119pnych miejsc. Jest wyposa\u017cona w splecione druty, kt\u00f3re gwarantuj\u0105 trwa\u0142o\u015b\u0107 i wytrzyma\u0142o\u015b\u0107. Dzi\u0119ki temu mo\u017cna j\u0105 stosowa\u0107 do intensywnych prac czyszcz\u0105cych na r\u00f3\u017cnych powierzchniach, takich jak metal, drewno czy beton. Mocne i elastyczne druty skutecznie<b> usuwaj\u0105 osad, rdz\u0119 i farb\u0119<\/b>, pozostawiaj\u0105c powierzchni\u0119 czyst\u0105 i przygotowan\u0105 do dalszej obr\u00f3bki. <b>Szczotka druciana charakteryzuje si\u0119:<\/b><\/p>\n<ul>\n<li>Wysok\u0105 jako\u015bci\u0105 oraz wydajno\u015bci\u0105 podczas u\u017cytkowania \u2013 produkt do wielokrotnego u\u017cytku<\/li>\n<li>Szerokim zakresem zastosowa\u0144 do r\u00f3\u017cnych powierzchni \u2013 metalu jak i drewna, oraz dopasowaniem do obr\u00f3bki powierzchni kszta\u0142towych takich jak kana\u0142y, rowki itp.<\/li>\n<li>G\u0119stym falowano-karbowanym drutem stalowym, dodatkowo hartowanym<\/li>\n<li>Maksymaln\u0105 liczb\u0105 obrot\u00f3w na minut\u0119, dzi\u0119ki kt\u00f3rym szczotka radzi sobie ze wszystkimi, nawet najsilniejszymi zabrudzeniami<\/li>\n<\/ul>\n","protected":false},"excerpt":{"rendered":"<p>Druciana szczotka mosi\u0119\u017cna 4&#8221; M14 100mm DRUT Falowany Szczotka druciana to niezawodne narz\u0119dzie do czyszczenia i usuwania rdzy, farby oraz innych zanieczyszcze\u0144 z r\u00f3\u017cnych powierzchni. Dzi\u0119ki swojej solidnej konstrukcji i wytrzyma\u0142ym drutom stalowym, ta szczotka zapewnia skuteczne i efektywne czyszczenie. Specyfikacja: \u015arednica ca\u0142kowita: 100 mm D\u0142ugo\u015b\u0107 drutu: 30 mm \u015arednica drutu: 0,5 mm Otw\u00f3r monta\u017cowy: [&hellip;]<\/p>\n","protected":false},"featured_media":3452,"comment_status":"open","ping_status":"closed","template":"","meta":[],"product_brand":[84],"product_cat":[221],"product_tag":[],"class_list":{"0":"post-3439","1":"product","2":"type-product","3":"status-publish","4":"has-post-thumbnail","6":"product_brand-vergionic","7":"product_cat-osprzet-do-elektronarzedzi","9":"first","10":"instock","11":"taxable","12":"shipping-taxable","13":"purchasable","14":"product-type-simple"},"yoast_head":"<!-- This site is optimized with the Yoast SEO plugin v27.3 - https:\/\/yoast.com\/product\/yoast-seo-wordpress\/ -->\n<title>SZCZOTKA DRUCIANA DRUCIAK Mosi\u0119\u017cna na K\u0105t\u00f3wk\u0119 M14 DRUT FALISTY 100mm - Mix Market - Supermarket z wszystkim co potrzeba<\/title>\n<meta name=\"robots\" content=\"index, follow, max-snippet:-1, max-image-preview:large, max-video-preview:-1\" \/>\n<link rel=\"canonical\" href=\"https:\/\/racom.com.pl\/index.php\/produkt\/szczotka-druciana-druciak-mosiezna-na-katowke-m14-drut-falisty-100mm\/\" \/>\n<meta property=\"og:locale\" content=\"pl_PL\" \/>\n<meta property=\"og:type\" content=\"article\" \/>\n<meta property=\"og:title\" content=\"SZCZOTKA DRUCIANA DRUCIAK Mosi\u0119\u017cna na K\u0105t\u00f3wk\u0119 M14 DRUT FALISTY 100mm - Mix Market - Supermarket z wszystkim co potrzeba\" \/>\n<meta property=\"og:description\" content=\"Druciana szczotka mosi\u0119\u017cna 4&#8221; M14 100mm DRUT Falowany Szczotka druciana to niezawodne narz\u0119dzie do czyszczenia i usuwania rdzy, farby oraz innych zanieczyszcze\u0144 z r\u00f3\u017cnych powierzchni. Dzi\u0119ki swojej solidnej konstrukcji i wytrzyma\u0142ym drutom stalowym, ta szczotka zapewnia skuteczne i efektywne czyszczenie. Specyfikacja: \u015arednica ca\u0142kowita: 100 mm D\u0142ugo\u015b\u0107 drutu: 30 mm \u015arednica drutu: 0,5 mm Otw\u00f3r monta\u017cowy: [&hellip;]\" \/>\n<meta property=\"og:url\" content=\"https:\/\/racom.com.pl\/index.php\/produkt\/szczotka-druciana-druciak-mosiezna-na-katowke-m14-drut-falisty-100mm\/\" \/>\n<meta property=\"og:site_name\" content=\"Mix Market - Supermarket z wszystkim co potrzeba\" \/>\n<meta property=\"og:image\" content=\"https:\/\/racom.com.pl\/wp-content\/uploads\/2025\/07\/allegro_687c136120bf06.55241869_fd5f309848b7aa79289392776219.jpg\" \/>\n\t<meta property=\"og:image:width\" content=\"2560\" \/>\n\t<meta property=\"og:image:height\" content=\"2560\" \/>\n\t<meta property=\"og:image:type\" content=\"image\/jpeg\" \/>\n<meta name=\"twitter:card\" content=\"summary_large_image\" \/>\n<meta name=\"twitter:label1\" content=\"Szacowany czas czytania\" \/>\n\t<meta name=\"twitter:data1\" content=\"1 minuta\" \/>\n<script type=\"application\/ld+json\" class=\"yoast-schema-graph\">{\"@context\":\"https:\\\/\\\/schema.org\",\"@graph\":[{\"@type\":\"WebPage\",\"@id\":\"https:\\\/\\\/racom.com.pl\\\/index.php\\\/produkt\\\/szczotka-druciana-druciak-mosiezna-na-katowke-m14-drut-falisty-100mm\\\/\",\"url\":\"https:\\\/\\\/racom.com.pl\\\/index.php\\\/produkt\\\/szczotka-druciana-druciak-mosiezna-na-katowke-m14-drut-falisty-100mm\\\/\",\"name\":\"SZCZOTKA DRUCIANA DRUCIAK Mosi\u0119\u017cna na K\u0105t\u00f3wk\u0119 M14 DRUT FALISTY 100mm - Mix Market - Supermarket z wszystkim co potrzeba\",\"isPartOf\":{\"@id\":\"https:\\\/\\\/racom.com.pl\\\/#website\"},\"primaryImageOfPage\":{\"@id\":\"https:\\\/\\\/racom.com.pl\\\/index.php\\\/produkt\\\/szczotka-druciana-druciak-mosiezna-na-katowke-m14-drut-falisty-100mm\\\/#primaryimage\"},\"image\":{\"@id\":\"https:\\\/\\\/racom.com.pl\\\/index.php\\\/produkt\\\/szczotka-druciana-druciak-mosiezna-na-katowke-m14-drut-falisty-100mm\\\/#primaryimage\"},\"thumbnailUrl\":\"https:\\\/\\\/racom.com.pl\\\/wp-content\\\/uploads\\\/2025\\\/07\\\/allegro_687c136120bf06.55241869_fd5f309848b7aa79289392776219.jpg\",\"datePublished\":\"2025-07-19T21:47:48+00:00\",\"breadcrumb\":{\"@id\":\"https:\\\/\\\/racom.com.pl\\\/index.php\\\/produkt\\\/szczotka-druciana-druciak-mosiezna-na-katowke-m14-drut-falisty-100mm\\\/#breadcrumb\"},\"inLanguage\":\"pl-PL\",\"potentialAction\":[{\"@type\":\"ReadAction\",\"target\":[\"https:\\\/\\\/racom.com.pl\\\/index.php\\\/produkt\\\/szczotka-druciana-druciak-mosiezna-na-katowke-m14-drut-falisty-100mm\\\/\"]}]},{\"@type\":\"ImageObject\",\"inLanguage\":\"pl-PL\",\"@id\":\"https:\\\/\\\/racom.com.pl\\\/index.php\\\/produkt\\\/szczotka-druciana-druciak-mosiezna-na-katowke-m14-drut-falisty-100mm\\\/#primaryimage\",\"url\":\"https:\\\/\\\/racom.com.pl\\\/wp-content\\\/uploads\\\/2025\\\/07\\\/allegro_687c136120bf06.55241869_fd5f309848b7aa79289392776219.jpg\",\"contentUrl\":\"https:\\\/\\\/racom.com.pl\\\/wp-content\\\/uploads\\\/2025\\\/07\\\/allegro_687c136120bf06.55241869_fd5f309848b7aa79289392776219.jpg\",\"width\":2560,\"height\":2560},{\"@type\":\"BreadcrumbList\",\"@id\":\"https:\\\/\\\/racom.com.pl\\\/index.php\\\/produkt\\\/szczotka-druciana-druciak-mosiezna-na-katowke-m14-drut-falisty-100mm\\\/#breadcrumb\",\"itemListElement\":[{\"@type\":\"ListItem\",\"position\":1,\"name\":\"Strona g\u0142\u00f3wna\",\"item\":\"https:\\\/\\\/racom.com.pl\\\/\"},{\"@type\":\"ListItem\",\"position\":2,\"name\":\"Sklep\",\"item\":\"https:\\\/\\\/racom.com.pl\\\/\"},{\"@type\":\"ListItem\",\"position\":3,\"name\":\"SZCZOTKA DRUCIANA DRUCIAK Mosi\u0119\u017cna na K\u0105t\u00f3wk\u0119 M14 DRUT FALISTY 100mm\"}]},{\"@type\":\"WebSite\",\"@id\":\"https:\\\/\\\/racom.com.pl\\\/#website\",\"url\":\"https:\\\/\\\/racom.com.pl\\\/\",\"name\":\"Mix Market - Supermarket z wszystkim co potrzeba do domu i nie tylko\",\"description\":\"\",\"publisher\":{\"@id\":\"https:\\\/\\\/racom.com.pl\\\/#organization\"},\"potentialAction\":[{\"@type\":\"SearchAction\",\"target\":{\"@type\":\"EntryPoint\",\"urlTemplate\":\"https:\\\/\\\/racom.com.pl\\\/?s={search_term_string}\"},\"query-input\":{\"@type\":\"PropertyValueSpecification\",\"valueRequired\":true,\"valueName\":\"search_term_string\"}}],\"inLanguage\":\"pl-PL\"},{\"@type\":\"Organization\",\"@id\":\"https:\\\/\\\/racom.com.pl\\\/#organization\",\"name\":\"Mix Market - Supermarket z wszystkim co potrzeba do domu i nie tylko\",\"url\":\"https:\\\/\\\/racom.com.pl\\\/\",\"logo\":{\"@type\":\"ImageObject\",\"inLanguage\":\"pl-PL\",\"@id\":\"https:\\\/\\\/racom.com.pl\\\/#\\\/schema\\\/logo\\\/image\\\/\",\"url\":\"https:\\\/\\\/racom.com.pl\\\/wp-content\\\/uploads\\\/2025\\\/07\\\/mixmarket_logo.png\",\"contentUrl\":\"https:\\\/\\\/racom.com.pl\\\/wp-content\\\/uploads\\\/2025\\\/07\\\/mixmarket_logo.png\",\"width\":1024,\"height\":1024,\"caption\":\"Mix Market - Supermarket z wszystkim co potrzeba do domu i nie tylko\"},\"image\":{\"@id\":\"https:\\\/\\\/racom.com.pl\\\/#\\\/schema\\\/logo\\\/image\\\/\"}}]}<\/script>\n<!-- \/ Yoast SEO plugin. -->","yoast_head_json":{"title":"SZCZOTKA DRUCIANA DRUCIAK Mosi\u0119\u017cna na K\u0105t\u00f3wk\u0119 M14 DRUT FALISTY 100mm - Mix Market - Supermarket z wszystkim co potrzeba","robots":{"index":"index","follow":"follow","max-snippet":"max-snippet:-1","max-image-preview":"max-image-preview:large","max-video-preview":"max-video-preview:-1"},"canonical":"https:\/\/racom.com.pl\/index.php\/produkt\/szczotka-druciana-druciak-mosiezna-na-katowke-m14-drut-falisty-100mm\/","og_locale":"pl_PL","og_type":"article","og_title":"SZCZOTKA DRUCIANA DRUCIAK Mosi\u0119\u017cna na K\u0105t\u00f3wk\u0119 M14 DRUT FALISTY 100mm - Mix Market - Supermarket z wszystkim co potrzeba","og_description":"Druciana szczotka mosi\u0119\u017cna 4&#8221; M14 100mm DRUT Falowany Szczotka druciana to niezawodne narz\u0119dzie do czyszczenia i usuwania rdzy, farby oraz innych zanieczyszcze\u0144 z r\u00f3\u017cnych powierzchni. Dzi\u0119ki swojej solidnej konstrukcji i wytrzyma\u0142ym drutom stalowym, ta szczotka zapewnia skuteczne i efektywne czyszczenie. Specyfikacja: \u015arednica ca\u0142kowita: 100 mm D\u0142ugo\u015b\u0107 drutu: 30 mm \u015arednica drutu: 0,5 mm Otw\u00f3r monta\u017cowy: [&hellip;]","og_url":"https:\/\/racom.com.pl\/index.php\/produkt\/szczotka-druciana-druciak-mosiezna-na-katowke-m14-drut-falisty-100mm\/","og_site_name":"Mix Market - Supermarket z wszystkim co potrzeba","og_image":[{"width":2560,"height":2560,"url":"https:\/\/racom.com.pl\/wp-content\/uploads\/2025\/07\/allegro_687c136120bf06.55241869_fd5f309848b7aa79289392776219.jpg","type":"image\/jpeg"}],"twitter_card":"summary_large_image","twitter_misc":{"Szacowany czas czytania":"1 minuta"},"schema":{"@context":"https:\/\/schema.org","@graph":[{"@type":"WebPage","@id":"https:\/\/racom.com.pl\/index.php\/produkt\/szczotka-druciana-druciak-mosiezna-na-katowke-m14-drut-falisty-100mm\/","url":"https:\/\/racom.com.pl\/index.php\/produkt\/szczotka-druciana-druciak-mosiezna-na-katowke-m14-drut-falisty-100mm\/","name":"SZCZOTKA DRUCIANA DRUCIAK Mosi\u0119\u017cna na K\u0105t\u00f3wk\u0119 M14 DRUT FALISTY 100mm - Mix Market - Supermarket z wszystkim co potrzeba","isPartOf":{"@id":"https:\/\/racom.com.pl\/#website"},"primaryImageOfPage":{"@id":"https:\/\/racom.com.pl\/index.php\/produkt\/szczotka-druciana-druciak-mosiezna-na-katowke-m14-drut-falisty-100mm\/#primaryimage"},"image":{"@id":"https:\/\/racom.com.pl\/index.php\/produkt\/szczotka-druciana-druciak-mosiezna-na-katowke-m14-drut-falisty-100mm\/#primaryimage"},"thumbnailUrl":"https:\/\/racom.com.pl\/wp-content\/uploads\/2025\/07\/allegro_687c136120bf06.55241869_fd5f309848b7aa79289392776219.jpg","datePublished":"2025-07-19T21:47:48+00:00","breadcrumb":{"@id":"https:\/\/racom.com.pl\/index.php\/produkt\/szczotka-druciana-druciak-mosiezna-na-katowke-m14-drut-falisty-100mm\/#breadcrumb"},"inLanguage":"pl-PL","potentialAction":[{"@type":"ReadAction","target":["https:\/\/racom.com.pl\/index.php\/produkt\/szczotka-druciana-druciak-mosiezna-na-katowke-m14-drut-falisty-100mm\/"]}]},{"@type":"ImageObject","inLanguage":"pl-PL","@id":"https:\/\/racom.com.pl\/index.php\/produkt\/szczotka-druciana-druciak-mosiezna-na-katowke-m14-drut-falisty-100mm\/#primaryimage","url":"https:\/\/racom.com.pl\/wp-content\/uploads\/2025\/07\/allegro_687c136120bf06.55241869_fd5f309848b7aa79289392776219.jpg","contentUrl":"https:\/\/racom.com.pl\/wp-content\/uploads\/2025\/07\/allegro_687c136120bf06.55241869_fd5f309848b7aa79289392776219.jpg","width":2560,"height":2560},{"@type":"BreadcrumbList","@id":"https:\/\/racom.com.pl\/index.php\/produkt\/szczotka-druciana-druciak-mosiezna-na-katowke-m14-drut-falisty-100mm\/#breadcrumb","itemListElement":[{"@type":"ListItem","position":1,"name":"Strona g\u0142\u00f3wna","item":"https:\/\/racom.com.pl\/"},{"@type":"ListItem","position":2,"name":"Sklep","item":"https:\/\/racom.com.pl\/"},{"@type":"ListItem","position":3,"name":"SZCZOTKA DRUCIANA DRUCIAK Mosi\u0119\u017cna na K\u0105t\u00f3wk\u0119 M14 DRUT FALISTY 100mm"}]},{"@type":"WebSite","@id":"https:\/\/racom.com.pl\/#website","url":"https:\/\/racom.com.pl\/","name":"Mix Market - Supermarket z wszystkim co potrzeba do domu i nie tylko","description":"","publisher":{"@id":"https:\/\/racom.com.pl\/#organization"},"potentialAction":[{"@type":"SearchAction","target":{"@type":"EntryPoint","urlTemplate":"https:\/\/racom.com.pl\/?s={search_term_string}"},"query-input":{"@type":"PropertyValueSpecification","valueRequired":true,"valueName":"search_term_string"}}],"inLanguage":"pl-PL"},{"@type":"Organization","@id":"https:\/\/racom.com.pl\/#organization","name":"Mix Market - Supermarket z wszystkim co potrzeba do domu i nie tylko","url":"https:\/\/racom.com.pl\/","logo":{"@type":"ImageObject","inLanguage":"pl-PL","@id":"https:\/\/racom.com.pl\/#\/schema\/logo\/image\/","url":"https:\/\/racom.com.pl\/wp-content\/uploads\/2025\/07\/mixmarket_logo.png","contentUrl":"https:\/\/racom.com.pl\/wp-content\/uploads\/2025\/07\/mixmarket_logo.png","width":1024,"height":1024,"caption":"Mix Market - Supermarket z wszystkim co potrzeba do domu i nie tylko"},"image":{"@id":"https:\/\/racom.com.pl\/#\/schema\/logo\/image\/"}}]}},"_links":{"self":[{"href":"https:\/\/racom.com.pl\/index.php\/wp-json\/wp\/v2\/product\/3439","targetHints":{"allow":["GET"]}}],"collection":[{"href":"https:\/\/racom.com.pl\/index.php\/wp-json\/wp\/v2\/product"}],"about":[{"href":"https:\/\/racom.com.pl\/index.php\/wp-json\/wp\/v2\/types\/product"}],"replies":[{"embeddable":true,"href":"https:\/\/racom.com.pl\/index.php\/wp-json\/wp\/v2\/comments?post=3439"}],"wp:featuredmedia":[{"embeddable":true,"href":"https:\/\/racom.com.pl\/index.php\/wp-json\/wp\/v2\/media\/3452"}],"wp:attachment":[{"href":"https:\/\/racom.com.pl\/index.php\/wp-json\/wp\/v2\/media?parent=3439"}],"wp:term":[{"taxonomy":"product_brand","embeddable":true,"href":"https:\/\/racom.com.pl\/index.php\/wp-json\/wp\/v2\/product_brand?post=3439"},{"taxonomy":"product_cat","embeddable":true,"href":"https:\/\/racom.com.pl\/index.php\/wp-json\/wp\/v2\/product_cat?post=3439"},{"taxonomy":"product_tag","embeddable":true,"href":"https:\/\/racom.com.pl\/index.php\/wp-json\/wp\/v2\/product_tag?post=3439"}],"curies":[{"name":"wp","href":"https:\/\/api.w.org\/{rel}","templated":true}]}}