{"id":3453,"date":"2025-07-19T23:51:43","date_gmt":"2025-07-19T21:51:43","guid":{"rendered":"http:\/\/192.168.2.106\/index.php\/produkt\/szczotka-druciana-druciak-mosiezna-na-katowke-m14-drut-falisty-75mm\/"},"modified":"2025-07-19T23:51:43","modified_gmt":"2025-07-19T21:51:43","slug":"szczotka-druciana-druciak-mosiezna-na-katowke-m14-drut-falisty-75mm","status":"publish","type":"product","link":"https:\/\/racom.com.pl\/index.php\/produkt\/szczotka-druciana-druciak-mosiezna-na-katowke-m14-drut-falisty-75mm\/","title":{"rendered":"SZCZOTKA DRUCIANA DRUCIAK Mosi\u0119\u017cna na K\u0105t\u00f3wk\u0119 M14 DRUT FALISTY 75mm"},"content":{"rendered":"<h2>Druciana szczotka mosi\u0119\u017cna 3\u2033 7mm M14<\/h2>\n<p><b>Szczotka druciana<\/b> doskonale sprawdzi si\u0119 przy czyszczeniu powierzchni metalowych, oczyszczaniu spaw\u00f3w, pracach renowacyjnych, usuwaniu starych powierzchni malarskich: lakieru i farb czy \u015bcieraniu rdzy.<\/p>\n<p><b>Specyfikacja:<\/b><\/p>\n<ul>\n<li>\u015arednica ca\u0142kowita: 75 mm<\/li>\n<li>D\u0142ugo\u015b\u0107 drutu: 25 mm<\/li>\n<li>\u015arednica drutu: 0,3 mm<\/li>\n<li>Waga: 0,15 kg<\/li>\n<li>Otw\u00f3r monta\u017cowy: M14 na k\u0105t\u00f3wk\u0119<\/li>\n<li>Obroty maksymalne: 12 500 obr\/min<\/li>\n<li>Materia\u0142: wysokiej jako\u015bci mosi\u0119\u017cny drut<\/li>\n<\/ul>\n<p>Szczotka zapewnia skuteczne i efektywne czyszczenie dzi\u0119ki swojej solidnej konstrukcji i wytrzyma\u0142ym mosi\u0119\u017cnym drutom. Jest niezast\u0105piona w r\u00f3\u017cnych bran\u017cach, tj. budownictwo, motoryzacja, przemys\u0142 czy remonty. Mo\u017ce by\u0107 stosowana zar\u00f3wno w profesjonalnych warsztatach, jak i w domowym zaciszu. Szczotka druciana kompatybilna jest ze szlifierk\u0105 k\u0105tow\u0105. Wyposa\u017cona zosta\u0142a w uniwersalny gwint <b>M14<\/b>, dzi\u0119ki kt\u00f3remu mocowanie jest \u0142atwe i szybkie. <b>Szczotka druciana charakteryzuje si\u0119:<\/b><\/p>\n<ul>\n<li>Wysok\u0105 jako\u015bci\u0105 oraz wydajno\u015bci\u0105 podczas u\u017cytkowania \u2013 produkt do wielokrotnego u\u017cytku<\/li>\n<li>Szerokim zakresem zastosowa\u0144 do r\u00f3\u017cnych powierzchni \u2013 metalu jak i drewna, oraz dopasowaniem do obr\u00f3bki powierzchni kszta\u0142towych takich jak kana\u0142y, rowki itp.<\/li>\n<li>G\u0119stym falowano-karbowanym mosi\u0119\u017cnym drutem<\/li>\n<li>Maksymaln\u0105 liczb\u0105 obrot\u00f3w na minut\u0119, dzi\u0119ki kt\u00f3rym szczotka radzi sobie ze wszystkimi, nawet najsilniejszymi zabrudzeniami<\/li>\n<\/ul>\n","protected":false},"excerpt":{"rendered":"<p>Druciana szczotka mosi\u0119\u017cna 3\u2033 7mm M14 Szczotka druciana doskonale sprawdzi si\u0119 przy czyszczeniu powierzchni metalowych, oczyszczaniu spaw\u00f3w, pracach renowacyjnych, usuwaniu starych powierzchni malarskich: lakieru i farb czy \u015bcieraniu rdzy. Specyfikacja: \u015arednica ca\u0142kowita: 75 mm D\u0142ugo\u015b\u0107 drutu: 25 mm \u015arednica drutu: 0,3 mm Waga: 0,15 kg Otw\u00f3r monta\u017cowy: M14 na k\u0105t\u00f3wk\u0119 Obroty maksymalne: 12 500 obr\/min [&hellip;]<\/p>\n","protected":false},"featured_media":3460,"comment_status":"open","ping_status":"closed","template":"","meta":[],"product_brand":[84],"product_cat":[221],"product_tag":[],"class_list":{"0":"post-3453","1":"product","2":"type-product","3":"status-publish","4":"has-post-thumbnail","6":"product_brand-vergionic","7":"product_cat-osprzet-do-elektronarzedzi","9":"first","10":"instock","11":"taxable","12":"shipping-taxable","13":"purchasable","14":"product-type-simple"},"yoast_head":"<!-- This site is optimized with the Yoast SEO plugin v27.3 - https:\/\/yoast.com\/product\/yoast-seo-wordpress\/ -->\n<title>SZCZOTKA DRUCIANA DRUCIAK Mosi\u0119\u017cna na K\u0105t\u00f3wk\u0119 M14 DRUT FALISTY 75mm - Mix Market - Supermarket z wszystkim co potrzeba<\/title>\n<meta name=\"robots\" content=\"index, follow, max-snippet:-1, max-image-preview:large, max-video-preview:-1\" \/>\n<link rel=\"canonical\" href=\"https:\/\/racom.com.pl\/index.php\/produkt\/szczotka-druciana-druciak-mosiezna-na-katowke-m14-drut-falisty-75mm\/\" \/>\n<meta property=\"og:locale\" content=\"pl_PL\" \/>\n<meta property=\"og:type\" content=\"article\" \/>\n<meta property=\"og:title\" content=\"SZCZOTKA DRUCIANA DRUCIAK Mosi\u0119\u017cna na K\u0105t\u00f3wk\u0119 M14 DRUT FALISTY 75mm - Mix Market - Supermarket z wszystkim co potrzeba\" \/>\n<meta property=\"og:description\" content=\"Druciana szczotka mosi\u0119\u017cna 3\u2033 7mm M14 Szczotka druciana doskonale sprawdzi si\u0119 przy czyszczeniu powierzchni metalowych, oczyszczaniu spaw\u00f3w, pracach renowacyjnych, usuwaniu starych powierzchni malarskich: lakieru i farb czy \u015bcieraniu rdzy. Specyfikacja: \u015arednica ca\u0142kowita: 75 mm D\u0142ugo\u015b\u0107 drutu: 25 mm \u015arednica drutu: 0,3 mm Waga: 0,15 kg Otw\u00f3r monta\u017cowy: M14 na k\u0105t\u00f3wk\u0119 Obroty maksymalne: 12 500 obr\/min [&hellip;]\" \/>\n<meta property=\"og:url\" content=\"https:\/\/racom.com.pl\/index.php\/produkt\/szczotka-druciana-druciak-mosiezna-na-katowke-m14-drut-falisty-75mm\/\" \/>\n<meta property=\"og:site_name\" content=\"Mix Market - Supermarket z wszystkim co potrzeba\" \/>\n<meta property=\"og:image\" content=\"https:\/\/racom.com.pl\/wp-content\/uploads\/2025\/07\/allegro_687c13bc4e7cc9.95865014_97f805304980ba850b357dfb6b5a.jpg\" \/>\n\t<meta property=\"og:image:width\" content=\"1537\" \/>\n\t<meta property=\"og:image:height\" content=\"1537\" \/>\n\t<meta property=\"og:image:type\" content=\"image\/jpeg\" \/>\n<meta name=\"twitter:card\" content=\"summary_large_image\" \/>\n<meta name=\"twitter:label1\" content=\"Szacowany czas czytania\" \/>\n\t<meta name=\"twitter:data1\" content=\"1 minuta\" \/>\n<script type=\"application\/ld+json\" class=\"yoast-schema-graph\">{\"@context\":\"https:\\\/\\\/schema.org\",\"@graph\":[{\"@type\":\"WebPage\",\"@id\":\"https:\\\/\\\/racom.com.pl\\\/index.php\\\/produkt\\\/szczotka-druciana-druciak-mosiezna-na-katowke-m14-drut-falisty-75mm\\\/\",\"url\":\"https:\\\/\\\/racom.com.pl\\\/index.php\\\/produkt\\\/szczotka-druciana-druciak-mosiezna-na-katowke-m14-drut-falisty-75mm\\\/\",\"name\":\"SZCZOTKA DRUCIANA DRUCIAK Mosi\u0119\u017cna na K\u0105t\u00f3wk\u0119 M14 DRUT FALISTY 75mm - Mix Market - Supermarket z wszystkim co potrzeba\",\"isPartOf\":{\"@id\":\"https:\\\/\\\/racom.com.pl\\\/#website\"},\"primaryImageOfPage\":{\"@id\":\"https:\\\/\\\/racom.com.pl\\\/index.php\\\/produkt\\\/szczotka-druciana-druciak-mosiezna-na-katowke-m14-drut-falisty-75mm\\\/#primaryimage\"},\"image\":{\"@id\":\"https:\\\/\\\/racom.com.pl\\\/index.php\\\/produkt\\\/szczotka-druciana-druciak-mosiezna-na-katowke-m14-drut-falisty-75mm\\\/#primaryimage\"},\"thumbnailUrl\":\"https:\\\/\\\/racom.com.pl\\\/wp-content\\\/uploads\\\/2025\\\/07\\\/allegro_687c13bc4e7cc9.95865014_97f805304980ba850b357dfb6b5a.jpg\",\"datePublished\":\"2025-07-19T21:51:43+00:00\",\"breadcrumb\":{\"@id\":\"https:\\\/\\\/racom.com.pl\\\/index.php\\\/produkt\\\/szczotka-druciana-druciak-mosiezna-na-katowke-m14-drut-falisty-75mm\\\/#breadcrumb\"},\"inLanguage\":\"pl-PL\",\"potentialAction\":[{\"@type\":\"ReadAction\",\"target\":[\"https:\\\/\\\/racom.com.pl\\\/index.php\\\/produkt\\\/szczotka-druciana-druciak-mosiezna-na-katowke-m14-drut-falisty-75mm\\\/\"]}]},{\"@type\":\"ImageObject\",\"inLanguage\":\"pl-PL\",\"@id\":\"https:\\\/\\\/racom.com.pl\\\/index.php\\\/produkt\\\/szczotka-druciana-druciak-mosiezna-na-katowke-m14-drut-falisty-75mm\\\/#primaryimage\",\"url\":\"https:\\\/\\\/racom.com.pl\\\/wp-content\\\/uploads\\\/2025\\\/07\\\/allegro_687c13bc4e7cc9.95865014_97f805304980ba850b357dfb6b5a.jpg\",\"contentUrl\":\"https:\\\/\\\/racom.com.pl\\\/wp-content\\\/uploads\\\/2025\\\/07\\\/allegro_687c13bc4e7cc9.95865014_97f805304980ba850b357dfb6b5a.jpg\",\"width\":1537,\"height\":1537},{\"@type\":\"BreadcrumbList\",\"@id\":\"https:\\\/\\\/racom.com.pl\\\/index.php\\\/produkt\\\/szczotka-druciana-druciak-mosiezna-na-katowke-m14-drut-falisty-75mm\\\/#breadcrumb\",\"itemListElement\":[{\"@type\":\"ListItem\",\"position\":1,\"name\":\"Strona g\u0142\u00f3wna\",\"item\":\"https:\\\/\\\/racom.com.pl\\\/\"},{\"@type\":\"ListItem\",\"position\":2,\"name\":\"Sklep\",\"item\":\"https:\\\/\\\/racom.com.pl\\\/\"},{\"@type\":\"ListItem\",\"position\":3,\"name\":\"SZCZOTKA DRUCIANA DRUCIAK Mosi\u0119\u017cna na K\u0105t\u00f3wk\u0119 M14 DRUT FALISTY 75mm\"}]},{\"@type\":\"WebSite\",\"@id\":\"https:\\\/\\\/racom.com.pl\\\/#website\",\"url\":\"https:\\\/\\\/racom.com.pl\\\/\",\"name\":\"Mix Market - Supermarket z wszystkim co potrzeba do domu i nie tylko\",\"description\":\"\",\"publisher\":{\"@id\":\"https:\\\/\\\/racom.com.pl\\\/#organization\"},\"potentialAction\":[{\"@type\":\"SearchAction\",\"target\":{\"@type\":\"EntryPoint\",\"urlTemplate\":\"https:\\\/\\\/racom.com.pl\\\/?s={search_term_string}\"},\"query-input\":{\"@type\":\"PropertyValueSpecification\",\"valueRequired\":true,\"valueName\":\"search_term_string\"}}],\"inLanguage\":\"pl-PL\"},{\"@type\":\"Organization\",\"@id\":\"https:\\\/\\\/racom.com.pl\\\/#organization\",\"name\":\"Mix Market - Supermarket z wszystkim co potrzeba do domu i nie tylko\",\"url\":\"https:\\\/\\\/racom.com.pl\\\/\",\"logo\":{\"@type\":\"ImageObject\",\"inLanguage\":\"pl-PL\",\"@id\":\"https:\\\/\\\/racom.com.pl\\\/#\\\/schema\\\/logo\\\/image\\\/\",\"url\":\"https:\\\/\\\/racom.com.pl\\\/wp-content\\\/uploads\\\/2025\\\/07\\\/mixmarket_logo.png\",\"contentUrl\":\"https:\\\/\\\/racom.com.pl\\\/wp-content\\\/uploads\\\/2025\\\/07\\\/mixmarket_logo.png\",\"width\":1024,\"height\":1024,\"caption\":\"Mix Market - Supermarket z wszystkim co potrzeba do domu i nie tylko\"},\"image\":{\"@id\":\"https:\\\/\\\/racom.com.pl\\\/#\\\/schema\\\/logo\\\/image\\\/\"}}]}<\/script>\n<!-- \/ Yoast SEO plugin. -->","yoast_head_json":{"title":"SZCZOTKA DRUCIANA DRUCIAK Mosi\u0119\u017cna na K\u0105t\u00f3wk\u0119 M14 DRUT FALISTY 75mm - Mix Market - Supermarket z wszystkim co potrzeba","robots":{"index":"index","follow":"follow","max-snippet":"max-snippet:-1","max-image-preview":"max-image-preview:large","max-video-preview":"max-video-preview:-1"},"canonical":"https:\/\/racom.com.pl\/index.php\/produkt\/szczotka-druciana-druciak-mosiezna-na-katowke-m14-drut-falisty-75mm\/","og_locale":"pl_PL","og_type":"article","og_title":"SZCZOTKA DRUCIANA DRUCIAK Mosi\u0119\u017cna na K\u0105t\u00f3wk\u0119 M14 DRUT FALISTY 75mm - Mix Market - Supermarket z wszystkim co potrzeba","og_description":"Druciana szczotka mosi\u0119\u017cna 3\u2033 7mm M14 Szczotka druciana doskonale sprawdzi si\u0119 przy czyszczeniu powierzchni metalowych, oczyszczaniu spaw\u00f3w, pracach renowacyjnych, usuwaniu starych powierzchni malarskich: lakieru i farb czy \u015bcieraniu rdzy. Specyfikacja: \u015arednica ca\u0142kowita: 75 mm D\u0142ugo\u015b\u0107 drutu: 25 mm \u015arednica drutu: 0,3 mm Waga: 0,15 kg Otw\u00f3r monta\u017cowy: M14 na k\u0105t\u00f3wk\u0119 Obroty maksymalne: 12 500 obr\/min [&hellip;]","og_url":"https:\/\/racom.com.pl\/index.php\/produkt\/szczotka-druciana-druciak-mosiezna-na-katowke-m14-drut-falisty-75mm\/","og_site_name":"Mix Market - Supermarket z wszystkim co potrzeba","og_image":[{"width":1537,"height":1537,"url":"https:\/\/racom.com.pl\/wp-content\/uploads\/2025\/07\/allegro_687c13bc4e7cc9.95865014_97f805304980ba850b357dfb6b5a.jpg","type":"image\/jpeg"}],"twitter_card":"summary_large_image","twitter_misc":{"Szacowany czas czytania":"1 minuta"},"schema":{"@context":"https:\/\/schema.org","@graph":[{"@type":"WebPage","@id":"https:\/\/racom.com.pl\/index.php\/produkt\/szczotka-druciana-druciak-mosiezna-na-katowke-m14-drut-falisty-75mm\/","url":"https:\/\/racom.com.pl\/index.php\/produkt\/szczotka-druciana-druciak-mosiezna-na-katowke-m14-drut-falisty-75mm\/","name":"SZCZOTKA DRUCIANA DRUCIAK Mosi\u0119\u017cna na K\u0105t\u00f3wk\u0119 M14 DRUT FALISTY 75mm - Mix Market - Supermarket z wszystkim co potrzeba","isPartOf":{"@id":"https:\/\/racom.com.pl\/#website"},"primaryImageOfPage":{"@id":"https:\/\/racom.com.pl\/index.php\/produkt\/szczotka-druciana-druciak-mosiezna-na-katowke-m14-drut-falisty-75mm\/#primaryimage"},"image":{"@id":"https:\/\/racom.com.pl\/index.php\/produkt\/szczotka-druciana-druciak-mosiezna-na-katowke-m14-drut-falisty-75mm\/#primaryimage"},"thumbnailUrl":"https:\/\/racom.com.pl\/wp-content\/uploads\/2025\/07\/allegro_687c13bc4e7cc9.95865014_97f805304980ba850b357dfb6b5a.jpg","datePublished":"2025-07-19T21:51:43+00:00","breadcrumb":{"@id":"https:\/\/racom.com.pl\/index.php\/produkt\/szczotka-druciana-druciak-mosiezna-na-katowke-m14-drut-falisty-75mm\/#breadcrumb"},"inLanguage":"pl-PL","potentialAction":[{"@type":"ReadAction","target":["https:\/\/racom.com.pl\/index.php\/produkt\/szczotka-druciana-druciak-mosiezna-na-katowke-m14-drut-falisty-75mm\/"]}]},{"@type":"ImageObject","inLanguage":"pl-PL","@id":"https:\/\/racom.com.pl\/index.php\/produkt\/szczotka-druciana-druciak-mosiezna-na-katowke-m14-drut-falisty-75mm\/#primaryimage","url":"https:\/\/racom.com.pl\/wp-content\/uploads\/2025\/07\/allegro_687c13bc4e7cc9.95865014_97f805304980ba850b357dfb6b5a.jpg","contentUrl":"https:\/\/racom.com.pl\/wp-content\/uploads\/2025\/07\/allegro_687c13bc4e7cc9.95865014_97f805304980ba850b357dfb6b5a.jpg","width":1537,"height":1537},{"@type":"BreadcrumbList","@id":"https:\/\/racom.com.pl\/index.php\/produkt\/szczotka-druciana-druciak-mosiezna-na-katowke-m14-drut-falisty-75mm\/#breadcrumb","itemListElement":[{"@type":"ListItem","position":1,"name":"Strona g\u0142\u00f3wna","item":"https:\/\/racom.com.pl\/"},{"@type":"ListItem","position":2,"name":"Sklep","item":"https:\/\/racom.com.pl\/"},{"@type":"ListItem","position":3,"name":"SZCZOTKA DRUCIANA DRUCIAK Mosi\u0119\u017cna na K\u0105t\u00f3wk\u0119 M14 DRUT FALISTY 75mm"}]},{"@type":"WebSite","@id":"https:\/\/racom.com.pl\/#website","url":"https:\/\/racom.com.pl\/","name":"Mix Market - Supermarket z wszystkim co potrzeba do domu i nie tylko","description":"","publisher":{"@id":"https:\/\/racom.com.pl\/#organization"},"potentialAction":[{"@type":"SearchAction","target":{"@type":"EntryPoint","urlTemplate":"https:\/\/racom.com.pl\/?s={search_term_string}"},"query-input":{"@type":"PropertyValueSpecification","valueRequired":true,"valueName":"search_term_string"}}],"inLanguage":"pl-PL"},{"@type":"Organization","@id":"https:\/\/racom.com.pl\/#organization","name":"Mix Market - Supermarket z wszystkim co potrzeba do domu i nie tylko","url":"https:\/\/racom.com.pl\/","logo":{"@type":"ImageObject","inLanguage":"pl-PL","@id":"https:\/\/racom.com.pl\/#\/schema\/logo\/image\/","url":"https:\/\/racom.com.pl\/wp-content\/uploads\/2025\/07\/mixmarket_logo.png","contentUrl":"https:\/\/racom.com.pl\/wp-content\/uploads\/2025\/07\/mixmarket_logo.png","width":1024,"height":1024,"caption":"Mix Market - Supermarket z wszystkim co potrzeba do domu i nie tylko"},"image":{"@id":"https:\/\/racom.com.pl\/#\/schema\/logo\/image\/"}}]}},"_links":{"self":[{"href":"https:\/\/racom.com.pl\/index.php\/wp-json\/wp\/v2\/product\/3453","targetHints":{"allow":["GET"]}}],"collection":[{"href":"https:\/\/racom.com.pl\/index.php\/wp-json\/wp\/v2\/product"}],"about":[{"href":"https:\/\/racom.com.pl\/index.php\/wp-json\/wp\/v2\/types\/product"}],"replies":[{"embeddable":true,"href":"https:\/\/racom.com.pl\/index.php\/wp-json\/wp\/v2\/comments?post=3453"}],"wp:featuredmedia":[{"embeddable":true,"href":"https:\/\/racom.com.pl\/index.php\/wp-json\/wp\/v2\/media\/3460"}],"wp:attachment":[{"href":"https:\/\/racom.com.pl\/index.php\/wp-json\/wp\/v2\/media?parent=3453"}],"wp:term":[{"taxonomy":"product_brand","embeddable":true,"href":"https:\/\/racom.com.pl\/index.php\/wp-json\/wp\/v2\/product_brand?post=3453"},{"taxonomy":"product_cat","embeddable":true,"href":"https:\/\/racom.com.pl\/index.php\/wp-json\/wp\/v2\/product_cat?post=3453"},{"taxonomy":"product_tag","embeddable":true,"href":"https:\/\/racom.com.pl\/index.php\/wp-json\/wp\/v2\/product_tag?post=3453"}],"curies":[{"name":"wp","href":"https:\/\/api.w.org\/{rel}","templated":true}]}}