{"id":3468,"date":"2025-07-19T23:54:49","date_gmt":"2025-07-19T21:54:49","guid":{"rendered":"http:\/\/192.168.2.106\/index.php\/produkt\/pistolet-do-weza-ogrodowego-na-waz-ogrodowy-8-funkcji-1-2-zlaczki-4szt\/"},"modified":"2025-07-19T23:54:49","modified_gmt":"2025-07-19T21:54:49","slug":"pistolet-do-weza-ogrodowego-na-waz-ogrodowy-8-funkcji-1-2-zlaczki-4szt","status":"publish","type":"product","link":"https:\/\/racom.com.pl\/index.php\/produkt\/pistolet-do-weza-ogrodowego-na-waz-ogrodowy-8-funkcji-1-2-zlaczki-4szt\/","title":{"rendered":"PISTOLET do W\u0118\u017bA OGRODOWEGO na W\u0104\u017b OGRODOWY 8-FUNKCJI 1\/2&#8243; + Z\u0142\u0105czki 4szt."},"content":{"rendered":"<h2>Pistolet + zestaw z\u0142\u0105czek ogrodowych do w\u0119\u017ca 4 szt. na 1\/2&#8243;<\/h2>\n<p><b>Zestaw zawiera:<\/b><\/p>\n<ul>\n<li>1 x Z\u0142\u0105czka 1\/2\u2019\u2019<\/li>\n<li>1 x Z\u0142\u0105czka 1\/2\u2019\u2019 z funkcj\u0105 STOP \u2013 wewn\u0119trznym zaworem<\/li>\n<li>1 x Przy\u0142\u0105cze do kranu 3\/4\u2019\u2019 lub 1\/2\u2019\u2019 (adapter)<\/li>\n<li>1 x Wkr\u0119tka z przy\u0142\u0105czem na szybkoz\u0142\u0105cze<\/li>\n<\/ul>\n<p><b>Specyfikacja:<\/b><\/p>\n<ul>\n<li>Kolor:czarny &#8211; pomara\u0144czowy<\/li>\n<li>Materia\u0142: tworzywo sztuczne<\/li>\n<li>W opakowaniu: pistolet + 4 z\u0142\u0105czki<\/li>\n<li>Ilo\u015b\u0107 funkcji pistoletu: 8<\/li>\n<\/ul>\n<p><b>Pistolet posiada 8 funkcji:<\/b><\/p>\n<ol>\n<li>Sto\u017cek (Cone)<\/li>\n<li>Mgie\u0142ka (Mist)<\/li>\n<li>Strumie\u0144 (Stream)<\/li>\n<li>\u015arodkowe\/centralne zraszanie (Centre)<\/li>\n<li>Pionowe (Vertical)<\/li>\n<li>P\u0142askie zraszanie (Flat)<\/li>\n<li>Pe\u0142ne zraszania (Full)<\/li>\n<li>Prysznic (Shower)<\/li>\n<\/ol>\n<ul><\/ul>\n<\/p>\n<p>Do ca\u0142orocznej piel\u0119gnacji ro\u015blin i ogrodu niezb\u0119dnym elementem jest system nawadniaj\u0105cy. S\u0142u\u017cy on do podlewania posesji i zieleni wok\u00f3\u0142 domu. Doskona\u0142ym rozwi\u0105zaniem do tego typu prac b\u0119dzie instalacja w\u0119\u017ca wraz ze zraszaczem za pomoc\u0105 <b>z\u0142\u0105czek ogrodowych<\/b>. To bardzo du\u017ce u\u0142atwienie i wygoda u\u017cytkowania.<\/p>\n<p><b>Wielofunkcyjny<\/b> pistolet ogrodowy dzi\u0119ki wbudowanemu mechanizmowi regulacji, pozwala na zmian\u0119 rodzaju strumienia spo\u015br\u00f3d <b>8 dost\u0119pnych funkcji<\/b> oraz daje mo\u017cliwo\u015b\u0107 regulacji si\u0142y wody. Zmiany program\u00f3w nast\u0119puj\u0105 po przekr\u0119caniu obrotowej g\u0142owicy. Pistolet wyposa\u017cony zosta\u0142 w wygodn\u0105, <b>antypo\u015blizgow\u0105 r\u0105czk\u0119<\/b> oraz <b>blokad\u0119 lania wody<\/b> bez konieczno\u015bci ci\u0105g\u0142ego naciskania r\u0105czki \u2013 wystarczy tylko przesun\u0105\u0107 metalowy haczyk w pistolecie.<\/p>\n<p><b>Zestaw z\u0142\u0105czek ogrodowych <\/b>pozwala na stworzenie solidnego przep\u0142ywu wody od kranu, przez w\u0105\u017c, a\u017c do zraszacza a tak\u017ce na po\u0142\u0105czenie ze sob\u0105 kilku w\u0119\u017cy. Z\u0142\u0105czki wykonane s\u0105 z wysokiej jako\u015bci podzespo\u0142\u00f3w i pozwalaj\u0105 na spokojn\u0105 oraz precyzyjn\u0105 prac\u0119. Ponadto s\u0105 odporne na warunki atmosferyczne. To podstawowe wyposa\u017cenie ka\u017cdego dzia\u0142kowicza i ogrodnika!<\/p>\n","protected":false},"excerpt":{"rendered":"<p>Pistolet + zestaw z\u0142\u0105czek ogrodowych do w\u0119\u017ca 4 szt. na 1\/2&#8243; Zestaw zawiera: 1 x Z\u0142\u0105czka 1\/2\u2019\u2019 1 x Z\u0142\u0105czka 1\/2\u2019\u2019 z funkcj\u0105 STOP \u2013 wewn\u0119trznym zaworem 1 x Przy\u0142\u0105cze do kranu 3\/4\u2019\u2019 lub 1\/2\u2019\u2019 (adapter) 1 x Wkr\u0119tka z przy\u0142\u0105czem na szybkoz\u0142\u0105cze Specyfikacja: Kolor:czarny &#8211; pomara\u0144czowy Materia\u0142: tworzywo sztuczne W opakowaniu: pistolet + 4 [&hellip;]<\/p>\n","protected":false},"featured_media":3484,"comment_status":"open","ping_status":"closed","template":"","meta":[],"product_brand":[84],"product_cat":[238],"product_tag":[],"class_list":{"0":"post-3468","1":"product","2":"type-product","3":"status-publish","4":"has-post-thumbnail","6":"product_brand-vergionic","7":"product_cat-nawadnianie","9":"first","10":"instock","11":"taxable","12":"shipping-taxable","13":"purchasable","14":"product-type-simple"},"yoast_head":"<!-- This site is optimized with the Yoast SEO plugin v27.3 - https:\/\/yoast.com\/product\/yoast-seo-wordpress\/ -->\n<title>PISTOLET do W\u0118\u017bA OGRODOWEGO na W\u0104\u017b OGRODOWY 8-FUNKCJI 1\/2&quot; + Z\u0142\u0105czki 4szt. - Mix Market - Supermarket z wszystkim co potrzeba<\/title>\n<meta name=\"robots\" content=\"index, follow, max-snippet:-1, max-image-preview:large, max-video-preview:-1\" \/>\n<link rel=\"canonical\" href=\"https:\/\/racom.com.pl\/index.php\/produkt\/pistolet-do-weza-ogrodowego-na-waz-ogrodowy-8-funkcji-1-2-zlaczki-4szt\/\" \/>\n<meta property=\"og:locale\" content=\"pl_PL\" \/>\n<meta property=\"og:type\" content=\"article\" \/>\n<meta property=\"og:title\" content=\"PISTOLET do W\u0118\u017bA OGRODOWEGO na W\u0104\u017b OGRODOWY 8-FUNKCJI 1\/2&quot; + Z\u0142\u0105czki 4szt. - Mix Market - Supermarket z wszystkim co potrzeba\" \/>\n<meta property=\"og:description\" content=\"Pistolet + zestaw z\u0142\u0105czek ogrodowych do w\u0119\u017ca 4 szt. na 1\/2&#8243; Zestaw zawiera: 1 x Z\u0142\u0105czka 1\/2\u2019\u2019 1 x Z\u0142\u0105czka 1\/2\u2019\u2019 z funkcj\u0105 STOP \u2013 wewn\u0119trznym zaworem 1 x Przy\u0142\u0105cze do kranu 3\/4\u2019\u2019 lub 1\/2\u2019\u2019 (adapter) 1 x Wkr\u0119tka z przy\u0142\u0105czem na szybkoz\u0142\u0105cze Specyfikacja: Kolor:czarny &#8211; pomara\u0144czowy Materia\u0142: tworzywo sztuczne W opakowaniu: pistolet + 4 [&hellip;]\" \/>\n<meta property=\"og:url\" content=\"https:\/\/racom.com.pl\/index.php\/produkt\/pistolet-do-weza-ogrodowego-na-waz-ogrodowy-8-funkcji-1-2-zlaczki-4szt\/\" \/>\n<meta property=\"og:site_name\" content=\"Mix Market - Supermarket z wszystkim co potrzeba\" \/>\n<meta property=\"og:image\" content=\"https:\/\/racom.com.pl\/wp-content\/uploads\/2025\/07\/allegro_687c154e88e692.34844069_2a7201d947a28b8f215f8e012a42.jpg\" \/>\n\t<meta property=\"og:image:width\" content=\"2560\" \/>\n\t<meta property=\"og:image:height\" content=\"2560\" \/>\n\t<meta property=\"og:image:type\" content=\"image\/jpeg\" \/>\n<meta name=\"twitter:card\" content=\"summary_large_image\" \/>\n<meta name=\"twitter:label1\" content=\"Szacowany czas czytania\" \/>\n\t<meta name=\"twitter:data1\" content=\"1 minuta\" \/>\n<script type=\"application\/ld+json\" class=\"yoast-schema-graph\">{\"@context\":\"https:\\\/\\\/schema.org\",\"@graph\":[{\"@type\":\"WebPage\",\"@id\":\"https:\\\/\\\/racom.com.pl\\\/index.php\\\/produkt\\\/pistolet-do-weza-ogrodowego-na-waz-ogrodowy-8-funkcji-1-2-zlaczki-4szt\\\/\",\"url\":\"https:\\\/\\\/racom.com.pl\\\/index.php\\\/produkt\\\/pistolet-do-weza-ogrodowego-na-waz-ogrodowy-8-funkcji-1-2-zlaczki-4szt\\\/\",\"name\":\"PISTOLET do W\u0118\u017bA OGRODOWEGO na W\u0104\u017b OGRODOWY 8-FUNKCJI 1\\\/2\\\" + Z\u0142\u0105czki 4szt. - Mix Market - Supermarket z wszystkim co potrzeba\",\"isPartOf\":{\"@id\":\"https:\\\/\\\/racom.com.pl\\\/#website\"},\"primaryImageOfPage\":{\"@id\":\"https:\\\/\\\/racom.com.pl\\\/index.php\\\/produkt\\\/pistolet-do-weza-ogrodowego-na-waz-ogrodowy-8-funkcji-1-2-zlaczki-4szt\\\/#primaryimage\"},\"image\":{\"@id\":\"https:\\\/\\\/racom.com.pl\\\/index.php\\\/produkt\\\/pistolet-do-weza-ogrodowego-na-waz-ogrodowy-8-funkcji-1-2-zlaczki-4szt\\\/#primaryimage\"},\"thumbnailUrl\":\"https:\\\/\\\/racom.com.pl\\\/wp-content\\\/uploads\\\/2025\\\/07\\\/allegro_687c154e88e692.34844069_2a7201d947a28b8f215f8e012a42.jpg\",\"datePublished\":\"2025-07-19T21:54:49+00:00\",\"breadcrumb\":{\"@id\":\"https:\\\/\\\/racom.com.pl\\\/index.php\\\/produkt\\\/pistolet-do-weza-ogrodowego-na-waz-ogrodowy-8-funkcji-1-2-zlaczki-4szt\\\/#breadcrumb\"},\"inLanguage\":\"pl-PL\",\"potentialAction\":[{\"@type\":\"ReadAction\",\"target\":[\"https:\\\/\\\/racom.com.pl\\\/index.php\\\/produkt\\\/pistolet-do-weza-ogrodowego-na-waz-ogrodowy-8-funkcji-1-2-zlaczki-4szt\\\/\"]}]},{\"@type\":\"ImageObject\",\"inLanguage\":\"pl-PL\",\"@id\":\"https:\\\/\\\/racom.com.pl\\\/index.php\\\/produkt\\\/pistolet-do-weza-ogrodowego-na-waz-ogrodowy-8-funkcji-1-2-zlaczki-4szt\\\/#primaryimage\",\"url\":\"https:\\\/\\\/racom.com.pl\\\/wp-content\\\/uploads\\\/2025\\\/07\\\/allegro_687c154e88e692.34844069_2a7201d947a28b8f215f8e012a42.jpg\",\"contentUrl\":\"https:\\\/\\\/racom.com.pl\\\/wp-content\\\/uploads\\\/2025\\\/07\\\/allegro_687c154e88e692.34844069_2a7201d947a28b8f215f8e012a42.jpg\",\"width\":2560,\"height\":2560},{\"@type\":\"BreadcrumbList\",\"@id\":\"https:\\\/\\\/racom.com.pl\\\/index.php\\\/produkt\\\/pistolet-do-weza-ogrodowego-na-waz-ogrodowy-8-funkcji-1-2-zlaczki-4szt\\\/#breadcrumb\",\"itemListElement\":[{\"@type\":\"ListItem\",\"position\":1,\"name\":\"Strona g\u0142\u00f3wna\",\"item\":\"https:\\\/\\\/racom.com.pl\\\/\"},{\"@type\":\"ListItem\",\"position\":2,\"name\":\"Sklep\",\"item\":\"https:\\\/\\\/racom.com.pl\\\/\"},{\"@type\":\"ListItem\",\"position\":3,\"name\":\"PISTOLET do W\u0118\u017bA OGRODOWEGO na W\u0104\u017b OGRODOWY 8-FUNKCJI 1\\\/2&#8243; + Z\u0142\u0105czki 4szt.\"}]},{\"@type\":\"WebSite\",\"@id\":\"https:\\\/\\\/racom.com.pl\\\/#website\",\"url\":\"https:\\\/\\\/racom.com.pl\\\/\",\"name\":\"Mix Market - Supermarket z wszystkim co potrzeba do domu i nie tylko\",\"description\":\"\",\"publisher\":{\"@id\":\"https:\\\/\\\/racom.com.pl\\\/#organization\"},\"potentialAction\":[{\"@type\":\"SearchAction\",\"target\":{\"@type\":\"EntryPoint\",\"urlTemplate\":\"https:\\\/\\\/racom.com.pl\\\/?s={search_term_string}\"},\"query-input\":{\"@type\":\"PropertyValueSpecification\",\"valueRequired\":true,\"valueName\":\"search_term_string\"}}],\"inLanguage\":\"pl-PL\"},{\"@type\":\"Organization\",\"@id\":\"https:\\\/\\\/racom.com.pl\\\/#organization\",\"name\":\"Mix Market - Supermarket z wszystkim co potrzeba do domu i nie tylko\",\"url\":\"https:\\\/\\\/racom.com.pl\\\/\",\"logo\":{\"@type\":\"ImageObject\",\"inLanguage\":\"pl-PL\",\"@id\":\"https:\\\/\\\/racom.com.pl\\\/#\\\/schema\\\/logo\\\/image\\\/\",\"url\":\"https:\\\/\\\/racom.com.pl\\\/wp-content\\\/uploads\\\/2025\\\/07\\\/mixmarket_logo.png\",\"contentUrl\":\"https:\\\/\\\/racom.com.pl\\\/wp-content\\\/uploads\\\/2025\\\/07\\\/mixmarket_logo.png\",\"width\":1024,\"height\":1024,\"caption\":\"Mix Market - Supermarket z wszystkim co potrzeba do domu i nie tylko\"},\"image\":{\"@id\":\"https:\\\/\\\/racom.com.pl\\\/#\\\/schema\\\/logo\\\/image\\\/\"}}]}<\/script>\n<!-- \/ Yoast SEO plugin. -->","yoast_head_json":{"title":"PISTOLET do W\u0118\u017bA OGRODOWEGO na W\u0104\u017b OGRODOWY 8-FUNKCJI 1\/2\" + Z\u0142\u0105czki 4szt. - Mix Market - Supermarket z wszystkim co potrzeba","robots":{"index":"index","follow":"follow","max-snippet":"max-snippet:-1","max-image-preview":"max-image-preview:large","max-video-preview":"max-video-preview:-1"},"canonical":"https:\/\/racom.com.pl\/index.php\/produkt\/pistolet-do-weza-ogrodowego-na-waz-ogrodowy-8-funkcji-1-2-zlaczki-4szt\/","og_locale":"pl_PL","og_type":"article","og_title":"PISTOLET do W\u0118\u017bA OGRODOWEGO na W\u0104\u017b OGRODOWY 8-FUNKCJI 1\/2\" + Z\u0142\u0105czki 4szt. - Mix Market - Supermarket z wszystkim co potrzeba","og_description":"Pistolet + zestaw z\u0142\u0105czek ogrodowych do w\u0119\u017ca 4 szt. na 1\/2&#8243; Zestaw zawiera: 1 x Z\u0142\u0105czka 1\/2\u2019\u2019 1 x Z\u0142\u0105czka 1\/2\u2019\u2019 z funkcj\u0105 STOP \u2013 wewn\u0119trznym zaworem 1 x Przy\u0142\u0105cze do kranu 3\/4\u2019\u2019 lub 1\/2\u2019\u2019 (adapter) 1 x Wkr\u0119tka z przy\u0142\u0105czem na szybkoz\u0142\u0105cze Specyfikacja: Kolor:czarny &#8211; pomara\u0144czowy Materia\u0142: tworzywo sztuczne W opakowaniu: pistolet + 4 [&hellip;]","og_url":"https:\/\/racom.com.pl\/index.php\/produkt\/pistolet-do-weza-ogrodowego-na-waz-ogrodowy-8-funkcji-1-2-zlaczki-4szt\/","og_site_name":"Mix Market - Supermarket z wszystkim co potrzeba","og_image":[{"width":2560,"height":2560,"url":"https:\/\/racom.com.pl\/wp-content\/uploads\/2025\/07\/allegro_687c154e88e692.34844069_2a7201d947a28b8f215f8e012a42.jpg","type":"image\/jpeg"}],"twitter_card":"summary_large_image","twitter_misc":{"Szacowany czas czytania":"1 minuta"},"schema":{"@context":"https:\/\/schema.org","@graph":[{"@type":"WebPage","@id":"https:\/\/racom.com.pl\/index.php\/produkt\/pistolet-do-weza-ogrodowego-na-waz-ogrodowy-8-funkcji-1-2-zlaczki-4szt\/","url":"https:\/\/racom.com.pl\/index.php\/produkt\/pistolet-do-weza-ogrodowego-na-waz-ogrodowy-8-funkcji-1-2-zlaczki-4szt\/","name":"PISTOLET do W\u0118\u017bA OGRODOWEGO na W\u0104\u017b OGRODOWY 8-FUNKCJI 1\/2\" + Z\u0142\u0105czki 4szt. - Mix Market - Supermarket z wszystkim co potrzeba","isPartOf":{"@id":"https:\/\/racom.com.pl\/#website"},"primaryImageOfPage":{"@id":"https:\/\/racom.com.pl\/index.php\/produkt\/pistolet-do-weza-ogrodowego-na-waz-ogrodowy-8-funkcji-1-2-zlaczki-4szt\/#primaryimage"},"image":{"@id":"https:\/\/racom.com.pl\/index.php\/produkt\/pistolet-do-weza-ogrodowego-na-waz-ogrodowy-8-funkcji-1-2-zlaczki-4szt\/#primaryimage"},"thumbnailUrl":"https:\/\/racom.com.pl\/wp-content\/uploads\/2025\/07\/allegro_687c154e88e692.34844069_2a7201d947a28b8f215f8e012a42.jpg","datePublished":"2025-07-19T21:54:49+00:00","breadcrumb":{"@id":"https:\/\/racom.com.pl\/index.php\/produkt\/pistolet-do-weza-ogrodowego-na-waz-ogrodowy-8-funkcji-1-2-zlaczki-4szt\/#breadcrumb"},"inLanguage":"pl-PL","potentialAction":[{"@type":"ReadAction","target":["https:\/\/racom.com.pl\/index.php\/produkt\/pistolet-do-weza-ogrodowego-na-waz-ogrodowy-8-funkcji-1-2-zlaczki-4szt\/"]}]},{"@type":"ImageObject","inLanguage":"pl-PL","@id":"https:\/\/racom.com.pl\/index.php\/produkt\/pistolet-do-weza-ogrodowego-na-waz-ogrodowy-8-funkcji-1-2-zlaczki-4szt\/#primaryimage","url":"https:\/\/racom.com.pl\/wp-content\/uploads\/2025\/07\/allegro_687c154e88e692.34844069_2a7201d947a28b8f215f8e012a42.jpg","contentUrl":"https:\/\/racom.com.pl\/wp-content\/uploads\/2025\/07\/allegro_687c154e88e692.34844069_2a7201d947a28b8f215f8e012a42.jpg","width":2560,"height":2560},{"@type":"BreadcrumbList","@id":"https:\/\/racom.com.pl\/index.php\/produkt\/pistolet-do-weza-ogrodowego-na-waz-ogrodowy-8-funkcji-1-2-zlaczki-4szt\/#breadcrumb","itemListElement":[{"@type":"ListItem","position":1,"name":"Strona g\u0142\u00f3wna","item":"https:\/\/racom.com.pl\/"},{"@type":"ListItem","position":2,"name":"Sklep","item":"https:\/\/racom.com.pl\/"},{"@type":"ListItem","position":3,"name":"PISTOLET do W\u0118\u017bA OGRODOWEGO na W\u0104\u017b OGRODOWY 8-FUNKCJI 1\/2&#8243; + Z\u0142\u0105czki 4szt."}]},{"@type":"WebSite","@id":"https:\/\/racom.com.pl\/#website","url":"https:\/\/racom.com.pl\/","name":"Mix Market - Supermarket z wszystkim co potrzeba do domu i nie tylko","description":"","publisher":{"@id":"https:\/\/racom.com.pl\/#organization"},"potentialAction":[{"@type":"SearchAction","target":{"@type":"EntryPoint","urlTemplate":"https:\/\/racom.com.pl\/?s={search_term_string}"},"query-input":{"@type":"PropertyValueSpecification","valueRequired":true,"valueName":"search_term_string"}}],"inLanguage":"pl-PL"},{"@type":"Organization","@id":"https:\/\/racom.com.pl\/#organization","name":"Mix Market - Supermarket z wszystkim co potrzeba do domu i nie tylko","url":"https:\/\/racom.com.pl\/","logo":{"@type":"ImageObject","inLanguage":"pl-PL","@id":"https:\/\/racom.com.pl\/#\/schema\/logo\/image\/","url":"https:\/\/racom.com.pl\/wp-content\/uploads\/2025\/07\/mixmarket_logo.png","contentUrl":"https:\/\/racom.com.pl\/wp-content\/uploads\/2025\/07\/mixmarket_logo.png","width":1024,"height":1024,"caption":"Mix Market - Supermarket z wszystkim co potrzeba do domu i nie tylko"},"image":{"@id":"https:\/\/racom.com.pl\/#\/schema\/logo\/image\/"}}]}},"_links":{"self":[{"href":"https:\/\/racom.com.pl\/index.php\/wp-json\/wp\/v2\/product\/3468","targetHints":{"allow":["GET"]}}],"collection":[{"href":"https:\/\/racom.com.pl\/index.php\/wp-json\/wp\/v2\/product"}],"about":[{"href":"https:\/\/racom.com.pl\/index.php\/wp-json\/wp\/v2\/types\/product"}],"replies":[{"embeddable":true,"href":"https:\/\/racom.com.pl\/index.php\/wp-json\/wp\/v2\/comments?post=3468"}],"wp:featuredmedia":[{"embeddable":true,"href":"https:\/\/racom.com.pl\/index.php\/wp-json\/wp\/v2\/media\/3484"}],"wp:attachment":[{"href":"https:\/\/racom.com.pl\/index.php\/wp-json\/wp\/v2\/media?parent=3468"}],"wp:term":[{"taxonomy":"product_brand","embeddable":true,"href":"https:\/\/racom.com.pl\/index.php\/wp-json\/wp\/v2\/product_brand?post=3468"},{"taxonomy":"product_cat","embeddable":true,"href":"https:\/\/racom.com.pl\/index.php\/wp-json\/wp\/v2\/product_cat?post=3468"},{"taxonomy":"product_tag","embeddable":true,"href":"https:\/\/racom.com.pl\/index.php\/wp-json\/wp\/v2\/product_tag?post=3468"}],"curies":[{"name":"wp","href":"https:\/\/api.w.org\/{rel}","templated":true}]}}