{"id":3496,"date":"2025-07-20T00:03:01","date_gmt":"2025-07-19T22:03:01","guid":{"rendered":"http:\/\/192.168.2.106\/index.php\/produkt\/reczna-sadzarka-ogrodowa-do-sadzenia-bulw-cebulek-cebul-kwiatow-warzyw\/"},"modified":"2025-07-20T00:03:01","modified_gmt":"2025-07-19T22:03:01","slug":"reczna-sadzarka-ogrodowa-do-sadzenia-bulw-cebulek-cebul-kwiatow-warzyw","status":"publish","type":"product","link":"https:\/\/racom.com.pl\/index.php\/produkt\/reczna-sadzarka-ogrodowa-do-sadzenia-bulw-cebulek-cebul-kwiatow-warzyw\/","title":{"rendered":"R\u0119czna SADZARKA Ogrodowa do Sadzenia BULW CEBULEK CEBUL Kwiat\u00f3w Warzyw"},"content":{"rendered":"<h2>Sadzarka do cebul kwiat\u00f3w VERGIONIC<\/h2>\n<p><b>Specyfikacja:<\/b><\/p>\n<ul>\n<li>\u015arednica: 6 cm<\/li>\n<li>D\u0142ugo\u015b\u0107: 23 cm<\/li>\n<li>G\u0142\u0119boko\u015b\u0107 sadzenia: 11 cm<\/li>\n<li>Materia\u0142: \u017celazo + tworzywo sztuczne<\/li>\n<li>Kolor: pomara\u0144czowy<\/li>\n<\/ul>\n<p><b>Sadzarka do cebul kwiat\u00f3w<\/b> to niezb\u0119dne narz\u0119dzie dla mi\u0142o\u015bnik\u00f3w ogrodnictwa, umo\u017cliwiaj\u0105ce precyzyjne sadzenie cebul kwiatowych w ogrodzie czy na balkonie. Jej kompaktowe rozmiary, i solidna konstrukcja sprawiaj\u0105, \u017ce jest idealnym sprz\u0119tem dla ka\u017cdego ogrodnika, zar\u00f3wno pocz\u0105tkuj\u0105cego, jak i do\u015bwiadczonego.<\/p>\n<p>\u015arednica sadzarki wynosi 6 cm, a d\u0142ugo\u015b\u0107 23 cm co pozwala na efektywne i dok\u0142adne sadzenie cebul kwiatowych.<\/p>\n<p>G\u0142\u0119boko\u015b\u0107 sadzenia, regulowana na poziomie 11 cm, umo\u017cliwia dostosowanie do r\u00f3\u017cnych gatunk\u00f3w ro\u015blin i warunk\u00f3w glebowych.<\/p>\n<p>To narz\u0119dzie gwarantuje, \u017ce cebule zostan\u0105 osadzone we w\u0142a\u015bciwej g\u0142\u0119boko\u015bci, co wp\u0142ywa na ich zdrowy wzrost i kwitnienie.<\/p>\n<p>Materia\u0142, z kt\u00f3rego wykonana jest sadzarka &#8211; \u017celazo &#8211; jest trwa\u0142y i odporny na warunki atmosferyczne, co sprawia, \u017ce narz\u0119dzie b\u0119dzie s\u0142u\u017cy\u0107 przez wiele sezon\u00f3w ogrodniczych.<\/p>\n<p><b>Sadzarka do cebul kwiat\u00f3w<\/b> to nie tylko narz\u0119dzie ogrodnicze, ale tak\u017ce kluczowy element, kt\u00f3ry u\u0142atwia i usprawnia proces sadzenia i piel\u0119gnacji ro\u015blin. Jej ergonomiczny design, solidno\u015b\u0107 i funkcjonalno\u015b\u0107 czyni\u0105 j\u0105 niezast\u0105pion\u0105 dla ka\u017cdego, kto pragnie cieszy\u0107 si\u0119 pi\u0119knem kwitn\u0105cego ogrodu.<\/p>\n","protected":false},"excerpt":{"rendered":"<p>Sadzarka do cebul kwiat\u00f3w VERGIONIC Specyfikacja: \u015arednica: 6 cm D\u0142ugo\u015b\u0107: 23 cm G\u0142\u0119boko\u015b\u0107 sadzenia: 11 cm Materia\u0142: \u017celazo + tworzywo sztuczne Kolor: pomara\u0144czowy Sadzarka do cebul kwiat\u00f3w to niezb\u0119dne narz\u0119dzie dla mi\u0142o\u015bnik\u00f3w ogrodnictwa, umo\u017cliwiaj\u0105ce precyzyjne sadzenie cebul kwiatowych w ogrodzie czy na balkonie. Jej kompaktowe rozmiary, i solidna konstrukcja sprawiaj\u0105, \u017ce jest idealnym sprz\u0119tem dla [&hellip;]<\/p>\n","protected":false},"featured_media":3508,"comment_status":"open","ping_status":"closed","template":"","meta":[],"product_brand":[84],"product_cat":[231],"product_tag":[],"class_list":{"0":"post-3496","1":"product","2":"type-product","3":"status-publish","4":"has-post-thumbnail","6":"product_brand-vergionic","7":"product_cat-narzedzia-ogrodnicze","9":"first","10":"instock","11":"taxable","12":"shipping-taxable","13":"purchasable","14":"product-type-simple"},"yoast_head":"<!-- This site is optimized with the Yoast SEO plugin v27.3 - https:\/\/yoast.com\/product\/yoast-seo-wordpress\/ -->\n<title>R\u0119czna SADZARKA Ogrodowa do Sadzenia BULW CEBULEK CEBUL Kwiat\u00f3w Warzyw - Mix Market - Supermarket z wszystkim co potrzeba<\/title>\n<meta name=\"robots\" content=\"index, follow, max-snippet:-1, max-image-preview:large, max-video-preview:-1\" \/>\n<link rel=\"canonical\" href=\"https:\/\/racom.com.pl\/index.php\/produkt\/reczna-sadzarka-ogrodowa-do-sadzenia-bulw-cebulek-cebul-kwiatow-warzyw\/\" \/>\n<meta property=\"og:locale\" content=\"pl_PL\" \/>\n<meta property=\"og:type\" content=\"article\" \/>\n<meta property=\"og:title\" content=\"R\u0119czna SADZARKA Ogrodowa do Sadzenia BULW CEBULEK CEBUL Kwiat\u00f3w Warzyw - Mix Market - Supermarket z wszystkim co potrzeba\" \/>\n<meta property=\"og:description\" content=\"Sadzarka do cebul kwiat\u00f3w VERGIONIC Specyfikacja: \u015arednica: 6 cm D\u0142ugo\u015b\u0107: 23 cm G\u0142\u0119boko\u015b\u0107 sadzenia: 11 cm Materia\u0142: \u017celazo + tworzywo sztuczne Kolor: pomara\u0144czowy Sadzarka do cebul kwiat\u00f3w to niezb\u0119dne narz\u0119dzie dla mi\u0142o\u015bnik\u00f3w ogrodnictwa, umo\u017cliwiaj\u0105ce precyzyjne sadzenie cebul kwiatowych w ogrodzie czy na balkonie. Jej kompaktowe rozmiary, i solidna konstrukcja sprawiaj\u0105, \u017ce jest idealnym sprz\u0119tem dla [&hellip;]\" \/>\n<meta property=\"og:url\" content=\"https:\/\/racom.com.pl\/index.php\/produkt\/reczna-sadzarka-ogrodowa-do-sadzenia-bulw-cebulek-cebul-kwiatow-warzyw\/\" \/>\n<meta property=\"og:site_name\" content=\"Mix Market - Supermarket z wszystkim co potrzeba\" \/>\n<meta property=\"og:image\" content=\"https:\/\/racom.com.pl\/wp-content\/uploads\/2025\/07\/allegro_687c16fddf20f8.48723905_fa3045be4fab8fc1de86df44b77d.jpg\" \/>\n\t<meta property=\"og:image:width\" content=\"2560\" \/>\n\t<meta property=\"og:image:height\" content=\"2560\" \/>\n\t<meta property=\"og:image:type\" content=\"image\/jpeg\" \/>\n<meta name=\"twitter:card\" content=\"summary_large_image\" \/>\n<meta name=\"twitter:label1\" content=\"Szacowany czas czytania\" \/>\n\t<meta name=\"twitter:data1\" content=\"1 minuta\" \/>\n<script type=\"application\/ld+json\" class=\"yoast-schema-graph\">{\"@context\":\"https:\\\/\\\/schema.org\",\"@graph\":[{\"@type\":\"WebPage\",\"@id\":\"https:\\\/\\\/racom.com.pl\\\/index.php\\\/produkt\\\/reczna-sadzarka-ogrodowa-do-sadzenia-bulw-cebulek-cebul-kwiatow-warzyw\\\/\",\"url\":\"https:\\\/\\\/racom.com.pl\\\/index.php\\\/produkt\\\/reczna-sadzarka-ogrodowa-do-sadzenia-bulw-cebulek-cebul-kwiatow-warzyw\\\/\",\"name\":\"R\u0119czna SADZARKA Ogrodowa do Sadzenia BULW CEBULEK CEBUL Kwiat\u00f3w Warzyw - Mix Market - Supermarket z wszystkim co potrzeba\",\"isPartOf\":{\"@id\":\"https:\\\/\\\/racom.com.pl\\\/#website\"},\"primaryImageOfPage\":{\"@id\":\"https:\\\/\\\/racom.com.pl\\\/index.php\\\/produkt\\\/reczna-sadzarka-ogrodowa-do-sadzenia-bulw-cebulek-cebul-kwiatow-warzyw\\\/#primaryimage\"},\"image\":{\"@id\":\"https:\\\/\\\/racom.com.pl\\\/index.php\\\/produkt\\\/reczna-sadzarka-ogrodowa-do-sadzenia-bulw-cebulek-cebul-kwiatow-warzyw\\\/#primaryimage\"},\"thumbnailUrl\":\"https:\\\/\\\/racom.com.pl\\\/wp-content\\\/uploads\\\/2025\\\/07\\\/allegro_687c16fddf20f8.48723905_fa3045be4fab8fc1de86df44b77d.jpg\",\"datePublished\":\"2025-07-19T22:03:01+00:00\",\"breadcrumb\":{\"@id\":\"https:\\\/\\\/racom.com.pl\\\/index.php\\\/produkt\\\/reczna-sadzarka-ogrodowa-do-sadzenia-bulw-cebulek-cebul-kwiatow-warzyw\\\/#breadcrumb\"},\"inLanguage\":\"pl-PL\",\"potentialAction\":[{\"@type\":\"ReadAction\",\"target\":[\"https:\\\/\\\/racom.com.pl\\\/index.php\\\/produkt\\\/reczna-sadzarka-ogrodowa-do-sadzenia-bulw-cebulek-cebul-kwiatow-warzyw\\\/\"]}]},{\"@type\":\"ImageObject\",\"inLanguage\":\"pl-PL\",\"@id\":\"https:\\\/\\\/racom.com.pl\\\/index.php\\\/produkt\\\/reczna-sadzarka-ogrodowa-do-sadzenia-bulw-cebulek-cebul-kwiatow-warzyw\\\/#primaryimage\",\"url\":\"https:\\\/\\\/racom.com.pl\\\/wp-content\\\/uploads\\\/2025\\\/07\\\/allegro_687c16fddf20f8.48723905_fa3045be4fab8fc1de86df44b77d.jpg\",\"contentUrl\":\"https:\\\/\\\/racom.com.pl\\\/wp-content\\\/uploads\\\/2025\\\/07\\\/allegro_687c16fddf20f8.48723905_fa3045be4fab8fc1de86df44b77d.jpg\",\"width\":2560,\"height\":2560},{\"@type\":\"BreadcrumbList\",\"@id\":\"https:\\\/\\\/racom.com.pl\\\/index.php\\\/produkt\\\/reczna-sadzarka-ogrodowa-do-sadzenia-bulw-cebulek-cebul-kwiatow-warzyw\\\/#breadcrumb\",\"itemListElement\":[{\"@type\":\"ListItem\",\"position\":1,\"name\":\"Strona g\u0142\u00f3wna\",\"item\":\"https:\\\/\\\/racom.com.pl\\\/\"},{\"@type\":\"ListItem\",\"position\":2,\"name\":\"Sklep\",\"item\":\"https:\\\/\\\/racom.com.pl\\\/\"},{\"@type\":\"ListItem\",\"position\":3,\"name\":\"R\u0119czna SADZARKA Ogrodowa do Sadzenia BULW CEBULEK CEBUL Kwiat\u00f3w Warzyw\"}]},{\"@type\":\"WebSite\",\"@id\":\"https:\\\/\\\/racom.com.pl\\\/#website\",\"url\":\"https:\\\/\\\/racom.com.pl\\\/\",\"name\":\"Mix Market - Supermarket z wszystkim co potrzeba do domu i nie tylko\",\"description\":\"\",\"publisher\":{\"@id\":\"https:\\\/\\\/racom.com.pl\\\/#organization\"},\"potentialAction\":[{\"@type\":\"SearchAction\",\"target\":{\"@type\":\"EntryPoint\",\"urlTemplate\":\"https:\\\/\\\/racom.com.pl\\\/?s={search_term_string}\"},\"query-input\":{\"@type\":\"PropertyValueSpecification\",\"valueRequired\":true,\"valueName\":\"search_term_string\"}}],\"inLanguage\":\"pl-PL\"},{\"@type\":\"Organization\",\"@id\":\"https:\\\/\\\/racom.com.pl\\\/#organization\",\"name\":\"Mix Market - Supermarket z wszystkim co potrzeba do domu i nie tylko\",\"url\":\"https:\\\/\\\/racom.com.pl\\\/\",\"logo\":{\"@type\":\"ImageObject\",\"inLanguage\":\"pl-PL\",\"@id\":\"https:\\\/\\\/racom.com.pl\\\/#\\\/schema\\\/logo\\\/image\\\/\",\"url\":\"https:\\\/\\\/racom.com.pl\\\/wp-content\\\/uploads\\\/2025\\\/07\\\/mixmarket_logo.png\",\"contentUrl\":\"https:\\\/\\\/racom.com.pl\\\/wp-content\\\/uploads\\\/2025\\\/07\\\/mixmarket_logo.png\",\"width\":1024,\"height\":1024,\"caption\":\"Mix Market - Supermarket z wszystkim co potrzeba do domu i nie tylko\"},\"image\":{\"@id\":\"https:\\\/\\\/racom.com.pl\\\/#\\\/schema\\\/logo\\\/image\\\/\"}}]}<\/script>\n<!-- \/ Yoast SEO plugin. -->","yoast_head_json":{"title":"R\u0119czna SADZARKA Ogrodowa do Sadzenia BULW CEBULEK CEBUL Kwiat\u00f3w Warzyw - Mix Market - Supermarket z wszystkim co potrzeba","robots":{"index":"index","follow":"follow","max-snippet":"max-snippet:-1","max-image-preview":"max-image-preview:large","max-video-preview":"max-video-preview:-1"},"canonical":"https:\/\/racom.com.pl\/index.php\/produkt\/reczna-sadzarka-ogrodowa-do-sadzenia-bulw-cebulek-cebul-kwiatow-warzyw\/","og_locale":"pl_PL","og_type":"article","og_title":"R\u0119czna SADZARKA Ogrodowa do Sadzenia BULW CEBULEK CEBUL Kwiat\u00f3w Warzyw - Mix Market - Supermarket z wszystkim co potrzeba","og_description":"Sadzarka do cebul kwiat\u00f3w VERGIONIC Specyfikacja: \u015arednica: 6 cm D\u0142ugo\u015b\u0107: 23 cm G\u0142\u0119boko\u015b\u0107 sadzenia: 11 cm Materia\u0142: \u017celazo + tworzywo sztuczne Kolor: pomara\u0144czowy Sadzarka do cebul kwiat\u00f3w to niezb\u0119dne narz\u0119dzie dla mi\u0142o\u015bnik\u00f3w ogrodnictwa, umo\u017cliwiaj\u0105ce precyzyjne sadzenie cebul kwiatowych w ogrodzie czy na balkonie. Jej kompaktowe rozmiary, i solidna konstrukcja sprawiaj\u0105, \u017ce jest idealnym sprz\u0119tem dla [&hellip;]","og_url":"https:\/\/racom.com.pl\/index.php\/produkt\/reczna-sadzarka-ogrodowa-do-sadzenia-bulw-cebulek-cebul-kwiatow-warzyw\/","og_site_name":"Mix Market - Supermarket z wszystkim co potrzeba","og_image":[{"width":2560,"height":2560,"url":"https:\/\/racom.com.pl\/wp-content\/uploads\/2025\/07\/allegro_687c16fddf20f8.48723905_fa3045be4fab8fc1de86df44b77d.jpg","type":"image\/jpeg"}],"twitter_card":"summary_large_image","twitter_misc":{"Szacowany czas czytania":"1 minuta"},"schema":{"@context":"https:\/\/schema.org","@graph":[{"@type":"WebPage","@id":"https:\/\/racom.com.pl\/index.php\/produkt\/reczna-sadzarka-ogrodowa-do-sadzenia-bulw-cebulek-cebul-kwiatow-warzyw\/","url":"https:\/\/racom.com.pl\/index.php\/produkt\/reczna-sadzarka-ogrodowa-do-sadzenia-bulw-cebulek-cebul-kwiatow-warzyw\/","name":"R\u0119czna SADZARKA Ogrodowa do Sadzenia BULW CEBULEK CEBUL Kwiat\u00f3w Warzyw - Mix Market - Supermarket z wszystkim co potrzeba","isPartOf":{"@id":"https:\/\/racom.com.pl\/#website"},"primaryImageOfPage":{"@id":"https:\/\/racom.com.pl\/index.php\/produkt\/reczna-sadzarka-ogrodowa-do-sadzenia-bulw-cebulek-cebul-kwiatow-warzyw\/#primaryimage"},"image":{"@id":"https:\/\/racom.com.pl\/index.php\/produkt\/reczna-sadzarka-ogrodowa-do-sadzenia-bulw-cebulek-cebul-kwiatow-warzyw\/#primaryimage"},"thumbnailUrl":"https:\/\/racom.com.pl\/wp-content\/uploads\/2025\/07\/allegro_687c16fddf20f8.48723905_fa3045be4fab8fc1de86df44b77d.jpg","datePublished":"2025-07-19T22:03:01+00:00","breadcrumb":{"@id":"https:\/\/racom.com.pl\/index.php\/produkt\/reczna-sadzarka-ogrodowa-do-sadzenia-bulw-cebulek-cebul-kwiatow-warzyw\/#breadcrumb"},"inLanguage":"pl-PL","potentialAction":[{"@type":"ReadAction","target":["https:\/\/racom.com.pl\/index.php\/produkt\/reczna-sadzarka-ogrodowa-do-sadzenia-bulw-cebulek-cebul-kwiatow-warzyw\/"]}]},{"@type":"ImageObject","inLanguage":"pl-PL","@id":"https:\/\/racom.com.pl\/index.php\/produkt\/reczna-sadzarka-ogrodowa-do-sadzenia-bulw-cebulek-cebul-kwiatow-warzyw\/#primaryimage","url":"https:\/\/racom.com.pl\/wp-content\/uploads\/2025\/07\/allegro_687c16fddf20f8.48723905_fa3045be4fab8fc1de86df44b77d.jpg","contentUrl":"https:\/\/racom.com.pl\/wp-content\/uploads\/2025\/07\/allegro_687c16fddf20f8.48723905_fa3045be4fab8fc1de86df44b77d.jpg","width":2560,"height":2560},{"@type":"BreadcrumbList","@id":"https:\/\/racom.com.pl\/index.php\/produkt\/reczna-sadzarka-ogrodowa-do-sadzenia-bulw-cebulek-cebul-kwiatow-warzyw\/#breadcrumb","itemListElement":[{"@type":"ListItem","position":1,"name":"Strona g\u0142\u00f3wna","item":"https:\/\/racom.com.pl\/"},{"@type":"ListItem","position":2,"name":"Sklep","item":"https:\/\/racom.com.pl\/"},{"@type":"ListItem","position":3,"name":"R\u0119czna SADZARKA Ogrodowa do Sadzenia BULW CEBULEK CEBUL Kwiat\u00f3w Warzyw"}]},{"@type":"WebSite","@id":"https:\/\/racom.com.pl\/#website","url":"https:\/\/racom.com.pl\/","name":"Mix Market - Supermarket z wszystkim co potrzeba do domu i nie tylko","description":"","publisher":{"@id":"https:\/\/racom.com.pl\/#organization"},"potentialAction":[{"@type":"SearchAction","target":{"@type":"EntryPoint","urlTemplate":"https:\/\/racom.com.pl\/?s={search_term_string}"},"query-input":{"@type":"PropertyValueSpecification","valueRequired":true,"valueName":"search_term_string"}}],"inLanguage":"pl-PL"},{"@type":"Organization","@id":"https:\/\/racom.com.pl\/#organization","name":"Mix Market - Supermarket z wszystkim co potrzeba do domu i nie tylko","url":"https:\/\/racom.com.pl\/","logo":{"@type":"ImageObject","inLanguage":"pl-PL","@id":"https:\/\/racom.com.pl\/#\/schema\/logo\/image\/","url":"https:\/\/racom.com.pl\/wp-content\/uploads\/2025\/07\/mixmarket_logo.png","contentUrl":"https:\/\/racom.com.pl\/wp-content\/uploads\/2025\/07\/mixmarket_logo.png","width":1024,"height":1024,"caption":"Mix Market - Supermarket z wszystkim co potrzeba do domu i nie tylko"},"image":{"@id":"https:\/\/racom.com.pl\/#\/schema\/logo\/image\/"}}]}},"_links":{"self":[{"href":"https:\/\/racom.com.pl\/index.php\/wp-json\/wp\/v2\/product\/3496","targetHints":{"allow":["GET"]}}],"collection":[{"href":"https:\/\/racom.com.pl\/index.php\/wp-json\/wp\/v2\/product"}],"about":[{"href":"https:\/\/racom.com.pl\/index.php\/wp-json\/wp\/v2\/types\/product"}],"replies":[{"embeddable":true,"href":"https:\/\/racom.com.pl\/index.php\/wp-json\/wp\/v2\/comments?post=3496"}],"wp:featuredmedia":[{"embeddable":true,"href":"https:\/\/racom.com.pl\/index.php\/wp-json\/wp\/v2\/media\/3508"}],"wp:attachment":[{"href":"https:\/\/racom.com.pl\/index.php\/wp-json\/wp\/v2\/media?parent=3496"}],"wp:term":[{"taxonomy":"product_brand","embeddable":true,"href":"https:\/\/racom.com.pl\/index.php\/wp-json\/wp\/v2\/product_brand?post=3496"},{"taxonomy":"product_cat","embeddable":true,"href":"https:\/\/racom.com.pl\/index.php\/wp-json\/wp\/v2\/product_cat?post=3496"},{"taxonomy":"product_tag","embeddable":true,"href":"https:\/\/racom.com.pl\/index.php\/wp-json\/wp\/v2\/product_tag?post=3496"}],"curies":[{"name":"wp","href":"https:\/\/api.w.org\/{rel}","templated":true}]}}