{"id":3509,"date":"2025-07-20T00:07:26","date_gmt":"2025-07-19T22:07:26","guid":{"rendered":"http:\/\/192.168.2.106\/index.php\/produkt\/lutownica-kolbowa-grotowa-precyzyjna-do-tasmy-led-12v-24v-wysoka-jakosc\/"},"modified":"2025-07-20T00:07:26","modified_gmt":"2025-07-19T22:07:26","slug":"lutownica-kolbowa-grotowa-precyzyjna-do-tasmy-led-12v-24v-wysoka-jakosc","status":"publish","type":"product","link":"https:\/\/racom.com.pl\/index.php\/produkt\/lutownica-kolbowa-grotowa-precyzyjna-do-tasmy-led-12v-24v-wysoka-jakosc\/","title":{"rendered":"LUTOWNICA KOLBOWA Grotowa PRECYZYJNA do TA\u015aMY LED 12V 24V WYSOKA JAKO\u015a\u0106"},"content":{"rendered":"<h2>LUTOWNICA KOLBOWA Grotowa PRECYZYJNA WYSOKA JAKO\u015a\u0106<\/h2>\n<h2>\u2757UNIWERSALNO\u015a\u0106 ZASTOSOWANIA\u2757<\/h2>\n<h2>\u2b55 SZYBKI I BEZPROBLEMOWY MONTA\u017b&nbsp;| NAJWY\u017bSZA JAKO\u015a\u0106 \u2b55<\/h2>\n<h2>Lutownica kolbowa to niezwykle przydatne narz\u0119dzie dla majsterkowicz\u00f3w i profesjonalist\u00f3w, kt\u00f3rzy zajmuj\u0105 si\u0119 napraw\u0105 lub tworzeniem r\u00f3\u017cnych urz\u0105dze\u0144 elektronicznych.<\/h2>\n<p><b>\u2705 <\/b>Lutownica jest wykorzystywana do<b> lutowania r\u00f3\u017cnego rodzaju drobnych element\u00f3w elektronicznych, mechanicznych, dzi\u0119ki temu mo\u017cna precyzyjnie po\u0142\u0105czy\u0107 przewody, podzespo\u0142y elektroniczne, elementy bi\u017cuterii czy drobne elementy metalowe.<\/b><\/p>\n<p><b>\u2705<\/b> <b>Szybko si\u0119 nagrzewa.<\/b><\/p>\n<p><b>\u2705 <\/b>Posiada <b>przew\u00f3d o d\u0142ugo\u015bci 90 cm.<\/b><\/p>\n<p><b>\u2705 Zapewnia sta\u0142\u0105 temperatur\u0119 pracy, co umo\u017cliwia r\u00f3wnomierne lutowanie i minimalizuje ryzyko przegrzania element\u00f3w.<\/b><\/p>\n<h2>\u2b50 Wyj\u0105tkowo atrakcyjna cena!!!&nbsp;\u2b50<\/h2>\n<h2>\u2705&nbsp;SPECYFIKACJA PRODUKTU:<\/h2>\n<ul>\n<li><b>Moc<\/b>: 30W<\/li>\n<li><b>Max. temperatura<\/b>:&nbsp; 450\u00b0C<\/li>\n<li><b>Napi\u0119cie<\/b>: 220-240V<\/li>\n<li><b>D\u0142ugo\u015b\u0107 ca\u0142kowita<\/b>: 23 cm<\/li>\n<li><b>D\u0142ugo\u015b\u0107 przewodu<\/b>: ok. 90 cm<\/li>\n<li><b>Kolor<\/b>: pomara\u0144czowy<\/li>\n<li><b>Certyfikaty<\/b>:&nbsp;CE, RoHS<\/li>\n<\/ul>\n<p>\u26a0\ufe0f&nbsp;<b>SERIA PREMIUM &#8211; NAJWY\u017bSZA JAKO\u015a\u0106<\/b>\u26a0\ufe0f<\/p>\n<p><b>\u2705\u2692\ufe0f Wykonana z wysokiej jako\u015bci materia\u0142\u00f3w, zapewnia trwa\u0142o\u015b\u0107 i niezawodno\u015b\u0107 podczas u\u017cytkowania.<\/b> Wyposa\u017cona w silikonow\u0105, antypo\u015blizgow\u0105 r\u0119koje\u015b\u0107 gwarantuj\u0105c\u0105 wygod\u0119 pracy.<\/p>\n<p><b>\u2705\u2692\ufe0f<\/b> <b>Prosta konstrukcja i intuicyjna obs\u0142uga sprawiaj\u0105, \u017ce lutownica jest idealna nawet dla pocz\u0105tkuj\u0105cych u\u017cytkownik\u00f3w.<\/b><\/p>\n<h2>\u2b50HIT CENOWY\u2b50<\/h2>\n<p><b>\u2705 <\/b>Oferowane przez nas produkty <b>spe\u0142niaj\u0105 wszystkie normy bezpiecze\u0144stwa<\/b>, posiadaj\u0105 niezb\u0119dne certyfikaty, w tym oczywi\u015bcie CE.<\/p>\n<p><b>\u2705 Naszym priorytetem jest ekologia<\/b>. Nie znajdziesz wi\u0119c takich substancji jak rt\u0119\u0107 czy o\u0142\u00f3w.<\/p>\n<h2>\u2b50 ATRAKCYJNA CENA \u2b50<\/h2>\n<h2>\u2b50SERIA PREMIUM &#8211; NAJWY\u017bSZA JAKO\u015a\u0106\u2b50<\/h2>\n<p><b>JAKO\u015a\u0106 PREMIUM BEZPO\u015aREDNIO OD PRODUCENTA<\/b><\/p>\n<p><b>BEZPIECZE\u0143STWO POTWIERDZA NORMA CE<\/b><\/p>\n","protected":false},"excerpt":{"rendered":"<p>LUTOWNICA KOLBOWA Grotowa PRECYZYJNA WYSOKA JAKO\u015a\u0106 \u2757UNIWERSALNO\u015a\u0106 ZASTOSOWANIA\u2757 \u2b55 SZYBKI I BEZPROBLEMOWY MONTA\u017b&nbsp;| NAJWY\u017bSZA JAKO\u015a\u0106 \u2b55 Lutownica kolbowa to niezwykle przydatne narz\u0119dzie dla majsterkowicz\u00f3w i profesjonalist\u00f3w, kt\u00f3rzy zajmuj\u0105 si\u0119 napraw\u0105 lub tworzeniem r\u00f3\u017cnych urz\u0105dze\u0144 elektronicznych. \u2705 Lutownica jest wykorzystywana do lutowania r\u00f3\u017cnego rodzaju drobnych element\u00f3w elektronicznych, mechanicznych, dzi\u0119ki temu mo\u017cna precyzyjnie po\u0142\u0105czy\u0107 przewody, podzespo\u0142y elektroniczne, [&hellip;]<\/p>\n","protected":false},"featured_media":3522,"comment_status":"open","ping_status":"closed","template":"","meta":[],"product_brand":[240],"product_cat":[239],"product_tag":[],"class_list":{"0":"post-3509","1":"product","2":"type-product","3":"status-publish","4":"has-post-thumbnail","6":"product_brand-racom","7":"product_cat-lutownice","9":"first","10":"instock","11":"taxable","12":"shipping-taxable","13":"purchasable","14":"product-type-simple"},"yoast_head":"<!-- This site is optimized with the Yoast SEO plugin v27.4 - https:\/\/yoast.com\/product\/yoast-seo-wordpress\/ -->\n<title>LUTOWNICA KOLBOWA Grotowa PRECYZYJNA do TA\u015aMY LED 12V 24V WYSOKA JAKO\u015a\u0106 - Mix Market - Supermarket z wszystkim co potrzeba<\/title>\n<meta name=\"robots\" content=\"index, follow, max-snippet:-1, max-image-preview:large, max-video-preview:-1\" \/>\n<link rel=\"canonical\" href=\"https:\/\/racom.com.pl\/index.php\/produkt\/lutownica-kolbowa-grotowa-precyzyjna-do-tasmy-led-12v-24v-wysoka-jakosc\/\" \/>\n<meta property=\"og:locale\" content=\"pl_PL\" \/>\n<meta property=\"og:type\" content=\"article\" \/>\n<meta property=\"og:title\" content=\"LUTOWNICA KOLBOWA Grotowa PRECYZYJNA do TA\u015aMY LED 12V 24V WYSOKA JAKO\u015a\u0106 - Mix Market - Supermarket z wszystkim co potrzeba\" \/>\n<meta property=\"og:description\" content=\"LUTOWNICA KOLBOWA Grotowa PRECYZYJNA WYSOKA JAKO\u015a\u0106 \u2757UNIWERSALNO\u015a\u0106 ZASTOSOWANIA\u2757 \u2b55 SZYBKI I BEZPROBLEMOWY MONTA\u017b&nbsp;| NAJWY\u017bSZA JAKO\u015a\u0106 \u2b55 Lutownica kolbowa to niezwykle przydatne narz\u0119dzie dla majsterkowicz\u00f3w i profesjonalist\u00f3w, kt\u00f3rzy zajmuj\u0105 si\u0119 napraw\u0105 lub tworzeniem r\u00f3\u017cnych urz\u0105dze\u0144 elektronicznych. \u2705 Lutownica jest wykorzystywana do lutowania r\u00f3\u017cnego rodzaju drobnych element\u00f3w elektronicznych, mechanicznych, dzi\u0119ki temu mo\u017cna precyzyjnie po\u0142\u0105czy\u0107 przewody, podzespo\u0142y elektroniczne, [&hellip;]\" \/>\n<meta property=\"og:url\" content=\"https:\/\/racom.com.pl\/index.php\/produkt\/lutownica-kolbowa-grotowa-precyzyjna-do-tasmy-led-12v-24v-wysoka-jakosc\/\" \/>\n<meta property=\"og:site_name\" content=\"Mix Market - Supermarket z wszystkim co potrzeba\" \/>\n<meta property=\"og:image\" content=\"https:\/\/racom.com.pl\/wp-content\/uploads\/2025\/07\/allegro_687c1812048ce6.87495190_4e12204b49ff8584e36ac923d671.jpg\" \/>\n\t<meta property=\"og:image:width\" content=\"2560\" \/>\n\t<meta property=\"og:image:height\" content=\"2560\" \/>\n\t<meta property=\"og:image:type\" content=\"image\/jpeg\" \/>\n<meta name=\"twitter:card\" content=\"summary_large_image\" \/>\n<meta name=\"twitter:label1\" content=\"Szacowany czas czytania\" \/>\n\t<meta name=\"twitter:data1\" content=\"1 minuta\" \/>\n<script type=\"application\/ld+json\" class=\"yoast-schema-graph\">{\"@context\":\"https:\\\/\\\/schema.org\",\"@graph\":[{\"@type\":\"WebPage\",\"@id\":\"https:\\\/\\\/racom.com.pl\\\/index.php\\\/produkt\\\/lutownica-kolbowa-grotowa-precyzyjna-do-tasmy-led-12v-24v-wysoka-jakosc\\\/\",\"url\":\"https:\\\/\\\/racom.com.pl\\\/index.php\\\/produkt\\\/lutownica-kolbowa-grotowa-precyzyjna-do-tasmy-led-12v-24v-wysoka-jakosc\\\/\",\"name\":\"LUTOWNICA KOLBOWA Grotowa PRECYZYJNA do TA\u015aMY LED 12V 24V WYSOKA JAKO\u015a\u0106 - Mix Market - Supermarket z wszystkim co potrzeba\",\"isPartOf\":{\"@id\":\"https:\\\/\\\/racom.com.pl\\\/#website\"},\"primaryImageOfPage\":{\"@id\":\"https:\\\/\\\/racom.com.pl\\\/index.php\\\/produkt\\\/lutownica-kolbowa-grotowa-precyzyjna-do-tasmy-led-12v-24v-wysoka-jakosc\\\/#primaryimage\"},\"image\":{\"@id\":\"https:\\\/\\\/racom.com.pl\\\/index.php\\\/produkt\\\/lutownica-kolbowa-grotowa-precyzyjna-do-tasmy-led-12v-24v-wysoka-jakosc\\\/#primaryimage\"},\"thumbnailUrl\":\"https:\\\/\\\/racom.com.pl\\\/wp-content\\\/uploads\\\/2025\\\/07\\\/allegro_687c1812048ce6.87495190_4e12204b49ff8584e36ac923d671.jpg\",\"datePublished\":\"2025-07-19T22:07:26+00:00\",\"breadcrumb\":{\"@id\":\"https:\\\/\\\/racom.com.pl\\\/index.php\\\/produkt\\\/lutownica-kolbowa-grotowa-precyzyjna-do-tasmy-led-12v-24v-wysoka-jakosc\\\/#breadcrumb\"},\"inLanguage\":\"pl-PL\",\"potentialAction\":[{\"@type\":\"ReadAction\",\"target\":[\"https:\\\/\\\/racom.com.pl\\\/index.php\\\/produkt\\\/lutownica-kolbowa-grotowa-precyzyjna-do-tasmy-led-12v-24v-wysoka-jakosc\\\/\"]}]},{\"@type\":\"ImageObject\",\"inLanguage\":\"pl-PL\",\"@id\":\"https:\\\/\\\/racom.com.pl\\\/index.php\\\/produkt\\\/lutownica-kolbowa-grotowa-precyzyjna-do-tasmy-led-12v-24v-wysoka-jakosc\\\/#primaryimage\",\"url\":\"https:\\\/\\\/racom.com.pl\\\/wp-content\\\/uploads\\\/2025\\\/07\\\/allegro_687c1812048ce6.87495190_4e12204b49ff8584e36ac923d671.jpg\",\"contentUrl\":\"https:\\\/\\\/racom.com.pl\\\/wp-content\\\/uploads\\\/2025\\\/07\\\/allegro_687c1812048ce6.87495190_4e12204b49ff8584e36ac923d671.jpg\",\"width\":2560,\"height\":2560},{\"@type\":\"BreadcrumbList\",\"@id\":\"https:\\\/\\\/racom.com.pl\\\/index.php\\\/produkt\\\/lutownica-kolbowa-grotowa-precyzyjna-do-tasmy-led-12v-24v-wysoka-jakosc\\\/#breadcrumb\",\"itemListElement\":[{\"@type\":\"ListItem\",\"position\":1,\"name\":\"Strona g\u0142\u00f3wna\",\"item\":\"https:\\\/\\\/racom.com.pl\\\/\"},{\"@type\":\"ListItem\",\"position\":2,\"name\":\"Sklep\",\"item\":\"https:\\\/\\\/racom.com.pl\\\/\"},{\"@type\":\"ListItem\",\"position\":3,\"name\":\"LUTOWNICA KOLBOWA Grotowa PRECYZYJNA do TA\u015aMY LED 12V 24V WYSOKA JAKO\u015a\u0106\"}]},{\"@type\":\"WebSite\",\"@id\":\"https:\\\/\\\/racom.com.pl\\\/#website\",\"url\":\"https:\\\/\\\/racom.com.pl\\\/\",\"name\":\"Mix Market - Supermarket z wszystkim co potrzeba do domu i nie tylko\",\"description\":\"\",\"publisher\":{\"@id\":\"https:\\\/\\\/racom.com.pl\\\/#organization\"},\"potentialAction\":[{\"@type\":\"SearchAction\",\"target\":{\"@type\":\"EntryPoint\",\"urlTemplate\":\"https:\\\/\\\/racom.com.pl\\\/?s={search_term_string}\"},\"query-input\":{\"@type\":\"PropertyValueSpecification\",\"valueRequired\":true,\"valueName\":\"search_term_string\"}}],\"inLanguage\":\"pl-PL\"},{\"@type\":\"Organization\",\"@id\":\"https:\\\/\\\/racom.com.pl\\\/#organization\",\"name\":\"Mix Market - Supermarket z wszystkim co potrzeba do domu i nie tylko\",\"url\":\"https:\\\/\\\/racom.com.pl\\\/\",\"logo\":{\"@type\":\"ImageObject\",\"inLanguage\":\"pl-PL\",\"@id\":\"https:\\\/\\\/racom.com.pl\\\/#\\\/schema\\\/logo\\\/image\\\/\",\"url\":\"https:\\\/\\\/racom.com.pl\\\/wp-content\\\/uploads\\\/2025\\\/07\\\/mixmarket_logo.png\",\"contentUrl\":\"https:\\\/\\\/racom.com.pl\\\/wp-content\\\/uploads\\\/2025\\\/07\\\/mixmarket_logo.png\",\"width\":1024,\"height\":1024,\"caption\":\"Mix Market - Supermarket z wszystkim co potrzeba do domu i nie tylko\"},\"image\":{\"@id\":\"https:\\\/\\\/racom.com.pl\\\/#\\\/schema\\\/logo\\\/image\\\/\"}}]}<\/script>\n<!-- \/ Yoast SEO plugin. -->","yoast_head_json":{"title":"LUTOWNICA KOLBOWA Grotowa PRECYZYJNA do TA\u015aMY LED 12V 24V WYSOKA JAKO\u015a\u0106 - Mix Market - Supermarket z wszystkim co potrzeba","robots":{"index":"index","follow":"follow","max-snippet":"max-snippet:-1","max-image-preview":"max-image-preview:large","max-video-preview":"max-video-preview:-1"},"canonical":"https:\/\/racom.com.pl\/index.php\/produkt\/lutownica-kolbowa-grotowa-precyzyjna-do-tasmy-led-12v-24v-wysoka-jakosc\/","og_locale":"pl_PL","og_type":"article","og_title":"LUTOWNICA KOLBOWA Grotowa PRECYZYJNA do TA\u015aMY LED 12V 24V WYSOKA JAKO\u015a\u0106 - Mix Market - Supermarket z wszystkim co potrzeba","og_description":"LUTOWNICA KOLBOWA Grotowa PRECYZYJNA WYSOKA JAKO\u015a\u0106 \u2757UNIWERSALNO\u015a\u0106 ZASTOSOWANIA\u2757 \u2b55 SZYBKI I BEZPROBLEMOWY MONTA\u017b&nbsp;| NAJWY\u017bSZA JAKO\u015a\u0106 \u2b55 Lutownica kolbowa to niezwykle przydatne narz\u0119dzie dla majsterkowicz\u00f3w i profesjonalist\u00f3w, kt\u00f3rzy zajmuj\u0105 si\u0119 napraw\u0105 lub tworzeniem r\u00f3\u017cnych urz\u0105dze\u0144 elektronicznych. \u2705 Lutownica jest wykorzystywana do lutowania r\u00f3\u017cnego rodzaju drobnych element\u00f3w elektronicznych, mechanicznych, dzi\u0119ki temu mo\u017cna precyzyjnie po\u0142\u0105czy\u0107 przewody, podzespo\u0142y elektroniczne, [&hellip;]","og_url":"https:\/\/racom.com.pl\/index.php\/produkt\/lutownica-kolbowa-grotowa-precyzyjna-do-tasmy-led-12v-24v-wysoka-jakosc\/","og_site_name":"Mix Market - Supermarket z wszystkim co potrzeba","og_image":[{"width":2560,"height":2560,"url":"https:\/\/racom.com.pl\/wp-content\/uploads\/2025\/07\/allegro_687c1812048ce6.87495190_4e12204b49ff8584e36ac923d671.jpg","type":"image\/jpeg"}],"twitter_card":"summary_large_image","twitter_misc":{"Szacowany czas czytania":"1 minuta"},"schema":{"@context":"https:\/\/schema.org","@graph":[{"@type":"WebPage","@id":"https:\/\/racom.com.pl\/index.php\/produkt\/lutownica-kolbowa-grotowa-precyzyjna-do-tasmy-led-12v-24v-wysoka-jakosc\/","url":"https:\/\/racom.com.pl\/index.php\/produkt\/lutownica-kolbowa-grotowa-precyzyjna-do-tasmy-led-12v-24v-wysoka-jakosc\/","name":"LUTOWNICA KOLBOWA Grotowa PRECYZYJNA do TA\u015aMY LED 12V 24V WYSOKA JAKO\u015a\u0106 - Mix Market - Supermarket z wszystkim co potrzeba","isPartOf":{"@id":"https:\/\/racom.com.pl\/#website"},"primaryImageOfPage":{"@id":"https:\/\/racom.com.pl\/index.php\/produkt\/lutownica-kolbowa-grotowa-precyzyjna-do-tasmy-led-12v-24v-wysoka-jakosc\/#primaryimage"},"image":{"@id":"https:\/\/racom.com.pl\/index.php\/produkt\/lutownica-kolbowa-grotowa-precyzyjna-do-tasmy-led-12v-24v-wysoka-jakosc\/#primaryimage"},"thumbnailUrl":"https:\/\/racom.com.pl\/wp-content\/uploads\/2025\/07\/allegro_687c1812048ce6.87495190_4e12204b49ff8584e36ac923d671.jpg","datePublished":"2025-07-19T22:07:26+00:00","breadcrumb":{"@id":"https:\/\/racom.com.pl\/index.php\/produkt\/lutownica-kolbowa-grotowa-precyzyjna-do-tasmy-led-12v-24v-wysoka-jakosc\/#breadcrumb"},"inLanguage":"pl-PL","potentialAction":[{"@type":"ReadAction","target":["https:\/\/racom.com.pl\/index.php\/produkt\/lutownica-kolbowa-grotowa-precyzyjna-do-tasmy-led-12v-24v-wysoka-jakosc\/"]}]},{"@type":"ImageObject","inLanguage":"pl-PL","@id":"https:\/\/racom.com.pl\/index.php\/produkt\/lutownica-kolbowa-grotowa-precyzyjna-do-tasmy-led-12v-24v-wysoka-jakosc\/#primaryimage","url":"https:\/\/racom.com.pl\/wp-content\/uploads\/2025\/07\/allegro_687c1812048ce6.87495190_4e12204b49ff8584e36ac923d671.jpg","contentUrl":"https:\/\/racom.com.pl\/wp-content\/uploads\/2025\/07\/allegro_687c1812048ce6.87495190_4e12204b49ff8584e36ac923d671.jpg","width":2560,"height":2560},{"@type":"BreadcrumbList","@id":"https:\/\/racom.com.pl\/index.php\/produkt\/lutownica-kolbowa-grotowa-precyzyjna-do-tasmy-led-12v-24v-wysoka-jakosc\/#breadcrumb","itemListElement":[{"@type":"ListItem","position":1,"name":"Strona g\u0142\u00f3wna","item":"https:\/\/racom.com.pl\/"},{"@type":"ListItem","position":2,"name":"Sklep","item":"https:\/\/racom.com.pl\/"},{"@type":"ListItem","position":3,"name":"LUTOWNICA KOLBOWA Grotowa PRECYZYJNA do TA\u015aMY LED 12V 24V WYSOKA JAKO\u015a\u0106"}]},{"@type":"WebSite","@id":"https:\/\/racom.com.pl\/#website","url":"https:\/\/racom.com.pl\/","name":"Mix Market - Supermarket z wszystkim co potrzeba do domu i nie tylko","description":"","publisher":{"@id":"https:\/\/racom.com.pl\/#organization"},"potentialAction":[{"@type":"SearchAction","target":{"@type":"EntryPoint","urlTemplate":"https:\/\/racom.com.pl\/?s={search_term_string}"},"query-input":{"@type":"PropertyValueSpecification","valueRequired":true,"valueName":"search_term_string"}}],"inLanguage":"pl-PL"},{"@type":"Organization","@id":"https:\/\/racom.com.pl\/#organization","name":"Mix Market - Supermarket z wszystkim co potrzeba do domu i nie tylko","url":"https:\/\/racom.com.pl\/","logo":{"@type":"ImageObject","inLanguage":"pl-PL","@id":"https:\/\/racom.com.pl\/#\/schema\/logo\/image\/","url":"https:\/\/racom.com.pl\/wp-content\/uploads\/2025\/07\/mixmarket_logo.png","contentUrl":"https:\/\/racom.com.pl\/wp-content\/uploads\/2025\/07\/mixmarket_logo.png","width":1024,"height":1024,"caption":"Mix Market - Supermarket z wszystkim co potrzeba do domu i nie tylko"},"image":{"@id":"https:\/\/racom.com.pl\/#\/schema\/logo\/image\/"}}]}},"_links":{"self":[{"href":"https:\/\/racom.com.pl\/index.php\/wp-json\/wp\/v2\/product\/3509","targetHints":{"allow":["GET"]}}],"collection":[{"href":"https:\/\/racom.com.pl\/index.php\/wp-json\/wp\/v2\/product"}],"about":[{"href":"https:\/\/racom.com.pl\/index.php\/wp-json\/wp\/v2\/types\/product"}],"replies":[{"embeddable":true,"href":"https:\/\/racom.com.pl\/index.php\/wp-json\/wp\/v2\/comments?post=3509"}],"wp:featuredmedia":[{"embeddable":true,"href":"https:\/\/racom.com.pl\/index.php\/wp-json\/wp\/v2\/media\/3522"}],"wp:attachment":[{"href":"https:\/\/racom.com.pl\/index.php\/wp-json\/wp\/v2\/media?parent=3509"}],"wp:term":[{"taxonomy":"product_brand","embeddable":true,"href":"https:\/\/racom.com.pl\/index.php\/wp-json\/wp\/v2\/product_brand?post=3509"},{"taxonomy":"product_cat","embeddable":true,"href":"https:\/\/racom.com.pl\/index.php\/wp-json\/wp\/v2\/product_cat?post=3509"},{"taxonomy":"product_tag","embeddable":true,"href":"https:\/\/racom.com.pl\/index.php\/wp-json\/wp\/v2\/product_tag?post=3509"}],"curies":[{"name":"wp","href":"https:\/\/api.w.org\/{rel}","templated":true}]}}