{"id":3523,"date":"2025-07-20T00:11:57","date_gmt":"2025-07-19T22:11:57","guid":{"rendered":"http:\/\/192.168.2.106\/index.php\/produkt\/oprawka-remontowa-budowlana-do-zarowki-e27-biala-kabel-przewod-15cm\/"},"modified":"2025-07-20T00:11:57","modified_gmt":"2025-07-19T22:11:57","slug":"oprawka-remontowa-budowlana-do-zarowki-e27-biala-kabel-przewod-15cm","status":"publish","type":"product","link":"https:\/\/racom.com.pl\/index.php\/produkt\/oprawka-remontowa-budowlana-do-zarowki-e27-biala-kabel-przewod-15cm\/","title":{"rendered":"Oprawka Remontowa Budowlana do \u017bar\u00f3wki E27 Bia\u0142a Kabel Przew\u00f3d 15cm"},"content":{"rendered":"<h2>Oprawka Remontowa E27 z przewodem Bia\u0142a<\/h2>\n<p>\u2714\ufe0f&nbsp;<b>Oprawka remontowa E27<\/b>&nbsp;to&nbsp;<b>bia\u0142a<\/b>, standardowa&nbsp;<b>oprawka \u015bwietlna<\/b>, kt\u00f3ra jest przeznaczona<b>&nbsp;do monta\u017cu \u017car\u00f3wki E27.<\/b><\/p>\n<p>\u2714\ufe0f Jest to popularne rozwi\u0105zanie<b>&nbsp;stosowane podczas remont\u00f3w<\/b>&nbsp;<b>i modernizacji instalacji o\u015bwietleniowych<\/b>, kiedy wymagane jest&nbsp;<b>czasowe zamontowanie o\u015bwietlenia&nbsp;<\/b>bez u\u017cywania klosza czy innego elementu dekoracyjnego.<\/p>\n<p>\u2714\ufe0f<b>&nbsp;Oprawki remontowe E27&nbsp;<\/b>s\u0105 proste w&nbsp;<b>monta\u017cu<\/b>&nbsp;i<b>&nbsp;demonta\u017cu<\/b>, co czyni je&nbsp;<b>uniwersalnym rozwi\u0105zaniem&nbsp;<\/b>w przypadku tymczasowego zamontowania o\u015bwietlenia.<\/p>\n<p>\u2714\ufe0f Warto jednak pami\u0119ta\u0107, \u017ce o<b>prawki remontowe nie s\u0105 przeznaczone do sta\u0142ego u\u017cytkowania<\/b>&nbsp;i nie stanowi\u0105 pe\u0142noprawnej alternatywy dla tradycyjnych \u017ar\u00f3de\u0142 \u015bwiat\u0142a.<\/p>\n<p><b>Zestaw zawiera:<\/b><\/p>\n<ul>\n<li><b>1 szt. Oprawka<\/b>&nbsp;Remontowa E27<\/li>\n<li><b>1 szt. Kostka przy\u0142\u0105czeniowa&nbsp;<\/b>u\u0142atwiaj\u0105ca szybkie pod\u0142\u0105czenie do sieci elektrycznej<\/li>\n<\/ul>\n<h2>Specyfikacja Techniczna:<\/h2>\n<ul>\n<li>Napi\u0119cie zasilania (Napi\u0119cie znamionowe):&nbsp;<b>230V<\/b><\/li>\n<li>Oprawka:&nbsp;<b>E27<\/b><\/li>\n<li>Materia\u0142:&nbsp;<b>Tworzywo sztuczne<\/b><\/li>\n<li>Kolor:&nbsp;<b>Bia\u0142y<\/b><\/li>\n<li>D\u0142ugo\u015b\u0107 przewodu zasilaj\u0105cego:&nbsp;<b>15cm<\/b><\/li>\n<li>Inne cechy:&nbsp;<b>kostka przy\u0142\u0105czeniowa w zestawie<\/b><\/li>\n<\/ul>\n","protected":false},"excerpt":{"rendered":"<p>Oprawka Remontowa E27 z przewodem Bia\u0142a \u2714\ufe0f&nbsp;Oprawka remontowa E27&nbsp;to&nbsp;bia\u0142a, standardowa&nbsp;oprawka \u015bwietlna, kt\u00f3ra jest przeznaczona&nbsp;do monta\u017cu \u017car\u00f3wki E27. \u2714\ufe0f Jest to popularne rozwi\u0105zanie&nbsp;stosowane podczas remont\u00f3w&nbsp;i modernizacji instalacji o\u015bwietleniowych, kiedy wymagane jest&nbsp;czasowe zamontowanie o\u015bwietlenia&nbsp;bez u\u017cywania klosza czy innego elementu dekoracyjnego. \u2714\ufe0f&nbsp;Oprawki remontowe E27&nbsp;s\u0105 proste w&nbsp;monta\u017cu&nbsp;i&nbsp;demonta\u017cu, co czyni je&nbsp;uniwersalnym rozwi\u0105zaniem&nbsp;w przypadku tymczasowego zamontowania o\u015bwietlenia. \u2714\ufe0f Warto jednak pami\u0119ta\u0107, [&hellip;]<\/p>\n","protected":false},"featured_media":3527,"comment_status":"open","ping_status":"closed","template":"","meta":[],"product_brand":[241],"product_cat":[36],"product_tag":[],"class_list":{"0":"post-3523","1":"product","2":"type-product","3":"status-publish","4":"has-post-thumbnail","6":"product_brand-ecolight","7":"product_cat-akcesoria","9":"first","10":"instock","11":"taxable","12":"shipping-taxable","13":"purchasable","14":"product-type-simple"},"yoast_head":"<!-- This site is optimized with the Yoast SEO plugin v27.3 - https:\/\/yoast.com\/product\/yoast-seo-wordpress\/ -->\n<title>Oprawka Remontowa Budowlana do \u017bar\u00f3wki E27 Bia\u0142a Kabel Przew\u00f3d 15cm - Mix Market - Supermarket z wszystkim co potrzeba<\/title>\n<meta name=\"robots\" content=\"index, follow, max-snippet:-1, max-image-preview:large, max-video-preview:-1\" \/>\n<link rel=\"canonical\" href=\"https:\/\/racom.com.pl\/index.php\/produkt\/oprawka-remontowa-budowlana-do-zarowki-e27-biala-kabel-przewod-15cm\/\" \/>\n<meta property=\"og:locale\" content=\"pl_PL\" \/>\n<meta property=\"og:type\" content=\"article\" \/>\n<meta property=\"og:title\" content=\"Oprawka Remontowa Budowlana do \u017bar\u00f3wki E27 Bia\u0142a Kabel Przew\u00f3d 15cm - Mix Market - Supermarket z wszystkim co potrzeba\" \/>\n<meta property=\"og:description\" content=\"Oprawka Remontowa E27 z przewodem Bia\u0142a \u2714\ufe0f&nbsp;Oprawka remontowa E27&nbsp;to&nbsp;bia\u0142a, standardowa&nbsp;oprawka \u015bwietlna, kt\u00f3ra jest przeznaczona&nbsp;do monta\u017cu \u017car\u00f3wki E27. \u2714\ufe0f Jest to popularne rozwi\u0105zanie&nbsp;stosowane podczas remont\u00f3w&nbsp;i modernizacji instalacji o\u015bwietleniowych, kiedy wymagane jest&nbsp;czasowe zamontowanie o\u015bwietlenia&nbsp;bez u\u017cywania klosza czy innego elementu dekoracyjnego. \u2714\ufe0f&nbsp;Oprawki remontowe E27&nbsp;s\u0105 proste w&nbsp;monta\u017cu&nbsp;i&nbsp;demonta\u017cu, co czyni je&nbsp;uniwersalnym rozwi\u0105zaniem&nbsp;w przypadku tymczasowego zamontowania o\u015bwietlenia. \u2714\ufe0f Warto jednak pami\u0119ta\u0107, [&hellip;]\" \/>\n<meta property=\"og:url\" content=\"https:\/\/racom.com.pl\/index.php\/produkt\/oprawka-remontowa-budowlana-do-zarowki-e27-biala-kabel-przewod-15cm\/\" \/>\n<meta property=\"og:site_name\" content=\"Mix Market - Supermarket z wszystkim co potrzeba\" \/>\n<meta property=\"og:image\" content=\"https:\/\/racom.com.pl\/wp-content\/uploads\/2025\/07\/allegro_687c188eefd759.10458441_d4a3ce444c349fa3e91b2cd34c2a.jpg\" \/>\n\t<meta property=\"og:image:width\" content=\"2560\" \/>\n\t<meta property=\"og:image:height\" content=\"2560\" \/>\n\t<meta property=\"og:image:type\" content=\"image\/jpeg\" \/>\n<meta name=\"twitter:card\" content=\"summary_large_image\" \/>\n<meta name=\"twitter:label1\" content=\"Szacowany czas czytania\" \/>\n\t<meta name=\"twitter:data1\" content=\"1 minuta\" \/>\n<script type=\"application\/ld+json\" class=\"yoast-schema-graph\">{\"@context\":\"https:\\\/\\\/schema.org\",\"@graph\":[{\"@type\":\"WebPage\",\"@id\":\"https:\\\/\\\/racom.com.pl\\\/index.php\\\/produkt\\\/oprawka-remontowa-budowlana-do-zarowki-e27-biala-kabel-przewod-15cm\\\/\",\"url\":\"https:\\\/\\\/racom.com.pl\\\/index.php\\\/produkt\\\/oprawka-remontowa-budowlana-do-zarowki-e27-biala-kabel-przewod-15cm\\\/\",\"name\":\"Oprawka Remontowa Budowlana do \u017bar\u00f3wki E27 Bia\u0142a Kabel Przew\u00f3d 15cm - Mix Market - Supermarket z wszystkim co potrzeba\",\"isPartOf\":{\"@id\":\"https:\\\/\\\/racom.com.pl\\\/#website\"},\"primaryImageOfPage\":{\"@id\":\"https:\\\/\\\/racom.com.pl\\\/index.php\\\/produkt\\\/oprawka-remontowa-budowlana-do-zarowki-e27-biala-kabel-przewod-15cm\\\/#primaryimage\"},\"image\":{\"@id\":\"https:\\\/\\\/racom.com.pl\\\/index.php\\\/produkt\\\/oprawka-remontowa-budowlana-do-zarowki-e27-biala-kabel-przewod-15cm\\\/#primaryimage\"},\"thumbnailUrl\":\"https:\\\/\\\/racom.com.pl\\\/wp-content\\\/uploads\\\/2025\\\/07\\\/allegro_687c188eefd759.10458441_d4a3ce444c349fa3e91b2cd34c2a.jpg\",\"datePublished\":\"2025-07-19T22:11:57+00:00\",\"breadcrumb\":{\"@id\":\"https:\\\/\\\/racom.com.pl\\\/index.php\\\/produkt\\\/oprawka-remontowa-budowlana-do-zarowki-e27-biala-kabel-przewod-15cm\\\/#breadcrumb\"},\"inLanguage\":\"pl-PL\",\"potentialAction\":[{\"@type\":\"ReadAction\",\"target\":[\"https:\\\/\\\/racom.com.pl\\\/index.php\\\/produkt\\\/oprawka-remontowa-budowlana-do-zarowki-e27-biala-kabel-przewod-15cm\\\/\"]}]},{\"@type\":\"ImageObject\",\"inLanguage\":\"pl-PL\",\"@id\":\"https:\\\/\\\/racom.com.pl\\\/index.php\\\/produkt\\\/oprawka-remontowa-budowlana-do-zarowki-e27-biala-kabel-przewod-15cm\\\/#primaryimage\",\"url\":\"https:\\\/\\\/racom.com.pl\\\/wp-content\\\/uploads\\\/2025\\\/07\\\/allegro_687c188eefd759.10458441_d4a3ce444c349fa3e91b2cd34c2a.jpg\",\"contentUrl\":\"https:\\\/\\\/racom.com.pl\\\/wp-content\\\/uploads\\\/2025\\\/07\\\/allegro_687c188eefd759.10458441_d4a3ce444c349fa3e91b2cd34c2a.jpg\",\"width\":2560,\"height\":2560},{\"@type\":\"BreadcrumbList\",\"@id\":\"https:\\\/\\\/racom.com.pl\\\/index.php\\\/produkt\\\/oprawka-remontowa-budowlana-do-zarowki-e27-biala-kabel-przewod-15cm\\\/#breadcrumb\",\"itemListElement\":[{\"@type\":\"ListItem\",\"position\":1,\"name\":\"Strona g\u0142\u00f3wna\",\"item\":\"https:\\\/\\\/racom.com.pl\\\/\"},{\"@type\":\"ListItem\",\"position\":2,\"name\":\"Sklep\",\"item\":\"https:\\\/\\\/racom.com.pl\\\/\"},{\"@type\":\"ListItem\",\"position\":3,\"name\":\"Oprawka Remontowa Budowlana do \u017bar\u00f3wki E27 Bia\u0142a Kabel Przew\u00f3d 15cm\"}]},{\"@type\":\"WebSite\",\"@id\":\"https:\\\/\\\/racom.com.pl\\\/#website\",\"url\":\"https:\\\/\\\/racom.com.pl\\\/\",\"name\":\"Mix Market - Supermarket z wszystkim co potrzeba do domu i nie tylko\",\"description\":\"\",\"publisher\":{\"@id\":\"https:\\\/\\\/racom.com.pl\\\/#organization\"},\"potentialAction\":[{\"@type\":\"SearchAction\",\"target\":{\"@type\":\"EntryPoint\",\"urlTemplate\":\"https:\\\/\\\/racom.com.pl\\\/?s={search_term_string}\"},\"query-input\":{\"@type\":\"PropertyValueSpecification\",\"valueRequired\":true,\"valueName\":\"search_term_string\"}}],\"inLanguage\":\"pl-PL\"},{\"@type\":\"Organization\",\"@id\":\"https:\\\/\\\/racom.com.pl\\\/#organization\",\"name\":\"Mix Market - Supermarket z wszystkim co potrzeba do domu i nie tylko\",\"url\":\"https:\\\/\\\/racom.com.pl\\\/\",\"logo\":{\"@type\":\"ImageObject\",\"inLanguage\":\"pl-PL\",\"@id\":\"https:\\\/\\\/racom.com.pl\\\/#\\\/schema\\\/logo\\\/image\\\/\",\"url\":\"https:\\\/\\\/racom.com.pl\\\/wp-content\\\/uploads\\\/2025\\\/07\\\/mixmarket_logo.png\",\"contentUrl\":\"https:\\\/\\\/racom.com.pl\\\/wp-content\\\/uploads\\\/2025\\\/07\\\/mixmarket_logo.png\",\"width\":1024,\"height\":1024,\"caption\":\"Mix Market - Supermarket z wszystkim co potrzeba do domu i nie tylko\"},\"image\":{\"@id\":\"https:\\\/\\\/racom.com.pl\\\/#\\\/schema\\\/logo\\\/image\\\/\"}}]}<\/script>\n<!-- \/ Yoast SEO plugin. -->","yoast_head_json":{"title":"Oprawka Remontowa Budowlana do \u017bar\u00f3wki E27 Bia\u0142a Kabel Przew\u00f3d 15cm - Mix Market - Supermarket z wszystkim co potrzeba","robots":{"index":"index","follow":"follow","max-snippet":"max-snippet:-1","max-image-preview":"max-image-preview:large","max-video-preview":"max-video-preview:-1"},"canonical":"https:\/\/racom.com.pl\/index.php\/produkt\/oprawka-remontowa-budowlana-do-zarowki-e27-biala-kabel-przewod-15cm\/","og_locale":"pl_PL","og_type":"article","og_title":"Oprawka Remontowa Budowlana do \u017bar\u00f3wki E27 Bia\u0142a Kabel Przew\u00f3d 15cm - Mix Market - Supermarket z wszystkim co potrzeba","og_description":"Oprawka Remontowa E27 z przewodem Bia\u0142a \u2714\ufe0f&nbsp;Oprawka remontowa E27&nbsp;to&nbsp;bia\u0142a, standardowa&nbsp;oprawka \u015bwietlna, kt\u00f3ra jest przeznaczona&nbsp;do monta\u017cu \u017car\u00f3wki E27. \u2714\ufe0f Jest to popularne rozwi\u0105zanie&nbsp;stosowane podczas remont\u00f3w&nbsp;i modernizacji instalacji o\u015bwietleniowych, kiedy wymagane jest&nbsp;czasowe zamontowanie o\u015bwietlenia&nbsp;bez u\u017cywania klosza czy innego elementu dekoracyjnego. \u2714\ufe0f&nbsp;Oprawki remontowe E27&nbsp;s\u0105 proste w&nbsp;monta\u017cu&nbsp;i&nbsp;demonta\u017cu, co czyni je&nbsp;uniwersalnym rozwi\u0105zaniem&nbsp;w przypadku tymczasowego zamontowania o\u015bwietlenia. \u2714\ufe0f Warto jednak pami\u0119ta\u0107, [&hellip;]","og_url":"https:\/\/racom.com.pl\/index.php\/produkt\/oprawka-remontowa-budowlana-do-zarowki-e27-biala-kabel-przewod-15cm\/","og_site_name":"Mix Market - Supermarket z wszystkim co potrzeba","og_image":[{"width":2560,"height":2560,"url":"https:\/\/racom.com.pl\/wp-content\/uploads\/2025\/07\/allegro_687c188eefd759.10458441_d4a3ce444c349fa3e91b2cd34c2a.jpg","type":"image\/jpeg"}],"twitter_card":"summary_large_image","twitter_misc":{"Szacowany czas czytania":"1 minuta"},"schema":{"@context":"https:\/\/schema.org","@graph":[{"@type":"WebPage","@id":"https:\/\/racom.com.pl\/index.php\/produkt\/oprawka-remontowa-budowlana-do-zarowki-e27-biala-kabel-przewod-15cm\/","url":"https:\/\/racom.com.pl\/index.php\/produkt\/oprawka-remontowa-budowlana-do-zarowki-e27-biala-kabel-przewod-15cm\/","name":"Oprawka Remontowa Budowlana do \u017bar\u00f3wki E27 Bia\u0142a Kabel Przew\u00f3d 15cm - Mix Market - Supermarket z wszystkim co potrzeba","isPartOf":{"@id":"https:\/\/racom.com.pl\/#website"},"primaryImageOfPage":{"@id":"https:\/\/racom.com.pl\/index.php\/produkt\/oprawka-remontowa-budowlana-do-zarowki-e27-biala-kabel-przewod-15cm\/#primaryimage"},"image":{"@id":"https:\/\/racom.com.pl\/index.php\/produkt\/oprawka-remontowa-budowlana-do-zarowki-e27-biala-kabel-przewod-15cm\/#primaryimage"},"thumbnailUrl":"https:\/\/racom.com.pl\/wp-content\/uploads\/2025\/07\/allegro_687c188eefd759.10458441_d4a3ce444c349fa3e91b2cd34c2a.jpg","datePublished":"2025-07-19T22:11:57+00:00","breadcrumb":{"@id":"https:\/\/racom.com.pl\/index.php\/produkt\/oprawka-remontowa-budowlana-do-zarowki-e27-biala-kabel-przewod-15cm\/#breadcrumb"},"inLanguage":"pl-PL","potentialAction":[{"@type":"ReadAction","target":["https:\/\/racom.com.pl\/index.php\/produkt\/oprawka-remontowa-budowlana-do-zarowki-e27-biala-kabel-przewod-15cm\/"]}]},{"@type":"ImageObject","inLanguage":"pl-PL","@id":"https:\/\/racom.com.pl\/index.php\/produkt\/oprawka-remontowa-budowlana-do-zarowki-e27-biala-kabel-przewod-15cm\/#primaryimage","url":"https:\/\/racom.com.pl\/wp-content\/uploads\/2025\/07\/allegro_687c188eefd759.10458441_d4a3ce444c349fa3e91b2cd34c2a.jpg","contentUrl":"https:\/\/racom.com.pl\/wp-content\/uploads\/2025\/07\/allegro_687c188eefd759.10458441_d4a3ce444c349fa3e91b2cd34c2a.jpg","width":2560,"height":2560},{"@type":"BreadcrumbList","@id":"https:\/\/racom.com.pl\/index.php\/produkt\/oprawka-remontowa-budowlana-do-zarowki-e27-biala-kabel-przewod-15cm\/#breadcrumb","itemListElement":[{"@type":"ListItem","position":1,"name":"Strona g\u0142\u00f3wna","item":"https:\/\/racom.com.pl\/"},{"@type":"ListItem","position":2,"name":"Sklep","item":"https:\/\/racom.com.pl\/"},{"@type":"ListItem","position":3,"name":"Oprawka Remontowa Budowlana do \u017bar\u00f3wki E27 Bia\u0142a Kabel Przew\u00f3d 15cm"}]},{"@type":"WebSite","@id":"https:\/\/racom.com.pl\/#website","url":"https:\/\/racom.com.pl\/","name":"Mix Market - Supermarket z wszystkim co potrzeba do domu i nie tylko","description":"","publisher":{"@id":"https:\/\/racom.com.pl\/#organization"},"potentialAction":[{"@type":"SearchAction","target":{"@type":"EntryPoint","urlTemplate":"https:\/\/racom.com.pl\/?s={search_term_string}"},"query-input":{"@type":"PropertyValueSpecification","valueRequired":true,"valueName":"search_term_string"}}],"inLanguage":"pl-PL"},{"@type":"Organization","@id":"https:\/\/racom.com.pl\/#organization","name":"Mix Market - Supermarket z wszystkim co potrzeba do domu i nie tylko","url":"https:\/\/racom.com.pl\/","logo":{"@type":"ImageObject","inLanguage":"pl-PL","@id":"https:\/\/racom.com.pl\/#\/schema\/logo\/image\/","url":"https:\/\/racom.com.pl\/wp-content\/uploads\/2025\/07\/mixmarket_logo.png","contentUrl":"https:\/\/racom.com.pl\/wp-content\/uploads\/2025\/07\/mixmarket_logo.png","width":1024,"height":1024,"caption":"Mix Market - Supermarket z wszystkim co potrzeba do domu i nie tylko"},"image":{"@id":"https:\/\/racom.com.pl\/#\/schema\/logo\/image\/"}}]}},"_links":{"self":[{"href":"https:\/\/racom.com.pl\/index.php\/wp-json\/wp\/v2\/product\/3523","targetHints":{"allow":["GET"]}}],"collection":[{"href":"https:\/\/racom.com.pl\/index.php\/wp-json\/wp\/v2\/product"}],"about":[{"href":"https:\/\/racom.com.pl\/index.php\/wp-json\/wp\/v2\/types\/product"}],"replies":[{"embeddable":true,"href":"https:\/\/racom.com.pl\/index.php\/wp-json\/wp\/v2\/comments?post=3523"}],"wp:featuredmedia":[{"embeddable":true,"href":"https:\/\/racom.com.pl\/index.php\/wp-json\/wp\/v2\/media\/3527"}],"wp:attachment":[{"href":"https:\/\/racom.com.pl\/index.php\/wp-json\/wp\/v2\/media?parent=3523"}],"wp:term":[{"taxonomy":"product_brand","embeddable":true,"href":"https:\/\/racom.com.pl\/index.php\/wp-json\/wp\/v2\/product_brand?post=3523"},{"taxonomy":"product_cat","embeddable":true,"href":"https:\/\/racom.com.pl\/index.php\/wp-json\/wp\/v2\/product_cat?post=3523"},{"taxonomy":"product_tag","embeddable":true,"href":"https:\/\/racom.com.pl\/index.php\/wp-json\/wp\/v2\/product_tag?post=3523"}],"curies":[{"name":"wp","href":"https:\/\/api.w.org\/{rel}","templated":true}]}}