{"id":3528,"date":"2025-07-20T00:14:11","date_gmt":"2025-07-19T22:14:11","guid":{"rendered":"http:\/\/192.168.2.106\/index.php\/produkt\/pilot-do-klimatyzacji-fujitsu-ar-pv1-pv2-pv4-je4\/"},"modified":"2025-07-20T00:14:11","modified_gmt":"2025-07-19T22:14:11","slug":"pilot-do-klimatyzacji-fujitsu-ar-pv1-pv2-pv4-je4","status":"publish","type":"product","link":"https:\/\/racom.com.pl\/index.php\/produkt\/pilot-do-klimatyzacji-fujitsu-ar-pv1-pv2-pv4-je4\/","title":{"rendered":"PILOT DO KLIMATYZACJI FUJITSU AR-PV1 PV2 PV4 JE4"},"content":{"rendered":"<p><b>PILOT DO KLIMATYZACJI FUJITSU AR-PV1<\/b><\/p>\n<p>Nowy pilot do klimatyzatora Fujitsu.<\/p>\n<p>Pilot Zamiennik jak na zdj\u0119ciu.<\/p>\n<p>W zestawie brak baterii (wymagane 2x AAA LR03)<\/p>\n<p>Lista kompatybilno\u015bci:<\/p>\n<p>AR-DJ5 AR-JE5 AR-JE4 AR-PV1 AR-PV2 AR-PV4 AR-JE7 AR-DJ5<\/p>\n<p>Pilot nie wymaga programowania.<\/p>\n<p>Odcie\u0144 mo\u017ce si\u0119 nieznacznie r\u00f3\u017cni\u0107.<\/p>\n<p>Kod produktu: B285<\/p>\n","protected":false},"excerpt":{"rendered":"<p>PILOT DO KLIMATYZACJI FUJITSU AR-PV1 Nowy pilot do klimatyzatora Fujitsu. Pilot Zamiennik jak na zdj\u0119ciu. W zestawie brak baterii (wymagane 2x AAA LR03) Lista kompatybilno\u015bci: AR-DJ5 AR-JE5 AR-JE4 AR-PV1 AR-PV2 AR-PV4 AR-JE7 AR-DJ5 Pilot nie wymaga programowania. Odcie\u0144 mo\u017ce si\u0119 nieznacznie r\u00f3\u017cni\u0107. Kod produktu: B285<\/p>\n","protected":false},"featured_media":3530,"comment_status":"open","ping_status":"closed","template":"","meta":[],"product_brand":[243],"product_cat":[242],"product_tag":[],"class_list":{"0":"post-3528","1":"product","2":"type-product","3":"status-publish","4":"has-post-thumbnail","6":"product_brand-fujitsu","7":"product_cat-klimatyzacja-i-wentylacja","9":"first","10":"outofstock","11":"taxable","12":"shipping-taxable","13":"purchasable","14":"product-type-simple"},"yoast_head":"<!-- This site is optimized with the Yoast SEO plugin v27.3 - https:\/\/yoast.com\/product\/yoast-seo-wordpress\/ -->\n<title>PILOT DO KLIMATYZACJI FUJITSU AR-PV1 PV2 PV4 JE4 - Mix Market - Supermarket z wszystkim co potrzeba<\/title>\n<meta name=\"robots\" content=\"index, follow, max-snippet:-1, max-image-preview:large, max-video-preview:-1\" \/>\n<link rel=\"canonical\" href=\"https:\/\/racom.com.pl\/index.php\/produkt\/pilot-do-klimatyzacji-fujitsu-ar-pv1-pv2-pv4-je4\/\" \/>\n<meta property=\"og:locale\" content=\"pl_PL\" \/>\n<meta property=\"og:type\" content=\"article\" \/>\n<meta property=\"og:title\" content=\"PILOT DO KLIMATYZACJI FUJITSU AR-PV1 PV2 PV4 JE4 - Mix Market - Supermarket z wszystkim co potrzeba\" \/>\n<meta property=\"og:description\" content=\"PILOT DO KLIMATYZACJI FUJITSU AR-PV1 Nowy pilot do klimatyzatora Fujitsu. Pilot Zamiennik jak na zdj\u0119ciu. W zestawie brak baterii (wymagane 2x AAA LR03) Lista kompatybilno\u015bci: AR-DJ5 AR-JE5 AR-JE4 AR-PV1 AR-PV2 AR-PV4 AR-JE7 AR-DJ5 Pilot nie wymaga programowania. Odcie\u0144 mo\u017ce si\u0119 nieznacznie r\u00f3\u017cni\u0107. Kod produktu: B285\" \/>\n<meta property=\"og:url\" content=\"https:\/\/racom.com.pl\/index.php\/produkt\/pilot-do-klimatyzacji-fujitsu-ar-pv1-pv2-pv4-je4\/\" \/>\n<meta property=\"og:site_name\" content=\"Mix Market - Supermarket z wszystkim co potrzeba\" \/>\n<meta property=\"og:image\" content=\"https:\/\/racom.com.pl\/wp-content\/uploads\/2025\/07\/allegro_687c18e4582143.96972727_c3c8307c4b3b8874ed2c89dc05e0.jpg\" \/>\n\t<meta property=\"og:image:width\" content=\"432\" \/>\n\t<meta property=\"og:image:height\" content=\"511\" \/>\n\t<meta property=\"og:image:type\" content=\"image\/jpeg\" \/>\n<meta name=\"twitter:card\" content=\"summary_large_image\" \/>\n<script type=\"application\/ld+json\" class=\"yoast-schema-graph\">{\"@context\":\"https:\\\/\\\/schema.org\",\"@graph\":[{\"@type\":\"WebPage\",\"@id\":\"https:\\\/\\\/racom.com.pl\\\/index.php\\\/produkt\\\/pilot-do-klimatyzacji-fujitsu-ar-pv1-pv2-pv4-je4\\\/\",\"url\":\"https:\\\/\\\/racom.com.pl\\\/index.php\\\/produkt\\\/pilot-do-klimatyzacji-fujitsu-ar-pv1-pv2-pv4-je4\\\/\",\"name\":\"PILOT DO KLIMATYZACJI FUJITSU AR-PV1 PV2 PV4 JE4 - Mix Market - Supermarket z wszystkim co potrzeba\",\"isPartOf\":{\"@id\":\"https:\\\/\\\/racom.com.pl\\\/#website\"},\"primaryImageOfPage\":{\"@id\":\"https:\\\/\\\/racom.com.pl\\\/index.php\\\/produkt\\\/pilot-do-klimatyzacji-fujitsu-ar-pv1-pv2-pv4-je4\\\/#primaryimage\"},\"image\":{\"@id\":\"https:\\\/\\\/racom.com.pl\\\/index.php\\\/produkt\\\/pilot-do-klimatyzacji-fujitsu-ar-pv1-pv2-pv4-je4\\\/#primaryimage\"},\"thumbnailUrl\":\"https:\\\/\\\/racom.com.pl\\\/wp-content\\\/uploads\\\/2025\\\/07\\\/allegro_687c18e4582143.96972727_c3c8307c4b3b8874ed2c89dc05e0.jpg\",\"datePublished\":\"2025-07-19T22:14:11+00:00\",\"breadcrumb\":{\"@id\":\"https:\\\/\\\/racom.com.pl\\\/index.php\\\/produkt\\\/pilot-do-klimatyzacji-fujitsu-ar-pv1-pv2-pv4-je4\\\/#breadcrumb\"},\"inLanguage\":\"pl-PL\",\"potentialAction\":[{\"@type\":\"ReadAction\",\"target\":[\"https:\\\/\\\/racom.com.pl\\\/index.php\\\/produkt\\\/pilot-do-klimatyzacji-fujitsu-ar-pv1-pv2-pv4-je4\\\/\"]}]},{\"@type\":\"ImageObject\",\"inLanguage\":\"pl-PL\",\"@id\":\"https:\\\/\\\/racom.com.pl\\\/index.php\\\/produkt\\\/pilot-do-klimatyzacji-fujitsu-ar-pv1-pv2-pv4-je4\\\/#primaryimage\",\"url\":\"https:\\\/\\\/racom.com.pl\\\/wp-content\\\/uploads\\\/2025\\\/07\\\/allegro_687c18e4582143.96972727_c3c8307c4b3b8874ed2c89dc05e0.jpg\",\"contentUrl\":\"https:\\\/\\\/racom.com.pl\\\/wp-content\\\/uploads\\\/2025\\\/07\\\/allegro_687c18e4582143.96972727_c3c8307c4b3b8874ed2c89dc05e0.jpg\",\"width\":432,\"height\":511},{\"@type\":\"BreadcrumbList\",\"@id\":\"https:\\\/\\\/racom.com.pl\\\/index.php\\\/produkt\\\/pilot-do-klimatyzacji-fujitsu-ar-pv1-pv2-pv4-je4\\\/#breadcrumb\",\"itemListElement\":[{\"@type\":\"ListItem\",\"position\":1,\"name\":\"Strona g\u0142\u00f3wna\",\"item\":\"https:\\\/\\\/racom.com.pl\\\/\"},{\"@type\":\"ListItem\",\"position\":2,\"name\":\"Sklep\",\"item\":\"https:\\\/\\\/racom.com.pl\\\/\"},{\"@type\":\"ListItem\",\"position\":3,\"name\":\"PILOT DO KLIMATYZACJI FUJITSU AR-PV1 PV2 PV4 JE4\"}]},{\"@type\":\"WebSite\",\"@id\":\"https:\\\/\\\/racom.com.pl\\\/#website\",\"url\":\"https:\\\/\\\/racom.com.pl\\\/\",\"name\":\"Mix Market - Supermarket z wszystkim co potrzeba do domu i nie tylko\",\"description\":\"\",\"publisher\":{\"@id\":\"https:\\\/\\\/racom.com.pl\\\/#organization\"},\"potentialAction\":[{\"@type\":\"SearchAction\",\"target\":{\"@type\":\"EntryPoint\",\"urlTemplate\":\"https:\\\/\\\/racom.com.pl\\\/?s={search_term_string}\"},\"query-input\":{\"@type\":\"PropertyValueSpecification\",\"valueRequired\":true,\"valueName\":\"search_term_string\"}}],\"inLanguage\":\"pl-PL\"},{\"@type\":\"Organization\",\"@id\":\"https:\\\/\\\/racom.com.pl\\\/#organization\",\"name\":\"Mix Market - Supermarket z wszystkim co potrzeba do domu i nie tylko\",\"url\":\"https:\\\/\\\/racom.com.pl\\\/\",\"logo\":{\"@type\":\"ImageObject\",\"inLanguage\":\"pl-PL\",\"@id\":\"https:\\\/\\\/racom.com.pl\\\/#\\\/schema\\\/logo\\\/image\\\/\",\"url\":\"https:\\\/\\\/racom.com.pl\\\/wp-content\\\/uploads\\\/2025\\\/07\\\/mixmarket_logo.png\",\"contentUrl\":\"https:\\\/\\\/racom.com.pl\\\/wp-content\\\/uploads\\\/2025\\\/07\\\/mixmarket_logo.png\",\"width\":1024,\"height\":1024,\"caption\":\"Mix Market - Supermarket z wszystkim co potrzeba do domu i nie tylko\"},\"image\":{\"@id\":\"https:\\\/\\\/racom.com.pl\\\/#\\\/schema\\\/logo\\\/image\\\/\"}}]}<\/script>\n<!-- \/ Yoast SEO plugin. -->","yoast_head_json":{"title":"PILOT DO KLIMATYZACJI FUJITSU AR-PV1 PV2 PV4 JE4 - Mix Market - Supermarket z wszystkim co potrzeba","robots":{"index":"index","follow":"follow","max-snippet":"max-snippet:-1","max-image-preview":"max-image-preview:large","max-video-preview":"max-video-preview:-1"},"canonical":"https:\/\/racom.com.pl\/index.php\/produkt\/pilot-do-klimatyzacji-fujitsu-ar-pv1-pv2-pv4-je4\/","og_locale":"pl_PL","og_type":"article","og_title":"PILOT DO KLIMATYZACJI FUJITSU AR-PV1 PV2 PV4 JE4 - Mix Market - Supermarket z wszystkim co potrzeba","og_description":"PILOT DO KLIMATYZACJI FUJITSU AR-PV1 Nowy pilot do klimatyzatora Fujitsu. Pilot Zamiennik jak na zdj\u0119ciu. W zestawie brak baterii (wymagane 2x AAA LR03) Lista kompatybilno\u015bci: AR-DJ5 AR-JE5 AR-JE4 AR-PV1 AR-PV2 AR-PV4 AR-JE7 AR-DJ5 Pilot nie wymaga programowania. Odcie\u0144 mo\u017ce si\u0119 nieznacznie r\u00f3\u017cni\u0107. Kod produktu: B285","og_url":"https:\/\/racom.com.pl\/index.php\/produkt\/pilot-do-klimatyzacji-fujitsu-ar-pv1-pv2-pv4-je4\/","og_site_name":"Mix Market - Supermarket z wszystkim co potrzeba","og_image":[{"width":432,"height":511,"url":"https:\/\/racom.com.pl\/wp-content\/uploads\/2025\/07\/allegro_687c18e4582143.96972727_c3c8307c4b3b8874ed2c89dc05e0.jpg","type":"image\/jpeg"}],"twitter_card":"summary_large_image","schema":{"@context":"https:\/\/schema.org","@graph":[{"@type":"WebPage","@id":"https:\/\/racom.com.pl\/index.php\/produkt\/pilot-do-klimatyzacji-fujitsu-ar-pv1-pv2-pv4-je4\/","url":"https:\/\/racom.com.pl\/index.php\/produkt\/pilot-do-klimatyzacji-fujitsu-ar-pv1-pv2-pv4-je4\/","name":"PILOT DO KLIMATYZACJI FUJITSU AR-PV1 PV2 PV4 JE4 - Mix Market - Supermarket z wszystkim co potrzeba","isPartOf":{"@id":"https:\/\/racom.com.pl\/#website"},"primaryImageOfPage":{"@id":"https:\/\/racom.com.pl\/index.php\/produkt\/pilot-do-klimatyzacji-fujitsu-ar-pv1-pv2-pv4-je4\/#primaryimage"},"image":{"@id":"https:\/\/racom.com.pl\/index.php\/produkt\/pilot-do-klimatyzacji-fujitsu-ar-pv1-pv2-pv4-je4\/#primaryimage"},"thumbnailUrl":"https:\/\/racom.com.pl\/wp-content\/uploads\/2025\/07\/allegro_687c18e4582143.96972727_c3c8307c4b3b8874ed2c89dc05e0.jpg","datePublished":"2025-07-19T22:14:11+00:00","breadcrumb":{"@id":"https:\/\/racom.com.pl\/index.php\/produkt\/pilot-do-klimatyzacji-fujitsu-ar-pv1-pv2-pv4-je4\/#breadcrumb"},"inLanguage":"pl-PL","potentialAction":[{"@type":"ReadAction","target":["https:\/\/racom.com.pl\/index.php\/produkt\/pilot-do-klimatyzacji-fujitsu-ar-pv1-pv2-pv4-je4\/"]}]},{"@type":"ImageObject","inLanguage":"pl-PL","@id":"https:\/\/racom.com.pl\/index.php\/produkt\/pilot-do-klimatyzacji-fujitsu-ar-pv1-pv2-pv4-je4\/#primaryimage","url":"https:\/\/racom.com.pl\/wp-content\/uploads\/2025\/07\/allegro_687c18e4582143.96972727_c3c8307c4b3b8874ed2c89dc05e0.jpg","contentUrl":"https:\/\/racom.com.pl\/wp-content\/uploads\/2025\/07\/allegro_687c18e4582143.96972727_c3c8307c4b3b8874ed2c89dc05e0.jpg","width":432,"height":511},{"@type":"BreadcrumbList","@id":"https:\/\/racom.com.pl\/index.php\/produkt\/pilot-do-klimatyzacji-fujitsu-ar-pv1-pv2-pv4-je4\/#breadcrumb","itemListElement":[{"@type":"ListItem","position":1,"name":"Strona g\u0142\u00f3wna","item":"https:\/\/racom.com.pl\/"},{"@type":"ListItem","position":2,"name":"Sklep","item":"https:\/\/racom.com.pl\/"},{"@type":"ListItem","position":3,"name":"PILOT DO KLIMATYZACJI FUJITSU AR-PV1 PV2 PV4 JE4"}]},{"@type":"WebSite","@id":"https:\/\/racom.com.pl\/#website","url":"https:\/\/racom.com.pl\/","name":"Mix Market - Supermarket z wszystkim co potrzeba do domu i nie tylko","description":"","publisher":{"@id":"https:\/\/racom.com.pl\/#organization"},"potentialAction":[{"@type":"SearchAction","target":{"@type":"EntryPoint","urlTemplate":"https:\/\/racom.com.pl\/?s={search_term_string}"},"query-input":{"@type":"PropertyValueSpecification","valueRequired":true,"valueName":"search_term_string"}}],"inLanguage":"pl-PL"},{"@type":"Organization","@id":"https:\/\/racom.com.pl\/#organization","name":"Mix Market - Supermarket z wszystkim co potrzeba do domu i nie tylko","url":"https:\/\/racom.com.pl\/","logo":{"@type":"ImageObject","inLanguage":"pl-PL","@id":"https:\/\/racom.com.pl\/#\/schema\/logo\/image\/","url":"https:\/\/racom.com.pl\/wp-content\/uploads\/2025\/07\/mixmarket_logo.png","contentUrl":"https:\/\/racom.com.pl\/wp-content\/uploads\/2025\/07\/mixmarket_logo.png","width":1024,"height":1024,"caption":"Mix Market - Supermarket z wszystkim co potrzeba do domu i nie tylko"},"image":{"@id":"https:\/\/racom.com.pl\/#\/schema\/logo\/image\/"}}]}},"_links":{"self":[{"href":"https:\/\/racom.com.pl\/index.php\/wp-json\/wp\/v2\/product\/3528","targetHints":{"allow":["GET"]}}],"collection":[{"href":"https:\/\/racom.com.pl\/index.php\/wp-json\/wp\/v2\/product"}],"about":[{"href":"https:\/\/racom.com.pl\/index.php\/wp-json\/wp\/v2\/types\/product"}],"replies":[{"embeddable":true,"href":"https:\/\/racom.com.pl\/index.php\/wp-json\/wp\/v2\/comments?post=3528"}],"wp:featuredmedia":[{"embeddable":true,"href":"https:\/\/racom.com.pl\/index.php\/wp-json\/wp\/v2\/media\/3530"}],"wp:attachment":[{"href":"https:\/\/racom.com.pl\/index.php\/wp-json\/wp\/v2\/media?parent=3528"}],"wp:term":[{"taxonomy":"product_brand","embeddable":true,"href":"https:\/\/racom.com.pl\/index.php\/wp-json\/wp\/v2\/product_brand?post=3528"},{"taxonomy":"product_cat","embeddable":true,"href":"https:\/\/racom.com.pl\/index.php\/wp-json\/wp\/v2\/product_cat?post=3528"},{"taxonomy":"product_tag","embeddable":true,"href":"https:\/\/racom.com.pl\/index.php\/wp-json\/wp\/v2\/product_tag?post=3528"}],"curies":[{"name":"wp","href":"https:\/\/api.w.org\/{rel}","templated":true}]}}