{"id":3531,"date":"2025-07-20T00:15:49","date_gmt":"2025-07-19T22:15:49","guid":{"rendered":"http:\/\/192.168.2.106\/index.php\/produkt\/zestaw-do-bram-przesuwnych-force-760-4x-pilot-5x-listwa-lampa-wifi\/"},"modified":"2025-07-20T00:15:49","modified_gmt":"2025-07-19T22:15:49","slug":"zestaw-do-bram-przesuwnych-force-760-4x-pilot-5x-listwa-lampa-wifi","status":"publish","type":"product","link":"https:\/\/racom.com.pl\/index.php\/produkt\/zestaw-do-bram-przesuwnych-force-760-4x-pilot-5x-listwa-lampa-wifi\/","title":{"rendered":"ZESTAW DO BRAM PRZESUWNYCH FORCE 760 4x PILOT 5x LISTWA LAMPA WIFI"},"content":{"rendered":"<h2>Zestaw automatyki do bram przesuwnych FORCE 760 do 600 kg<\/h2>\n<h2>Najwa\u017cniejsze cechy:<\/h2>\n<ul>\n<li><b>wysoka wydajno\u015b\u0107<\/b>&nbsp;&#8211; dzi\u0119ki zastosowaniu przek\u0142adni \u015blimakowej dopasowanej do mocy silnika wydajno\u015b\u0107 nap\u0119du do bramy przesuwnej zosta\u0142a znacz\u0105co zoptymalizowana<\/li>\n<li><b>mi\u0119kki start &#8211; stop<\/b>&nbsp;&#8211; zmniejszenie ha\u0142asu i zwi\u0119kszenie trwa\u0142o\u015bci element\u00f3w ruchomych oraz uzyskanie wy\u017cszej kultury pracy<\/li>\n<li><b>automatyczne zamykanie<\/b>&nbsp;&#8211; mo\u017cliwo\u015b\u0107 w\u0142\u0105czenia automatycznego zamykania bramy po zadanym czasie od jej otwarcia<\/li>\n<li><b>funkcja furtki<\/b>&nbsp;&#8211; cz\u0119\u015bciowe otwieranie bramy przesuwnej pozwala na u\u017cytkowanie bramy jako furtki dla pieszych czy rowerzyst\u00f3w<\/li>\n<li><b>p\u0142ynna regulacja momentu obrotowego<\/b>&nbsp;&#8211; umo\u017cliwia precyzyjne ustawienie si\u0142y z jak\u0105 ma pracowa\u0107 silnik do bramy przesuwnej<\/li>\n<li><b>zabezpieczenie przed uderzeniem<\/b>&nbsp;&#8211; p\u0142ynnie regulowana czu\u0142o\u015b\u0107 amperometrycznego systemu zabezpieczenia przeciwzgnieceniowego (zabezpieczenie przeci\u0105\u017ceniowe)<\/li>\n<li><b>ustawienie kierunk\u00f3w ruchu<\/b>&nbsp;&#8211; &nbsp;mo\u017cliwo\u015b\u0107 ustalenia kierunku otwierania i zamykania bramy przesuwnej sprawia, \u017ce nap\u0119d do bramy mo\u017ce by\u0107 montowany na dwa sposoby<\/li>\n<li><b>\u0142atwe programowanie pilota<\/b>&nbsp;&#8211; do nap\u0119d\u00f3w do bramy przesuwnej mo\u017cna w prosty spos\u00f3b zaprogramowa\u0107 piloty<\/li>\n<\/ul>\n<p><b>SK\u0141AD ZESTAWU FORCE 760:<\/b><\/p>\n<ul>\n<li><b>Nap\u0119d FORCE 760<\/b>&nbsp;(wbudowana centrala steruj\u0105ca)<\/li>\n<li><b>Wbudowane Wifi (ju\u017c zintegrowane w obudowie nap\u0119du)<\/b><\/li>\n<li><b>4 x pilot 4-kana\u0142owy (z klapk\u0105 zabezpieczaj\u0105c\u0105 przyciski)<\/b><\/li>\n<li><b>Lampa sygnalizacyjna&nbsp;<\/b>z antenk\u0105 zwi\u0119kszaj\u0105c\u0105 zasi\u0119g pilot\u00f3w<\/li>\n<li><b>Odbiornik<\/b>&nbsp;radiowy 433 MHz, wbudowany na centrali<\/li>\n<li><b>Fotokom\u00f3rki obrotowe 180 stopni<\/b><\/li>\n<li><b>5x listwa z\u0119bata poliamidowa z stalowym rdzeniem (5 metr\u00f3w)<\/b><\/li>\n<li>Podstawa monta\u017cowa<\/li>\n<li>Komplet element\u00f3w monta\u017cowych (kotwy, nakr\u0119tki)<\/li>\n<li>2x klucz odblokowuj\u0105cy (gdy braknie pr\u0105du)<\/li>\n<li>Karta gwarancyjna<\/li>\n<li>Instrukcja monta\u017cu i programowania w j\u0119zyku polskim do pobrania<\/li>\n<\/ul>\n<h2>G\u0142\u00f3wne zalety nap\u0119du FORCE 760:<\/h2>\n<ul>\n<li>przejrzysta i prosta w programowaniu centrala steruj\u0105ca,<\/li>\n<li>indukcyjny bezszczotkowy silniki charakteryzuj\u0105cy si\u0119 du\u017c\u0105 si\u0142\u0105 oraz trwa\u0142o\u015bci\u0105,<\/li>\n<li>nowoczesne wzornictwo nap\u0119du,<\/li>\n<li>szybko\u015b\u0107 dzia\u0142ania.<\/li>\n<\/ul>\n<p>Do centrali steruj\u0105cej mo\u017cna wgra\u0107 dodatkowo 96 pilot\u00f3w do bramy, z uwagi na przydomowe zastosowanie. Du\u017c\u0105 zalet\u0105 nap\u0119du do bramy przesuwnej 760 jest wytrzyma\u0142y korpus z d\u017awigni\u0105 wysprz\u0119glenia oraz mo\u017cliwo\u015b\u0107 \u0142atwego i szybkiego monta\u017cu nap\u0119du na solidnej p\u0142ycie podstawy.<\/p>\n<p>Kolejne zalety nap\u0119du do bramy 760 to niezwykle estetyczne, wr\u0119cz ascetyczne wzornictwo, doskona\u0142e parametry pracy i wysoka niezawodno\u015b\u0107. Nap\u0119d jest cichy, gdy\u017c jego konstrukcja uwzgl\u0119dnia potrzeby najbardziej wymagaj\u0105cych u\u017cytkownik\u00f3w. Wieloletnie do\u015bwiadczenie w bran\u017cy automatyki bramowej pozwoli\u0142o nam wprowadzi\u0107 do naszej kolekcji produkt najwy\u017cszej jako\u015bci, kt\u00f3ry spe\u0142nia oczekiwania naszych Klient\u00f3w.<\/p>\n<h2>DANE TECHNICZNE NAP\u0118DU FORCE 760 Z WBUDOWAN\u0104 CENTRAL\u0104:<\/h2>\n<ul>\n<li><b>Max ci\u0119\u017car bramy:<\/b>&nbsp;600 kg<\/li>\n<li><b>\u015awiat\u0142o wjazdu:<\/b>&nbsp;20 m<\/li>\n<li><b>Moc silnika:<\/b>&nbsp;370 W<\/li>\n<li><b>Pr\u0119dko\u015b\u0107 przesuwu skrzyd\u0142a bramy:<\/b>&nbsp;12 m\/min<\/li>\n<li><b>Pr\u0119dko\u015b\u0107 obrotowa ko\u0142a z\u0119batego:<\/b>&nbsp;46,6 obr\/min<\/li>\n<li><b>Pr\u0119dko\u015b\u0107 obrotowa silnika:<\/b>&nbsp;1400 obr\/min<\/li>\n<li><b>Bezpiecznik :<\/b>&nbsp;10 A<\/li>\n<li><b>Stopie\u0144 odporno\u015bci na wod\u0119:<\/b>&nbsp;IP44<\/li>\n<li><b>Temperatura pracy:<\/b>&nbsp;od -25\u00b0 do 55\u00b0<\/li>\n<li><b>Waga urz\u0105dzenia:<\/b>&nbsp;12,7 kg<\/li>\n<li><b>Wymiary (d\u0142. x szer. x wys.) (mm):<\/b>&nbsp;155&nbsp; x 200&nbsp; x 315&nbsp; mm<\/li>\n<li><b>Rodzaj zasilania:<\/b>&nbsp;230 V<\/li>\n<li><b>Zasi\u0119g pilota do:<\/b>&nbsp;200 m<\/li>\n<li><b>Ilo\u015b\u0107 mo\u017cliwych do zapami\u0119tania pilot\u00f3w:<\/b>&nbsp;96<\/li>\n<\/ul>\n<h2>Wbudowane Sterowanie WiFi TUYA<\/h2>\n<p>Sterowanie odbywa si\u0119 poprzez aplikacj\u0119&nbsp;<b>TUYA<\/b> kt\u00f3ra jest dost\u0119pna na smartfon oraz tablet (Android oraz iOS, sklep Play oraz AppStore). Przy pomocy aplikacji TUYA mo\u017cliwe jest r\u00f3wnie\u017c sterowanie innymi urz\u0105dzeniami wsp\u00f3\u0142pracuj\u0105cymi z aplikacj\u0105 TUYA np. kamery, sterowniki do innych bram, gniazdka, o\u015bwietlenie, sterowniki grzejnik\u00f3w&#8230;<\/p>\n<p><b>Aplikacja do obs\u0142ugi jest dost\u0119pna w j\u0119zyku Polskim<\/b><\/p>\n<h2>Intuicyjna darmowa aplikacja do obs\u0142ugi jest dost\u0119pna w j\u0119zyku Polskim na iOS i Android<\/h2>\n<h2>4 x Pilot do bramy 4-kana\u0142owy w metalowej obudowie<\/h2>\n<p>Pilot do bramy 4\u2013kana\u0142owy, z kodem dynamicznie losowo zmiennym o cz\u0119stotliwo\u015bci 433.92 MHz. Piloty do bram pomog\u0105 zarz\u0105dza\u0107 automatyk\u0105 domow\u0105. Ka\u017cdy pilot do bramy posiada w\u0142asny kod to\u017csamo\u015bci \u2013 dzi\u0119ki czemu piloty mog\u0105 by\u0107 kopiowane pilot do pilota. Piloty s\u0105 kampatybilne z nap\u0119dami&nbsp;<b>FORCE 760\/2000\/Best 600<\/b>&nbsp;nie s\u0105 kompatybilne z innymi pilotami do bram o cz\u0119stotliwo\u015bci 433,92 MHz.<\/p>\n<h2>Fotokom\u00f3rki obrotowe -k\u0105t widzenia F180 stopni (regulowane)<\/h2>\n<p><b>Specyfikacja techniczna:<\/b><\/p>\n<ul>\n<li>Wymiary : 108 x 35 x 30 mm<\/li>\n<li>Zasilanie: 12-24 V DC\/AC<\/li>\n<li>Zasi\u0119g: max 15 m<\/li>\n<li>Pob\u00f3r pr\u0105du: RX 15Ma &#8211; TX 30mA<\/li>\n<li>Przeka\u017anik : 1A, max&nbsp; 36V<\/li>\n<li>Cz\u0119stotliwo\u015b\u0107: 1,92 KHz<\/li>\n<li>D\u0142ugo\u015b\u0107 fali: 940 nm<\/li>\n<li>Temperatura pracy: -20 do +55\u00b0C<\/li>\n<li>K\u0105t widzenia: 180 stopni (regulowane)<\/li>\n<li>Dzia\u0142anie: pod ka\u017cdym k\u0105tem (pion i poziom)<\/li>\n<li>Waga: 105g<\/li>\n<li>Ko\u0142ki do monta\u017cu w zestawie<\/li>\n<\/ul>\n<p>Wygodne w monta\u017cu, poniewa\u017c na w\u0105skich metalowych s\u0142upkach mo\u017cna zamontowa\u0107 je na p\u0142aszczyznach s\u0142upka od strony zewn\u0119trznej (od strony jezdni) i jedynie obr\u00f3ci\u0107 element elektroniki o 90 stopni w kierunku drugiej fotokom\u00f3rki aby fotokom\u00f3rki si\u0119 wzajemnie &#8222;widzia\u0142y&#8221;.<\/p>\n<h2>Podstawa monta\u017cowa i kotwy monta\u017cowe<\/h2>\n<ul>\n<li>Fabrycznie przygotowane otwory do przykr\u0119cenia podstawy<\/li>\n<li>Fabrycznie przygotowane otworu w celu przeprowadzenia&nbsp; przewod\u00f3w<\/li>\n<li>Zabezpieczenie antykorozyjne: ocynk<\/li>\n<\/ul>\n<h2>Magnetyczne w\u0142\u0105czniki kra\u0144cowe + uchwyty monta\u017cowe<\/h2>\n<p>Informuj\u0105 nap\u0119d odk\u0105d dok\u0105d brama ma si\u0119 otwiera\u0107 i zamyka\u0107. Montowane na listwie z\u0119batej. W zestawie s\u0105 do\u0142\u0105czone r\u00f3wnie\u017c uchwyty do magnes\u00f3w<\/p>\n<h2>2x Klucze odblokowuj\u0105ce<\/h2>\n<p>Do r\u0119cznego odblokowania nap\u0119du bramy w przypadku przerwy w dostawie energii elektrycznej<\/p>\n<p><b>Lampa sygnalizacyjna FORCE Crystal<\/b><\/p>\n<p><b>Gustowny design, kszta\u0142t inspirowany kryszta\u0142em kwarcu. Nowoczesna lampa Crystal b\u0119dzie ukoronowaniem Pa\u0144stwa pi\u0119knego ogrodzenia.<\/b><\/p>\n<ul>\n<li>Diody LED o wysokiej jasno\u015bci zapewniaj\u0105cych bardzo dobr\u0105 widoczno\u015b\u0107 i d\u0142uga \u017cywotno\u015b\u0107<\/li>\n<li>Wbudowana antena zwi\u0119kszaj\u0105ca zasi\u0119g pilot\u00f3w<\/li>\n<li>Podstawa monta\u017cowa umo\u017cliwiaj\u0105ca r\u00f3wnie\u017c monta\u017c do p\u0142aszczyzny pionowej pod r\u00f3\u017cnym kontem<\/li>\n<li>Kierunek \u015bwiecenia 360 stopni<\/li>\n<li>Tryb pracy:&nbsp; \u015bwiecenie ci\u0105g\u0142e\/\u015bwiecenie pulsacyjne<\/li>\n<li>Cz\u0119stotliwo\u015b\u0107 pulsowania \u015bwiat\u0142a: 1 Hz\/0 Hz (60 b\u0142ysk\u00f3w na minut\u0119\/\u015bwiat\u0142o ci\u0105g\u0142e)<\/li>\n<li>Podb\u00f3r mocy (przy \u015bwieceniu ci\u0105g\u0142ym): 2,5 W<\/li>\n<\/ul>\n<h2>Listwy poliamidowe z rdzeniem metalowym.<\/h2>\n<ul>\n<li>cicha praca<\/li>\n<li>spos\u00f3b mocowania: farmery (blachowkr\u0119ty)<\/li>\n<\/ul>\n","protected":false},"excerpt":{"rendered":"<p>Zestaw automatyki do bram przesuwnych FORCE 760 do 600 kg Najwa\u017cniejsze cechy: wysoka wydajno\u015b\u0107&nbsp;&#8211; dzi\u0119ki zastosowaniu przek\u0142adni \u015blimakowej dopasowanej do mocy silnika wydajno\u015b\u0107 nap\u0119du do bramy przesuwnej zosta\u0142a znacz\u0105co zoptymalizowana mi\u0119kki start &#8211; stop&nbsp;&#8211; zmniejszenie ha\u0142asu i zwi\u0119kszenie trwa\u0142o\u015bci element\u00f3w ruchomych oraz uzyskanie wy\u017cszej kultury pracy automatyczne zamykanie&nbsp;&#8211; mo\u017cliwo\u015b\u0107 w\u0142\u0105czenia automatycznego zamykania bramy po zadanym [&hellip;]<\/p>\n","protected":false},"featured_media":3546,"comment_status":"open","ping_status":"closed","template":"","meta":[],"product_brand":[245],"product_cat":[244],"product_tag":[],"class_list":{"0":"post-3531","1":"product","2":"type-product","3":"status-publish","4":"has-post-thumbnail","6":"product_brand-force","7":"product_cat-ogrodzenia-i-bramy","9":"first","10":"outofstock","11":"taxable","12":"shipping-taxable","13":"purchasable","14":"product-type-simple"},"yoast_head":"<!-- This site is optimized with the Yoast SEO plugin v27.3 - https:\/\/yoast.com\/product\/yoast-seo-wordpress\/ -->\n<title>ZESTAW DO BRAM PRZESUWNYCH FORCE 760 4x PILOT 5x LISTWA LAMPA WIFI - Mix Market - Supermarket z wszystkim co potrzeba<\/title>\n<meta name=\"robots\" content=\"index, follow, max-snippet:-1, max-image-preview:large, max-video-preview:-1\" \/>\n<link rel=\"canonical\" href=\"https:\/\/racom.com.pl\/index.php\/produkt\/zestaw-do-bram-przesuwnych-force-760-4x-pilot-5x-listwa-lampa-wifi\/\" \/>\n<meta property=\"og:locale\" content=\"pl_PL\" \/>\n<meta property=\"og:type\" content=\"article\" \/>\n<meta property=\"og:title\" content=\"ZESTAW DO BRAM PRZESUWNYCH FORCE 760 4x PILOT 5x LISTWA LAMPA WIFI - Mix Market - Supermarket z wszystkim co potrzeba\" \/>\n<meta property=\"og:description\" content=\"Zestaw automatyki do bram przesuwnych FORCE 760 do 600 kg Najwa\u017cniejsze cechy: wysoka wydajno\u015b\u0107&nbsp;&#8211; dzi\u0119ki zastosowaniu przek\u0142adni \u015blimakowej dopasowanej do mocy silnika wydajno\u015b\u0107 nap\u0119du do bramy przesuwnej zosta\u0142a znacz\u0105co zoptymalizowana mi\u0119kki start &#8211; stop&nbsp;&#8211; zmniejszenie ha\u0142asu i zwi\u0119kszenie trwa\u0142o\u015bci element\u00f3w ruchomych oraz uzyskanie wy\u017cszej kultury pracy automatyczne zamykanie&nbsp;&#8211; mo\u017cliwo\u015b\u0107 w\u0142\u0105czenia automatycznego zamykania bramy po zadanym [&hellip;]\" \/>\n<meta property=\"og:url\" content=\"https:\/\/racom.com.pl\/index.php\/produkt\/zestaw-do-bram-przesuwnych-force-760-4x-pilot-5x-listwa-lampa-wifi\/\" \/>\n<meta property=\"og:site_name\" content=\"Mix Market - Supermarket z wszystkim co potrzeba\" \/>\n<meta property=\"og:image\" content=\"https:\/\/racom.com.pl\/wp-content\/uploads\/2025\/07\/allegro_687c1a6e25a602.71822574_fd1add0345869e69322c38778bb4.jpg\" \/>\n\t<meta property=\"og:image:width\" content=\"2000\" \/>\n\t<meta property=\"og:image:height\" content=\"2000\" \/>\n\t<meta property=\"og:image:type\" content=\"image\/jpeg\" \/>\n<meta name=\"twitter:card\" content=\"summary_large_image\" \/>\n<meta name=\"twitter:label1\" content=\"Szacowany czas czytania\" \/>\n\t<meta name=\"twitter:data1\" content=\"5 minut\" \/>\n<script type=\"application\/ld+json\" class=\"yoast-schema-graph\">{\"@context\":\"https:\\\/\\\/schema.org\",\"@graph\":[{\"@type\":\"WebPage\",\"@id\":\"https:\\\/\\\/racom.com.pl\\\/index.php\\\/produkt\\\/zestaw-do-bram-przesuwnych-force-760-4x-pilot-5x-listwa-lampa-wifi\\\/\",\"url\":\"https:\\\/\\\/racom.com.pl\\\/index.php\\\/produkt\\\/zestaw-do-bram-przesuwnych-force-760-4x-pilot-5x-listwa-lampa-wifi\\\/\",\"name\":\"ZESTAW DO BRAM PRZESUWNYCH FORCE 760 4x PILOT 5x LISTWA LAMPA WIFI - Mix Market - Supermarket z wszystkim co potrzeba\",\"isPartOf\":{\"@id\":\"https:\\\/\\\/racom.com.pl\\\/#website\"},\"primaryImageOfPage\":{\"@id\":\"https:\\\/\\\/racom.com.pl\\\/index.php\\\/produkt\\\/zestaw-do-bram-przesuwnych-force-760-4x-pilot-5x-listwa-lampa-wifi\\\/#primaryimage\"},\"image\":{\"@id\":\"https:\\\/\\\/racom.com.pl\\\/index.php\\\/produkt\\\/zestaw-do-bram-przesuwnych-force-760-4x-pilot-5x-listwa-lampa-wifi\\\/#primaryimage\"},\"thumbnailUrl\":\"https:\\\/\\\/racom.com.pl\\\/wp-content\\\/uploads\\\/2025\\\/07\\\/allegro_687c1a6e25a602.71822574_fd1add0345869e69322c38778bb4.jpg\",\"datePublished\":\"2025-07-19T22:15:49+00:00\",\"breadcrumb\":{\"@id\":\"https:\\\/\\\/racom.com.pl\\\/index.php\\\/produkt\\\/zestaw-do-bram-przesuwnych-force-760-4x-pilot-5x-listwa-lampa-wifi\\\/#breadcrumb\"},\"inLanguage\":\"pl-PL\",\"potentialAction\":[{\"@type\":\"ReadAction\",\"target\":[\"https:\\\/\\\/racom.com.pl\\\/index.php\\\/produkt\\\/zestaw-do-bram-przesuwnych-force-760-4x-pilot-5x-listwa-lampa-wifi\\\/\"]}]},{\"@type\":\"ImageObject\",\"inLanguage\":\"pl-PL\",\"@id\":\"https:\\\/\\\/racom.com.pl\\\/index.php\\\/produkt\\\/zestaw-do-bram-przesuwnych-force-760-4x-pilot-5x-listwa-lampa-wifi\\\/#primaryimage\",\"url\":\"https:\\\/\\\/racom.com.pl\\\/wp-content\\\/uploads\\\/2025\\\/07\\\/allegro_687c1a6e25a602.71822574_fd1add0345869e69322c38778bb4.jpg\",\"contentUrl\":\"https:\\\/\\\/racom.com.pl\\\/wp-content\\\/uploads\\\/2025\\\/07\\\/allegro_687c1a6e25a602.71822574_fd1add0345869e69322c38778bb4.jpg\",\"width\":2000,\"height\":2000},{\"@type\":\"BreadcrumbList\",\"@id\":\"https:\\\/\\\/racom.com.pl\\\/index.php\\\/produkt\\\/zestaw-do-bram-przesuwnych-force-760-4x-pilot-5x-listwa-lampa-wifi\\\/#breadcrumb\",\"itemListElement\":[{\"@type\":\"ListItem\",\"position\":1,\"name\":\"Strona g\u0142\u00f3wna\",\"item\":\"https:\\\/\\\/racom.com.pl\\\/\"},{\"@type\":\"ListItem\",\"position\":2,\"name\":\"Sklep\",\"item\":\"https:\\\/\\\/racom.com.pl\\\/\"},{\"@type\":\"ListItem\",\"position\":3,\"name\":\"ZESTAW DO BRAM PRZESUWNYCH FORCE 760 4x PILOT 5x LISTWA LAMPA WIFI\"}]},{\"@type\":\"WebSite\",\"@id\":\"https:\\\/\\\/racom.com.pl\\\/#website\",\"url\":\"https:\\\/\\\/racom.com.pl\\\/\",\"name\":\"Mix Market - Supermarket z wszystkim co potrzeba do domu i nie tylko\",\"description\":\"\",\"publisher\":{\"@id\":\"https:\\\/\\\/racom.com.pl\\\/#organization\"},\"potentialAction\":[{\"@type\":\"SearchAction\",\"target\":{\"@type\":\"EntryPoint\",\"urlTemplate\":\"https:\\\/\\\/racom.com.pl\\\/?s={search_term_string}\"},\"query-input\":{\"@type\":\"PropertyValueSpecification\",\"valueRequired\":true,\"valueName\":\"search_term_string\"}}],\"inLanguage\":\"pl-PL\"},{\"@type\":\"Organization\",\"@id\":\"https:\\\/\\\/racom.com.pl\\\/#organization\",\"name\":\"Mix Market - Supermarket z wszystkim co potrzeba do domu i nie tylko\",\"url\":\"https:\\\/\\\/racom.com.pl\\\/\",\"logo\":{\"@type\":\"ImageObject\",\"inLanguage\":\"pl-PL\",\"@id\":\"https:\\\/\\\/racom.com.pl\\\/#\\\/schema\\\/logo\\\/image\\\/\",\"url\":\"https:\\\/\\\/racom.com.pl\\\/wp-content\\\/uploads\\\/2025\\\/07\\\/mixmarket_logo.png\",\"contentUrl\":\"https:\\\/\\\/racom.com.pl\\\/wp-content\\\/uploads\\\/2025\\\/07\\\/mixmarket_logo.png\",\"width\":1024,\"height\":1024,\"caption\":\"Mix Market - Supermarket z wszystkim co potrzeba do domu i nie tylko\"},\"image\":{\"@id\":\"https:\\\/\\\/racom.com.pl\\\/#\\\/schema\\\/logo\\\/image\\\/\"}}]}<\/script>\n<!-- \/ Yoast SEO plugin. -->","yoast_head_json":{"title":"ZESTAW DO BRAM PRZESUWNYCH FORCE 760 4x PILOT 5x LISTWA LAMPA WIFI - Mix Market - Supermarket z wszystkim co potrzeba","robots":{"index":"index","follow":"follow","max-snippet":"max-snippet:-1","max-image-preview":"max-image-preview:large","max-video-preview":"max-video-preview:-1"},"canonical":"https:\/\/racom.com.pl\/index.php\/produkt\/zestaw-do-bram-przesuwnych-force-760-4x-pilot-5x-listwa-lampa-wifi\/","og_locale":"pl_PL","og_type":"article","og_title":"ZESTAW DO BRAM PRZESUWNYCH FORCE 760 4x PILOT 5x LISTWA LAMPA WIFI - Mix Market - Supermarket z wszystkim co potrzeba","og_description":"Zestaw automatyki do bram przesuwnych FORCE 760 do 600 kg Najwa\u017cniejsze cechy: wysoka wydajno\u015b\u0107&nbsp;&#8211; dzi\u0119ki zastosowaniu przek\u0142adni \u015blimakowej dopasowanej do mocy silnika wydajno\u015b\u0107 nap\u0119du do bramy przesuwnej zosta\u0142a znacz\u0105co zoptymalizowana mi\u0119kki start &#8211; stop&nbsp;&#8211; zmniejszenie ha\u0142asu i zwi\u0119kszenie trwa\u0142o\u015bci element\u00f3w ruchomych oraz uzyskanie wy\u017cszej kultury pracy automatyczne zamykanie&nbsp;&#8211; mo\u017cliwo\u015b\u0107 w\u0142\u0105czenia automatycznego zamykania bramy po zadanym [&hellip;]","og_url":"https:\/\/racom.com.pl\/index.php\/produkt\/zestaw-do-bram-przesuwnych-force-760-4x-pilot-5x-listwa-lampa-wifi\/","og_site_name":"Mix Market - Supermarket z wszystkim co potrzeba","og_image":[{"width":2000,"height":2000,"url":"https:\/\/racom.com.pl\/wp-content\/uploads\/2025\/07\/allegro_687c1a6e25a602.71822574_fd1add0345869e69322c38778bb4.jpg","type":"image\/jpeg"}],"twitter_card":"summary_large_image","twitter_misc":{"Szacowany czas czytania":"5 minut"},"schema":{"@context":"https:\/\/schema.org","@graph":[{"@type":"WebPage","@id":"https:\/\/racom.com.pl\/index.php\/produkt\/zestaw-do-bram-przesuwnych-force-760-4x-pilot-5x-listwa-lampa-wifi\/","url":"https:\/\/racom.com.pl\/index.php\/produkt\/zestaw-do-bram-przesuwnych-force-760-4x-pilot-5x-listwa-lampa-wifi\/","name":"ZESTAW DO BRAM PRZESUWNYCH FORCE 760 4x PILOT 5x LISTWA LAMPA WIFI - Mix Market - Supermarket z wszystkim co potrzeba","isPartOf":{"@id":"https:\/\/racom.com.pl\/#website"},"primaryImageOfPage":{"@id":"https:\/\/racom.com.pl\/index.php\/produkt\/zestaw-do-bram-przesuwnych-force-760-4x-pilot-5x-listwa-lampa-wifi\/#primaryimage"},"image":{"@id":"https:\/\/racom.com.pl\/index.php\/produkt\/zestaw-do-bram-przesuwnych-force-760-4x-pilot-5x-listwa-lampa-wifi\/#primaryimage"},"thumbnailUrl":"https:\/\/racom.com.pl\/wp-content\/uploads\/2025\/07\/allegro_687c1a6e25a602.71822574_fd1add0345869e69322c38778bb4.jpg","datePublished":"2025-07-19T22:15:49+00:00","breadcrumb":{"@id":"https:\/\/racom.com.pl\/index.php\/produkt\/zestaw-do-bram-przesuwnych-force-760-4x-pilot-5x-listwa-lampa-wifi\/#breadcrumb"},"inLanguage":"pl-PL","potentialAction":[{"@type":"ReadAction","target":["https:\/\/racom.com.pl\/index.php\/produkt\/zestaw-do-bram-przesuwnych-force-760-4x-pilot-5x-listwa-lampa-wifi\/"]}]},{"@type":"ImageObject","inLanguage":"pl-PL","@id":"https:\/\/racom.com.pl\/index.php\/produkt\/zestaw-do-bram-przesuwnych-force-760-4x-pilot-5x-listwa-lampa-wifi\/#primaryimage","url":"https:\/\/racom.com.pl\/wp-content\/uploads\/2025\/07\/allegro_687c1a6e25a602.71822574_fd1add0345869e69322c38778bb4.jpg","contentUrl":"https:\/\/racom.com.pl\/wp-content\/uploads\/2025\/07\/allegro_687c1a6e25a602.71822574_fd1add0345869e69322c38778bb4.jpg","width":2000,"height":2000},{"@type":"BreadcrumbList","@id":"https:\/\/racom.com.pl\/index.php\/produkt\/zestaw-do-bram-przesuwnych-force-760-4x-pilot-5x-listwa-lampa-wifi\/#breadcrumb","itemListElement":[{"@type":"ListItem","position":1,"name":"Strona g\u0142\u00f3wna","item":"https:\/\/racom.com.pl\/"},{"@type":"ListItem","position":2,"name":"Sklep","item":"https:\/\/racom.com.pl\/"},{"@type":"ListItem","position":3,"name":"ZESTAW DO BRAM PRZESUWNYCH FORCE 760 4x PILOT 5x LISTWA LAMPA WIFI"}]},{"@type":"WebSite","@id":"https:\/\/racom.com.pl\/#website","url":"https:\/\/racom.com.pl\/","name":"Mix Market - Supermarket z wszystkim co potrzeba do domu i nie tylko","description":"","publisher":{"@id":"https:\/\/racom.com.pl\/#organization"},"potentialAction":[{"@type":"SearchAction","target":{"@type":"EntryPoint","urlTemplate":"https:\/\/racom.com.pl\/?s={search_term_string}"},"query-input":{"@type":"PropertyValueSpecification","valueRequired":true,"valueName":"search_term_string"}}],"inLanguage":"pl-PL"},{"@type":"Organization","@id":"https:\/\/racom.com.pl\/#organization","name":"Mix Market - Supermarket z wszystkim co potrzeba do domu i nie tylko","url":"https:\/\/racom.com.pl\/","logo":{"@type":"ImageObject","inLanguage":"pl-PL","@id":"https:\/\/racom.com.pl\/#\/schema\/logo\/image\/","url":"https:\/\/racom.com.pl\/wp-content\/uploads\/2025\/07\/mixmarket_logo.png","contentUrl":"https:\/\/racom.com.pl\/wp-content\/uploads\/2025\/07\/mixmarket_logo.png","width":1024,"height":1024,"caption":"Mix Market - Supermarket z wszystkim co potrzeba do domu i nie tylko"},"image":{"@id":"https:\/\/racom.com.pl\/#\/schema\/logo\/image\/"}}]}},"_links":{"self":[{"href":"https:\/\/racom.com.pl\/index.php\/wp-json\/wp\/v2\/product\/3531","targetHints":{"allow":["GET"]}}],"collection":[{"href":"https:\/\/racom.com.pl\/index.php\/wp-json\/wp\/v2\/product"}],"about":[{"href":"https:\/\/racom.com.pl\/index.php\/wp-json\/wp\/v2\/types\/product"}],"replies":[{"embeddable":true,"href":"https:\/\/racom.com.pl\/index.php\/wp-json\/wp\/v2\/comments?post=3531"}],"wp:featuredmedia":[{"embeddable":true,"href":"https:\/\/racom.com.pl\/index.php\/wp-json\/wp\/v2\/media\/3546"}],"wp:attachment":[{"href":"https:\/\/racom.com.pl\/index.php\/wp-json\/wp\/v2\/media?parent=3531"}],"wp:term":[{"taxonomy":"product_brand","embeddable":true,"href":"https:\/\/racom.com.pl\/index.php\/wp-json\/wp\/v2\/product_brand?post=3531"},{"taxonomy":"product_cat","embeddable":true,"href":"https:\/\/racom.com.pl\/index.php\/wp-json\/wp\/v2\/product_cat?post=3531"},{"taxonomy":"product_tag","embeddable":true,"href":"https:\/\/racom.com.pl\/index.php\/wp-json\/wp\/v2\/product_tag?post=3531"}],"curies":[{"name":"wp","href":"https:\/\/api.w.org\/{rel}","templated":true}]}}