{"id":3550,"date":"2025-07-20T00:22:03","date_gmt":"2025-07-19T22:22:03","guid":{"rendered":"http:\/\/192.168.2.106\/index.php\/produkt\/giga-paka-miekki-papier-toaletowy-bezzapachowy-floralys-xxl-3-warstwy-40x\/"},"modified":"2025-07-20T00:22:03","modified_gmt":"2025-07-19T22:22:03","slug":"giga-paka-miekki-papier-toaletowy-bezzapachowy-floralys-xxl-3-warstwy-40x","status":"publish","type":"product","link":"https:\/\/racom.com.pl\/index.php\/produkt\/giga-paka-miekki-papier-toaletowy-bezzapachowy-floralys-xxl-3-warstwy-40x\/","title":{"rendered":"GIGA PAKA Mi\u0119kki Papier Toaletowy Bezzapachowy Floralys XXL 3-warstwy 40x"},"content":{"rendered":"<h2>PAPIER TOALETOWY FLORALYS 40 ROLEK 3 WARSTWY MI\u0118KI I DELIKATNY<\/h2>\n<h2>Papier toaletowy<\/h2>\n<h2>FLORALYS<\/h2>\n<p><b>Papier toaletowy FLORALYS<\/b><\/p>\n<p><b>Mega Paka 40 rolek&nbsp; 3 warstwowy <\/b>to wyj\u0105tkowy produkt higieniczny, kt\u00f3ry zapewnia maksymalny komfort podczas korzystania z toalety. Ta ograniczona edycja papieru toaletowego FLORALYS jest idealnym wyborem dla os\u00f3b, kt\u00f3re ceni\u0105 sobie luksusowe i wyj\u0105tkowe produkty, a jednocze\u015bnie wymagaj\u0105 wysokiej jako\u015bci oraz wydajno\u015bci.<\/p>\n<h2>\u2714\ufe0f ZALETY PAPIERU FLORALYS<\/h2>\n<p>\u2714\ufe0f <b>Wysoka jako\u015b\u0107:<\/b> <b>Papier toaletowy Floralys XXL&nbsp;<\/b>&nbsp;jest wykonany z trzech warstw, co zapewnia maksymaln\u0105 mi\u0119kko\u015b\u0107, wytrzyma\u0142o\u015b\u0107 i absorpcj\u0119. Jest to idealne rozwi\u0105zanie dla os\u00f3b z wra\u017cliw\u0105 sk\u00f3r\u0105.<\/p>\n<p>\u2714\ufe0f <b>Du\u017ca ilo\u015b\u0107 listk\u00f3w na rolce:<\/b> Ka\u017cda rolka papieru toaletowego&nbsp;<b>zawiera a\u017c 118 listk\u00f3w<\/b>, Dzi\u0119ki temu u\u017cytkownik ma zapewnion\u0105 d\u0142ugotrwa\u0142\u0105 wygod\u0119 i nie musi cz\u0119sto kupowa\u0107 nowych rolek.<\/p>\n<p><b>\u2714\ufe0f&nbsp;Wydajno\u015b\u0107: <\/b>Dzi\u0119ki du\u017cej ilo\u015bci listk\u00f3w na rolce oraz trzem warstwom, <b>papier toaletowy FLORALYS<\/b>&nbsp;Mega Paka jest bardzo wydajny i nie trzeba u\u017cywa\u0107 du\u017cej ilo\u015bci papieru podczas jednego u\u017cycia.<\/p>\n","protected":false},"excerpt":{"rendered":"<p>PAPIER TOALETOWY FLORALYS 40 ROLEK 3 WARSTWY MI\u0118KI I DELIKATNY Papier toaletowy FLORALYS Papier toaletowy FLORALYS Mega Paka 40 rolek&nbsp; 3 warstwowy to wyj\u0105tkowy produkt higieniczny, kt\u00f3ry zapewnia maksymalny komfort podczas korzystania z toalety. Ta ograniczona edycja papieru toaletowego FLORALYS jest idealnym wyborem dla os\u00f3b, kt\u00f3re ceni\u0105 sobie luksusowe i wyj\u0105tkowe produkty, a jednocze\u015bnie wymagaj\u0105 [&hellip;]<\/p>\n","protected":false},"featured_media":3552,"comment_status":"open","ping_status":"closed","template":"","meta":[],"product_brand":[248],"product_cat":[246],"product_tag":[],"class_list":{"0":"post-3550","1":"product","2":"type-product","3":"status-publish","4":"has-post-thumbnail","6":"product_brand-floralys","7":"product_cat-akcesoria-lazienkowe","9":"first","10":"instock","11":"taxable","12":"shipping-taxable","13":"purchasable","14":"product-type-simple"},"yoast_head":"<!-- This site is optimized with the Yoast SEO plugin v27.3 - https:\/\/yoast.com\/product\/yoast-seo-wordpress\/ -->\n<title>GIGA PAKA Mi\u0119kki Papier Toaletowy Bezzapachowy Floralys XXL 3-warstwy 40x - Mix Market - Supermarket z wszystkim co potrzeba<\/title>\n<meta name=\"robots\" content=\"index, follow, max-snippet:-1, max-image-preview:large, max-video-preview:-1\" \/>\n<link rel=\"canonical\" href=\"https:\/\/racom.com.pl\/index.php\/produkt\/giga-paka-miekki-papier-toaletowy-bezzapachowy-floralys-xxl-3-warstwy-40x\/\" \/>\n<meta property=\"og:locale\" content=\"pl_PL\" \/>\n<meta property=\"og:type\" content=\"article\" \/>\n<meta property=\"og:title\" content=\"GIGA PAKA Mi\u0119kki Papier Toaletowy Bezzapachowy Floralys XXL 3-warstwy 40x - Mix Market - Supermarket z wszystkim co potrzeba\" \/>\n<meta property=\"og:description\" content=\"PAPIER TOALETOWY FLORALYS 40 ROLEK 3 WARSTWY MI\u0118KI I DELIKATNY Papier toaletowy FLORALYS Papier toaletowy FLORALYS Mega Paka 40 rolek&nbsp; 3 warstwowy to wyj\u0105tkowy produkt higieniczny, kt\u00f3ry zapewnia maksymalny komfort podczas korzystania z toalety. Ta ograniczona edycja papieru toaletowego FLORALYS jest idealnym wyborem dla os\u00f3b, kt\u00f3re ceni\u0105 sobie luksusowe i wyj\u0105tkowe produkty, a jednocze\u015bnie wymagaj\u0105 [&hellip;]\" \/>\n<meta property=\"og:url\" content=\"https:\/\/racom.com.pl\/index.php\/produkt\/giga-paka-miekki-papier-toaletowy-bezzapachowy-floralys-xxl-3-warstwy-40x\/\" \/>\n<meta property=\"og:site_name\" content=\"Mix Market - Supermarket z wszystkim co potrzeba\" \/>\n<meta property=\"og:image\" content=\"https:\/\/racom.com.pl\/wp-content\/uploads\/2025\/07\/allegro_687c1a978b0b99.99826134_2528e9b74ea8ac7b4ebe572897df.jpg\" \/>\n\t<meta property=\"og:image:width\" content=\"800\" \/>\n\t<meta property=\"og:image:height\" content=\"800\" \/>\n\t<meta property=\"og:image:type\" content=\"image\/jpeg\" \/>\n<meta name=\"twitter:card\" content=\"summary_large_image\" \/>\n<meta name=\"twitter:label1\" content=\"Szacowany czas czytania\" \/>\n\t<meta name=\"twitter:data1\" content=\"1 minuta\" \/>\n<script type=\"application\/ld+json\" class=\"yoast-schema-graph\">{\"@context\":\"https:\\\/\\\/schema.org\",\"@graph\":[{\"@type\":\"WebPage\",\"@id\":\"https:\\\/\\\/racom.com.pl\\\/index.php\\\/produkt\\\/giga-paka-miekki-papier-toaletowy-bezzapachowy-floralys-xxl-3-warstwy-40x\\\/\",\"url\":\"https:\\\/\\\/racom.com.pl\\\/index.php\\\/produkt\\\/giga-paka-miekki-papier-toaletowy-bezzapachowy-floralys-xxl-3-warstwy-40x\\\/\",\"name\":\"GIGA PAKA Mi\u0119kki Papier Toaletowy Bezzapachowy Floralys XXL 3-warstwy 40x - Mix Market - Supermarket z wszystkim co potrzeba\",\"isPartOf\":{\"@id\":\"https:\\\/\\\/racom.com.pl\\\/#website\"},\"primaryImageOfPage\":{\"@id\":\"https:\\\/\\\/racom.com.pl\\\/index.php\\\/produkt\\\/giga-paka-miekki-papier-toaletowy-bezzapachowy-floralys-xxl-3-warstwy-40x\\\/#primaryimage\"},\"image\":{\"@id\":\"https:\\\/\\\/racom.com.pl\\\/index.php\\\/produkt\\\/giga-paka-miekki-papier-toaletowy-bezzapachowy-floralys-xxl-3-warstwy-40x\\\/#primaryimage\"},\"thumbnailUrl\":\"https:\\\/\\\/racom.com.pl\\\/wp-content\\\/uploads\\\/2025\\\/07\\\/allegro_687c1a978b0b99.99826134_2528e9b74ea8ac7b4ebe572897df.jpg\",\"datePublished\":\"2025-07-19T22:22:03+00:00\",\"breadcrumb\":{\"@id\":\"https:\\\/\\\/racom.com.pl\\\/index.php\\\/produkt\\\/giga-paka-miekki-papier-toaletowy-bezzapachowy-floralys-xxl-3-warstwy-40x\\\/#breadcrumb\"},\"inLanguage\":\"pl-PL\",\"potentialAction\":[{\"@type\":\"ReadAction\",\"target\":[\"https:\\\/\\\/racom.com.pl\\\/index.php\\\/produkt\\\/giga-paka-miekki-papier-toaletowy-bezzapachowy-floralys-xxl-3-warstwy-40x\\\/\"]}]},{\"@type\":\"ImageObject\",\"inLanguage\":\"pl-PL\",\"@id\":\"https:\\\/\\\/racom.com.pl\\\/index.php\\\/produkt\\\/giga-paka-miekki-papier-toaletowy-bezzapachowy-floralys-xxl-3-warstwy-40x\\\/#primaryimage\",\"url\":\"https:\\\/\\\/racom.com.pl\\\/wp-content\\\/uploads\\\/2025\\\/07\\\/allegro_687c1a978b0b99.99826134_2528e9b74ea8ac7b4ebe572897df.jpg\",\"contentUrl\":\"https:\\\/\\\/racom.com.pl\\\/wp-content\\\/uploads\\\/2025\\\/07\\\/allegro_687c1a978b0b99.99826134_2528e9b74ea8ac7b4ebe572897df.jpg\",\"width\":800,\"height\":800},{\"@type\":\"BreadcrumbList\",\"@id\":\"https:\\\/\\\/racom.com.pl\\\/index.php\\\/produkt\\\/giga-paka-miekki-papier-toaletowy-bezzapachowy-floralys-xxl-3-warstwy-40x\\\/#breadcrumb\",\"itemListElement\":[{\"@type\":\"ListItem\",\"position\":1,\"name\":\"Strona g\u0142\u00f3wna\",\"item\":\"https:\\\/\\\/racom.com.pl\\\/\"},{\"@type\":\"ListItem\",\"position\":2,\"name\":\"Sklep\",\"item\":\"https:\\\/\\\/racom.com.pl\\\/\"},{\"@type\":\"ListItem\",\"position\":3,\"name\":\"GIGA PAKA Mi\u0119kki Papier Toaletowy Bezzapachowy Floralys XXL 3-warstwy 40x\"}]},{\"@type\":\"WebSite\",\"@id\":\"https:\\\/\\\/racom.com.pl\\\/#website\",\"url\":\"https:\\\/\\\/racom.com.pl\\\/\",\"name\":\"Mix Market - Supermarket z wszystkim co potrzeba do domu i nie tylko\",\"description\":\"\",\"publisher\":{\"@id\":\"https:\\\/\\\/racom.com.pl\\\/#organization\"},\"potentialAction\":[{\"@type\":\"SearchAction\",\"target\":{\"@type\":\"EntryPoint\",\"urlTemplate\":\"https:\\\/\\\/racom.com.pl\\\/?s={search_term_string}\"},\"query-input\":{\"@type\":\"PropertyValueSpecification\",\"valueRequired\":true,\"valueName\":\"search_term_string\"}}],\"inLanguage\":\"pl-PL\"},{\"@type\":\"Organization\",\"@id\":\"https:\\\/\\\/racom.com.pl\\\/#organization\",\"name\":\"Mix Market - Supermarket z wszystkim co potrzeba do domu i nie tylko\",\"url\":\"https:\\\/\\\/racom.com.pl\\\/\",\"logo\":{\"@type\":\"ImageObject\",\"inLanguage\":\"pl-PL\",\"@id\":\"https:\\\/\\\/racom.com.pl\\\/#\\\/schema\\\/logo\\\/image\\\/\",\"url\":\"https:\\\/\\\/racom.com.pl\\\/wp-content\\\/uploads\\\/2025\\\/07\\\/mixmarket_logo.png\",\"contentUrl\":\"https:\\\/\\\/racom.com.pl\\\/wp-content\\\/uploads\\\/2025\\\/07\\\/mixmarket_logo.png\",\"width\":1024,\"height\":1024,\"caption\":\"Mix Market - Supermarket z wszystkim co potrzeba do domu i nie tylko\"},\"image\":{\"@id\":\"https:\\\/\\\/racom.com.pl\\\/#\\\/schema\\\/logo\\\/image\\\/\"}}]}<\/script>\n<!-- \/ Yoast SEO plugin. -->","yoast_head_json":{"title":"GIGA PAKA Mi\u0119kki Papier Toaletowy Bezzapachowy Floralys XXL 3-warstwy 40x - Mix Market - Supermarket z wszystkim co potrzeba","robots":{"index":"index","follow":"follow","max-snippet":"max-snippet:-1","max-image-preview":"max-image-preview:large","max-video-preview":"max-video-preview:-1"},"canonical":"https:\/\/racom.com.pl\/index.php\/produkt\/giga-paka-miekki-papier-toaletowy-bezzapachowy-floralys-xxl-3-warstwy-40x\/","og_locale":"pl_PL","og_type":"article","og_title":"GIGA PAKA Mi\u0119kki Papier Toaletowy Bezzapachowy Floralys XXL 3-warstwy 40x - Mix Market - Supermarket z wszystkim co potrzeba","og_description":"PAPIER TOALETOWY FLORALYS 40 ROLEK 3 WARSTWY MI\u0118KI I DELIKATNY Papier toaletowy FLORALYS Papier toaletowy FLORALYS Mega Paka 40 rolek&nbsp; 3 warstwowy to wyj\u0105tkowy produkt higieniczny, kt\u00f3ry zapewnia maksymalny komfort podczas korzystania z toalety. Ta ograniczona edycja papieru toaletowego FLORALYS jest idealnym wyborem dla os\u00f3b, kt\u00f3re ceni\u0105 sobie luksusowe i wyj\u0105tkowe produkty, a jednocze\u015bnie wymagaj\u0105 [&hellip;]","og_url":"https:\/\/racom.com.pl\/index.php\/produkt\/giga-paka-miekki-papier-toaletowy-bezzapachowy-floralys-xxl-3-warstwy-40x\/","og_site_name":"Mix Market - Supermarket z wszystkim co potrzeba","og_image":[{"width":800,"height":800,"url":"https:\/\/racom.com.pl\/wp-content\/uploads\/2025\/07\/allegro_687c1a978b0b99.99826134_2528e9b74ea8ac7b4ebe572897df.jpg","type":"image\/jpeg"}],"twitter_card":"summary_large_image","twitter_misc":{"Szacowany czas czytania":"1 minuta"},"schema":{"@context":"https:\/\/schema.org","@graph":[{"@type":"WebPage","@id":"https:\/\/racom.com.pl\/index.php\/produkt\/giga-paka-miekki-papier-toaletowy-bezzapachowy-floralys-xxl-3-warstwy-40x\/","url":"https:\/\/racom.com.pl\/index.php\/produkt\/giga-paka-miekki-papier-toaletowy-bezzapachowy-floralys-xxl-3-warstwy-40x\/","name":"GIGA PAKA Mi\u0119kki Papier Toaletowy Bezzapachowy Floralys XXL 3-warstwy 40x - Mix Market - Supermarket z wszystkim co potrzeba","isPartOf":{"@id":"https:\/\/racom.com.pl\/#website"},"primaryImageOfPage":{"@id":"https:\/\/racom.com.pl\/index.php\/produkt\/giga-paka-miekki-papier-toaletowy-bezzapachowy-floralys-xxl-3-warstwy-40x\/#primaryimage"},"image":{"@id":"https:\/\/racom.com.pl\/index.php\/produkt\/giga-paka-miekki-papier-toaletowy-bezzapachowy-floralys-xxl-3-warstwy-40x\/#primaryimage"},"thumbnailUrl":"https:\/\/racom.com.pl\/wp-content\/uploads\/2025\/07\/allegro_687c1a978b0b99.99826134_2528e9b74ea8ac7b4ebe572897df.jpg","datePublished":"2025-07-19T22:22:03+00:00","breadcrumb":{"@id":"https:\/\/racom.com.pl\/index.php\/produkt\/giga-paka-miekki-papier-toaletowy-bezzapachowy-floralys-xxl-3-warstwy-40x\/#breadcrumb"},"inLanguage":"pl-PL","potentialAction":[{"@type":"ReadAction","target":["https:\/\/racom.com.pl\/index.php\/produkt\/giga-paka-miekki-papier-toaletowy-bezzapachowy-floralys-xxl-3-warstwy-40x\/"]}]},{"@type":"ImageObject","inLanguage":"pl-PL","@id":"https:\/\/racom.com.pl\/index.php\/produkt\/giga-paka-miekki-papier-toaletowy-bezzapachowy-floralys-xxl-3-warstwy-40x\/#primaryimage","url":"https:\/\/racom.com.pl\/wp-content\/uploads\/2025\/07\/allegro_687c1a978b0b99.99826134_2528e9b74ea8ac7b4ebe572897df.jpg","contentUrl":"https:\/\/racom.com.pl\/wp-content\/uploads\/2025\/07\/allegro_687c1a978b0b99.99826134_2528e9b74ea8ac7b4ebe572897df.jpg","width":800,"height":800},{"@type":"BreadcrumbList","@id":"https:\/\/racom.com.pl\/index.php\/produkt\/giga-paka-miekki-papier-toaletowy-bezzapachowy-floralys-xxl-3-warstwy-40x\/#breadcrumb","itemListElement":[{"@type":"ListItem","position":1,"name":"Strona g\u0142\u00f3wna","item":"https:\/\/racom.com.pl\/"},{"@type":"ListItem","position":2,"name":"Sklep","item":"https:\/\/racom.com.pl\/"},{"@type":"ListItem","position":3,"name":"GIGA PAKA Mi\u0119kki Papier Toaletowy Bezzapachowy Floralys XXL 3-warstwy 40x"}]},{"@type":"WebSite","@id":"https:\/\/racom.com.pl\/#website","url":"https:\/\/racom.com.pl\/","name":"Mix Market - Supermarket z wszystkim co potrzeba do domu i nie tylko","description":"","publisher":{"@id":"https:\/\/racom.com.pl\/#organization"},"potentialAction":[{"@type":"SearchAction","target":{"@type":"EntryPoint","urlTemplate":"https:\/\/racom.com.pl\/?s={search_term_string}"},"query-input":{"@type":"PropertyValueSpecification","valueRequired":true,"valueName":"search_term_string"}}],"inLanguage":"pl-PL"},{"@type":"Organization","@id":"https:\/\/racom.com.pl\/#organization","name":"Mix Market - Supermarket z wszystkim co potrzeba do domu i nie tylko","url":"https:\/\/racom.com.pl\/","logo":{"@type":"ImageObject","inLanguage":"pl-PL","@id":"https:\/\/racom.com.pl\/#\/schema\/logo\/image\/","url":"https:\/\/racom.com.pl\/wp-content\/uploads\/2025\/07\/mixmarket_logo.png","contentUrl":"https:\/\/racom.com.pl\/wp-content\/uploads\/2025\/07\/mixmarket_logo.png","width":1024,"height":1024,"caption":"Mix Market - Supermarket z wszystkim co potrzeba do domu i nie tylko"},"image":{"@id":"https:\/\/racom.com.pl\/#\/schema\/logo\/image\/"}}]}},"_links":{"self":[{"href":"https:\/\/racom.com.pl\/index.php\/wp-json\/wp\/v2\/product\/3550","targetHints":{"allow":["GET"]}}],"collection":[{"href":"https:\/\/racom.com.pl\/index.php\/wp-json\/wp\/v2\/product"}],"about":[{"href":"https:\/\/racom.com.pl\/index.php\/wp-json\/wp\/v2\/types\/product"}],"replies":[{"embeddable":true,"href":"https:\/\/racom.com.pl\/index.php\/wp-json\/wp\/v2\/comments?post=3550"}],"wp:featuredmedia":[{"embeddable":true,"href":"https:\/\/racom.com.pl\/index.php\/wp-json\/wp\/v2\/media\/3552"}],"wp:attachment":[{"href":"https:\/\/racom.com.pl\/index.php\/wp-json\/wp\/v2\/media?parent=3550"}],"wp:term":[{"taxonomy":"product_brand","embeddable":true,"href":"https:\/\/racom.com.pl\/index.php\/wp-json\/wp\/v2\/product_brand?post=3550"},{"taxonomy":"product_cat","embeddable":true,"href":"https:\/\/racom.com.pl\/index.php\/wp-json\/wp\/v2\/product_cat?post=3550"},{"taxonomy":"product_tag","embeddable":true,"href":"https:\/\/racom.com.pl\/index.php\/wp-json\/wp\/v2\/product_tag?post=3550"}],"curies":[{"name":"wp","href":"https:\/\/api.w.org\/{rel}","templated":true}]}}