{"id":3553,"date":"2025-07-20T00:22:24","date_gmt":"2025-07-19T22:22:24","guid":{"rendered":"http:\/\/192.168.2.106\/index.php\/produkt\/papier-toaletowy-bezzapachowy-queen-komfort-zgrzewka-20-szt\/"},"modified":"2025-07-20T00:22:24","modified_gmt":"2025-07-19T22:22:24","slug":"papier-toaletowy-bezzapachowy-queen-komfort-zgrzewka-20-szt","status":"publish","type":"product","link":"https:\/\/racom.com.pl\/index.php\/produkt\/papier-toaletowy-bezzapachowy-queen-komfort-zgrzewka-20-szt\/","title":{"rendered":"Papier toaletowy bezzapachowy Queen Komfort zgrzewka 20 szt"},"content":{"rendered":"<h2>Papier toaletowy bezzapachowy Queen Komfort 20 szt<\/h2>\n<p><b>Papier toaletowy Komfort<\/b>&nbsp;to doskona\u0142y wyb\u00f3r dla wszystkich, kt\u00f3rzy ceni\u0105 sobie wygod\u0119 i komfort. Papier toaletowy jest mi\u0119kki i delikatny dla sk\u00f3ry, co zapewnia komfortowe i przyjemne doznania podczas korzystania z toalety. Jego wysoka jako\u015b\u0107 i trwa\u0142o\u015b\u0107 pozwala na d\u0142u\u017csze u\u017cytkowanie, co przek\u0142ada si\u0119 na oszcz\u0119dno\u015b\u0107 czasu i pieni\u0119dzy.<\/p>\n<p>Papier toaletowy jest produkowany z najlepszych surowc\u00f3w i jest w pe\u0142ni biodegradowalny, co oznacza, \u017ce jest bezpieczny dla \u015brodowiska. Poza tym, jest on dost\u0119pny w r\u00f3\u017cnych ilo\u015bciach, dlatego mo\u017cesz wybra\u0107 opcj\u0119, kt\u00f3ra najlepiej odpowiada Twoim potrzebom.<\/p>\n<p><b>Nie czekaj d\u0142u\u017cej i zam\u00f3w ju\u017c dzi\u015b nasz wyj\u0105tkowy papier toaletowy Komfort. Gwarantujemy, \u017ce b\u0119dziesz zadowolony z jego jako\u015bci i wygody!<\/b><\/p>\n<ul>\n<li>Paczka 20 rolek<\/li>\n<li>3 warstwowy<\/li>\n<li>Queen Komfort to papier&nbsp; wyj\u0105tkowo mi\u0119kki i delikatny dla wra\u017cliwej sk\u00f3ry<\/li>\n<\/ul>\n<p><b>Zalety papieru toaletowego Queen Komfort<\/b><\/p>\n<ul>\n<li><b>bardzo mocny<\/b><\/li>\n<li><b>100% celulozy<\/b><\/li>\n<li><b>3 warstwy<\/b><\/li>\n<li><b>Rolka zawiera 200 listk\u00f3w<\/b><\/li>\n<li><b>Papier numer 1 w Polsce<\/b><\/li>\n<li><b>najlepszy na rynku<\/b><\/li>\n<\/ul>\n<h2>Papier toaletowy idealnie sprawdza si\u0119 w:<\/h2>\n<ul>\n<li>domu<\/li>\n<li>biurze<\/li>\n<li>pensjonacie<\/li>\n<li>restauracji i wsz\u0119dzie tam gdzie mo\u017ce by\u0107 potrzebny<\/li>\n<\/ul>\n","protected":false},"excerpt":{"rendered":"<p>Papier toaletowy bezzapachowy Queen Komfort 20 szt Papier toaletowy Komfort&nbsp;to doskona\u0142y wyb\u00f3r dla wszystkich, kt\u00f3rzy ceni\u0105 sobie wygod\u0119 i komfort. Papier toaletowy jest mi\u0119kki i delikatny dla sk\u00f3ry, co zapewnia komfortowe i przyjemne doznania podczas korzystania z toalety. Jego wysoka jako\u015b\u0107 i trwa\u0142o\u015b\u0107 pozwala na d\u0142u\u017csze u\u017cytkowanie, co przek\u0142ada si\u0119 na oszcz\u0119dno\u015b\u0107 czasu i pieni\u0119dzy. [&hellip;]<\/p>\n","protected":false},"featured_media":3555,"comment_status":"open","ping_status":"closed","template":"","meta":[],"product_brand":[247],"product_cat":[246],"product_tag":[],"class_list":{"0":"post-3553","1":"product","2":"type-product","3":"status-publish","4":"has-post-thumbnail","6":"product_brand-queen","7":"product_cat-akcesoria-lazienkowe","9":"first","10":"instock","11":"taxable","12":"shipping-taxable","13":"purchasable","14":"product-type-simple"},"yoast_head":"<!-- This site is optimized with the Yoast SEO plugin v27.3 - https:\/\/yoast.com\/product\/yoast-seo-wordpress\/ -->\n<title>Papier toaletowy bezzapachowy Queen Komfort zgrzewka 20 szt - Mix Market - Supermarket z wszystkim co potrzeba<\/title>\n<meta name=\"robots\" content=\"index, follow, max-snippet:-1, max-image-preview:large, max-video-preview:-1\" \/>\n<link rel=\"canonical\" href=\"https:\/\/racom.com.pl\/index.php\/produkt\/papier-toaletowy-bezzapachowy-queen-komfort-zgrzewka-20-szt\/\" \/>\n<meta property=\"og:locale\" content=\"pl_PL\" \/>\n<meta property=\"og:type\" content=\"article\" \/>\n<meta property=\"og:title\" content=\"Papier toaletowy bezzapachowy Queen Komfort zgrzewka 20 szt - Mix Market - Supermarket z wszystkim co potrzeba\" \/>\n<meta property=\"og:description\" content=\"Papier toaletowy bezzapachowy Queen Komfort 20 szt Papier toaletowy Komfort&nbsp;to doskona\u0142y wyb\u00f3r dla wszystkich, kt\u00f3rzy ceni\u0105 sobie wygod\u0119 i komfort. Papier toaletowy jest mi\u0119kki i delikatny dla sk\u00f3ry, co zapewnia komfortowe i przyjemne doznania podczas korzystania z toalety. Jego wysoka jako\u015b\u0107 i trwa\u0142o\u015b\u0107 pozwala na d\u0142u\u017csze u\u017cytkowanie, co przek\u0142ada si\u0119 na oszcz\u0119dno\u015b\u0107 czasu i pieni\u0119dzy. [&hellip;]\" \/>\n<meta property=\"og:url\" content=\"https:\/\/racom.com.pl\/index.php\/produkt\/papier-toaletowy-bezzapachowy-queen-komfort-zgrzewka-20-szt\/\" \/>\n<meta property=\"og:site_name\" content=\"Mix Market - Supermarket z wszystkim co potrzeba\" \/>\n<meta property=\"og:image\" content=\"https:\/\/racom.com.pl\/wp-content\/uploads\/2025\/07\/allegro_687c1ab3381321.26156729_9df06f33427faf5f5d3223d5fcdd.jpg\" \/>\n\t<meta property=\"og:image:width\" content=\"800\" \/>\n\t<meta property=\"og:image:height\" content=\"800\" \/>\n\t<meta property=\"og:image:type\" content=\"image\/jpeg\" \/>\n<meta name=\"twitter:card\" content=\"summary_large_image\" \/>\n<meta name=\"twitter:label1\" content=\"Szacowany czas czytania\" \/>\n\t<meta name=\"twitter:data1\" content=\"1 minuta\" \/>\n<script type=\"application\/ld+json\" class=\"yoast-schema-graph\">{\"@context\":\"https:\\\/\\\/schema.org\",\"@graph\":[{\"@type\":\"WebPage\",\"@id\":\"https:\\\/\\\/racom.com.pl\\\/index.php\\\/produkt\\\/papier-toaletowy-bezzapachowy-queen-komfort-zgrzewka-20-szt\\\/\",\"url\":\"https:\\\/\\\/racom.com.pl\\\/index.php\\\/produkt\\\/papier-toaletowy-bezzapachowy-queen-komfort-zgrzewka-20-szt\\\/\",\"name\":\"Papier toaletowy bezzapachowy Queen Komfort zgrzewka 20 szt - Mix Market - Supermarket z wszystkim co potrzeba\",\"isPartOf\":{\"@id\":\"https:\\\/\\\/racom.com.pl\\\/#website\"},\"primaryImageOfPage\":{\"@id\":\"https:\\\/\\\/racom.com.pl\\\/index.php\\\/produkt\\\/papier-toaletowy-bezzapachowy-queen-komfort-zgrzewka-20-szt\\\/#primaryimage\"},\"image\":{\"@id\":\"https:\\\/\\\/racom.com.pl\\\/index.php\\\/produkt\\\/papier-toaletowy-bezzapachowy-queen-komfort-zgrzewka-20-szt\\\/#primaryimage\"},\"thumbnailUrl\":\"https:\\\/\\\/racom.com.pl\\\/wp-content\\\/uploads\\\/2025\\\/07\\\/allegro_687c1ab3381321.26156729_9df06f33427faf5f5d3223d5fcdd.jpg\",\"datePublished\":\"2025-07-19T22:22:24+00:00\",\"breadcrumb\":{\"@id\":\"https:\\\/\\\/racom.com.pl\\\/index.php\\\/produkt\\\/papier-toaletowy-bezzapachowy-queen-komfort-zgrzewka-20-szt\\\/#breadcrumb\"},\"inLanguage\":\"pl-PL\",\"potentialAction\":[{\"@type\":\"ReadAction\",\"target\":[\"https:\\\/\\\/racom.com.pl\\\/index.php\\\/produkt\\\/papier-toaletowy-bezzapachowy-queen-komfort-zgrzewka-20-szt\\\/\"]}]},{\"@type\":\"ImageObject\",\"inLanguage\":\"pl-PL\",\"@id\":\"https:\\\/\\\/racom.com.pl\\\/index.php\\\/produkt\\\/papier-toaletowy-bezzapachowy-queen-komfort-zgrzewka-20-szt\\\/#primaryimage\",\"url\":\"https:\\\/\\\/racom.com.pl\\\/wp-content\\\/uploads\\\/2025\\\/07\\\/allegro_687c1ab3381321.26156729_9df06f33427faf5f5d3223d5fcdd.jpg\",\"contentUrl\":\"https:\\\/\\\/racom.com.pl\\\/wp-content\\\/uploads\\\/2025\\\/07\\\/allegro_687c1ab3381321.26156729_9df06f33427faf5f5d3223d5fcdd.jpg\",\"width\":800,\"height\":800},{\"@type\":\"BreadcrumbList\",\"@id\":\"https:\\\/\\\/racom.com.pl\\\/index.php\\\/produkt\\\/papier-toaletowy-bezzapachowy-queen-komfort-zgrzewka-20-szt\\\/#breadcrumb\",\"itemListElement\":[{\"@type\":\"ListItem\",\"position\":1,\"name\":\"Strona g\u0142\u00f3wna\",\"item\":\"https:\\\/\\\/racom.com.pl\\\/\"},{\"@type\":\"ListItem\",\"position\":2,\"name\":\"Sklep\",\"item\":\"https:\\\/\\\/racom.com.pl\\\/\"},{\"@type\":\"ListItem\",\"position\":3,\"name\":\"Papier toaletowy bezzapachowy Queen Komfort zgrzewka 20 szt\"}]},{\"@type\":\"WebSite\",\"@id\":\"https:\\\/\\\/racom.com.pl\\\/#website\",\"url\":\"https:\\\/\\\/racom.com.pl\\\/\",\"name\":\"Mix Market - Supermarket z wszystkim co potrzeba do domu i nie tylko\",\"description\":\"\",\"publisher\":{\"@id\":\"https:\\\/\\\/racom.com.pl\\\/#organization\"},\"potentialAction\":[{\"@type\":\"SearchAction\",\"target\":{\"@type\":\"EntryPoint\",\"urlTemplate\":\"https:\\\/\\\/racom.com.pl\\\/?s={search_term_string}\"},\"query-input\":{\"@type\":\"PropertyValueSpecification\",\"valueRequired\":true,\"valueName\":\"search_term_string\"}}],\"inLanguage\":\"pl-PL\"},{\"@type\":\"Organization\",\"@id\":\"https:\\\/\\\/racom.com.pl\\\/#organization\",\"name\":\"Mix Market - Supermarket z wszystkim co potrzeba do domu i nie tylko\",\"url\":\"https:\\\/\\\/racom.com.pl\\\/\",\"logo\":{\"@type\":\"ImageObject\",\"inLanguage\":\"pl-PL\",\"@id\":\"https:\\\/\\\/racom.com.pl\\\/#\\\/schema\\\/logo\\\/image\\\/\",\"url\":\"https:\\\/\\\/racom.com.pl\\\/wp-content\\\/uploads\\\/2025\\\/07\\\/mixmarket_logo.png\",\"contentUrl\":\"https:\\\/\\\/racom.com.pl\\\/wp-content\\\/uploads\\\/2025\\\/07\\\/mixmarket_logo.png\",\"width\":1024,\"height\":1024,\"caption\":\"Mix Market - Supermarket z wszystkim co potrzeba do domu i nie tylko\"},\"image\":{\"@id\":\"https:\\\/\\\/racom.com.pl\\\/#\\\/schema\\\/logo\\\/image\\\/\"}}]}<\/script>\n<!-- \/ Yoast SEO plugin. -->","yoast_head_json":{"title":"Papier toaletowy bezzapachowy Queen Komfort zgrzewka 20 szt - Mix Market - Supermarket z wszystkim co potrzeba","robots":{"index":"index","follow":"follow","max-snippet":"max-snippet:-1","max-image-preview":"max-image-preview:large","max-video-preview":"max-video-preview:-1"},"canonical":"https:\/\/racom.com.pl\/index.php\/produkt\/papier-toaletowy-bezzapachowy-queen-komfort-zgrzewka-20-szt\/","og_locale":"pl_PL","og_type":"article","og_title":"Papier toaletowy bezzapachowy Queen Komfort zgrzewka 20 szt - Mix Market - Supermarket z wszystkim co potrzeba","og_description":"Papier toaletowy bezzapachowy Queen Komfort 20 szt Papier toaletowy Komfort&nbsp;to doskona\u0142y wyb\u00f3r dla wszystkich, kt\u00f3rzy ceni\u0105 sobie wygod\u0119 i komfort. Papier toaletowy jest mi\u0119kki i delikatny dla sk\u00f3ry, co zapewnia komfortowe i przyjemne doznania podczas korzystania z toalety. Jego wysoka jako\u015b\u0107 i trwa\u0142o\u015b\u0107 pozwala na d\u0142u\u017csze u\u017cytkowanie, co przek\u0142ada si\u0119 na oszcz\u0119dno\u015b\u0107 czasu i pieni\u0119dzy. [&hellip;]","og_url":"https:\/\/racom.com.pl\/index.php\/produkt\/papier-toaletowy-bezzapachowy-queen-komfort-zgrzewka-20-szt\/","og_site_name":"Mix Market - Supermarket z wszystkim co potrzeba","og_image":[{"width":800,"height":800,"url":"https:\/\/racom.com.pl\/wp-content\/uploads\/2025\/07\/allegro_687c1ab3381321.26156729_9df06f33427faf5f5d3223d5fcdd.jpg","type":"image\/jpeg"}],"twitter_card":"summary_large_image","twitter_misc":{"Szacowany czas czytania":"1 minuta"},"schema":{"@context":"https:\/\/schema.org","@graph":[{"@type":"WebPage","@id":"https:\/\/racom.com.pl\/index.php\/produkt\/papier-toaletowy-bezzapachowy-queen-komfort-zgrzewka-20-szt\/","url":"https:\/\/racom.com.pl\/index.php\/produkt\/papier-toaletowy-bezzapachowy-queen-komfort-zgrzewka-20-szt\/","name":"Papier toaletowy bezzapachowy Queen Komfort zgrzewka 20 szt - Mix Market - Supermarket z wszystkim co potrzeba","isPartOf":{"@id":"https:\/\/racom.com.pl\/#website"},"primaryImageOfPage":{"@id":"https:\/\/racom.com.pl\/index.php\/produkt\/papier-toaletowy-bezzapachowy-queen-komfort-zgrzewka-20-szt\/#primaryimage"},"image":{"@id":"https:\/\/racom.com.pl\/index.php\/produkt\/papier-toaletowy-bezzapachowy-queen-komfort-zgrzewka-20-szt\/#primaryimage"},"thumbnailUrl":"https:\/\/racom.com.pl\/wp-content\/uploads\/2025\/07\/allegro_687c1ab3381321.26156729_9df06f33427faf5f5d3223d5fcdd.jpg","datePublished":"2025-07-19T22:22:24+00:00","breadcrumb":{"@id":"https:\/\/racom.com.pl\/index.php\/produkt\/papier-toaletowy-bezzapachowy-queen-komfort-zgrzewka-20-szt\/#breadcrumb"},"inLanguage":"pl-PL","potentialAction":[{"@type":"ReadAction","target":["https:\/\/racom.com.pl\/index.php\/produkt\/papier-toaletowy-bezzapachowy-queen-komfort-zgrzewka-20-szt\/"]}]},{"@type":"ImageObject","inLanguage":"pl-PL","@id":"https:\/\/racom.com.pl\/index.php\/produkt\/papier-toaletowy-bezzapachowy-queen-komfort-zgrzewka-20-szt\/#primaryimage","url":"https:\/\/racom.com.pl\/wp-content\/uploads\/2025\/07\/allegro_687c1ab3381321.26156729_9df06f33427faf5f5d3223d5fcdd.jpg","contentUrl":"https:\/\/racom.com.pl\/wp-content\/uploads\/2025\/07\/allegro_687c1ab3381321.26156729_9df06f33427faf5f5d3223d5fcdd.jpg","width":800,"height":800},{"@type":"BreadcrumbList","@id":"https:\/\/racom.com.pl\/index.php\/produkt\/papier-toaletowy-bezzapachowy-queen-komfort-zgrzewka-20-szt\/#breadcrumb","itemListElement":[{"@type":"ListItem","position":1,"name":"Strona g\u0142\u00f3wna","item":"https:\/\/racom.com.pl\/"},{"@type":"ListItem","position":2,"name":"Sklep","item":"https:\/\/racom.com.pl\/"},{"@type":"ListItem","position":3,"name":"Papier toaletowy bezzapachowy Queen Komfort zgrzewka 20 szt"}]},{"@type":"WebSite","@id":"https:\/\/racom.com.pl\/#website","url":"https:\/\/racom.com.pl\/","name":"Mix Market - Supermarket z wszystkim co potrzeba do domu i nie tylko","description":"","publisher":{"@id":"https:\/\/racom.com.pl\/#organization"},"potentialAction":[{"@type":"SearchAction","target":{"@type":"EntryPoint","urlTemplate":"https:\/\/racom.com.pl\/?s={search_term_string}"},"query-input":{"@type":"PropertyValueSpecification","valueRequired":true,"valueName":"search_term_string"}}],"inLanguage":"pl-PL"},{"@type":"Organization","@id":"https:\/\/racom.com.pl\/#organization","name":"Mix Market - Supermarket z wszystkim co potrzeba do domu i nie tylko","url":"https:\/\/racom.com.pl\/","logo":{"@type":"ImageObject","inLanguage":"pl-PL","@id":"https:\/\/racom.com.pl\/#\/schema\/logo\/image\/","url":"https:\/\/racom.com.pl\/wp-content\/uploads\/2025\/07\/mixmarket_logo.png","contentUrl":"https:\/\/racom.com.pl\/wp-content\/uploads\/2025\/07\/mixmarket_logo.png","width":1024,"height":1024,"caption":"Mix Market - Supermarket z wszystkim co potrzeba do domu i nie tylko"},"image":{"@id":"https:\/\/racom.com.pl\/#\/schema\/logo\/image\/"}}]}},"_links":{"self":[{"href":"https:\/\/racom.com.pl\/index.php\/wp-json\/wp\/v2\/product\/3553","targetHints":{"allow":["GET"]}}],"collection":[{"href":"https:\/\/racom.com.pl\/index.php\/wp-json\/wp\/v2\/product"}],"about":[{"href":"https:\/\/racom.com.pl\/index.php\/wp-json\/wp\/v2\/types\/product"}],"replies":[{"embeddable":true,"href":"https:\/\/racom.com.pl\/index.php\/wp-json\/wp\/v2\/comments?post=3553"}],"wp:featuredmedia":[{"embeddable":true,"href":"https:\/\/racom.com.pl\/index.php\/wp-json\/wp\/v2\/media\/3555"}],"wp:attachment":[{"href":"https:\/\/racom.com.pl\/index.php\/wp-json\/wp\/v2\/media?parent=3553"}],"wp:term":[{"taxonomy":"product_brand","embeddable":true,"href":"https:\/\/racom.com.pl\/index.php\/wp-json\/wp\/v2\/product_brand?post=3553"},{"taxonomy":"product_cat","embeddable":true,"href":"https:\/\/racom.com.pl\/index.php\/wp-json\/wp\/v2\/product_cat?post=3553"},{"taxonomy":"product_tag","embeddable":true,"href":"https:\/\/racom.com.pl\/index.php\/wp-json\/wp\/v2\/product_tag?post=3553"}],"curies":[{"name":"wp","href":"https:\/\/api.w.org\/{rel}","templated":true}]}}