{"id":3556,"date":"2025-07-20T00:22:49","date_gmt":"2025-07-19T22:22:49","guid":{"rendered":"http:\/\/192.168.2.106\/index.php\/produkt\/wiertla-samocentrujace-centrujace-4szt-komplet\/"},"modified":"2025-07-20T00:22:49","modified_gmt":"2025-07-19T22:22:49","slug":"wiertla-samocentrujace-centrujace-4szt-komplet","status":"publish","type":"product","link":"https:\/\/racom.com.pl\/index.php\/produkt\/wiertla-samocentrujace-centrujace-4szt-komplet\/","title":{"rendered":"WIERT\u0141A SAMOCENTRUJ\u0104CE CENTRUJ\u0104CE 4szt KOMPLET"},"content":{"rendered":"<h2>ZESTAW WIERTE\u0141 SAMOCENTRUJ\u0104CYCH 4SZT 2.0-4,5MM<\/h2>\n<p>Zestaw 4 wierte\u0142 centruj\u0105cych znajdujdzie zastosowanie jako narz\u0119dzie do wykonywania otwor\u00f3w dla zawias\u00f3w, prowadnic szuflad, oku\u0107 meblowych. Wiert\u0142o centruj\u0105ce mo\u017cna stosowa\u0107 do r\u00f3\u017cnych rodzaj\u00f3w materia\u0142\u00f3w takich jak drewno, tworzywa sztuczne, metale (mi\u0119kkie), p\u0142yty wi\u00f3rowe i MDF.<\/p>\n<p>Kod produktu: A433<\/p>\n<p>Zestaw zawiera:<\/p>\n<p>1x 5\/64 &#8222;: \u015arednica wiert\u0142a 2 mm, dla wkr\u0119t\u00f3w 2,2-2,8mm<\/p>\n<p>1x 7\/64 &#8222;: \u015arednica wiert\u0142a 2,8 mm, dla wkr\u0119t\u00f3w 3-3.5mm<\/p>\n<p>1x 9\/64 &#8222;: \u015arednica wiert\u0142a 3,5 mm, dla wkr\u0119t\u00f3w 4-4.5mm<\/p>\n<p>1x 11\/64 &#8222;: \u015arednica wiert\u0142a 4,5 mm, dla wkr\u0119t\u00f3w 5-5.5mm<\/p>\n","protected":false},"excerpt":{"rendered":"<p>ZESTAW WIERTE\u0141 SAMOCENTRUJ\u0104CYCH 4SZT 2.0-4,5MM Zestaw 4 wierte\u0142 centruj\u0105cych znajdujdzie zastosowanie jako narz\u0119dzie do wykonywania otwor\u00f3w dla zawias\u00f3w, prowadnic szuflad, oku\u0107 meblowych. Wiert\u0142o centruj\u0105ce mo\u017cna stosowa\u0107 do r\u00f3\u017cnych rodzaj\u00f3w materia\u0142\u00f3w takich jak drewno, tworzywa sztuczne, metale (mi\u0119kkie), p\u0142yty wi\u00f3rowe i MDF. Kod produktu: A433 Zestaw zawiera: 1x 5\/64 &#8222;: \u015arednica wiert\u0142a 2 mm, dla wkr\u0119t\u00f3w [&hellip;]<\/p>\n","protected":false},"featured_media":3559,"comment_status":"open","ping_status":"closed","template":"","meta":[],"product_brand":[108],"product_cat":[221],"product_tag":[],"class_list":{"0":"post-3556","1":"product","2":"type-product","3":"status-publish","4":"has-post-thumbnail","6":"product_brand-108","7":"product_cat-osprzet-do-elektronarzedzi","9":"first","10":"instock","11":"taxable","12":"shipping-taxable","13":"purchasable","14":"product-type-simple"},"yoast_head":"<!-- This site is optimized with the Yoast SEO plugin v27.3 - https:\/\/yoast.com\/product\/yoast-seo-wordpress\/ -->\n<title>WIERT\u0141A SAMOCENTRUJ\u0104CE CENTRUJ\u0104CE 4szt KOMPLET - Mix Market - Supermarket z wszystkim co potrzeba<\/title>\n<meta name=\"robots\" content=\"index, follow, max-snippet:-1, max-image-preview:large, max-video-preview:-1\" \/>\n<link rel=\"canonical\" href=\"https:\/\/racom.com.pl\/index.php\/produkt\/wiertla-samocentrujace-centrujace-4szt-komplet\/\" \/>\n<meta property=\"og:locale\" content=\"pl_PL\" \/>\n<meta property=\"og:type\" content=\"article\" \/>\n<meta property=\"og:title\" content=\"WIERT\u0141A SAMOCENTRUJ\u0104CE CENTRUJ\u0104CE 4szt KOMPLET - Mix Market - Supermarket z wszystkim co potrzeba\" \/>\n<meta property=\"og:description\" content=\"ZESTAW WIERTE\u0141 SAMOCENTRUJ\u0104CYCH 4SZT 2.0-4,5MM Zestaw 4 wierte\u0142 centruj\u0105cych znajdujdzie zastosowanie jako narz\u0119dzie do wykonywania otwor\u00f3w dla zawias\u00f3w, prowadnic szuflad, oku\u0107 meblowych. Wiert\u0142o centruj\u0105ce mo\u017cna stosowa\u0107 do r\u00f3\u017cnych rodzaj\u00f3w materia\u0142\u00f3w takich jak drewno, tworzywa sztuczne, metale (mi\u0119kkie), p\u0142yty wi\u00f3rowe i MDF. Kod produktu: A433 Zestaw zawiera: 1x 5\/64 &#8222;: \u015arednica wiert\u0142a 2 mm, dla wkr\u0119t\u00f3w [&hellip;]\" \/>\n<meta property=\"og:url\" content=\"https:\/\/racom.com.pl\/index.php\/produkt\/wiertla-samocentrujace-centrujace-4szt-komplet\/\" \/>\n<meta property=\"og:site_name\" content=\"Mix Market - Supermarket z wszystkim co potrzeba\" \/>\n<meta property=\"og:image\" content=\"https:\/\/racom.com.pl\/wp-content\/uploads\/2025\/07\/allegro_687c1ac698ebc5.75772208_c8b8792e46fcb6d7eed30170d7ff.jpg\" \/>\n\t<meta property=\"og:image:width\" content=\"204\" \/>\n\t<meta property=\"og:image:height\" content=\"1024\" \/>\n\t<meta property=\"og:image:type\" content=\"image\/jpeg\" \/>\n<meta name=\"twitter:card\" content=\"summary_large_image\" \/>\n<meta name=\"twitter:label1\" content=\"Szacowany czas czytania\" \/>\n\t<meta name=\"twitter:data1\" content=\"1 minuta\" \/>\n<script type=\"application\/ld+json\" class=\"yoast-schema-graph\">{\"@context\":\"https:\\\/\\\/schema.org\",\"@graph\":[{\"@type\":\"WebPage\",\"@id\":\"https:\\\/\\\/racom.com.pl\\\/index.php\\\/produkt\\\/wiertla-samocentrujace-centrujace-4szt-komplet\\\/\",\"url\":\"https:\\\/\\\/racom.com.pl\\\/index.php\\\/produkt\\\/wiertla-samocentrujace-centrujace-4szt-komplet\\\/\",\"name\":\"WIERT\u0141A SAMOCENTRUJ\u0104CE CENTRUJ\u0104CE 4szt KOMPLET - Mix Market - Supermarket z wszystkim co potrzeba\",\"isPartOf\":{\"@id\":\"https:\\\/\\\/racom.com.pl\\\/#website\"},\"primaryImageOfPage\":{\"@id\":\"https:\\\/\\\/racom.com.pl\\\/index.php\\\/produkt\\\/wiertla-samocentrujace-centrujace-4szt-komplet\\\/#primaryimage\"},\"image\":{\"@id\":\"https:\\\/\\\/racom.com.pl\\\/index.php\\\/produkt\\\/wiertla-samocentrujace-centrujace-4szt-komplet\\\/#primaryimage\"},\"thumbnailUrl\":\"https:\\\/\\\/racom.com.pl\\\/wp-content\\\/uploads\\\/2025\\\/07\\\/allegro_687c1ac698ebc5.75772208_c8b8792e46fcb6d7eed30170d7ff.jpg\",\"datePublished\":\"2025-07-19T22:22:49+00:00\",\"breadcrumb\":{\"@id\":\"https:\\\/\\\/racom.com.pl\\\/index.php\\\/produkt\\\/wiertla-samocentrujace-centrujace-4szt-komplet\\\/#breadcrumb\"},\"inLanguage\":\"pl-PL\",\"potentialAction\":[{\"@type\":\"ReadAction\",\"target\":[\"https:\\\/\\\/racom.com.pl\\\/index.php\\\/produkt\\\/wiertla-samocentrujace-centrujace-4szt-komplet\\\/\"]}]},{\"@type\":\"ImageObject\",\"inLanguage\":\"pl-PL\",\"@id\":\"https:\\\/\\\/racom.com.pl\\\/index.php\\\/produkt\\\/wiertla-samocentrujace-centrujace-4szt-komplet\\\/#primaryimage\",\"url\":\"https:\\\/\\\/racom.com.pl\\\/wp-content\\\/uploads\\\/2025\\\/07\\\/allegro_687c1ac698ebc5.75772208_c8b8792e46fcb6d7eed30170d7ff.jpg\",\"contentUrl\":\"https:\\\/\\\/racom.com.pl\\\/wp-content\\\/uploads\\\/2025\\\/07\\\/allegro_687c1ac698ebc5.75772208_c8b8792e46fcb6d7eed30170d7ff.jpg\",\"width\":204,\"height\":1024},{\"@type\":\"BreadcrumbList\",\"@id\":\"https:\\\/\\\/racom.com.pl\\\/index.php\\\/produkt\\\/wiertla-samocentrujace-centrujace-4szt-komplet\\\/#breadcrumb\",\"itemListElement\":[{\"@type\":\"ListItem\",\"position\":1,\"name\":\"Strona g\u0142\u00f3wna\",\"item\":\"https:\\\/\\\/racom.com.pl\\\/\"},{\"@type\":\"ListItem\",\"position\":2,\"name\":\"Sklep\",\"item\":\"https:\\\/\\\/racom.com.pl\\\/\"},{\"@type\":\"ListItem\",\"position\":3,\"name\":\"WIERT\u0141A SAMOCENTRUJ\u0104CE CENTRUJ\u0104CE 4szt KOMPLET\"}]},{\"@type\":\"WebSite\",\"@id\":\"https:\\\/\\\/racom.com.pl\\\/#website\",\"url\":\"https:\\\/\\\/racom.com.pl\\\/\",\"name\":\"Mix Market - Supermarket z wszystkim co potrzeba do domu i nie tylko\",\"description\":\"\",\"publisher\":{\"@id\":\"https:\\\/\\\/racom.com.pl\\\/#organization\"},\"potentialAction\":[{\"@type\":\"SearchAction\",\"target\":{\"@type\":\"EntryPoint\",\"urlTemplate\":\"https:\\\/\\\/racom.com.pl\\\/?s={search_term_string}\"},\"query-input\":{\"@type\":\"PropertyValueSpecification\",\"valueRequired\":true,\"valueName\":\"search_term_string\"}}],\"inLanguage\":\"pl-PL\"},{\"@type\":\"Organization\",\"@id\":\"https:\\\/\\\/racom.com.pl\\\/#organization\",\"name\":\"Mix Market - Supermarket z wszystkim co potrzeba do domu i nie tylko\",\"url\":\"https:\\\/\\\/racom.com.pl\\\/\",\"logo\":{\"@type\":\"ImageObject\",\"inLanguage\":\"pl-PL\",\"@id\":\"https:\\\/\\\/racom.com.pl\\\/#\\\/schema\\\/logo\\\/image\\\/\",\"url\":\"https:\\\/\\\/racom.com.pl\\\/wp-content\\\/uploads\\\/2025\\\/07\\\/mixmarket_logo.png\",\"contentUrl\":\"https:\\\/\\\/racom.com.pl\\\/wp-content\\\/uploads\\\/2025\\\/07\\\/mixmarket_logo.png\",\"width\":1024,\"height\":1024,\"caption\":\"Mix Market - Supermarket z wszystkim co potrzeba do domu i nie tylko\"},\"image\":{\"@id\":\"https:\\\/\\\/racom.com.pl\\\/#\\\/schema\\\/logo\\\/image\\\/\"}}]}<\/script>\n<!-- \/ Yoast SEO plugin. -->","yoast_head_json":{"title":"WIERT\u0141A SAMOCENTRUJ\u0104CE CENTRUJ\u0104CE 4szt KOMPLET - Mix Market - Supermarket z wszystkim co potrzeba","robots":{"index":"index","follow":"follow","max-snippet":"max-snippet:-1","max-image-preview":"max-image-preview:large","max-video-preview":"max-video-preview:-1"},"canonical":"https:\/\/racom.com.pl\/index.php\/produkt\/wiertla-samocentrujace-centrujace-4szt-komplet\/","og_locale":"pl_PL","og_type":"article","og_title":"WIERT\u0141A SAMOCENTRUJ\u0104CE CENTRUJ\u0104CE 4szt KOMPLET - Mix Market - Supermarket z wszystkim co potrzeba","og_description":"ZESTAW WIERTE\u0141 SAMOCENTRUJ\u0104CYCH 4SZT 2.0-4,5MM Zestaw 4 wierte\u0142 centruj\u0105cych znajdujdzie zastosowanie jako narz\u0119dzie do wykonywania otwor\u00f3w dla zawias\u00f3w, prowadnic szuflad, oku\u0107 meblowych. Wiert\u0142o centruj\u0105ce mo\u017cna stosowa\u0107 do r\u00f3\u017cnych rodzaj\u00f3w materia\u0142\u00f3w takich jak drewno, tworzywa sztuczne, metale (mi\u0119kkie), p\u0142yty wi\u00f3rowe i MDF. Kod produktu: A433 Zestaw zawiera: 1x 5\/64 &#8222;: \u015arednica wiert\u0142a 2 mm, dla wkr\u0119t\u00f3w [&hellip;]","og_url":"https:\/\/racom.com.pl\/index.php\/produkt\/wiertla-samocentrujace-centrujace-4szt-komplet\/","og_site_name":"Mix Market - Supermarket z wszystkim co potrzeba","og_image":[{"width":204,"height":1024,"url":"https:\/\/racom.com.pl\/wp-content\/uploads\/2025\/07\/allegro_687c1ac698ebc5.75772208_c8b8792e46fcb6d7eed30170d7ff.jpg","type":"image\/jpeg"}],"twitter_card":"summary_large_image","twitter_misc":{"Szacowany czas czytania":"1 minuta"},"schema":{"@context":"https:\/\/schema.org","@graph":[{"@type":"WebPage","@id":"https:\/\/racom.com.pl\/index.php\/produkt\/wiertla-samocentrujace-centrujace-4szt-komplet\/","url":"https:\/\/racom.com.pl\/index.php\/produkt\/wiertla-samocentrujace-centrujace-4szt-komplet\/","name":"WIERT\u0141A SAMOCENTRUJ\u0104CE CENTRUJ\u0104CE 4szt KOMPLET - Mix Market - Supermarket z wszystkim co potrzeba","isPartOf":{"@id":"https:\/\/racom.com.pl\/#website"},"primaryImageOfPage":{"@id":"https:\/\/racom.com.pl\/index.php\/produkt\/wiertla-samocentrujace-centrujace-4szt-komplet\/#primaryimage"},"image":{"@id":"https:\/\/racom.com.pl\/index.php\/produkt\/wiertla-samocentrujace-centrujace-4szt-komplet\/#primaryimage"},"thumbnailUrl":"https:\/\/racom.com.pl\/wp-content\/uploads\/2025\/07\/allegro_687c1ac698ebc5.75772208_c8b8792e46fcb6d7eed30170d7ff.jpg","datePublished":"2025-07-19T22:22:49+00:00","breadcrumb":{"@id":"https:\/\/racom.com.pl\/index.php\/produkt\/wiertla-samocentrujace-centrujace-4szt-komplet\/#breadcrumb"},"inLanguage":"pl-PL","potentialAction":[{"@type":"ReadAction","target":["https:\/\/racom.com.pl\/index.php\/produkt\/wiertla-samocentrujace-centrujace-4szt-komplet\/"]}]},{"@type":"ImageObject","inLanguage":"pl-PL","@id":"https:\/\/racom.com.pl\/index.php\/produkt\/wiertla-samocentrujace-centrujace-4szt-komplet\/#primaryimage","url":"https:\/\/racom.com.pl\/wp-content\/uploads\/2025\/07\/allegro_687c1ac698ebc5.75772208_c8b8792e46fcb6d7eed30170d7ff.jpg","contentUrl":"https:\/\/racom.com.pl\/wp-content\/uploads\/2025\/07\/allegro_687c1ac698ebc5.75772208_c8b8792e46fcb6d7eed30170d7ff.jpg","width":204,"height":1024},{"@type":"BreadcrumbList","@id":"https:\/\/racom.com.pl\/index.php\/produkt\/wiertla-samocentrujace-centrujace-4szt-komplet\/#breadcrumb","itemListElement":[{"@type":"ListItem","position":1,"name":"Strona g\u0142\u00f3wna","item":"https:\/\/racom.com.pl\/"},{"@type":"ListItem","position":2,"name":"Sklep","item":"https:\/\/racom.com.pl\/"},{"@type":"ListItem","position":3,"name":"WIERT\u0141A SAMOCENTRUJ\u0104CE CENTRUJ\u0104CE 4szt KOMPLET"}]},{"@type":"WebSite","@id":"https:\/\/racom.com.pl\/#website","url":"https:\/\/racom.com.pl\/","name":"Mix Market - Supermarket z wszystkim co potrzeba do domu i nie tylko","description":"","publisher":{"@id":"https:\/\/racom.com.pl\/#organization"},"potentialAction":[{"@type":"SearchAction","target":{"@type":"EntryPoint","urlTemplate":"https:\/\/racom.com.pl\/?s={search_term_string}"},"query-input":{"@type":"PropertyValueSpecification","valueRequired":true,"valueName":"search_term_string"}}],"inLanguage":"pl-PL"},{"@type":"Organization","@id":"https:\/\/racom.com.pl\/#organization","name":"Mix Market - Supermarket z wszystkim co potrzeba do domu i nie tylko","url":"https:\/\/racom.com.pl\/","logo":{"@type":"ImageObject","inLanguage":"pl-PL","@id":"https:\/\/racom.com.pl\/#\/schema\/logo\/image\/","url":"https:\/\/racom.com.pl\/wp-content\/uploads\/2025\/07\/mixmarket_logo.png","contentUrl":"https:\/\/racom.com.pl\/wp-content\/uploads\/2025\/07\/mixmarket_logo.png","width":1024,"height":1024,"caption":"Mix Market - Supermarket z wszystkim co potrzeba do domu i nie tylko"},"image":{"@id":"https:\/\/racom.com.pl\/#\/schema\/logo\/image\/"}}]}},"_links":{"self":[{"href":"https:\/\/racom.com.pl\/index.php\/wp-json\/wp\/v2\/product\/3556","targetHints":{"allow":["GET"]}}],"collection":[{"href":"https:\/\/racom.com.pl\/index.php\/wp-json\/wp\/v2\/product"}],"about":[{"href":"https:\/\/racom.com.pl\/index.php\/wp-json\/wp\/v2\/types\/product"}],"replies":[{"embeddable":true,"href":"https:\/\/racom.com.pl\/index.php\/wp-json\/wp\/v2\/comments?post=3556"}],"wp:featuredmedia":[{"embeddable":true,"href":"https:\/\/racom.com.pl\/index.php\/wp-json\/wp\/v2\/media\/3559"}],"wp:attachment":[{"href":"https:\/\/racom.com.pl\/index.php\/wp-json\/wp\/v2\/media?parent=3556"}],"wp:term":[{"taxonomy":"product_brand","embeddable":true,"href":"https:\/\/racom.com.pl\/index.php\/wp-json\/wp\/v2\/product_brand?post=3556"},{"taxonomy":"product_cat","embeddable":true,"href":"https:\/\/racom.com.pl\/index.php\/wp-json\/wp\/v2\/product_cat?post=3556"},{"taxonomy":"product_tag","embeddable":true,"href":"https:\/\/racom.com.pl\/index.php\/wp-json\/wp\/v2\/product_tag?post=3556"}],"curies":[{"name":"wp","href":"https:\/\/api.w.org\/{rel}","templated":true}]}}