{"id":3560,"date":"2025-07-20T00:23:19","date_gmt":"2025-07-19T22:23:19","guid":{"rendered":"http:\/\/192.168.2.106\/index.php\/produkt\/proiron-pilka-do-cwiczen-fitness-yoga-75cm-pompka\/"},"modified":"2025-07-20T00:23:19","modified_gmt":"2025-07-19T22:23:19","slug":"proiron-pilka-do-cwiczen-fitness-yoga-75cm-pompka","status":"publish","type":"product","link":"https:\/\/racom.com.pl\/index.php\/produkt\/proiron-pilka-do-cwiczen-fitness-yoga-75cm-pompka\/","title":{"rendered":"PROIRON PI\u0141KA DO \u0106WICZE\u0143 FITNESS YOGA 75CM +POMPKA"},"content":{"rendered":"<h2>PI\u0141KA DO \u0106WICZE\u0143 FITNESS JOGI PILATES PROIRON PRO-YJ01-1 75cm + POMPKA<\/h2>\n<p><b>Firma PROIRON powsta\u0142a w 1997 roku &#8211; to producent sprz\u0119tu gimnastycznego dla wymagaj\u0105cego u\u017cytkownika.<\/b><\/p>\n<p><b>W swojej ofercie maj\u0105 takie produkty jak obci\u0105\u017cenia \u017celiwne, hantle, maty do \u0107wicze\u0144, gumy fitness, skakanki itp.<\/b><\/p>\n<p><b>Sprz\u0119t, kt\u00f3ry produkuj\u0105 jest wysokiej jako\u015bci i spe\u0142nia rygorystyczne normy. Firma dzia\u0142a w 50 krajach na \u015bwiecie.<\/b><\/p>\n<p>Produkt: Pi\u0142ka PVC do \u0107wicze\u0144 75cm + pompka gratis<\/p>\n<p>To uniwersalny i wszechstronny przyrz\u0105d treningowy, z kt\u00f3rego korzysta\u0107 mog\u0105 osoby w r\u00f3\u017cnym wieku i o r\u00f3\u017cnej sprawno\u015bci i kondycji ruchowej. Idealna dla os\u00f3b prowadz\u0105cych siedz\u0105cy tryb \u017cycia, dla \u0107wicz\u0105cych w domu i na si\u0142owni. Profesjonalne wykonanie i najwy\u017csza jako\u015b\u0107 materia\u0142u PVC sprawiaj\u0105, \u017ce pi\u0142ka z powodzeniem mo\u017ce by\u0107 wykorzystywana w spos\u00f3b komercyjny na si\u0142owniach i w klubach fitness. Za jej pomoc\u0105 mo\u017cna wykonywa\u0107 szereg r\u00f3\u017cnych \u0107wicze\u0144: wzmacniaj\u0105cych, rozlu\u017aniaj\u0105cych, rehabilitacyjnych, kondycyjnych. Mo\u017ce te\u017c zast\u0105pi\u0107 krzes\u0142o, pomagaj\u0105c w zachowaniu odpowiedniej postawy cia\u0142a.<\/p>\n<p>W zestawie z pi\u0142k\u0105 otrzymasz pompk\u0119, kt\u00f3ra pozwoli Ci szybko napompowa\u0107 Twoj\u0105 pi\u0142k\u0119 PROIRON i cieszy\u0107 si\u0119 ni\u0105 od razu po dokonaniu zakupu.<\/p>\n<h2>Zastosowanie pi\u0142ki PROIRON:<\/h2>\n<ul>\n<li>Korygowanie postawy \u2013 okr\u0105g\u0142y kszta\u0142t pi\u0142ki utrudnia utrzymanie r\u00f3wnowagi podczas \u0107wicze\u0144 i zmusza mi\u0119\u015bnie g\u0142\u0119bokie do wi\u0119kszego wysi\u0142ku, dzi\u0119ki czemu poprawia si\u0119 postawa cia\u0142a i zmniejsza ryzyko wyst\u0105pienia problem\u00f3w z kr\u0119gos\u0142upem<\/li>\n<li>Niwelowanie b\u00f3lu plec\u00f3w \u2013 \u0107wiczenia z pi\u0142k\u0105 s\u0105 polecane osobom, kt\u00f3re cierpi\u0105 na b\u00f3le kr\u0119gos\u0142upa<\/li>\n<li>Rehabilitacja \u2013 wielu fizjoterapeut\u00f3w korzysta z pi\u0142ki podczas \u0107wicze\u0144 z osobami powracaj\u0105cymi do zdrowia po urazach i d\u0142ugotrwa\u0142ym braku aktywno\u015bci fizycznej, \u0107wiczenia z ni\u0105 usprawniaj\u0105 rehabilitacj\u0119<\/li>\n<li>\u0106wiczenia fitness \u2013 pi\u0142k\u0119 mo\u017cna stosowa\u0107 na wiele r\u00f3\u017cnych sposob\u00f3w podczas \u0107wicze\u0144 ca\u0142ego cia\u0142a, a tak\u017ce jako dope\u0142nienie innych form treningu<\/li>\n<li>\u0106wiczenia rozci\u0105gaj\u0105ce \u2013 pi\u0142ka przyda si\u0119 te\u017c podczas wykonywania stretchingu po intensywnej aktywno\u015bci<\/li>\n<li>Zamiast krzes\u0142a \u2013 stosowanie pi\u0142ki zamiast krzes\u0142a pomaga zachowa\u0107 prawid\u0142ow\u0105 postaw\u0119 cia\u0142a i wzmocni\u0107 mi\u0119\u015bnie plec\u00f3w.<\/li>\n<\/ul>\n","protected":false},"excerpt":{"rendered":"<p>PI\u0141KA DO \u0106WICZE\u0143 FITNESS JOGI PILATES PROIRON PRO-YJ01-1 75cm + POMPKA Firma PROIRON powsta\u0142a w 1997 roku &#8211; to producent sprz\u0119tu gimnastycznego dla wymagaj\u0105cego u\u017cytkownika. W swojej ofercie maj\u0105 takie produkty jak obci\u0105\u017cenia \u017celiwne, hantle, maty do \u0107wicze\u0144, gumy fitness, skakanki itp. Sprz\u0119t, kt\u00f3ry produkuj\u0105 jest wysokiej jako\u015bci i spe\u0142nia rygorystyczne normy. Firma dzia\u0142a w [&hellip;]<\/p>\n","protected":false},"featured_media":3564,"comment_status":"open","ping_status":"closed","template":"","meta":[],"product_brand":[250],"product_cat":[249],"product_tag":[],"class_list":{"0":"post-3560","1":"product","2":"type-product","3":"status-publish","4":"has-post-thumbnail","6":"product_brand-proiron","7":"product_cat-trening-fitness","9":"first","10":"instock","11":"taxable","12":"shipping-taxable","13":"purchasable","14":"product-type-simple"},"yoast_head":"<!-- This site is optimized with the Yoast SEO plugin v27.3 - https:\/\/yoast.com\/product\/yoast-seo-wordpress\/ -->\n<title>PROIRON PI\u0141KA DO \u0106WICZE\u0143 FITNESS YOGA 75CM +POMPKA - Mix Market - Supermarket z wszystkim co potrzeba<\/title>\n<meta name=\"robots\" content=\"index, follow, max-snippet:-1, max-image-preview:large, max-video-preview:-1\" \/>\n<link rel=\"canonical\" href=\"https:\/\/racom.com.pl\/index.php\/produkt\/proiron-pilka-do-cwiczen-fitness-yoga-75cm-pompka\/\" \/>\n<meta property=\"og:locale\" content=\"pl_PL\" \/>\n<meta property=\"og:type\" content=\"article\" \/>\n<meta property=\"og:title\" content=\"PROIRON PI\u0141KA DO \u0106WICZE\u0143 FITNESS YOGA 75CM +POMPKA - Mix Market - Supermarket z wszystkim co potrzeba\" \/>\n<meta property=\"og:description\" content=\"PI\u0141KA DO \u0106WICZE\u0143 FITNESS JOGI PILATES PROIRON PRO-YJ01-1 75cm + POMPKA Firma PROIRON powsta\u0142a w 1997 roku &#8211; to producent sprz\u0119tu gimnastycznego dla wymagaj\u0105cego u\u017cytkownika. W swojej ofercie maj\u0105 takie produkty jak obci\u0105\u017cenia \u017celiwne, hantle, maty do \u0107wicze\u0144, gumy fitness, skakanki itp. Sprz\u0119t, kt\u00f3ry produkuj\u0105 jest wysokiej jako\u015bci i spe\u0142nia rygorystyczne normy. Firma dzia\u0142a w [&hellip;]\" \/>\n<meta property=\"og:url\" content=\"https:\/\/racom.com.pl\/index.php\/produkt\/proiron-pilka-do-cwiczen-fitness-yoga-75cm-pompka\/\" \/>\n<meta property=\"og:site_name\" content=\"Mix Market - Supermarket z wszystkim co potrzeba\" \/>\n<meta property=\"og:image\" content=\"https:\/\/racom.com.pl\/wp-content\/uploads\/2025\/07\/allegro_687c1aecc51056.73972004_2df3477d4c6d8fdbb8c5b5172d0f.jpg\" \/>\n\t<meta property=\"og:image:width\" content=\"452\" \/>\n\t<meta property=\"og:image:height\" content=\"452\" \/>\n\t<meta property=\"og:image:type\" content=\"image\/jpeg\" \/>\n<meta name=\"twitter:card\" content=\"summary_large_image\" \/>\n<meta name=\"twitter:label1\" content=\"Szacowany czas czytania\" \/>\n\t<meta name=\"twitter:data1\" content=\"2 minuty\" \/>\n<script type=\"application\/ld+json\" class=\"yoast-schema-graph\">{\"@context\":\"https:\\\/\\\/schema.org\",\"@graph\":[{\"@type\":\"WebPage\",\"@id\":\"https:\\\/\\\/racom.com.pl\\\/index.php\\\/produkt\\\/proiron-pilka-do-cwiczen-fitness-yoga-75cm-pompka\\\/\",\"url\":\"https:\\\/\\\/racom.com.pl\\\/index.php\\\/produkt\\\/proiron-pilka-do-cwiczen-fitness-yoga-75cm-pompka\\\/\",\"name\":\"PROIRON PI\u0141KA DO \u0106WICZE\u0143 FITNESS YOGA 75CM +POMPKA - Mix Market - Supermarket z wszystkim co potrzeba\",\"isPartOf\":{\"@id\":\"https:\\\/\\\/racom.com.pl\\\/#website\"},\"primaryImageOfPage\":{\"@id\":\"https:\\\/\\\/racom.com.pl\\\/index.php\\\/produkt\\\/proiron-pilka-do-cwiczen-fitness-yoga-75cm-pompka\\\/#primaryimage\"},\"image\":{\"@id\":\"https:\\\/\\\/racom.com.pl\\\/index.php\\\/produkt\\\/proiron-pilka-do-cwiczen-fitness-yoga-75cm-pompka\\\/#primaryimage\"},\"thumbnailUrl\":\"https:\\\/\\\/racom.com.pl\\\/wp-content\\\/uploads\\\/2025\\\/07\\\/allegro_687c1aecc51056.73972004_2df3477d4c6d8fdbb8c5b5172d0f.jpg\",\"datePublished\":\"2025-07-19T22:23:19+00:00\",\"breadcrumb\":{\"@id\":\"https:\\\/\\\/racom.com.pl\\\/index.php\\\/produkt\\\/proiron-pilka-do-cwiczen-fitness-yoga-75cm-pompka\\\/#breadcrumb\"},\"inLanguage\":\"pl-PL\",\"potentialAction\":[{\"@type\":\"ReadAction\",\"target\":[\"https:\\\/\\\/racom.com.pl\\\/index.php\\\/produkt\\\/proiron-pilka-do-cwiczen-fitness-yoga-75cm-pompka\\\/\"]}]},{\"@type\":\"ImageObject\",\"inLanguage\":\"pl-PL\",\"@id\":\"https:\\\/\\\/racom.com.pl\\\/index.php\\\/produkt\\\/proiron-pilka-do-cwiczen-fitness-yoga-75cm-pompka\\\/#primaryimage\",\"url\":\"https:\\\/\\\/racom.com.pl\\\/wp-content\\\/uploads\\\/2025\\\/07\\\/allegro_687c1aecc51056.73972004_2df3477d4c6d8fdbb8c5b5172d0f.jpg\",\"contentUrl\":\"https:\\\/\\\/racom.com.pl\\\/wp-content\\\/uploads\\\/2025\\\/07\\\/allegro_687c1aecc51056.73972004_2df3477d4c6d8fdbb8c5b5172d0f.jpg\",\"width\":452,\"height\":452},{\"@type\":\"BreadcrumbList\",\"@id\":\"https:\\\/\\\/racom.com.pl\\\/index.php\\\/produkt\\\/proiron-pilka-do-cwiczen-fitness-yoga-75cm-pompka\\\/#breadcrumb\",\"itemListElement\":[{\"@type\":\"ListItem\",\"position\":1,\"name\":\"Strona g\u0142\u00f3wna\",\"item\":\"https:\\\/\\\/racom.com.pl\\\/\"},{\"@type\":\"ListItem\",\"position\":2,\"name\":\"Sklep\",\"item\":\"https:\\\/\\\/racom.com.pl\\\/\"},{\"@type\":\"ListItem\",\"position\":3,\"name\":\"PROIRON PI\u0141KA DO \u0106WICZE\u0143 FITNESS YOGA 75CM +POMPKA\"}]},{\"@type\":\"WebSite\",\"@id\":\"https:\\\/\\\/racom.com.pl\\\/#website\",\"url\":\"https:\\\/\\\/racom.com.pl\\\/\",\"name\":\"Mix Market - Supermarket z wszystkim co potrzeba do domu i nie tylko\",\"description\":\"\",\"publisher\":{\"@id\":\"https:\\\/\\\/racom.com.pl\\\/#organization\"},\"potentialAction\":[{\"@type\":\"SearchAction\",\"target\":{\"@type\":\"EntryPoint\",\"urlTemplate\":\"https:\\\/\\\/racom.com.pl\\\/?s={search_term_string}\"},\"query-input\":{\"@type\":\"PropertyValueSpecification\",\"valueRequired\":true,\"valueName\":\"search_term_string\"}}],\"inLanguage\":\"pl-PL\"},{\"@type\":\"Organization\",\"@id\":\"https:\\\/\\\/racom.com.pl\\\/#organization\",\"name\":\"Mix Market - Supermarket z wszystkim co potrzeba do domu i nie tylko\",\"url\":\"https:\\\/\\\/racom.com.pl\\\/\",\"logo\":{\"@type\":\"ImageObject\",\"inLanguage\":\"pl-PL\",\"@id\":\"https:\\\/\\\/racom.com.pl\\\/#\\\/schema\\\/logo\\\/image\\\/\",\"url\":\"https:\\\/\\\/racom.com.pl\\\/wp-content\\\/uploads\\\/2025\\\/07\\\/mixmarket_logo.png\",\"contentUrl\":\"https:\\\/\\\/racom.com.pl\\\/wp-content\\\/uploads\\\/2025\\\/07\\\/mixmarket_logo.png\",\"width\":1024,\"height\":1024,\"caption\":\"Mix Market - Supermarket z wszystkim co potrzeba do domu i nie tylko\"},\"image\":{\"@id\":\"https:\\\/\\\/racom.com.pl\\\/#\\\/schema\\\/logo\\\/image\\\/\"}}]}<\/script>\n<!-- \/ Yoast SEO plugin. -->","yoast_head_json":{"title":"PROIRON PI\u0141KA DO \u0106WICZE\u0143 FITNESS YOGA 75CM +POMPKA - Mix Market - Supermarket z wszystkim co potrzeba","robots":{"index":"index","follow":"follow","max-snippet":"max-snippet:-1","max-image-preview":"max-image-preview:large","max-video-preview":"max-video-preview:-1"},"canonical":"https:\/\/racom.com.pl\/index.php\/produkt\/proiron-pilka-do-cwiczen-fitness-yoga-75cm-pompka\/","og_locale":"pl_PL","og_type":"article","og_title":"PROIRON PI\u0141KA DO \u0106WICZE\u0143 FITNESS YOGA 75CM +POMPKA - Mix Market - Supermarket z wszystkim co potrzeba","og_description":"PI\u0141KA DO \u0106WICZE\u0143 FITNESS JOGI PILATES PROIRON PRO-YJ01-1 75cm + POMPKA Firma PROIRON powsta\u0142a w 1997 roku &#8211; to producent sprz\u0119tu gimnastycznego dla wymagaj\u0105cego u\u017cytkownika. W swojej ofercie maj\u0105 takie produkty jak obci\u0105\u017cenia \u017celiwne, hantle, maty do \u0107wicze\u0144, gumy fitness, skakanki itp. Sprz\u0119t, kt\u00f3ry produkuj\u0105 jest wysokiej jako\u015bci i spe\u0142nia rygorystyczne normy. Firma dzia\u0142a w [&hellip;]","og_url":"https:\/\/racom.com.pl\/index.php\/produkt\/proiron-pilka-do-cwiczen-fitness-yoga-75cm-pompka\/","og_site_name":"Mix Market - Supermarket z wszystkim co potrzeba","og_image":[{"width":452,"height":452,"url":"https:\/\/racom.com.pl\/wp-content\/uploads\/2025\/07\/allegro_687c1aecc51056.73972004_2df3477d4c6d8fdbb8c5b5172d0f.jpg","type":"image\/jpeg"}],"twitter_card":"summary_large_image","twitter_misc":{"Szacowany czas czytania":"2 minuty"},"schema":{"@context":"https:\/\/schema.org","@graph":[{"@type":"WebPage","@id":"https:\/\/racom.com.pl\/index.php\/produkt\/proiron-pilka-do-cwiczen-fitness-yoga-75cm-pompka\/","url":"https:\/\/racom.com.pl\/index.php\/produkt\/proiron-pilka-do-cwiczen-fitness-yoga-75cm-pompka\/","name":"PROIRON PI\u0141KA DO \u0106WICZE\u0143 FITNESS YOGA 75CM +POMPKA - Mix Market - Supermarket z wszystkim co potrzeba","isPartOf":{"@id":"https:\/\/racom.com.pl\/#website"},"primaryImageOfPage":{"@id":"https:\/\/racom.com.pl\/index.php\/produkt\/proiron-pilka-do-cwiczen-fitness-yoga-75cm-pompka\/#primaryimage"},"image":{"@id":"https:\/\/racom.com.pl\/index.php\/produkt\/proiron-pilka-do-cwiczen-fitness-yoga-75cm-pompka\/#primaryimage"},"thumbnailUrl":"https:\/\/racom.com.pl\/wp-content\/uploads\/2025\/07\/allegro_687c1aecc51056.73972004_2df3477d4c6d8fdbb8c5b5172d0f.jpg","datePublished":"2025-07-19T22:23:19+00:00","breadcrumb":{"@id":"https:\/\/racom.com.pl\/index.php\/produkt\/proiron-pilka-do-cwiczen-fitness-yoga-75cm-pompka\/#breadcrumb"},"inLanguage":"pl-PL","potentialAction":[{"@type":"ReadAction","target":["https:\/\/racom.com.pl\/index.php\/produkt\/proiron-pilka-do-cwiczen-fitness-yoga-75cm-pompka\/"]}]},{"@type":"ImageObject","inLanguage":"pl-PL","@id":"https:\/\/racom.com.pl\/index.php\/produkt\/proiron-pilka-do-cwiczen-fitness-yoga-75cm-pompka\/#primaryimage","url":"https:\/\/racom.com.pl\/wp-content\/uploads\/2025\/07\/allegro_687c1aecc51056.73972004_2df3477d4c6d8fdbb8c5b5172d0f.jpg","contentUrl":"https:\/\/racom.com.pl\/wp-content\/uploads\/2025\/07\/allegro_687c1aecc51056.73972004_2df3477d4c6d8fdbb8c5b5172d0f.jpg","width":452,"height":452},{"@type":"BreadcrumbList","@id":"https:\/\/racom.com.pl\/index.php\/produkt\/proiron-pilka-do-cwiczen-fitness-yoga-75cm-pompka\/#breadcrumb","itemListElement":[{"@type":"ListItem","position":1,"name":"Strona g\u0142\u00f3wna","item":"https:\/\/racom.com.pl\/"},{"@type":"ListItem","position":2,"name":"Sklep","item":"https:\/\/racom.com.pl\/"},{"@type":"ListItem","position":3,"name":"PROIRON PI\u0141KA DO \u0106WICZE\u0143 FITNESS YOGA 75CM +POMPKA"}]},{"@type":"WebSite","@id":"https:\/\/racom.com.pl\/#website","url":"https:\/\/racom.com.pl\/","name":"Mix Market - Supermarket z wszystkim co potrzeba do domu i nie tylko","description":"","publisher":{"@id":"https:\/\/racom.com.pl\/#organization"},"potentialAction":[{"@type":"SearchAction","target":{"@type":"EntryPoint","urlTemplate":"https:\/\/racom.com.pl\/?s={search_term_string}"},"query-input":{"@type":"PropertyValueSpecification","valueRequired":true,"valueName":"search_term_string"}}],"inLanguage":"pl-PL"},{"@type":"Organization","@id":"https:\/\/racom.com.pl\/#organization","name":"Mix Market - Supermarket z wszystkim co potrzeba do domu i nie tylko","url":"https:\/\/racom.com.pl\/","logo":{"@type":"ImageObject","inLanguage":"pl-PL","@id":"https:\/\/racom.com.pl\/#\/schema\/logo\/image\/","url":"https:\/\/racom.com.pl\/wp-content\/uploads\/2025\/07\/mixmarket_logo.png","contentUrl":"https:\/\/racom.com.pl\/wp-content\/uploads\/2025\/07\/mixmarket_logo.png","width":1024,"height":1024,"caption":"Mix Market - Supermarket z wszystkim co potrzeba do domu i nie tylko"},"image":{"@id":"https:\/\/racom.com.pl\/#\/schema\/logo\/image\/"}}]}},"_links":{"self":[{"href":"https:\/\/racom.com.pl\/index.php\/wp-json\/wp\/v2\/product\/3560","targetHints":{"allow":["GET"]}}],"collection":[{"href":"https:\/\/racom.com.pl\/index.php\/wp-json\/wp\/v2\/product"}],"about":[{"href":"https:\/\/racom.com.pl\/index.php\/wp-json\/wp\/v2\/types\/product"}],"replies":[{"embeddable":true,"href":"https:\/\/racom.com.pl\/index.php\/wp-json\/wp\/v2\/comments?post=3560"}],"wp:featuredmedia":[{"embeddable":true,"href":"https:\/\/racom.com.pl\/index.php\/wp-json\/wp\/v2\/media\/3564"}],"wp:attachment":[{"href":"https:\/\/racom.com.pl\/index.php\/wp-json\/wp\/v2\/media?parent=3560"}],"wp:term":[{"taxonomy":"product_brand","embeddable":true,"href":"https:\/\/racom.com.pl\/index.php\/wp-json\/wp\/v2\/product_brand?post=3560"},{"taxonomy":"product_cat","embeddable":true,"href":"https:\/\/racom.com.pl\/index.php\/wp-json\/wp\/v2\/product_cat?post=3560"},{"taxonomy":"product_tag","embeddable":true,"href":"https:\/\/racom.com.pl\/index.php\/wp-json\/wp\/v2\/product_tag?post=3560"}],"curies":[{"name":"wp","href":"https:\/\/api.w.org\/{rel}","templated":true}]}}