{"id":3565,"date":"2025-07-20T00:23:51","date_gmt":"2025-07-19T22:23:51","guid":{"rendered":"http:\/\/192.168.2.106\/index.php\/produkt\/srubka-mocowania-tarczy-hamulcowej-do-xiaomi-m365\/"},"modified":"2025-07-20T00:23:51","modified_gmt":"2025-07-19T22:23:51","slug":"srubka-mocowania-tarczy-hamulcowej-do-xiaomi-m365","status":"publish","type":"product","link":"https:\/\/racom.com.pl\/index.php\/produkt\/srubka-mocowania-tarczy-hamulcowej-do-xiaomi-m365\/","title":{"rendered":"\u015aRUBKA MOCOWANIA TARCZY HAMULCOWEJ do XIAOMI M365"},"content":{"rendered":"<h2>\u015aRUBA TARCZY HAMULCOWEJ DO XIAOMI MIJIA M365<\/h2>\n<p>Nowa \u015brubka mocuj\u0105ca tarcz\u0119 hamulcow\u0105 do hulajnogi Xiaomi Mijia M365.<\/p>\n<p>W zestawie 1 \u015brubka, tarcza posiada ich 5<\/p>\n<p>Na gwincie \u015bruby preaplikowany jest preparat unieruchamiaj\u0105cy.<\/p>\n<p>Kolor: srebrny<\/p>\n<p>Kod produktu: B207<\/p>\n","protected":false},"excerpt":{"rendered":"<p>\u015aRUBA TARCZY HAMULCOWEJ DO XIAOMI MIJIA M365 Nowa \u015brubka mocuj\u0105ca tarcz\u0119 hamulcow\u0105 do hulajnogi Xiaomi Mijia M365. W zestawie 1 \u015brubka, tarcza posiada ich 5 Na gwincie \u015bruby preaplikowany jest preparat unieruchamiaj\u0105cy. Kolor: srebrny Kod produktu: B207<\/p>\n","protected":false},"featured_media":3567,"comment_status":"open","ping_status":"closed","template":"","meta":[],"product_brand":[252],"product_cat":[251],"product_tag":[],"class_list":{"0":"post-3565","1":"product","2":"type-product","3":"status-publish","4":"has-post-thumbnail","6":"product_brand-xiaomi","7":"product_cat-hulajnogi-elektryczne","9":"first","10":"instock","11":"taxable","12":"shipping-taxable","13":"purchasable","14":"product-type-simple"},"yoast_head":"<!-- This site is optimized with the Yoast SEO plugin v27.3 - https:\/\/yoast.com\/product\/yoast-seo-wordpress\/ -->\n<title>\u015aRUBKA MOCOWANIA TARCZY HAMULCOWEJ do XIAOMI M365 - Mix Market - Supermarket z wszystkim co potrzeba<\/title>\n<meta name=\"robots\" content=\"index, follow, max-snippet:-1, max-image-preview:large, max-video-preview:-1\" \/>\n<link rel=\"canonical\" href=\"https:\/\/racom.com.pl\/index.php\/produkt\/srubka-mocowania-tarczy-hamulcowej-do-xiaomi-m365\/\" \/>\n<meta property=\"og:locale\" content=\"pl_PL\" \/>\n<meta property=\"og:type\" content=\"article\" \/>\n<meta property=\"og:title\" content=\"\u015aRUBKA MOCOWANIA TARCZY HAMULCOWEJ do XIAOMI M365 - Mix Market - Supermarket z wszystkim co potrzeba\" \/>\n<meta property=\"og:description\" content=\"\u015aRUBA TARCZY HAMULCOWEJ DO XIAOMI MIJIA M365 Nowa \u015brubka mocuj\u0105ca tarcz\u0119 hamulcow\u0105 do hulajnogi Xiaomi Mijia M365. W zestawie 1 \u015brubka, tarcza posiada ich 5 Na gwincie \u015bruby preaplikowany jest preparat unieruchamiaj\u0105cy. Kolor: srebrny Kod produktu: B207\" \/>\n<meta property=\"og:url\" content=\"https:\/\/racom.com.pl\/index.php\/produkt\/srubka-mocowania-tarczy-hamulcowej-do-xiaomi-m365\/\" \/>\n<meta property=\"og:site_name\" content=\"Mix Market - Supermarket z wszystkim co potrzeba\" \/>\n<meta property=\"og:image\" content=\"https:\/\/racom.com.pl\/wp-content\/uploads\/2025\/07\/allegro_687c1afe38dcd8.81223015_78fb46f34fffb06ffef42c25eaba.jpg\" \/>\n\t<meta property=\"og:image:width\" content=\"251\" \/>\n\t<meta property=\"og:image:height\" content=\"152\" \/>\n\t<meta property=\"og:image:type\" content=\"image\/jpeg\" \/>\n<meta name=\"twitter:card\" content=\"summary_large_image\" \/>\n<script type=\"application\/ld+json\" class=\"yoast-schema-graph\">{\"@context\":\"https:\\\/\\\/schema.org\",\"@graph\":[{\"@type\":\"WebPage\",\"@id\":\"https:\\\/\\\/racom.com.pl\\\/index.php\\\/produkt\\\/srubka-mocowania-tarczy-hamulcowej-do-xiaomi-m365\\\/\",\"url\":\"https:\\\/\\\/racom.com.pl\\\/index.php\\\/produkt\\\/srubka-mocowania-tarczy-hamulcowej-do-xiaomi-m365\\\/\",\"name\":\"\u015aRUBKA MOCOWANIA TARCZY HAMULCOWEJ do XIAOMI M365 - Mix Market - Supermarket z wszystkim co potrzeba\",\"isPartOf\":{\"@id\":\"https:\\\/\\\/racom.com.pl\\\/#website\"},\"primaryImageOfPage\":{\"@id\":\"https:\\\/\\\/racom.com.pl\\\/index.php\\\/produkt\\\/srubka-mocowania-tarczy-hamulcowej-do-xiaomi-m365\\\/#primaryimage\"},\"image\":{\"@id\":\"https:\\\/\\\/racom.com.pl\\\/index.php\\\/produkt\\\/srubka-mocowania-tarczy-hamulcowej-do-xiaomi-m365\\\/#primaryimage\"},\"thumbnailUrl\":\"https:\\\/\\\/racom.com.pl\\\/wp-content\\\/uploads\\\/2025\\\/07\\\/allegro_687c1afe38dcd8.81223015_78fb46f34fffb06ffef42c25eaba.jpg\",\"datePublished\":\"2025-07-19T22:23:51+00:00\",\"breadcrumb\":{\"@id\":\"https:\\\/\\\/racom.com.pl\\\/index.php\\\/produkt\\\/srubka-mocowania-tarczy-hamulcowej-do-xiaomi-m365\\\/#breadcrumb\"},\"inLanguage\":\"pl-PL\",\"potentialAction\":[{\"@type\":\"ReadAction\",\"target\":[\"https:\\\/\\\/racom.com.pl\\\/index.php\\\/produkt\\\/srubka-mocowania-tarczy-hamulcowej-do-xiaomi-m365\\\/\"]}]},{\"@type\":\"ImageObject\",\"inLanguage\":\"pl-PL\",\"@id\":\"https:\\\/\\\/racom.com.pl\\\/index.php\\\/produkt\\\/srubka-mocowania-tarczy-hamulcowej-do-xiaomi-m365\\\/#primaryimage\",\"url\":\"https:\\\/\\\/racom.com.pl\\\/wp-content\\\/uploads\\\/2025\\\/07\\\/allegro_687c1afe38dcd8.81223015_78fb46f34fffb06ffef42c25eaba.jpg\",\"contentUrl\":\"https:\\\/\\\/racom.com.pl\\\/wp-content\\\/uploads\\\/2025\\\/07\\\/allegro_687c1afe38dcd8.81223015_78fb46f34fffb06ffef42c25eaba.jpg\",\"width\":251,\"height\":152},{\"@type\":\"BreadcrumbList\",\"@id\":\"https:\\\/\\\/racom.com.pl\\\/index.php\\\/produkt\\\/srubka-mocowania-tarczy-hamulcowej-do-xiaomi-m365\\\/#breadcrumb\",\"itemListElement\":[{\"@type\":\"ListItem\",\"position\":1,\"name\":\"Strona g\u0142\u00f3wna\",\"item\":\"https:\\\/\\\/racom.com.pl\\\/\"},{\"@type\":\"ListItem\",\"position\":2,\"name\":\"Sklep\",\"item\":\"https:\\\/\\\/racom.com.pl\\\/\"},{\"@type\":\"ListItem\",\"position\":3,\"name\":\"\u015aRUBKA MOCOWANIA TARCZY HAMULCOWEJ do XIAOMI M365\"}]},{\"@type\":\"WebSite\",\"@id\":\"https:\\\/\\\/racom.com.pl\\\/#website\",\"url\":\"https:\\\/\\\/racom.com.pl\\\/\",\"name\":\"Mix Market - Supermarket z wszystkim co potrzeba do domu i nie tylko\",\"description\":\"\",\"publisher\":{\"@id\":\"https:\\\/\\\/racom.com.pl\\\/#organization\"},\"potentialAction\":[{\"@type\":\"SearchAction\",\"target\":{\"@type\":\"EntryPoint\",\"urlTemplate\":\"https:\\\/\\\/racom.com.pl\\\/?s={search_term_string}\"},\"query-input\":{\"@type\":\"PropertyValueSpecification\",\"valueRequired\":true,\"valueName\":\"search_term_string\"}}],\"inLanguage\":\"pl-PL\"},{\"@type\":\"Organization\",\"@id\":\"https:\\\/\\\/racom.com.pl\\\/#organization\",\"name\":\"Mix Market - Supermarket z wszystkim co potrzeba do domu i nie tylko\",\"url\":\"https:\\\/\\\/racom.com.pl\\\/\",\"logo\":{\"@type\":\"ImageObject\",\"inLanguage\":\"pl-PL\",\"@id\":\"https:\\\/\\\/racom.com.pl\\\/#\\\/schema\\\/logo\\\/image\\\/\",\"url\":\"https:\\\/\\\/racom.com.pl\\\/wp-content\\\/uploads\\\/2025\\\/07\\\/mixmarket_logo.png\",\"contentUrl\":\"https:\\\/\\\/racom.com.pl\\\/wp-content\\\/uploads\\\/2025\\\/07\\\/mixmarket_logo.png\",\"width\":1024,\"height\":1024,\"caption\":\"Mix Market - Supermarket z wszystkim co potrzeba do domu i nie tylko\"},\"image\":{\"@id\":\"https:\\\/\\\/racom.com.pl\\\/#\\\/schema\\\/logo\\\/image\\\/\"}}]}<\/script>\n<!-- \/ Yoast SEO plugin. -->","yoast_head_json":{"title":"\u015aRUBKA MOCOWANIA TARCZY HAMULCOWEJ do XIAOMI M365 - Mix Market - Supermarket z wszystkim co potrzeba","robots":{"index":"index","follow":"follow","max-snippet":"max-snippet:-1","max-image-preview":"max-image-preview:large","max-video-preview":"max-video-preview:-1"},"canonical":"https:\/\/racom.com.pl\/index.php\/produkt\/srubka-mocowania-tarczy-hamulcowej-do-xiaomi-m365\/","og_locale":"pl_PL","og_type":"article","og_title":"\u015aRUBKA MOCOWANIA TARCZY HAMULCOWEJ do XIAOMI M365 - Mix Market - Supermarket z wszystkim co potrzeba","og_description":"\u015aRUBA TARCZY HAMULCOWEJ DO XIAOMI MIJIA M365 Nowa \u015brubka mocuj\u0105ca tarcz\u0119 hamulcow\u0105 do hulajnogi Xiaomi Mijia M365. W zestawie 1 \u015brubka, tarcza posiada ich 5 Na gwincie \u015bruby preaplikowany jest preparat unieruchamiaj\u0105cy. Kolor: srebrny Kod produktu: B207","og_url":"https:\/\/racom.com.pl\/index.php\/produkt\/srubka-mocowania-tarczy-hamulcowej-do-xiaomi-m365\/","og_site_name":"Mix Market - Supermarket z wszystkim co potrzeba","og_image":[{"width":251,"height":152,"url":"https:\/\/racom.com.pl\/wp-content\/uploads\/2025\/07\/allegro_687c1afe38dcd8.81223015_78fb46f34fffb06ffef42c25eaba.jpg","type":"image\/jpeg"}],"twitter_card":"summary_large_image","schema":{"@context":"https:\/\/schema.org","@graph":[{"@type":"WebPage","@id":"https:\/\/racom.com.pl\/index.php\/produkt\/srubka-mocowania-tarczy-hamulcowej-do-xiaomi-m365\/","url":"https:\/\/racom.com.pl\/index.php\/produkt\/srubka-mocowania-tarczy-hamulcowej-do-xiaomi-m365\/","name":"\u015aRUBKA MOCOWANIA TARCZY HAMULCOWEJ do XIAOMI M365 - Mix Market - Supermarket z wszystkim co potrzeba","isPartOf":{"@id":"https:\/\/racom.com.pl\/#website"},"primaryImageOfPage":{"@id":"https:\/\/racom.com.pl\/index.php\/produkt\/srubka-mocowania-tarczy-hamulcowej-do-xiaomi-m365\/#primaryimage"},"image":{"@id":"https:\/\/racom.com.pl\/index.php\/produkt\/srubka-mocowania-tarczy-hamulcowej-do-xiaomi-m365\/#primaryimage"},"thumbnailUrl":"https:\/\/racom.com.pl\/wp-content\/uploads\/2025\/07\/allegro_687c1afe38dcd8.81223015_78fb46f34fffb06ffef42c25eaba.jpg","datePublished":"2025-07-19T22:23:51+00:00","breadcrumb":{"@id":"https:\/\/racom.com.pl\/index.php\/produkt\/srubka-mocowania-tarczy-hamulcowej-do-xiaomi-m365\/#breadcrumb"},"inLanguage":"pl-PL","potentialAction":[{"@type":"ReadAction","target":["https:\/\/racom.com.pl\/index.php\/produkt\/srubka-mocowania-tarczy-hamulcowej-do-xiaomi-m365\/"]}]},{"@type":"ImageObject","inLanguage":"pl-PL","@id":"https:\/\/racom.com.pl\/index.php\/produkt\/srubka-mocowania-tarczy-hamulcowej-do-xiaomi-m365\/#primaryimage","url":"https:\/\/racom.com.pl\/wp-content\/uploads\/2025\/07\/allegro_687c1afe38dcd8.81223015_78fb46f34fffb06ffef42c25eaba.jpg","contentUrl":"https:\/\/racom.com.pl\/wp-content\/uploads\/2025\/07\/allegro_687c1afe38dcd8.81223015_78fb46f34fffb06ffef42c25eaba.jpg","width":251,"height":152},{"@type":"BreadcrumbList","@id":"https:\/\/racom.com.pl\/index.php\/produkt\/srubka-mocowania-tarczy-hamulcowej-do-xiaomi-m365\/#breadcrumb","itemListElement":[{"@type":"ListItem","position":1,"name":"Strona g\u0142\u00f3wna","item":"https:\/\/racom.com.pl\/"},{"@type":"ListItem","position":2,"name":"Sklep","item":"https:\/\/racom.com.pl\/"},{"@type":"ListItem","position":3,"name":"\u015aRUBKA MOCOWANIA TARCZY HAMULCOWEJ do XIAOMI M365"}]},{"@type":"WebSite","@id":"https:\/\/racom.com.pl\/#website","url":"https:\/\/racom.com.pl\/","name":"Mix Market - Supermarket z wszystkim co potrzeba do domu i nie tylko","description":"","publisher":{"@id":"https:\/\/racom.com.pl\/#organization"},"potentialAction":[{"@type":"SearchAction","target":{"@type":"EntryPoint","urlTemplate":"https:\/\/racom.com.pl\/?s={search_term_string}"},"query-input":{"@type":"PropertyValueSpecification","valueRequired":true,"valueName":"search_term_string"}}],"inLanguage":"pl-PL"},{"@type":"Organization","@id":"https:\/\/racom.com.pl\/#organization","name":"Mix Market - Supermarket z wszystkim co potrzeba do domu i nie tylko","url":"https:\/\/racom.com.pl\/","logo":{"@type":"ImageObject","inLanguage":"pl-PL","@id":"https:\/\/racom.com.pl\/#\/schema\/logo\/image\/","url":"https:\/\/racom.com.pl\/wp-content\/uploads\/2025\/07\/mixmarket_logo.png","contentUrl":"https:\/\/racom.com.pl\/wp-content\/uploads\/2025\/07\/mixmarket_logo.png","width":1024,"height":1024,"caption":"Mix Market - Supermarket z wszystkim co potrzeba do domu i nie tylko"},"image":{"@id":"https:\/\/racom.com.pl\/#\/schema\/logo\/image\/"}}]}},"_links":{"self":[{"href":"https:\/\/racom.com.pl\/index.php\/wp-json\/wp\/v2\/product\/3565","targetHints":{"allow":["GET"]}}],"collection":[{"href":"https:\/\/racom.com.pl\/index.php\/wp-json\/wp\/v2\/product"}],"about":[{"href":"https:\/\/racom.com.pl\/index.php\/wp-json\/wp\/v2\/types\/product"}],"replies":[{"embeddable":true,"href":"https:\/\/racom.com.pl\/index.php\/wp-json\/wp\/v2\/comments?post=3565"}],"wp:featuredmedia":[{"embeddable":true,"href":"https:\/\/racom.com.pl\/index.php\/wp-json\/wp\/v2\/media\/3567"}],"wp:attachment":[{"href":"https:\/\/racom.com.pl\/index.php\/wp-json\/wp\/v2\/media?parent=3565"}],"wp:term":[{"taxonomy":"product_brand","embeddable":true,"href":"https:\/\/racom.com.pl\/index.php\/wp-json\/wp\/v2\/product_brand?post=3565"},{"taxonomy":"product_cat","embeddable":true,"href":"https:\/\/racom.com.pl\/index.php\/wp-json\/wp\/v2\/product_cat?post=3565"},{"taxonomy":"product_tag","embeddable":true,"href":"https:\/\/racom.com.pl\/index.php\/wp-json\/wp\/v2\/product_tag?post=3565"}],"curies":[{"name":"wp","href":"https:\/\/api.w.org\/{rel}","templated":true}]}}