{"id":3571,"date":"2025-07-20T17:03:34","date_gmt":"2025-07-20T15:03:34","guid":{"rendered":"http:\/\/192.168.2.106\/index.php\/produkt\/latarka-superfire-s33-a-usb-czarna\/"},"modified":"2025-07-20T17:03:34","modified_gmt":"2025-07-20T15:03:34","slug":"latarka-superfire-s33-a-usb-czarna","status":"publish","type":"product","link":"https:\/\/racom.com.pl\/index.php\/produkt\/latarka-superfire-s33-a-usb-czarna\/","title":{"rendered":"Latarka Superfire S33-A, USB (czarna)"},"content":{"rendered":"<h2>Latarka Superfire S33-A, USB (czarna)<\/h2>\n<p>Latarka Superfire S33-A\n<\/p>\n<p>Latarka marki Superfire jest kompaktowa i lekka, dzi\u0119ki czemu mo\u017cesz schowa\u0107 j\u0105 nawet w kieszeni. B\u0119dzie niezast\u0105piona w r\u00f3\u017cnych sytuacjach. Doskonale sprawdzi si\u0119 na campingu, warsztacie, w\u0119dr\u00f3wek, itp. Posiada 4 tryby pracy oraz odporno\u015b\u0107 na wod\u0119 na poziomie IP43. Jest te\u017c wytrzyma\u0142a na zu\u017cycie i upadki z 1 m. Jej energi\u0119 odnowisz za pomoc\u0105\u00a0 kabla USB, a wska\u017anik poinformuje Ci\u0119 o w pe\u0142ni na\u0142adowanym akumulatorze.\u00a0<\/p>\n<p>\n\u00a0<br \/>\nInteligentny wska\u017anik \u0142adowania\n<\/p>\n<p>Dzi\u0119ki inteligentnemu wska\u017anikowi \u0142adowania, w ka\u017cdym momencie mo\u017cesz sprawdzi\u0107 stan na\u0142adowania urz\u0105dzenia. Kolor czerwony<b>\u00a0sygnalizuje \u0142adowanie akcesorium, a niebieski &#8211; na\u0142adowany akumulator. W ten spos\u00f3b na czas dowiesz si\u0119, kiedy latarka b\u0119dzie zn\u00f3w gotowa do pracy i unikniesz jej prze\u0142adowania.<\/b><\/p>\n<p>\u00a0<\/p>\n<p>\n\u00a0<br \/>\n4 tryby pracy\n<\/p>\n<p>Latarka posiada 4 tryby pracy, z kt\u00f3rych mo\u017cesz korzysta\u0107 w zale\u017cno\u015bci od potrzeb. Wybieraj mi\u0119dzy s\u0142abym \u015bwiat\u0142em, SOS, 100% jasno\u015bci lub stroboskopem.\u00a0<\/p>\n<p>\n\u00a0<br \/>\nMinimalistyczna i wytrzyma\u0142a\n<\/p>\n<p>Urz\u0105dzenie zosta\u0142o wykonane z wysokiej jako\u015bci materia\u0142u ABS, z dba\u0142o\u015bci\u0105 o wszystkie szczeg\u00f3\u0142y. Prezentuje si\u0119 wyj\u0105tkowo i elegancko, b\u0119d\u0105c przy tym odporn\u0105 na drobne uszkodzenia mechaniczne. Zosta\u0142a wykonana w zgodzie ze \u015brodowiskiem. Jest lekka i kompaktowa, dzi\u0119ki czemu zawsze mo\u017cesz j\u0105 mie\u0107 zawsze przy sobie.\u00a0<b>Dodatkowo latarka posiada otw\u00f3r na smycz (brak w zestawie), kt\u00f3r\u0105 mo\u017cesz doczepi\u0107 dla ochrony akcesorium.<\/b><\/p>\n<p>\u00a0<\/p>\n<p>\u00a0<\/p>\n<p>\nSpecyfikacja\n<\/p>\n<p>\u00a0<\/p>\n<p>\nProducent<br \/>\nSuperfire<br \/>\nModel<br \/>\nS33-A<br \/>\nWymiary<br \/>\n131 x 36 x 29 mm<br \/>\nWaga<br \/>\n85 g<br \/>\nMoc<br \/>\n2.5 W<br \/>\nNapi\u0119cie<br \/>\n3.7 V<br \/>\nPojemno\u015b\u0107 akumulatora<br \/>\n800 mAh<br \/>\nMateria\u0142<br \/>\nABS<br \/>\nKolor<br \/>\nczarny<br \/>\nOdporno\u015b\u0107 na upadki<br \/>\ndo 1 m<br \/>\nZasi\u0119g \u015bwiecenia<br \/>\n220 m<br \/>\nPort \u0142adowania<br \/>\nUSB<br \/>\nCzas \u0142adowania<br \/>\noko\u0142o 2 h<br \/>\nCzas pracy<br \/>\noko\u0142o 2 h<br \/>\nWodoodporno\u015b\u0107 na wod\u0119<br \/>\nIP43<br \/>\nJasno\u015b\u0107 (ilo\u015b\u0107 lumen\u00f3w)<br \/>\n124 lm<br \/>\nTryby<br \/>\n100%, s\u0142abe \u015bwiat\u0142o, SOS, stroboskop\n<\/p>\n<p>\u00a0<\/p>\n<p>\u00a0<\/p>\n<p>Opakowanie jest integraln\u0105 cz\u0119\u015bci\u0105 produktu.<\/p>\n<p>Pokrowce\/etui do telefon\u00f3w i tablet\u00f3w to cz\u0119sto zdj\u0119cie pogl\u0105dowe. W rzeczywisto\u015bci otrzymuj\u0105 Pa\u0144stwo futera\u0142 dopasowany do danego modelu urz\u0105dzenia z poprawnie rozmieszczonymi otworami na kamer\u0119\/aparat czy przyciski boczne.<\/p>\n<p>W przypadku baterii do telefon\u00f3w (zamiennik\u00f3w) zdj\u0119cie mo\u017ce by\u0107 zdj\u0119ciem pogl\u0105dowym. Po zakupie otrzymaj\u0105 Pa\u0144stwo produkt kompatybilny z danym urz\u0105dzeniem.<\/p>\n<p>Zdj\u0119cia produkt\u00f3w takich jak Szk\u0142a hartowane i folie ochronne na telefony\/tablety r\u00f3wnie\u017c mog\u0105 by\u0107 zdj\u0119ciami pogl\u0105dowymi.<\/p>\n","protected":false},"excerpt":{"rendered":"<p>Latarka Superfire S33-A, USB (czarna) Latarka Superfire S33-A Latarka marki Superfire jest kompaktowa i lekka, dzi\u0119ki czemu mo\u017cesz schowa\u0107 j\u0105 nawet w kieszeni. B\u0119dzie niezast\u0105piona w r\u00f3\u017cnych sytuacjach. Doskonale sprawdzi si\u0119 na campingu, warsztacie, w\u0119dr\u00f3wek, itp. Posiada 4 tryby pracy oraz odporno\u015b\u0107 na wod\u0119 na poziomie IP43. Jest te\u017c wytrzyma\u0142a na zu\u017cycie i upadki z [&hellip;]<\/p>\n","protected":false},"featured_media":3573,"comment_status":"open","ping_status":"closed","template":"","meta":[],"product_brand":[255],"product_cat":[254],"product_tag":[],"class_list":{"0":"post-3571","1":"product","2":"type-product","3":"status-publish","4":"has-post-thumbnail","6":"product_brand-superfire","7":"product_cat-latarki-i-lampy","9":"first","10":"instock","11":"taxable","12":"shipping-taxable","13":"purchasable","14":"product-type-simple"},"yoast_head":"<!-- This site is optimized with the Yoast SEO plugin v27.4 - https:\/\/yoast.com\/product\/yoast-seo-wordpress\/ -->\n<title>Latarka Superfire S33-A, USB (czarna) - Mix Market - Supermarket z wszystkim co potrzeba<\/title>\n<meta name=\"robots\" content=\"index, follow, max-snippet:-1, max-image-preview:large, max-video-preview:-1\" \/>\n<link rel=\"canonical\" href=\"https:\/\/racom.com.pl\/index.php\/produkt\/latarka-superfire-s33-a-usb-czarna\/\" \/>\n<meta property=\"og:locale\" content=\"pl_PL\" \/>\n<meta property=\"og:type\" content=\"article\" \/>\n<meta property=\"og:title\" content=\"Latarka Superfire S33-A, USB (czarna) - Mix Market - Supermarket z wszystkim co potrzeba\" \/>\n<meta property=\"og:description\" content=\"Latarka Superfire S33-A, USB (czarna) Latarka Superfire S33-A Latarka marki Superfire jest kompaktowa i lekka, dzi\u0119ki czemu mo\u017cesz schowa\u0107 j\u0105 nawet w kieszeni. B\u0119dzie niezast\u0105piona w r\u00f3\u017cnych sytuacjach. Doskonale sprawdzi si\u0119 na campingu, warsztacie, w\u0119dr\u00f3wek, itp. Posiada 4 tryby pracy oraz odporno\u015b\u0107 na wod\u0119 na poziomie IP43. Jest te\u017c wytrzyma\u0142a na zu\u017cycie i upadki z [&hellip;]\" \/>\n<meta property=\"og:url\" content=\"https:\/\/racom.com.pl\/index.php\/produkt\/latarka-superfire-s33-a-usb-czarna\/\" \/>\n<meta property=\"og:site_name\" content=\"Mix Market - Supermarket z wszystkim co potrzeba\" \/>\n<meta property=\"og:image\" content=\"https:\/\/racom.com.pl\/wp-content\/uploads\/2025\/07\/allegro_687d0566e2ecc3.03970803_b09401ec44cd9a09a37b4926cf37.jpg\" \/>\n\t<meta property=\"og:image:width\" content=\"800\" \/>\n\t<meta property=\"og:image:height\" content=\"800\" \/>\n\t<meta property=\"og:image:type\" content=\"image\/jpeg\" \/>\n<meta name=\"twitter:card\" content=\"summary_large_image\" \/>\n<meta name=\"twitter:label1\" content=\"Szacowany czas czytania\" \/>\n\t<meta name=\"twitter:data1\" content=\"2 minuty\" \/>\n<script type=\"application\/ld+json\" class=\"yoast-schema-graph\">{\"@context\":\"https:\\\/\\\/schema.org\",\"@graph\":[{\"@type\":\"WebPage\",\"@id\":\"https:\\\/\\\/racom.com.pl\\\/index.php\\\/produkt\\\/latarka-superfire-s33-a-usb-czarna\\\/\",\"url\":\"https:\\\/\\\/racom.com.pl\\\/index.php\\\/produkt\\\/latarka-superfire-s33-a-usb-czarna\\\/\",\"name\":\"Latarka Superfire S33-A, USB (czarna) - Mix Market - Supermarket z wszystkim co potrzeba\",\"isPartOf\":{\"@id\":\"https:\\\/\\\/racom.com.pl\\\/#website\"},\"primaryImageOfPage\":{\"@id\":\"https:\\\/\\\/racom.com.pl\\\/index.php\\\/produkt\\\/latarka-superfire-s33-a-usb-czarna\\\/#primaryimage\"},\"image\":{\"@id\":\"https:\\\/\\\/racom.com.pl\\\/index.php\\\/produkt\\\/latarka-superfire-s33-a-usb-czarna\\\/#primaryimage\"},\"thumbnailUrl\":\"https:\\\/\\\/racom.com.pl\\\/wp-content\\\/uploads\\\/2025\\\/07\\\/allegro_687d0566e2ecc3.03970803_b09401ec44cd9a09a37b4926cf37.jpg\",\"datePublished\":\"2025-07-20T15:03:34+00:00\",\"breadcrumb\":{\"@id\":\"https:\\\/\\\/racom.com.pl\\\/index.php\\\/produkt\\\/latarka-superfire-s33-a-usb-czarna\\\/#breadcrumb\"},\"inLanguage\":\"pl-PL\",\"potentialAction\":[{\"@type\":\"ReadAction\",\"target\":[\"https:\\\/\\\/racom.com.pl\\\/index.php\\\/produkt\\\/latarka-superfire-s33-a-usb-czarna\\\/\"]}]},{\"@type\":\"ImageObject\",\"inLanguage\":\"pl-PL\",\"@id\":\"https:\\\/\\\/racom.com.pl\\\/index.php\\\/produkt\\\/latarka-superfire-s33-a-usb-czarna\\\/#primaryimage\",\"url\":\"https:\\\/\\\/racom.com.pl\\\/wp-content\\\/uploads\\\/2025\\\/07\\\/allegro_687d0566e2ecc3.03970803_b09401ec44cd9a09a37b4926cf37.jpg\",\"contentUrl\":\"https:\\\/\\\/racom.com.pl\\\/wp-content\\\/uploads\\\/2025\\\/07\\\/allegro_687d0566e2ecc3.03970803_b09401ec44cd9a09a37b4926cf37.jpg\",\"width\":800,\"height\":800},{\"@type\":\"BreadcrumbList\",\"@id\":\"https:\\\/\\\/racom.com.pl\\\/index.php\\\/produkt\\\/latarka-superfire-s33-a-usb-czarna\\\/#breadcrumb\",\"itemListElement\":[{\"@type\":\"ListItem\",\"position\":1,\"name\":\"Strona g\u0142\u00f3wna\",\"item\":\"https:\\\/\\\/racom.com.pl\\\/\"},{\"@type\":\"ListItem\",\"position\":2,\"name\":\"Sklep\",\"item\":\"https:\\\/\\\/racom.com.pl\\\/\"},{\"@type\":\"ListItem\",\"position\":3,\"name\":\"Latarka Superfire S33-A, USB (czarna)\"}]},{\"@type\":\"WebSite\",\"@id\":\"https:\\\/\\\/racom.com.pl\\\/#website\",\"url\":\"https:\\\/\\\/racom.com.pl\\\/\",\"name\":\"Mix Market - Supermarket z wszystkim co potrzeba do domu i nie tylko\",\"description\":\"\",\"publisher\":{\"@id\":\"https:\\\/\\\/racom.com.pl\\\/#organization\"},\"potentialAction\":[{\"@type\":\"SearchAction\",\"target\":{\"@type\":\"EntryPoint\",\"urlTemplate\":\"https:\\\/\\\/racom.com.pl\\\/?s={search_term_string}\"},\"query-input\":{\"@type\":\"PropertyValueSpecification\",\"valueRequired\":true,\"valueName\":\"search_term_string\"}}],\"inLanguage\":\"pl-PL\"},{\"@type\":\"Organization\",\"@id\":\"https:\\\/\\\/racom.com.pl\\\/#organization\",\"name\":\"Mix Market - Supermarket z wszystkim co potrzeba do domu i nie tylko\",\"url\":\"https:\\\/\\\/racom.com.pl\\\/\",\"logo\":{\"@type\":\"ImageObject\",\"inLanguage\":\"pl-PL\",\"@id\":\"https:\\\/\\\/racom.com.pl\\\/#\\\/schema\\\/logo\\\/image\\\/\",\"url\":\"https:\\\/\\\/racom.com.pl\\\/wp-content\\\/uploads\\\/2025\\\/07\\\/mixmarket_logo.png\",\"contentUrl\":\"https:\\\/\\\/racom.com.pl\\\/wp-content\\\/uploads\\\/2025\\\/07\\\/mixmarket_logo.png\",\"width\":1024,\"height\":1024,\"caption\":\"Mix Market - Supermarket z wszystkim co potrzeba do domu i nie tylko\"},\"image\":{\"@id\":\"https:\\\/\\\/racom.com.pl\\\/#\\\/schema\\\/logo\\\/image\\\/\"}}]}<\/script>\n<!-- \/ Yoast SEO plugin. -->","yoast_head_json":{"title":"Latarka Superfire S33-A, USB (czarna) - Mix Market - Supermarket z wszystkim co potrzeba","robots":{"index":"index","follow":"follow","max-snippet":"max-snippet:-1","max-image-preview":"max-image-preview:large","max-video-preview":"max-video-preview:-1"},"canonical":"https:\/\/racom.com.pl\/index.php\/produkt\/latarka-superfire-s33-a-usb-czarna\/","og_locale":"pl_PL","og_type":"article","og_title":"Latarka Superfire S33-A, USB (czarna) - Mix Market - Supermarket z wszystkim co potrzeba","og_description":"Latarka Superfire S33-A, USB (czarna) Latarka Superfire S33-A Latarka marki Superfire jest kompaktowa i lekka, dzi\u0119ki czemu mo\u017cesz schowa\u0107 j\u0105 nawet w kieszeni. B\u0119dzie niezast\u0105piona w r\u00f3\u017cnych sytuacjach. Doskonale sprawdzi si\u0119 na campingu, warsztacie, w\u0119dr\u00f3wek, itp. Posiada 4 tryby pracy oraz odporno\u015b\u0107 na wod\u0119 na poziomie IP43. Jest te\u017c wytrzyma\u0142a na zu\u017cycie i upadki z [&hellip;]","og_url":"https:\/\/racom.com.pl\/index.php\/produkt\/latarka-superfire-s33-a-usb-czarna\/","og_site_name":"Mix Market - Supermarket z wszystkim co potrzeba","og_image":[{"width":800,"height":800,"url":"https:\/\/racom.com.pl\/wp-content\/uploads\/2025\/07\/allegro_687d0566e2ecc3.03970803_b09401ec44cd9a09a37b4926cf37.jpg","type":"image\/jpeg"}],"twitter_card":"summary_large_image","twitter_misc":{"Szacowany czas czytania":"2 minuty"},"schema":{"@context":"https:\/\/schema.org","@graph":[{"@type":"WebPage","@id":"https:\/\/racom.com.pl\/index.php\/produkt\/latarka-superfire-s33-a-usb-czarna\/","url":"https:\/\/racom.com.pl\/index.php\/produkt\/latarka-superfire-s33-a-usb-czarna\/","name":"Latarka Superfire S33-A, USB (czarna) - Mix Market - Supermarket z wszystkim co potrzeba","isPartOf":{"@id":"https:\/\/racom.com.pl\/#website"},"primaryImageOfPage":{"@id":"https:\/\/racom.com.pl\/index.php\/produkt\/latarka-superfire-s33-a-usb-czarna\/#primaryimage"},"image":{"@id":"https:\/\/racom.com.pl\/index.php\/produkt\/latarka-superfire-s33-a-usb-czarna\/#primaryimage"},"thumbnailUrl":"https:\/\/racom.com.pl\/wp-content\/uploads\/2025\/07\/allegro_687d0566e2ecc3.03970803_b09401ec44cd9a09a37b4926cf37.jpg","datePublished":"2025-07-20T15:03:34+00:00","breadcrumb":{"@id":"https:\/\/racom.com.pl\/index.php\/produkt\/latarka-superfire-s33-a-usb-czarna\/#breadcrumb"},"inLanguage":"pl-PL","potentialAction":[{"@type":"ReadAction","target":["https:\/\/racom.com.pl\/index.php\/produkt\/latarka-superfire-s33-a-usb-czarna\/"]}]},{"@type":"ImageObject","inLanguage":"pl-PL","@id":"https:\/\/racom.com.pl\/index.php\/produkt\/latarka-superfire-s33-a-usb-czarna\/#primaryimage","url":"https:\/\/racom.com.pl\/wp-content\/uploads\/2025\/07\/allegro_687d0566e2ecc3.03970803_b09401ec44cd9a09a37b4926cf37.jpg","contentUrl":"https:\/\/racom.com.pl\/wp-content\/uploads\/2025\/07\/allegro_687d0566e2ecc3.03970803_b09401ec44cd9a09a37b4926cf37.jpg","width":800,"height":800},{"@type":"BreadcrumbList","@id":"https:\/\/racom.com.pl\/index.php\/produkt\/latarka-superfire-s33-a-usb-czarna\/#breadcrumb","itemListElement":[{"@type":"ListItem","position":1,"name":"Strona g\u0142\u00f3wna","item":"https:\/\/racom.com.pl\/"},{"@type":"ListItem","position":2,"name":"Sklep","item":"https:\/\/racom.com.pl\/"},{"@type":"ListItem","position":3,"name":"Latarka Superfire S33-A, USB (czarna)"}]},{"@type":"WebSite","@id":"https:\/\/racom.com.pl\/#website","url":"https:\/\/racom.com.pl\/","name":"Mix Market - Supermarket z wszystkim co potrzeba do domu i nie tylko","description":"","publisher":{"@id":"https:\/\/racom.com.pl\/#organization"},"potentialAction":[{"@type":"SearchAction","target":{"@type":"EntryPoint","urlTemplate":"https:\/\/racom.com.pl\/?s={search_term_string}"},"query-input":{"@type":"PropertyValueSpecification","valueRequired":true,"valueName":"search_term_string"}}],"inLanguage":"pl-PL"},{"@type":"Organization","@id":"https:\/\/racom.com.pl\/#organization","name":"Mix Market - Supermarket z wszystkim co potrzeba do domu i nie tylko","url":"https:\/\/racom.com.pl\/","logo":{"@type":"ImageObject","inLanguage":"pl-PL","@id":"https:\/\/racom.com.pl\/#\/schema\/logo\/image\/","url":"https:\/\/racom.com.pl\/wp-content\/uploads\/2025\/07\/mixmarket_logo.png","contentUrl":"https:\/\/racom.com.pl\/wp-content\/uploads\/2025\/07\/mixmarket_logo.png","width":1024,"height":1024,"caption":"Mix Market - Supermarket z wszystkim co potrzeba do domu i nie tylko"},"image":{"@id":"https:\/\/racom.com.pl\/#\/schema\/logo\/image\/"}}]}},"_links":{"self":[{"href":"https:\/\/racom.com.pl\/index.php\/wp-json\/wp\/v2\/product\/3571","targetHints":{"allow":["GET"]}}],"collection":[{"href":"https:\/\/racom.com.pl\/index.php\/wp-json\/wp\/v2\/product"}],"about":[{"href":"https:\/\/racom.com.pl\/index.php\/wp-json\/wp\/v2\/types\/product"}],"replies":[{"embeddable":true,"href":"https:\/\/racom.com.pl\/index.php\/wp-json\/wp\/v2\/comments?post=3571"}],"wp:featuredmedia":[{"embeddable":true,"href":"https:\/\/racom.com.pl\/index.php\/wp-json\/wp\/v2\/media\/3573"}],"wp:attachment":[{"href":"https:\/\/racom.com.pl\/index.php\/wp-json\/wp\/v2\/media?parent=3571"}],"wp:term":[{"taxonomy":"product_brand","embeddable":true,"href":"https:\/\/racom.com.pl\/index.php\/wp-json\/wp\/v2\/product_brand?post=3571"},{"taxonomy":"product_cat","embeddable":true,"href":"https:\/\/racom.com.pl\/index.php\/wp-json\/wp\/v2\/product_cat?post=3571"},{"taxonomy":"product_tag","embeddable":true,"href":"https:\/\/racom.com.pl\/index.php\/wp-json\/wp\/v2\/product_tag?post=3571"}],"curies":[{"name":"wp","href":"https:\/\/api.w.org\/{rel}","templated":true}]}}