{"id":3574,"date":"2025-07-20T17:04:33","date_gmt":"2025-07-20T15:04:33","guid":{"rendered":"http:\/\/192.168.2.106\/index.php\/produkt\/skakanka-yunmai-ymhr-p702-fitness-zestaw-linka-x2\/"},"modified":"2025-07-20T17:04:33","modified_gmt":"2025-07-20T15:04:33","slug":"skakanka-yunmai-ymhr-p702-fitness-zestaw-linka-x2","status":"publish","type":"product","link":"https:\/\/racom.com.pl\/index.php\/produkt\/skakanka-yunmai-ymhr-p702-fitness-zestaw-linka-x2\/","title":{"rendered":"SKAKANKA YUNMAI YMHR-P702 FITNESS ZESTAW LINKA x2"},"content":{"rendered":"<h2>Skakanka Fitness Yunmai YMHR-P702<\/h2>\n<p><b>W zestawie<\/b><\/p>\n<ul>\n<li>Para uchwyt\u00f3w<\/li>\n<li>Linka 3m 2,5mm<\/li>\n<li>Linka 3m 3.4mm<\/li>\n<li>Para zapasowych ta\u015bm (czerwone)<\/li>\n<li>2x Plastikowa os\u0142onka linki<\/li>\n<li>Woreczek materia\u0142owy (sakiewka)<\/li>\n<\/ul>\n<p><b>Skakanka Fitness Yunmai YMHR-P702<\/b><\/p>\n<p>Skakanka by\u0142a zazwyczaj kojarzona z dzieci\u0144stwem i zabaw\u0105, jednak obecnie s\u0142u\u017cy ona jako sprz\u0119t do \u0107wicze\u0144, dzi\u0119ki kt\u00f3remu zadbasz o kondycj\u0119 i szczup\u0142\u0105 sylwetk\u0119. Zosta\u0142a zaprojektowana z my\u015bl\u0105 o osobach lubi\u0105cych fitness i aktywny wypoczynek. Przemy\u015blana konstrukcja zapewnia jeszcze wi\u0119kszy komfort u\u017cytkowania. Przekonaj si\u0119 sam!<\/p>\n<p><b>Zadbaj o kondycj\u0119<\/b><\/p>\n<p>10 minut korzystania ze skakanki r\u00f3wna si\u0119 30-minutowemu bieganiu. Skakanie na YMHR-P702 zajmuje mniej czasu i wymaga wi\u0119cej energii. Jest to r\u00f3wnie\u017c doskona\u0142y spos\u00f3b na trening ca\u0142ego cia\u0142a, podczas kt\u00f3rego mo\u017cesz szybciej zrzuci\u0107 zb\u0119dne kilogramy. Ze skakanki od Yunmai mog\u0105 korzysta\u0107 osoby w ka\u017cdym wieku!<\/p>\n<p><b>Antypo\u015blizgowe uchwyty<\/b><\/p>\n<p>Dla wi\u0119kszego komfortu u\u017cytkowania, skakanka zosta\u0142a wyposa\u017cona w przyjemne w dotyku, antypo\u015blizgowe uchwyty, kt\u00f3re jednocze\u015bnie dobrze przepuszczaj\u0105 powietrze. Zapewniaj\u0105 pewny chwyt, dzi\u0119ki czemu masz pewno\u015b\u0107, \u017ce nie wypadn\u0105 z d\u0142oni. Ponadto, pow\u0142ok\u0119 uchwyt\u00f3w mo\u017cesz w razie potrzeby usun\u0105\u0107 i wymieni\u0107 na now\u0105.<\/p>\n<p><b>Komfort u\u017cytkowania<\/b><\/p>\n<p>Uchwyty skakanki posiadaj\u0105 obrotowe \u0142o\u017cyska ze stali w\u0119glowej, kt\u00f3re zwi\u0119kszaj\u0105 komfort u\u017cytkowania. Co wi\u0119cej, linka zosta\u0142a przymocowana pod k\u0105tem prostym od wa\u0142ka uchwytu, dzi\u0119ki czemu mo\u017cesz osi\u0105gn\u0105\u0107 wi\u0119ksz\u0105 pr\u0119dko\u015b\u0107 skok\u00f3w.<\/p>\n<p><b>Przemy\u015blana konstrukcja<\/b><\/p>\n<p>Skakanka zosta\u0142a wyposa\u017cona w link\u0119 o d\u0142ugo\u015bci 3 m, kt\u00f3r\u0105 mo\u017cesz dostosowa\u0107 do w\u0142asnych potrzeb. Jest lekka i wyr\u00f3\u017cnia si\u0119 niskim oporem na powietrze. W ka\u017cdej chwili mo\u017cesz na ni\u0105 na\u0142o\u017cy\u0107 plastikow\u0105 os\u0142on\u0119, aby chroni\u0107 link\u0119 przed uszkodzeniem i wyd\u0142u\u017cy\u0107 jej \u017cywotno\u015b\u0107.<\/p>\n<p><b>Specyfikacja<\/b><\/p>\n<ul>\n<li><b>Producent:<\/b> Yunmai<\/li>\n<li><b>Model:<\/b> YMHR-P702<\/li>\n<li><b>Kolor:<\/b> Czarny<\/li>\n<li><b>Materia\u0142:<\/b> Stal, tworzywo sztuczne<\/li>\n<li><b>Waga:<\/b> 392 g<\/li>\n<li><b>D\u0142ugo\u015b\u0107 liny:<\/b> 3m (2sztuki)<\/li>\n<li><b>Waga liny:<\/b> 140 g<\/li>\n<\/ul>\n","protected":false},"excerpt":{"rendered":"<p>Skakanka Fitness Yunmai YMHR-P702 W zestawie Para uchwyt\u00f3w Linka 3m 2,5mm Linka 3m 3.4mm Para zapasowych ta\u015bm (czerwone) 2x Plastikowa os\u0142onka linki Woreczek materia\u0142owy (sakiewka) Skakanka Fitness Yunmai YMHR-P702 Skakanka by\u0142a zazwyczaj kojarzona z dzieci\u0144stwem i zabaw\u0105, jednak obecnie s\u0142u\u017cy ona jako sprz\u0119t do \u0107wicze\u0144, dzi\u0119ki kt\u00f3remu zadbasz o kondycj\u0119 i szczup\u0142\u0105 sylwetk\u0119. Zosta\u0142a zaprojektowana [&hellip;]<\/p>\n","protected":false},"featured_media":3581,"comment_status":"open","ping_status":"closed","template":"","meta":[],"product_brand":[256],"product_cat":[249],"product_tag":[],"class_list":{"0":"post-3574","1":"product","2":"type-product","3":"status-publish","4":"has-post-thumbnail","6":"product_brand-yunmai","7":"product_cat-trening-fitness","9":"first","10":"instock","11":"taxable","12":"shipping-taxable","13":"purchasable","14":"product-type-simple"},"yoast_head":"<!-- This site is optimized with the Yoast SEO plugin v27.3 - https:\/\/yoast.com\/product\/yoast-seo-wordpress\/ -->\n<title>SKAKANKA YUNMAI YMHR-P702 FITNESS ZESTAW LINKA x2 - Mix Market - Supermarket z wszystkim co potrzeba<\/title>\n<meta name=\"robots\" content=\"index, follow, max-snippet:-1, max-image-preview:large, max-video-preview:-1\" \/>\n<link rel=\"canonical\" href=\"https:\/\/racom.com.pl\/index.php\/produkt\/skakanka-yunmai-ymhr-p702-fitness-zestaw-linka-x2\/\" \/>\n<meta property=\"og:locale\" content=\"pl_PL\" \/>\n<meta property=\"og:type\" content=\"article\" \/>\n<meta property=\"og:title\" content=\"SKAKANKA YUNMAI YMHR-P702 FITNESS ZESTAW LINKA x2 - Mix Market - Supermarket z wszystkim co potrzeba\" \/>\n<meta property=\"og:description\" content=\"Skakanka Fitness Yunmai YMHR-P702 W zestawie Para uchwyt\u00f3w Linka 3m 2,5mm Linka 3m 3.4mm Para zapasowych ta\u015bm (czerwone) 2x Plastikowa os\u0142onka linki Woreczek materia\u0142owy (sakiewka) Skakanka Fitness Yunmai YMHR-P702 Skakanka by\u0142a zazwyczaj kojarzona z dzieci\u0144stwem i zabaw\u0105, jednak obecnie s\u0142u\u017cy ona jako sprz\u0119t do \u0107wicze\u0144, dzi\u0119ki kt\u00f3remu zadbasz o kondycj\u0119 i szczup\u0142\u0105 sylwetk\u0119. Zosta\u0142a zaprojektowana [&hellip;]\" \/>\n<meta property=\"og:url\" content=\"https:\/\/racom.com.pl\/index.php\/produkt\/skakanka-yunmai-ymhr-p702-fitness-zestaw-linka-x2\/\" \/>\n<meta property=\"og:site_name\" content=\"Mix Market - Supermarket z wszystkim co potrzeba\" \/>\n<meta property=\"og:image\" content=\"https:\/\/racom.com.pl\/wp-content\/uploads\/2025\/07\/allegro_687d061957fc57.92394536_dbeb881345329e96975cbbe19a61.jpg\" \/>\n\t<meta property=\"og:image:width\" content=\"1100\" \/>\n\t<meta property=\"og:image:height\" content=\"700\" \/>\n\t<meta property=\"og:image:type\" content=\"image\/jpeg\" \/>\n<meta name=\"twitter:card\" content=\"summary_large_image\" \/>\n<meta name=\"twitter:label1\" content=\"Szacowany czas czytania\" \/>\n\t<meta name=\"twitter:data1\" content=\"2 minuty\" \/>\n<script type=\"application\/ld+json\" class=\"yoast-schema-graph\">{\"@context\":\"https:\\\/\\\/schema.org\",\"@graph\":[{\"@type\":\"WebPage\",\"@id\":\"https:\\\/\\\/racom.com.pl\\\/index.php\\\/produkt\\\/skakanka-yunmai-ymhr-p702-fitness-zestaw-linka-x2\\\/\",\"url\":\"https:\\\/\\\/racom.com.pl\\\/index.php\\\/produkt\\\/skakanka-yunmai-ymhr-p702-fitness-zestaw-linka-x2\\\/\",\"name\":\"SKAKANKA YUNMAI YMHR-P702 FITNESS ZESTAW LINKA x2 - Mix Market - Supermarket z wszystkim co potrzeba\",\"isPartOf\":{\"@id\":\"https:\\\/\\\/racom.com.pl\\\/#website\"},\"primaryImageOfPage\":{\"@id\":\"https:\\\/\\\/racom.com.pl\\\/index.php\\\/produkt\\\/skakanka-yunmai-ymhr-p702-fitness-zestaw-linka-x2\\\/#primaryimage\"},\"image\":{\"@id\":\"https:\\\/\\\/racom.com.pl\\\/index.php\\\/produkt\\\/skakanka-yunmai-ymhr-p702-fitness-zestaw-linka-x2\\\/#primaryimage\"},\"thumbnailUrl\":\"https:\\\/\\\/racom.com.pl\\\/wp-content\\\/uploads\\\/2025\\\/07\\\/allegro_687d061957fc57.92394536_dbeb881345329e96975cbbe19a61.jpg\",\"datePublished\":\"2025-07-20T15:04:33+00:00\",\"breadcrumb\":{\"@id\":\"https:\\\/\\\/racom.com.pl\\\/index.php\\\/produkt\\\/skakanka-yunmai-ymhr-p702-fitness-zestaw-linka-x2\\\/#breadcrumb\"},\"inLanguage\":\"pl-PL\",\"potentialAction\":[{\"@type\":\"ReadAction\",\"target\":[\"https:\\\/\\\/racom.com.pl\\\/index.php\\\/produkt\\\/skakanka-yunmai-ymhr-p702-fitness-zestaw-linka-x2\\\/\"]}]},{\"@type\":\"ImageObject\",\"inLanguage\":\"pl-PL\",\"@id\":\"https:\\\/\\\/racom.com.pl\\\/index.php\\\/produkt\\\/skakanka-yunmai-ymhr-p702-fitness-zestaw-linka-x2\\\/#primaryimage\",\"url\":\"https:\\\/\\\/racom.com.pl\\\/wp-content\\\/uploads\\\/2025\\\/07\\\/allegro_687d061957fc57.92394536_dbeb881345329e96975cbbe19a61.jpg\",\"contentUrl\":\"https:\\\/\\\/racom.com.pl\\\/wp-content\\\/uploads\\\/2025\\\/07\\\/allegro_687d061957fc57.92394536_dbeb881345329e96975cbbe19a61.jpg\",\"width\":1100,\"height\":700},{\"@type\":\"BreadcrumbList\",\"@id\":\"https:\\\/\\\/racom.com.pl\\\/index.php\\\/produkt\\\/skakanka-yunmai-ymhr-p702-fitness-zestaw-linka-x2\\\/#breadcrumb\",\"itemListElement\":[{\"@type\":\"ListItem\",\"position\":1,\"name\":\"Strona g\u0142\u00f3wna\",\"item\":\"https:\\\/\\\/racom.com.pl\\\/\"},{\"@type\":\"ListItem\",\"position\":2,\"name\":\"Sklep\",\"item\":\"https:\\\/\\\/racom.com.pl\\\/\"},{\"@type\":\"ListItem\",\"position\":3,\"name\":\"SKAKANKA YUNMAI YMHR-P702 FITNESS ZESTAW LINKA x2\"}]},{\"@type\":\"WebSite\",\"@id\":\"https:\\\/\\\/racom.com.pl\\\/#website\",\"url\":\"https:\\\/\\\/racom.com.pl\\\/\",\"name\":\"Mix Market - Supermarket z wszystkim co potrzeba do domu i nie tylko\",\"description\":\"\",\"publisher\":{\"@id\":\"https:\\\/\\\/racom.com.pl\\\/#organization\"},\"potentialAction\":[{\"@type\":\"SearchAction\",\"target\":{\"@type\":\"EntryPoint\",\"urlTemplate\":\"https:\\\/\\\/racom.com.pl\\\/?s={search_term_string}\"},\"query-input\":{\"@type\":\"PropertyValueSpecification\",\"valueRequired\":true,\"valueName\":\"search_term_string\"}}],\"inLanguage\":\"pl-PL\"},{\"@type\":\"Organization\",\"@id\":\"https:\\\/\\\/racom.com.pl\\\/#organization\",\"name\":\"Mix Market - Supermarket z wszystkim co potrzeba do domu i nie tylko\",\"url\":\"https:\\\/\\\/racom.com.pl\\\/\",\"logo\":{\"@type\":\"ImageObject\",\"inLanguage\":\"pl-PL\",\"@id\":\"https:\\\/\\\/racom.com.pl\\\/#\\\/schema\\\/logo\\\/image\\\/\",\"url\":\"https:\\\/\\\/racom.com.pl\\\/wp-content\\\/uploads\\\/2025\\\/07\\\/mixmarket_logo.png\",\"contentUrl\":\"https:\\\/\\\/racom.com.pl\\\/wp-content\\\/uploads\\\/2025\\\/07\\\/mixmarket_logo.png\",\"width\":1024,\"height\":1024,\"caption\":\"Mix Market - Supermarket z wszystkim co potrzeba do domu i nie tylko\"},\"image\":{\"@id\":\"https:\\\/\\\/racom.com.pl\\\/#\\\/schema\\\/logo\\\/image\\\/\"}}]}<\/script>\n<!-- \/ Yoast SEO plugin. -->","yoast_head_json":{"title":"SKAKANKA YUNMAI YMHR-P702 FITNESS ZESTAW LINKA x2 - Mix Market - Supermarket z wszystkim co potrzeba","robots":{"index":"index","follow":"follow","max-snippet":"max-snippet:-1","max-image-preview":"max-image-preview:large","max-video-preview":"max-video-preview:-1"},"canonical":"https:\/\/racom.com.pl\/index.php\/produkt\/skakanka-yunmai-ymhr-p702-fitness-zestaw-linka-x2\/","og_locale":"pl_PL","og_type":"article","og_title":"SKAKANKA YUNMAI YMHR-P702 FITNESS ZESTAW LINKA x2 - Mix Market - Supermarket z wszystkim co potrzeba","og_description":"Skakanka Fitness Yunmai YMHR-P702 W zestawie Para uchwyt\u00f3w Linka 3m 2,5mm Linka 3m 3.4mm Para zapasowych ta\u015bm (czerwone) 2x Plastikowa os\u0142onka linki Woreczek materia\u0142owy (sakiewka) Skakanka Fitness Yunmai YMHR-P702 Skakanka by\u0142a zazwyczaj kojarzona z dzieci\u0144stwem i zabaw\u0105, jednak obecnie s\u0142u\u017cy ona jako sprz\u0119t do \u0107wicze\u0144, dzi\u0119ki kt\u00f3remu zadbasz o kondycj\u0119 i szczup\u0142\u0105 sylwetk\u0119. Zosta\u0142a zaprojektowana [&hellip;]","og_url":"https:\/\/racom.com.pl\/index.php\/produkt\/skakanka-yunmai-ymhr-p702-fitness-zestaw-linka-x2\/","og_site_name":"Mix Market - Supermarket z wszystkim co potrzeba","og_image":[{"width":1100,"height":700,"url":"https:\/\/racom.com.pl\/wp-content\/uploads\/2025\/07\/allegro_687d061957fc57.92394536_dbeb881345329e96975cbbe19a61.jpg","type":"image\/jpeg"}],"twitter_card":"summary_large_image","twitter_misc":{"Szacowany czas czytania":"2 minuty"},"schema":{"@context":"https:\/\/schema.org","@graph":[{"@type":"WebPage","@id":"https:\/\/racom.com.pl\/index.php\/produkt\/skakanka-yunmai-ymhr-p702-fitness-zestaw-linka-x2\/","url":"https:\/\/racom.com.pl\/index.php\/produkt\/skakanka-yunmai-ymhr-p702-fitness-zestaw-linka-x2\/","name":"SKAKANKA YUNMAI YMHR-P702 FITNESS ZESTAW LINKA x2 - Mix Market - Supermarket z wszystkim co potrzeba","isPartOf":{"@id":"https:\/\/racom.com.pl\/#website"},"primaryImageOfPage":{"@id":"https:\/\/racom.com.pl\/index.php\/produkt\/skakanka-yunmai-ymhr-p702-fitness-zestaw-linka-x2\/#primaryimage"},"image":{"@id":"https:\/\/racom.com.pl\/index.php\/produkt\/skakanka-yunmai-ymhr-p702-fitness-zestaw-linka-x2\/#primaryimage"},"thumbnailUrl":"https:\/\/racom.com.pl\/wp-content\/uploads\/2025\/07\/allegro_687d061957fc57.92394536_dbeb881345329e96975cbbe19a61.jpg","datePublished":"2025-07-20T15:04:33+00:00","breadcrumb":{"@id":"https:\/\/racom.com.pl\/index.php\/produkt\/skakanka-yunmai-ymhr-p702-fitness-zestaw-linka-x2\/#breadcrumb"},"inLanguage":"pl-PL","potentialAction":[{"@type":"ReadAction","target":["https:\/\/racom.com.pl\/index.php\/produkt\/skakanka-yunmai-ymhr-p702-fitness-zestaw-linka-x2\/"]}]},{"@type":"ImageObject","inLanguage":"pl-PL","@id":"https:\/\/racom.com.pl\/index.php\/produkt\/skakanka-yunmai-ymhr-p702-fitness-zestaw-linka-x2\/#primaryimage","url":"https:\/\/racom.com.pl\/wp-content\/uploads\/2025\/07\/allegro_687d061957fc57.92394536_dbeb881345329e96975cbbe19a61.jpg","contentUrl":"https:\/\/racom.com.pl\/wp-content\/uploads\/2025\/07\/allegro_687d061957fc57.92394536_dbeb881345329e96975cbbe19a61.jpg","width":1100,"height":700},{"@type":"BreadcrumbList","@id":"https:\/\/racom.com.pl\/index.php\/produkt\/skakanka-yunmai-ymhr-p702-fitness-zestaw-linka-x2\/#breadcrumb","itemListElement":[{"@type":"ListItem","position":1,"name":"Strona g\u0142\u00f3wna","item":"https:\/\/racom.com.pl\/"},{"@type":"ListItem","position":2,"name":"Sklep","item":"https:\/\/racom.com.pl\/"},{"@type":"ListItem","position":3,"name":"SKAKANKA YUNMAI YMHR-P702 FITNESS ZESTAW LINKA x2"}]},{"@type":"WebSite","@id":"https:\/\/racom.com.pl\/#website","url":"https:\/\/racom.com.pl\/","name":"Mix Market - Supermarket z wszystkim co potrzeba do domu i nie tylko","description":"","publisher":{"@id":"https:\/\/racom.com.pl\/#organization"},"potentialAction":[{"@type":"SearchAction","target":{"@type":"EntryPoint","urlTemplate":"https:\/\/racom.com.pl\/?s={search_term_string}"},"query-input":{"@type":"PropertyValueSpecification","valueRequired":true,"valueName":"search_term_string"}}],"inLanguage":"pl-PL"},{"@type":"Organization","@id":"https:\/\/racom.com.pl\/#organization","name":"Mix Market - Supermarket z wszystkim co potrzeba do domu i nie tylko","url":"https:\/\/racom.com.pl\/","logo":{"@type":"ImageObject","inLanguage":"pl-PL","@id":"https:\/\/racom.com.pl\/#\/schema\/logo\/image\/","url":"https:\/\/racom.com.pl\/wp-content\/uploads\/2025\/07\/mixmarket_logo.png","contentUrl":"https:\/\/racom.com.pl\/wp-content\/uploads\/2025\/07\/mixmarket_logo.png","width":1024,"height":1024,"caption":"Mix Market - Supermarket z wszystkim co potrzeba do domu i nie tylko"},"image":{"@id":"https:\/\/racom.com.pl\/#\/schema\/logo\/image\/"}}]}},"_links":{"self":[{"href":"https:\/\/racom.com.pl\/index.php\/wp-json\/wp\/v2\/product\/3574","targetHints":{"allow":["GET"]}}],"collection":[{"href":"https:\/\/racom.com.pl\/index.php\/wp-json\/wp\/v2\/product"}],"about":[{"href":"https:\/\/racom.com.pl\/index.php\/wp-json\/wp\/v2\/types\/product"}],"replies":[{"embeddable":true,"href":"https:\/\/racom.com.pl\/index.php\/wp-json\/wp\/v2\/comments?post=3574"}],"wp:featuredmedia":[{"embeddable":true,"href":"https:\/\/racom.com.pl\/index.php\/wp-json\/wp\/v2\/media\/3581"}],"wp:attachment":[{"href":"https:\/\/racom.com.pl\/index.php\/wp-json\/wp\/v2\/media?parent=3574"}],"wp:term":[{"taxonomy":"product_brand","embeddable":true,"href":"https:\/\/racom.com.pl\/index.php\/wp-json\/wp\/v2\/product_brand?post=3574"},{"taxonomy":"product_cat","embeddable":true,"href":"https:\/\/racom.com.pl\/index.php\/wp-json\/wp\/v2\/product_cat?post=3574"},{"taxonomy":"product_tag","embeddable":true,"href":"https:\/\/racom.com.pl\/index.php\/wp-json\/wp\/v2\/product_tag?post=3574"}],"curies":[{"name":"wp","href":"https:\/\/api.w.org\/{rel}","templated":true}]}}