{"id":3586,"date":"2025-07-20T17:08:49","date_gmt":"2025-07-20T15:08:49","guid":{"rendered":"http:\/\/192.168.2.106\/index.php\/produkt\/uchwyt-rowerowy-na-bidon-na-butelke-regulowany\/"},"modified":"2025-07-20T17:08:49","modified_gmt":"2025-07-20T15:08:49","slug":"uchwyt-rowerowy-na-bidon-na-butelke-regulowany","status":"publish","type":"product","link":"https:\/\/racom.com.pl\/index.php\/produkt\/uchwyt-rowerowy-na-bidon-na-butelke-regulowany\/","title":{"rendered":"Uchwyt Rowerowy Na Bidon Na Butelk\u0119 Regulowany"},"content":{"rendered":"<h2>Uchwyt na bidon rowerowy Basic Forever Outdoor czarny<\/h2>\n<p>Uchwyt na bidon do monta\u017cu na ram\u0119 roweru. Uniwersalny rozmiar oraz elastyczna konstrukcja pozwala na bezpieczne przewo\u017cenie zar\u00f3wno ma\u0142ych butelek jak i wi\u0119kszych bidon\u00f3w. Rozstaw otwor\u00f3w mota\u017cowych to 73-80mm.<\/p>\n<h2>\u2705 Najwa\u017cniejsze Cechy:<\/h2>\n<ul>\n<li>Wykonany z wysokiej jako\u015bci&nbsp;<b>tworzywa sztucznego,&nbsp;<\/b>uchwyt rowerowy na butelk\u0119 lub bidon. Koszyk niewiele wa\u017cy, dzi\u0119ki czemu nie b\u0119dzie dodatkowym obci\u0105\u017ceniem dla roweru.<\/li>\n<\/ul>\n<ul>\n<li>Uchwyt b\u0119dzie pasowa\u0142 do wi\u0119kszo\u015bci&nbsp;<b>rower\u00f3w szosowych, g\u00f3rskich, turystycznych i elektrycznych.<\/b><\/li>\n<\/ul>\n<ul>\n<li>Dopasowany kszta\u0142t zapewnia&nbsp;<b>pewny chwyt bidonu<\/b>&nbsp;i jednocze\u015bnie daje&nbsp;<b>\u0142atwo\u015b\u0107 w\u0142o\u017cenia\/wyj\u0119cia bidonu podczas jazdy<\/b>. Ponadto uchwyt \u0142atwo dopasowuje si\u0119&nbsp;<b>do bidon\u00f3w o r\u00f3\u017cnych wymiarach, <\/b>co sprawia, \u017ce<b>&nbsp;nie zgubimy go<\/b>&nbsp;w trakcie jazdy po wybojach.<\/li>\n<\/ul>\n","protected":false},"excerpt":{"rendered":"<p>Uchwyt na bidon rowerowy Basic Forever Outdoor czarny Uchwyt na bidon do monta\u017cu na ram\u0119 roweru. Uniwersalny rozmiar oraz elastyczna konstrukcja pozwala na bezpieczne przewo\u017cenie zar\u00f3wno ma\u0142ych butelek jak i wi\u0119kszych bidon\u00f3w. Rozstaw otwor\u00f3w mota\u017cowych to 73-80mm. \u2705 Najwa\u017cniejsze Cechy: Wykonany z wysokiej jako\u015bci&nbsp;tworzywa sztucznego,&nbsp;uchwyt rowerowy na butelk\u0119 lub bidon. Koszyk niewiele wa\u017cy, dzi\u0119ki czemu [&hellip;]<\/p>\n","protected":false},"featured_media":3590,"comment_status":"open","ping_status":"closed","template":"","meta":[],"product_brand":[259],"product_cat":[36],"product_tag":[],"class_list":{"0":"post-3586","1":"product","2":"type-product","3":"status-publish","4":"has-post-thumbnail","6":"product_brand-forever","7":"product_cat-akcesoria","9":"first","10":"instock","11":"taxable","12":"shipping-taxable","13":"purchasable","14":"product-type-simple"},"yoast_head":"<!-- This site is optimized with the Yoast SEO plugin v27.3 - https:\/\/yoast.com\/product\/yoast-seo-wordpress\/ -->\n<title>Uchwyt Rowerowy Na Bidon Na Butelk\u0119 Regulowany - Mix Market - Supermarket z wszystkim co potrzeba<\/title>\n<meta name=\"robots\" content=\"index, follow, max-snippet:-1, max-image-preview:large, max-video-preview:-1\" \/>\n<link rel=\"canonical\" href=\"https:\/\/racom.com.pl\/index.php\/produkt\/uchwyt-rowerowy-na-bidon-na-butelke-regulowany\/\" \/>\n<meta property=\"og:locale\" content=\"pl_PL\" \/>\n<meta property=\"og:type\" content=\"article\" \/>\n<meta property=\"og:title\" content=\"Uchwyt Rowerowy Na Bidon Na Butelk\u0119 Regulowany - Mix Market - Supermarket z wszystkim co potrzeba\" \/>\n<meta property=\"og:description\" content=\"Uchwyt na bidon rowerowy Basic Forever Outdoor czarny Uchwyt na bidon do monta\u017cu na ram\u0119 roweru. Uniwersalny rozmiar oraz elastyczna konstrukcja pozwala na bezpieczne przewo\u017cenie zar\u00f3wno ma\u0142ych butelek jak i wi\u0119kszych bidon\u00f3w. Rozstaw otwor\u00f3w mota\u017cowych to 73-80mm. \u2705 Najwa\u017cniejsze Cechy: Wykonany z wysokiej jako\u015bci&nbsp;tworzywa sztucznego,&nbsp;uchwyt rowerowy na butelk\u0119 lub bidon. Koszyk niewiele wa\u017cy, dzi\u0119ki czemu [&hellip;]\" \/>\n<meta property=\"og:url\" content=\"https:\/\/racom.com.pl\/index.php\/produkt\/uchwyt-rowerowy-na-bidon-na-butelke-regulowany\/\" \/>\n<meta property=\"og:site_name\" content=\"Mix Market - Supermarket z wszystkim co potrzeba\" \/>\n<meta property=\"og:image\" content=\"https:\/\/racom.com.pl\/wp-content\/uploads\/2025\/07\/allegro_687d06ee2ed9c4.15108342_1772eea5460d9217920cb77f4a36.jpg\" \/>\n\t<meta property=\"og:image:width\" content=\"482\" \/>\n\t<meta property=\"og:image:height\" content=\"500\" \/>\n\t<meta property=\"og:image:type\" content=\"image\/jpeg\" \/>\n<meta name=\"twitter:card\" content=\"summary_large_image\" \/>\n<meta name=\"twitter:label1\" content=\"Szacowany czas czytania\" \/>\n\t<meta name=\"twitter:data1\" content=\"1 minuta\" \/>\n<script type=\"application\/ld+json\" class=\"yoast-schema-graph\">{\"@context\":\"https:\\\/\\\/schema.org\",\"@graph\":[{\"@type\":\"WebPage\",\"@id\":\"https:\\\/\\\/racom.com.pl\\\/index.php\\\/produkt\\\/uchwyt-rowerowy-na-bidon-na-butelke-regulowany\\\/\",\"url\":\"https:\\\/\\\/racom.com.pl\\\/index.php\\\/produkt\\\/uchwyt-rowerowy-na-bidon-na-butelke-regulowany\\\/\",\"name\":\"Uchwyt Rowerowy Na Bidon Na Butelk\u0119 Regulowany - Mix Market - Supermarket z wszystkim co potrzeba\",\"isPartOf\":{\"@id\":\"https:\\\/\\\/racom.com.pl\\\/#website\"},\"primaryImageOfPage\":{\"@id\":\"https:\\\/\\\/racom.com.pl\\\/index.php\\\/produkt\\\/uchwyt-rowerowy-na-bidon-na-butelke-regulowany\\\/#primaryimage\"},\"image\":{\"@id\":\"https:\\\/\\\/racom.com.pl\\\/index.php\\\/produkt\\\/uchwyt-rowerowy-na-bidon-na-butelke-regulowany\\\/#primaryimage\"},\"thumbnailUrl\":\"https:\\\/\\\/racom.com.pl\\\/wp-content\\\/uploads\\\/2025\\\/07\\\/allegro_687d06ee2ed9c4.15108342_1772eea5460d9217920cb77f4a36.jpg\",\"datePublished\":\"2025-07-20T15:08:49+00:00\",\"breadcrumb\":{\"@id\":\"https:\\\/\\\/racom.com.pl\\\/index.php\\\/produkt\\\/uchwyt-rowerowy-na-bidon-na-butelke-regulowany\\\/#breadcrumb\"},\"inLanguage\":\"pl-PL\",\"potentialAction\":[{\"@type\":\"ReadAction\",\"target\":[\"https:\\\/\\\/racom.com.pl\\\/index.php\\\/produkt\\\/uchwyt-rowerowy-na-bidon-na-butelke-regulowany\\\/\"]}]},{\"@type\":\"ImageObject\",\"inLanguage\":\"pl-PL\",\"@id\":\"https:\\\/\\\/racom.com.pl\\\/index.php\\\/produkt\\\/uchwyt-rowerowy-na-bidon-na-butelke-regulowany\\\/#primaryimage\",\"url\":\"https:\\\/\\\/racom.com.pl\\\/wp-content\\\/uploads\\\/2025\\\/07\\\/allegro_687d06ee2ed9c4.15108342_1772eea5460d9217920cb77f4a36.jpg\",\"contentUrl\":\"https:\\\/\\\/racom.com.pl\\\/wp-content\\\/uploads\\\/2025\\\/07\\\/allegro_687d06ee2ed9c4.15108342_1772eea5460d9217920cb77f4a36.jpg\",\"width\":482,\"height\":500},{\"@type\":\"BreadcrumbList\",\"@id\":\"https:\\\/\\\/racom.com.pl\\\/index.php\\\/produkt\\\/uchwyt-rowerowy-na-bidon-na-butelke-regulowany\\\/#breadcrumb\",\"itemListElement\":[{\"@type\":\"ListItem\",\"position\":1,\"name\":\"Strona g\u0142\u00f3wna\",\"item\":\"https:\\\/\\\/racom.com.pl\\\/\"},{\"@type\":\"ListItem\",\"position\":2,\"name\":\"Sklep\",\"item\":\"https:\\\/\\\/racom.com.pl\\\/\"},{\"@type\":\"ListItem\",\"position\":3,\"name\":\"Uchwyt Rowerowy Na Bidon Na Butelk\u0119 Regulowany\"}]},{\"@type\":\"WebSite\",\"@id\":\"https:\\\/\\\/racom.com.pl\\\/#website\",\"url\":\"https:\\\/\\\/racom.com.pl\\\/\",\"name\":\"Mix Market - Supermarket z wszystkim co potrzeba do domu i nie tylko\",\"description\":\"\",\"publisher\":{\"@id\":\"https:\\\/\\\/racom.com.pl\\\/#organization\"},\"potentialAction\":[{\"@type\":\"SearchAction\",\"target\":{\"@type\":\"EntryPoint\",\"urlTemplate\":\"https:\\\/\\\/racom.com.pl\\\/?s={search_term_string}\"},\"query-input\":{\"@type\":\"PropertyValueSpecification\",\"valueRequired\":true,\"valueName\":\"search_term_string\"}}],\"inLanguage\":\"pl-PL\"},{\"@type\":\"Organization\",\"@id\":\"https:\\\/\\\/racom.com.pl\\\/#organization\",\"name\":\"Mix Market - Supermarket z wszystkim co potrzeba do domu i nie tylko\",\"url\":\"https:\\\/\\\/racom.com.pl\\\/\",\"logo\":{\"@type\":\"ImageObject\",\"inLanguage\":\"pl-PL\",\"@id\":\"https:\\\/\\\/racom.com.pl\\\/#\\\/schema\\\/logo\\\/image\\\/\",\"url\":\"https:\\\/\\\/racom.com.pl\\\/wp-content\\\/uploads\\\/2025\\\/07\\\/mixmarket_logo.png\",\"contentUrl\":\"https:\\\/\\\/racom.com.pl\\\/wp-content\\\/uploads\\\/2025\\\/07\\\/mixmarket_logo.png\",\"width\":1024,\"height\":1024,\"caption\":\"Mix Market - Supermarket z wszystkim co potrzeba do domu i nie tylko\"},\"image\":{\"@id\":\"https:\\\/\\\/racom.com.pl\\\/#\\\/schema\\\/logo\\\/image\\\/\"}}]}<\/script>\n<!-- \/ Yoast SEO plugin. -->","yoast_head_json":{"title":"Uchwyt Rowerowy Na Bidon Na Butelk\u0119 Regulowany - Mix Market - Supermarket z wszystkim co potrzeba","robots":{"index":"index","follow":"follow","max-snippet":"max-snippet:-1","max-image-preview":"max-image-preview:large","max-video-preview":"max-video-preview:-1"},"canonical":"https:\/\/racom.com.pl\/index.php\/produkt\/uchwyt-rowerowy-na-bidon-na-butelke-regulowany\/","og_locale":"pl_PL","og_type":"article","og_title":"Uchwyt Rowerowy Na Bidon Na Butelk\u0119 Regulowany - Mix Market - Supermarket z wszystkim co potrzeba","og_description":"Uchwyt na bidon rowerowy Basic Forever Outdoor czarny Uchwyt na bidon do monta\u017cu na ram\u0119 roweru. Uniwersalny rozmiar oraz elastyczna konstrukcja pozwala na bezpieczne przewo\u017cenie zar\u00f3wno ma\u0142ych butelek jak i wi\u0119kszych bidon\u00f3w. Rozstaw otwor\u00f3w mota\u017cowych to 73-80mm. \u2705 Najwa\u017cniejsze Cechy: Wykonany z wysokiej jako\u015bci&nbsp;tworzywa sztucznego,&nbsp;uchwyt rowerowy na butelk\u0119 lub bidon. Koszyk niewiele wa\u017cy, dzi\u0119ki czemu [&hellip;]","og_url":"https:\/\/racom.com.pl\/index.php\/produkt\/uchwyt-rowerowy-na-bidon-na-butelke-regulowany\/","og_site_name":"Mix Market - Supermarket z wszystkim co potrzeba","og_image":[{"width":482,"height":500,"url":"https:\/\/racom.com.pl\/wp-content\/uploads\/2025\/07\/allegro_687d06ee2ed9c4.15108342_1772eea5460d9217920cb77f4a36.jpg","type":"image\/jpeg"}],"twitter_card":"summary_large_image","twitter_misc":{"Szacowany czas czytania":"1 minuta"},"schema":{"@context":"https:\/\/schema.org","@graph":[{"@type":"WebPage","@id":"https:\/\/racom.com.pl\/index.php\/produkt\/uchwyt-rowerowy-na-bidon-na-butelke-regulowany\/","url":"https:\/\/racom.com.pl\/index.php\/produkt\/uchwyt-rowerowy-na-bidon-na-butelke-regulowany\/","name":"Uchwyt Rowerowy Na Bidon Na Butelk\u0119 Regulowany - Mix Market - Supermarket z wszystkim co potrzeba","isPartOf":{"@id":"https:\/\/racom.com.pl\/#website"},"primaryImageOfPage":{"@id":"https:\/\/racom.com.pl\/index.php\/produkt\/uchwyt-rowerowy-na-bidon-na-butelke-regulowany\/#primaryimage"},"image":{"@id":"https:\/\/racom.com.pl\/index.php\/produkt\/uchwyt-rowerowy-na-bidon-na-butelke-regulowany\/#primaryimage"},"thumbnailUrl":"https:\/\/racom.com.pl\/wp-content\/uploads\/2025\/07\/allegro_687d06ee2ed9c4.15108342_1772eea5460d9217920cb77f4a36.jpg","datePublished":"2025-07-20T15:08:49+00:00","breadcrumb":{"@id":"https:\/\/racom.com.pl\/index.php\/produkt\/uchwyt-rowerowy-na-bidon-na-butelke-regulowany\/#breadcrumb"},"inLanguage":"pl-PL","potentialAction":[{"@type":"ReadAction","target":["https:\/\/racom.com.pl\/index.php\/produkt\/uchwyt-rowerowy-na-bidon-na-butelke-regulowany\/"]}]},{"@type":"ImageObject","inLanguage":"pl-PL","@id":"https:\/\/racom.com.pl\/index.php\/produkt\/uchwyt-rowerowy-na-bidon-na-butelke-regulowany\/#primaryimage","url":"https:\/\/racom.com.pl\/wp-content\/uploads\/2025\/07\/allegro_687d06ee2ed9c4.15108342_1772eea5460d9217920cb77f4a36.jpg","contentUrl":"https:\/\/racom.com.pl\/wp-content\/uploads\/2025\/07\/allegro_687d06ee2ed9c4.15108342_1772eea5460d9217920cb77f4a36.jpg","width":482,"height":500},{"@type":"BreadcrumbList","@id":"https:\/\/racom.com.pl\/index.php\/produkt\/uchwyt-rowerowy-na-bidon-na-butelke-regulowany\/#breadcrumb","itemListElement":[{"@type":"ListItem","position":1,"name":"Strona g\u0142\u00f3wna","item":"https:\/\/racom.com.pl\/"},{"@type":"ListItem","position":2,"name":"Sklep","item":"https:\/\/racom.com.pl\/"},{"@type":"ListItem","position":3,"name":"Uchwyt Rowerowy Na Bidon Na Butelk\u0119 Regulowany"}]},{"@type":"WebSite","@id":"https:\/\/racom.com.pl\/#website","url":"https:\/\/racom.com.pl\/","name":"Mix Market - Supermarket z wszystkim co potrzeba do domu i nie tylko","description":"","publisher":{"@id":"https:\/\/racom.com.pl\/#organization"},"potentialAction":[{"@type":"SearchAction","target":{"@type":"EntryPoint","urlTemplate":"https:\/\/racom.com.pl\/?s={search_term_string}"},"query-input":{"@type":"PropertyValueSpecification","valueRequired":true,"valueName":"search_term_string"}}],"inLanguage":"pl-PL"},{"@type":"Organization","@id":"https:\/\/racom.com.pl\/#organization","name":"Mix Market - Supermarket z wszystkim co potrzeba do domu i nie tylko","url":"https:\/\/racom.com.pl\/","logo":{"@type":"ImageObject","inLanguage":"pl-PL","@id":"https:\/\/racom.com.pl\/#\/schema\/logo\/image\/","url":"https:\/\/racom.com.pl\/wp-content\/uploads\/2025\/07\/mixmarket_logo.png","contentUrl":"https:\/\/racom.com.pl\/wp-content\/uploads\/2025\/07\/mixmarket_logo.png","width":1024,"height":1024,"caption":"Mix Market - Supermarket z wszystkim co potrzeba do domu i nie tylko"},"image":{"@id":"https:\/\/racom.com.pl\/#\/schema\/logo\/image\/"}}]}},"_links":{"self":[{"href":"https:\/\/racom.com.pl\/index.php\/wp-json\/wp\/v2\/product\/3586","targetHints":{"allow":["GET"]}}],"collection":[{"href":"https:\/\/racom.com.pl\/index.php\/wp-json\/wp\/v2\/product"}],"about":[{"href":"https:\/\/racom.com.pl\/index.php\/wp-json\/wp\/v2\/types\/product"}],"replies":[{"embeddable":true,"href":"https:\/\/racom.com.pl\/index.php\/wp-json\/wp\/v2\/comments?post=3586"}],"wp:featuredmedia":[{"embeddable":true,"href":"https:\/\/racom.com.pl\/index.php\/wp-json\/wp\/v2\/media\/3590"}],"wp:attachment":[{"href":"https:\/\/racom.com.pl\/index.php\/wp-json\/wp\/v2\/media?parent=3586"}],"wp:term":[{"taxonomy":"product_brand","embeddable":true,"href":"https:\/\/racom.com.pl\/index.php\/wp-json\/wp\/v2\/product_brand?post=3586"},{"taxonomy":"product_cat","embeddable":true,"href":"https:\/\/racom.com.pl\/index.php\/wp-json\/wp\/v2\/product_cat?post=3586"},{"taxonomy":"product_tag","embeddable":true,"href":"https:\/\/racom.com.pl\/index.php\/wp-json\/wp\/v2\/product_tag?post=3586"}],"curies":[{"name":"wp","href":"https:\/\/api.w.org\/{rel}","templated":true}]}}