{"id":3650,"date":"2025-07-20T17:29:07","date_gmt":"2025-07-20T15:29:07","guid":{"rendered":"http:\/\/192.168.2.106\/index.php\/produkt\/skladana-saperka-survival-multitool-lopata-noz-motyka-krzesiwo-pila-18w1\/"},"modified":"2025-07-20T17:29:07","modified_gmt":"2025-07-20T15:29:07","slug":"skladana-saperka-survival-multitool-lopata-noz-motyka-krzesiwo-pila-18w1","status":"publish","type":"product","link":"https:\/\/racom.com.pl\/index.php\/produkt\/skladana-saperka-survival-multitool-lopata-noz-motyka-krzesiwo-pila-18w1\/","title":{"rendered":"Sk\u0142adana saperka SURVIVAL multitool \u0141opata N\u00f3\u017c Motyka Krzesiwo Pi\u0142a 18w1"},"content":{"rendered":"<h2>Wielofunkcyjna saperka survivalowa multitool 18w1<\/h2>\n<p><b>Wielofunkcyjna saperka<\/b> to narz\u0119dzie, kt\u00f3re jest niezb\u0119dne w ka\u017cdej wyprawie turystycznej, survivalowej czy te\u017c podczas prac w ogrodzie lub lesie. Jest to r\u00f3wnie\u017c bardzo praktyczne narz\u0119dzie podczas wyjazd\u00f3w campingowych.<\/p>\n<p>Dzi\u0119ki swoim funkcjom mo\u017cna j\u0105 wykorzysta\u0107 do przygotowania <b>miejsca na ognisko<\/b> czy te\u017c do przygotowania drewna na opa\u0142. Saperka wykonana jest z wytrzyma\u0142ego materia\u0142u, co zapewnia jej d\u0142ug\u0105 \u017cywotno\u015b\u0107. Mo\u017cna j\u0105 <b>sk\u0142ada\u0107 i demontowa\u0107<\/b> w kilku \u0142atwych krokach, co czyni j\u0105 bardzo praktycznym narz\u0119dziem. Saperka posiada wiele funkcji. Opr\u00f3cz standardowego u\u017cycia jako <b>\u0142opaty<\/b> mo\u017cna j\u0105 wykorzysta\u0107 do <b>pi\u0142owania drewna<\/b>, <b>wyr\u00f3wnywania powierzchni<\/b>, odkr\u0119cania gwint\u00f3w, czy te\u017c do odkrywania r\u00f3\u017cnych przedmiot\u00f3w. Wyposa\u017cona w <b>dodatkowe ko\u0144c\u00f3wki<\/b> \u2013 n\u00f3\u017c <b>wielofunkcyjny, krzesiwo, gwizdek, zbijak<\/b>. Dzi\u0119ki temu jest to urz\u0105dzenie bardzo uniwersalne i przydatne w wielu sytuacjach. Saperka wyposa\u017cona jest w dwa <b>pokrowce \u2013 na ostrze oraz na ca\u0142e narz\u0119dzie<\/b>, co umo\u017cliwia jej bezpieczne przenoszenie i przechowywanie. Pokrowce s\u0105 wykonane z wytrzyma\u0142ego poliestru i zapewniaj\u0105 ochron\u0119 saperki przed uszkodzeniem i zarysowaniem.<\/p>\n<h2>Specyfikacja:<\/h2>\n<ul>\n<li>Wykonana z wysokiej klasy materia\u0142\u00f3w<\/li>\n<li><b>Odporna na korozj\u0119<\/b> i inne uszkodzenia<\/li>\n<li>Wiele wymiennych ko\u0144c\u00f3wek<\/li>\n<li>Lekka i kompaktowa<\/li>\n<li>Wy\u017c\u0142obienia usprawniaj\u0105ce chwyt<\/li>\n<li>Mo\u017cliwo\u015b\u0107 dostosowywania d\u0142ugo\u015bci<\/li>\n<li>Mo\u017cliwo\u015b\u0107 z\u0142o\u017cenia i oszcz\u0119dno\u015b\u0107 miejsca<\/li>\n<\/ul>\n<h2>Saperka mo\u017ce s\u0142u\u017cy\u0107 jako:<\/h2>\n<ol>\n<li><b>\u0141opata<\/b><\/li>\n<li>Miarka 7 cm<\/li>\n<li>Klucz oczkowy sze\u015bciok\u0105tny 12 mm<\/li>\n<li>Klucz oczkowy sze\u015bciok\u0105tny 14 mm<\/li>\n<li>Hak<\/li>\n<li>Pa\u0142ka<\/li>\n<li>Motyka<\/li>\n<li>Siekiera<\/li>\n<li>Pi\u0142a<\/li>\n<li>Grot do nabijania<\/li>\n<li>Skrobak<\/li>\n<li>N\u00f3\u017c<\/li>\n<li>Otwieracz do butelek<\/li>\n<li>Otwieracz do puszek<\/li>\n<li>Gwizdek<\/li>\n<li>Krzesiwo<\/li>\n<li>Zbijak do szyb<\/li>\n<\/ol>\n<ul>\n<li>D\u0142ugo\u015b\u0107 ca\u0142kowita: 63 cm<\/li>\n<li>D\u0142ugo\u015b\u0107 szpadla: 12 cm<\/li>\n<li>Szeroko\u015b\u0107: 10,5 cm<\/li>\n<li>Materia\u0142: stal w\u0119glowa<\/li>\n<li>Waga: 0,56 kg<\/li>\n<li>Kolor: srebrny<\/li>\n<\/ul>\n","protected":false},"excerpt":{"rendered":"<p>Wielofunkcyjna saperka survivalowa multitool 18w1 Wielofunkcyjna saperka to narz\u0119dzie, kt\u00f3re jest niezb\u0119dne w ka\u017cdej wyprawie turystycznej, survivalowej czy te\u017c podczas prac w ogrodzie lub lesie. Jest to r\u00f3wnie\u017c bardzo praktyczne narz\u0119dzie podczas wyjazd\u00f3w campingowych. Dzi\u0119ki swoim funkcjom mo\u017cna j\u0105 wykorzysta\u0107 do przygotowania miejsca na ognisko czy te\u017c do przygotowania drewna na opa\u0142. Saperka wykonana jest [&hellip;]<\/p>\n","protected":false},"featured_media":3660,"comment_status":"open","ping_status":"closed","template":"","meta":[],"product_brand":[84],"product_cat":[266],"product_tag":[],"class_list":{"0":"post-3650","1":"product","2":"type-product","3":"status-publish","4":"has-post-thumbnail","6":"product_brand-vergionic","7":"product_cat-noze-scyzoryki-i-multitoole","9":"first","10":"instock","11":"taxable","12":"shipping-taxable","13":"purchasable","14":"product-type-simple"},"yoast_head":"<!-- This site is optimized with the Yoast SEO plugin v27.3 - https:\/\/yoast.com\/product\/yoast-seo-wordpress\/ -->\n<title>Sk\u0142adana saperka SURVIVAL multitool \u0141opata N\u00f3\u017c Motyka Krzesiwo Pi\u0142a 18w1 - Mix Market - Supermarket z wszystkim co potrzeba<\/title>\n<meta name=\"robots\" content=\"index, follow, max-snippet:-1, max-image-preview:large, max-video-preview:-1\" \/>\n<link rel=\"canonical\" href=\"https:\/\/racom.com.pl\/index.php\/produkt\/skladana-saperka-survival-multitool-lopata-noz-motyka-krzesiwo-pila-18w1\/\" \/>\n<meta property=\"og:locale\" content=\"pl_PL\" \/>\n<meta property=\"og:type\" content=\"article\" \/>\n<meta property=\"og:title\" content=\"Sk\u0142adana saperka SURVIVAL multitool \u0141opata N\u00f3\u017c Motyka Krzesiwo Pi\u0142a 18w1 - Mix Market - Supermarket z wszystkim co potrzeba\" \/>\n<meta property=\"og:description\" content=\"Wielofunkcyjna saperka survivalowa multitool 18w1 Wielofunkcyjna saperka to narz\u0119dzie, kt\u00f3re jest niezb\u0119dne w ka\u017cdej wyprawie turystycznej, survivalowej czy te\u017c podczas prac w ogrodzie lub lesie. Jest to r\u00f3wnie\u017c bardzo praktyczne narz\u0119dzie podczas wyjazd\u00f3w campingowych. Dzi\u0119ki swoim funkcjom mo\u017cna j\u0105 wykorzysta\u0107 do przygotowania miejsca na ognisko czy te\u017c do przygotowania drewna na opa\u0142. Saperka wykonana jest [&hellip;]\" \/>\n<meta property=\"og:url\" content=\"https:\/\/racom.com.pl\/index.php\/produkt\/skladana-saperka-survival-multitool-lopata-noz-motyka-krzesiwo-pila-18w1\/\" \/>\n<meta property=\"og:site_name\" content=\"Mix Market - Supermarket z wszystkim co potrzeba\" \/>\n<meta property=\"og:image\" content=\"https:\/\/racom.com.pl\/wp-content\/uploads\/2025\/07\/allegro_687d0c577f4f43.11791115_c2c01c974a2a95f61af0f25e3a6c-1024x1024.jpg\" \/>\n\t<meta property=\"og:image:width\" content=\"1024\" \/>\n\t<meta property=\"og:image:height\" content=\"1024\" \/>\n\t<meta property=\"og:image:type\" content=\"image\/jpeg\" \/>\n<meta name=\"twitter:card\" content=\"summary_large_image\" \/>\n<meta name=\"twitter:label1\" content=\"Szacowany czas czytania\" \/>\n\t<meta name=\"twitter:data1\" content=\"1 minuta\" \/>\n<script type=\"application\/ld+json\" class=\"yoast-schema-graph\">{\"@context\":\"https:\\\/\\\/schema.org\",\"@graph\":[{\"@type\":\"WebPage\",\"@id\":\"https:\\\/\\\/racom.com.pl\\\/index.php\\\/produkt\\\/skladana-saperka-survival-multitool-lopata-noz-motyka-krzesiwo-pila-18w1\\\/\",\"url\":\"https:\\\/\\\/racom.com.pl\\\/index.php\\\/produkt\\\/skladana-saperka-survival-multitool-lopata-noz-motyka-krzesiwo-pila-18w1\\\/\",\"name\":\"Sk\u0142adana saperka SURVIVAL multitool \u0141opata N\u00f3\u017c Motyka Krzesiwo Pi\u0142a 18w1 - Mix Market - Supermarket z wszystkim co potrzeba\",\"isPartOf\":{\"@id\":\"https:\\\/\\\/racom.com.pl\\\/#website\"},\"primaryImageOfPage\":{\"@id\":\"https:\\\/\\\/racom.com.pl\\\/index.php\\\/produkt\\\/skladana-saperka-survival-multitool-lopata-noz-motyka-krzesiwo-pila-18w1\\\/#primaryimage\"},\"image\":{\"@id\":\"https:\\\/\\\/racom.com.pl\\\/index.php\\\/produkt\\\/skladana-saperka-survival-multitool-lopata-noz-motyka-krzesiwo-pila-18w1\\\/#primaryimage\"},\"thumbnailUrl\":\"https:\\\/\\\/racom.com.pl\\\/wp-content\\\/uploads\\\/2025\\\/07\\\/allegro_687d0c577f4f43.11791115_c2c01c974a2a95f61af0f25e3a6c.jpg\",\"datePublished\":\"2025-07-20T15:29:07+00:00\",\"breadcrumb\":{\"@id\":\"https:\\\/\\\/racom.com.pl\\\/index.php\\\/produkt\\\/skladana-saperka-survival-multitool-lopata-noz-motyka-krzesiwo-pila-18w1\\\/#breadcrumb\"},\"inLanguage\":\"pl-PL\",\"potentialAction\":[{\"@type\":\"ReadAction\",\"target\":[\"https:\\\/\\\/racom.com.pl\\\/index.php\\\/produkt\\\/skladana-saperka-survival-multitool-lopata-noz-motyka-krzesiwo-pila-18w1\\\/\"]}]},{\"@type\":\"ImageObject\",\"inLanguage\":\"pl-PL\",\"@id\":\"https:\\\/\\\/racom.com.pl\\\/index.php\\\/produkt\\\/skladana-saperka-survival-multitool-lopata-noz-motyka-krzesiwo-pila-18w1\\\/#primaryimage\",\"url\":\"https:\\\/\\\/racom.com.pl\\\/wp-content\\\/uploads\\\/2025\\\/07\\\/allegro_687d0c577f4f43.11791115_c2c01c974a2a95f61af0f25e3a6c.jpg\",\"contentUrl\":\"https:\\\/\\\/racom.com.pl\\\/wp-content\\\/uploads\\\/2025\\\/07\\\/allegro_687d0c577f4f43.11791115_c2c01c974a2a95f61af0f25e3a6c.jpg\",\"width\":2500,\"height\":2500},{\"@type\":\"BreadcrumbList\",\"@id\":\"https:\\\/\\\/racom.com.pl\\\/index.php\\\/produkt\\\/skladana-saperka-survival-multitool-lopata-noz-motyka-krzesiwo-pila-18w1\\\/#breadcrumb\",\"itemListElement\":[{\"@type\":\"ListItem\",\"position\":1,\"name\":\"Strona g\u0142\u00f3wna\",\"item\":\"https:\\\/\\\/racom.com.pl\\\/\"},{\"@type\":\"ListItem\",\"position\":2,\"name\":\"Sklep\",\"item\":\"https:\\\/\\\/racom.com.pl\\\/\"},{\"@type\":\"ListItem\",\"position\":3,\"name\":\"Sk\u0142adana saperka SURVIVAL multitool \u0141opata N\u00f3\u017c Motyka Krzesiwo Pi\u0142a 18w1\"}]},{\"@type\":\"WebSite\",\"@id\":\"https:\\\/\\\/racom.com.pl\\\/#website\",\"url\":\"https:\\\/\\\/racom.com.pl\\\/\",\"name\":\"Mix Market - Supermarket z wszystkim co potrzeba do domu i nie tylko\",\"description\":\"\",\"publisher\":{\"@id\":\"https:\\\/\\\/racom.com.pl\\\/#organization\"},\"potentialAction\":[{\"@type\":\"SearchAction\",\"target\":{\"@type\":\"EntryPoint\",\"urlTemplate\":\"https:\\\/\\\/racom.com.pl\\\/?s={search_term_string}\"},\"query-input\":{\"@type\":\"PropertyValueSpecification\",\"valueRequired\":true,\"valueName\":\"search_term_string\"}}],\"inLanguage\":\"pl-PL\"},{\"@type\":\"Organization\",\"@id\":\"https:\\\/\\\/racom.com.pl\\\/#organization\",\"name\":\"Mix Market - Supermarket z wszystkim co potrzeba do domu i nie tylko\",\"url\":\"https:\\\/\\\/racom.com.pl\\\/\",\"logo\":{\"@type\":\"ImageObject\",\"inLanguage\":\"pl-PL\",\"@id\":\"https:\\\/\\\/racom.com.pl\\\/#\\\/schema\\\/logo\\\/image\\\/\",\"url\":\"https:\\\/\\\/racom.com.pl\\\/wp-content\\\/uploads\\\/2025\\\/07\\\/mixmarket_logo.png\",\"contentUrl\":\"https:\\\/\\\/racom.com.pl\\\/wp-content\\\/uploads\\\/2025\\\/07\\\/mixmarket_logo.png\",\"width\":1024,\"height\":1024,\"caption\":\"Mix Market - Supermarket z wszystkim co potrzeba do domu i nie tylko\"},\"image\":{\"@id\":\"https:\\\/\\\/racom.com.pl\\\/#\\\/schema\\\/logo\\\/image\\\/\"}}]}<\/script>\n<!-- \/ Yoast SEO plugin. -->","yoast_head_json":{"title":"Sk\u0142adana saperka SURVIVAL multitool \u0141opata N\u00f3\u017c Motyka Krzesiwo Pi\u0142a 18w1 - Mix Market - Supermarket z wszystkim co potrzeba","robots":{"index":"index","follow":"follow","max-snippet":"max-snippet:-1","max-image-preview":"max-image-preview:large","max-video-preview":"max-video-preview:-1"},"canonical":"https:\/\/racom.com.pl\/index.php\/produkt\/skladana-saperka-survival-multitool-lopata-noz-motyka-krzesiwo-pila-18w1\/","og_locale":"pl_PL","og_type":"article","og_title":"Sk\u0142adana saperka SURVIVAL multitool \u0141opata N\u00f3\u017c Motyka Krzesiwo Pi\u0142a 18w1 - Mix Market - Supermarket z wszystkim co potrzeba","og_description":"Wielofunkcyjna saperka survivalowa multitool 18w1 Wielofunkcyjna saperka to narz\u0119dzie, kt\u00f3re jest niezb\u0119dne w ka\u017cdej wyprawie turystycznej, survivalowej czy te\u017c podczas prac w ogrodzie lub lesie. Jest to r\u00f3wnie\u017c bardzo praktyczne narz\u0119dzie podczas wyjazd\u00f3w campingowych. Dzi\u0119ki swoim funkcjom mo\u017cna j\u0105 wykorzysta\u0107 do przygotowania miejsca na ognisko czy te\u017c do przygotowania drewna na opa\u0142. Saperka wykonana jest [&hellip;]","og_url":"https:\/\/racom.com.pl\/index.php\/produkt\/skladana-saperka-survival-multitool-lopata-noz-motyka-krzesiwo-pila-18w1\/","og_site_name":"Mix Market - Supermarket z wszystkim co potrzeba","og_image":[{"width":1024,"height":1024,"url":"https:\/\/racom.com.pl\/wp-content\/uploads\/2025\/07\/allegro_687d0c577f4f43.11791115_c2c01c974a2a95f61af0f25e3a6c-1024x1024.jpg","type":"image\/jpeg"}],"twitter_card":"summary_large_image","twitter_misc":{"Szacowany czas czytania":"1 minuta"},"schema":{"@context":"https:\/\/schema.org","@graph":[{"@type":"WebPage","@id":"https:\/\/racom.com.pl\/index.php\/produkt\/skladana-saperka-survival-multitool-lopata-noz-motyka-krzesiwo-pila-18w1\/","url":"https:\/\/racom.com.pl\/index.php\/produkt\/skladana-saperka-survival-multitool-lopata-noz-motyka-krzesiwo-pila-18w1\/","name":"Sk\u0142adana saperka SURVIVAL multitool \u0141opata N\u00f3\u017c Motyka Krzesiwo Pi\u0142a 18w1 - Mix Market - Supermarket z wszystkim co potrzeba","isPartOf":{"@id":"https:\/\/racom.com.pl\/#website"},"primaryImageOfPage":{"@id":"https:\/\/racom.com.pl\/index.php\/produkt\/skladana-saperka-survival-multitool-lopata-noz-motyka-krzesiwo-pila-18w1\/#primaryimage"},"image":{"@id":"https:\/\/racom.com.pl\/index.php\/produkt\/skladana-saperka-survival-multitool-lopata-noz-motyka-krzesiwo-pila-18w1\/#primaryimage"},"thumbnailUrl":"https:\/\/racom.com.pl\/wp-content\/uploads\/2025\/07\/allegro_687d0c577f4f43.11791115_c2c01c974a2a95f61af0f25e3a6c.jpg","datePublished":"2025-07-20T15:29:07+00:00","breadcrumb":{"@id":"https:\/\/racom.com.pl\/index.php\/produkt\/skladana-saperka-survival-multitool-lopata-noz-motyka-krzesiwo-pila-18w1\/#breadcrumb"},"inLanguage":"pl-PL","potentialAction":[{"@type":"ReadAction","target":["https:\/\/racom.com.pl\/index.php\/produkt\/skladana-saperka-survival-multitool-lopata-noz-motyka-krzesiwo-pila-18w1\/"]}]},{"@type":"ImageObject","inLanguage":"pl-PL","@id":"https:\/\/racom.com.pl\/index.php\/produkt\/skladana-saperka-survival-multitool-lopata-noz-motyka-krzesiwo-pila-18w1\/#primaryimage","url":"https:\/\/racom.com.pl\/wp-content\/uploads\/2025\/07\/allegro_687d0c577f4f43.11791115_c2c01c974a2a95f61af0f25e3a6c.jpg","contentUrl":"https:\/\/racom.com.pl\/wp-content\/uploads\/2025\/07\/allegro_687d0c577f4f43.11791115_c2c01c974a2a95f61af0f25e3a6c.jpg","width":2500,"height":2500},{"@type":"BreadcrumbList","@id":"https:\/\/racom.com.pl\/index.php\/produkt\/skladana-saperka-survival-multitool-lopata-noz-motyka-krzesiwo-pila-18w1\/#breadcrumb","itemListElement":[{"@type":"ListItem","position":1,"name":"Strona g\u0142\u00f3wna","item":"https:\/\/racom.com.pl\/"},{"@type":"ListItem","position":2,"name":"Sklep","item":"https:\/\/racom.com.pl\/"},{"@type":"ListItem","position":3,"name":"Sk\u0142adana saperka SURVIVAL multitool \u0141opata N\u00f3\u017c Motyka Krzesiwo Pi\u0142a 18w1"}]},{"@type":"WebSite","@id":"https:\/\/racom.com.pl\/#website","url":"https:\/\/racom.com.pl\/","name":"Mix Market - Supermarket z wszystkim co potrzeba do domu i nie tylko","description":"","publisher":{"@id":"https:\/\/racom.com.pl\/#organization"},"potentialAction":[{"@type":"SearchAction","target":{"@type":"EntryPoint","urlTemplate":"https:\/\/racom.com.pl\/?s={search_term_string}"},"query-input":{"@type":"PropertyValueSpecification","valueRequired":true,"valueName":"search_term_string"}}],"inLanguage":"pl-PL"},{"@type":"Organization","@id":"https:\/\/racom.com.pl\/#organization","name":"Mix Market - Supermarket z wszystkim co potrzeba do domu i nie tylko","url":"https:\/\/racom.com.pl\/","logo":{"@type":"ImageObject","inLanguage":"pl-PL","@id":"https:\/\/racom.com.pl\/#\/schema\/logo\/image\/","url":"https:\/\/racom.com.pl\/wp-content\/uploads\/2025\/07\/mixmarket_logo.png","contentUrl":"https:\/\/racom.com.pl\/wp-content\/uploads\/2025\/07\/mixmarket_logo.png","width":1024,"height":1024,"caption":"Mix Market - Supermarket z wszystkim co potrzeba do domu i nie tylko"},"image":{"@id":"https:\/\/racom.com.pl\/#\/schema\/logo\/image\/"}}]}},"_links":{"self":[{"href":"https:\/\/racom.com.pl\/index.php\/wp-json\/wp\/v2\/product\/3650","targetHints":{"allow":["GET"]}}],"collection":[{"href":"https:\/\/racom.com.pl\/index.php\/wp-json\/wp\/v2\/product"}],"about":[{"href":"https:\/\/racom.com.pl\/index.php\/wp-json\/wp\/v2\/types\/product"}],"replies":[{"embeddable":true,"href":"https:\/\/racom.com.pl\/index.php\/wp-json\/wp\/v2\/comments?post=3650"}],"wp:featuredmedia":[{"embeddable":true,"href":"https:\/\/racom.com.pl\/index.php\/wp-json\/wp\/v2\/media\/3660"}],"wp:attachment":[{"href":"https:\/\/racom.com.pl\/index.php\/wp-json\/wp\/v2\/media?parent=3650"}],"wp:term":[{"taxonomy":"product_brand","embeddable":true,"href":"https:\/\/racom.com.pl\/index.php\/wp-json\/wp\/v2\/product_brand?post=3650"},{"taxonomy":"product_cat","embeddable":true,"href":"https:\/\/racom.com.pl\/index.php\/wp-json\/wp\/v2\/product_cat?post=3650"},{"taxonomy":"product_tag","embeddable":true,"href":"https:\/\/racom.com.pl\/index.php\/wp-json\/wp\/v2\/product_tag?post=3650"}],"curies":[{"name":"wp","href":"https:\/\/api.w.org\/{rel}","templated":true}]}}