{"id":3664,"date":"2025-07-20T17:35:21","date_gmt":"2025-07-20T15:35:21","guid":{"rendered":"http:\/\/192.168.2.106\/index.php\/produkt\/zegary-x6-hud-head-up-wyswietlacz-predkosci-obd2\/"},"modified":"2025-07-20T17:35:21","modified_gmt":"2025-07-20T15:35:21","slug":"zegary-x6-hud-head-up-wyswietlacz-predkosci-obd2","status":"publish","type":"product","link":"https:\/\/racom.com.pl\/index.php\/produkt\/zegary-x6-hud-head-up-wyswietlacz-predkosci-obd2\/","title":{"rendered":"ZEGARY X6 HUD HEAD UP WY\u015aWIETLACZ PR\u0118DKO\u015aCI OBD2"},"content":{"rendered":"<p><b>Wy\u015bwietlacz HUD&nbsp;Head-UP X6<\/b><\/p>\n<p>Wy\u015bwietlacz HUD do aut osobowych.<\/p>\n<p>Zasilany jest z gniazda OBD2, wi\u0119c nie ma konieczno\u015bci wymiany baterii itp.<\/p>\n<p><b>Wy\u015bwietla parametry<\/b>:<\/p>\n<ul>\n<li>pr\u0119dko\u015b\u0107 w KM\/h i MPH<\/li>\n<li>ostrze\u017cenie temperatury cieczy ch\u0142odz\u0105cej<\/li>\n<li>ostrze\u017cenie dotycz\u0105ce \u0142adowania<\/li>\n<li>czujnik \u015bwiat\u0142a<\/li>\n<li>\u015brednie zu\u017cycie paliwa<\/li>\n<li>obrotomierz<\/li>\n<li>ostrze\u017cenie o przekroczeniu pr\u0119dko\u015bci<\/li>\n<\/ul>\n<p>Kod produktu: A225<\/p>\n<p><b>W zestawie:<\/b><\/p>\n<ul>\n<li><b>HUD X6<\/b><\/li>\n<li><b>folia na szyb\u0119<\/b><\/li>\n<li><b>guma antypo\u015blizgowa<\/b><\/li>\n<li><b>kabel OBD2<\/b><\/li>\n<li><b>fabryczne opakowanie BOX<\/b><\/li>\n<li><b>instrukcja obs\u0142ugi ENG<\/b><\/li>\n<\/ul>\n<p>Urz\u0105dzenie proste w pod\u0142\u0105czeniu i obs\u0142udze, wystarczy pod\u0142\u0105czy\u0107 do gniazda OBD2, u\u017cywa\u0107 z foli\u0105 lub bez folii na szybie (folia wspomaga wyra\u017ane wy\u015bwietlanie).<\/p>\n","protected":false},"excerpt":{"rendered":"<p>Wy\u015bwietlacz HUD&nbsp;Head-UP X6 Wy\u015bwietlacz HUD do aut osobowych. Zasilany jest z gniazda OBD2, wi\u0119c nie ma konieczno\u015bci wymiany baterii itp. Wy\u015bwietla parametry: pr\u0119dko\u015b\u0107 w KM\/h i MPH ostrze\u017cenie temperatury cieczy ch\u0142odz\u0105cej ostrze\u017cenie dotycz\u0105ce \u0142adowania czujnik \u015bwiat\u0142a \u015brednie zu\u017cycie paliwa obrotomierz ostrze\u017cenie o przekroczeniu pr\u0119dko\u015bci Kod produktu: A225 W zestawie: HUD X6 folia na szyb\u0119 guma [&hellip;]<\/p>\n","protected":false},"featured_media":3669,"comment_status":"open","ping_status":"closed","template":"","meta":[],"product_brand":[],"product_cat":[268],"product_tag":[],"class_list":{"0":"post-3664","1":"product","2":"type-product","3":"status-publish","4":"has-post-thumbnail","6":"product_cat-wyposazenie-wnetrza","8":"first","9":"instock","10":"taxable","11":"shipping-taxable","12":"purchasable","13":"product-type-simple"},"yoast_head":"<!-- This site is optimized with the Yoast SEO plugin v27.3 - https:\/\/yoast.com\/product\/yoast-seo-wordpress\/ -->\n<title>ZEGARY X6 HUD HEAD UP WY\u015aWIETLACZ PR\u0118DKO\u015aCI OBD2 - Mix Market - Supermarket z wszystkim co potrzeba<\/title>\n<meta name=\"robots\" content=\"index, follow, max-snippet:-1, max-image-preview:large, max-video-preview:-1\" \/>\n<link rel=\"canonical\" href=\"https:\/\/racom.com.pl\/index.php\/produkt\/zegary-x6-hud-head-up-wyswietlacz-predkosci-obd2\/\" \/>\n<meta property=\"og:locale\" content=\"pl_PL\" \/>\n<meta property=\"og:type\" content=\"article\" \/>\n<meta property=\"og:title\" content=\"ZEGARY X6 HUD HEAD UP WY\u015aWIETLACZ PR\u0118DKO\u015aCI OBD2 - Mix Market - Supermarket z wszystkim co potrzeba\" \/>\n<meta property=\"og:description\" content=\"Wy\u015bwietlacz HUD&nbsp;Head-UP X6 Wy\u015bwietlacz HUD do aut osobowych. Zasilany jest z gniazda OBD2, wi\u0119c nie ma konieczno\u015bci wymiany baterii itp. Wy\u015bwietla parametry: pr\u0119dko\u015b\u0107 w KM\/h i MPH ostrze\u017cenie temperatury cieczy ch\u0142odz\u0105cej ostrze\u017cenie dotycz\u0105ce \u0142adowania czujnik \u015bwiat\u0142a \u015brednie zu\u017cycie paliwa obrotomierz ostrze\u017cenie o przekroczeniu pr\u0119dko\u015bci Kod produktu: A225 W zestawie: HUD X6 folia na szyb\u0119 guma [&hellip;]\" \/>\n<meta property=\"og:url\" content=\"https:\/\/racom.com.pl\/index.php\/produkt\/zegary-x6-hud-head-up-wyswietlacz-predkosci-obd2\/\" \/>\n<meta property=\"og:site_name\" content=\"Mix Market - Supermarket z wszystkim co potrzeba\" \/>\n<meta property=\"og:image\" content=\"https:\/\/racom.com.pl\/wp-content\/uploads\/2025\/07\/allegro_687d0d256d3484.01701432_29bc4bac44178d8a3f011fd7d3fa.jpg\" \/>\n\t<meta property=\"og:image:width\" content=\"920\" \/>\n\t<meta property=\"og:image:height\" content=\"774\" \/>\n\t<meta property=\"og:image:type\" content=\"image\/jpeg\" \/>\n<meta name=\"twitter:card\" content=\"summary_large_image\" \/>\n<meta name=\"twitter:label1\" content=\"Szacowany czas czytania\" \/>\n\t<meta name=\"twitter:data1\" content=\"1 minuta\" \/>\n<script type=\"application\/ld+json\" class=\"yoast-schema-graph\">{\"@context\":\"https:\\\/\\\/schema.org\",\"@graph\":[{\"@type\":\"WebPage\",\"@id\":\"https:\\\/\\\/racom.com.pl\\\/index.php\\\/produkt\\\/zegary-x6-hud-head-up-wyswietlacz-predkosci-obd2\\\/\",\"url\":\"https:\\\/\\\/racom.com.pl\\\/index.php\\\/produkt\\\/zegary-x6-hud-head-up-wyswietlacz-predkosci-obd2\\\/\",\"name\":\"ZEGARY X6 HUD HEAD UP WY\u015aWIETLACZ PR\u0118DKO\u015aCI OBD2 - Mix Market - Supermarket z wszystkim co potrzeba\",\"isPartOf\":{\"@id\":\"https:\\\/\\\/racom.com.pl\\\/#website\"},\"primaryImageOfPage\":{\"@id\":\"https:\\\/\\\/racom.com.pl\\\/index.php\\\/produkt\\\/zegary-x6-hud-head-up-wyswietlacz-predkosci-obd2\\\/#primaryimage\"},\"image\":{\"@id\":\"https:\\\/\\\/racom.com.pl\\\/index.php\\\/produkt\\\/zegary-x6-hud-head-up-wyswietlacz-predkosci-obd2\\\/#primaryimage\"},\"thumbnailUrl\":\"https:\\\/\\\/racom.com.pl\\\/wp-content\\\/uploads\\\/2025\\\/07\\\/allegro_687d0d256d3484.01701432_29bc4bac44178d8a3f011fd7d3fa.jpg\",\"datePublished\":\"2025-07-20T15:35:21+00:00\",\"breadcrumb\":{\"@id\":\"https:\\\/\\\/racom.com.pl\\\/index.php\\\/produkt\\\/zegary-x6-hud-head-up-wyswietlacz-predkosci-obd2\\\/#breadcrumb\"},\"inLanguage\":\"pl-PL\",\"potentialAction\":[{\"@type\":\"ReadAction\",\"target\":[\"https:\\\/\\\/racom.com.pl\\\/index.php\\\/produkt\\\/zegary-x6-hud-head-up-wyswietlacz-predkosci-obd2\\\/\"]}]},{\"@type\":\"ImageObject\",\"inLanguage\":\"pl-PL\",\"@id\":\"https:\\\/\\\/racom.com.pl\\\/index.php\\\/produkt\\\/zegary-x6-hud-head-up-wyswietlacz-predkosci-obd2\\\/#primaryimage\",\"url\":\"https:\\\/\\\/racom.com.pl\\\/wp-content\\\/uploads\\\/2025\\\/07\\\/allegro_687d0d256d3484.01701432_29bc4bac44178d8a3f011fd7d3fa.jpg\",\"contentUrl\":\"https:\\\/\\\/racom.com.pl\\\/wp-content\\\/uploads\\\/2025\\\/07\\\/allegro_687d0d256d3484.01701432_29bc4bac44178d8a3f011fd7d3fa.jpg\",\"width\":920,\"height\":774},{\"@type\":\"BreadcrumbList\",\"@id\":\"https:\\\/\\\/racom.com.pl\\\/index.php\\\/produkt\\\/zegary-x6-hud-head-up-wyswietlacz-predkosci-obd2\\\/#breadcrumb\",\"itemListElement\":[{\"@type\":\"ListItem\",\"position\":1,\"name\":\"Strona g\u0142\u00f3wna\",\"item\":\"https:\\\/\\\/racom.com.pl\\\/\"},{\"@type\":\"ListItem\",\"position\":2,\"name\":\"Sklep\",\"item\":\"https:\\\/\\\/racom.com.pl\\\/\"},{\"@type\":\"ListItem\",\"position\":3,\"name\":\"ZEGARY X6 HUD HEAD UP WY\u015aWIETLACZ PR\u0118DKO\u015aCI OBD2\"}]},{\"@type\":\"WebSite\",\"@id\":\"https:\\\/\\\/racom.com.pl\\\/#website\",\"url\":\"https:\\\/\\\/racom.com.pl\\\/\",\"name\":\"Mix Market - Supermarket z wszystkim co potrzeba do domu i nie tylko\",\"description\":\"\",\"publisher\":{\"@id\":\"https:\\\/\\\/racom.com.pl\\\/#organization\"},\"potentialAction\":[{\"@type\":\"SearchAction\",\"target\":{\"@type\":\"EntryPoint\",\"urlTemplate\":\"https:\\\/\\\/racom.com.pl\\\/?s={search_term_string}\"},\"query-input\":{\"@type\":\"PropertyValueSpecification\",\"valueRequired\":true,\"valueName\":\"search_term_string\"}}],\"inLanguage\":\"pl-PL\"},{\"@type\":\"Organization\",\"@id\":\"https:\\\/\\\/racom.com.pl\\\/#organization\",\"name\":\"Mix Market - Supermarket z wszystkim co potrzeba do domu i nie tylko\",\"url\":\"https:\\\/\\\/racom.com.pl\\\/\",\"logo\":{\"@type\":\"ImageObject\",\"inLanguage\":\"pl-PL\",\"@id\":\"https:\\\/\\\/racom.com.pl\\\/#\\\/schema\\\/logo\\\/image\\\/\",\"url\":\"https:\\\/\\\/racom.com.pl\\\/wp-content\\\/uploads\\\/2025\\\/07\\\/mixmarket_logo.png\",\"contentUrl\":\"https:\\\/\\\/racom.com.pl\\\/wp-content\\\/uploads\\\/2025\\\/07\\\/mixmarket_logo.png\",\"width\":1024,\"height\":1024,\"caption\":\"Mix Market - Supermarket z wszystkim co potrzeba do domu i nie tylko\"},\"image\":{\"@id\":\"https:\\\/\\\/racom.com.pl\\\/#\\\/schema\\\/logo\\\/image\\\/\"}}]}<\/script>\n<!-- \/ Yoast SEO plugin. -->","yoast_head_json":{"title":"ZEGARY X6 HUD HEAD UP WY\u015aWIETLACZ PR\u0118DKO\u015aCI OBD2 - Mix Market - Supermarket z wszystkim co potrzeba","robots":{"index":"index","follow":"follow","max-snippet":"max-snippet:-1","max-image-preview":"max-image-preview:large","max-video-preview":"max-video-preview:-1"},"canonical":"https:\/\/racom.com.pl\/index.php\/produkt\/zegary-x6-hud-head-up-wyswietlacz-predkosci-obd2\/","og_locale":"pl_PL","og_type":"article","og_title":"ZEGARY X6 HUD HEAD UP WY\u015aWIETLACZ PR\u0118DKO\u015aCI OBD2 - Mix Market - Supermarket z wszystkim co potrzeba","og_description":"Wy\u015bwietlacz HUD&nbsp;Head-UP X6 Wy\u015bwietlacz HUD do aut osobowych. Zasilany jest z gniazda OBD2, wi\u0119c nie ma konieczno\u015bci wymiany baterii itp. Wy\u015bwietla parametry: pr\u0119dko\u015b\u0107 w KM\/h i MPH ostrze\u017cenie temperatury cieczy ch\u0142odz\u0105cej ostrze\u017cenie dotycz\u0105ce \u0142adowania czujnik \u015bwiat\u0142a \u015brednie zu\u017cycie paliwa obrotomierz ostrze\u017cenie o przekroczeniu pr\u0119dko\u015bci Kod produktu: A225 W zestawie: HUD X6 folia na szyb\u0119 guma [&hellip;]","og_url":"https:\/\/racom.com.pl\/index.php\/produkt\/zegary-x6-hud-head-up-wyswietlacz-predkosci-obd2\/","og_site_name":"Mix Market - Supermarket z wszystkim co potrzeba","og_image":[{"width":920,"height":774,"url":"https:\/\/racom.com.pl\/wp-content\/uploads\/2025\/07\/allegro_687d0d256d3484.01701432_29bc4bac44178d8a3f011fd7d3fa.jpg","type":"image\/jpeg"}],"twitter_card":"summary_large_image","twitter_misc":{"Szacowany czas czytania":"1 minuta"},"schema":{"@context":"https:\/\/schema.org","@graph":[{"@type":"WebPage","@id":"https:\/\/racom.com.pl\/index.php\/produkt\/zegary-x6-hud-head-up-wyswietlacz-predkosci-obd2\/","url":"https:\/\/racom.com.pl\/index.php\/produkt\/zegary-x6-hud-head-up-wyswietlacz-predkosci-obd2\/","name":"ZEGARY X6 HUD HEAD UP WY\u015aWIETLACZ PR\u0118DKO\u015aCI OBD2 - Mix Market - Supermarket z wszystkim co potrzeba","isPartOf":{"@id":"https:\/\/racom.com.pl\/#website"},"primaryImageOfPage":{"@id":"https:\/\/racom.com.pl\/index.php\/produkt\/zegary-x6-hud-head-up-wyswietlacz-predkosci-obd2\/#primaryimage"},"image":{"@id":"https:\/\/racom.com.pl\/index.php\/produkt\/zegary-x6-hud-head-up-wyswietlacz-predkosci-obd2\/#primaryimage"},"thumbnailUrl":"https:\/\/racom.com.pl\/wp-content\/uploads\/2025\/07\/allegro_687d0d256d3484.01701432_29bc4bac44178d8a3f011fd7d3fa.jpg","datePublished":"2025-07-20T15:35:21+00:00","breadcrumb":{"@id":"https:\/\/racom.com.pl\/index.php\/produkt\/zegary-x6-hud-head-up-wyswietlacz-predkosci-obd2\/#breadcrumb"},"inLanguage":"pl-PL","potentialAction":[{"@type":"ReadAction","target":["https:\/\/racom.com.pl\/index.php\/produkt\/zegary-x6-hud-head-up-wyswietlacz-predkosci-obd2\/"]}]},{"@type":"ImageObject","inLanguage":"pl-PL","@id":"https:\/\/racom.com.pl\/index.php\/produkt\/zegary-x6-hud-head-up-wyswietlacz-predkosci-obd2\/#primaryimage","url":"https:\/\/racom.com.pl\/wp-content\/uploads\/2025\/07\/allegro_687d0d256d3484.01701432_29bc4bac44178d8a3f011fd7d3fa.jpg","contentUrl":"https:\/\/racom.com.pl\/wp-content\/uploads\/2025\/07\/allegro_687d0d256d3484.01701432_29bc4bac44178d8a3f011fd7d3fa.jpg","width":920,"height":774},{"@type":"BreadcrumbList","@id":"https:\/\/racom.com.pl\/index.php\/produkt\/zegary-x6-hud-head-up-wyswietlacz-predkosci-obd2\/#breadcrumb","itemListElement":[{"@type":"ListItem","position":1,"name":"Strona g\u0142\u00f3wna","item":"https:\/\/racom.com.pl\/"},{"@type":"ListItem","position":2,"name":"Sklep","item":"https:\/\/racom.com.pl\/"},{"@type":"ListItem","position":3,"name":"ZEGARY X6 HUD HEAD UP WY\u015aWIETLACZ PR\u0118DKO\u015aCI OBD2"}]},{"@type":"WebSite","@id":"https:\/\/racom.com.pl\/#website","url":"https:\/\/racom.com.pl\/","name":"Mix Market - Supermarket z wszystkim co potrzeba do domu i nie tylko","description":"","publisher":{"@id":"https:\/\/racom.com.pl\/#organization"},"potentialAction":[{"@type":"SearchAction","target":{"@type":"EntryPoint","urlTemplate":"https:\/\/racom.com.pl\/?s={search_term_string}"},"query-input":{"@type":"PropertyValueSpecification","valueRequired":true,"valueName":"search_term_string"}}],"inLanguage":"pl-PL"},{"@type":"Organization","@id":"https:\/\/racom.com.pl\/#organization","name":"Mix Market - Supermarket z wszystkim co potrzeba do domu i nie tylko","url":"https:\/\/racom.com.pl\/","logo":{"@type":"ImageObject","inLanguage":"pl-PL","@id":"https:\/\/racom.com.pl\/#\/schema\/logo\/image\/","url":"https:\/\/racom.com.pl\/wp-content\/uploads\/2025\/07\/mixmarket_logo.png","contentUrl":"https:\/\/racom.com.pl\/wp-content\/uploads\/2025\/07\/mixmarket_logo.png","width":1024,"height":1024,"caption":"Mix Market - Supermarket z wszystkim co potrzeba do domu i nie tylko"},"image":{"@id":"https:\/\/racom.com.pl\/#\/schema\/logo\/image\/"}}]}},"_links":{"self":[{"href":"https:\/\/racom.com.pl\/index.php\/wp-json\/wp\/v2\/product\/3664","targetHints":{"allow":["GET"]}}],"collection":[{"href":"https:\/\/racom.com.pl\/index.php\/wp-json\/wp\/v2\/product"}],"about":[{"href":"https:\/\/racom.com.pl\/index.php\/wp-json\/wp\/v2\/types\/product"}],"replies":[{"embeddable":true,"href":"https:\/\/racom.com.pl\/index.php\/wp-json\/wp\/v2\/comments?post=3664"}],"wp:featuredmedia":[{"embeddable":true,"href":"https:\/\/racom.com.pl\/index.php\/wp-json\/wp\/v2\/media\/3669"}],"wp:attachment":[{"href":"https:\/\/racom.com.pl\/index.php\/wp-json\/wp\/v2\/media?parent=3664"}],"wp:term":[{"taxonomy":"product_brand","embeddable":true,"href":"https:\/\/racom.com.pl\/index.php\/wp-json\/wp\/v2\/product_brand?post=3664"},{"taxonomy":"product_cat","embeddable":true,"href":"https:\/\/racom.com.pl\/index.php\/wp-json\/wp\/v2\/product_cat?post=3664"},{"taxonomy":"product_tag","embeddable":true,"href":"https:\/\/racom.com.pl\/index.php\/wp-json\/wp\/v2\/product_tag?post=3664"}],"curies":[{"name":"wp","href":"https:\/\/api.w.org\/{rel}","templated":true}]}}