{"id":3680,"date":"2025-07-20T19:06:07","date_gmt":"2025-07-20T17:06:07","guid":{"rendered":"http:\/\/192.168.2.106\/index.php\/produkt\/luk-kolo-dwumasowe-sprzeglo-vw-audi-seat-1-9-tdi-600-0006-00\/"},"modified":"2025-07-20T19:06:07","modified_gmt":"2025-07-20T17:06:07","slug":"luk-kolo-dwumasowe-sprzeglo-vw-audi-seat-1-9-tdi-600-0006-00","status":"publish","type":"product","link":"https:\/\/racom.com.pl\/index.php\/produkt\/luk-kolo-dwumasowe-sprzeglo-vw-audi-seat-1-9-tdi-600-0006-00\/","title":{"rendered":"LUK KO\u0141O DWUMASOWE SPRZ\u0118G\u0141O VW AUDI SEAT 1.9 TDI 600 0006 00"},"content":{"rendered":"<h2>Sprz\u0119g\u0142o &#8211; komplet LUK 600000600 z serii LuK RepSet DMF<\/h2>\n<p>SPRZ\u0118G\u0141O KPL. VW BORA\/GOLF\/POLO\/PASSAT 1.6TDI\/1.9TDI 95- DMF<\/p>\n<p>\u25b6\ufe0f Marka: <b>LUK<\/b><\/p>\n<p>\u25b6\ufe0f Numer katalogowy: <b>600000600<\/b><\/p>\n<p>\u25b6\ufe0f seria: <b>LuK RepSet DMF<\/b><\/p>\n<p>\u25b6\ufe0f Oferowana ilo\u015b\u0107: <b>komplet<\/b><\/p>\n<p><b>\u25b6\ufe0f Made in Germany<\/b><\/p>\n<h2>Informacje techniczne dotycz\u0105ce 600 0006 00<\/h2>\n<ul>\n<li>Wersja silnika: dla silnikamp;#243;w z ko\u0142em zamachowym dwumasowym<\/li>\n<li>artyku\u0142 uzupe\u0142niaj\u0105cy \/ informacja uzupe\u0142niaj\u0105ca 2: z \u0142o\u017cyskiem oporowym<\/li>\n<li>artyku\u0142 uzupe\u0142niaj\u0105cy \/ informacja uzupe\u0142niaj\u0105ca 2: z ko\u0142em zamachowym<\/li>\n<li>Specyfikacje asortymentowa: montowany wcze\u015bniej<\/li>\n<li>artyku\u0142 uzupe\u0142niaj\u0105cy \/ informacja uzupe\u0142niaj\u0105ca 2: z zestawem \u015brubowym<\/li>\n<li>Maks. k\u0105t przy\u0142o\u017cenia [stopie\u0144]: 12<\/li>\n<li>Liczba z\u0119bamp;#243;w (oznaczenie maks. k\u0105ta przy\u0142o\u017cenia): 5<\/li>\n<li>maks. luz pochylenia [mm]: 2,9<\/li>\n<li>artyku\u0142 uzupe\u0142niaj\u0105cy \/ informacja uzupe\u0142niaj\u0105ca 2: Tarczka reguluj\u0105ca tarcie<\/li>\n<\/ul>\n<p>&nbsp;<\/p>\n<p><b>\u25b6\ufe0f<\/b><b>Zestaw zawiera:<\/b><\/p>\n<p>414 0024 10 &#8211; Tuleja prowadz\u0105ca sprz\u0119g\u0142a<\/p>\n<p>417 0019 11 &#8211; Zestaw sprz\u0119g\u0142a<\/p>\n<p>500 0440 10 &#8211; \u0141o\u017cysko oporowe<\/p>\n<p>Za\u0142o\u017cona w 1965 roku niemiecka firma <b>LuK<\/b>&nbsp;na pocz\u0105tku dzia\u0142alno\u015bci trudni\u0142a si\u0119 wyrobem komponent\u00f3w sprz\u0119g\u0142a oraz uk\u0142adu wysprz\u0119glaj\u0105cego. Innowacyjno\u015b\u0107 rozwi\u0105za\u0144, wysoka jako\u015b\u0107 materia\u0142\u00f3w wykorzystywanych do produkcji, a tak\u017ce staranno\u015b\u0107 wykonania cz\u0119\u015bci przyczyni\u0142y si\u0119 do szybkiego rozwoju firmy, kt\u00f3ra ju\u017c w latach 70. otworzy\u0142a filie w Meksyku i Brazylii. W poszerzanym stopniowo asortymencie znalaz\u0142y si\u0119 sportowe sprz\u0119g\u0142a, a wkr\u00f3tce te\u017c jedne z pierwszych dwumasowych k\u00f3\u0142 zamachowych na \u015bwiatowym rynku motoryzacyjnym \u2013 w 1985 roku przedsi\u0119biorstwo rozpocz\u0119\u0142o seryjn\u0105 produkcj\u0119 tych komponent\u00f3w na potrzeby koncernu BMW.<\/p>\n<p>W latach 90. rozwijaj\u0105ca si\u0119 dynamicznie firma do\u0142\u0105czy\u0142a do swojej oferty pompy wspomagania uk\u0142adu kierowniczego oraz inne elementy silnika, zawieszenia i uk\u0142adu przeniesienia nap\u0119du, jak r\u00f3wnie\u017c szeroki wyb\u00f3r komponent\u00f3w t\u0142umi\u0105cych drgania.<\/p>\n<p>Obecnie cz\u0119\u015bci marki <b>LuK<\/b>&nbsp;wykorzystywane s\u0105 do pierwszego monta\u017cu w samochodach wiod\u0105cych \u015bwiatowych producent\u00f3w, mi\u0119dzy innymi Porsche, BMW, Volkswagen i Mercedes-Benz, a ich niezawodno\u015b\u0107 i wysok\u0105 jako\u015b\u0107 doceniaj\u0105 r\u00f3wnie\u017c wymagaj\u0105cy klienci na niezale\u017cnych rynkach element\u00f3w zamiennych. W ofercie firmy&nbsp;<b>LuK<\/b>&nbsp;znajduje si\u0119 bogaty wyb\u00f3r pomp podci\u015bnienia, tarcz i docisk\u00f3w sprz\u0119g\u0142a, \u0142o\u017cysk oporowych oraz innych komponent\u00f3w uk\u0142adu kierowniczego i przeniesienia nap\u0119du dla wielu modeli samochod\u00f3w marek europejskich, azjatyckich i ameryka\u0144skich.<\/p>\n","protected":false},"excerpt":{"rendered":"<p>Sprz\u0119g\u0142o &#8211; komplet LUK 600000600 z serii LuK RepSet DMF SPRZ\u0118G\u0141O KPL. VW BORA\/GOLF\/POLO\/PASSAT 1.6TDI\/1.9TDI 95- DMF \u25b6\ufe0f Marka: LUK \u25b6\ufe0f Numer katalogowy: 600000600 \u25b6\ufe0f seria: LuK RepSet DMF \u25b6\ufe0f Oferowana ilo\u015b\u0107: komplet \u25b6\ufe0f Made in Germany Informacje techniczne dotycz\u0105ce 600 0006 00 Wersja silnika: dla silnikamp;#243;w z ko\u0142em zamachowym dwumasowym artyku\u0142 uzupe\u0142niaj\u0105cy \/ informacja [&hellip;]<\/p>\n","protected":false},"featured_media":3686,"comment_status":"open","ping_status":"closed","template":"","meta":[],"product_brand":[],"product_cat":[273],"product_tag":[],"class_list":{"0":"post-3680","1":"product","2":"type-product","3":"status-publish","4":"has-post-thumbnail","6":"product_cat-uklad-napedowy","8":"first","9":"instock","10":"taxable","11":"shipping-taxable","12":"purchasable","13":"product-type-simple"},"yoast_head":"<!-- This site is optimized with the Yoast SEO plugin v27.4 - https:\/\/yoast.com\/product\/yoast-seo-wordpress\/ -->\n<title>LUK KO\u0141O DWUMASOWE SPRZ\u0118G\u0141O VW AUDI SEAT 1.9 TDI 600 0006 00 - Mix Market - Supermarket z wszystkim co potrzeba<\/title>\n<meta name=\"robots\" content=\"index, follow, max-snippet:-1, max-image-preview:large, max-video-preview:-1\" \/>\n<link rel=\"canonical\" href=\"https:\/\/racom.com.pl\/index.php\/produkt\/luk-kolo-dwumasowe-sprzeglo-vw-audi-seat-1-9-tdi-600-0006-00\/\" \/>\n<meta property=\"og:locale\" content=\"pl_PL\" \/>\n<meta property=\"og:type\" content=\"article\" \/>\n<meta property=\"og:title\" content=\"LUK KO\u0141O DWUMASOWE SPRZ\u0118G\u0141O VW AUDI SEAT 1.9 TDI 600 0006 00 - Mix Market - Supermarket z wszystkim co potrzeba\" \/>\n<meta property=\"og:description\" content=\"Sprz\u0119g\u0142o &#8211; komplet LUK 600000600 z serii LuK RepSet DMF SPRZ\u0118G\u0141O KPL. VW BORA\/GOLF\/POLO\/PASSAT 1.6TDI\/1.9TDI 95- DMF \u25b6\ufe0f Marka: LUK \u25b6\ufe0f Numer katalogowy: 600000600 \u25b6\ufe0f seria: LuK RepSet DMF \u25b6\ufe0f Oferowana ilo\u015b\u0107: komplet \u25b6\ufe0f Made in Germany Informacje techniczne dotycz\u0105ce 600 0006 00 Wersja silnika: dla silnikamp;#243;w z ko\u0142em zamachowym dwumasowym artyku\u0142 uzupe\u0142niaj\u0105cy \/ informacja [&hellip;]\" \/>\n<meta property=\"og:url\" content=\"https:\/\/racom.com.pl\/index.php\/produkt\/luk-kolo-dwumasowe-sprzeglo-vw-audi-seat-1-9-tdi-600-0006-00\/\" \/>\n<meta property=\"og:site_name\" content=\"Mix Market - Supermarket z wszystkim co potrzeba\" \/>\n<meta property=\"og:image\" content=\"https:\/\/racom.com.pl\/wp-content\/uploads\/2025\/07\/allegro_687d226d94b7b0.68546142_6b981afa4f82b3adf3d30704a2e2.jpg\" \/>\n\t<meta property=\"og:image:width\" content=\"2560\" \/>\n\t<meta property=\"og:image:height\" content=\"1730\" \/>\n\t<meta property=\"og:image:type\" content=\"image\/jpeg\" \/>\n<meta name=\"twitter:card\" content=\"summary_large_image\" \/>\n<meta name=\"twitter:label1\" content=\"Szacowany czas czytania\" \/>\n\t<meta name=\"twitter:data1\" content=\"2 minuty\" \/>\n<script type=\"application\/ld+json\" class=\"yoast-schema-graph\">{\"@context\":\"https:\\\/\\\/schema.org\",\"@graph\":[{\"@type\":\"WebPage\",\"@id\":\"https:\\\/\\\/racom.com.pl\\\/index.php\\\/produkt\\\/luk-kolo-dwumasowe-sprzeglo-vw-audi-seat-1-9-tdi-600-0006-00\\\/\",\"url\":\"https:\\\/\\\/racom.com.pl\\\/index.php\\\/produkt\\\/luk-kolo-dwumasowe-sprzeglo-vw-audi-seat-1-9-tdi-600-0006-00\\\/\",\"name\":\"LUK KO\u0141O DWUMASOWE SPRZ\u0118G\u0141O VW AUDI SEAT 1.9 TDI 600 0006 00 - Mix Market - Supermarket z wszystkim co potrzeba\",\"isPartOf\":{\"@id\":\"https:\\\/\\\/racom.com.pl\\\/#website\"},\"primaryImageOfPage\":{\"@id\":\"https:\\\/\\\/racom.com.pl\\\/index.php\\\/produkt\\\/luk-kolo-dwumasowe-sprzeglo-vw-audi-seat-1-9-tdi-600-0006-00\\\/#primaryimage\"},\"image\":{\"@id\":\"https:\\\/\\\/racom.com.pl\\\/index.php\\\/produkt\\\/luk-kolo-dwumasowe-sprzeglo-vw-audi-seat-1-9-tdi-600-0006-00\\\/#primaryimage\"},\"thumbnailUrl\":\"https:\\\/\\\/racom.com.pl\\\/wp-content\\\/uploads\\\/2025\\\/07\\\/allegro_687d226d94b7b0.68546142_6b981afa4f82b3adf3d30704a2e2.jpg\",\"datePublished\":\"2025-07-20T17:06:07+00:00\",\"breadcrumb\":{\"@id\":\"https:\\\/\\\/racom.com.pl\\\/index.php\\\/produkt\\\/luk-kolo-dwumasowe-sprzeglo-vw-audi-seat-1-9-tdi-600-0006-00\\\/#breadcrumb\"},\"inLanguage\":\"pl-PL\",\"potentialAction\":[{\"@type\":\"ReadAction\",\"target\":[\"https:\\\/\\\/racom.com.pl\\\/index.php\\\/produkt\\\/luk-kolo-dwumasowe-sprzeglo-vw-audi-seat-1-9-tdi-600-0006-00\\\/\"]}]},{\"@type\":\"ImageObject\",\"inLanguage\":\"pl-PL\",\"@id\":\"https:\\\/\\\/racom.com.pl\\\/index.php\\\/produkt\\\/luk-kolo-dwumasowe-sprzeglo-vw-audi-seat-1-9-tdi-600-0006-00\\\/#primaryimage\",\"url\":\"https:\\\/\\\/racom.com.pl\\\/wp-content\\\/uploads\\\/2025\\\/07\\\/allegro_687d226d94b7b0.68546142_6b981afa4f82b3adf3d30704a2e2.jpg\",\"contentUrl\":\"https:\\\/\\\/racom.com.pl\\\/wp-content\\\/uploads\\\/2025\\\/07\\\/allegro_687d226d94b7b0.68546142_6b981afa4f82b3adf3d30704a2e2.jpg\",\"width\":2560,\"height\":1730},{\"@type\":\"BreadcrumbList\",\"@id\":\"https:\\\/\\\/racom.com.pl\\\/index.php\\\/produkt\\\/luk-kolo-dwumasowe-sprzeglo-vw-audi-seat-1-9-tdi-600-0006-00\\\/#breadcrumb\",\"itemListElement\":[{\"@type\":\"ListItem\",\"position\":1,\"name\":\"Strona g\u0142\u00f3wna\",\"item\":\"https:\\\/\\\/racom.com.pl\\\/\"},{\"@type\":\"ListItem\",\"position\":2,\"name\":\"Sklep\",\"item\":\"https:\\\/\\\/racom.com.pl\\\/\"},{\"@type\":\"ListItem\",\"position\":3,\"name\":\"LUK KO\u0141O DWUMASOWE SPRZ\u0118G\u0141O VW AUDI SEAT 1.9 TDI 600 0006 00\"}]},{\"@type\":\"WebSite\",\"@id\":\"https:\\\/\\\/racom.com.pl\\\/#website\",\"url\":\"https:\\\/\\\/racom.com.pl\\\/\",\"name\":\"Mix Market - Supermarket z wszystkim co potrzeba do domu i nie tylko\",\"description\":\"\",\"publisher\":{\"@id\":\"https:\\\/\\\/racom.com.pl\\\/#organization\"},\"potentialAction\":[{\"@type\":\"SearchAction\",\"target\":{\"@type\":\"EntryPoint\",\"urlTemplate\":\"https:\\\/\\\/racom.com.pl\\\/?s={search_term_string}\"},\"query-input\":{\"@type\":\"PropertyValueSpecification\",\"valueRequired\":true,\"valueName\":\"search_term_string\"}}],\"inLanguage\":\"pl-PL\"},{\"@type\":\"Organization\",\"@id\":\"https:\\\/\\\/racom.com.pl\\\/#organization\",\"name\":\"Mix Market - Supermarket z wszystkim co potrzeba do domu i nie tylko\",\"url\":\"https:\\\/\\\/racom.com.pl\\\/\",\"logo\":{\"@type\":\"ImageObject\",\"inLanguage\":\"pl-PL\",\"@id\":\"https:\\\/\\\/racom.com.pl\\\/#\\\/schema\\\/logo\\\/image\\\/\",\"url\":\"https:\\\/\\\/racom.com.pl\\\/wp-content\\\/uploads\\\/2025\\\/07\\\/mixmarket_logo.png\",\"contentUrl\":\"https:\\\/\\\/racom.com.pl\\\/wp-content\\\/uploads\\\/2025\\\/07\\\/mixmarket_logo.png\",\"width\":1024,\"height\":1024,\"caption\":\"Mix Market - Supermarket z wszystkim co potrzeba do domu i nie tylko\"},\"image\":{\"@id\":\"https:\\\/\\\/racom.com.pl\\\/#\\\/schema\\\/logo\\\/image\\\/\"}}]}<\/script>\n<!-- \/ Yoast SEO plugin. -->","yoast_head_json":{"title":"LUK KO\u0141O DWUMASOWE SPRZ\u0118G\u0141O VW AUDI SEAT 1.9 TDI 600 0006 00 - Mix Market - Supermarket z wszystkim co potrzeba","robots":{"index":"index","follow":"follow","max-snippet":"max-snippet:-1","max-image-preview":"max-image-preview:large","max-video-preview":"max-video-preview:-1"},"canonical":"https:\/\/racom.com.pl\/index.php\/produkt\/luk-kolo-dwumasowe-sprzeglo-vw-audi-seat-1-9-tdi-600-0006-00\/","og_locale":"pl_PL","og_type":"article","og_title":"LUK KO\u0141O DWUMASOWE SPRZ\u0118G\u0141O VW AUDI SEAT 1.9 TDI 600 0006 00 - Mix Market - Supermarket z wszystkim co potrzeba","og_description":"Sprz\u0119g\u0142o &#8211; komplet LUK 600000600 z serii LuK RepSet DMF SPRZ\u0118G\u0141O KPL. VW BORA\/GOLF\/POLO\/PASSAT 1.6TDI\/1.9TDI 95- DMF \u25b6\ufe0f Marka: LUK \u25b6\ufe0f Numer katalogowy: 600000600 \u25b6\ufe0f seria: LuK RepSet DMF \u25b6\ufe0f Oferowana ilo\u015b\u0107: komplet \u25b6\ufe0f Made in Germany Informacje techniczne dotycz\u0105ce 600 0006 00 Wersja silnika: dla silnikamp;#243;w z ko\u0142em zamachowym dwumasowym artyku\u0142 uzupe\u0142niaj\u0105cy \/ informacja [&hellip;]","og_url":"https:\/\/racom.com.pl\/index.php\/produkt\/luk-kolo-dwumasowe-sprzeglo-vw-audi-seat-1-9-tdi-600-0006-00\/","og_site_name":"Mix Market - Supermarket z wszystkim co potrzeba","og_image":[{"width":2560,"height":1730,"url":"https:\/\/racom.com.pl\/wp-content\/uploads\/2025\/07\/allegro_687d226d94b7b0.68546142_6b981afa4f82b3adf3d30704a2e2.jpg","type":"image\/jpeg"}],"twitter_card":"summary_large_image","twitter_misc":{"Szacowany czas czytania":"2 minuty"},"schema":{"@context":"https:\/\/schema.org","@graph":[{"@type":"WebPage","@id":"https:\/\/racom.com.pl\/index.php\/produkt\/luk-kolo-dwumasowe-sprzeglo-vw-audi-seat-1-9-tdi-600-0006-00\/","url":"https:\/\/racom.com.pl\/index.php\/produkt\/luk-kolo-dwumasowe-sprzeglo-vw-audi-seat-1-9-tdi-600-0006-00\/","name":"LUK KO\u0141O DWUMASOWE SPRZ\u0118G\u0141O VW AUDI SEAT 1.9 TDI 600 0006 00 - Mix Market - Supermarket z wszystkim co potrzeba","isPartOf":{"@id":"https:\/\/racom.com.pl\/#website"},"primaryImageOfPage":{"@id":"https:\/\/racom.com.pl\/index.php\/produkt\/luk-kolo-dwumasowe-sprzeglo-vw-audi-seat-1-9-tdi-600-0006-00\/#primaryimage"},"image":{"@id":"https:\/\/racom.com.pl\/index.php\/produkt\/luk-kolo-dwumasowe-sprzeglo-vw-audi-seat-1-9-tdi-600-0006-00\/#primaryimage"},"thumbnailUrl":"https:\/\/racom.com.pl\/wp-content\/uploads\/2025\/07\/allegro_687d226d94b7b0.68546142_6b981afa4f82b3adf3d30704a2e2.jpg","datePublished":"2025-07-20T17:06:07+00:00","breadcrumb":{"@id":"https:\/\/racom.com.pl\/index.php\/produkt\/luk-kolo-dwumasowe-sprzeglo-vw-audi-seat-1-9-tdi-600-0006-00\/#breadcrumb"},"inLanguage":"pl-PL","potentialAction":[{"@type":"ReadAction","target":["https:\/\/racom.com.pl\/index.php\/produkt\/luk-kolo-dwumasowe-sprzeglo-vw-audi-seat-1-9-tdi-600-0006-00\/"]}]},{"@type":"ImageObject","inLanguage":"pl-PL","@id":"https:\/\/racom.com.pl\/index.php\/produkt\/luk-kolo-dwumasowe-sprzeglo-vw-audi-seat-1-9-tdi-600-0006-00\/#primaryimage","url":"https:\/\/racom.com.pl\/wp-content\/uploads\/2025\/07\/allegro_687d226d94b7b0.68546142_6b981afa4f82b3adf3d30704a2e2.jpg","contentUrl":"https:\/\/racom.com.pl\/wp-content\/uploads\/2025\/07\/allegro_687d226d94b7b0.68546142_6b981afa4f82b3adf3d30704a2e2.jpg","width":2560,"height":1730},{"@type":"BreadcrumbList","@id":"https:\/\/racom.com.pl\/index.php\/produkt\/luk-kolo-dwumasowe-sprzeglo-vw-audi-seat-1-9-tdi-600-0006-00\/#breadcrumb","itemListElement":[{"@type":"ListItem","position":1,"name":"Strona g\u0142\u00f3wna","item":"https:\/\/racom.com.pl\/"},{"@type":"ListItem","position":2,"name":"Sklep","item":"https:\/\/racom.com.pl\/"},{"@type":"ListItem","position":3,"name":"LUK KO\u0141O DWUMASOWE SPRZ\u0118G\u0141O VW AUDI SEAT 1.9 TDI 600 0006 00"}]},{"@type":"WebSite","@id":"https:\/\/racom.com.pl\/#website","url":"https:\/\/racom.com.pl\/","name":"Mix Market - Supermarket z wszystkim co potrzeba do domu i nie tylko","description":"","publisher":{"@id":"https:\/\/racom.com.pl\/#organization"},"potentialAction":[{"@type":"SearchAction","target":{"@type":"EntryPoint","urlTemplate":"https:\/\/racom.com.pl\/?s={search_term_string}"},"query-input":{"@type":"PropertyValueSpecification","valueRequired":true,"valueName":"search_term_string"}}],"inLanguage":"pl-PL"},{"@type":"Organization","@id":"https:\/\/racom.com.pl\/#organization","name":"Mix Market - Supermarket z wszystkim co potrzeba do domu i nie tylko","url":"https:\/\/racom.com.pl\/","logo":{"@type":"ImageObject","inLanguage":"pl-PL","@id":"https:\/\/racom.com.pl\/#\/schema\/logo\/image\/","url":"https:\/\/racom.com.pl\/wp-content\/uploads\/2025\/07\/mixmarket_logo.png","contentUrl":"https:\/\/racom.com.pl\/wp-content\/uploads\/2025\/07\/mixmarket_logo.png","width":1024,"height":1024,"caption":"Mix Market - Supermarket z wszystkim co potrzeba do domu i nie tylko"},"image":{"@id":"https:\/\/racom.com.pl\/#\/schema\/logo\/image\/"}}]}},"_links":{"self":[{"href":"https:\/\/racom.com.pl\/index.php\/wp-json\/wp\/v2\/product\/3680","targetHints":{"allow":["GET"]}}],"collection":[{"href":"https:\/\/racom.com.pl\/index.php\/wp-json\/wp\/v2\/product"}],"about":[{"href":"https:\/\/racom.com.pl\/index.php\/wp-json\/wp\/v2\/types\/product"}],"replies":[{"embeddable":true,"href":"https:\/\/racom.com.pl\/index.php\/wp-json\/wp\/v2\/comments?post=3680"}],"wp:featuredmedia":[{"embeddable":true,"href":"https:\/\/racom.com.pl\/index.php\/wp-json\/wp\/v2\/media\/3686"}],"wp:attachment":[{"href":"https:\/\/racom.com.pl\/index.php\/wp-json\/wp\/v2\/media?parent=3680"}],"wp:term":[{"taxonomy":"product_brand","embeddable":true,"href":"https:\/\/racom.com.pl\/index.php\/wp-json\/wp\/v2\/product_brand?post=3680"},{"taxonomy":"product_cat","embeddable":true,"href":"https:\/\/racom.com.pl\/index.php\/wp-json\/wp\/v2\/product_cat?post=3680"},{"taxonomy":"product_tag","embeddable":true,"href":"https:\/\/racom.com.pl\/index.php\/wp-json\/wp\/v2\/product_tag?post=3680"}],"curies":[{"name":"wp","href":"https:\/\/api.w.org\/{rel}","templated":true}]}}