{"id":3687,"date":"2025-07-20T19:08:29","date_gmt":"2025-07-20T17:08:29","guid":{"rendered":"http:\/\/192.168.2.106\/index.php\/produkt\/dwuskladnikowy-klej-epoksydowy-vergionic-mocny-jak-stal-epoxy-zywiczny\/"},"modified":"2025-07-20T19:08:29","modified_gmt":"2025-07-20T17:08:29","slug":"dwuskladnikowy-klej-epoksydowy-vergionic-mocny-jak-stal-epoxy-zywiczny","status":"publish","type":"product","link":"https:\/\/racom.com.pl\/index.php\/produkt\/dwuskladnikowy-klej-epoksydowy-vergionic-mocny-jak-stal-epoxy-zywiczny\/","title":{"rendered":"Dwusk\u0142adnikowy Klej Epoksydowy VERGIONIC MOCNY JAK STAL EPOXY \u017bYWICZNY"},"content":{"rendered":"<h2>Dwusk\u0142adnikowy klej epoksydowy 2 x 10ml<\/h2>\n<p><b>Klej epoksydowy<\/b>&nbsp;to bardzo mocne spoiwo uznawane za jedno z najbardziej uniwersalnych u\u017cywanych na rynku. Dzia\u0142a dzi\u0119ki po\u0142\u0105czeniu&nbsp;<b>dw\u00f3ch sk\u0142adnik\u00f3w<\/b>&nbsp;\u2013 \u017cywicy z utwardzaczem, zapakowanych w osobne tubki. Sk\u0142adniki uaktywniaj\u0105 si\u0119 przez reakcj\u0119 chemiczn\u0105, w kt\u00f3rej skutek powstaje ciep\u0142o.<\/p>\n<h2>W zestawie:<\/h2>\n<ul>\n<li>Tubka z \u017cywic\u0105 10 ml<\/li>\n<li>Tubka z utwardzaczem 10 ml<\/li>\n<li>Mieszade\u0142ko<\/li>\n<\/ul>\n<p>Klej posiada elastyczn\u0105, p\u0142ynn\u0105 struktur\u0119 co pozwala nie tylko na klejenie, ale tak\u017ce na uzupe\u0142niane ubytk\u00f3w w r\u00f3\u017cnych materia\u0142ach. Zaczyna&nbsp;<b>zastyga\u0107 w oko\u0142o 5 minut<\/b>&nbsp;od przygotowania, a efekt docelowy nast\u0119puje po oko\u0142o 12 godzinach.<\/p>\n<p><b>Klej epoksydowy<\/b>&nbsp;doskonale sprawdzi si\u0119 do u\u017cytku w gospodarstwach domowych, w warsztatach, w przemy\u015ble. Bez problemu po\u0142\u0105czy ze sob\u0105 materia\u0142y takie jak<b>: tworzywo sztuczne, szk\u0142o, metal, marmur, beton, kamie\u0144.<\/b>&nbsp;Jest odporny na wod\u0119, r\u00f3\u017cnice temperatur, \u015brodki chemiczne, paliwa.<\/p>\n","protected":false},"excerpt":{"rendered":"<p>Dwusk\u0142adnikowy klej epoksydowy 2 x 10ml Klej epoksydowy&nbsp;to bardzo mocne spoiwo uznawane za jedno z najbardziej uniwersalnych u\u017cywanych na rynku. Dzia\u0142a dzi\u0119ki po\u0142\u0105czeniu&nbsp;dw\u00f3ch sk\u0142adnik\u00f3w&nbsp;\u2013 \u017cywicy z utwardzaczem, zapakowanych w osobne tubki. Sk\u0142adniki uaktywniaj\u0105 si\u0119 przez reakcj\u0119 chemiczn\u0105, w kt\u00f3rej skutek powstaje ciep\u0142o. W zestawie: Tubka z \u017cywic\u0105 10 ml Tubka z utwardzaczem 10 ml Mieszade\u0142ko [&hellip;]<\/p>\n","protected":false},"featured_media":3689,"comment_status":"open","ping_status":"closed","template":"","meta":[],"product_brand":[],"product_cat":[274],"product_tag":[],"class_list":{"0":"post-3687","1":"product","2":"type-product","3":"status-publish","4":"has-post-thumbnail","6":"product_cat-srodki-do-napraw-i-zabezpieczania","8":"first","9":"instock","10":"taxable","11":"shipping-taxable","12":"purchasable","13":"product-type-simple"},"yoast_head":"<!-- This site is optimized with the Yoast SEO plugin v27.3 - https:\/\/yoast.com\/product\/yoast-seo-wordpress\/ -->\n<title>Dwusk\u0142adnikowy Klej Epoksydowy VERGIONIC MOCNY JAK STAL EPOXY \u017bYWICZNY - Mix Market - Supermarket z wszystkim co potrzeba<\/title>\n<meta name=\"robots\" content=\"index, follow, max-snippet:-1, max-image-preview:large, max-video-preview:-1\" \/>\n<link rel=\"canonical\" href=\"https:\/\/racom.com.pl\/index.php\/produkt\/dwuskladnikowy-klej-epoksydowy-vergionic-mocny-jak-stal-epoxy-zywiczny\/\" \/>\n<meta property=\"og:locale\" content=\"pl_PL\" \/>\n<meta property=\"og:type\" content=\"article\" \/>\n<meta property=\"og:title\" content=\"Dwusk\u0142adnikowy Klej Epoksydowy VERGIONIC MOCNY JAK STAL EPOXY \u017bYWICZNY - Mix Market - Supermarket z wszystkim co potrzeba\" \/>\n<meta property=\"og:description\" content=\"Dwusk\u0142adnikowy klej epoksydowy 2 x 10ml Klej epoksydowy&nbsp;to bardzo mocne spoiwo uznawane za jedno z najbardziej uniwersalnych u\u017cywanych na rynku. Dzia\u0142a dzi\u0119ki po\u0142\u0105czeniu&nbsp;dw\u00f3ch sk\u0142adnik\u00f3w&nbsp;\u2013 \u017cywicy z utwardzaczem, zapakowanych w osobne tubki. Sk\u0142adniki uaktywniaj\u0105 si\u0119 przez reakcj\u0119 chemiczn\u0105, w kt\u00f3rej skutek powstaje ciep\u0142o. W zestawie: Tubka z \u017cywic\u0105 10 ml Tubka z utwardzaczem 10 ml Mieszade\u0142ko [&hellip;]\" \/>\n<meta property=\"og:url\" content=\"https:\/\/racom.com.pl\/index.php\/produkt\/dwuskladnikowy-klej-epoksydowy-vergionic-mocny-jak-stal-epoxy-zywiczny\/\" \/>\n<meta property=\"og:site_name\" content=\"Mix Market - Supermarket z wszystkim co potrzeba\" \/>\n<meta property=\"og:image\" content=\"https:\/\/racom.com.pl\/wp-content\/uploads\/2025\/07\/allegro_687d229e06d2a7.57787151_1c56b31c477da9e57f92bf8f7d9c.jpg\" \/>\n\t<meta property=\"og:image:width\" content=\"2560\" \/>\n\t<meta property=\"og:image:height\" content=\"2560\" \/>\n\t<meta property=\"og:image:type\" content=\"image\/jpeg\" \/>\n<meta name=\"twitter:card\" content=\"summary_large_image\" \/>\n<meta name=\"twitter:label1\" content=\"Szacowany czas czytania\" \/>\n\t<meta name=\"twitter:data1\" content=\"1 minuta\" \/>\n<script type=\"application\/ld+json\" class=\"yoast-schema-graph\">{\"@context\":\"https:\\\/\\\/schema.org\",\"@graph\":[{\"@type\":\"WebPage\",\"@id\":\"https:\\\/\\\/racom.com.pl\\\/index.php\\\/produkt\\\/dwuskladnikowy-klej-epoksydowy-vergionic-mocny-jak-stal-epoxy-zywiczny\\\/\",\"url\":\"https:\\\/\\\/racom.com.pl\\\/index.php\\\/produkt\\\/dwuskladnikowy-klej-epoksydowy-vergionic-mocny-jak-stal-epoxy-zywiczny\\\/\",\"name\":\"Dwusk\u0142adnikowy Klej Epoksydowy VERGIONIC MOCNY JAK STAL EPOXY \u017bYWICZNY - Mix Market - Supermarket z wszystkim co potrzeba\",\"isPartOf\":{\"@id\":\"https:\\\/\\\/racom.com.pl\\\/#website\"},\"primaryImageOfPage\":{\"@id\":\"https:\\\/\\\/racom.com.pl\\\/index.php\\\/produkt\\\/dwuskladnikowy-klej-epoksydowy-vergionic-mocny-jak-stal-epoxy-zywiczny\\\/#primaryimage\"},\"image\":{\"@id\":\"https:\\\/\\\/racom.com.pl\\\/index.php\\\/produkt\\\/dwuskladnikowy-klej-epoksydowy-vergionic-mocny-jak-stal-epoxy-zywiczny\\\/#primaryimage\"},\"thumbnailUrl\":\"https:\\\/\\\/racom.com.pl\\\/wp-content\\\/uploads\\\/2025\\\/07\\\/allegro_687d229e06d2a7.57787151_1c56b31c477da9e57f92bf8f7d9c.jpg\",\"datePublished\":\"2025-07-20T17:08:29+00:00\",\"breadcrumb\":{\"@id\":\"https:\\\/\\\/racom.com.pl\\\/index.php\\\/produkt\\\/dwuskladnikowy-klej-epoksydowy-vergionic-mocny-jak-stal-epoxy-zywiczny\\\/#breadcrumb\"},\"inLanguage\":\"pl-PL\",\"potentialAction\":[{\"@type\":\"ReadAction\",\"target\":[\"https:\\\/\\\/racom.com.pl\\\/index.php\\\/produkt\\\/dwuskladnikowy-klej-epoksydowy-vergionic-mocny-jak-stal-epoxy-zywiczny\\\/\"]}]},{\"@type\":\"ImageObject\",\"inLanguage\":\"pl-PL\",\"@id\":\"https:\\\/\\\/racom.com.pl\\\/index.php\\\/produkt\\\/dwuskladnikowy-klej-epoksydowy-vergionic-mocny-jak-stal-epoxy-zywiczny\\\/#primaryimage\",\"url\":\"https:\\\/\\\/racom.com.pl\\\/wp-content\\\/uploads\\\/2025\\\/07\\\/allegro_687d229e06d2a7.57787151_1c56b31c477da9e57f92bf8f7d9c.jpg\",\"contentUrl\":\"https:\\\/\\\/racom.com.pl\\\/wp-content\\\/uploads\\\/2025\\\/07\\\/allegro_687d229e06d2a7.57787151_1c56b31c477da9e57f92bf8f7d9c.jpg\",\"width\":2560,\"height\":2560},{\"@type\":\"BreadcrumbList\",\"@id\":\"https:\\\/\\\/racom.com.pl\\\/index.php\\\/produkt\\\/dwuskladnikowy-klej-epoksydowy-vergionic-mocny-jak-stal-epoxy-zywiczny\\\/#breadcrumb\",\"itemListElement\":[{\"@type\":\"ListItem\",\"position\":1,\"name\":\"Strona g\u0142\u00f3wna\",\"item\":\"https:\\\/\\\/racom.com.pl\\\/\"},{\"@type\":\"ListItem\",\"position\":2,\"name\":\"Sklep\",\"item\":\"https:\\\/\\\/racom.com.pl\\\/\"},{\"@type\":\"ListItem\",\"position\":3,\"name\":\"Dwusk\u0142adnikowy Klej Epoksydowy VERGIONIC MOCNY JAK STAL EPOXY \u017bYWICZNY\"}]},{\"@type\":\"WebSite\",\"@id\":\"https:\\\/\\\/racom.com.pl\\\/#website\",\"url\":\"https:\\\/\\\/racom.com.pl\\\/\",\"name\":\"Mix Market - Supermarket z wszystkim co potrzeba do domu i nie tylko\",\"description\":\"\",\"publisher\":{\"@id\":\"https:\\\/\\\/racom.com.pl\\\/#organization\"},\"potentialAction\":[{\"@type\":\"SearchAction\",\"target\":{\"@type\":\"EntryPoint\",\"urlTemplate\":\"https:\\\/\\\/racom.com.pl\\\/?s={search_term_string}\"},\"query-input\":{\"@type\":\"PropertyValueSpecification\",\"valueRequired\":true,\"valueName\":\"search_term_string\"}}],\"inLanguage\":\"pl-PL\"},{\"@type\":\"Organization\",\"@id\":\"https:\\\/\\\/racom.com.pl\\\/#organization\",\"name\":\"Mix Market - Supermarket z wszystkim co potrzeba do domu i nie tylko\",\"url\":\"https:\\\/\\\/racom.com.pl\\\/\",\"logo\":{\"@type\":\"ImageObject\",\"inLanguage\":\"pl-PL\",\"@id\":\"https:\\\/\\\/racom.com.pl\\\/#\\\/schema\\\/logo\\\/image\\\/\",\"url\":\"https:\\\/\\\/racom.com.pl\\\/wp-content\\\/uploads\\\/2025\\\/07\\\/mixmarket_logo.png\",\"contentUrl\":\"https:\\\/\\\/racom.com.pl\\\/wp-content\\\/uploads\\\/2025\\\/07\\\/mixmarket_logo.png\",\"width\":1024,\"height\":1024,\"caption\":\"Mix Market - Supermarket z wszystkim co potrzeba do domu i nie tylko\"},\"image\":{\"@id\":\"https:\\\/\\\/racom.com.pl\\\/#\\\/schema\\\/logo\\\/image\\\/\"}}]}<\/script>\n<!-- \/ Yoast SEO plugin. -->","yoast_head_json":{"title":"Dwusk\u0142adnikowy Klej Epoksydowy VERGIONIC MOCNY JAK STAL EPOXY \u017bYWICZNY - Mix Market - Supermarket z wszystkim co potrzeba","robots":{"index":"index","follow":"follow","max-snippet":"max-snippet:-1","max-image-preview":"max-image-preview:large","max-video-preview":"max-video-preview:-1"},"canonical":"https:\/\/racom.com.pl\/index.php\/produkt\/dwuskladnikowy-klej-epoksydowy-vergionic-mocny-jak-stal-epoxy-zywiczny\/","og_locale":"pl_PL","og_type":"article","og_title":"Dwusk\u0142adnikowy Klej Epoksydowy VERGIONIC MOCNY JAK STAL EPOXY \u017bYWICZNY - Mix Market - Supermarket z wszystkim co potrzeba","og_description":"Dwusk\u0142adnikowy klej epoksydowy 2 x 10ml Klej epoksydowy&nbsp;to bardzo mocne spoiwo uznawane za jedno z najbardziej uniwersalnych u\u017cywanych na rynku. Dzia\u0142a dzi\u0119ki po\u0142\u0105czeniu&nbsp;dw\u00f3ch sk\u0142adnik\u00f3w&nbsp;\u2013 \u017cywicy z utwardzaczem, zapakowanych w osobne tubki. Sk\u0142adniki uaktywniaj\u0105 si\u0119 przez reakcj\u0119 chemiczn\u0105, w kt\u00f3rej skutek powstaje ciep\u0142o. W zestawie: Tubka z \u017cywic\u0105 10 ml Tubka z utwardzaczem 10 ml Mieszade\u0142ko [&hellip;]","og_url":"https:\/\/racom.com.pl\/index.php\/produkt\/dwuskladnikowy-klej-epoksydowy-vergionic-mocny-jak-stal-epoxy-zywiczny\/","og_site_name":"Mix Market - Supermarket z wszystkim co potrzeba","og_image":[{"width":2560,"height":2560,"url":"https:\/\/racom.com.pl\/wp-content\/uploads\/2025\/07\/allegro_687d229e06d2a7.57787151_1c56b31c477da9e57f92bf8f7d9c.jpg","type":"image\/jpeg"}],"twitter_card":"summary_large_image","twitter_misc":{"Szacowany czas czytania":"1 minuta"},"schema":{"@context":"https:\/\/schema.org","@graph":[{"@type":"WebPage","@id":"https:\/\/racom.com.pl\/index.php\/produkt\/dwuskladnikowy-klej-epoksydowy-vergionic-mocny-jak-stal-epoxy-zywiczny\/","url":"https:\/\/racom.com.pl\/index.php\/produkt\/dwuskladnikowy-klej-epoksydowy-vergionic-mocny-jak-stal-epoxy-zywiczny\/","name":"Dwusk\u0142adnikowy Klej Epoksydowy VERGIONIC MOCNY JAK STAL EPOXY \u017bYWICZNY - Mix Market - Supermarket z wszystkim co potrzeba","isPartOf":{"@id":"https:\/\/racom.com.pl\/#website"},"primaryImageOfPage":{"@id":"https:\/\/racom.com.pl\/index.php\/produkt\/dwuskladnikowy-klej-epoksydowy-vergionic-mocny-jak-stal-epoxy-zywiczny\/#primaryimage"},"image":{"@id":"https:\/\/racom.com.pl\/index.php\/produkt\/dwuskladnikowy-klej-epoksydowy-vergionic-mocny-jak-stal-epoxy-zywiczny\/#primaryimage"},"thumbnailUrl":"https:\/\/racom.com.pl\/wp-content\/uploads\/2025\/07\/allegro_687d229e06d2a7.57787151_1c56b31c477da9e57f92bf8f7d9c.jpg","datePublished":"2025-07-20T17:08:29+00:00","breadcrumb":{"@id":"https:\/\/racom.com.pl\/index.php\/produkt\/dwuskladnikowy-klej-epoksydowy-vergionic-mocny-jak-stal-epoxy-zywiczny\/#breadcrumb"},"inLanguage":"pl-PL","potentialAction":[{"@type":"ReadAction","target":["https:\/\/racom.com.pl\/index.php\/produkt\/dwuskladnikowy-klej-epoksydowy-vergionic-mocny-jak-stal-epoxy-zywiczny\/"]}]},{"@type":"ImageObject","inLanguage":"pl-PL","@id":"https:\/\/racom.com.pl\/index.php\/produkt\/dwuskladnikowy-klej-epoksydowy-vergionic-mocny-jak-stal-epoxy-zywiczny\/#primaryimage","url":"https:\/\/racom.com.pl\/wp-content\/uploads\/2025\/07\/allegro_687d229e06d2a7.57787151_1c56b31c477da9e57f92bf8f7d9c.jpg","contentUrl":"https:\/\/racom.com.pl\/wp-content\/uploads\/2025\/07\/allegro_687d229e06d2a7.57787151_1c56b31c477da9e57f92bf8f7d9c.jpg","width":2560,"height":2560},{"@type":"BreadcrumbList","@id":"https:\/\/racom.com.pl\/index.php\/produkt\/dwuskladnikowy-klej-epoksydowy-vergionic-mocny-jak-stal-epoxy-zywiczny\/#breadcrumb","itemListElement":[{"@type":"ListItem","position":1,"name":"Strona g\u0142\u00f3wna","item":"https:\/\/racom.com.pl\/"},{"@type":"ListItem","position":2,"name":"Sklep","item":"https:\/\/racom.com.pl\/"},{"@type":"ListItem","position":3,"name":"Dwusk\u0142adnikowy Klej Epoksydowy VERGIONIC MOCNY JAK STAL EPOXY \u017bYWICZNY"}]},{"@type":"WebSite","@id":"https:\/\/racom.com.pl\/#website","url":"https:\/\/racom.com.pl\/","name":"Mix Market - Supermarket z wszystkim co potrzeba do domu i nie tylko","description":"","publisher":{"@id":"https:\/\/racom.com.pl\/#organization"},"potentialAction":[{"@type":"SearchAction","target":{"@type":"EntryPoint","urlTemplate":"https:\/\/racom.com.pl\/?s={search_term_string}"},"query-input":{"@type":"PropertyValueSpecification","valueRequired":true,"valueName":"search_term_string"}}],"inLanguage":"pl-PL"},{"@type":"Organization","@id":"https:\/\/racom.com.pl\/#organization","name":"Mix Market - Supermarket z wszystkim co potrzeba do domu i nie tylko","url":"https:\/\/racom.com.pl\/","logo":{"@type":"ImageObject","inLanguage":"pl-PL","@id":"https:\/\/racom.com.pl\/#\/schema\/logo\/image\/","url":"https:\/\/racom.com.pl\/wp-content\/uploads\/2025\/07\/mixmarket_logo.png","contentUrl":"https:\/\/racom.com.pl\/wp-content\/uploads\/2025\/07\/mixmarket_logo.png","width":1024,"height":1024,"caption":"Mix Market - Supermarket z wszystkim co potrzeba do domu i nie tylko"},"image":{"@id":"https:\/\/racom.com.pl\/#\/schema\/logo\/image\/"}}]}},"_links":{"self":[{"href":"https:\/\/racom.com.pl\/index.php\/wp-json\/wp\/v2\/product\/3687","targetHints":{"allow":["GET"]}}],"collection":[{"href":"https:\/\/racom.com.pl\/index.php\/wp-json\/wp\/v2\/product"}],"about":[{"href":"https:\/\/racom.com.pl\/index.php\/wp-json\/wp\/v2\/types\/product"}],"replies":[{"embeddable":true,"href":"https:\/\/racom.com.pl\/index.php\/wp-json\/wp\/v2\/comments?post=3687"}],"wp:featuredmedia":[{"embeddable":true,"href":"https:\/\/racom.com.pl\/index.php\/wp-json\/wp\/v2\/media\/3689"}],"wp:attachment":[{"href":"https:\/\/racom.com.pl\/index.php\/wp-json\/wp\/v2\/media?parent=3687"}],"wp:term":[{"taxonomy":"product_brand","embeddable":true,"href":"https:\/\/racom.com.pl\/index.php\/wp-json\/wp\/v2\/product_brand?post=3687"},{"taxonomy":"product_cat","embeddable":true,"href":"https:\/\/racom.com.pl\/index.php\/wp-json\/wp\/v2\/product_cat?post=3687"},{"taxonomy":"product_tag","embeddable":true,"href":"https:\/\/racom.com.pl\/index.php\/wp-json\/wp\/v2\/product_tag?post=3687"}],"curies":[{"name":"wp","href":"https:\/\/api.w.org\/{rel}","templated":true}]}}