{"id":3697,"date":"2025-07-20T19:09:45","date_gmt":"2025-07-20T17:09:45","guid":{"rendered":"http:\/\/192.168.2.106\/index.php\/produkt\/wskaznik-biegow-motocyklowy-wyswietlacz-niebieski-led\/"},"modified":"2025-07-20T19:09:45","modified_gmt":"2025-07-20T17:09:45","slug":"wskaznik-biegow-motocyklowy-wyswietlacz-niebieski-led","status":"publish","type":"product","link":"https:\/\/racom.com.pl\/index.php\/produkt\/wskaznik-biegow-motocyklowy-wyswietlacz-niebieski-led\/","title":{"rendered":"WSKA\u0179NIK BIEG\u00d3W MOTOCYKLOWY WY\u015aWIETLACZ Niebieski LED"},"content":{"rendered":"<h2>WSKA\u0179NIK BIEG\u00d3W WY\u015aWIETLACZ MOTOCYKLOWY<\/h2>\n<p>Uniwersalny wska\u017anik bieg\u00f3w do motocykli, quad\u00f3w itp.<\/p>\n<p><b>Wymagania:<\/b><\/p>\n<p>do poprawnej pracy motocykl musi by\u0107 wyposa\u017cony w d\u017awignie zmiany bieg\u00f3w oraz kontrolk\u0119 &#8222;luzu&#8221; (biegu ja\u0142owego) &#8211; w praktyce dzia\u0142a z ka\u017cdym motocyklem, ze skrzyni\u0105 do 8 bieg\u00f3w:<\/p>\n<p>1 &#8211; N &#8211; 2 &#8211; 3 &#8211; 4 &#8211; 5 &#8211; 6 &#8211; 7 &#8211; 8<\/p>\n<p>Przy zmianie bieg\u00f3w czujniki odczytuj\u0105 skok d\u017awigni w d\u00f3\u0142 i w g\u00f3r\u0119.<\/p>\n<p>Na wy\u015bwietlaczu jest aktualny bieg. Kontrolka luzu dzia\u0142a jako RESET<\/p>\n<p>a wska\u017anik pokazuje &#8222;neutral&#8221;.<\/p>\n<p>Wy\u015bwietlacz ma wbudowan\u0105 funkcj\u0119 regulacji si\u0142y \u015bwiecenia &#8211; w jasnym otoczeniu \u015bwieci intensywniej a w nocy \u015bciemnia si\u0119 aby nie o\u015blepia\u0107 kierowcy. Urz\u0105dzenie jest wodoszczelne i w pe\u0142ni odporne na warunki atmosferyczne. Nie straszne mu s\u0142o\u0144ce, wilgo\u0107 i niskie temperatury.<\/p>\n<p><b>W zestawie<\/b>:<\/p>\n<ul>\n<li>wy\u015bwietlacz<\/li>\n<li>2 czujniki<\/li>\n<li>magnes<\/li>\n<li>instrukcja<\/li>\n<\/ul>\n<ul>\n<li><b>Kod produktu:<\/b>&nbsp;A076<\/li>\n<\/ul>\n","protected":false},"excerpt":{"rendered":"<p>WSKA\u0179NIK BIEG\u00d3W WY\u015aWIETLACZ MOTOCYKLOWY Uniwersalny wska\u017anik bieg\u00f3w do motocykli, quad\u00f3w itp. Wymagania: do poprawnej pracy motocykl musi by\u0107 wyposa\u017cony w d\u017awignie zmiany bieg\u00f3w oraz kontrolk\u0119 &#8222;luzu&#8221; (biegu ja\u0142owego) &#8211; w praktyce dzia\u0142a z ka\u017cdym motocyklem, ze skrzyni\u0105 do 8 bieg\u00f3w: 1 &#8211; N &#8211; 2 &#8211; 3 &#8211; 4 &#8211; 5 &#8211; 6 &#8211; 7 [&hellip;]<\/p>\n","protected":false},"featured_media":3700,"comment_status":"open","ping_status":"closed","template":"","meta":[],"product_brand":[],"product_cat":[276],"product_tag":[],"class_list":{"0":"post-3697","1":"product","2":"type-product","3":"status-publish","4":"has-post-thumbnail","6":"product_cat-wyposazenie-i-akcesoria-motocyklowe","8":"first","9":"outofstock","10":"taxable","11":"shipping-taxable","12":"purchasable","13":"product-type-simple"},"yoast_head":"<!-- This site is optimized with the Yoast SEO plugin v27.3 - https:\/\/yoast.com\/product\/yoast-seo-wordpress\/ -->\n<title>WSKA\u0179NIK BIEG\u00d3W MOTOCYKLOWY WY\u015aWIETLACZ Niebieski LED - Mix Market - Supermarket z wszystkim co potrzeba<\/title>\n<meta name=\"robots\" content=\"index, follow, max-snippet:-1, max-image-preview:large, max-video-preview:-1\" \/>\n<link rel=\"canonical\" href=\"https:\/\/racom.com.pl\/index.php\/produkt\/wskaznik-biegow-motocyklowy-wyswietlacz-niebieski-led\/\" \/>\n<meta property=\"og:locale\" content=\"pl_PL\" \/>\n<meta property=\"og:type\" content=\"article\" \/>\n<meta property=\"og:title\" content=\"WSKA\u0179NIK BIEG\u00d3W MOTOCYKLOWY WY\u015aWIETLACZ Niebieski LED - Mix Market - Supermarket z wszystkim co potrzeba\" \/>\n<meta property=\"og:description\" content=\"WSKA\u0179NIK BIEG\u00d3W WY\u015aWIETLACZ MOTOCYKLOWY Uniwersalny wska\u017anik bieg\u00f3w do motocykli, quad\u00f3w itp. Wymagania: do poprawnej pracy motocykl musi by\u0107 wyposa\u017cony w d\u017awignie zmiany bieg\u00f3w oraz kontrolk\u0119 &#8222;luzu&#8221; (biegu ja\u0142owego) &#8211; w praktyce dzia\u0142a z ka\u017cdym motocyklem, ze skrzyni\u0105 do 8 bieg\u00f3w: 1 &#8211; N &#8211; 2 &#8211; 3 &#8211; 4 &#8211; 5 &#8211; 6 &#8211; 7 [&hellip;]\" \/>\n<meta property=\"og:url\" content=\"https:\/\/racom.com.pl\/index.php\/produkt\/wskaznik-biegow-motocyklowy-wyswietlacz-niebieski-led\/\" \/>\n<meta property=\"og:site_name\" content=\"Mix Market - Supermarket z wszystkim co potrzeba\" \/>\n<meta property=\"og:image\" content=\"https:\/\/racom.com.pl\/wp-content\/uploads\/2025\/07\/allegro_687d22e4012ae2.84434697_44a7cf324fcb99bc75243e18bb79.jpg\" \/>\n\t<meta property=\"og:image:width\" content=\"516\" \/>\n\t<meta property=\"og:image:height\" content=\"1024\" \/>\n\t<meta property=\"og:image:type\" content=\"image\/jpeg\" \/>\n<meta name=\"twitter:card\" content=\"summary_large_image\" \/>\n<meta name=\"twitter:label1\" content=\"Szacowany czas czytania\" \/>\n\t<meta name=\"twitter:data1\" content=\"1 minuta\" \/>\n<script type=\"application\/ld+json\" class=\"yoast-schema-graph\">{\"@context\":\"https:\\\/\\\/schema.org\",\"@graph\":[{\"@type\":\"WebPage\",\"@id\":\"https:\\\/\\\/racom.com.pl\\\/index.php\\\/produkt\\\/wskaznik-biegow-motocyklowy-wyswietlacz-niebieski-led\\\/\",\"url\":\"https:\\\/\\\/racom.com.pl\\\/index.php\\\/produkt\\\/wskaznik-biegow-motocyklowy-wyswietlacz-niebieski-led\\\/\",\"name\":\"WSKA\u0179NIK BIEG\u00d3W MOTOCYKLOWY WY\u015aWIETLACZ Niebieski LED - Mix Market - Supermarket z wszystkim co potrzeba\",\"isPartOf\":{\"@id\":\"https:\\\/\\\/racom.com.pl\\\/#website\"},\"primaryImageOfPage\":{\"@id\":\"https:\\\/\\\/racom.com.pl\\\/index.php\\\/produkt\\\/wskaznik-biegow-motocyklowy-wyswietlacz-niebieski-led\\\/#primaryimage\"},\"image\":{\"@id\":\"https:\\\/\\\/racom.com.pl\\\/index.php\\\/produkt\\\/wskaznik-biegow-motocyklowy-wyswietlacz-niebieski-led\\\/#primaryimage\"},\"thumbnailUrl\":\"https:\\\/\\\/racom.com.pl\\\/wp-content\\\/uploads\\\/2025\\\/07\\\/allegro_687d22e4012ae2.84434697_44a7cf324fcb99bc75243e18bb79.jpg\",\"datePublished\":\"2025-07-20T17:09:45+00:00\",\"breadcrumb\":{\"@id\":\"https:\\\/\\\/racom.com.pl\\\/index.php\\\/produkt\\\/wskaznik-biegow-motocyklowy-wyswietlacz-niebieski-led\\\/#breadcrumb\"},\"inLanguage\":\"pl-PL\",\"potentialAction\":[{\"@type\":\"ReadAction\",\"target\":[\"https:\\\/\\\/racom.com.pl\\\/index.php\\\/produkt\\\/wskaznik-biegow-motocyklowy-wyswietlacz-niebieski-led\\\/\"]}]},{\"@type\":\"ImageObject\",\"inLanguage\":\"pl-PL\",\"@id\":\"https:\\\/\\\/racom.com.pl\\\/index.php\\\/produkt\\\/wskaznik-biegow-motocyklowy-wyswietlacz-niebieski-led\\\/#primaryimage\",\"url\":\"https:\\\/\\\/racom.com.pl\\\/wp-content\\\/uploads\\\/2025\\\/07\\\/allegro_687d22e4012ae2.84434697_44a7cf324fcb99bc75243e18bb79.jpg\",\"contentUrl\":\"https:\\\/\\\/racom.com.pl\\\/wp-content\\\/uploads\\\/2025\\\/07\\\/allegro_687d22e4012ae2.84434697_44a7cf324fcb99bc75243e18bb79.jpg\",\"width\":516,\"height\":1024},{\"@type\":\"BreadcrumbList\",\"@id\":\"https:\\\/\\\/racom.com.pl\\\/index.php\\\/produkt\\\/wskaznik-biegow-motocyklowy-wyswietlacz-niebieski-led\\\/#breadcrumb\",\"itemListElement\":[{\"@type\":\"ListItem\",\"position\":1,\"name\":\"Strona g\u0142\u00f3wna\",\"item\":\"https:\\\/\\\/racom.com.pl\\\/\"},{\"@type\":\"ListItem\",\"position\":2,\"name\":\"Sklep\",\"item\":\"https:\\\/\\\/racom.com.pl\\\/\"},{\"@type\":\"ListItem\",\"position\":3,\"name\":\"WSKA\u0179NIK BIEG\u00d3W MOTOCYKLOWY WY\u015aWIETLACZ Niebieski LED\"}]},{\"@type\":\"WebSite\",\"@id\":\"https:\\\/\\\/racom.com.pl\\\/#website\",\"url\":\"https:\\\/\\\/racom.com.pl\\\/\",\"name\":\"Mix Market - Supermarket z wszystkim co potrzeba do domu i nie tylko\",\"description\":\"\",\"publisher\":{\"@id\":\"https:\\\/\\\/racom.com.pl\\\/#organization\"},\"potentialAction\":[{\"@type\":\"SearchAction\",\"target\":{\"@type\":\"EntryPoint\",\"urlTemplate\":\"https:\\\/\\\/racom.com.pl\\\/?s={search_term_string}\"},\"query-input\":{\"@type\":\"PropertyValueSpecification\",\"valueRequired\":true,\"valueName\":\"search_term_string\"}}],\"inLanguage\":\"pl-PL\"},{\"@type\":\"Organization\",\"@id\":\"https:\\\/\\\/racom.com.pl\\\/#organization\",\"name\":\"Mix Market - Supermarket z wszystkim co potrzeba do domu i nie tylko\",\"url\":\"https:\\\/\\\/racom.com.pl\\\/\",\"logo\":{\"@type\":\"ImageObject\",\"inLanguage\":\"pl-PL\",\"@id\":\"https:\\\/\\\/racom.com.pl\\\/#\\\/schema\\\/logo\\\/image\\\/\",\"url\":\"https:\\\/\\\/racom.com.pl\\\/wp-content\\\/uploads\\\/2025\\\/07\\\/mixmarket_logo.png\",\"contentUrl\":\"https:\\\/\\\/racom.com.pl\\\/wp-content\\\/uploads\\\/2025\\\/07\\\/mixmarket_logo.png\",\"width\":1024,\"height\":1024,\"caption\":\"Mix Market - Supermarket z wszystkim co potrzeba do domu i nie tylko\"},\"image\":{\"@id\":\"https:\\\/\\\/racom.com.pl\\\/#\\\/schema\\\/logo\\\/image\\\/\"}}]}<\/script>\n<!-- \/ Yoast SEO plugin. -->","yoast_head_json":{"title":"WSKA\u0179NIK BIEG\u00d3W MOTOCYKLOWY WY\u015aWIETLACZ Niebieski LED - Mix Market - Supermarket z wszystkim co potrzeba","robots":{"index":"index","follow":"follow","max-snippet":"max-snippet:-1","max-image-preview":"max-image-preview:large","max-video-preview":"max-video-preview:-1"},"canonical":"https:\/\/racom.com.pl\/index.php\/produkt\/wskaznik-biegow-motocyklowy-wyswietlacz-niebieski-led\/","og_locale":"pl_PL","og_type":"article","og_title":"WSKA\u0179NIK BIEG\u00d3W MOTOCYKLOWY WY\u015aWIETLACZ Niebieski LED - Mix Market - Supermarket z wszystkim co potrzeba","og_description":"WSKA\u0179NIK BIEG\u00d3W WY\u015aWIETLACZ MOTOCYKLOWY Uniwersalny wska\u017anik bieg\u00f3w do motocykli, quad\u00f3w itp. Wymagania: do poprawnej pracy motocykl musi by\u0107 wyposa\u017cony w d\u017awignie zmiany bieg\u00f3w oraz kontrolk\u0119 &#8222;luzu&#8221; (biegu ja\u0142owego) &#8211; w praktyce dzia\u0142a z ka\u017cdym motocyklem, ze skrzyni\u0105 do 8 bieg\u00f3w: 1 &#8211; N &#8211; 2 &#8211; 3 &#8211; 4 &#8211; 5 &#8211; 6 &#8211; 7 [&hellip;]","og_url":"https:\/\/racom.com.pl\/index.php\/produkt\/wskaznik-biegow-motocyklowy-wyswietlacz-niebieski-led\/","og_site_name":"Mix Market - Supermarket z wszystkim co potrzeba","og_image":[{"width":516,"height":1024,"url":"https:\/\/racom.com.pl\/wp-content\/uploads\/2025\/07\/allegro_687d22e4012ae2.84434697_44a7cf324fcb99bc75243e18bb79.jpg","type":"image\/jpeg"}],"twitter_card":"summary_large_image","twitter_misc":{"Szacowany czas czytania":"1 minuta"},"schema":{"@context":"https:\/\/schema.org","@graph":[{"@type":"WebPage","@id":"https:\/\/racom.com.pl\/index.php\/produkt\/wskaznik-biegow-motocyklowy-wyswietlacz-niebieski-led\/","url":"https:\/\/racom.com.pl\/index.php\/produkt\/wskaznik-biegow-motocyklowy-wyswietlacz-niebieski-led\/","name":"WSKA\u0179NIK BIEG\u00d3W MOTOCYKLOWY WY\u015aWIETLACZ Niebieski LED - Mix Market - Supermarket z wszystkim co potrzeba","isPartOf":{"@id":"https:\/\/racom.com.pl\/#website"},"primaryImageOfPage":{"@id":"https:\/\/racom.com.pl\/index.php\/produkt\/wskaznik-biegow-motocyklowy-wyswietlacz-niebieski-led\/#primaryimage"},"image":{"@id":"https:\/\/racom.com.pl\/index.php\/produkt\/wskaznik-biegow-motocyklowy-wyswietlacz-niebieski-led\/#primaryimage"},"thumbnailUrl":"https:\/\/racom.com.pl\/wp-content\/uploads\/2025\/07\/allegro_687d22e4012ae2.84434697_44a7cf324fcb99bc75243e18bb79.jpg","datePublished":"2025-07-20T17:09:45+00:00","breadcrumb":{"@id":"https:\/\/racom.com.pl\/index.php\/produkt\/wskaznik-biegow-motocyklowy-wyswietlacz-niebieski-led\/#breadcrumb"},"inLanguage":"pl-PL","potentialAction":[{"@type":"ReadAction","target":["https:\/\/racom.com.pl\/index.php\/produkt\/wskaznik-biegow-motocyklowy-wyswietlacz-niebieski-led\/"]}]},{"@type":"ImageObject","inLanguage":"pl-PL","@id":"https:\/\/racom.com.pl\/index.php\/produkt\/wskaznik-biegow-motocyklowy-wyswietlacz-niebieski-led\/#primaryimage","url":"https:\/\/racom.com.pl\/wp-content\/uploads\/2025\/07\/allegro_687d22e4012ae2.84434697_44a7cf324fcb99bc75243e18bb79.jpg","contentUrl":"https:\/\/racom.com.pl\/wp-content\/uploads\/2025\/07\/allegro_687d22e4012ae2.84434697_44a7cf324fcb99bc75243e18bb79.jpg","width":516,"height":1024},{"@type":"BreadcrumbList","@id":"https:\/\/racom.com.pl\/index.php\/produkt\/wskaznik-biegow-motocyklowy-wyswietlacz-niebieski-led\/#breadcrumb","itemListElement":[{"@type":"ListItem","position":1,"name":"Strona g\u0142\u00f3wna","item":"https:\/\/racom.com.pl\/"},{"@type":"ListItem","position":2,"name":"Sklep","item":"https:\/\/racom.com.pl\/"},{"@type":"ListItem","position":3,"name":"WSKA\u0179NIK BIEG\u00d3W MOTOCYKLOWY WY\u015aWIETLACZ Niebieski LED"}]},{"@type":"WebSite","@id":"https:\/\/racom.com.pl\/#website","url":"https:\/\/racom.com.pl\/","name":"Mix Market - Supermarket z wszystkim co potrzeba do domu i nie tylko","description":"","publisher":{"@id":"https:\/\/racom.com.pl\/#organization"},"potentialAction":[{"@type":"SearchAction","target":{"@type":"EntryPoint","urlTemplate":"https:\/\/racom.com.pl\/?s={search_term_string}"},"query-input":{"@type":"PropertyValueSpecification","valueRequired":true,"valueName":"search_term_string"}}],"inLanguage":"pl-PL"},{"@type":"Organization","@id":"https:\/\/racom.com.pl\/#organization","name":"Mix Market - Supermarket z wszystkim co potrzeba do domu i nie tylko","url":"https:\/\/racom.com.pl\/","logo":{"@type":"ImageObject","inLanguage":"pl-PL","@id":"https:\/\/racom.com.pl\/#\/schema\/logo\/image\/","url":"https:\/\/racom.com.pl\/wp-content\/uploads\/2025\/07\/mixmarket_logo.png","contentUrl":"https:\/\/racom.com.pl\/wp-content\/uploads\/2025\/07\/mixmarket_logo.png","width":1024,"height":1024,"caption":"Mix Market - Supermarket z wszystkim co potrzeba do domu i nie tylko"},"image":{"@id":"https:\/\/racom.com.pl\/#\/schema\/logo\/image\/"}}]}},"_links":{"self":[{"href":"https:\/\/racom.com.pl\/index.php\/wp-json\/wp\/v2\/product\/3697","targetHints":{"allow":["GET"]}}],"collection":[{"href":"https:\/\/racom.com.pl\/index.php\/wp-json\/wp\/v2\/product"}],"about":[{"href":"https:\/\/racom.com.pl\/index.php\/wp-json\/wp\/v2\/types\/product"}],"replies":[{"embeddable":true,"href":"https:\/\/racom.com.pl\/index.php\/wp-json\/wp\/v2\/comments?post=3697"}],"wp:featuredmedia":[{"embeddable":true,"href":"https:\/\/racom.com.pl\/index.php\/wp-json\/wp\/v2\/media\/3700"}],"wp:attachment":[{"href":"https:\/\/racom.com.pl\/index.php\/wp-json\/wp\/v2\/media?parent=3697"}],"wp:term":[{"taxonomy":"product_brand","embeddable":true,"href":"https:\/\/racom.com.pl\/index.php\/wp-json\/wp\/v2\/product_brand?post=3697"},{"taxonomy":"product_cat","embeddable":true,"href":"https:\/\/racom.com.pl\/index.php\/wp-json\/wp\/v2\/product_cat?post=3697"},{"taxonomy":"product_tag","embeddable":true,"href":"https:\/\/racom.com.pl\/index.php\/wp-json\/wp\/v2\/product_tag?post=3697"}],"curies":[{"name":"wp","href":"https:\/\/api.w.org\/{rel}","templated":true}]}}