{"id":3701,"date":"2025-07-20T19:10:02","date_gmt":"2025-07-20T17:10:02","guid":{"rendered":"http:\/\/192.168.2.106\/index.php\/produkt\/uchwyt-na-telefon-do-samochodu-na-lusterko-wsteczne-360\/"},"modified":"2025-07-20T19:10:02","modified_gmt":"2025-07-20T17:10:02","slug":"uchwyt-na-telefon-do-samochodu-na-lusterko-wsteczne-360","status":"publish","type":"product","link":"https:\/\/racom.com.pl\/index.php\/produkt\/uchwyt-na-telefon-do-samochodu-na-lusterko-wsteczne-360\/","title":{"rendered":"UCHWYT NA TELEFON do samochodu NA LUSTERKO WSTECZNE 360*"},"content":{"rendered":"<h2>UCHWYT NA TELEFON NA LUSTERKO WSTECZNE<\/h2>\n<h2>UNIWERSALNY UCHWYT SAMOCHODOWY NA TELEFON MOCOWANY NA LUSTERKO&nbsp;KAKU KSC-525<\/h2>\n<p>Uchwyt wykonano&nbsp;<b>wysokiej jako\u015bci tworzywa sztucznego<\/b>&nbsp;dzi\u0119ki czemu&nbsp;<b>jest stabilny i trwa\u0142y.<\/b><\/p>\n<p>Uchwyt montowany jest&nbsp;<b>pod lusterkiem wstecznym<\/b>&nbsp;w samochodzie, co pozwala na skorzystanie z telefonu \/ smartfona podczas jazdy samochodem, nie naruszaj\u0105c przy tym zasad bezpiecze\u0144stwa.<\/p>\n<p>Dzi\u0119ki takiemu zamocowaniu b\u0119dziemy mogli korzysta\u0107 np. z nawigacji w smartphonie bez zbytniego odrywania oczu od drogi.<\/p>\n<p>Zar\u00f3wno&nbsp;<b>element mocuj\u0105cy<\/b>&nbsp;<b>do telefonu jak i do lusterka jest p\u0142ynnie regulowany,<\/b>&nbsp;co zapewnia uchwytowi du\u017c\u0105 uniwersalno\u015b\u0107. Dzi\u0119ki temu bez problemu zamocujemy w uchwycie niemal ka\u017cdy telefon oraz podepniemy uchwyt do ka\u017cdego lusterka.<\/p>\n<ul>\n<li><b>Kolor:<\/b> Czarny<\/li>\n<li><b>Stan:<\/b> Nowy<\/li>\n<li><b>Rodzaj:<\/b> Uchwyt samochodowy<\/li>\n<li><b>Przeznaczenie:<\/b> Smartfon<\/li>\n<li><b>Mocowanie urz\u0105dzenia:<\/b> Na zatrzask<\/li>\n<li><b>Miejsce monta\u017cu:<\/b> Przednia szyba, Deska rozdzielcza<\/li>\n<li><b>Typ monta\u017cu:<\/b> Przyssawka<\/li>\n<li><b>Materia\u0142:<\/b> ABS<\/li>\n<li><b>Cechy:<\/b> Regulowany k\u0105t, Rami\u0119 teleskopowe<\/li>\n<li><b>Kompatybilno\u015b\u0107 marki:<\/b> Uniwersalny<\/li>\n<li><b>Kompatybilno\u015b\u0107 modelu:<\/b> Uniwersalny<\/li>\n<\/ul>\n<h2>KAKU<\/h2>\n<p>Uchwyt na telefon posiada&nbsp;<b>mi\u0119kk\u0105 pow\u0142ok\u0119 chroni\u0105c\u0105 urz\u0105dzenie<\/b>&nbsp;przed przypadkowym zarysowaniem czy innym uszkodzeniem<\/p>\n<p>Uchwyt mocowany na lusterko wsteczne samochodu jest przeznaczony dla&nbsp;<b>wi\u0119kszo\u015bci smartfon\u00f3w<\/b>&nbsp;o&nbsp;<b>szeroko\u015bci od 5 do 9 cm<\/b>.<\/p>\n<h2>SPECYFIKACJA:<\/h2>\n<ul>\n<li>Materia\u0142 wykonania:&nbsp;<b>tworzywa sztuczne;<\/b><\/li>\n<li>Mocowanie pod telefon wy\u0142o\u017cone&nbsp;<b>piank\u0105 amortyzuj\u0105c\u0105;<\/b><\/li>\n<\/ul>\n<ul>\n<li>Zastosowanie pianki amortyzuj\u0105cej zapewnia<b>&nbsp;stabilno\u015b\u0107 mocowania<\/b>&nbsp;i zabezpiecza urz\u0105dzenie przed zarysowaniami;<\/li>\n<\/ul>\n<ul>\n<li>Uchwyt mo\u017cna zamocowa\u0107&nbsp;<b>na ka\u017cdym lusterku<\/b><\/li>\n<\/ul>\n<ul>\n<li>W uchwycie mo\u017cna zamocowa\u0107<b>&nbsp;ka\u017cdy telefon \/ smartfon o szeroko\u015bci od 50 mm do 90 mm.<\/b><\/li>\n<\/ul>\n","protected":false},"excerpt":{"rendered":"<p>UCHWYT NA TELEFON NA LUSTERKO WSTECZNE UNIWERSALNY UCHWYT SAMOCHODOWY NA TELEFON MOCOWANY NA LUSTERKO&nbsp;KAKU KSC-525 Uchwyt wykonano&nbsp;wysokiej jako\u015bci tworzywa sztucznego&nbsp;dzi\u0119ki czemu&nbsp;jest stabilny i trwa\u0142y. Uchwyt montowany jest&nbsp;pod lusterkiem wstecznym&nbsp;w samochodzie, co pozwala na skorzystanie z telefonu \/ smartfona podczas jazdy samochodem, nie naruszaj\u0105c przy tym zasad bezpiecze\u0144stwa. Dzi\u0119ki takiemu zamocowaniu b\u0119dziemy mogli korzysta\u0107 np. z [&hellip;]<\/p>\n","protected":false},"featured_media":3713,"comment_status":"open","ping_status":"closed","template":"","meta":[],"product_brand":[],"product_cat":[277],"product_tag":[],"class_list":{"0":"post-3701","1":"product","2":"type-product","3":"status-publish","4":"has-post-thumbnail","6":"product_cat-uchwyty-wieszaki","8":"first","9":"instock","10":"taxable","11":"shipping-taxable","12":"purchasable","13":"product-type-simple"},"yoast_head":"<!-- This site is optimized with the Yoast SEO plugin v27.3 - https:\/\/yoast.com\/product\/yoast-seo-wordpress\/ -->\n<title>UCHWYT NA TELEFON do samochodu NA LUSTERKO WSTECZNE 360* - Mix Market - Supermarket z wszystkim co potrzeba<\/title>\n<meta name=\"robots\" content=\"index, follow, max-snippet:-1, max-image-preview:large, max-video-preview:-1\" \/>\n<link rel=\"canonical\" href=\"https:\/\/racom.com.pl\/index.php\/produkt\/uchwyt-na-telefon-do-samochodu-na-lusterko-wsteczne-360\/\" \/>\n<meta property=\"og:locale\" content=\"pl_PL\" \/>\n<meta property=\"og:type\" content=\"article\" \/>\n<meta property=\"og:title\" content=\"UCHWYT NA TELEFON do samochodu NA LUSTERKO WSTECZNE 360* - Mix Market - Supermarket z wszystkim co potrzeba\" \/>\n<meta property=\"og:description\" content=\"UCHWYT NA TELEFON NA LUSTERKO WSTECZNE UNIWERSALNY UCHWYT SAMOCHODOWY NA TELEFON MOCOWANY NA LUSTERKO&nbsp;KAKU KSC-525 Uchwyt wykonano&nbsp;wysokiej jako\u015bci tworzywa sztucznego&nbsp;dzi\u0119ki czemu&nbsp;jest stabilny i trwa\u0142y. Uchwyt montowany jest&nbsp;pod lusterkiem wstecznym&nbsp;w samochodzie, co pozwala na skorzystanie z telefonu \/ smartfona podczas jazdy samochodem, nie naruszaj\u0105c przy tym zasad bezpiecze\u0144stwa. Dzi\u0119ki takiemu zamocowaniu b\u0119dziemy mogli korzysta\u0107 np. z [&hellip;]\" \/>\n<meta property=\"og:url\" content=\"https:\/\/racom.com.pl\/index.php\/produkt\/uchwyt-na-telefon-do-samochodu-na-lusterko-wsteczne-360\/\" \/>\n<meta property=\"og:site_name\" content=\"Mix Market - Supermarket z wszystkim co potrzeba\" \/>\n<meta property=\"og:image\" content=\"https:\/\/racom.com.pl\/wp-content\/uploads\/2025\/07\/allegro_687d232e63b773.92390569_b55d40ac4660b8d36b25d7dcaf95.jpg\" \/>\n\t<meta property=\"og:image:width\" content=\"800\" \/>\n\t<meta property=\"og:image:height\" content=\"800\" \/>\n\t<meta property=\"og:image:type\" content=\"image\/jpeg\" \/>\n<meta name=\"twitter:card\" content=\"summary_large_image\" \/>\n<meta name=\"twitter:label1\" content=\"Szacowany czas czytania\" \/>\n\t<meta name=\"twitter:data1\" content=\"1 minuta\" \/>\n<script type=\"application\/ld+json\" class=\"yoast-schema-graph\">{\"@context\":\"https:\\\/\\\/schema.org\",\"@graph\":[{\"@type\":\"WebPage\",\"@id\":\"https:\\\/\\\/racom.com.pl\\\/index.php\\\/produkt\\\/uchwyt-na-telefon-do-samochodu-na-lusterko-wsteczne-360\\\/\",\"url\":\"https:\\\/\\\/racom.com.pl\\\/index.php\\\/produkt\\\/uchwyt-na-telefon-do-samochodu-na-lusterko-wsteczne-360\\\/\",\"name\":\"UCHWYT NA TELEFON do samochodu NA LUSTERKO WSTECZNE 360* - Mix Market - Supermarket z wszystkim co potrzeba\",\"isPartOf\":{\"@id\":\"https:\\\/\\\/racom.com.pl\\\/#website\"},\"primaryImageOfPage\":{\"@id\":\"https:\\\/\\\/racom.com.pl\\\/index.php\\\/produkt\\\/uchwyt-na-telefon-do-samochodu-na-lusterko-wsteczne-360\\\/#primaryimage\"},\"image\":{\"@id\":\"https:\\\/\\\/racom.com.pl\\\/index.php\\\/produkt\\\/uchwyt-na-telefon-do-samochodu-na-lusterko-wsteczne-360\\\/#primaryimage\"},\"thumbnailUrl\":\"https:\\\/\\\/racom.com.pl\\\/wp-content\\\/uploads\\\/2025\\\/07\\\/allegro_687d232e63b773.92390569_b55d40ac4660b8d36b25d7dcaf95.jpg\",\"datePublished\":\"2025-07-20T17:10:02+00:00\",\"breadcrumb\":{\"@id\":\"https:\\\/\\\/racom.com.pl\\\/index.php\\\/produkt\\\/uchwyt-na-telefon-do-samochodu-na-lusterko-wsteczne-360\\\/#breadcrumb\"},\"inLanguage\":\"pl-PL\",\"potentialAction\":[{\"@type\":\"ReadAction\",\"target\":[\"https:\\\/\\\/racom.com.pl\\\/index.php\\\/produkt\\\/uchwyt-na-telefon-do-samochodu-na-lusterko-wsteczne-360\\\/\"]}]},{\"@type\":\"ImageObject\",\"inLanguage\":\"pl-PL\",\"@id\":\"https:\\\/\\\/racom.com.pl\\\/index.php\\\/produkt\\\/uchwyt-na-telefon-do-samochodu-na-lusterko-wsteczne-360\\\/#primaryimage\",\"url\":\"https:\\\/\\\/racom.com.pl\\\/wp-content\\\/uploads\\\/2025\\\/07\\\/allegro_687d232e63b773.92390569_b55d40ac4660b8d36b25d7dcaf95.jpg\",\"contentUrl\":\"https:\\\/\\\/racom.com.pl\\\/wp-content\\\/uploads\\\/2025\\\/07\\\/allegro_687d232e63b773.92390569_b55d40ac4660b8d36b25d7dcaf95.jpg\",\"width\":800,\"height\":800},{\"@type\":\"BreadcrumbList\",\"@id\":\"https:\\\/\\\/racom.com.pl\\\/index.php\\\/produkt\\\/uchwyt-na-telefon-do-samochodu-na-lusterko-wsteczne-360\\\/#breadcrumb\",\"itemListElement\":[{\"@type\":\"ListItem\",\"position\":1,\"name\":\"Strona g\u0142\u00f3wna\",\"item\":\"https:\\\/\\\/racom.com.pl\\\/\"},{\"@type\":\"ListItem\",\"position\":2,\"name\":\"Sklep\",\"item\":\"https:\\\/\\\/racom.com.pl\\\/\"},{\"@type\":\"ListItem\",\"position\":3,\"name\":\"UCHWYT NA TELEFON do samochodu NA LUSTERKO WSTECZNE 360*\"}]},{\"@type\":\"WebSite\",\"@id\":\"https:\\\/\\\/racom.com.pl\\\/#website\",\"url\":\"https:\\\/\\\/racom.com.pl\\\/\",\"name\":\"Mix Market - Supermarket z wszystkim co potrzeba do domu i nie tylko\",\"description\":\"\",\"publisher\":{\"@id\":\"https:\\\/\\\/racom.com.pl\\\/#organization\"},\"potentialAction\":[{\"@type\":\"SearchAction\",\"target\":{\"@type\":\"EntryPoint\",\"urlTemplate\":\"https:\\\/\\\/racom.com.pl\\\/?s={search_term_string}\"},\"query-input\":{\"@type\":\"PropertyValueSpecification\",\"valueRequired\":true,\"valueName\":\"search_term_string\"}}],\"inLanguage\":\"pl-PL\"},{\"@type\":\"Organization\",\"@id\":\"https:\\\/\\\/racom.com.pl\\\/#organization\",\"name\":\"Mix Market - Supermarket z wszystkim co potrzeba do domu i nie tylko\",\"url\":\"https:\\\/\\\/racom.com.pl\\\/\",\"logo\":{\"@type\":\"ImageObject\",\"inLanguage\":\"pl-PL\",\"@id\":\"https:\\\/\\\/racom.com.pl\\\/#\\\/schema\\\/logo\\\/image\\\/\",\"url\":\"https:\\\/\\\/racom.com.pl\\\/wp-content\\\/uploads\\\/2025\\\/07\\\/mixmarket_logo.png\",\"contentUrl\":\"https:\\\/\\\/racom.com.pl\\\/wp-content\\\/uploads\\\/2025\\\/07\\\/mixmarket_logo.png\",\"width\":1024,\"height\":1024,\"caption\":\"Mix Market - Supermarket z wszystkim co potrzeba do domu i nie tylko\"},\"image\":{\"@id\":\"https:\\\/\\\/racom.com.pl\\\/#\\\/schema\\\/logo\\\/image\\\/\"}}]}<\/script>\n<!-- \/ Yoast SEO plugin. -->","yoast_head_json":{"title":"UCHWYT NA TELEFON do samochodu NA LUSTERKO WSTECZNE 360* - Mix Market - Supermarket z wszystkim co potrzeba","robots":{"index":"index","follow":"follow","max-snippet":"max-snippet:-1","max-image-preview":"max-image-preview:large","max-video-preview":"max-video-preview:-1"},"canonical":"https:\/\/racom.com.pl\/index.php\/produkt\/uchwyt-na-telefon-do-samochodu-na-lusterko-wsteczne-360\/","og_locale":"pl_PL","og_type":"article","og_title":"UCHWYT NA TELEFON do samochodu NA LUSTERKO WSTECZNE 360* - Mix Market - Supermarket z wszystkim co potrzeba","og_description":"UCHWYT NA TELEFON NA LUSTERKO WSTECZNE UNIWERSALNY UCHWYT SAMOCHODOWY NA TELEFON MOCOWANY NA LUSTERKO&nbsp;KAKU KSC-525 Uchwyt wykonano&nbsp;wysokiej jako\u015bci tworzywa sztucznego&nbsp;dzi\u0119ki czemu&nbsp;jest stabilny i trwa\u0142y. Uchwyt montowany jest&nbsp;pod lusterkiem wstecznym&nbsp;w samochodzie, co pozwala na skorzystanie z telefonu \/ smartfona podczas jazdy samochodem, nie naruszaj\u0105c przy tym zasad bezpiecze\u0144stwa. Dzi\u0119ki takiemu zamocowaniu b\u0119dziemy mogli korzysta\u0107 np. z [&hellip;]","og_url":"https:\/\/racom.com.pl\/index.php\/produkt\/uchwyt-na-telefon-do-samochodu-na-lusterko-wsteczne-360\/","og_site_name":"Mix Market - Supermarket z wszystkim co potrzeba","og_image":[{"width":800,"height":800,"url":"https:\/\/racom.com.pl\/wp-content\/uploads\/2025\/07\/allegro_687d232e63b773.92390569_b55d40ac4660b8d36b25d7dcaf95.jpg","type":"image\/jpeg"}],"twitter_card":"summary_large_image","twitter_misc":{"Szacowany czas czytania":"1 minuta"},"schema":{"@context":"https:\/\/schema.org","@graph":[{"@type":"WebPage","@id":"https:\/\/racom.com.pl\/index.php\/produkt\/uchwyt-na-telefon-do-samochodu-na-lusterko-wsteczne-360\/","url":"https:\/\/racom.com.pl\/index.php\/produkt\/uchwyt-na-telefon-do-samochodu-na-lusterko-wsteczne-360\/","name":"UCHWYT NA TELEFON do samochodu NA LUSTERKO WSTECZNE 360* - Mix Market - Supermarket z wszystkim co potrzeba","isPartOf":{"@id":"https:\/\/racom.com.pl\/#website"},"primaryImageOfPage":{"@id":"https:\/\/racom.com.pl\/index.php\/produkt\/uchwyt-na-telefon-do-samochodu-na-lusterko-wsteczne-360\/#primaryimage"},"image":{"@id":"https:\/\/racom.com.pl\/index.php\/produkt\/uchwyt-na-telefon-do-samochodu-na-lusterko-wsteczne-360\/#primaryimage"},"thumbnailUrl":"https:\/\/racom.com.pl\/wp-content\/uploads\/2025\/07\/allegro_687d232e63b773.92390569_b55d40ac4660b8d36b25d7dcaf95.jpg","datePublished":"2025-07-20T17:10:02+00:00","breadcrumb":{"@id":"https:\/\/racom.com.pl\/index.php\/produkt\/uchwyt-na-telefon-do-samochodu-na-lusterko-wsteczne-360\/#breadcrumb"},"inLanguage":"pl-PL","potentialAction":[{"@type":"ReadAction","target":["https:\/\/racom.com.pl\/index.php\/produkt\/uchwyt-na-telefon-do-samochodu-na-lusterko-wsteczne-360\/"]}]},{"@type":"ImageObject","inLanguage":"pl-PL","@id":"https:\/\/racom.com.pl\/index.php\/produkt\/uchwyt-na-telefon-do-samochodu-na-lusterko-wsteczne-360\/#primaryimage","url":"https:\/\/racom.com.pl\/wp-content\/uploads\/2025\/07\/allegro_687d232e63b773.92390569_b55d40ac4660b8d36b25d7dcaf95.jpg","contentUrl":"https:\/\/racom.com.pl\/wp-content\/uploads\/2025\/07\/allegro_687d232e63b773.92390569_b55d40ac4660b8d36b25d7dcaf95.jpg","width":800,"height":800},{"@type":"BreadcrumbList","@id":"https:\/\/racom.com.pl\/index.php\/produkt\/uchwyt-na-telefon-do-samochodu-na-lusterko-wsteczne-360\/#breadcrumb","itemListElement":[{"@type":"ListItem","position":1,"name":"Strona g\u0142\u00f3wna","item":"https:\/\/racom.com.pl\/"},{"@type":"ListItem","position":2,"name":"Sklep","item":"https:\/\/racom.com.pl\/"},{"@type":"ListItem","position":3,"name":"UCHWYT NA TELEFON do samochodu NA LUSTERKO WSTECZNE 360*"}]},{"@type":"WebSite","@id":"https:\/\/racom.com.pl\/#website","url":"https:\/\/racom.com.pl\/","name":"Mix Market - Supermarket z wszystkim co potrzeba do domu i nie tylko","description":"","publisher":{"@id":"https:\/\/racom.com.pl\/#organization"},"potentialAction":[{"@type":"SearchAction","target":{"@type":"EntryPoint","urlTemplate":"https:\/\/racom.com.pl\/?s={search_term_string}"},"query-input":{"@type":"PropertyValueSpecification","valueRequired":true,"valueName":"search_term_string"}}],"inLanguage":"pl-PL"},{"@type":"Organization","@id":"https:\/\/racom.com.pl\/#organization","name":"Mix Market - Supermarket z wszystkim co potrzeba do domu i nie tylko","url":"https:\/\/racom.com.pl\/","logo":{"@type":"ImageObject","inLanguage":"pl-PL","@id":"https:\/\/racom.com.pl\/#\/schema\/logo\/image\/","url":"https:\/\/racom.com.pl\/wp-content\/uploads\/2025\/07\/mixmarket_logo.png","contentUrl":"https:\/\/racom.com.pl\/wp-content\/uploads\/2025\/07\/mixmarket_logo.png","width":1024,"height":1024,"caption":"Mix Market - Supermarket z wszystkim co potrzeba do domu i nie tylko"},"image":{"@id":"https:\/\/racom.com.pl\/#\/schema\/logo\/image\/"}}]}},"_links":{"self":[{"href":"https:\/\/racom.com.pl\/index.php\/wp-json\/wp\/v2\/product\/3701","targetHints":{"allow":["GET"]}}],"collection":[{"href":"https:\/\/racom.com.pl\/index.php\/wp-json\/wp\/v2\/product"}],"about":[{"href":"https:\/\/racom.com.pl\/index.php\/wp-json\/wp\/v2\/types\/product"}],"replies":[{"embeddable":true,"href":"https:\/\/racom.com.pl\/index.php\/wp-json\/wp\/v2\/comments?post=3701"}],"wp:featuredmedia":[{"embeddable":true,"href":"https:\/\/racom.com.pl\/index.php\/wp-json\/wp\/v2\/media\/3713"}],"wp:attachment":[{"href":"https:\/\/racom.com.pl\/index.php\/wp-json\/wp\/v2\/media?parent=3701"}],"wp:term":[{"taxonomy":"product_brand","embeddable":true,"href":"https:\/\/racom.com.pl\/index.php\/wp-json\/wp\/v2\/product_brand?post=3701"},{"taxonomy":"product_cat","embeddable":true,"href":"https:\/\/racom.com.pl\/index.php\/wp-json\/wp\/v2\/product_cat?post=3701"},{"taxonomy":"product_tag","embeddable":true,"href":"https:\/\/racom.com.pl\/index.php\/wp-json\/wp\/v2\/product_tag?post=3701"}],"curies":[{"name":"wp","href":"https:\/\/api.w.org\/{rel}","templated":true}]}}