{"id":3718,"date":"2025-07-20T19:12:39","date_gmt":"2025-07-20T17:12:39","guid":{"rendered":"http:\/\/192.168.2.106\/index.php\/produkt\/ostrza-ostrze-do-noza-lamane-do-tapeciaka-kartonu-18mm-10szt\/"},"modified":"2025-07-20T19:12:39","modified_gmt":"2025-07-20T17:12:39","slug":"ostrza-ostrze-do-noza-lamane-do-tapeciaka-kartonu-18mm-10szt","status":"publish","type":"product","link":"https:\/\/racom.com.pl\/index.php\/produkt\/ostrza-ostrze-do-noza-lamane-do-tapeciaka-kartonu-18mm-10szt\/","title":{"rendered":"Ostrza Ostrze do no\u017ca \u0142amane do TAPECIAKA kartonu 18mm 10szt."},"content":{"rendered":"<h2>\u2b50Ostrza wymienne \u0142amane do no\u017ca 18 mm 10 szt.\u2b50<\/h2>\n<p>\u27a1\ufe0f<b>Ostrza wymienne<\/b> to praktyczny produkt, kt\u00f3ry sprawdzi si\u0119 zar\u00f3wno w profesjonalnych warsztatach, jak i w domowej pracowni. Ostrza zosta\u0142y wykonane z <b>wysokiej jako\u015bci stali<\/b>, co zapewnia trwa\u0142o\u015b\u0107 i wytrzyma\u0142o\u015b\u0107 na d\u0142ugi czas. Ostrza \u0142amane s\u0105 bardzo praktyczne, poniewa\u017c po zu\u017cyciu ich jednej cz\u0119\u015bci, mo\u017cna je \u0142atwo i szybko z\u0142ama\u0107, ods\u0142aniaj\u0105c kolejny ostry kawa\u0142ek.<\/p>\n<p>\u27a1\ufe0fWymiary ostrzy to&nbsp;<b>18 mm szeroko\u015bci i 100 mm d\u0142ugo\u015bci<\/b>, co czyni je odpowiednimi do r\u00f3\u017cnego rodzaju zada\u0144, takich jak ci\u0119cie papieru, tapet, materia\u0142\u00f3w budowlanych czy sk\u00f3ry.&nbsp;<b>Zestaw zawiera 10 sztuk,<\/b>&nbsp;co pozwala na d\u0142u\u017cszy czas u\u017cytkowania. S\u0105 uniwersalne i bardzo \u0142atwe w u\u017cyciu, co czyni je idealnym narz\u0119dziem dla os\u00f3b, kt\u00f3re ceni\u0105 sobie precyzj\u0119 i szybko\u015b\u0107 w wykonywaniu r\u00f3\u017cnych prac.<\/p>\n<p>\u2728<b>Specyfikacja:<\/b>\u2728<\/p>\n<ul>\n<li>D\u0142ugo\u015b\u0107: 100 mm<\/li>\n<li>Szeroko\u015b\u0107: 18 mm<\/li>\n<li>W opakowaniu: 10 szt.<\/li>\n<\/ul>\n","protected":false},"excerpt":{"rendered":"<p>\u2b50Ostrza wymienne \u0142amane do no\u017ca 18 mm 10 szt.\u2b50 \u27a1\ufe0fOstrza wymienne to praktyczny produkt, kt\u00f3ry sprawdzi si\u0119 zar\u00f3wno w profesjonalnych warsztatach, jak i w domowej pracowni. Ostrza zosta\u0142y wykonane z wysokiej jako\u015bci stali, co zapewnia trwa\u0142o\u015b\u0107 i wytrzyma\u0142o\u015b\u0107 na d\u0142ugi czas. Ostrza \u0142amane s\u0105 bardzo praktyczne, poniewa\u017c po zu\u017cyciu ich jednej cz\u0119\u015bci, mo\u017cna je \u0142atwo [&hellip;]<\/p>\n","protected":false},"featured_media":3722,"comment_status":"open","ping_status":"closed","template":"","meta":[],"product_brand":[279],"product_cat":[278],"product_tag":[],"class_list":{"0":"post-3718","1":"product","2":"type-product","3":"status-publish","4":"has-post-thumbnail","6":"product_brand-allbe","7":"product_cat-narzedzia-reczne","9":"first","10":"instock","11":"taxable","12":"shipping-taxable","13":"purchasable","14":"product-type-simple"},"yoast_head":"<!-- This site is optimized with the Yoast SEO plugin v27.4 - https:\/\/yoast.com\/product\/yoast-seo-wordpress\/ -->\n<title>Ostrza Ostrze do no\u017ca \u0142amane do TAPECIAKA kartonu 18mm 10szt. - Mix Market - Supermarket z wszystkim co potrzeba<\/title>\n<meta name=\"robots\" content=\"index, follow, max-snippet:-1, max-image-preview:large, max-video-preview:-1\" \/>\n<link rel=\"canonical\" href=\"https:\/\/racom.com.pl\/index.php\/produkt\/ostrza-ostrze-do-noza-lamane-do-tapeciaka-kartonu-18mm-10szt\/\" \/>\n<meta property=\"og:locale\" content=\"pl_PL\" \/>\n<meta property=\"og:type\" content=\"article\" \/>\n<meta property=\"og:title\" content=\"Ostrza Ostrze do no\u017ca \u0142amane do TAPECIAKA kartonu 18mm 10szt. - Mix Market - Supermarket z wszystkim co potrzeba\" \/>\n<meta property=\"og:description\" content=\"\u2b50Ostrza wymienne \u0142amane do no\u017ca 18 mm 10 szt.\u2b50 \u27a1\ufe0fOstrza wymienne to praktyczny produkt, kt\u00f3ry sprawdzi si\u0119 zar\u00f3wno w profesjonalnych warsztatach, jak i w domowej pracowni. Ostrza zosta\u0142y wykonane z wysokiej jako\u015bci stali, co zapewnia trwa\u0142o\u015b\u0107 i wytrzyma\u0142o\u015b\u0107 na d\u0142ugi czas. Ostrza \u0142amane s\u0105 bardzo praktyczne, poniewa\u017c po zu\u017cyciu ich jednej cz\u0119\u015bci, mo\u017cna je \u0142atwo [&hellip;]\" \/>\n<meta property=\"og:url\" content=\"https:\/\/racom.com.pl\/index.php\/produkt\/ostrza-ostrze-do-noza-lamane-do-tapeciaka-kartonu-18mm-10szt\/\" \/>\n<meta property=\"og:site_name\" content=\"Mix Market - Supermarket z wszystkim co potrzeba\" \/>\n<meta property=\"og:image\" content=\"https:\/\/racom.com.pl\/wp-content\/uploads\/2025\/07\/allegro_687d23dbe5a715.40745653_ec91faad4e908118ba05d08100a1.jpg\" \/>\n\t<meta property=\"og:image:width\" content=\"1200\" \/>\n\t<meta property=\"og:image:height\" content=\"1200\" \/>\n\t<meta property=\"og:image:type\" content=\"image\/jpeg\" \/>\n<meta name=\"twitter:card\" content=\"summary_large_image\" \/>\n<meta name=\"twitter:label1\" content=\"Szacowany czas czytania\" \/>\n\t<meta name=\"twitter:data1\" content=\"1 minuta\" \/>\n<script type=\"application\/ld+json\" class=\"yoast-schema-graph\">{\"@context\":\"https:\\\/\\\/schema.org\",\"@graph\":[{\"@type\":\"WebPage\",\"@id\":\"https:\\\/\\\/racom.com.pl\\\/index.php\\\/produkt\\\/ostrza-ostrze-do-noza-lamane-do-tapeciaka-kartonu-18mm-10szt\\\/\",\"url\":\"https:\\\/\\\/racom.com.pl\\\/index.php\\\/produkt\\\/ostrza-ostrze-do-noza-lamane-do-tapeciaka-kartonu-18mm-10szt\\\/\",\"name\":\"Ostrza Ostrze do no\u017ca \u0142amane do TAPECIAKA kartonu 18mm 10szt. - Mix Market - Supermarket z wszystkim co potrzeba\",\"isPartOf\":{\"@id\":\"https:\\\/\\\/racom.com.pl\\\/#website\"},\"primaryImageOfPage\":{\"@id\":\"https:\\\/\\\/racom.com.pl\\\/index.php\\\/produkt\\\/ostrza-ostrze-do-noza-lamane-do-tapeciaka-kartonu-18mm-10szt\\\/#primaryimage\"},\"image\":{\"@id\":\"https:\\\/\\\/racom.com.pl\\\/index.php\\\/produkt\\\/ostrza-ostrze-do-noza-lamane-do-tapeciaka-kartonu-18mm-10szt\\\/#primaryimage\"},\"thumbnailUrl\":\"https:\\\/\\\/racom.com.pl\\\/wp-content\\\/uploads\\\/2025\\\/07\\\/allegro_687d23dbe5a715.40745653_ec91faad4e908118ba05d08100a1.jpg\",\"datePublished\":\"2025-07-20T17:12:39+00:00\",\"breadcrumb\":{\"@id\":\"https:\\\/\\\/racom.com.pl\\\/index.php\\\/produkt\\\/ostrza-ostrze-do-noza-lamane-do-tapeciaka-kartonu-18mm-10szt\\\/#breadcrumb\"},\"inLanguage\":\"pl-PL\",\"potentialAction\":[{\"@type\":\"ReadAction\",\"target\":[\"https:\\\/\\\/racom.com.pl\\\/index.php\\\/produkt\\\/ostrza-ostrze-do-noza-lamane-do-tapeciaka-kartonu-18mm-10szt\\\/\"]}]},{\"@type\":\"ImageObject\",\"inLanguage\":\"pl-PL\",\"@id\":\"https:\\\/\\\/racom.com.pl\\\/index.php\\\/produkt\\\/ostrza-ostrze-do-noza-lamane-do-tapeciaka-kartonu-18mm-10szt\\\/#primaryimage\",\"url\":\"https:\\\/\\\/racom.com.pl\\\/wp-content\\\/uploads\\\/2025\\\/07\\\/allegro_687d23dbe5a715.40745653_ec91faad4e908118ba05d08100a1.jpg\",\"contentUrl\":\"https:\\\/\\\/racom.com.pl\\\/wp-content\\\/uploads\\\/2025\\\/07\\\/allegro_687d23dbe5a715.40745653_ec91faad4e908118ba05d08100a1.jpg\",\"width\":1200,\"height\":1200},{\"@type\":\"BreadcrumbList\",\"@id\":\"https:\\\/\\\/racom.com.pl\\\/index.php\\\/produkt\\\/ostrza-ostrze-do-noza-lamane-do-tapeciaka-kartonu-18mm-10szt\\\/#breadcrumb\",\"itemListElement\":[{\"@type\":\"ListItem\",\"position\":1,\"name\":\"Strona g\u0142\u00f3wna\",\"item\":\"https:\\\/\\\/racom.com.pl\\\/\"},{\"@type\":\"ListItem\",\"position\":2,\"name\":\"Sklep\",\"item\":\"https:\\\/\\\/racom.com.pl\\\/\"},{\"@type\":\"ListItem\",\"position\":3,\"name\":\"Ostrza Ostrze do no\u017ca \u0142amane do TAPECIAKA kartonu 18mm 10szt.\"}]},{\"@type\":\"WebSite\",\"@id\":\"https:\\\/\\\/racom.com.pl\\\/#website\",\"url\":\"https:\\\/\\\/racom.com.pl\\\/\",\"name\":\"Mix Market - Supermarket z wszystkim co potrzeba do domu i nie tylko\",\"description\":\"\",\"publisher\":{\"@id\":\"https:\\\/\\\/racom.com.pl\\\/#organization\"},\"potentialAction\":[{\"@type\":\"SearchAction\",\"target\":{\"@type\":\"EntryPoint\",\"urlTemplate\":\"https:\\\/\\\/racom.com.pl\\\/?s={search_term_string}\"},\"query-input\":{\"@type\":\"PropertyValueSpecification\",\"valueRequired\":true,\"valueName\":\"search_term_string\"}}],\"inLanguage\":\"pl-PL\"},{\"@type\":\"Organization\",\"@id\":\"https:\\\/\\\/racom.com.pl\\\/#organization\",\"name\":\"Mix Market - Supermarket z wszystkim co potrzeba do domu i nie tylko\",\"url\":\"https:\\\/\\\/racom.com.pl\\\/\",\"logo\":{\"@type\":\"ImageObject\",\"inLanguage\":\"pl-PL\",\"@id\":\"https:\\\/\\\/racom.com.pl\\\/#\\\/schema\\\/logo\\\/image\\\/\",\"url\":\"https:\\\/\\\/racom.com.pl\\\/wp-content\\\/uploads\\\/2025\\\/07\\\/mixmarket_logo.png\",\"contentUrl\":\"https:\\\/\\\/racom.com.pl\\\/wp-content\\\/uploads\\\/2025\\\/07\\\/mixmarket_logo.png\",\"width\":1024,\"height\":1024,\"caption\":\"Mix Market - Supermarket z wszystkim co potrzeba do domu i nie tylko\"},\"image\":{\"@id\":\"https:\\\/\\\/racom.com.pl\\\/#\\\/schema\\\/logo\\\/image\\\/\"}}]}<\/script>\n<!-- \/ Yoast SEO plugin. -->","yoast_head_json":{"title":"Ostrza Ostrze do no\u017ca \u0142amane do TAPECIAKA kartonu 18mm 10szt. - Mix Market - Supermarket z wszystkim co potrzeba","robots":{"index":"index","follow":"follow","max-snippet":"max-snippet:-1","max-image-preview":"max-image-preview:large","max-video-preview":"max-video-preview:-1"},"canonical":"https:\/\/racom.com.pl\/index.php\/produkt\/ostrza-ostrze-do-noza-lamane-do-tapeciaka-kartonu-18mm-10szt\/","og_locale":"pl_PL","og_type":"article","og_title":"Ostrza Ostrze do no\u017ca \u0142amane do TAPECIAKA kartonu 18mm 10szt. - Mix Market - Supermarket z wszystkim co potrzeba","og_description":"\u2b50Ostrza wymienne \u0142amane do no\u017ca 18 mm 10 szt.\u2b50 \u27a1\ufe0fOstrza wymienne to praktyczny produkt, kt\u00f3ry sprawdzi si\u0119 zar\u00f3wno w profesjonalnych warsztatach, jak i w domowej pracowni. Ostrza zosta\u0142y wykonane z wysokiej jako\u015bci stali, co zapewnia trwa\u0142o\u015b\u0107 i wytrzyma\u0142o\u015b\u0107 na d\u0142ugi czas. Ostrza \u0142amane s\u0105 bardzo praktyczne, poniewa\u017c po zu\u017cyciu ich jednej cz\u0119\u015bci, mo\u017cna je \u0142atwo [&hellip;]","og_url":"https:\/\/racom.com.pl\/index.php\/produkt\/ostrza-ostrze-do-noza-lamane-do-tapeciaka-kartonu-18mm-10szt\/","og_site_name":"Mix Market - Supermarket z wszystkim co potrzeba","og_image":[{"width":1200,"height":1200,"url":"https:\/\/racom.com.pl\/wp-content\/uploads\/2025\/07\/allegro_687d23dbe5a715.40745653_ec91faad4e908118ba05d08100a1.jpg","type":"image\/jpeg"}],"twitter_card":"summary_large_image","twitter_misc":{"Szacowany czas czytania":"1 minuta"},"schema":{"@context":"https:\/\/schema.org","@graph":[{"@type":"WebPage","@id":"https:\/\/racom.com.pl\/index.php\/produkt\/ostrza-ostrze-do-noza-lamane-do-tapeciaka-kartonu-18mm-10szt\/","url":"https:\/\/racom.com.pl\/index.php\/produkt\/ostrza-ostrze-do-noza-lamane-do-tapeciaka-kartonu-18mm-10szt\/","name":"Ostrza Ostrze do no\u017ca \u0142amane do TAPECIAKA kartonu 18mm 10szt. - Mix Market - Supermarket z wszystkim co potrzeba","isPartOf":{"@id":"https:\/\/racom.com.pl\/#website"},"primaryImageOfPage":{"@id":"https:\/\/racom.com.pl\/index.php\/produkt\/ostrza-ostrze-do-noza-lamane-do-tapeciaka-kartonu-18mm-10szt\/#primaryimage"},"image":{"@id":"https:\/\/racom.com.pl\/index.php\/produkt\/ostrza-ostrze-do-noza-lamane-do-tapeciaka-kartonu-18mm-10szt\/#primaryimage"},"thumbnailUrl":"https:\/\/racom.com.pl\/wp-content\/uploads\/2025\/07\/allegro_687d23dbe5a715.40745653_ec91faad4e908118ba05d08100a1.jpg","datePublished":"2025-07-20T17:12:39+00:00","breadcrumb":{"@id":"https:\/\/racom.com.pl\/index.php\/produkt\/ostrza-ostrze-do-noza-lamane-do-tapeciaka-kartonu-18mm-10szt\/#breadcrumb"},"inLanguage":"pl-PL","potentialAction":[{"@type":"ReadAction","target":["https:\/\/racom.com.pl\/index.php\/produkt\/ostrza-ostrze-do-noza-lamane-do-tapeciaka-kartonu-18mm-10szt\/"]}]},{"@type":"ImageObject","inLanguage":"pl-PL","@id":"https:\/\/racom.com.pl\/index.php\/produkt\/ostrza-ostrze-do-noza-lamane-do-tapeciaka-kartonu-18mm-10szt\/#primaryimage","url":"https:\/\/racom.com.pl\/wp-content\/uploads\/2025\/07\/allegro_687d23dbe5a715.40745653_ec91faad4e908118ba05d08100a1.jpg","contentUrl":"https:\/\/racom.com.pl\/wp-content\/uploads\/2025\/07\/allegro_687d23dbe5a715.40745653_ec91faad4e908118ba05d08100a1.jpg","width":1200,"height":1200},{"@type":"BreadcrumbList","@id":"https:\/\/racom.com.pl\/index.php\/produkt\/ostrza-ostrze-do-noza-lamane-do-tapeciaka-kartonu-18mm-10szt\/#breadcrumb","itemListElement":[{"@type":"ListItem","position":1,"name":"Strona g\u0142\u00f3wna","item":"https:\/\/racom.com.pl\/"},{"@type":"ListItem","position":2,"name":"Sklep","item":"https:\/\/racom.com.pl\/"},{"@type":"ListItem","position":3,"name":"Ostrza Ostrze do no\u017ca \u0142amane do TAPECIAKA kartonu 18mm 10szt."}]},{"@type":"WebSite","@id":"https:\/\/racom.com.pl\/#website","url":"https:\/\/racom.com.pl\/","name":"Mix Market - Supermarket z wszystkim co potrzeba do domu i nie tylko","description":"","publisher":{"@id":"https:\/\/racom.com.pl\/#organization"},"potentialAction":[{"@type":"SearchAction","target":{"@type":"EntryPoint","urlTemplate":"https:\/\/racom.com.pl\/?s={search_term_string}"},"query-input":{"@type":"PropertyValueSpecification","valueRequired":true,"valueName":"search_term_string"}}],"inLanguage":"pl-PL"},{"@type":"Organization","@id":"https:\/\/racom.com.pl\/#organization","name":"Mix Market - Supermarket z wszystkim co potrzeba do domu i nie tylko","url":"https:\/\/racom.com.pl\/","logo":{"@type":"ImageObject","inLanguage":"pl-PL","@id":"https:\/\/racom.com.pl\/#\/schema\/logo\/image\/","url":"https:\/\/racom.com.pl\/wp-content\/uploads\/2025\/07\/mixmarket_logo.png","contentUrl":"https:\/\/racom.com.pl\/wp-content\/uploads\/2025\/07\/mixmarket_logo.png","width":1024,"height":1024,"caption":"Mix Market - Supermarket z wszystkim co potrzeba do domu i nie tylko"},"image":{"@id":"https:\/\/racom.com.pl\/#\/schema\/logo\/image\/"}}]}},"_links":{"self":[{"href":"https:\/\/racom.com.pl\/index.php\/wp-json\/wp\/v2\/product\/3718","targetHints":{"allow":["GET"]}}],"collection":[{"href":"https:\/\/racom.com.pl\/index.php\/wp-json\/wp\/v2\/product"}],"about":[{"href":"https:\/\/racom.com.pl\/index.php\/wp-json\/wp\/v2\/types\/product"}],"replies":[{"embeddable":true,"href":"https:\/\/racom.com.pl\/index.php\/wp-json\/wp\/v2\/comments?post=3718"}],"wp:featuredmedia":[{"embeddable":true,"href":"https:\/\/racom.com.pl\/index.php\/wp-json\/wp\/v2\/media\/3722"}],"wp:attachment":[{"href":"https:\/\/racom.com.pl\/index.php\/wp-json\/wp\/v2\/media?parent=3718"}],"wp:term":[{"taxonomy":"product_brand","embeddable":true,"href":"https:\/\/racom.com.pl\/index.php\/wp-json\/wp\/v2\/product_brand?post=3718"},{"taxonomy":"product_cat","embeddable":true,"href":"https:\/\/racom.com.pl\/index.php\/wp-json\/wp\/v2\/product_cat?post=3718"},{"taxonomy":"product_tag","embeddable":true,"href":"https:\/\/racom.com.pl\/index.php\/wp-json\/wp\/v2\/product_tag?post=3718"}],"curies":[{"name":"wp","href":"https:\/\/api.w.org\/{rel}","templated":true}]}}