{"id":3731,"date":"2025-07-20T19:18:11","date_gmt":"2025-07-20T17:18:11","guid":{"rendered":"http:\/\/192.168.2.106\/index.php\/produkt\/5x-konektor-szybkozlaczka-10-25mm2-do-samochodu\/"},"modified":"2025-07-20T19:18:11","modified_gmt":"2025-07-20T17:18:11","slug":"5x-konektor-szybkozlaczka-10-25mm2-do-samochodu","status":"publish","type":"product","link":"https:\/\/racom.com.pl\/index.php\/produkt\/5x-konektor-szybkozlaczka-10-25mm2-do-samochodu\/","title":{"rendered":"5x Konektor szybkoz\u0142\u0105czka 1,0-2,5mm2 do samochodu"},"content":{"rendered":"<p><b>5x SZYBKOZ\u0141\u0104CZKA ELEKTRYCZNA 1,0 &#8211; 2,5mm2<\/b><\/p>\n<p>Zastosowanie: samochody osobowe, ci\u0119\u017carowe, motocykle, \u0142odzie, naczepy<\/p>\n<p>Szybkoz\u0142\u0105czka pozwala na szybkie i trwa\u0142e &#8222;wpi\u0119cie si\u0119&#8221; do istniej\u0105cej instalacji elektrycznej bez konieczno\u015bci rozpinania kostek elektrycznych w poje\u017adzie.<\/p>\n<p>Do monta\u017cu potrzebujesz tylko kombinerek do zaci\u015bni\u0119cia konektora.<\/p>\n<p>Minimalny\/maksymalny przekr\u00f3j przewodu: 1mm &#8211; 2,5mm<\/p>\n<p>Ilo\u015b\u0107 z\u0142\u0105czek w komplecie: 5szt.<\/p>\n<p>Maksymalne nat\u0119\u017cenie pr\u0105du: 15A<\/p>\n<p>Kod produktu: B343<\/p>\n","protected":false},"excerpt":{"rendered":"<p>5x SZYBKOZ\u0141\u0104CZKA ELEKTRYCZNA 1,0 &#8211; 2,5mm2 Zastosowanie: samochody osobowe, ci\u0119\u017carowe, motocykle, \u0142odzie, naczepy Szybkoz\u0142\u0105czka pozwala na szybkie i trwa\u0142e &#8222;wpi\u0119cie si\u0119&#8221; do istniej\u0105cej instalacji elektrycznej bez konieczno\u015bci rozpinania kostek elektrycznych w poje\u017adzie. Do monta\u017cu potrzebujesz tylko kombinerek do zaci\u015bni\u0119cia konektora. Minimalny\/maksymalny przekr\u00f3j przewodu: 1mm &#8211; 2,5mm Ilo\u015b\u0107 z\u0142\u0105czek w komplecie: 5szt. Maksymalne nat\u0119\u017cenie pr\u0105du: 15A [&hellip;]<\/p>\n","protected":false},"featured_media":3730,"comment_status":"open","ping_status":"closed","template":"","meta":[],"product_brand":[],"product_cat":[272],"product_tag":[],"class_list":{"0":"post-3731","1":"product","2":"type-product","3":"status-publish","4":"has-post-thumbnail","6":"product_cat-uklad-elektryczny-zaplon","8":"first","9":"instock","10":"taxable","11":"shipping-taxable","12":"purchasable","13":"product-type-simple"},"yoast_head":"<!-- This site is optimized with the Yoast SEO plugin v27.3 - https:\/\/yoast.com\/product\/yoast-seo-wordpress\/ -->\n<title>5x Konektor szybkoz\u0142\u0105czka 1,0-2,5mm2 do samochodu - Mix Market - Supermarket z wszystkim co potrzeba<\/title>\n<meta name=\"robots\" content=\"index, follow, max-snippet:-1, max-image-preview:large, max-video-preview:-1\" \/>\n<link rel=\"canonical\" href=\"https:\/\/racom.com.pl\/index.php\/produkt\/5x-konektor-szybkozlaczka-10-25mm2-do-samochodu\/\" \/>\n<meta property=\"og:locale\" content=\"pl_PL\" \/>\n<meta property=\"og:type\" content=\"article\" \/>\n<meta property=\"og:title\" content=\"5x Konektor szybkoz\u0142\u0105czka 1,0-2,5mm2 do samochodu - Mix Market - Supermarket z wszystkim co potrzeba\" \/>\n<meta property=\"og:description\" content=\"5x SZYBKOZ\u0141\u0104CZKA ELEKTRYCZNA 1,0 &#8211; 2,5mm2 Zastosowanie: samochody osobowe, ci\u0119\u017carowe, motocykle, \u0142odzie, naczepy Szybkoz\u0142\u0105czka pozwala na szybkie i trwa\u0142e &#8222;wpi\u0119cie si\u0119&#8221; do istniej\u0105cej instalacji elektrycznej bez konieczno\u015bci rozpinania kostek elektrycznych w poje\u017adzie. Do monta\u017cu potrzebujesz tylko kombinerek do zaci\u015bni\u0119cia konektora. Minimalny\/maksymalny przekr\u00f3j przewodu: 1mm &#8211; 2,5mm Ilo\u015b\u0107 z\u0142\u0105czek w komplecie: 5szt. Maksymalne nat\u0119\u017cenie pr\u0105du: 15A [&hellip;]\" \/>\n<meta property=\"og:url\" content=\"https:\/\/racom.com.pl\/index.php\/produkt\/5x-konektor-szybkozlaczka-10-25mm2-do-samochodu\/\" \/>\n<meta property=\"og:site_name\" content=\"Mix Market - Supermarket z wszystkim co potrzeba\" \/>\n<meta property=\"og:image\" content=\"https:\/\/racom.com.pl\/wp-content\/uploads\/2025\/07\/allegro_687d24be2b3ac2.99126238_b75b9ae84f60a00c591214e8c110.jpg\" \/>\n\t<meta property=\"og:image:width\" content=\"740\" \/>\n\t<meta property=\"og:image:height\" content=\"1538\" \/>\n\t<meta property=\"og:image:type\" content=\"image\/jpeg\" \/>\n<meta name=\"twitter:card\" content=\"summary_large_image\" \/>\n<script type=\"application\/ld+json\" class=\"yoast-schema-graph\">{\"@context\":\"https:\\\/\\\/schema.org\",\"@graph\":[{\"@type\":\"WebPage\",\"@id\":\"https:\\\/\\\/racom.com.pl\\\/index.php\\\/produkt\\\/5x-konektor-szybkozlaczka-10-25mm2-do-samochodu\\\/\",\"url\":\"https:\\\/\\\/racom.com.pl\\\/index.php\\\/produkt\\\/5x-konektor-szybkozlaczka-10-25mm2-do-samochodu\\\/\",\"name\":\"5x Konektor szybkoz\u0142\u0105czka 1,0-2,5mm2 do samochodu - Mix Market - Supermarket z wszystkim co potrzeba\",\"isPartOf\":{\"@id\":\"https:\\\/\\\/racom.com.pl\\\/#website\"},\"primaryImageOfPage\":{\"@id\":\"https:\\\/\\\/racom.com.pl\\\/index.php\\\/produkt\\\/5x-konektor-szybkozlaczka-10-25mm2-do-samochodu\\\/#primaryimage\"},\"image\":{\"@id\":\"https:\\\/\\\/racom.com.pl\\\/index.php\\\/produkt\\\/5x-konektor-szybkozlaczka-10-25mm2-do-samochodu\\\/#primaryimage\"},\"thumbnailUrl\":\"https:\\\/\\\/racom.com.pl\\\/wp-content\\\/uploads\\\/2025\\\/07\\\/allegro_687d24be2b3ac2.99126238_b75b9ae84f60a00c591214e8c110.jpg\",\"datePublished\":\"2025-07-20T17:18:11+00:00\",\"breadcrumb\":{\"@id\":\"https:\\\/\\\/racom.com.pl\\\/index.php\\\/produkt\\\/5x-konektor-szybkozlaczka-10-25mm2-do-samochodu\\\/#breadcrumb\"},\"inLanguage\":\"pl-PL\",\"potentialAction\":[{\"@type\":\"ReadAction\",\"target\":[\"https:\\\/\\\/racom.com.pl\\\/index.php\\\/produkt\\\/5x-konektor-szybkozlaczka-10-25mm2-do-samochodu\\\/\"]}]},{\"@type\":\"ImageObject\",\"inLanguage\":\"pl-PL\",\"@id\":\"https:\\\/\\\/racom.com.pl\\\/index.php\\\/produkt\\\/5x-konektor-szybkozlaczka-10-25mm2-do-samochodu\\\/#primaryimage\",\"url\":\"https:\\\/\\\/racom.com.pl\\\/wp-content\\\/uploads\\\/2025\\\/07\\\/allegro_687d24be2b3ac2.99126238_b75b9ae84f60a00c591214e8c110.jpg\",\"contentUrl\":\"https:\\\/\\\/racom.com.pl\\\/wp-content\\\/uploads\\\/2025\\\/07\\\/allegro_687d24be2b3ac2.99126238_b75b9ae84f60a00c591214e8c110.jpg\",\"width\":740,\"height\":1538},{\"@type\":\"BreadcrumbList\",\"@id\":\"https:\\\/\\\/racom.com.pl\\\/index.php\\\/produkt\\\/5x-konektor-szybkozlaczka-10-25mm2-do-samochodu\\\/#breadcrumb\",\"itemListElement\":[{\"@type\":\"ListItem\",\"position\":1,\"name\":\"Strona g\u0142\u00f3wna\",\"item\":\"https:\\\/\\\/racom.com.pl\\\/\"},{\"@type\":\"ListItem\",\"position\":2,\"name\":\"Sklep\",\"item\":\"https:\\\/\\\/racom.com.pl\\\/\"},{\"@type\":\"ListItem\",\"position\":3,\"name\":\"5x Konektor szybkoz\u0142\u0105czka 1,0-2,5mm2 do samochodu\"}]},{\"@type\":\"WebSite\",\"@id\":\"https:\\\/\\\/racom.com.pl\\\/#website\",\"url\":\"https:\\\/\\\/racom.com.pl\\\/\",\"name\":\"Mix Market - Supermarket z wszystkim co potrzeba do domu i nie tylko\",\"description\":\"\",\"publisher\":{\"@id\":\"https:\\\/\\\/racom.com.pl\\\/#organization\"},\"potentialAction\":[{\"@type\":\"SearchAction\",\"target\":{\"@type\":\"EntryPoint\",\"urlTemplate\":\"https:\\\/\\\/racom.com.pl\\\/?s={search_term_string}\"},\"query-input\":{\"@type\":\"PropertyValueSpecification\",\"valueRequired\":true,\"valueName\":\"search_term_string\"}}],\"inLanguage\":\"pl-PL\"},{\"@type\":\"Organization\",\"@id\":\"https:\\\/\\\/racom.com.pl\\\/#organization\",\"name\":\"Mix Market - Supermarket z wszystkim co potrzeba do domu i nie tylko\",\"url\":\"https:\\\/\\\/racom.com.pl\\\/\",\"logo\":{\"@type\":\"ImageObject\",\"inLanguage\":\"pl-PL\",\"@id\":\"https:\\\/\\\/racom.com.pl\\\/#\\\/schema\\\/logo\\\/image\\\/\",\"url\":\"https:\\\/\\\/racom.com.pl\\\/wp-content\\\/uploads\\\/2025\\\/07\\\/mixmarket_logo.png\",\"contentUrl\":\"https:\\\/\\\/racom.com.pl\\\/wp-content\\\/uploads\\\/2025\\\/07\\\/mixmarket_logo.png\",\"width\":1024,\"height\":1024,\"caption\":\"Mix Market - Supermarket z wszystkim co potrzeba do domu i nie tylko\"},\"image\":{\"@id\":\"https:\\\/\\\/racom.com.pl\\\/#\\\/schema\\\/logo\\\/image\\\/\"}}]}<\/script>\n<!-- \/ Yoast SEO plugin. -->","yoast_head_json":{"title":"5x Konektor szybkoz\u0142\u0105czka 1,0-2,5mm2 do samochodu - Mix Market - Supermarket z wszystkim co potrzeba","robots":{"index":"index","follow":"follow","max-snippet":"max-snippet:-1","max-image-preview":"max-image-preview:large","max-video-preview":"max-video-preview:-1"},"canonical":"https:\/\/racom.com.pl\/index.php\/produkt\/5x-konektor-szybkozlaczka-10-25mm2-do-samochodu\/","og_locale":"pl_PL","og_type":"article","og_title":"5x Konektor szybkoz\u0142\u0105czka 1,0-2,5mm2 do samochodu - Mix Market - Supermarket z wszystkim co potrzeba","og_description":"5x SZYBKOZ\u0141\u0104CZKA ELEKTRYCZNA 1,0 &#8211; 2,5mm2 Zastosowanie: samochody osobowe, ci\u0119\u017carowe, motocykle, \u0142odzie, naczepy Szybkoz\u0142\u0105czka pozwala na szybkie i trwa\u0142e &#8222;wpi\u0119cie si\u0119&#8221; do istniej\u0105cej instalacji elektrycznej bez konieczno\u015bci rozpinania kostek elektrycznych w poje\u017adzie. Do monta\u017cu potrzebujesz tylko kombinerek do zaci\u015bni\u0119cia konektora. Minimalny\/maksymalny przekr\u00f3j przewodu: 1mm &#8211; 2,5mm Ilo\u015b\u0107 z\u0142\u0105czek w komplecie: 5szt. Maksymalne nat\u0119\u017cenie pr\u0105du: 15A [&hellip;]","og_url":"https:\/\/racom.com.pl\/index.php\/produkt\/5x-konektor-szybkozlaczka-10-25mm2-do-samochodu\/","og_site_name":"Mix Market - Supermarket z wszystkim co potrzeba","og_image":[{"width":740,"height":1538,"url":"https:\/\/racom.com.pl\/wp-content\/uploads\/2025\/07\/allegro_687d24be2b3ac2.99126238_b75b9ae84f60a00c591214e8c110.jpg","type":"image\/jpeg"}],"twitter_card":"summary_large_image","schema":{"@context":"https:\/\/schema.org","@graph":[{"@type":"WebPage","@id":"https:\/\/racom.com.pl\/index.php\/produkt\/5x-konektor-szybkozlaczka-10-25mm2-do-samochodu\/","url":"https:\/\/racom.com.pl\/index.php\/produkt\/5x-konektor-szybkozlaczka-10-25mm2-do-samochodu\/","name":"5x Konektor szybkoz\u0142\u0105czka 1,0-2,5mm2 do samochodu - Mix Market - Supermarket z wszystkim co potrzeba","isPartOf":{"@id":"https:\/\/racom.com.pl\/#website"},"primaryImageOfPage":{"@id":"https:\/\/racom.com.pl\/index.php\/produkt\/5x-konektor-szybkozlaczka-10-25mm2-do-samochodu\/#primaryimage"},"image":{"@id":"https:\/\/racom.com.pl\/index.php\/produkt\/5x-konektor-szybkozlaczka-10-25mm2-do-samochodu\/#primaryimage"},"thumbnailUrl":"https:\/\/racom.com.pl\/wp-content\/uploads\/2025\/07\/allegro_687d24be2b3ac2.99126238_b75b9ae84f60a00c591214e8c110.jpg","datePublished":"2025-07-20T17:18:11+00:00","breadcrumb":{"@id":"https:\/\/racom.com.pl\/index.php\/produkt\/5x-konektor-szybkozlaczka-10-25mm2-do-samochodu\/#breadcrumb"},"inLanguage":"pl-PL","potentialAction":[{"@type":"ReadAction","target":["https:\/\/racom.com.pl\/index.php\/produkt\/5x-konektor-szybkozlaczka-10-25mm2-do-samochodu\/"]}]},{"@type":"ImageObject","inLanguage":"pl-PL","@id":"https:\/\/racom.com.pl\/index.php\/produkt\/5x-konektor-szybkozlaczka-10-25mm2-do-samochodu\/#primaryimage","url":"https:\/\/racom.com.pl\/wp-content\/uploads\/2025\/07\/allegro_687d24be2b3ac2.99126238_b75b9ae84f60a00c591214e8c110.jpg","contentUrl":"https:\/\/racom.com.pl\/wp-content\/uploads\/2025\/07\/allegro_687d24be2b3ac2.99126238_b75b9ae84f60a00c591214e8c110.jpg","width":740,"height":1538},{"@type":"BreadcrumbList","@id":"https:\/\/racom.com.pl\/index.php\/produkt\/5x-konektor-szybkozlaczka-10-25mm2-do-samochodu\/#breadcrumb","itemListElement":[{"@type":"ListItem","position":1,"name":"Strona g\u0142\u00f3wna","item":"https:\/\/racom.com.pl\/"},{"@type":"ListItem","position":2,"name":"Sklep","item":"https:\/\/racom.com.pl\/"},{"@type":"ListItem","position":3,"name":"5x Konektor szybkoz\u0142\u0105czka 1,0-2,5mm2 do samochodu"}]},{"@type":"WebSite","@id":"https:\/\/racom.com.pl\/#website","url":"https:\/\/racom.com.pl\/","name":"Mix Market - Supermarket z wszystkim co potrzeba do domu i nie tylko","description":"","publisher":{"@id":"https:\/\/racom.com.pl\/#organization"},"potentialAction":[{"@type":"SearchAction","target":{"@type":"EntryPoint","urlTemplate":"https:\/\/racom.com.pl\/?s={search_term_string}"},"query-input":{"@type":"PropertyValueSpecification","valueRequired":true,"valueName":"search_term_string"}}],"inLanguage":"pl-PL"},{"@type":"Organization","@id":"https:\/\/racom.com.pl\/#organization","name":"Mix Market - Supermarket z wszystkim co potrzeba do domu i nie tylko","url":"https:\/\/racom.com.pl\/","logo":{"@type":"ImageObject","inLanguage":"pl-PL","@id":"https:\/\/racom.com.pl\/#\/schema\/logo\/image\/","url":"https:\/\/racom.com.pl\/wp-content\/uploads\/2025\/07\/mixmarket_logo.png","contentUrl":"https:\/\/racom.com.pl\/wp-content\/uploads\/2025\/07\/mixmarket_logo.png","width":1024,"height":1024,"caption":"Mix Market - Supermarket z wszystkim co potrzeba do domu i nie tylko"},"image":{"@id":"https:\/\/racom.com.pl\/#\/schema\/logo\/image\/"}}]}},"_links":{"self":[{"href":"https:\/\/racom.com.pl\/index.php\/wp-json\/wp\/v2\/product\/3731","targetHints":{"allow":["GET"]}}],"collection":[{"href":"https:\/\/racom.com.pl\/index.php\/wp-json\/wp\/v2\/product"}],"about":[{"href":"https:\/\/racom.com.pl\/index.php\/wp-json\/wp\/v2\/types\/product"}],"replies":[{"embeddable":true,"href":"https:\/\/racom.com.pl\/index.php\/wp-json\/wp\/v2\/comments?post=3731"}],"wp:featuredmedia":[{"embeddable":true,"href":"https:\/\/racom.com.pl\/index.php\/wp-json\/wp\/v2\/media\/3730"}],"wp:attachment":[{"href":"https:\/\/racom.com.pl\/index.php\/wp-json\/wp\/v2\/media?parent=3731"}],"wp:term":[{"taxonomy":"product_brand","embeddable":true,"href":"https:\/\/racom.com.pl\/index.php\/wp-json\/wp\/v2\/product_brand?post=3731"},{"taxonomy":"product_cat","embeddable":true,"href":"https:\/\/racom.com.pl\/index.php\/wp-json\/wp\/v2\/product_cat?post=3731"},{"taxonomy":"product_tag","embeddable":true,"href":"https:\/\/racom.com.pl\/index.php\/wp-json\/wp\/v2\/product_tag?post=3731"}],"curies":[{"name":"wp","href":"https:\/\/api.w.org\/{rel}","templated":true}]}}