{"id":3734,"date":"2025-07-20T19:19:23","date_gmt":"2025-07-20T17:19:23","guid":{"rendered":"http:\/\/192.168.2.106\/index.php\/produkt\/5w1-wkretak-torx-zestaw-wkretakow-precyzyjnych\/"},"modified":"2025-07-20T19:19:23","modified_gmt":"2025-07-20T17:19:23","slug":"5w1-wkretak-torx-zestaw-wkretakow-precyzyjnych","status":"publish","type":"product","link":"https:\/\/racom.com.pl\/index.php\/produkt\/5w1-wkretak-torx-zestaw-wkretakow-precyzyjnych\/","title":{"rendered":"5w1 WKR\u0118TAK TORX ZESTAW WKR\u0118TAK\u00d3W PRECYZYJNYCH"},"content":{"rendered":"<h2>WKR\u0118TAK PRECYZYJNY 5W1<\/h2>\n<p>Wysokiej jako\u015bci aluminiowy \u015brubokr\u0119t precyzyjny z wymiennymi ko\u0144c\u00f3wkami (5szt) i obrotow\u0105 r\u0119koje\u015bci\u0105.<\/p>\n<p>Ko\u0144c\u00f3wki wykonane ze stali chromowo-wanadowej, obudowa aluminiowa (anodowana).<\/p>\n<p>Ko\u0144c\u00f3wki w zestawie:<\/p>\n<p>1x Pentalobe bit &#8211; \u2605 0.8mm,<\/p>\n<p>1x Phillips #000 1.2mm bit,<\/p>\n<p>1x Torx T5 bit,<\/p>\n<p>1x Torx T6 bit,<\/p>\n<p>1x -2.0mm (p\u0142aski).<\/p>\n<p>Oferta dotyczy jednego wkr\u0119taka z 5 ko\u0144c\u00f3wkami.<\/p>\n<p>Kolor Z\u0141OTY<\/p>\n<p>Kod produktu: A891 gold<\/p>\n","protected":false},"excerpt":{"rendered":"<p>WKR\u0118TAK PRECYZYJNY 5W1 Wysokiej jako\u015bci aluminiowy \u015brubokr\u0119t precyzyjny z wymiennymi ko\u0144c\u00f3wkami (5szt) i obrotow\u0105 r\u0119koje\u015bci\u0105. Ko\u0144c\u00f3wki wykonane ze stali chromowo-wanadowej, obudowa aluminiowa (anodowana). Ko\u0144c\u00f3wki w zestawie: 1x Pentalobe bit &#8211; \u2605 0.8mm, 1x Phillips #000 1.2mm bit, 1x Torx T5 bit, 1x Torx T6 bit, 1x -2.0mm (p\u0142aski). Oferta dotyczy jednego wkr\u0119taka z 5 ko\u0144c\u00f3wkami. [&hellip;]<\/p>\n","protected":false},"featured_media":3737,"comment_status":"open","ping_status":"closed","template":"","meta":[],"product_brand":[280],"product_cat":[86],"product_tag":[],"class_list":{"0":"post-3734","1":"product","2":"type-product","3":"status-publish","4":"has-post-thumbnail","6":"product_brand-rac11","7":"product_cat-pozostale","9":"first","10":"instock","11":"taxable","12":"shipping-taxable","13":"purchasable","14":"product-type-simple"},"yoast_head":"<!-- This site is optimized with the Yoast SEO plugin v27.3 - https:\/\/yoast.com\/product\/yoast-seo-wordpress\/ -->\n<title>5w1 WKR\u0118TAK TORX ZESTAW WKR\u0118TAK\u00d3W PRECYZYJNYCH - Mix Market - Supermarket z wszystkim co potrzeba<\/title>\n<meta name=\"robots\" content=\"index, follow, max-snippet:-1, max-image-preview:large, max-video-preview:-1\" \/>\n<link rel=\"canonical\" href=\"https:\/\/racom.com.pl\/index.php\/produkt\/5w1-wkretak-torx-zestaw-wkretakow-precyzyjnych\/\" \/>\n<meta property=\"og:locale\" content=\"pl_PL\" \/>\n<meta property=\"og:type\" content=\"article\" \/>\n<meta property=\"og:title\" content=\"5w1 WKR\u0118TAK TORX ZESTAW WKR\u0118TAK\u00d3W PRECYZYJNYCH - Mix Market - Supermarket z wszystkim co potrzeba\" \/>\n<meta property=\"og:description\" content=\"WKR\u0118TAK PRECYZYJNY 5W1 Wysokiej jako\u015bci aluminiowy \u015brubokr\u0119t precyzyjny z wymiennymi ko\u0144c\u00f3wkami (5szt) i obrotow\u0105 r\u0119koje\u015bci\u0105. Ko\u0144c\u00f3wki wykonane ze stali chromowo-wanadowej, obudowa aluminiowa (anodowana). Ko\u0144c\u00f3wki w zestawie: 1x Pentalobe bit &#8211; \u2605 0.8mm, 1x Phillips #000 1.2mm bit, 1x Torx T5 bit, 1x Torx T6 bit, 1x -2.0mm (p\u0142aski). Oferta dotyczy jednego wkr\u0119taka z 5 ko\u0144c\u00f3wkami. [&hellip;]\" \/>\n<meta property=\"og:url\" content=\"https:\/\/racom.com.pl\/index.php\/produkt\/5w1-wkretak-torx-zestaw-wkretakow-precyzyjnych\/\" \/>\n<meta property=\"og:site_name\" content=\"Mix Market - Supermarket z wszystkim co potrzeba\" \/>\n<meta property=\"og:image\" content=\"https:\/\/racom.com.pl\/wp-content\/uploads\/2025\/07\/allegro_687d25633dc639.26589520_33bf04f04ee095c304171c730b7c.jpg\" \/>\n\t<meta property=\"og:image:width\" content=\"692\" \/>\n\t<meta property=\"og:image:height\" content=\"1276\" \/>\n\t<meta property=\"og:image:type\" content=\"image\/jpeg\" \/>\n<meta name=\"twitter:card\" content=\"summary_large_image\" \/>\n<script type=\"application\/ld+json\" class=\"yoast-schema-graph\">{\"@context\":\"https:\\\/\\\/schema.org\",\"@graph\":[{\"@type\":\"WebPage\",\"@id\":\"https:\\\/\\\/racom.com.pl\\\/index.php\\\/produkt\\\/5w1-wkretak-torx-zestaw-wkretakow-precyzyjnych\\\/\",\"url\":\"https:\\\/\\\/racom.com.pl\\\/index.php\\\/produkt\\\/5w1-wkretak-torx-zestaw-wkretakow-precyzyjnych\\\/\",\"name\":\"5w1 WKR\u0118TAK TORX ZESTAW WKR\u0118TAK\u00d3W PRECYZYJNYCH - Mix Market - Supermarket z wszystkim co potrzeba\",\"isPartOf\":{\"@id\":\"https:\\\/\\\/racom.com.pl\\\/#website\"},\"primaryImageOfPage\":{\"@id\":\"https:\\\/\\\/racom.com.pl\\\/index.php\\\/produkt\\\/5w1-wkretak-torx-zestaw-wkretakow-precyzyjnych\\\/#primaryimage\"},\"image\":{\"@id\":\"https:\\\/\\\/racom.com.pl\\\/index.php\\\/produkt\\\/5w1-wkretak-torx-zestaw-wkretakow-precyzyjnych\\\/#primaryimage\"},\"thumbnailUrl\":\"https:\\\/\\\/racom.com.pl\\\/wp-content\\\/uploads\\\/2025\\\/07\\\/allegro_687d25633dc639.26589520_33bf04f04ee095c304171c730b7c.jpg\",\"datePublished\":\"2025-07-20T17:19:23+00:00\",\"breadcrumb\":{\"@id\":\"https:\\\/\\\/racom.com.pl\\\/index.php\\\/produkt\\\/5w1-wkretak-torx-zestaw-wkretakow-precyzyjnych\\\/#breadcrumb\"},\"inLanguage\":\"pl-PL\",\"potentialAction\":[{\"@type\":\"ReadAction\",\"target\":[\"https:\\\/\\\/racom.com.pl\\\/index.php\\\/produkt\\\/5w1-wkretak-torx-zestaw-wkretakow-precyzyjnych\\\/\"]}]},{\"@type\":\"ImageObject\",\"inLanguage\":\"pl-PL\",\"@id\":\"https:\\\/\\\/racom.com.pl\\\/index.php\\\/produkt\\\/5w1-wkretak-torx-zestaw-wkretakow-precyzyjnych\\\/#primaryimage\",\"url\":\"https:\\\/\\\/racom.com.pl\\\/wp-content\\\/uploads\\\/2025\\\/07\\\/allegro_687d25633dc639.26589520_33bf04f04ee095c304171c730b7c.jpg\",\"contentUrl\":\"https:\\\/\\\/racom.com.pl\\\/wp-content\\\/uploads\\\/2025\\\/07\\\/allegro_687d25633dc639.26589520_33bf04f04ee095c304171c730b7c.jpg\",\"width\":692,\"height\":1276},{\"@type\":\"BreadcrumbList\",\"@id\":\"https:\\\/\\\/racom.com.pl\\\/index.php\\\/produkt\\\/5w1-wkretak-torx-zestaw-wkretakow-precyzyjnych\\\/#breadcrumb\",\"itemListElement\":[{\"@type\":\"ListItem\",\"position\":1,\"name\":\"Strona g\u0142\u00f3wna\",\"item\":\"https:\\\/\\\/racom.com.pl\\\/\"},{\"@type\":\"ListItem\",\"position\":2,\"name\":\"Sklep\",\"item\":\"https:\\\/\\\/racom.com.pl\\\/\"},{\"@type\":\"ListItem\",\"position\":3,\"name\":\"5w1 WKR\u0118TAK TORX ZESTAW WKR\u0118TAK\u00d3W PRECYZYJNYCH\"}]},{\"@type\":\"WebSite\",\"@id\":\"https:\\\/\\\/racom.com.pl\\\/#website\",\"url\":\"https:\\\/\\\/racom.com.pl\\\/\",\"name\":\"Mix Market - Supermarket z wszystkim co potrzeba do domu i nie tylko\",\"description\":\"\",\"publisher\":{\"@id\":\"https:\\\/\\\/racom.com.pl\\\/#organization\"},\"potentialAction\":[{\"@type\":\"SearchAction\",\"target\":{\"@type\":\"EntryPoint\",\"urlTemplate\":\"https:\\\/\\\/racom.com.pl\\\/?s={search_term_string}\"},\"query-input\":{\"@type\":\"PropertyValueSpecification\",\"valueRequired\":true,\"valueName\":\"search_term_string\"}}],\"inLanguage\":\"pl-PL\"},{\"@type\":\"Organization\",\"@id\":\"https:\\\/\\\/racom.com.pl\\\/#organization\",\"name\":\"Mix Market - Supermarket z wszystkim co potrzeba do domu i nie tylko\",\"url\":\"https:\\\/\\\/racom.com.pl\\\/\",\"logo\":{\"@type\":\"ImageObject\",\"inLanguage\":\"pl-PL\",\"@id\":\"https:\\\/\\\/racom.com.pl\\\/#\\\/schema\\\/logo\\\/image\\\/\",\"url\":\"https:\\\/\\\/racom.com.pl\\\/wp-content\\\/uploads\\\/2025\\\/07\\\/mixmarket_logo.png\",\"contentUrl\":\"https:\\\/\\\/racom.com.pl\\\/wp-content\\\/uploads\\\/2025\\\/07\\\/mixmarket_logo.png\",\"width\":1024,\"height\":1024,\"caption\":\"Mix Market - Supermarket z wszystkim co potrzeba do domu i nie tylko\"},\"image\":{\"@id\":\"https:\\\/\\\/racom.com.pl\\\/#\\\/schema\\\/logo\\\/image\\\/\"}}]}<\/script>\n<!-- \/ Yoast SEO plugin. -->","yoast_head_json":{"title":"5w1 WKR\u0118TAK TORX ZESTAW WKR\u0118TAK\u00d3W PRECYZYJNYCH - Mix Market - Supermarket z wszystkim co potrzeba","robots":{"index":"index","follow":"follow","max-snippet":"max-snippet:-1","max-image-preview":"max-image-preview:large","max-video-preview":"max-video-preview:-1"},"canonical":"https:\/\/racom.com.pl\/index.php\/produkt\/5w1-wkretak-torx-zestaw-wkretakow-precyzyjnych\/","og_locale":"pl_PL","og_type":"article","og_title":"5w1 WKR\u0118TAK TORX ZESTAW WKR\u0118TAK\u00d3W PRECYZYJNYCH - Mix Market - Supermarket z wszystkim co potrzeba","og_description":"WKR\u0118TAK PRECYZYJNY 5W1 Wysokiej jako\u015bci aluminiowy \u015brubokr\u0119t precyzyjny z wymiennymi ko\u0144c\u00f3wkami (5szt) i obrotow\u0105 r\u0119koje\u015bci\u0105. Ko\u0144c\u00f3wki wykonane ze stali chromowo-wanadowej, obudowa aluminiowa (anodowana). Ko\u0144c\u00f3wki w zestawie: 1x Pentalobe bit &#8211; \u2605 0.8mm, 1x Phillips #000 1.2mm bit, 1x Torx T5 bit, 1x Torx T6 bit, 1x -2.0mm (p\u0142aski). Oferta dotyczy jednego wkr\u0119taka z 5 ko\u0144c\u00f3wkami. [&hellip;]","og_url":"https:\/\/racom.com.pl\/index.php\/produkt\/5w1-wkretak-torx-zestaw-wkretakow-precyzyjnych\/","og_site_name":"Mix Market - Supermarket z wszystkim co potrzeba","og_image":[{"width":692,"height":1276,"url":"https:\/\/racom.com.pl\/wp-content\/uploads\/2025\/07\/allegro_687d25633dc639.26589520_33bf04f04ee095c304171c730b7c.jpg","type":"image\/jpeg"}],"twitter_card":"summary_large_image","schema":{"@context":"https:\/\/schema.org","@graph":[{"@type":"WebPage","@id":"https:\/\/racom.com.pl\/index.php\/produkt\/5w1-wkretak-torx-zestaw-wkretakow-precyzyjnych\/","url":"https:\/\/racom.com.pl\/index.php\/produkt\/5w1-wkretak-torx-zestaw-wkretakow-precyzyjnych\/","name":"5w1 WKR\u0118TAK TORX ZESTAW WKR\u0118TAK\u00d3W PRECYZYJNYCH - Mix Market - Supermarket z wszystkim co potrzeba","isPartOf":{"@id":"https:\/\/racom.com.pl\/#website"},"primaryImageOfPage":{"@id":"https:\/\/racom.com.pl\/index.php\/produkt\/5w1-wkretak-torx-zestaw-wkretakow-precyzyjnych\/#primaryimage"},"image":{"@id":"https:\/\/racom.com.pl\/index.php\/produkt\/5w1-wkretak-torx-zestaw-wkretakow-precyzyjnych\/#primaryimage"},"thumbnailUrl":"https:\/\/racom.com.pl\/wp-content\/uploads\/2025\/07\/allegro_687d25633dc639.26589520_33bf04f04ee095c304171c730b7c.jpg","datePublished":"2025-07-20T17:19:23+00:00","breadcrumb":{"@id":"https:\/\/racom.com.pl\/index.php\/produkt\/5w1-wkretak-torx-zestaw-wkretakow-precyzyjnych\/#breadcrumb"},"inLanguage":"pl-PL","potentialAction":[{"@type":"ReadAction","target":["https:\/\/racom.com.pl\/index.php\/produkt\/5w1-wkretak-torx-zestaw-wkretakow-precyzyjnych\/"]}]},{"@type":"ImageObject","inLanguage":"pl-PL","@id":"https:\/\/racom.com.pl\/index.php\/produkt\/5w1-wkretak-torx-zestaw-wkretakow-precyzyjnych\/#primaryimage","url":"https:\/\/racom.com.pl\/wp-content\/uploads\/2025\/07\/allegro_687d25633dc639.26589520_33bf04f04ee095c304171c730b7c.jpg","contentUrl":"https:\/\/racom.com.pl\/wp-content\/uploads\/2025\/07\/allegro_687d25633dc639.26589520_33bf04f04ee095c304171c730b7c.jpg","width":692,"height":1276},{"@type":"BreadcrumbList","@id":"https:\/\/racom.com.pl\/index.php\/produkt\/5w1-wkretak-torx-zestaw-wkretakow-precyzyjnych\/#breadcrumb","itemListElement":[{"@type":"ListItem","position":1,"name":"Strona g\u0142\u00f3wna","item":"https:\/\/racom.com.pl\/"},{"@type":"ListItem","position":2,"name":"Sklep","item":"https:\/\/racom.com.pl\/"},{"@type":"ListItem","position":3,"name":"5w1 WKR\u0118TAK TORX ZESTAW WKR\u0118TAK\u00d3W PRECYZYJNYCH"}]},{"@type":"WebSite","@id":"https:\/\/racom.com.pl\/#website","url":"https:\/\/racom.com.pl\/","name":"Mix Market - Supermarket z wszystkim co potrzeba do domu i nie tylko","description":"","publisher":{"@id":"https:\/\/racom.com.pl\/#organization"},"potentialAction":[{"@type":"SearchAction","target":{"@type":"EntryPoint","urlTemplate":"https:\/\/racom.com.pl\/?s={search_term_string}"},"query-input":{"@type":"PropertyValueSpecification","valueRequired":true,"valueName":"search_term_string"}}],"inLanguage":"pl-PL"},{"@type":"Organization","@id":"https:\/\/racom.com.pl\/#organization","name":"Mix Market - Supermarket z wszystkim co potrzeba do domu i nie tylko","url":"https:\/\/racom.com.pl\/","logo":{"@type":"ImageObject","inLanguage":"pl-PL","@id":"https:\/\/racom.com.pl\/#\/schema\/logo\/image\/","url":"https:\/\/racom.com.pl\/wp-content\/uploads\/2025\/07\/mixmarket_logo.png","contentUrl":"https:\/\/racom.com.pl\/wp-content\/uploads\/2025\/07\/mixmarket_logo.png","width":1024,"height":1024,"caption":"Mix Market - Supermarket z wszystkim co potrzeba do domu i nie tylko"},"image":{"@id":"https:\/\/racom.com.pl\/#\/schema\/logo\/image\/"}}]}},"_links":{"self":[{"href":"https:\/\/racom.com.pl\/index.php\/wp-json\/wp\/v2\/product\/3734","targetHints":{"allow":["GET"]}}],"collection":[{"href":"https:\/\/racom.com.pl\/index.php\/wp-json\/wp\/v2\/product"}],"about":[{"href":"https:\/\/racom.com.pl\/index.php\/wp-json\/wp\/v2\/types\/product"}],"replies":[{"embeddable":true,"href":"https:\/\/racom.com.pl\/index.php\/wp-json\/wp\/v2\/comments?post=3734"}],"wp:featuredmedia":[{"embeddable":true,"href":"https:\/\/racom.com.pl\/index.php\/wp-json\/wp\/v2\/media\/3737"}],"wp:attachment":[{"href":"https:\/\/racom.com.pl\/index.php\/wp-json\/wp\/v2\/media?parent=3734"}],"wp:term":[{"taxonomy":"product_brand","embeddable":true,"href":"https:\/\/racom.com.pl\/index.php\/wp-json\/wp\/v2\/product_brand?post=3734"},{"taxonomy":"product_cat","embeddable":true,"href":"https:\/\/racom.com.pl\/index.php\/wp-json\/wp\/v2\/product_cat?post=3734"},{"taxonomy":"product_tag","embeddable":true,"href":"https:\/\/racom.com.pl\/index.php\/wp-json\/wp\/v2\/product_tag?post=3734"}],"curies":[{"name":"wp","href":"https:\/\/api.w.org\/{rel}","templated":true}]}}