{"id":3738,"date":"2025-07-20T19:21:06","date_gmt":"2025-07-20T17:21:06","guid":{"rendered":"http:\/\/192.168.2.106\/index.php\/produkt\/gilzy-tutki-camel-yellow-200-szt-zestaw-10-kartonow-lacznie-2000szt\/"},"modified":"2025-08-04T21:27:53","modified_gmt":"2025-08-04T19:27:53","slug":"gilzy-tutki-camel-yellow-200-szt-zestaw-10-kartonow-lacznie-2000szt","status":"publish","type":"product","link":"https:\/\/racom.com.pl\/index.php\/produkt\/gilzy-tutki-camel-yellow-200-szt-zestaw-10-kartonow-lacznie-2000szt\/","title":{"rendered":"Gilzy TUTKI Camel Yellow 200 szt. ZESTAW 10 karton\u00f3w (\u0142\u0105cznie 2000szt)"},"content":{"rendered":"<h2>Gilzy tutki papierosowe CAMEL 10x 200 szt. (2000szt \u0142\u0105cznie)<\/h2>\n<h2>Cechy produktu:<\/h2>\n<p>\u2705\u00a0<b>Tradycyjny<\/b>\u00a0<b>papier<\/b><\/p>\n<p>\u2705 Filtry\u00a0<b>wysokiej<\/b>\u00a0<b>jako\u015bci<\/b><\/p>\n<p>\u2705 Smak:\u00a0<b>Bezsmakowe<\/b><\/p>\n<h2>Wymiary gilzy:<\/h2>\n<ul>\n<li>\u015arednica: <b>8mm<\/b><\/li>\n<li>Filtr: <b>15mm<\/b><\/li>\n<li>D\u0142ugo\u015b\u0107 gilzy: <b>8,4 cm<\/b><\/li>\n<\/ul>\n<p><b>Oferta dotyczy zestawu 10 karton\u00f3w po 200szt gilz w ka\u017cdym opakowaniu. \u0141\u0105cznie 2000szt gilz.<\/b><\/p>\n<h2>O marce Camel:<\/h2>\n<p>Camel to marka\u00a0papieros\u00f3w\u00a0produkowana przez koncern tytoniowy\u00a0Japan Tobacco International.\u00a0Do ich produkcji u\u017cywa si\u0119 mieszanki\u00a0tytoni\u00f3w\u00a0pochodzenia g\u0142\u00f3wnie\u00a0tureckiego\u00a0i\u00a0ameryka\u0144skiego. Produkcj\u0119 cameli rozpocz\u0119to w 1913. Umieszczony na ich opakowaniu\u00a0wielb\u0142\u0105d jednogarbny\u00a0to maskotka marki i jej logo, znane jako\u00a0Joe Camel.<\/p>\n<p>&nbsp;<\/p>\n","protected":false},"excerpt":{"rendered":"<p>Gilzy tutki papierosowe CAMEL 10x 200 szt. (2000szt \u0142\u0105cznie) Cechy produktu: \u2705\u00a0Tradycyjny\u00a0papier \u2705 Filtry\u00a0wysokiej\u00a0jako\u015bci \u2705 Smak:\u00a0Bezsmakowe Wymiary gilzy: \u015arednica: 8mm Filtr: 15mm D\u0142ugo\u015b\u0107 gilzy: 8,4 cm Oferta dotyczy zestawu 10 karton\u00f3w po 200szt gilz w ka\u017cdym opakowaniu. \u0141\u0105cznie 2000szt gilz. O marce Camel: Camel to marka\u00a0papieros\u00f3w\u00a0produkowana przez koncern tytoniowy\u00a0Japan Tobacco International.\u00a0Do ich produkcji u\u017cywa si\u0119 [&hellip;]<\/p>\n","protected":false},"featured_media":3742,"comment_status":"open","ping_status":"closed","template":"","meta":[],"product_brand":[282],"product_cat":[281],"product_tag":[],"class_list":{"0":"post-3738","1":"product","2":"type-product","3":"status-publish","4":"has-post-thumbnail","6":"product_brand-camel","7":"product_cat-trafika","9":"first","10":"instock","11":"taxable","12":"shipping-taxable","13":"purchasable","14":"product-type-simple"},"yoast_head":"<!-- This site is optimized with the Yoast SEO plugin v27.3 - https:\/\/yoast.com\/product\/yoast-seo-wordpress\/ -->\n<title>Gilzy TUTKI Camel Yellow 200 szt. ZESTAW 10 karton\u00f3w (\u0142\u0105cznie 2000szt) - Mix Market - Supermarket z wszystkim co potrzeba<\/title>\n<meta name=\"robots\" content=\"index, follow, max-snippet:-1, max-image-preview:large, max-video-preview:-1\" \/>\n<link rel=\"canonical\" href=\"https:\/\/racom.com.pl\/index.php\/produkt\/gilzy-tutki-camel-yellow-200-szt-zestaw-10-kartonow-lacznie-2000szt\/\" \/>\n<meta property=\"og:locale\" content=\"pl_PL\" \/>\n<meta property=\"og:type\" content=\"article\" \/>\n<meta property=\"og:title\" content=\"Gilzy TUTKI Camel Yellow 200 szt. ZESTAW 10 karton\u00f3w (\u0142\u0105cznie 2000szt) - Mix Market - Supermarket z wszystkim co potrzeba\" \/>\n<meta property=\"og:description\" content=\"Gilzy tutki papierosowe CAMEL 10x 200 szt. (2000szt \u0142\u0105cznie) Cechy produktu: \u2705\u00a0Tradycyjny\u00a0papier \u2705 Filtry\u00a0wysokiej\u00a0jako\u015bci \u2705 Smak:\u00a0Bezsmakowe Wymiary gilzy: \u015arednica: 8mm Filtr: 15mm D\u0142ugo\u015b\u0107 gilzy: 8,4 cm Oferta dotyczy zestawu 10 karton\u00f3w po 200szt gilz w ka\u017cdym opakowaniu. \u0141\u0105cznie 2000szt gilz. O marce Camel: Camel to marka\u00a0papieros\u00f3w\u00a0produkowana przez koncern tytoniowy\u00a0Japan Tobacco International.\u00a0Do ich produkcji u\u017cywa si\u0119 [&hellip;]\" \/>\n<meta property=\"og:url\" content=\"https:\/\/racom.com.pl\/index.php\/produkt\/gilzy-tutki-camel-yellow-200-szt-zestaw-10-kartonow-lacznie-2000szt\/\" \/>\n<meta property=\"og:site_name\" content=\"Mix Market - Supermarket z wszystkim co potrzeba\" \/>\n<meta property=\"article:modified_time\" content=\"2025-08-04T19:27:53+00:00\" \/>\n<meta property=\"og:image\" content=\"https:\/\/racom.com.pl\/wp-content\/uploads\/2025\/07\/allegro_687d25df3383c4.70061526_e5e6df384f66b5a8a889a4d504f2.jpg\" \/>\n\t<meta property=\"og:image:width\" content=\"594\" \/>\n\t<meta property=\"og:image:height\" content=\"420\" \/>\n\t<meta property=\"og:image:type\" content=\"image\/jpeg\" \/>\n<meta name=\"twitter:card\" content=\"summary_large_image\" \/>\n<meta name=\"twitter:label1\" content=\"Szacowany czas czytania\" \/>\n\t<meta name=\"twitter:data1\" content=\"1 minuta\" \/>\n<script type=\"application\/ld+json\" class=\"yoast-schema-graph\">{\"@context\":\"https:\\\/\\\/schema.org\",\"@graph\":[{\"@type\":\"WebPage\",\"@id\":\"https:\\\/\\\/racom.com.pl\\\/index.php\\\/produkt\\\/gilzy-tutki-camel-yellow-200-szt-zestaw-10-kartonow-lacznie-2000szt\\\/\",\"url\":\"https:\\\/\\\/racom.com.pl\\\/index.php\\\/produkt\\\/gilzy-tutki-camel-yellow-200-szt-zestaw-10-kartonow-lacznie-2000szt\\\/\",\"name\":\"Gilzy TUTKI Camel Yellow 200 szt. ZESTAW 10 karton\u00f3w (\u0142\u0105cznie 2000szt) - Mix Market - Supermarket z wszystkim co potrzeba\",\"isPartOf\":{\"@id\":\"https:\\\/\\\/racom.com.pl\\\/#website\"},\"primaryImageOfPage\":{\"@id\":\"https:\\\/\\\/racom.com.pl\\\/index.php\\\/produkt\\\/gilzy-tutki-camel-yellow-200-szt-zestaw-10-kartonow-lacznie-2000szt\\\/#primaryimage\"},\"image\":{\"@id\":\"https:\\\/\\\/racom.com.pl\\\/index.php\\\/produkt\\\/gilzy-tutki-camel-yellow-200-szt-zestaw-10-kartonow-lacznie-2000szt\\\/#primaryimage\"},\"thumbnailUrl\":\"https:\\\/\\\/racom.com.pl\\\/wp-content\\\/uploads\\\/2025\\\/07\\\/allegro_687d25df3383c4.70061526_e5e6df384f66b5a8a889a4d504f2.jpg\",\"datePublished\":\"2025-07-20T17:21:06+00:00\",\"dateModified\":\"2025-08-04T19:27:53+00:00\",\"breadcrumb\":{\"@id\":\"https:\\\/\\\/racom.com.pl\\\/index.php\\\/produkt\\\/gilzy-tutki-camel-yellow-200-szt-zestaw-10-kartonow-lacznie-2000szt\\\/#breadcrumb\"},\"inLanguage\":\"pl-PL\",\"potentialAction\":[{\"@type\":\"ReadAction\",\"target\":[\"https:\\\/\\\/racom.com.pl\\\/index.php\\\/produkt\\\/gilzy-tutki-camel-yellow-200-szt-zestaw-10-kartonow-lacznie-2000szt\\\/\"]}]},{\"@type\":\"ImageObject\",\"inLanguage\":\"pl-PL\",\"@id\":\"https:\\\/\\\/racom.com.pl\\\/index.php\\\/produkt\\\/gilzy-tutki-camel-yellow-200-szt-zestaw-10-kartonow-lacznie-2000szt\\\/#primaryimage\",\"url\":\"https:\\\/\\\/racom.com.pl\\\/wp-content\\\/uploads\\\/2025\\\/07\\\/allegro_687d25df3383c4.70061526_e5e6df384f66b5a8a889a4d504f2.jpg\",\"contentUrl\":\"https:\\\/\\\/racom.com.pl\\\/wp-content\\\/uploads\\\/2025\\\/07\\\/allegro_687d25df3383c4.70061526_e5e6df384f66b5a8a889a4d504f2.jpg\",\"width\":594,\"height\":420},{\"@type\":\"BreadcrumbList\",\"@id\":\"https:\\\/\\\/racom.com.pl\\\/index.php\\\/produkt\\\/gilzy-tutki-camel-yellow-200-szt-zestaw-10-kartonow-lacznie-2000szt\\\/#breadcrumb\",\"itemListElement\":[{\"@type\":\"ListItem\",\"position\":1,\"name\":\"Strona g\u0142\u00f3wna\",\"item\":\"https:\\\/\\\/racom.com.pl\\\/\"},{\"@type\":\"ListItem\",\"position\":2,\"name\":\"Sklep\",\"item\":\"https:\\\/\\\/racom.com.pl\\\/\"},{\"@type\":\"ListItem\",\"position\":3,\"name\":\"Gilzy TUTKI Camel Yellow 200 szt. ZESTAW 10 karton\u00f3w (\u0142\u0105cznie 2000szt)\"}]},{\"@type\":\"WebSite\",\"@id\":\"https:\\\/\\\/racom.com.pl\\\/#website\",\"url\":\"https:\\\/\\\/racom.com.pl\\\/\",\"name\":\"Mix Market - Supermarket z wszystkim co potrzeba do domu i nie tylko\",\"description\":\"\",\"publisher\":{\"@id\":\"https:\\\/\\\/racom.com.pl\\\/#organization\"},\"potentialAction\":[{\"@type\":\"SearchAction\",\"target\":{\"@type\":\"EntryPoint\",\"urlTemplate\":\"https:\\\/\\\/racom.com.pl\\\/?s={search_term_string}\"},\"query-input\":{\"@type\":\"PropertyValueSpecification\",\"valueRequired\":true,\"valueName\":\"search_term_string\"}}],\"inLanguage\":\"pl-PL\"},{\"@type\":\"Organization\",\"@id\":\"https:\\\/\\\/racom.com.pl\\\/#organization\",\"name\":\"Mix Market - Supermarket z wszystkim co potrzeba do domu i nie tylko\",\"url\":\"https:\\\/\\\/racom.com.pl\\\/\",\"logo\":{\"@type\":\"ImageObject\",\"inLanguage\":\"pl-PL\",\"@id\":\"https:\\\/\\\/racom.com.pl\\\/#\\\/schema\\\/logo\\\/image\\\/\",\"url\":\"https:\\\/\\\/racom.com.pl\\\/wp-content\\\/uploads\\\/2025\\\/07\\\/mixmarket_logo.png\",\"contentUrl\":\"https:\\\/\\\/racom.com.pl\\\/wp-content\\\/uploads\\\/2025\\\/07\\\/mixmarket_logo.png\",\"width\":1024,\"height\":1024,\"caption\":\"Mix Market - Supermarket z wszystkim co potrzeba do domu i nie tylko\"},\"image\":{\"@id\":\"https:\\\/\\\/racom.com.pl\\\/#\\\/schema\\\/logo\\\/image\\\/\"}}]}<\/script>\n<!-- \/ Yoast SEO plugin. -->","yoast_head_json":{"title":"Gilzy TUTKI Camel Yellow 200 szt. ZESTAW 10 karton\u00f3w (\u0142\u0105cznie 2000szt) - Mix Market - Supermarket z wszystkim co potrzeba","robots":{"index":"index","follow":"follow","max-snippet":"max-snippet:-1","max-image-preview":"max-image-preview:large","max-video-preview":"max-video-preview:-1"},"canonical":"https:\/\/racom.com.pl\/index.php\/produkt\/gilzy-tutki-camel-yellow-200-szt-zestaw-10-kartonow-lacznie-2000szt\/","og_locale":"pl_PL","og_type":"article","og_title":"Gilzy TUTKI Camel Yellow 200 szt. ZESTAW 10 karton\u00f3w (\u0142\u0105cznie 2000szt) - Mix Market - Supermarket z wszystkim co potrzeba","og_description":"Gilzy tutki papierosowe CAMEL 10x 200 szt. (2000szt \u0142\u0105cznie) Cechy produktu: \u2705\u00a0Tradycyjny\u00a0papier \u2705 Filtry\u00a0wysokiej\u00a0jako\u015bci \u2705 Smak:\u00a0Bezsmakowe Wymiary gilzy: \u015arednica: 8mm Filtr: 15mm D\u0142ugo\u015b\u0107 gilzy: 8,4 cm Oferta dotyczy zestawu 10 karton\u00f3w po 200szt gilz w ka\u017cdym opakowaniu. \u0141\u0105cznie 2000szt gilz. O marce Camel: Camel to marka\u00a0papieros\u00f3w\u00a0produkowana przez koncern tytoniowy\u00a0Japan Tobacco International.\u00a0Do ich produkcji u\u017cywa si\u0119 [&hellip;]","og_url":"https:\/\/racom.com.pl\/index.php\/produkt\/gilzy-tutki-camel-yellow-200-szt-zestaw-10-kartonow-lacznie-2000szt\/","og_site_name":"Mix Market - Supermarket z wszystkim co potrzeba","article_modified_time":"2025-08-04T19:27:53+00:00","og_image":[{"width":594,"height":420,"url":"https:\/\/racom.com.pl\/wp-content\/uploads\/2025\/07\/allegro_687d25df3383c4.70061526_e5e6df384f66b5a8a889a4d504f2.jpg","type":"image\/jpeg"}],"twitter_card":"summary_large_image","twitter_misc":{"Szacowany czas czytania":"1 minuta"},"schema":{"@context":"https:\/\/schema.org","@graph":[{"@type":"WebPage","@id":"https:\/\/racom.com.pl\/index.php\/produkt\/gilzy-tutki-camel-yellow-200-szt-zestaw-10-kartonow-lacznie-2000szt\/","url":"https:\/\/racom.com.pl\/index.php\/produkt\/gilzy-tutki-camel-yellow-200-szt-zestaw-10-kartonow-lacznie-2000szt\/","name":"Gilzy TUTKI Camel Yellow 200 szt. ZESTAW 10 karton\u00f3w (\u0142\u0105cznie 2000szt) - Mix Market - Supermarket z wszystkim co potrzeba","isPartOf":{"@id":"https:\/\/racom.com.pl\/#website"},"primaryImageOfPage":{"@id":"https:\/\/racom.com.pl\/index.php\/produkt\/gilzy-tutki-camel-yellow-200-szt-zestaw-10-kartonow-lacznie-2000szt\/#primaryimage"},"image":{"@id":"https:\/\/racom.com.pl\/index.php\/produkt\/gilzy-tutki-camel-yellow-200-szt-zestaw-10-kartonow-lacznie-2000szt\/#primaryimage"},"thumbnailUrl":"https:\/\/racom.com.pl\/wp-content\/uploads\/2025\/07\/allegro_687d25df3383c4.70061526_e5e6df384f66b5a8a889a4d504f2.jpg","datePublished":"2025-07-20T17:21:06+00:00","dateModified":"2025-08-04T19:27:53+00:00","breadcrumb":{"@id":"https:\/\/racom.com.pl\/index.php\/produkt\/gilzy-tutki-camel-yellow-200-szt-zestaw-10-kartonow-lacznie-2000szt\/#breadcrumb"},"inLanguage":"pl-PL","potentialAction":[{"@type":"ReadAction","target":["https:\/\/racom.com.pl\/index.php\/produkt\/gilzy-tutki-camel-yellow-200-szt-zestaw-10-kartonow-lacznie-2000szt\/"]}]},{"@type":"ImageObject","inLanguage":"pl-PL","@id":"https:\/\/racom.com.pl\/index.php\/produkt\/gilzy-tutki-camel-yellow-200-szt-zestaw-10-kartonow-lacznie-2000szt\/#primaryimage","url":"https:\/\/racom.com.pl\/wp-content\/uploads\/2025\/07\/allegro_687d25df3383c4.70061526_e5e6df384f66b5a8a889a4d504f2.jpg","contentUrl":"https:\/\/racom.com.pl\/wp-content\/uploads\/2025\/07\/allegro_687d25df3383c4.70061526_e5e6df384f66b5a8a889a4d504f2.jpg","width":594,"height":420},{"@type":"BreadcrumbList","@id":"https:\/\/racom.com.pl\/index.php\/produkt\/gilzy-tutki-camel-yellow-200-szt-zestaw-10-kartonow-lacznie-2000szt\/#breadcrumb","itemListElement":[{"@type":"ListItem","position":1,"name":"Strona g\u0142\u00f3wna","item":"https:\/\/racom.com.pl\/"},{"@type":"ListItem","position":2,"name":"Sklep","item":"https:\/\/racom.com.pl\/"},{"@type":"ListItem","position":3,"name":"Gilzy TUTKI Camel Yellow 200 szt. ZESTAW 10 karton\u00f3w (\u0142\u0105cznie 2000szt)"}]},{"@type":"WebSite","@id":"https:\/\/racom.com.pl\/#website","url":"https:\/\/racom.com.pl\/","name":"Mix Market - Supermarket z wszystkim co potrzeba do domu i nie tylko","description":"","publisher":{"@id":"https:\/\/racom.com.pl\/#organization"},"potentialAction":[{"@type":"SearchAction","target":{"@type":"EntryPoint","urlTemplate":"https:\/\/racom.com.pl\/?s={search_term_string}"},"query-input":{"@type":"PropertyValueSpecification","valueRequired":true,"valueName":"search_term_string"}}],"inLanguage":"pl-PL"},{"@type":"Organization","@id":"https:\/\/racom.com.pl\/#organization","name":"Mix Market - Supermarket z wszystkim co potrzeba do domu i nie tylko","url":"https:\/\/racom.com.pl\/","logo":{"@type":"ImageObject","inLanguage":"pl-PL","@id":"https:\/\/racom.com.pl\/#\/schema\/logo\/image\/","url":"https:\/\/racom.com.pl\/wp-content\/uploads\/2025\/07\/mixmarket_logo.png","contentUrl":"https:\/\/racom.com.pl\/wp-content\/uploads\/2025\/07\/mixmarket_logo.png","width":1024,"height":1024,"caption":"Mix Market - Supermarket z wszystkim co potrzeba do domu i nie tylko"},"image":{"@id":"https:\/\/racom.com.pl\/#\/schema\/logo\/image\/"}}]}},"_links":{"self":[{"href":"https:\/\/racom.com.pl\/index.php\/wp-json\/wp\/v2\/product\/3738","targetHints":{"allow":["GET"]}}],"collection":[{"href":"https:\/\/racom.com.pl\/index.php\/wp-json\/wp\/v2\/product"}],"about":[{"href":"https:\/\/racom.com.pl\/index.php\/wp-json\/wp\/v2\/types\/product"}],"replies":[{"embeddable":true,"href":"https:\/\/racom.com.pl\/index.php\/wp-json\/wp\/v2\/comments?post=3738"}],"wp:featuredmedia":[{"embeddable":true,"href":"https:\/\/racom.com.pl\/index.php\/wp-json\/wp\/v2\/media\/3742"}],"wp:attachment":[{"href":"https:\/\/racom.com.pl\/index.php\/wp-json\/wp\/v2\/media?parent=3738"}],"wp:term":[{"taxonomy":"product_brand","embeddable":true,"href":"https:\/\/racom.com.pl\/index.php\/wp-json\/wp\/v2\/product_brand?post=3738"},{"taxonomy":"product_cat","embeddable":true,"href":"https:\/\/racom.com.pl\/index.php\/wp-json\/wp\/v2\/product_cat?post=3738"},{"taxonomy":"product_tag","embeddable":true,"href":"https:\/\/racom.com.pl\/index.php\/wp-json\/wp\/v2\/product_tag?post=3738"}],"curies":[{"name":"wp","href":"https:\/\/api.w.org\/{rel}","templated":true}]}}