{"id":3743,"date":"2025-07-20T19:23:05","date_gmt":"2025-07-20T17:23:05","guid":{"rendered":"http:\/\/192.168.2.106\/index.php\/produkt\/dwustronna-tasma-klejaca-akryl-do-lcd-gsm-12mm-25m\/"},"modified":"2025-07-20T19:23:05","modified_gmt":"2025-07-20T17:23:05","slug":"dwustronna-tasma-klejaca-akryl-do-lcd-gsm-12mm-25m","status":"publish","type":"product","link":"https:\/\/racom.com.pl\/index.php\/produkt\/dwustronna-tasma-klejaca-akryl-do-lcd-gsm-12mm-25m\/","title":{"rendered":"DWUSTRONNA TA\u015aMA KLEJ\u0104CA AKRYL DO LCD GSM 12mm 25m"},"content":{"rendered":"<p><b>DWUSTRONNA TA\u015aMA KLEJ\u0104CA ELASTYCZNA AKRYLOWA<\/b><\/p>\n<p><b>INFORMACJE O PRODUKCIE :<\/b><\/p>\n<p><b>D\u0141UGO\u015a\u0106:<\/b><\/p>\n<ul>\n<li>25 METR\u00d3W<\/li>\n<\/ul>\n<p><b>SZEROKO\u015a\u0106:<\/b><\/p>\n<ul>\n<li>12mm<\/li>\n<\/ul>\n<p><b>GRUBO\u015a\u0106 WARSTWY KLEJ\u0104CEJ:<\/b><\/p>\n<ul>\n<li>0,20mm<\/li>\n<\/ul>\n<p><b>OFEROWANY KOLOR :<\/b><\/p>\n<ul>\n<li>TRANSPARENTNY<\/li>\n<\/ul>\n<p>Zastosowanie:<\/p>\n<ul>\n<li>w serwisie GSM do ekran\u00f3w i klapek baterii<\/li>\n<li>w serwisie IT do przyklejenia np. klawiatury<\/li>\n<li>do ta\u015bm LED (du\u017co lepsza ni\u017c klej w fabrycznych ta\u015bmach LED)<\/li>\n<li>uniwersalna<\/li>\n<\/ul>\n<p>Bardzo mocna ta\u015bma dwustronna, klej\u0105ca r\u00f3\u017cne powierzchnie, szczeg\u00f3lnie powierzchnie g\u0142adkie po ich wcze\u015bniejszym przygotowaniu. Przy odklejaniu nie niszczy powierzchni lakierowanych.Ta\u015bma jest idealnym wyborem przy r\u00f3\u017cnorodnych aplikacjach niemal w ka\u017cdej bran\u017cy wymagaj\u0105cej precyzji.<\/p>\n<p>Ta\u015bma ta wykorzystywana jest w fabrycznie produkowanych telefonach. Dzi\u0119ki niej mo\u017cna zamontowa\u0107 ramki, dotyki, podklei\u0107 wy\u015bwietlacz, zamontowa\u0107 ta\u015bmy ledowe. Wykorzystanie wszechstronne.<\/p>\n<p>\u0141atwa w u\u017cyciu, mi\u0119kka i elastyczna struktura ta\u015bmy, doskonale absorbuje napr\u0119\u017cenia oraz wype\u0142nia szczeliny. Dopasowuje si\u0119 do nier\u00f3wnych powierzchni.<\/p>\n<p>Aby uzyska\u0107 najlepsz\u0105 jako\u015b\u0107 po\u0142\u0105czenia, \u0142\u0105czone powierzchnie musz\u0105 by\u0107 odt\u0142uszczone i suche. Typowym preparatem do czyszczenia powierzchni przed klejeniem jest mieszanina alkoholu izopropylowego i wody destylowanej, w zast\u0119pstwie mo\u017cna u\u017cy\u0107 spirytusu<\/p>\n","protected":false},"excerpt":{"rendered":"<p>DWUSTRONNA TA\u015aMA KLEJ\u0104CA ELASTYCZNA AKRYLOWA INFORMACJE O PRODUKCIE : D\u0141UGO\u015a\u0106: 25 METR\u00d3W SZEROKO\u015a\u0106: 12mm GRUBO\u015a\u0106 WARSTWY KLEJ\u0104CEJ: 0,20mm OFEROWANY KOLOR : TRANSPARENTNY Zastosowanie: w serwisie GSM do ekran\u00f3w i klapek baterii w serwisie IT do przyklejenia np. klawiatury do ta\u015bm LED (du\u017co lepsza ni\u017c klej w fabrycznych ta\u015bmach LED) uniwersalna Bardzo mocna ta\u015bma dwustronna, klej\u0105ca [&hellip;]<\/p>\n","protected":false},"featured_media":3752,"comment_status":"open","ping_status":"closed","template":"","meta":[],"product_brand":[284],"product_cat":[283],"product_tag":[],"class_list":{"0":"post-3743","1":"product","2":"type-product","3":"status-publish","4":"has-post-thumbnail","6":"product_brand-tasma","7":"product_cat-akcesoria-biurowe","9":"first","10":"instock","11":"taxable","12":"shipping-taxable","13":"purchasable","14":"product-type-simple"},"yoast_head":"<!-- This site is optimized with the Yoast SEO plugin v27.3 - https:\/\/yoast.com\/product\/yoast-seo-wordpress\/ -->\n<title>DWUSTRONNA TA\u015aMA KLEJ\u0104CA AKRYL DO LCD GSM 12mm 25m - Mix Market - Supermarket z wszystkim co potrzeba<\/title>\n<meta name=\"robots\" content=\"index, follow, max-snippet:-1, max-image-preview:large, max-video-preview:-1\" \/>\n<link rel=\"canonical\" href=\"https:\/\/racom.com.pl\/index.php\/produkt\/dwustronna-tasma-klejaca-akryl-do-lcd-gsm-12mm-25m\/\" \/>\n<meta property=\"og:locale\" content=\"pl_PL\" \/>\n<meta property=\"og:type\" content=\"article\" \/>\n<meta property=\"og:title\" content=\"DWUSTRONNA TA\u015aMA KLEJ\u0104CA AKRYL DO LCD GSM 12mm 25m - Mix Market - Supermarket z wszystkim co potrzeba\" \/>\n<meta property=\"og:description\" content=\"DWUSTRONNA TA\u015aMA KLEJ\u0104CA ELASTYCZNA AKRYLOWA INFORMACJE O PRODUKCIE : D\u0141UGO\u015a\u0106: 25 METR\u00d3W SZEROKO\u015a\u0106: 12mm GRUBO\u015a\u0106 WARSTWY KLEJ\u0104CEJ: 0,20mm OFEROWANY KOLOR : TRANSPARENTNY Zastosowanie: w serwisie GSM do ekran\u00f3w i klapek baterii w serwisie IT do przyklejenia np. klawiatury do ta\u015bm LED (du\u017co lepsza ni\u017c klej w fabrycznych ta\u015bmach LED) uniwersalna Bardzo mocna ta\u015bma dwustronna, klej\u0105ca [&hellip;]\" \/>\n<meta property=\"og:url\" content=\"https:\/\/racom.com.pl\/index.php\/produkt\/dwustronna-tasma-klejaca-akryl-do-lcd-gsm-12mm-25m\/\" \/>\n<meta property=\"og:site_name\" content=\"Mix Market - Supermarket z wszystkim co potrzeba\" \/>\n<meta property=\"og:image\" content=\"https:\/\/racom.com.pl\/wp-content\/uploads\/2025\/07\/allegro_687d26875aacf5.52934296_da93a9254a838f4e365985a53e85.jpg\" \/>\n\t<meta property=\"og:image:width\" content=\"590\" \/>\n\t<meta property=\"og:image:height\" content=\"718\" \/>\n\t<meta property=\"og:image:type\" content=\"image\/jpeg\" \/>\n<meta name=\"twitter:card\" content=\"summary_large_image\" \/>\n<meta name=\"twitter:label1\" content=\"Szacowany czas czytania\" \/>\n\t<meta name=\"twitter:data1\" content=\"1 minuta\" \/>\n<script type=\"application\/ld+json\" class=\"yoast-schema-graph\">{\"@context\":\"https:\\\/\\\/schema.org\",\"@graph\":[{\"@type\":\"WebPage\",\"@id\":\"https:\\\/\\\/racom.com.pl\\\/index.php\\\/produkt\\\/dwustronna-tasma-klejaca-akryl-do-lcd-gsm-12mm-25m\\\/\",\"url\":\"https:\\\/\\\/racom.com.pl\\\/index.php\\\/produkt\\\/dwustronna-tasma-klejaca-akryl-do-lcd-gsm-12mm-25m\\\/\",\"name\":\"DWUSTRONNA TA\u015aMA KLEJ\u0104CA AKRYL DO LCD GSM 12mm 25m - Mix Market - Supermarket z wszystkim co potrzeba\",\"isPartOf\":{\"@id\":\"https:\\\/\\\/racom.com.pl\\\/#website\"},\"primaryImageOfPage\":{\"@id\":\"https:\\\/\\\/racom.com.pl\\\/index.php\\\/produkt\\\/dwustronna-tasma-klejaca-akryl-do-lcd-gsm-12mm-25m\\\/#primaryimage\"},\"image\":{\"@id\":\"https:\\\/\\\/racom.com.pl\\\/index.php\\\/produkt\\\/dwustronna-tasma-klejaca-akryl-do-lcd-gsm-12mm-25m\\\/#primaryimage\"},\"thumbnailUrl\":\"https:\\\/\\\/racom.com.pl\\\/wp-content\\\/uploads\\\/2025\\\/07\\\/allegro_687d26875aacf5.52934296_da93a9254a838f4e365985a53e85.jpg\",\"datePublished\":\"2025-07-20T17:23:05+00:00\",\"breadcrumb\":{\"@id\":\"https:\\\/\\\/racom.com.pl\\\/index.php\\\/produkt\\\/dwustronna-tasma-klejaca-akryl-do-lcd-gsm-12mm-25m\\\/#breadcrumb\"},\"inLanguage\":\"pl-PL\",\"potentialAction\":[{\"@type\":\"ReadAction\",\"target\":[\"https:\\\/\\\/racom.com.pl\\\/index.php\\\/produkt\\\/dwustronna-tasma-klejaca-akryl-do-lcd-gsm-12mm-25m\\\/\"]}]},{\"@type\":\"ImageObject\",\"inLanguage\":\"pl-PL\",\"@id\":\"https:\\\/\\\/racom.com.pl\\\/index.php\\\/produkt\\\/dwustronna-tasma-klejaca-akryl-do-lcd-gsm-12mm-25m\\\/#primaryimage\",\"url\":\"https:\\\/\\\/racom.com.pl\\\/wp-content\\\/uploads\\\/2025\\\/07\\\/allegro_687d26875aacf5.52934296_da93a9254a838f4e365985a53e85.jpg\",\"contentUrl\":\"https:\\\/\\\/racom.com.pl\\\/wp-content\\\/uploads\\\/2025\\\/07\\\/allegro_687d26875aacf5.52934296_da93a9254a838f4e365985a53e85.jpg\",\"width\":590,\"height\":718},{\"@type\":\"BreadcrumbList\",\"@id\":\"https:\\\/\\\/racom.com.pl\\\/index.php\\\/produkt\\\/dwustronna-tasma-klejaca-akryl-do-lcd-gsm-12mm-25m\\\/#breadcrumb\",\"itemListElement\":[{\"@type\":\"ListItem\",\"position\":1,\"name\":\"Strona g\u0142\u00f3wna\",\"item\":\"https:\\\/\\\/racom.com.pl\\\/\"},{\"@type\":\"ListItem\",\"position\":2,\"name\":\"Sklep\",\"item\":\"https:\\\/\\\/racom.com.pl\\\/\"},{\"@type\":\"ListItem\",\"position\":3,\"name\":\"DWUSTRONNA TA\u015aMA KLEJ\u0104CA AKRYL DO LCD GSM 12mm 25m\"}]},{\"@type\":\"WebSite\",\"@id\":\"https:\\\/\\\/racom.com.pl\\\/#website\",\"url\":\"https:\\\/\\\/racom.com.pl\\\/\",\"name\":\"Mix Market - Supermarket z wszystkim co potrzeba do domu i nie tylko\",\"description\":\"\",\"publisher\":{\"@id\":\"https:\\\/\\\/racom.com.pl\\\/#organization\"},\"potentialAction\":[{\"@type\":\"SearchAction\",\"target\":{\"@type\":\"EntryPoint\",\"urlTemplate\":\"https:\\\/\\\/racom.com.pl\\\/?s={search_term_string}\"},\"query-input\":{\"@type\":\"PropertyValueSpecification\",\"valueRequired\":true,\"valueName\":\"search_term_string\"}}],\"inLanguage\":\"pl-PL\"},{\"@type\":\"Organization\",\"@id\":\"https:\\\/\\\/racom.com.pl\\\/#organization\",\"name\":\"Mix Market - Supermarket z wszystkim co potrzeba do domu i nie tylko\",\"url\":\"https:\\\/\\\/racom.com.pl\\\/\",\"logo\":{\"@type\":\"ImageObject\",\"inLanguage\":\"pl-PL\",\"@id\":\"https:\\\/\\\/racom.com.pl\\\/#\\\/schema\\\/logo\\\/image\\\/\",\"url\":\"https:\\\/\\\/racom.com.pl\\\/wp-content\\\/uploads\\\/2025\\\/07\\\/mixmarket_logo.png\",\"contentUrl\":\"https:\\\/\\\/racom.com.pl\\\/wp-content\\\/uploads\\\/2025\\\/07\\\/mixmarket_logo.png\",\"width\":1024,\"height\":1024,\"caption\":\"Mix Market - Supermarket z wszystkim co potrzeba do domu i nie tylko\"},\"image\":{\"@id\":\"https:\\\/\\\/racom.com.pl\\\/#\\\/schema\\\/logo\\\/image\\\/\"}}]}<\/script>\n<!-- \/ Yoast SEO plugin. -->","yoast_head_json":{"title":"DWUSTRONNA TA\u015aMA KLEJ\u0104CA AKRYL DO LCD GSM 12mm 25m - Mix Market - Supermarket z wszystkim co potrzeba","robots":{"index":"index","follow":"follow","max-snippet":"max-snippet:-1","max-image-preview":"max-image-preview:large","max-video-preview":"max-video-preview:-1"},"canonical":"https:\/\/racom.com.pl\/index.php\/produkt\/dwustronna-tasma-klejaca-akryl-do-lcd-gsm-12mm-25m\/","og_locale":"pl_PL","og_type":"article","og_title":"DWUSTRONNA TA\u015aMA KLEJ\u0104CA AKRYL DO LCD GSM 12mm 25m - Mix Market - Supermarket z wszystkim co potrzeba","og_description":"DWUSTRONNA TA\u015aMA KLEJ\u0104CA ELASTYCZNA AKRYLOWA INFORMACJE O PRODUKCIE : D\u0141UGO\u015a\u0106: 25 METR\u00d3W SZEROKO\u015a\u0106: 12mm GRUBO\u015a\u0106 WARSTWY KLEJ\u0104CEJ: 0,20mm OFEROWANY KOLOR : TRANSPARENTNY Zastosowanie: w serwisie GSM do ekran\u00f3w i klapek baterii w serwisie IT do przyklejenia np. klawiatury do ta\u015bm LED (du\u017co lepsza ni\u017c klej w fabrycznych ta\u015bmach LED) uniwersalna Bardzo mocna ta\u015bma dwustronna, klej\u0105ca [&hellip;]","og_url":"https:\/\/racom.com.pl\/index.php\/produkt\/dwustronna-tasma-klejaca-akryl-do-lcd-gsm-12mm-25m\/","og_site_name":"Mix Market - Supermarket z wszystkim co potrzeba","og_image":[{"width":590,"height":718,"url":"https:\/\/racom.com.pl\/wp-content\/uploads\/2025\/07\/allegro_687d26875aacf5.52934296_da93a9254a838f4e365985a53e85.jpg","type":"image\/jpeg"}],"twitter_card":"summary_large_image","twitter_misc":{"Szacowany czas czytania":"1 minuta"},"schema":{"@context":"https:\/\/schema.org","@graph":[{"@type":"WebPage","@id":"https:\/\/racom.com.pl\/index.php\/produkt\/dwustronna-tasma-klejaca-akryl-do-lcd-gsm-12mm-25m\/","url":"https:\/\/racom.com.pl\/index.php\/produkt\/dwustronna-tasma-klejaca-akryl-do-lcd-gsm-12mm-25m\/","name":"DWUSTRONNA TA\u015aMA KLEJ\u0104CA AKRYL DO LCD GSM 12mm 25m - Mix Market - Supermarket z wszystkim co potrzeba","isPartOf":{"@id":"https:\/\/racom.com.pl\/#website"},"primaryImageOfPage":{"@id":"https:\/\/racom.com.pl\/index.php\/produkt\/dwustronna-tasma-klejaca-akryl-do-lcd-gsm-12mm-25m\/#primaryimage"},"image":{"@id":"https:\/\/racom.com.pl\/index.php\/produkt\/dwustronna-tasma-klejaca-akryl-do-lcd-gsm-12mm-25m\/#primaryimage"},"thumbnailUrl":"https:\/\/racom.com.pl\/wp-content\/uploads\/2025\/07\/allegro_687d26875aacf5.52934296_da93a9254a838f4e365985a53e85.jpg","datePublished":"2025-07-20T17:23:05+00:00","breadcrumb":{"@id":"https:\/\/racom.com.pl\/index.php\/produkt\/dwustronna-tasma-klejaca-akryl-do-lcd-gsm-12mm-25m\/#breadcrumb"},"inLanguage":"pl-PL","potentialAction":[{"@type":"ReadAction","target":["https:\/\/racom.com.pl\/index.php\/produkt\/dwustronna-tasma-klejaca-akryl-do-lcd-gsm-12mm-25m\/"]}]},{"@type":"ImageObject","inLanguage":"pl-PL","@id":"https:\/\/racom.com.pl\/index.php\/produkt\/dwustronna-tasma-klejaca-akryl-do-lcd-gsm-12mm-25m\/#primaryimage","url":"https:\/\/racom.com.pl\/wp-content\/uploads\/2025\/07\/allegro_687d26875aacf5.52934296_da93a9254a838f4e365985a53e85.jpg","contentUrl":"https:\/\/racom.com.pl\/wp-content\/uploads\/2025\/07\/allegro_687d26875aacf5.52934296_da93a9254a838f4e365985a53e85.jpg","width":590,"height":718},{"@type":"BreadcrumbList","@id":"https:\/\/racom.com.pl\/index.php\/produkt\/dwustronna-tasma-klejaca-akryl-do-lcd-gsm-12mm-25m\/#breadcrumb","itemListElement":[{"@type":"ListItem","position":1,"name":"Strona g\u0142\u00f3wna","item":"https:\/\/racom.com.pl\/"},{"@type":"ListItem","position":2,"name":"Sklep","item":"https:\/\/racom.com.pl\/"},{"@type":"ListItem","position":3,"name":"DWUSTRONNA TA\u015aMA KLEJ\u0104CA AKRYL DO LCD GSM 12mm 25m"}]},{"@type":"WebSite","@id":"https:\/\/racom.com.pl\/#website","url":"https:\/\/racom.com.pl\/","name":"Mix Market - Supermarket z wszystkim co potrzeba do domu i nie tylko","description":"","publisher":{"@id":"https:\/\/racom.com.pl\/#organization"},"potentialAction":[{"@type":"SearchAction","target":{"@type":"EntryPoint","urlTemplate":"https:\/\/racom.com.pl\/?s={search_term_string}"},"query-input":{"@type":"PropertyValueSpecification","valueRequired":true,"valueName":"search_term_string"}}],"inLanguage":"pl-PL"},{"@type":"Organization","@id":"https:\/\/racom.com.pl\/#organization","name":"Mix Market - Supermarket z wszystkim co potrzeba do domu i nie tylko","url":"https:\/\/racom.com.pl\/","logo":{"@type":"ImageObject","inLanguage":"pl-PL","@id":"https:\/\/racom.com.pl\/#\/schema\/logo\/image\/","url":"https:\/\/racom.com.pl\/wp-content\/uploads\/2025\/07\/mixmarket_logo.png","contentUrl":"https:\/\/racom.com.pl\/wp-content\/uploads\/2025\/07\/mixmarket_logo.png","width":1024,"height":1024,"caption":"Mix Market - Supermarket z wszystkim co potrzeba do domu i nie tylko"},"image":{"@id":"https:\/\/racom.com.pl\/#\/schema\/logo\/image\/"}}]}},"_links":{"self":[{"href":"https:\/\/racom.com.pl\/index.php\/wp-json\/wp\/v2\/product\/3743","targetHints":{"allow":["GET"]}}],"collection":[{"href":"https:\/\/racom.com.pl\/index.php\/wp-json\/wp\/v2\/product"}],"about":[{"href":"https:\/\/racom.com.pl\/index.php\/wp-json\/wp\/v2\/types\/product"}],"replies":[{"embeddable":true,"href":"https:\/\/racom.com.pl\/index.php\/wp-json\/wp\/v2\/comments?post=3743"}],"wp:featuredmedia":[{"embeddable":true,"href":"https:\/\/racom.com.pl\/index.php\/wp-json\/wp\/v2\/media\/3752"}],"wp:attachment":[{"href":"https:\/\/racom.com.pl\/index.php\/wp-json\/wp\/v2\/media?parent=3743"}],"wp:term":[{"taxonomy":"product_brand","embeddable":true,"href":"https:\/\/racom.com.pl\/index.php\/wp-json\/wp\/v2\/product_brand?post=3743"},{"taxonomy":"product_cat","embeddable":true,"href":"https:\/\/racom.com.pl\/index.php\/wp-json\/wp\/v2\/product_cat?post=3743"},{"taxonomy":"product_tag","embeddable":true,"href":"https:\/\/racom.com.pl\/index.php\/wp-json\/wp\/v2\/product_tag?post=3743"}],"curies":[{"name":"wp","href":"https:\/\/api.w.org\/{rel}","templated":true}]}}