{"id":3753,"date":"2025-07-20T19:25:46","date_gmt":"2025-07-20T17:25:46","guid":{"rendered":"http:\/\/192.168.2.106\/index.php\/produkt\/tasma-dwustronna-samoprzylepna-montazowa-piankowa-mocna-biala-18mm-3m\/"},"modified":"2025-07-20T19:25:46","modified_gmt":"2025-07-20T17:25:46","slug":"tasma-dwustronna-samoprzylepna-montazowa-piankowa-mocna-biala-18mm-3m","status":"publish","type":"product","link":"https:\/\/racom.com.pl\/index.php\/produkt\/tasma-dwustronna-samoprzylepna-montazowa-piankowa-mocna-biala-18mm-3m\/","title":{"rendered":"TA\u015aMA DWUSTRONNA Samoprzylepna MONTA\u017bOWA PIANKOWA MOCNA Bia\u0142a 18mm 3m"},"content":{"rendered":"<h2>TA\u015aMA DWUSTRONNA MONTA\u017bOWA PIANKOWA MOCNA 3m<\/h2>\n<p>Remont to czasoch\u0142onne i cz\u0119sto kosztowne przedsi\u0119wzi\u0119cie. Na szcz\u0119\u015bcie istniej\u0105 \u0142atwiejsze sposoby na od\u015bwie\u017cenie i reorganizacj\u0119 przestrzeni. Jednym z nich jest u\u017cycie dwustronnej piankowej ta\u015bmy monta\u017cowej.<\/p>\n<p>Jest to doskona\u0142a alternatywa dla klasycznych ko\u0142k\u00f3w, gwo\u017adzi i pinezek.<b>&nbsp;Obie strony ta\u015bmy s\u0105 u\u017cytkowe<\/b>&nbsp;\u2013 posiadaj\u0105 warstw\u0119 mocnego kleju, co pozwala na niewidoczne \u0142\u0105czenie ze sob\u0105 przedmiot\u00f3w.<\/p>\n<p>Znakomicie<b>&nbsp;sprawdzi si\u0119<\/b>&nbsp;na przyk\u0142ad do naklejania dekoracji na \u015bciany, szafy lub szyby. Z pewno\u015bci\u0105 oka\u017ce si\u0119 niezast\u0105piona w domu, biurze i warsztacie .Ta\u015bma dwustronna sprawdzi si\u0119 do u\u017cycia na g\u0142adkich powierzchniach takich jak:<\/p>\n<ul>\n<li>metal<\/li>\n<li>drewno<\/li>\n<li>szk\u0142o<\/li>\n<li>tworzywo sztuczne<\/li>\n<li>ceramika<\/li>\n<li>marmur<\/li>\n<li>tynk<\/li>\n<\/ul>\n<p>Produkt jest niezwykle \u0142atwy w u\u017cyciu.<b>&nbsp;Nie wymaga posiadania wiertarki czy m\u0142otka,<\/b>&nbsp;a co za tym idzie \u2013 nie tworzy zb\u0119dnego ba\u0142aganu, kt\u00f3ry powsta\u0142by podczas remontu.<\/p>\n<p>Wystarczy uci\u0105\u0107 odpowiedni\u0105 d\u0142ugo\u015b\u0107 ta\u015bmy i odklei\u0107 jej warstw\u0119 zabezpieczaj\u0105c\u0105. Nast\u0119pnie przyczepi\u0107 j\u0105 z jednej strony do \u015bciany czy szafki, a z drugiej do rzeczy, kt\u00f3r\u0105 chcemy zamontowa\u0107. Si\u0142a klejenia ta\u015bmy<b>&nbsp;pozwala na wieszanie artyku\u0142\u00f3w wa\u017c\u0105cych do 0,9 kg.<\/b>&nbsp;Jest w\u0105ska, za jej pomoc\u0105 mo\u017cna dyskretnie przymocowa\u0107 nawet mniejsze elementy.<\/p>\n<p><b>Rolka zawiera<\/b> ponad 300 cm trwa\u0142ej ta\u015bmy monta\u017cowej, przeznaczonej do u\u017cytku wewn\u0119trznego. Zosta\u0142a wykonana z pianki polietylenowej, co wp\u0142ywa na wysok\u0105 trwa\u0142o\u015b\u0107.<\/p>\n<h2>Specyfikacja:<\/h2>\n<ul>\n<li>Szeroko\u015b\u0107: 1,8 cm<\/li>\n<li>D\u0142ugo\u015b\u0107: 300 cm (*Dopuszczalna tolerancja d\u0142ugo\u015bci +\/- 5%)<\/li>\n<li>Waga: 0,01 kg<\/li>\n<li>Kolor: bia\u0142y<\/li>\n<li>Materia\u0142: tworzywo sztuczne, poliuretan<\/li>\n<\/ul>\n","protected":false},"excerpt":{"rendered":"<p>TA\u015aMA DWUSTRONNA MONTA\u017bOWA PIANKOWA MOCNA 3m Remont to czasoch\u0142onne i cz\u0119sto kosztowne przedsi\u0119wzi\u0119cie. Na szcz\u0119\u015bcie istniej\u0105 \u0142atwiejsze sposoby na od\u015bwie\u017cenie i reorganizacj\u0119 przestrzeni. Jednym z nich jest u\u017cycie dwustronnej piankowej ta\u015bmy monta\u017cowej. Jest to doskona\u0142a alternatywa dla klasycznych ko\u0142k\u00f3w, gwo\u017adzi i pinezek.&nbsp;Obie strony ta\u015bmy s\u0105 u\u017cytkowe&nbsp;\u2013 posiadaj\u0105 warstw\u0119 mocnego kleju, co pozwala na niewidoczne \u0142\u0105czenie [&hellip;]<\/p>\n","protected":false},"featured_media":3763,"comment_status":"open","ping_status":"closed","template":"","meta":[],"product_brand":[285],"product_cat":[283],"product_tag":[],"class_list":{"0":"post-3753","1":"product","2":"type-product","3":"status-publish","4":"has-post-thumbnail","6":"product_brand-verk-group","7":"product_cat-akcesoria-biurowe","9":"first","10":"instock","11":"taxable","12":"shipping-taxable","13":"purchasable","14":"product-type-simple"},"yoast_head":"<!-- This site is optimized with the Yoast SEO plugin v27.3 - https:\/\/yoast.com\/product\/yoast-seo-wordpress\/ -->\n<title>TA\u015aMA DWUSTRONNA Samoprzylepna MONTA\u017bOWA PIANKOWA MOCNA Bia\u0142a 18mm 3m - Mix Market - Supermarket z wszystkim co potrzeba<\/title>\n<meta name=\"robots\" content=\"index, follow, max-snippet:-1, max-image-preview:large, max-video-preview:-1\" \/>\n<link rel=\"canonical\" href=\"https:\/\/racom.com.pl\/index.php\/produkt\/tasma-dwustronna-samoprzylepna-montazowa-piankowa-mocna-biala-18mm-3m\/\" \/>\n<meta property=\"og:locale\" content=\"pl_PL\" \/>\n<meta property=\"og:type\" content=\"article\" \/>\n<meta property=\"og:title\" content=\"TA\u015aMA DWUSTRONNA Samoprzylepna MONTA\u017bOWA PIANKOWA MOCNA Bia\u0142a 18mm 3m - Mix Market - Supermarket z wszystkim co potrzeba\" \/>\n<meta property=\"og:description\" content=\"TA\u015aMA DWUSTRONNA MONTA\u017bOWA PIANKOWA MOCNA 3m Remont to czasoch\u0142onne i cz\u0119sto kosztowne przedsi\u0119wzi\u0119cie. Na szcz\u0119\u015bcie istniej\u0105 \u0142atwiejsze sposoby na od\u015bwie\u017cenie i reorganizacj\u0119 przestrzeni. Jednym z nich jest u\u017cycie dwustronnej piankowej ta\u015bmy monta\u017cowej. Jest to doskona\u0142a alternatywa dla klasycznych ko\u0142k\u00f3w, gwo\u017adzi i pinezek.&nbsp;Obie strony ta\u015bmy s\u0105 u\u017cytkowe&nbsp;\u2013 posiadaj\u0105 warstw\u0119 mocnego kleju, co pozwala na niewidoczne \u0142\u0105czenie [&hellip;]\" \/>\n<meta property=\"og:url\" content=\"https:\/\/racom.com.pl\/index.php\/produkt\/tasma-dwustronna-samoprzylepna-montazowa-piankowa-mocna-biala-18mm-3m\/\" \/>\n<meta property=\"og:site_name\" content=\"Mix Market - Supermarket z wszystkim co potrzeba\" \/>\n<meta property=\"og:image\" content=\"https:\/\/racom.com.pl\/wp-content\/uploads\/2025\/07\/allegro_687d276d4469a7.12240123_00d7c36642a2bc6e6138127824bc.jpg\" \/>\n\t<meta property=\"og:image:width\" content=\"2560\" \/>\n\t<meta property=\"og:image:height\" content=\"2560\" \/>\n\t<meta property=\"og:image:type\" content=\"image\/jpeg\" \/>\n<meta name=\"twitter:card\" content=\"summary_large_image\" \/>\n<meta name=\"twitter:label1\" content=\"Szacowany czas czytania\" \/>\n\t<meta name=\"twitter:data1\" content=\"1 minuta\" \/>\n<script type=\"application\/ld+json\" class=\"yoast-schema-graph\">{\"@context\":\"https:\\\/\\\/schema.org\",\"@graph\":[{\"@type\":\"WebPage\",\"@id\":\"https:\\\/\\\/racom.com.pl\\\/index.php\\\/produkt\\\/tasma-dwustronna-samoprzylepna-montazowa-piankowa-mocna-biala-18mm-3m\\\/\",\"url\":\"https:\\\/\\\/racom.com.pl\\\/index.php\\\/produkt\\\/tasma-dwustronna-samoprzylepna-montazowa-piankowa-mocna-biala-18mm-3m\\\/\",\"name\":\"TA\u015aMA DWUSTRONNA Samoprzylepna MONTA\u017bOWA PIANKOWA MOCNA Bia\u0142a 18mm 3m - Mix Market - Supermarket z wszystkim co potrzeba\",\"isPartOf\":{\"@id\":\"https:\\\/\\\/racom.com.pl\\\/#website\"},\"primaryImageOfPage\":{\"@id\":\"https:\\\/\\\/racom.com.pl\\\/index.php\\\/produkt\\\/tasma-dwustronna-samoprzylepna-montazowa-piankowa-mocna-biala-18mm-3m\\\/#primaryimage\"},\"image\":{\"@id\":\"https:\\\/\\\/racom.com.pl\\\/index.php\\\/produkt\\\/tasma-dwustronna-samoprzylepna-montazowa-piankowa-mocna-biala-18mm-3m\\\/#primaryimage\"},\"thumbnailUrl\":\"https:\\\/\\\/racom.com.pl\\\/wp-content\\\/uploads\\\/2025\\\/07\\\/allegro_687d276d4469a7.12240123_00d7c36642a2bc6e6138127824bc.jpg\",\"datePublished\":\"2025-07-20T17:25:46+00:00\",\"breadcrumb\":{\"@id\":\"https:\\\/\\\/racom.com.pl\\\/index.php\\\/produkt\\\/tasma-dwustronna-samoprzylepna-montazowa-piankowa-mocna-biala-18mm-3m\\\/#breadcrumb\"},\"inLanguage\":\"pl-PL\",\"potentialAction\":[{\"@type\":\"ReadAction\",\"target\":[\"https:\\\/\\\/racom.com.pl\\\/index.php\\\/produkt\\\/tasma-dwustronna-samoprzylepna-montazowa-piankowa-mocna-biala-18mm-3m\\\/\"]}]},{\"@type\":\"ImageObject\",\"inLanguage\":\"pl-PL\",\"@id\":\"https:\\\/\\\/racom.com.pl\\\/index.php\\\/produkt\\\/tasma-dwustronna-samoprzylepna-montazowa-piankowa-mocna-biala-18mm-3m\\\/#primaryimage\",\"url\":\"https:\\\/\\\/racom.com.pl\\\/wp-content\\\/uploads\\\/2025\\\/07\\\/allegro_687d276d4469a7.12240123_00d7c36642a2bc6e6138127824bc.jpg\",\"contentUrl\":\"https:\\\/\\\/racom.com.pl\\\/wp-content\\\/uploads\\\/2025\\\/07\\\/allegro_687d276d4469a7.12240123_00d7c36642a2bc6e6138127824bc.jpg\",\"width\":2560,\"height\":2560},{\"@type\":\"BreadcrumbList\",\"@id\":\"https:\\\/\\\/racom.com.pl\\\/index.php\\\/produkt\\\/tasma-dwustronna-samoprzylepna-montazowa-piankowa-mocna-biala-18mm-3m\\\/#breadcrumb\",\"itemListElement\":[{\"@type\":\"ListItem\",\"position\":1,\"name\":\"Strona g\u0142\u00f3wna\",\"item\":\"https:\\\/\\\/racom.com.pl\\\/\"},{\"@type\":\"ListItem\",\"position\":2,\"name\":\"Sklep\",\"item\":\"https:\\\/\\\/racom.com.pl\\\/\"},{\"@type\":\"ListItem\",\"position\":3,\"name\":\"TA\u015aMA DWUSTRONNA Samoprzylepna MONTA\u017bOWA PIANKOWA MOCNA Bia\u0142a 18mm 3m\"}]},{\"@type\":\"WebSite\",\"@id\":\"https:\\\/\\\/racom.com.pl\\\/#website\",\"url\":\"https:\\\/\\\/racom.com.pl\\\/\",\"name\":\"Mix Market - Supermarket z wszystkim co potrzeba do domu i nie tylko\",\"description\":\"\",\"publisher\":{\"@id\":\"https:\\\/\\\/racom.com.pl\\\/#organization\"},\"potentialAction\":[{\"@type\":\"SearchAction\",\"target\":{\"@type\":\"EntryPoint\",\"urlTemplate\":\"https:\\\/\\\/racom.com.pl\\\/?s={search_term_string}\"},\"query-input\":{\"@type\":\"PropertyValueSpecification\",\"valueRequired\":true,\"valueName\":\"search_term_string\"}}],\"inLanguage\":\"pl-PL\"},{\"@type\":\"Organization\",\"@id\":\"https:\\\/\\\/racom.com.pl\\\/#organization\",\"name\":\"Mix Market - Supermarket z wszystkim co potrzeba do domu i nie tylko\",\"url\":\"https:\\\/\\\/racom.com.pl\\\/\",\"logo\":{\"@type\":\"ImageObject\",\"inLanguage\":\"pl-PL\",\"@id\":\"https:\\\/\\\/racom.com.pl\\\/#\\\/schema\\\/logo\\\/image\\\/\",\"url\":\"https:\\\/\\\/racom.com.pl\\\/wp-content\\\/uploads\\\/2025\\\/07\\\/mixmarket_logo.png\",\"contentUrl\":\"https:\\\/\\\/racom.com.pl\\\/wp-content\\\/uploads\\\/2025\\\/07\\\/mixmarket_logo.png\",\"width\":1024,\"height\":1024,\"caption\":\"Mix Market - Supermarket z wszystkim co potrzeba do domu i nie tylko\"},\"image\":{\"@id\":\"https:\\\/\\\/racom.com.pl\\\/#\\\/schema\\\/logo\\\/image\\\/\"}}]}<\/script>\n<!-- \/ Yoast SEO plugin. -->","yoast_head_json":{"title":"TA\u015aMA DWUSTRONNA Samoprzylepna MONTA\u017bOWA PIANKOWA MOCNA Bia\u0142a 18mm 3m - Mix Market - Supermarket z wszystkim co potrzeba","robots":{"index":"index","follow":"follow","max-snippet":"max-snippet:-1","max-image-preview":"max-image-preview:large","max-video-preview":"max-video-preview:-1"},"canonical":"https:\/\/racom.com.pl\/index.php\/produkt\/tasma-dwustronna-samoprzylepna-montazowa-piankowa-mocna-biala-18mm-3m\/","og_locale":"pl_PL","og_type":"article","og_title":"TA\u015aMA DWUSTRONNA Samoprzylepna MONTA\u017bOWA PIANKOWA MOCNA Bia\u0142a 18mm 3m - Mix Market - Supermarket z wszystkim co potrzeba","og_description":"TA\u015aMA DWUSTRONNA MONTA\u017bOWA PIANKOWA MOCNA 3m Remont to czasoch\u0142onne i cz\u0119sto kosztowne przedsi\u0119wzi\u0119cie. Na szcz\u0119\u015bcie istniej\u0105 \u0142atwiejsze sposoby na od\u015bwie\u017cenie i reorganizacj\u0119 przestrzeni. Jednym z nich jest u\u017cycie dwustronnej piankowej ta\u015bmy monta\u017cowej. Jest to doskona\u0142a alternatywa dla klasycznych ko\u0142k\u00f3w, gwo\u017adzi i pinezek.&nbsp;Obie strony ta\u015bmy s\u0105 u\u017cytkowe&nbsp;\u2013 posiadaj\u0105 warstw\u0119 mocnego kleju, co pozwala na niewidoczne \u0142\u0105czenie [&hellip;]","og_url":"https:\/\/racom.com.pl\/index.php\/produkt\/tasma-dwustronna-samoprzylepna-montazowa-piankowa-mocna-biala-18mm-3m\/","og_site_name":"Mix Market - Supermarket z wszystkim co potrzeba","og_image":[{"width":2560,"height":2560,"url":"https:\/\/racom.com.pl\/wp-content\/uploads\/2025\/07\/allegro_687d276d4469a7.12240123_00d7c36642a2bc6e6138127824bc.jpg","type":"image\/jpeg"}],"twitter_card":"summary_large_image","twitter_misc":{"Szacowany czas czytania":"1 minuta"},"schema":{"@context":"https:\/\/schema.org","@graph":[{"@type":"WebPage","@id":"https:\/\/racom.com.pl\/index.php\/produkt\/tasma-dwustronna-samoprzylepna-montazowa-piankowa-mocna-biala-18mm-3m\/","url":"https:\/\/racom.com.pl\/index.php\/produkt\/tasma-dwustronna-samoprzylepna-montazowa-piankowa-mocna-biala-18mm-3m\/","name":"TA\u015aMA DWUSTRONNA Samoprzylepna MONTA\u017bOWA PIANKOWA MOCNA Bia\u0142a 18mm 3m - Mix Market - Supermarket z wszystkim co potrzeba","isPartOf":{"@id":"https:\/\/racom.com.pl\/#website"},"primaryImageOfPage":{"@id":"https:\/\/racom.com.pl\/index.php\/produkt\/tasma-dwustronna-samoprzylepna-montazowa-piankowa-mocna-biala-18mm-3m\/#primaryimage"},"image":{"@id":"https:\/\/racom.com.pl\/index.php\/produkt\/tasma-dwustronna-samoprzylepna-montazowa-piankowa-mocna-biala-18mm-3m\/#primaryimage"},"thumbnailUrl":"https:\/\/racom.com.pl\/wp-content\/uploads\/2025\/07\/allegro_687d276d4469a7.12240123_00d7c36642a2bc6e6138127824bc.jpg","datePublished":"2025-07-20T17:25:46+00:00","breadcrumb":{"@id":"https:\/\/racom.com.pl\/index.php\/produkt\/tasma-dwustronna-samoprzylepna-montazowa-piankowa-mocna-biala-18mm-3m\/#breadcrumb"},"inLanguage":"pl-PL","potentialAction":[{"@type":"ReadAction","target":["https:\/\/racom.com.pl\/index.php\/produkt\/tasma-dwustronna-samoprzylepna-montazowa-piankowa-mocna-biala-18mm-3m\/"]}]},{"@type":"ImageObject","inLanguage":"pl-PL","@id":"https:\/\/racom.com.pl\/index.php\/produkt\/tasma-dwustronna-samoprzylepna-montazowa-piankowa-mocna-biala-18mm-3m\/#primaryimage","url":"https:\/\/racom.com.pl\/wp-content\/uploads\/2025\/07\/allegro_687d276d4469a7.12240123_00d7c36642a2bc6e6138127824bc.jpg","contentUrl":"https:\/\/racom.com.pl\/wp-content\/uploads\/2025\/07\/allegro_687d276d4469a7.12240123_00d7c36642a2bc6e6138127824bc.jpg","width":2560,"height":2560},{"@type":"BreadcrumbList","@id":"https:\/\/racom.com.pl\/index.php\/produkt\/tasma-dwustronna-samoprzylepna-montazowa-piankowa-mocna-biala-18mm-3m\/#breadcrumb","itemListElement":[{"@type":"ListItem","position":1,"name":"Strona g\u0142\u00f3wna","item":"https:\/\/racom.com.pl\/"},{"@type":"ListItem","position":2,"name":"Sklep","item":"https:\/\/racom.com.pl\/"},{"@type":"ListItem","position":3,"name":"TA\u015aMA DWUSTRONNA Samoprzylepna MONTA\u017bOWA PIANKOWA MOCNA Bia\u0142a 18mm 3m"}]},{"@type":"WebSite","@id":"https:\/\/racom.com.pl\/#website","url":"https:\/\/racom.com.pl\/","name":"Mix Market - Supermarket z wszystkim co potrzeba do domu i nie tylko","description":"","publisher":{"@id":"https:\/\/racom.com.pl\/#organization"},"potentialAction":[{"@type":"SearchAction","target":{"@type":"EntryPoint","urlTemplate":"https:\/\/racom.com.pl\/?s={search_term_string}"},"query-input":{"@type":"PropertyValueSpecification","valueRequired":true,"valueName":"search_term_string"}}],"inLanguage":"pl-PL"},{"@type":"Organization","@id":"https:\/\/racom.com.pl\/#organization","name":"Mix Market - Supermarket z wszystkim co potrzeba do domu i nie tylko","url":"https:\/\/racom.com.pl\/","logo":{"@type":"ImageObject","inLanguage":"pl-PL","@id":"https:\/\/racom.com.pl\/#\/schema\/logo\/image\/","url":"https:\/\/racom.com.pl\/wp-content\/uploads\/2025\/07\/mixmarket_logo.png","contentUrl":"https:\/\/racom.com.pl\/wp-content\/uploads\/2025\/07\/mixmarket_logo.png","width":1024,"height":1024,"caption":"Mix Market - Supermarket z wszystkim co potrzeba do domu i nie tylko"},"image":{"@id":"https:\/\/racom.com.pl\/#\/schema\/logo\/image\/"}}]}},"_links":{"self":[{"href":"https:\/\/racom.com.pl\/index.php\/wp-json\/wp\/v2\/product\/3753","targetHints":{"allow":["GET"]}}],"collection":[{"href":"https:\/\/racom.com.pl\/index.php\/wp-json\/wp\/v2\/product"}],"about":[{"href":"https:\/\/racom.com.pl\/index.php\/wp-json\/wp\/v2\/types\/product"}],"replies":[{"embeddable":true,"href":"https:\/\/racom.com.pl\/index.php\/wp-json\/wp\/v2\/comments?post=3753"}],"wp:featuredmedia":[{"embeddable":true,"href":"https:\/\/racom.com.pl\/index.php\/wp-json\/wp\/v2\/media\/3763"}],"wp:attachment":[{"href":"https:\/\/racom.com.pl\/index.php\/wp-json\/wp\/v2\/media?parent=3753"}],"wp:term":[{"taxonomy":"product_brand","embeddable":true,"href":"https:\/\/racom.com.pl\/index.php\/wp-json\/wp\/v2\/product_brand?post=3753"},{"taxonomy":"product_cat","embeddable":true,"href":"https:\/\/racom.com.pl\/index.php\/wp-json\/wp\/v2\/product_cat?post=3753"},{"taxonomy":"product_tag","embeddable":true,"href":"https:\/\/racom.com.pl\/index.php\/wp-json\/wp\/v2\/product_tag?post=3753"}],"curies":[{"name":"wp","href":"https:\/\/api.w.org\/{rel}","templated":true}]}}