{"id":3764,"date":"2025-07-20T19:29:41","date_gmt":"2025-07-20T17:29:41","guid":{"rendered":"http:\/\/192.168.2.106\/index.php\/produkt\/duze-kolo-kolko-transportowe-stale-wozka-szafki-narzedziowej-stolika-75mm\/"},"modified":"2025-07-20T19:29:41","modified_gmt":"2025-07-20T17:29:41","slug":"duze-kolo-kolko-transportowe-stale-wozka-szafki-narzedziowej-stolika-75mm","status":"publish","type":"product","link":"https:\/\/racom.com.pl\/index.php\/produkt\/duze-kolo-kolko-transportowe-stale-wozka-szafki-narzedziowej-stolika-75mm\/","title":{"rendered":"Du\u017ce Ko\u0142o k\u00f3\u0142ko transportowe STA\u0141E w\u00f3zka SZAFKI NARZ\u0118DZIOWEJ Stolika 75mm"},"content":{"rendered":"<h2>Ko\u0142o sta\u0142e do w\u00f3zka 3&#8243; VERGIONIC<\/h2>\n<p><b>Ko\u0142o sta\u0142e<\/b> jest znajduje zastosowanie w wielu dziedzinach \u017cycia &#8211; od przemys\u0142u, po codzienne u\u017cytkowanie w gospodarstwach domowych. Jego w\u0142a\u015bciwo\u015bci, takie jak stabilno\u015b\u0107, wytrzyma\u0142o\u015b\u0107 i \u0142atwo\u015b\u0107 monta\u017cu, sprawiaj\u0105, \u017ce jest niezb\u0119dnym elementem w wielu r\u00f3\u017cnych urz\u0105dzeniach i konstrukcjach.<\/p>\n<p><b>Specyfikacja:<\/b><\/p>\n<ul>\n<li>Materia\u0142: guma + \u017celazo<\/li>\n<li>Maks. obci\u0105\u017cenie: 50 kg<\/li>\n<li>\u015arednica: 75 mm \/ 3&#8243;<\/li>\n<li>Szeroko\u015b\u0107 ko\u0142a: 20 mm<\/li>\n<li>Szeroko\u015b\u0107 osi: 50 mm<\/li>\n<li>Wymiary: 6,5 x 8 cm<\/li>\n<li>Wysoko\u015b\u0107 ca\u0142kowita: 10 cm<\/li>\n<\/ul>\n<p>Ko\u0142o wyposa\u017cone jest w mocowanie<b> 4-\u015brubowe,<\/b> co gwarantuje znacznie wy\u017csze bezpiecze\u0144stwo i stabilno\u015b\u0107 w\u00f3zka, nawet podczas u\u017cytkowania w trudnych warunkach lub przy transporcie ci\u0119\u017cszych \u0142adunk\u00f3w. Konstrukcja opiera si\u0119 na solidnym \u017celaznym korpusie, kt\u00f3ry zapewnia trwa\u0142o\u015b\u0107 i odporno\u015b\u0107 na obci\u0105\u017cenia. Opona ko\u0142a, wykonana z elastycznej gumy, zapewnia doskona\u0142\u0105 trakcj\u0119 i absorbuje wstrz\u0105sy, co sprawia, \u017ce poruszanie si\u0119 jest p\u0142ynne i bezpieczne na r\u00f3\u017cnorodnych powierzchniach. <b>Ko\u0142o<\/b> zosta\u0142o zaprojektowane do \u0142atwej wymiany, co znacznie u\u0142atwia obs\u0142ug\u0119 i konserwacj\u0119 w\u00f3zka. Jego uniwersalny rozmiar &#8211; \u015brednica 75 mm, i szeroko\u015b\u0107 osi wynosz\u0105ca 50 mm &#8211; sprawia, \u017ce pasuje do r\u00f3\u017cnych modeli w\u00f3zk\u00f3w magazynowych, meblowych czy sklepowych. Dzi\u0119ki solidnej konstrukcji z \u017celaza i elastycznej gumy, ko\u0142o sta\u0142e idealnie nadaje si\u0119 do zastosowa\u0144 zar\u00f3wno wewn\u0105trz, jak i na zewn\u0105trz. Doskona\u0142e dopasowanie do r\u00f3\u017cnych powierzchni sprawia, \u017ce to ko\u0142o jest nieocenionym partnerem w codziennej pracy. <b>Ko\u0142o obrotowe&nbsp;charakteryzuje si\u0119:<\/b><\/p>\n<ul>\n<li>Cichym i p\u0142ynnym dzia\u0142aniem<\/li>\n<li>Mocowaniem 4 \u015brubowym, co znacznie podwy\u017cszy bezpiecze\u0144stwo i stabilno\u015b\u0107 w\u00f3zka<\/li>\n<li>Obudow\u0105 wykonan\u0105 z wytrzyma\u0142ego \u017celaza oraz gum\u0105 wykorzystan\u0105 do opony ko\u0142a, kt\u00f3ra jest wytrzyma\u0142a i elastyczna<\/li>\n<li>Szybk\u0105 i prost\u0105 wymian\u0105<\/li>\n<\/ul>\n","protected":false},"excerpt":{"rendered":"<p>Ko\u0142o sta\u0142e do w\u00f3zka 3&#8243; VERGIONIC Ko\u0142o sta\u0142e jest znajduje zastosowanie w wielu dziedzinach \u017cycia &#8211; od przemys\u0142u, po codzienne u\u017cytkowanie w gospodarstwach domowych. Jego w\u0142a\u015bciwo\u015bci, takie jak stabilno\u015b\u0107, wytrzyma\u0142o\u015b\u0107 i \u0142atwo\u015b\u0107 monta\u017cu, sprawiaj\u0105, \u017ce jest niezb\u0119dnym elementem w wielu r\u00f3\u017cnych urz\u0105dzeniach i konstrukcjach. Specyfikacja: Materia\u0142: guma + \u017celazo Maks. obci\u0105\u017cenie: 50 kg \u015arednica: 75 [&hellip;]<\/p>\n","protected":false},"featured_media":3771,"comment_status":"open","ping_status":"closed","template":"","meta":[],"product_brand":[84],"product_cat":[286],"product_tag":[],"class_list":{"0":"post-3764","1":"product","2":"type-product","3":"status-publish","4":"has-post-thumbnail","6":"product_brand-vergionic","7":"product_cat-sklep-i-magazyn","9":"first","10":"instock","11":"taxable","12":"shipping-taxable","13":"purchasable","14":"product-type-simple"},"yoast_head":"<!-- This site is optimized with the Yoast SEO plugin v27.3 - https:\/\/yoast.com\/product\/yoast-seo-wordpress\/ -->\n<title>Du\u017ce Ko\u0142o k\u00f3\u0142ko transportowe STA\u0141E w\u00f3zka SZAFKI NARZ\u0118DZIOWEJ Stolika 75mm - Mix Market - Supermarket z wszystkim co potrzeba<\/title>\n<meta name=\"robots\" content=\"index, follow, max-snippet:-1, max-image-preview:large, max-video-preview:-1\" \/>\n<link rel=\"canonical\" href=\"https:\/\/racom.com.pl\/index.php\/produkt\/duze-kolo-kolko-transportowe-stale-wozka-szafki-narzedziowej-stolika-75mm\/\" \/>\n<meta property=\"og:locale\" content=\"pl_PL\" \/>\n<meta property=\"og:type\" content=\"article\" \/>\n<meta property=\"og:title\" content=\"Du\u017ce Ko\u0142o k\u00f3\u0142ko transportowe STA\u0141E w\u00f3zka SZAFKI NARZ\u0118DZIOWEJ Stolika 75mm - Mix Market - Supermarket z wszystkim co potrzeba\" \/>\n<meta property=\"og:description\" content=\"Ko\u0142o sta\u0142e do w\u00f3zka 3&#8243; VERGIONIC Ko\u0142o sta\u0142e jest znajduje zastosowanie w wielu dziedzinach \u017cycia &#8211; od przemys\u0142u, po codzienne u\u017cytkowanie w gospodarstwach domowych. Jego w\u0142a\u015bciwo\u015bci, takie jak stabilno\u015b\u0107, wytrzyma\u0142o\u015b\u0107 i \u0142atwo\u015b\u0107 monta\u017cu, sprawiaj\u0105, \u017ce jest niezb\u0119dnym elementem w wielu r\u00f3\u017cnych urz\u0105dzeniach i konstrukcjach. Specyfikacja: Materia\u0142: guma + \u017celazo Maks. obci\u0105\u017cenie: 50 kg \u015arednica: 75 [&hellip;]\" \/>\n<meta property=\"og:url\" content=\"https:\/\/racom.com.pl\/index.php\/produkt\/duze-kolo-kolko-transportowe-stale-wozka-szafki-narzedziowej-stolika-75mm\/\" \/>\n<meta property=\"og:site_name\" content=\"Mix Market - Supermarket z wszystkim co potrzeba\" \/>\n<meta property=\"og:image\" content=\"https:\/\/racom.com.pl\/wp-content\/uploads\/2025\/07\/allegro_687d28473b0718.53840538_996bdd9d4de7b5aa165463543522.jpg\" \/>\n\t<meta property=\"og:image:width\" content=\"2560\" \/>\n\t<meta property=\"og:image:height\" content=\"2560\" \/>\n\t<meta property=\"og:image:type\" content=\"image\/jpeg\" \/>\n<meta name=\"twitter:card\" content=\"summary_large_image\" \/>\n<meta name=\"twitter:label1\" content=\"Szacowany czas czytania\" \/>\n\t<meta name=\"twitter:data1\" content=\"1 minuta\" \/>\n<script type=\"application\/ld+json\" class=\"yoast-schema-graph\">{\"@context\":\"https:\\\/\\\/schema.org\",\"@graph\":[{\"@type\":\"WebPage\",\"@id\":\"https:\\\/\\\/racom.com.pl\\\/index.php\\\/produkt\\\/duze-kolo-kolko-transportowe-stale-wozka-szafki-narzedziowej-stolika-75mm\\\/\",\"url\":\"https:\\\/\\\/racom.com.pl\\\/index.php\\\/produkt\\\/duze-kolo-kolko-transportowe-stale-wozka-szafki-narzedziowej-stolika-75mm\\\/\",\"name\":\"Du\u017ce Ko\u0142o k\u00f3\u0142ko transportowe STA\u0141E w\u00f3zka SZAFKI NARZ\u0118DZIOWEJ Stolika 75mm - Mix Market - Supermarket z wszystkim co potrzeba\",\"isPartOf\":{\"@id\":\"https:\\\/\\\/racom.com.pl\\\/#website\"},\"primaryImageOfPage\":{\"@id\":\"https:\\\/\\\/racom.com.pl\\\/index.php\\\/produkt\\\/duze-kolo-kolko-transportowe-stale-wozka-szafki-narzedziowej-stolika-75mm\\\/#primaryimage\"},\"image\":{\"@id\":\"https:\\\/\\\/racom.com.pl\\\/index.php\\\/produkt\\\/duze-kolo-kolko-transportowe-stale-wozka-szafki-narzedziowej-stolika-75mm\\\/#primaryimage\"},\"thumbnailUrl\":\"https:\\\/\\\/racom.com.pl\\\/wp-content\\\/uploads\\\/2025\\\/07\\\/allegro_687d28473b0718.53840538_996bdd9d4de7b5aa165463543522.jpg\",\"datePublished\":\"2025-07-20T17:29:41+00:00\",\"breadcrumb\":{\"@id\":\"https:\\\/\\\/racom.com.pl\\\/index.php\\\/produkt\\\/duze-kolo-kolko-transportowe-stale-wozka-szafki-narzedziowej-stolika-75mm\\\/#breadcrumb\"},\"inLanguage\":\"pl-PL\",\"potentialAction\":[{\"@type\":\"ReadAction\",\"target\":[\"https:\\\/\\\/racom.com.pl\\\/index.php\\\/produkt\\\/duze-kolo-kolko-transportowe-stale-wozka-szafki-narzedziowej-stolika-75mm\\\/\"]}]},{\"@type\":\"ImageObject\",\"inLanguage\":\"pl-PL\",\"@id\":\"https:\\\/\\\/racom.com.pl\\\/index.php\\\/produkt\\\/duze-kolo-kolko-transportowe-stale-wozka-szafki-narzedziowej-stolika-75mm\\\/#primaryimage\",\"url\":\"https:\\\/\\\/racom.com.pl\\\/wp-content\\\/uploads\\\/2025\\\/07\\\/allegro_687d28473b0718.53840538_996bdd9d4de7b5aa165463543522.jpg\",\"contentUrl\":\"https:\\\/\\\/racom.com.pl\\\/wp-content\\\/uploads\\\/2025\\\/07\\\/allegro_687d28473b0718.53840538_996bdd9d4de7b5aa165463543522.jpg\",\"width\":2560,\"height\":2560},{\"@type\":\"BreadcrumbList\",\"@id\":\"https:\\\/\\\/racom.com.pl\\\/index.php\\\/produkt\\\/duze-kolo-kolko-transportowe-stale-wozka-szafki-narzedziowej-stolika-75mm\\\/#breadcrumb\",\"itemListElement\":[{\"@type\":\"ListItem\",\"position\":1,\"name\":\"Strona g\u0142\u00f3wna\",\"item\":\"https:\\\/\\\/racom.com.pl\\\/\"},{\"@type\":\"ListItem\",\"position\":2,\"name\":\"Sklep\",\"item\":\"https:\\\/\\\/racom.com.pl\\\/\"},{\"@type\":\"ListItem\",\"position\":3,\"name\":\"Du\u017ce Ko\u0142o k\u00f3\u0142ko transportowe STA\u0141E w\u00f3zka SZAFKI NARZ\u0118DZIOWEJ Stolika 75mm\"}]},{\"@type\":\"WebSite\",\"@id\":\"https:\\\/\\\/racom.com.pl\\\/#website\",\"url\":\"https:\\\/\\\/racom.com.pl\\\/\",\"name\":\"Mix Market - Supermarket z wszystkim co potrzeba do domu i nie tylko\",\"description\":\"\",\"publisher\":{\"@id\":\"https:\\\/\\\/racom.com.pl\\\/#organization\"},\"potentialAction\":[{\"@type\":\"SearchAction\",\"target\":{\"@type\":\"EntryPoint\",\"urlTemplate\":\"https:\\\/\\\/racom.com.pl\\\/?s={search_term_string}\"},\"query-input\":{\"@type\":\"PropertyValueSpecification\",\"valueRequired\":true,\"valueName\":\"search_term_string\"}}],\"inLanguage\":\"pl-PL\"},{\"@type\":\"Organization\",\"@id\":\"https:\\\/\\\/racom.com.pl\\\/#organization\",\"name\":\"Mix Market - Supermarket z wszystkim co potrzeba do domu i nie tylko\",\"url\":\"https:\\\/\\\/racom.com.pl\\\/\",\"logo\":{\"@type\":\"ImageObject\",\"inLanguage\":\"pl-PL\",\"@id\":\"https:\\\/\\\/racom.com.pl\\\/#\\\/schema\\\/logo\\\/image\\\/\",\"url\":\"https:\\\/\\\/racom.com.pl\\\/wp-content\\\/uploads\\\/2025\\\/07\\\/mixmarket_logo.png\",\"contentUrl\":\"https:\\\/\\\/racom.com.pl\\\/wp-content\\\/uploads\\\/2025\\\/07\\\/mixmarket_logo.png\",\"width\":1024,\"height\":1024,\"caption\":\"Mix Market - Supermarket z wszystkim co potrzeba do domu i nie tylko\"},\"image\":{\"@id\":\"https:\\\/\\\/racom.com.pl\\\/#\\\/schema\\\/logo\\\/image\\\/\"}}]}<\/script>\n<!-- \/ Yoast SEO plugin. -->","yoast_head_json":{"title":"Du\u017ce Ko\u0142o k\u00f3\u0142ko transportowe STA\u0141E w\u00f3zka SZAFKI NARZ\u0118DZIOWEJ Stolika 75mm - Mix Market - Supermarket z wszystkim co potrzeba","robots":{"index":"index","follow":"follow","max-snippet":"max-snippet:-1","max-image-preview":"max-image-preview:large","max-video-preview":"max-video-preview:-1"},"canonical":"https:\/\/racom.com.pl\/index.php\/produkt\/duze-kolo-kolko-transportowe-stale-wozka-szafki-narzedziowej-stolika-75mm\/","og_locale":"pl_PL","og_type":"article","og_title":"Du\u017ce Ko\u0142o k\u00f3\u0142ko transportowe STA\u0141E w\u00f3zka SZAFKI NARZ\u0118DZIOWEJ Stolika 75mm - Mix Market - Supermarket z wszystkim co potrzeba","og_description":"Ko\u0142o sta\u0142e do w\u00f3zka 3&#8243; VERGIONIC Ko\u0142o sta\u0142e jest znajduje zastosowanie w wielu dziedzinach \u017cycia &#8211; od przemys\u0142u, po codzienne u\u017cytkowanie w gospodarstwach domowych. Jego w\u0142a\u015bciwo\u015bci, takie jak stabilno\u015b\u0107, wytrzyma\u0142o\u015b\u0107 i \u0142atwo\u015b\u0107 monta\u017cu, sprawiaj\u0105, \u017ce jest niezb\u0119dnym elementem w wielu r\u00f3\u017cnych urz\u0105dzeniach i konstrukcjach. Specyfikacja: Materia\u0142: guma + \u017celazo Maks. obci\u0105\u017cenie: 50 kg \u015arednica: 75 [&hellip;]","og_url":"https:\/\/racom.com.pl\/index.php\/produkt\/duze-kolo-kolko-transportowe-stale-wozka-szafki-narzedziowej-stolika-75mm\/","og_site_name":"Mix Market - Supermarket z wszystkim co potrzeba","og_image":[{"width":2560,"height":2560,"url":"https:\/\/racom.com.pl\/wp-content\/uploads\/2025\/07\/allegro_687d28473b0718.53840538_996bdd9d4de7b5aa165463543522.jpg","type":"image\/jpeg"}],"twitter_card":"summary_large_image","twitter_misc":{"Szacowany czas czytania":"1 minuta"},"schema":{"@context":"https:\/\/schema.org","@graph":[{"@type":"WebPage","@id":"https:\/\/racom.com.pl\/index.php\/produkt\/duze-kolo-kolko-transportowe-stale-wozka-szafki-narzedziowej-stolika-75mm\/","url":"https:\/\/racom.com.pl\/index.php\/produkt\/duze-kolo-kolko-transportowe-stale-wozka-szafki-narzedziowej-stolika-75mm\/","name":"Du\u017ce Ko\u0142o k\u00f3\u0142ko transportowe STA\u0141E w\u00f3zka SZAFKI NARZ\u0118DZIOWEJ Stolika 75mm - Mix Market - Supermarket z wszystkim co potrzeba","isPartOf":{"@id":"https:\/\/racom.com.pl\/#website"},"primaryImageOfPage":{"@id":"https:\/\/racom.com.pl\/index.php\/produkt\/duze-kolo-kolko-transportowe-stale-wozka-szafki-narzedziowej-stolika-75mm\/#primaryimage"},"image":{"@id":"https:\/\/racom.com.pl\/index.php\/produkt\/duze-kolo-kolko-transportowe-stale-wozka-szafki-narzedziowej-stolika-75mm\/#primaryimage"},"thumbnailUrl":"https:\/\/racom.com.pl\/wp-content\/uploads\/2025\/07\/allegro_687d28473b0718.53840538_996bdd9d4de7b5aa165463543522.jpg","datePublished":"2025-07-20T17:29:41+00:00","breadcrumb":{"@id":"https:\/\/racom.com.pl\/index.php\/produkt\/duze-kolo-kolko-transportowe-stale-wozka-szafki-narzedziowej-stolika-75mm\/#breadcrumb"},"inLanguage":"pl-PL","potentialAction":[{"@type":"ReadAction","target":["https:\/\/racom.com.pl\/index.php\/produkt\/duze-kolo-kolko-transportowe-stale-wozka-szafki-narzedziowej-stolika-75mm\/"]}]},{"@type":"ImageObject","inLanguage":"pl-PL","@id":"https:\/\/racom.com.pl\/index.php\/produkt\/duze-kolo-kolko-transportowe-stale-wozka-szafki-narzedziowej-stolika-75mm\/#primaryimage","url":"https:\/\/racom.com.pl\/wp-content\/uploads\/2025\/07\/allegro_687d28473b0718.53840538_996bdd9d4de7b5aa165463543522.jpg","contentUrl":"https:\/\/racom.com.pl\/wp-content\/uploads\/2025\/07\/allegro_687d28473b0718.53840538_996bdd9d4de7b5aa165463543522.jpg","width":2560,"height":2560},{"@type":"BreadcrumbList","@id":"https:\/\/racom.com.pl\/index.php\/produkt\/duze-kolo-kolko-transportowe-stale-wozka-szafki-narzedziowej-stolika-75mm\/#breadcrumb","itemListElement":[{"@type":"ListItem","position":1,"name":"Strona g\u0142\u00f3wna","item":"https:\/\/racom.com.pl\/"},{"@type":"ListItem","position":2,"name":"Sklep","item":"https:\/\/racom.com.pl\/"},{"@type":"ListItem","position":3,"name":"Du\u017ce Ko\u0142o k\u00f3\u0142ko transportowe STA\u0141E w\u00f3zka SZAFKI NARZ\u0118DZIOWEJ Stolika 75mm"}]},{"@type":"WebSite","@id":"https:\/\/racom.com.pl\/#website","url":"https:\/\/racom.com.pl\/","name":"Mix Market - Supermarket z wszystkim co potrzeba do domu i nie tylko","description":"","publisher":{"@id":"https:\/\/racom.com.pl\/#organization"},"potentialAction":[{"@type":"SearchAction","target":{"@type":"EntryPoint","urlTemplate":"https:\/\/racom.com.pl\/?s={search_term_string}"},"query-input":{"@type":"PropertyValueSpecification","valueRequired":true,"valueName":"search_term_string"}}],"inLanguage":"pl-PL"},{"@type":"Organization","@id":"https:\/\/racom.com.pl\/#organization","name":"Mix Market - Supermarket z wszystkim co potrzeba do domu i nie tylko","url":"https:\/\/racom.com.pl\/","logo":{"@type":"ImageObject","inLanguage":"pl-PL","@id":"https:\/\/racom.com.pl\/#\/schema\/logo\/image\/","url":"https:\/\/racom.com.pl\/wp-content\/uploads\/2025\/07\/mixmarket_logo.png","contentUrl":"https:\/\/racom.com.pl\/wp-content\/uploads\/2025\/07\/mixmarket_logo.png","width":1024,"height":1024,"caption":"Mix Market - Supermarket z wszystkim co potrzeba do domu i nie tylko"},"image":{"@id":"https:\/\/racom.com.pl\/#\/schema\/logo\/image\/"}}]}},"_links":{"self":[{"href":"https:\/\/racom.com.pl\/index.php\/wp-json\/wp\/v2\/product\/3764","targetHints":{"allow":["GET"]}}],"collection":[{"href":"https:\/\/racom.com.pl\/index.php\/wp-json\/wp\/v2\/product"}],"about":[{"href":"https:\/\/racom.com.pl\/index.php\/wp-json\/wp\/v2\/types\/product"}],"replies":[{"embeddable":true,"href":"https:\/\/racom.com.pl\/index.php\/wp-json\/wp\/v2\/comments?post=3764"}],"wp:featuredmedia":[{"embeddable":true,"href":"https:\/\/racom.com.pl\/index.php\/wp-json\/wp\/v2\/media\/3771"}],"wp:attachment":[{"href":"https:\/\/racom.com.pl\/index.php\/wp-json\/wp\/v2\/media?parent=3764"}],"wp:term":[{"taxonomy":"product_brand","embeddable":true,"href":"https:\/\/racom.com.pl\/index.php\/wp-json\/wp\/v2\/product_brand?post=3764"},{"taxonomy":"product_cat","embeddable":true,"href":"https:\/\/racom.com.pl\/index.php\/wp-json\/wp\/v2\/product_cat?post=3764"},{"taxonomy":"product_tag","embeddable":true,"href":"https:\/\/racom.com.pl\/index.php\/wp-json\/wp\/v2\/product_tag?post=3764"}],"curies":[{"name":"wp","href":"https:\/\/api.w.org\/{rel}","templated":true}]}}