{"id":3772,"date":"2025-07-20T19:33:17","date_gmt":"2025-07-20T17:33:17","guid":{"rendered":"http:\/\/192.168.2.106\/index.php\/produkt\/kolo-obrotowe-kolko-do-wozka-walizki-szafki-narzedziowej-stolika-40mm-4szt\/"},"modified":"2025-07-20T19:33:17","modified_gmt":"2025-07-20T17:33:17","slug":"kolo-obrotowe-kolko-do-wozka-walizki-szafki-narzedziowej-stolika-40mm-4szt","status":"publish","type":"product","link":"https:\/\/racom.com.pl\/index.php\/produkt\/kolo-obrotowe-kolko-do-wozka-walizki-szafki-narzedziowej-stolika-40mm-4szt\/","title":{"rendered":"Ko\u0142o obrotowe k\u00f3\u0142ko do W\u00d3ZKA WALIZKI Szafki Narz\u0119dziowej Stolika 40mm 4szt."},"content":{"rendered":"<h2>Ko\u0142o obrotowe do w\u00f3zka 1,5&#8221; 4 szt. VERGIONIC<\/h2>\n<ul>\n<li>Wysoko\u015b\u0107 ca\u0142kowita: 52 mm<\/li>\n<li>\u015arednica ko\u0142a: 40mm<\/li>\n<li>Rozmiar: 1,5&#8221;<\/li>\n<li>Szeroko\u015b\u0107 ko\u0142a: 15 mm<\/li>\n<li>Rozstaw otwor\u00f3w monta\u017cowych: 30 x 37 mm<\/li>\n<li>Materia\u0142: guma, \u017celazo<\/li>\n<li>W opakowaniu: 4 szt.<\/li>\n<\/ul>\n<p><b>Ko\u0142a obrotowe<\/b> to nieocenione akcesorium do r\u00f3\u017cnego rodzaju w\u00f3zk\u00f3w, mebli czy innych urz\u0105dze\u0144, kt\u00f3re wymagaj\u0105 \u0142atwego i p\u0142ynnego przemieszczania si\u0119. Dzi\u0119ki solidnej konstrukcji i wysokiej jako\u015bci materia\u0142om, k\u00f3\u0142ka s\u0105 nie tylko trwa\u0142e, ale tak\u017ce wyj\u0105tkowo funkcjonalne.<\/p>\n<p>Zestaw sk\u0142ada si\u0119 z <b>4 k\u00f3\u0142ek<\/b>, co zapewnia r\u00f3wnomierne roz\u0142o\u017cenie ci\u0119\u017caru oraz stabilno\u015b\u0107 podczas przemieszczania si\u0119. Uniwersalny <b>rozmiar 1,5&#8221;<\/b> sprawia, \u017ce s\u0105 one idealne do r\u00f3\u017cnych zastosowa\u0144, zar\u00f3wno wewn\u0105trz, jak i na zewn\u0105trz. Wykonane zosta\u0142y z trwa\u0142ej gumy i \u017celaza, dzi\u0119ki czemu s\u0105 odporne na \u015bcieranie, uderzenia i uszkodzenia mechaniczne, co zapewnia d\u0142ugotrwa\u0142\u0105 i niezawodn\u0105 prac\u0119 przez wiele lat. Dodatkowo, solidna konstrukcja gwarantuje stabilno\u015b\u0107 i p\u0142ynne poruszanie si\u0119 nawet przy du\u017cych obci\u0105\u017ceniach. Rozstaw \u015brub mocuj\u0105cych oraz wysoko\u015b\u0107 k\u00f3\u0142ka z mocowaniem mo\u017cna dostosowa\u0107 do indywidualnych potrzeb, co czyni je bardzo uniwersalnymi. Ko\u0142a obrotowe o rozmiarze 1,5&#8221; s\u0105 idealnym rozwi\u0105zaniem do transportu, przemieszczania si\u0119 oraz manewrowania r\u00f3\u017cnorodnymi w\u00f3zkami, meblami czy urz\u0105dzeniami. Ich <b>solidna konstrukcja<\/b>, wysokiej jako\u015bci materia\u0142y oraz funkcjonalne w\u0142a\u015bciwo\u015bci sprawiaj\u0105, \u017ce s\u0105 one niezb\u0119dnym elementem wyposa\u017cenia zar\u00f3wno w domu, jak i w miejscu pracy. Dzi\u0119ki nim przemieszczanie si\u0119 nawet du\u017cych i ci\u0119\u017ckich przedmiot\u00f3w staje si\u0119 \u0142atwe i wygodne.<\/p>\n","protected":false},"excerpt":{"rendered":"<p>Ko\u0142o obrotowe do w\u00f3zka 1,5&#8221; 4 szt. VERGIONIC Wysoko\u015b\u0107 ca\u0142kowita: 52 mm \u015arednica ko\u0142a: 40mm Rozmiar: 1,5&#8221; Szeroko\u015b\u0107 ko\u0142a: 15 mm Rozstaw otwor\u00f3w monta\u017cowych: 30 x 37 mm Materia\u0142: guma, \u017celazo W opakowaniu: 4 szt. Ko\u0142a obrotowe to nieocenione akcesorium do r\u00f3\u017cnego rodzaju w\u00f3zk\u00f3w, mebli czy innych urz\u0105dze\u0144, kt\u00f3re wymagaj\u0105 \u0142atwego i p\u0142ynnego przemieszczania si\u0119. [&hellip;]<\/p>\n","protected":false},"featured_media":3778,"comment_status":"open","ping_status":"closed","template":"","meta":[],"product_brand":[],"product_cat":[286],"product_tag":[],"class_list":{"0":"post-3772","1":"product","2":"type-product","3":"status-publish","4":"has-post-thumbnail","6":"product_cat-sklep-i-magazyn","8":"first","9":"instock","10":"taxable","11":"shipping-taxable","12":"purchasable","13":"product-type-simple"},"yoast_head":"<!-- This site is optimized with the Yoast SEO plugin v27.3 - https:\/\/yoast.com\/product\/yoast-seo-wordpress\/ -->\n<title>Ko\u0142o obrotowe k\u00f3\u0142ko do W\u00d3ZKA WALIZKI Szafki Narz\u0119dziowej Stolika 40mm 4szt. - Mix Market - Supermarket z wszystkim co potrzeba<\/title>\n<meta name=\"robots\" content=\"index, follow, max-snippet:-1, max-image-preview:large, max-video-preview:-1\" \/>\n<link rel=\"canonical\" href=\"https:\/\/racom.com.pl\/index.php\/produkt\/kolo-obrotowe-kolko-do-wozka-walizki-szafki-narzedziowej-stolika-40mm-4szt\/\" \/>\n<meta property=\"og:locale\" content=\"pl_PL\" \/>\n<meta property=\"og:type\" content=\"article\" \/>\n<meta property=\"og:title\" content=\"Ko\u0142o obrotowe k\u00f3\u0142ko do W\u00d3ZKA WALIZKI Szafki Narz\u0119dziowej Stolika 40mm 4szt. - Mix Market - Supermarket z wszystkim co potrzeba\" \/>\n<meta property=\"og:description\" content=\"Ko\u0142o obrotowe do w\u00f3zka 1,5&#8221; 4 szt. VERGIONIC Wysoko\u015b\u0107 ca\u0142kowita: 52 mm \u015arednica ko\u0142a: 40mm Rozmiar: 1,5&#8221; Szeroko\u015b\u0107 ko\u0142a: 15 mm Rozstaw otwor\u00f3w monta\u017cowych: 30 x 37 mm Materia\u0142: guma, \u017celazo W opakowaniu: 4 szt. Ko\u0142a obrotowe to nieocenione akcesorium do r\u00f3\u017cnego rodzaju w\u00f3zk\u00f3w, mebli czy innych urz\u0105dze\u0144, kt\u00f3re wymagaj\u0105 \u0142atwego i p\u0142ynnego przemieszczania si\u0119. [&hellip;]\" \/>\n<meta property=\"og:url\" content=\"https:\/\/racom.com.pl\/index.php\/produkt\/kolo-obrotowe-kolko-do-wozka-walizki-szafki-narzedziowej-stolika-40mm-4szt\/\" \/>\n<meta property=\"og:site_name\" content=\"Mix Market - Supermarket z wszystkim co potrzeba\" \/>\n<meta property=\"og:image\" content=\"https:\/\/racom.com.pl\/wp-content\/uploads\/2025\/07\/allegro_687d28bf24b467.53273143_2a365eeb497299c2f057ae63ef20.jpg\" \/>\n\t<meta property=\"og:image:width\" content=\"2560\" \/>\n\t<meta property=\"og:image:height\" content=\"2560\" \/>\n\t<meta property=\"og:image:type\" content=\"image\/jpeg\" \/>\n<meta name=\"twitter:card\" content=\"summary_large_image\" \/>\n<meta name=\"twitter:label1\" content=\"Szacowany czas czytania\" \/>\n\t<meta name=\"twitter:data1\" content=\"1 minuta\" \/>\n<script type=\"application\/ld+json\" class=\"yoast-schema-graph\">{\"@context\":\"https:\\\/\\\/schema.org\",\"@graph\":[{\"@type\":\"WebPage\",\"@id\":\"https:\\\/\\\/racom.com.pl\\\/index.php\\\/produkt\\\/kolo-obrotowe-kolko-do-wozka-walizki-szafki-narzedziowej-stolika-40mm-4szt\\\/\",\"url\":\"https:\\\/\\\/racom.com.pl\\\/index.php\\\/produkt\\\/kolo-obrotowe-kolko-do-wozka-walizki-szafki-narzedziowej-stolika-40mm-4szt\\\/\",\"name\":\"Ko\u0142o obrotowe k\u00f3\u0142ko do W\u00d3ZKA WALIZKI Szafki Narz\u0119dziowej Stolika 40mm 4szt. - Mix Market - Supermarket z wszystkim co potrzeba\",\"isPartOf\":{\"@id\":\"https:\\\/\\\/racom.com.pl\\\/#website\"},\"primaryImageOfPage\":{\"@id\":\"https:\\\/\\\/racom.com.pl\\\/index.php\\\/produkt\\\/kolo-obrotowe-kolko-do-wozka-walizki-szafki-narzedziowej-stolika-40mm-4szt\\\/#primaryimage\"},\"image\":{\"@id\":\"https:\\\/\\\/racom.com.pl\\\/index.php\\\/produkt\\\/kolo-obrotowe-kolko-do-wozka-walizki-szafki-narzedziowej-stolika-40mm-4szt\\\/#primaryimage\"},\"thumbnailUrl\":\"https:\\\/\\\/racom.com.pl\\\/wp-content\\\/uploads\\\/2025\\\/07\\\/allegro_687d28bf24b467.53273143_2a365eeb497299c2f057ae63ef20.jpg\",\"datePublished\":\"2025-07-20T17:33:17+00:00\",\"breadcrumb\":{\"@id\":\"https:\\\/\\\/racom.com.pl\\\/index.php\\\/produkt\\\/kolo-obrotowe-kolko-do-wozka-walizki-szafki-narzedziowej-stolika-40mm-4szt\\\/#breadcrumb\"},\"inLanguage\":\"pl-PL\",\"potentialAction\":[{\"@type\":\"ReadAction\",\"target\":[\"https:\\\/\\\/racom.com.pl\\\/index.php\\\/produkt\\\/kolo-obrotowe-kolko-do-wozka-walizki-szafki-narzedziowej-stolika-40mm-4szt\\\/\"]}]},{\"@type\":\"ImageObject\",\"inLanguage\":\"pl-PL\",\"@id\":\"https:\\\/\\\/racom.com.pl\\\/index.php\\\/produkt\\\/kolo-obrotowe-kolko-do-wozka-walizki-szafki-narzedziowej-stolika-40mm-4szt\\\/#primaryimage\",\"url\":\"https:\\\/\\\/racom.com.pl\\\/wp-content\\\/uploads\\\/2025\\\/07\\\/allegro_687d28bf24b467.53273143_2a365eeb497299c2f057ae63ef20.jpg\",\"contentUrl\":\"https:\\\/\\\/racom.com.pl\\\/wp-content\\\/uploads\\\/2025\\\/07\\\/allegro_687d28bf24b467.53273143_2a365eeb497299c2f057ae63ef20.jpg\",\"width\":2560,\"height\":2560},{\"@type\":\"BreadcrumbList\",\"@id\":\"https:\\\/\\\/racom.com.pl\\\/index.php\\\/produkt\\\/kolo-obrotowe-kolko-do-wozka-walizki-szafki-narzedziowej-stolika-40mm-4szt\\\/#breadcrumb\",\"itemListElement\":[{\"@type\":\"ListItem\",\"position\":1,\"name\":\"Strona g\u0142\u00f3wna\",\"item\":\"https:\\\/\\\/racom.com.pl\\\/\"},{\"@type\":\"ListItem\",\"position\":2,\"name\":\"Sklep\",\"item\":\"https:\\\/\\\/racom.com.pl\\\/\"},{\"@type\":\"ListItem\",\"position\":3,\"name\":\"Ko\u0142o obrotowe k\u00f3\u0142ko do W\u00d3ZKA WALIZKI Szafki Narz\u0119dziowej Stolika 40mm 4szt.\"}]},{\"@type\":\"WebSite\",\"@id\":\"https:\\\/\\\/racom.com.pl\\\/#website\",\"url\":\"https:\\\/\\\/racom.com.pl\\\/\",\"name\":\"Mix Market - Supermarket z wszystkim co potrzeba do domu i nie tylko\",\"description\":\"\",\"publisher\":{\"@id\":\"https:\\\/\\\/racom.com.pl\\\/#organization\"},\"potentialAction\":[{\"@type\":\"SearchAction\",\"target\":{\"@type\":\"EntryPoint\",\"urlTemplate\":\"https:\\\/\\\/racom.com.pl\\\/?s={search_term_string}\"},\"query-input\":{\"@type\":\"PropertyValueSpecification\",\"valueRequired\":true,\"valueName\":\"search_term_string\"}}],\"inLanguage\":\"pl-PL\"},{\"@type\":\"Organization\",\"@id\":\"https:\\\/\\\/racom.com.pl\\\/#organization\",\"name\":\"Mix Market - Supermarket z wszystkim co potrzeba do domu i nie tylko\",\"url\":\"https:\\\/\\\/racom.com.pl\\\/\",\"logo\":{\"@type\":\"ImageObject\",\"inLanguage\":\"pl-PL\",\"@id\":\"https:\\\/\\\/racom.com.pl\\\/#\\\/schema\\\/logo\\\/image\\\/\",\"url\":\"https:\\\/\\\/racom.com.pl\\\/wp-content\\\/uploads\\\/2025\\\/07\\\/mixmarket_logo.png\",\"contentUrl\":\"https:\\\/\\\/racom.com.pl\\\/wp-content\\\/uploads\\\/2025\\\/07\\\/mixmarket_logo.png\",\"width\":1024,\"height\":1024,\"caption\":\"Mix Market - Supermarket z wszystkim co potrzeba do domu i nie tylko\"},\"image\":{\"@id\":\"https:\\\/\\\/racom.com.pl\\\/#\\\/schema\\\/logo\\\/image\\\/\"}}]}<\/script>\n<!-- \/ Yoast SEO plugin. -->","yoast_head_json":{"title":"Ko\u0142o obrotowe k\u00f3\u0142ko do W\u00d3ZKA WALIZKI Szafki Narz\u0119dziowej Stolika 40mm 4szt. - Mix Market - Supermarket z wszystkim co potrzeba","robots":{"index":"index","follow":"follow","max-snippet":"max-snippet:-1","max-image-preview":"max-image-preview:large","max-video-preview":"max-video-preview:-1"},"canonical":"https:\/\/racom.com.pl\/index.php\/produkt\/kolo-obrotowe-kolko-do-wozka-walizki-szafki-narzedziowej-stolika-40mm-4szt\/","og_locale":"pl_PL","og_type":"article","og_title":"Ko\u0142o obrotowe k\u00f3\u0142ko do W\u00d3ZKA WALIZKI Szafki Narz\u0119dziowej Stolika 40mm 4szt. - Mix Market - Supermarket z wszystkim co potrzeba","og_description":"Ko\u0142o obrotowe do w\u00f3zka 1,5&#8221; 4 szt. VERGIONIC Wysoko\u015b\u0107 ca\u0142kowita: 52 mm \u015arednica ko\u0142a: 40mm Rozmiar: 1,5&#8221; Szeroko\u015b\u0107 ko\u0142a: 15 mm Rozstaw otwor\u00f3w monta\u017cowych: 30 x 37 mm Materia\u0142: guma, \u017celazo W opakowaniu: 4 szt. Ko\u0142a obrotowe to nieocenione akcesorium do r\u00f3\u017cnego rodzaju w\u00f3zk\u00f3w, mebli czy innych urz\u0105dze\u0144, kt\u00f3re wymagaj\u0105 \u0142atwego i p\u0142ynnego przemieszczania si\u0119. [&hellip;]","og_url":"https:\/\/racom.com.pl\/index.php\/produkt\/kolo-obrotowe-kolko-do-wozka-walizki-szafki-narzedziowej-stolika-40mm-4szt\/","og_site_name":"Mix Market - Supermarket z wszystkim co potrzeba","og_image":[{"width":2560,"height":2560,"url":"https:\/\/racom.com.pl\/wp-content\/uploads\/2025\/07\/allegro_687d28bf24b467.53273143_2a365eeb497299c2f057ae63ef20.jpg","type":"image\/jpeg"}],"twitter_card":"summary_large_image","twitter_misc":{"Szacowany czas czytania":"1 minuta"},"schema":{"@context":"https:\/\/schema.org","@graph":[{"@type":"WebPage","@id":"https:\/\/racom.com.pl\/index.php\/produkt\/kolo-obrotowe-kolko-do-wozka-walizki-szafki-narzedziowej-stolika-40mm-4szt\/","url":"https:\/\/racom.com.pl\/index.php\/produkt\/kolo-obrotowe-kolko-do-wozka-walizki-szafki-narzedziowej-stolika-40mm-4szt\/","name":"Ko\u0142o obrotowe k\u00f3\u0142ko do W\u00d3ZKA WALIZKI Szafki Narz\u0119dziowej Stolika 40mm 4szt. - Mix Market - Supermarket z wszystkim co potrzeba","isPartOf":{"@id":"https:\/\/racom.com.pl\/#website"},"primaryImageOfPage":{"@id":"https:\/\/racom.com.pl\/index.php\/produkt\/kolo-obrotowe-kolko-do-wozka-walizki-szafki-narzedziowej-stolika-40mm-4szt\/#primaryimage"},"image":{"@id":"https:\/\/racom.com.pl\/index.php\/produkt\/kolo-obrotowe-kolko-do-wozka-walizki-szafki-narzedziowej-stolika-40mm-4szt\/#primaryimage"},"thumbnailUrl":"https:\/\/racom.com.pl\/wp-content\/uploads\/2025\/07\/allegro_687d28bf24b467.53273143_2a365eeb497299c2f057ae63ef20.jpg","datePublished":"2025-07-20T17:33:17+00:00","breadcrumb":{"@id":"https:\/\/racom.com.pl\/index.php\/produkt\/kolo-obrotowe-kolko-do-wozka-walizki-szafki-narzedziowej-stolika-40mm-4szt\/#breadcrumb"},"inLanguage":"pl-PL","potentialAction":[{"@type":"ReadAction","target":["https:\/\/racom.com.pl\/index.php\/produkt\/kolo-obrotowe-kolko-do-wozka-walizki-szafki-narzedziowej-stolika-40mm-4szt\/"]}]},{"@type":"ImageObject","inLanguage":"pl-PL","@id":"https:\/\/racom.com.pl\/index.php\/produkt\/kolo-obrotowe-kolko-do-wozka-walizki-szafki-narzedziowej-stolika-40mm-4szt\/#primaryimage","url":"https:\/\/racom.com.pl\/wp-content\/uploads\/2025\/07\/allegro_687d28bf24b467.53273143_2a365eeb497299c2f057ae63ef20.jpg","contentUrl":"https:\/\/racom.com.pl\/wp-content\/uploads\/2025\/07\/allegro_687d28bf24b467.53273143_2a365eeb497299c2f057ae63ef20.jpg","width":2560,"height":2560},{"@type":"BreadcrumbList","@id":"https:\/\/racom.com.pl\/index.php\/produkt\/kolo-obrotowe-kolko-do-wozka-walizki-szafki-narzedziowej-stolika-40mm-4szt\/#breadcrumb","itemListElement":[{"@type":"ListItem","position":1,"name":"Strona g\u0142\u00f3wna","item":"https:\/\/racom.com.pl\/"},{"@type":"ListItem","position":2,"name":"Sklep","item":"https:\/\/racom.com.pl\/"},{"@type":"ListItem","position":3,"name":"Ko\u0142o obrotowe k\u00f3\u0142ko do W\u00d3ZKA WALIZKI Szafki Narz\u0119dziowej Stolika 40mm 4szt."}]},{"@type":"WebSite","@id":"https:\/\/racom.com.pl\/#website","url":"https:\/\/racom.com.pl\/","name":"Mix Market - Supermarket z wszystkim co potrzeba do domu i nie tylko","description":"","publisher":{"@id":"https:\/\/racom.com.pl\/#organization"},"potentialAction":[{"@type":"SearchAction","target":{"@type":"EntryPoint","urlTemplate":"https:\/\/racom.com.pl\/?s={search_term_string}"},"query-input":{"@type":"PropertyValueSpecification","valueRequired":true,"valueName":"search_term_string"}}],"inLanguage":"pl-PL"},{"@type":"Organization","@id":"https:\/\/racom.com.pl\/#organization","name":"Mix Market - Supermarket z wszystkim co potrzeba do domu i nie tylko","url":"https:\/\/racom.com.pl\/","logo":{"@type":"ImageObject","inLanguage":"pl-PL","@id":"https:\/\/racom.com.pl\/#\/schema\/logo\/image\/","url":"https:\/\/racom.com.pl\/wp-content\/uploads\/2025\/07\/mixmarket_logo.png","contentUrl":"https:\/\/racom.com.pl\/wp-content\/uploads\/2025\/07\/mixmarket_logo.png","width":1024,"height":1024,"caption":"Mix Market - Supermarket z wszystkim co potrzeba do domu i nie tylko"},"image":{"@id":"https:\/\/racom.com.pl\/#\/schema\/logo\/image\/"}}]}},"_links":{"self":[{"href":"https:\/\/racom.com.pl\/index.php\/wp-json\/wp\/v2\/product\/3772","targetHints":{"allow":["GET"]}}],"collection":[{"href":"https:\/\/racom.com.pl\/index.php\/wp-json\/wp\/v2\/product"}],"about":[{"href":"https:\/\/racom.com.pl\/index.php\/wp-json\/wp\/v2\/types\/product"}],"replies":[{"embeddable":true,"href":"https:\/\/racom.com.pl\/index.php\/wp-json\/wp\/v2\/comments?post=3772"}],"wp:featuredmedia":[{"embeddable":true,"href":"https:\/\/racom.com.pl\/index.php\/wp-json\/wp\/v2\/media\/3778"}],"wp:attachment":[{"href":"https:\/\/racom.com.pl\/index.php\/wp-json\/wp\/v2\/media?parent=3772"}],"wp:term":[{"taxonomy":"product_brand","embeddable":true,"href":"https:\/\/racom.com.pl\/index.php\/wp-json\/wp\/v2\/product_brand?post=3772"},{"taxonomy":"product_cat","embeddable":true,"href":"https:\/\/racom.com.pl\/index.php\/wp-json\/wp\/v2\/product_cat?post=3772"},{"taxonomy":"product_tag","embeddable":true,"href":"https:\/\/racom.com.pl\/index.php\/wp-json\/wp\/v2\/product_tag?post=3772"}],"curies":[{"name":"wp","href":"https:\/\/api.w.org\/{rel}","templated":true}]}}