{"id":3782,"date":"2025-07-20T19:37:02","date_gmt":"2025-07-20T17:37:02","guid":{"rendered":"http:\/\/192.168.2.106\/index.php\/produkt\/herbapol-syrop-malinowy-owocowa-spizarnia-malina-31l-3100ml\/"},"modified":"2025-08-05T17:45:56","modified_gmt":"2025-08-05T15:45:56","slug":"herbapol-syrop-malinowy-owocowa-spizarnia-malina-31l-3100ml","status":"publish","type":"product","link":"https:\/\/racom.com.pl\/index.php\/produkt\/herbapol-syrop-malinowy-owocowa-spizarnia-malina-31l-3100ml\/","title":{"rendered":"Herbapol SYROP Malinowy Owocowa Spi\u017carnia MALINA 3,1L 3100ml"},"content":{"rendered":"<h2>SYROP OWOCOWA SPI\u017bARNIA MALINOWA 3100ML HERBAPOL<\/h2>\n<p>OWOCOWA SPI\u017bARNIA Malinowa 3,1L<\/p>\n<p>Suplement diety w p\u0142ynie z witamin\u0105 C o smaku malinowym<\/p>\n<p>Nasz produkt sprawdza si\u0119 jako urozmaicenie:\u00a0<b>herbaty, deser\u00f3w, da\u0144, koktajli<\/b>.<\/p>\n<p>Korzystny efekt wynikaj\u0105cy z deklarowanego dzia\u0142ania wyst\u0119puje w przypadku spo\u017cycia\u00a040 ml produktu (2 x 20 ml).<\/p>\n<p>Suplement\u00a0diety nie mo\u017ce by\u0107 stosowany jako substytut zr\u00f3\u017cnicowanej diety. Zr\u00f3wnowa\u017cona i zr\u00f3\u017cnicowana dieta oraz zdrowy styl \u017cycia s\u0105 podstaw\u0105 zapewnienia prawid\u0142owego funkcjonowania organizmu. Produkt nieodpowiedni dla diabetyk\u00f3w.<\/p>\n<p>Przechowywa\u0107 w zamkni\u0119tym opakowaniu w temperaturze pokojowej, w spos\u00f3b niedost\u0119pny dla ma\u0142ych dzieci. Chroni\u0107 od \u015bwiat\u0142a.<\/p>\n<p>Przed u\u017cyciem wstrz\u0105sn\u0105\u0107.<\/p>\n<p><b>Sk\u0142ad:<\/b><\/p>\n<p>A \u2013 cukier lub B &#8211; syrop glukozowo-fruktozowy, woda, 0,08% zag\u0119szczonego soku malinowego o ekstrakcie og\u00f3lnym 65%, regulator kwasowo\u015bci: kwas cytrynowy, zag\u0119szczony sok aroniowy, koncentrat soku z czarnej marchwi, aromat, substancja konserwuj\u0105ca: benzoesan sodu, witamina C<\/p>\n<p>Litera (A lub B) umieszczona przy partii wskazuje na u\u017cyty do produkcji sk\u0142adnik.<\/p>\n<p><b>Warto\u015b\u0107 od\u017cywcza w 100 ml:<\/b><\/p>\n<p>Warto\u015b\u0107 energetyczna &#8211; 1171 kJ\/ 276 kcal, T\u0142uszcz &#8211; 0 g (w tym kwasy t\u0142uszczowe nasycone 0 g), W\u0119glowodany &#8211; 69 g (w tym cukry 68 g), Bia\u0142ko &#8211; 0 g, S\u00f3l &#8211; 0,02 g<\/p>\n<p><b>Warto\u015b\u0107 od\u017cywcza w 40 ml:<\/b><\/p>\n<p>Warto\u015b\u0107 energetyczna &#8211; 468 kJ\/ 110 kcal, T\u0142uszcz &#8211; 0 g (w tym kwasy t\u0142uszczowe nasycone 0 g), W\u0119glowodany &#8211; 28 g (w tym cukry 27 g), Bia\u0142ko &#8211; 0 g, S\u00f3l &lt; 0,01 g<\/p>\n","protected":false},"excerpt":{"rendered":"<p>SYROP OWOCOWA SPI\u017bARNIA MALINOWA 3100ML HERBAPOL OWOCOWA SPI\u017bARNIA Malinowa 3,1L Suplement diety w p\u0142ynie z witamin\u0105 C o smaku malinowym Nasz produkt sprawdza si\u0119 jako urozmaicenie:\u00a0herbaty, deser\u00f3w, da\u0144, koktajli. Korzystny efekt wynikaj\u0105cy z deklarowanego dzia\u0142ania wyst\u0119puje w przypadku spo\u017cycia\u00a040 ml produktu (2 x 20 ml). Suplement\u00a0diety nie mo\u017ce by\u0107 stosowany jako substytut zr\u00f3\u017cnicowanej diety. Zr\u00f3wnowa\u017cona [&hellip;]<\/p>\n","protected":false},"featured_media":3785,"comment_status":"open","ping_status":"closed","template":"","meta":[],"product_brand":[144],"product_cat":[287],"product_tag":[],"class_list":{"0":"post-3782","1":"product","2":"type-product","3":"status-publish","4":"has-post-thumbnail","6":"product_brand-herbapol","7":"product_cat-suplementy-diety","9":"first","10":"instock","11":"taxable","12":"shipping-taxable","13":"purchasable","14":"product-type-simple"},"yoast_head":"<!-- This site is optimized with the Yoast SEO plugin v27.3 - https:\/\/yoast.com\/product\/yoast-seo-wordpress\/ -->\n<title>Herbapol SYROP Malinowy Owocowa Spi\u017carnia MALINA 3,1L 3100ml - Mix Market - Supermarket z wszystkim co potrzeba<\/title>\n<meta name=\"robots\" content=\"index, follow, max-snippet:-1, max-image-preview:large, max-video-preview:-1\" \/>\n<link rel=\"canonical\" href=\"https:\/\/racom.com.pl\/index.php\/produkt\/herbapol-syrop-malinowy-owocowa-spizarnia-malina-31l-3100ml\/\" \/>\n<meta property=\"og:locale\" content=\"pl_PL\" \/>\n<meta property=\"og:type\" content=\"article\" \/>\n<meta property=\"og:title\" content=\"Herbapol SYROP Malinowy Owocowa Spi\u017carnia MALINA 3,1L 3100ml - Mix Market - Supermarket z wszystkim co potrzeba\" \/>\n<meta property=\"og:description\" content=\"SYROP OWOCOWA SPI\u017bARNIA MALINOWA 3100ML HERBAPOL OWOCOWA SPI\u017bARNIA Malinowa 3,1L Suplement diety w p\u0142ynie z witamin\u0105 C o smaku malinowym Nasz produkt sprawdza si\u0119 jako urozmaicenie:\u00a0herbaty, deser\u00f3w, da\u0144, koktajli. Korzystny efekt wynikaj\u0105cy z deklarowanego dzia\u0142ania wyst\u0119puje w przypadku spo\u017cycia\u00a040 ml produktu (2 x 20 ml). Suplement\u00a0diety nie mo\u017ce by\u0107 stosowany jako substytut zr\u00f3\u017cnicowanej diety. Zr\u00f3wnowa\u017cona [&hellip;]\" \/>\n<meta property=\"og:url\" content=\"https:\/\/racom.com.pl\/index.php\/produkt\/herbapol-syrop-malinowy-owocowa-spizarnia-malina-31l-3100ml\/\" \/>\n<meta property=\"og:site_name\" content=\"Mix Market - Supermarket z wszystkim co potrzeba\" \/>\n<meta property=\"article:modified_time\" content=\"2025-08-05T15:45:56+00:00\" \/>\n<meta property=\"og:image\" content=\"https:\/\/racom.com.pl\/wp-content\/uploads\/2025\/07\/allegro_687d2991c47610.06553009_76e56d8c44b2993bc6b585e29ead.jpg\" \/>\n\t<meta property=\"og:image:width\" content=\"637\" \/>\n\t<meta property=\"og:image:height\" content=\"900\" \/>\n\t<meta property=\"og:image:type\" content=\"image\/jpeg\" \/>\n<meta name=\"twitter:card\" content=\"summary_large_image\" \/>\n<meta name=\"twitter:label1\" content=\"Szacowany czas czytania\" \/>\n\t<meta name=\"twitter:data1\" content=\"2 minuty\" \/>\n<script type=\"application\/ld+json\" class=\"yoast-schema-graph\">{\"@context\":\"https:\\\/\\\/schema.org\",\"@graph\":[{\"@type\":\"WebPage\",\"@id\":\"https:\\\/\\\/racom.com.pl\\\/index.php\\\/produkt\\\/herbapol-syrop-malinowy-owocowa-spizarnia-malina-31l-3100ml\\\/\",\"url\":\"https:\\\/\\\/racom.com.pl\\\/index.php\\\/produkt\\\/herbapol-syrop-malinowy-owocowa-spizarnia-malina-31l-3100ml\\\/\",\"name\":\"Herbapol SYROP Malinowy Owocowa Spi\u017carnia MALINA 3,1L 3100ml - Mix Market - Supermarket z wszystkim co potrzeba\",\"isPartOf\":{\"@id\":\"https:\\\/\\\/racom.com.pl\\\/#website\"},\"primaryImageOfPage\":{\"@id\":\"https:\\\/\\\/racom.com.pl\\\/index.php\\\/produkt\\\/herbapol-syrop-malinowy-owocowa-spizarnia-malina-31l-3100ml\\\/#primaryimage\"},\"image\":{\"@id\":\"https:\\\/\\\/racom.com.pl\\\/index.php\\\/produkt\\\/herbapol-syrop-malinowy-owocowa-spizarnia-malina-31l-3100ml\\\/#primaryimage\"},\"thumbnailUrl\":\"https:\\\/\\\/racom.com.pl\\\/wp-content\\\/uploads\\\/2025\\\/07\\\/allegro_687d2991c47610.06553009_76e56d8c44b2993bc6b585e29ead.jpg\",\"datePublished\":\"2025-07-20T17:37:02+00:00\",\"dateModified\":\"2025-08-05T15:45:56+00:00\",\"breadcrumb\":{\"@id\":\"https:\\\/\\\/racom.com.pl\\\/index.php\\\/produkt\\\/herbapol-syrop-malinowy-owocowa-spizarnia-malina-31l-3100ml\\\/#breadcrumb\"},\"inLanguage\":\"pl-PL\",\"potentialAction\":[{\"@type\":\"ReadAction\",\"target\":[\"https:\\\/\\\/racom.com.pl\\\/index.php\\\/produkt\\\/herbapol-syrop-malinowy-owocowa-spizarnia-malina-31l-3100ml\\\/\"]}]},{\"@type\":\"ImageObject\",\"inLanguage\":\"pl-PL\",\"@id\":\"https:\\\/\\\/racom.com.pl\\\/index.php\\\/produkt\\\/herbapol-syrop-malinowy-owocowa-spizarnia-malina-31l-3100ml\\\/#primaryimage\",\"url\":\"https:\\\/\\\/racom.com.pl\\\/wp-content\\\/uploads\\\/2025\\\/07\\\/allegro_687d2991c47610.06553009_76e56d8c44b2993bc6b585e29ead.jpg\",\"contentUrl\":\"https:\\\/\\\/racom.com.pl\\\/wp-content\\\/uploads\\\/2025\\\/07\\\/allegro_687d2991c47610.06553009_76e56d8c44b2993bc6b585e29ead.jpg\",\"width\":637,\"height\":900},{\"@type\":\"BreadcrumbList\",\"@id\":\"https:\\\/\\\/racom.com.pl\\\/index.php\\\/produkt\\\/herbapol-syrop-malinowy-owocowa-spizarnia-malina-31l-3100ml\\\/#breadcrumb\",\"itemListElement\":[{\"@type\":\"ListItem\",\"position\":1,\"name\":\"Strona g\u0142\u00f3wna\",\"item\":\"https:\\\/\\\/racom.com.pl\\\/\"},{\"@type\":\"ListItem\",\"position\":2,\"name\":\"Sklep\",\"item\":\"https:\\\/\\\/racom.com.pl\\\/\"},{\"@type\":\"ListItem\",\"position\":3,\"name\":\"Herbapol SYROP Malinowy Owocowa Spi\u017carnia MALINA 3,1L 3100ml\"}]},{\"@type\":\"WebSite\",\"@id\":\"https:\\\/\\\/racom.com.pl\\\/#website\",\"url\":\"https:\\\/\\\/racom.com.pl\\\/\",\"name\":\"Mix Market - Supermarket z wszystkim co potrzeba do domu i nie tylko\",\"description\":\"\",\"publisher\":{\"@id\":\"https:\\\/\\\/racom.com.pl\\\/#organization\"},\"potentialAction\":[{\"@type\":\"SearchAction\",\"target\":{\"@type\":\"EntryPoint\",\"urlTemplate\":\"https:\\\/\\\/racom.com.pl\\\/?s={search_term_string}\"},\"query-input\":{\"@type\":\"PropertyValueSpecification\",\"valueRequired\":true,\"valueName\":\"search_term_string\"}}],\"inLanguage\":\"pl-PL\"},{\"@type\":\"Organization\",\"@id\":\"https:\\\/\\\/racom.com.pl\\\/#organization\",\"name\":\"Mix Market - Supermarket z wszystkim co potrzeba do domu i nie tylko\",\"url\":\"https:\\\/\\\/racom.com.pl\\\/\",\"logo\":{\"@type\":\"ImageObject\",\"inLanguage\":\"pl-PL\",\"@id\":\"https:\\\/\\\/racom.com.pl\\\/#\\\/schema\\\/logo\\\/image\\\/\",\"url\":\"https:\\\/\\\/racom.com.pl\\\/wp-content\\\/uploads\\\/2025\\\/07\\\/mixmarket_logo.png\",\"contentUrl\":\"https:\\\/\\\/racom.com.pl\\\/wp-content\\\/uploads\\\/2025\\\/07\\\/mixmarket_logo.png\",\"width\":1024,\"height\":1024,\"caption\":\"Mix Market - Supermarket z wszystkim co potrzeba do domu i nie tylko\"},\"image\":{\"@id\":\"https:\\\/\\\/racom.com.pl\\\/#\\\/schema\\\/logo\\\/image\\\/\"}}]}<\/script>\n<!-- \/ Yoast SEO plugin. -->","yoast_head_json":{"title":"Herbapol SYROP Malinowy Owocowa Spi\u017carnia MALINA 3,1L 3100ml - Mix Market - Supermarket z wszystkim co potrzeba","robots":{"index":"index","follow":"follow","max-snippet":"max-snippet:-1","max-image-preview":"max-image-preview:large","max-video-preview":"max-video-preview:-1"},"canonical":"https:\/\/racom.com.pl\/index.php\/produkt\/herbapol-syrop-malinowy-owocowa-spizarnia-malina-31l-3100ml\/","og_locale":"pl_PL","og_type":"article","og_title":"Herbapol SYROP Malinowy Owocowa Spi\u017carnia MALINA 3,1L 3100ml - Mix Market - Supermarket z wszystkim co potrzeba","og_description":"SYROP OWOCOWA SPI\u017bARNIA MALINOWA 3100ML HERBAPOL OWOCOWA SPI\u017bARNIA Malinowa 3,1L Suplement diety w p\u0142ynie z witamin\u0105 C o smaku malinowym Nasz produkt sprawdza si\u0119 jako urozmaicenie:\u00a0herbaty, deser\u00f3w, da\u0144, koktajli. Korzystny efekt wynikaj\u0105cy z deklarowanego dzia\u0142ania wyst\u0119puje w przypadku spo\u017cycia\u00a040 ml produktu (2 x 20 ml). Suplement\u00a0diety nie mo\u017ce by\u0107 stosowany jako substytut zr\u00f3\u017cnicowanej diety. Zr\u00f3wnowa\u017cona [&hellip;]","og_url":"https:\/\/racom.com.pl\/index.php\/produkt\/herbapol-syrop-malinowy-owocowa-spizarnia-malina-31l-3100ml\/","og_site_name":"Mix Market - Supermarket z wszystkim co potrzeba","article_modified_time":"2025-08-05T15:45:56+00:00","og_image":[{"width":637,"height":900,"url":"https:\/\/racom.com.pl\/wp-content\/uploads\/2025\/07\/allegro_687d2991c47610.06553009_76e56d8c44b2993bc6b585e29ead.jpg","type":"image\/jpeg"}],"twitter_card":"summary_large_image","twitter_misc":{"Szacowany czas czytania":"2 minuty"},"schema":{"@context":"https:\/\/schema.org","@graph":[{"@type":"WebPage","@id":"https:\/\/racom.com.pl\/index.php\/produkt\/herbapol-syrop-malinowy-owocowa-spizarnia-malina-31l-3100ml\/","url":"https:\/\/racom.com.pl\/index.php\/produkt\/herbapol-syrop-malinowy-owocowa-spizarnia-malina-31l-3100ml\/","name":"Herbapol SYROP Malinowy Owocowa Spi\u017carnia MALINA 3,1L 3100ml - Mix Market - Supermarket z wszystkim co potrzeba","isPartOf":{"@id":"https:\/\/racom.com.pl\/#website"},"primaryImageOfPage":{"@id":"https:\/\/racom.com.pl\/index.php\/produkt\/herbapol-syrop-malinowy-owocowa-spizarnia-malina-31l-3100ml\/#primaryimage"},"image":{"@id":"https:\/\/racom.com.pl\/index.php\/produkt\/herbapol-syrop-malinowy-owocowa-spizarnia-malina-31l-3100ml\/#primaryimage"},"thumbnailUrl":"https:\/\/racom.com.pl\/wp-content\/uploads\/2025\/07\/allegro_687d2991c47610.06553009_76e56d8c44b2993bc6b585e29ead.jpg","datePublished":"2025-07-20T17:37:02+00:00","dateModified":"2025-08-05T15:45:56+00:00","breadcrumb":{"@id":"https:\/\/racom.com.pl\/index.php\/produkt\/herbapol-syrop-malinowy-owocowa-spizarnia-malina-31l-3100ml\/#breadcrumb"},"inLanguage":"pl-PL","potentialAction":[{"@type":"ReadAction","target":["https:\/\/racom.com.pl\/index.php\/produkt\/herbapol-syrop-malinowy-owocowa-spizarnia-malina-31l-3100ml\/"]}]},{"@type":"ImageObject","inLanguage":"pl-PL","@id":"https:\/\/racom.com.pl\/index.php\/produkt\/herbapol-syrop-malinowy-owocowa-spizarnia-malina-31l-3100ml\/#primaryimage","url":"https:\/\/racom.com.pl\/wp-content\/uploads\/2025\/07\/allegro_687d2991c47610.06553009_76e56d8c44b2993bc6b585e29ead.jpg","contentUrl":"https:\/\/racom.com.pl\/wp-content\/uploads\/2025\/07\/allegro_687d2991c47610.06553009_76e56d8c44b2993bc6b585e29ead.jpg","width":637,"height":900},{"@type":"BreadcrumbList","@id":"https:\/\/racom.com.pl\/index.php\/produkt\/herbapol-syrop-malinowy-owocowa-spizarnia-malina-31l-3100ml\/#breadcrumb","itemListElement":[{"@type":"ListItem","position":1,"name":"Strona g\u0142\u00f3wna","item":"https:\/\/racom.com.pl\/"},{"@type":"ListItem","position":2,"name":"Sklep","item":"https:\/\/racom.com.pl\/"},{"@type":"ListItem","position":3,"name":"Herbapol SYROP Malinowy Owocowa Spi\u017carnia MALINA 3,1L 3100ml"}]},{"@type":"WebSite","@id":"https:\/\/racom.com.pl\/#website","url":"https:\/\/racom.com.pl\/","name":"Mix Market - Supermarket z wszystkim co potrzeba do domu i nie tylko","description":"","publisher":{"@id":"https:\/\/racom.com.pl\/#organization"},"potentialAction":[{"@type":"SearchAction","target":{"@type":"EntryPoint","urlTemplate":"https:\/\/racom.com.pl\/?s={search_term_string}"},"query-input":{"@type":"PropertyValueSpecification","valueRequired":true,"valueName":"search_term_string"}}],"inLanguage":"pl-PL"},{"@type":"Organization","@id":"https:\/\/racom.com.pl\/#organization","name":"Mix Market - Supermarket z wszystkim co potrzeba do domu i nie tylko","url":"https:\/\/racom.com.pl\/","logo":{"@type":"ImageObject","inLanguage":"pl-PL","@id":"https:\/\/racom.com.pl\/#\/schema\/logo\/image\/","url":"https:\/\/racom.com.pl\/wp-content\/uploads\/2025\/07\/mixmarket_logo.png","contentUrl":"https:\/\/racom.com.pl\/wp-content\/uploads\/2025\/07\/mixmarket_logo.png","width":1024,"height":1024,"caption":"Mix Market - Supermarket z wszystkim co potrzeba do domu i nie tylko"},"image":{"@id":"https:\/\/racom.com.pl\/#\/schema\/logo\/image\/"}}]}},"_links":{"self":[{"href":"https:\/\/racom.com.pl\/index.php\/wp-json\/wp\/v2\/product\/3782","targetHints":{"allow":["GET"]}}],"collection":[{"href":"https:\/\/racom.com.pl\/index.php\/wp-json\/wp\/v2\/product"}],"about":[{"href":"https:\/\/racom.com.pl\/index.php\/wp-json\/wp\/v2\/types\/product"}],"replies":[{"embeddable":true,"href":"https:\/\/racom.com.pl\/index.php\/wp-json\/wp\/v2\/comments?post=3782"}],"wp:featuredmedia":[{"embeddable":true,"href":"https:\/\/racom.com.pl\/index.php\/wp-json\/wp\/v2\/media\/3785"}],"wp:attachment":[{"href":"https:\/\/racom.com.pl\/index.php\/wp-json\/wp\/v2\/media?parent=3782"}],"wp:term":[{"taxonomy":"product_brand","embeddable":true,"href":"https:\/\/racom.com.pl\/index.php\/wp-json\/wp\/v2\/product_brand?post=3782"},{"taxonomy":"product_cat","embeddable":true,"href":"https:\/\/racom.com.pl\/index.php\/wp-json\/wp\/v2\/product_cat?post=3782"},{"taxonomy":"product_tag","embeddable":true,"href":"https:\/\/racom.com.pl\/index.php\/wp-json\/wp\/v2\/product_tag?post=3782"}],"curies":[{"name":"wp","href":"https:\/\/api.w.org\/{rel}","templated":true}]}}