{"id":3787,"date":"2025-07-20T19:39:02","date_gmt":"2025-07-20T17:39:02","guid":{"rendered":"http:\/\/192.168.2.106\/index.php\/produkt\/szczoteczka-soniczna-do-zebow-z-zestawem-koncowek-fairywill-508-biala\/"},"modified":"2025-07-20T19:39:02","modified_gmt":"2025-07-20T17:39:02","slug":"szczoteczka-soniczna-do-zebow-z-zestawem-koncowek-fairywill-508-biala","status":"publish","type":"product","link":"https:\/\/racom.com.pl\/index.php\/produkt\/szczoteczka-soniczna-do-zebow-z-zestawem-koncowek-fairywill-508-biala\/","title":{"rendered":"SZCZOTECZKA SONICZNA DO Z\u0118B\u00d3W Z ZESTAWEM KO\u0143C\u00d3WEK FAIRYWILL 508 BIA\u0141A"},"content":{"rendered":"<h2>Szczoteczka soniczna do z\u0119b\u00f3w FairyWill 508<\/h2>\n<p><b>Szczoteczka soniczna FairyWill 508 BIA\u0141A (zestaw)<\/b><\/p>\n<p>Teraz mo\u017cesz jeszcze lepiej zadba\u0107 o zdrowie i higien\u0119 swoich z\u0119b\u00f3w. Zaakceptowana przez ADA szczoteczka soniczna FairyWill 508 generuje wibracje z cz\u0119stotliwo\u015bci\u0105 si\u0119gaj\u0105c\u0105 40 000 na minut\u0119, dzi\u0119ki czemu zapewnia szybkie, dok\u0142adne i efektywne czyszczenie. Oferuje r\u00f3wnie\u017c inteligentny, 2-minutowy timer oraz 5 tryb\u00f3w. Wyr\u00f3\u017cnia j\u0105 tak\u017ce wodoodporno\u015b\u0107 IPX7 oraz d\u0142ugi czas pracy. W zestawie znajdziesz nie tylko szczoteczk\u0119, ale te\u017c 4 wymienne ko\u0144c\u00f3wki.<\/p>\n<p><b>W zestawie<\/b><\/p>\n<ul>\n<li>Szczoteczka soniczna<\/li>\n<li>Wymienne ko\u0144c\u00f3wki<\/li>\n<li>Kabel \u0142adowania<\/li>\n<\/ul>\n<p><b>Dok\u0142adniejsze czyszczenie<\/b><\/p>\n<p>Zachwycaj pi\u0119knym u\u015bmiechem. Szczoteczka zosta\u0142a wyposa\u017cona w wytrzyma\u0142y silnik, dzi\u0119ki kt\u00f3remu mo\u017ce generowa\u0107 wibracje z du\u017c\u0105 cz\u0119stotliwo\u015bci\u0105, a co za tym idzie dok\u0142adnie czy\u015bci\u0107 z\u0119by. Bez problemu si\u0119ga nawet trudno dost\u0119pnych obszar\u00f3w i efektywnie usuwa resztki jedzenia, kamie\u0144 naz\u0119bny i plamy. Co wi\u0119cej, inteligentny timer co 30 sekund kr\u00f3tk\u0105 pauz\u0105 przypomni Ci o konieczno\u015bci zmiany szczotkowanego obszaru, a po 2 minutach sprawi, \u017ce szczoteczka automatycznie zako\u0144czy prac\u0119.<\/p>\n<p><b>5 tryb\u00f3w<\/b><\/p>\n<p>Urz\u0105dzenie obs\u0142uguje 5 tryb\u00f3w pracy, dzi\u0119ki czemu mo\u017ce spe\u0142ni\u0107 nawet najbardziej zr\u00f3\u017cnicowane oczekiwania u\u017cytkownik\u00f3w. Clean sprawdzi si\u0119 na co dzie\u0144, White umo\u017cliwia wybielanie z\u0119b\u00f3w, a Polish ich polerowanie. Massage zapewnia nie tylko efektywne czyszczenie, ale te\u017c masa\u017c dzi\u0105se\u0142. Z trybu Sensitive skorzystaj\u0105 szczeg\u00f3lnie pocz\u0105tkuj\u0105cy u\u017cytkownicy oraz osoby, kt\u00f3re maj\u0105 wra\u017cliwe z\u0119by.<\/p>\n<p><b>D\u0142ugi czas pracy<\/b><\/p>\n<p>Zapomnij o ma\u0142o wydajnych szczoteczkach, kt\u00f3re bardzo szybko si\u0119 roz\u0142adowuj\u0105. FairyWill 508 zaskoczy Ci\u0119 d\u0142ugim czasem pracy &#8211; gdy ca\u0142kowicie j\u0105 na\u0142adujesz, mo\u017cesz korzysta\u0107 z niej nawet przez 30 dni! \u0141adowanie urz\u0105dzenia trwa oko\u0142o 4 godziny. Interfejs USB sprawia, \u017ce mo\u017cesz pod\u0142\u0105czy\u0107 je nie tylko do \u0142adowarki, ale te\u017c na przyk\u0142ad do powerbanku lub laptopa.<\/p>\n<p><b>Specjalnie zaprojektowane ko\u0144c\u00f3wki<\/b><\/p>\n<p>Ko\u0144c\u00f3wka 508 zosta\u0142a wyposa\u017cona w wysokiej klasy w\u0142osie Dupont, kt\u00f3re umo\u017cliwia dok\u0142adne, a zarazem bezpieczne mycie z\u0119b\u00f3w. Aby zapewni\u0107 sobie higien\u0119 u\u017cytkowania i unikn\u0105\u0107 mno\u017cenia si\u0119 bakterii, nale\u017cy wymieni\u0107 j\u0105 raz na oko\u0142o 3 miesi\u0105ce. Nie musisz jednak o tym pami\u0119ta\u0107! Gdy nadejdzie odpowiedni czas, specjalne, niebieskie w\u0142osie zacznie blakn\u0105\u0107, przypominaj\u0105c Ci, \u017ce trzeba zmieni\u0107 ko\u0144c\u00f3wk\u0119 na now\u0105.<\/p>\n<p><b>Przeno\u015bna i wodoodporna<\/b><\/p>\n<p>Bez obaw myj z\u0119by w wannie, nad umywalk\u0105 czy nawet pod prysznicem. Szczoteczka jest wodoodporna na poziomie IPX7, co oznacza, \u017ce niestraszne jej przypadkowe zachlapanie. Urz\u0105dzenie jest te\u017c na tyle lekkie i kompaktowe, \u017ce mo\u017ce Ci towarzyszy\u0107 niemal wsz\u0119dzie &#8211; nie zajmie wiele miejsca w Twojej walizce. Zabierz je na wakacje i ol\u015bniewaj \u015bnie\u017cnobia\u0142ym u\u015bmiechem, gdziekolwiek si\u0119 znajdziesz!<\/p>\n","protected":false},"excerpt":{"rendered":"<p>Szczoteczka soniczna do z\u0119b\u00f3w FairyWill 508 Szczoteczka soniczna FairyWill 508 BIA\u0141A (zestaw) Teraz mo\u017cesz jeszcze lepiej zadba\u0107 o zdrowie i higien\u0119 swoich z\u0119b\u00f3w. Zaakceptowana przez ADA szczoteczka soniczna FairyWill 508 generuje wibracje z cz\u0119stotliwo\u015bci\u0105 si\u0119gaj\u0105c\u0105 40 000 na minut\u0119, dzi\u0119ki czemu zapewnia szybkie, dok\u0142adne i efektywne czyszczenie. Oferuje r\u00f3wnie\u017c inteligentny, 2-minutowy timer oraz 5 tryb\u00f3w. [&hellip;]<\/p>\n","protected":false},"featured_media":3798,"comment_status":"open","ping_status":"closed","template":"","meta":[],"product_brand":[289],"product_cat":[288],"product_tag":[],"class_list":{"0":"post-3787","1":"product","2":"type-product","3":"status-publish","4":"has-post-thumbnail","6":"product_brand-fairywill","7":"product_cat-szczoteczki","9":"first","10":"instock","11":"taxable","12":"shipping-taxable","13":"purchasable","14":"product-type-simple"},"yoast_head":"<!-- This site is optimized with the Yoast SEO plugin v27.3 - https:\/\/yoast.com\/product\/yoast-seo-wordpress\/ -->\n<title>SZCZOTECZKA SONICZNA DO Z\u0118B\u00d3W Z ZESTAWEM KO\u0143C\u00d3WEK FAIRYWILL 508 BIA\u0141A - Mix Market - Supermarket z wszystkim co potrzeba<\/title>\n<meta name=\"robots\" content=\"index, follow, max-snippet:-1, max-image-preview:large, max-video-preview:-1\" \/>\n<link rel=\"canonical\" href=\"https:\/\/racom.com.pl\/index.php\/produkt\/szczoteczka-soniczna-do-zebow-z-zestawem-koncowek-fairywill-508-biala\/\" \/>\n<meta property=\"og:locale\" content=\"pl_PL\" \/>\n<meta property=\"og:type\" content=\"article\" \/>\n<meta property=\"og:title\" content=\"SZCZOTECZKA SONICZNA DO Z\u0118B\u00d3W Z ZESTAWEM KO\u0143C\u00d3WEK FAIRYWILL 508 BIA\u0141A - Mix Market - Supermarket z wszystkim co potrzeba\" \/>\n<meta property=\"og:description\" content=\"Szczoteczka soniczna do z\u0119b\u00f3w FairyWill 508 Szczoteczka soniczna FairyWill 508 BIA\u0141A (zestaw) Teraz mo\u017cesz jeszcze lepiej zadba\u0107 o zdrowie i higien\u0119 swoich z\u0119b\u00f3w. Zaakceptowana przez ADA szczoteczka soniczna FairyWill 508 generuje wibracje z cz\u0119stotliwo\u015bci\u0105 si\u0119gaj\u0105c\u0105 40 000 na minut\u0119, dzi\u0119ki czemu zapewnia szybkie, dok\u0142adne i efektywne czyszczenie. Oferuje r\u00f3wnie\u017c inteligentny, 2-minutowy timer oraz 5 tryb\u00f3w. [&hellip;]\" \/>\n<meta property=\"og:url\" content=\"https:\/\/racom.com.pl\/index.php\/produkt\/szczoteczka-soniczna-do-zebow-z-zestawem-koncowek-fairywill-508-biala\/\" \/>\n<meta property=\"og:site_name\" content=\"Mix Market - Supermarket z wszystkim co potrzeba\" \/>\n<meta property=\"og:image\" content=\"https:\/\/racom.com.pl\/wp-content\/uploads\/2025\/07\/allegro_687d2a6cc6dbb7.95303066_0c13c430456591812106821d3b97.jpg\" \/>\n\t<meta property=\"og:image:width\" content=\"1000\" \/>\n\t<meta property=\"og:image:height\" content=\"636\" \/>\n\t<meta property=\"og:image:type\" content=\"image\/jpeg\" \/>\n<meta name=\"twitter:card\" content=\"summary_large_image\" \/>\n<meta name=\"twitter:label1\" content=\"Szacowany czas czytania\" \/>\n\t<meta name=\"twitter:data1\" content=\"2 minuty\" \/>\n<script type=\"application\/ld+json\" class=\"yoast-schema-graph\">{\"@context\":\"https:\\\/\\\/schema.org\",\"@graph\":[{\"@type\":\"WebPage\",\"@id\":\"https:\\\/\\\/racom.com.pl\\\/index.php\\\/produkt\\\/szczoteczka-soniczna-do-zebow-z-zestawem-koncowek-fairywill-508-biala\\\/\",\"url\":\"https:\\\/\\\/racom.com.pl\\\/index.php\\\/produkt\\\/szczoteczka-soniczna-do-zebow-z-zestawem-koncowek-fairywill-508-biala\\\/\",\"name\":\"SZCZOTECZKA SONICZNA DO Z\u0118B\u00d3W Z ZESTAWEM KO\u0143C\u00d3WEK FAIRYWILL 508 BIA\u0141A - Mix Market - Supermarket z wszystkim co potrzeba\",\"isPartOf\":{\"@id\":\"https:\\\/\\\/racom.com.pl\\\/#website\"},\"primaryImageOfPage\":{\"@id\":\"https:\\\/\\\/racom.com.pl\\\/index.php\\\/produkt\\\/szczoteczka-soniczna-do-zebow-z-zestawem-koncowek-fairywill-508-biala\\\/#primaryimage\"},\"image\":{\"@id\":\"https:\\\/\\\/racom.com.pl\\\/index.php\\\/produkt\\\/szczoteczka-soniczna-do-zebow-z-zestawem-koncowek-fairywill-508-biala\\\/#primaryimage\"},\"thumbnailUrl\":\"https:\\\/\\\/racom.com.pl\\\/wp-content\\\/uploads\\\/2025\\\/07\\\/allegro_687d2a6cc6dbb7.95303066_0c13c430456591812106821d3b97.jpg\",\"datePublished\":\"2025-07-20T17:39:02+00:00\",\"breadcrumb\":{\"@id\":\"https:\\\/\\\/racom.com.pl\\\/index.php\\\/produkt\\\/szczoteczka-soniczna-do-zebow-z-zestawem-koncowek-fairywill-508-biala\\\/#breadcrumb\"},\"inLanguage\":\"pl-PL\",\"potentialAction\":[{\"@type\":\"ReadAction\",\"target\":[\"https:\\\/\\\/racom.com.pl\\\/index.php\\\/produkt\\\/szczoteczka-soniczna-do-zebow-z-zestawem-koncowek-fairywill-508-biala\\\/\"]}]},{\"@type\":\"ImageObject\",\"inLanguage\":\"pl-PL\",\"@id\":\"https:\\\/\\\/racom.com.pl\\\/index.php\\\/produkt\\\/szczoteczka-soniczna-do-zebow-z-zestawem-koncowek-fairywill-508-biala\\\/#primaryimage\",\"url\":\"https:\\\/\\\/racom.com.pl\\\/wp-content\\\/uploads\\\/2025\\\/07\\\/allegro_687d2a6cc6dbb7.95303066_0c13c430456591812106821d3b97.jpg\",\"contentUrl\":\"https:\\\/\\\/racom.com.pl\\\/wp-content\\\/uploads\\\/2025\\\/07\\\/allegro_687d2a6cc6dbb7.95303066_0c13c430456591812106821d3b97.jpg\",\"width\":1000,\"height\":636},{\"@type\":\"BreadcrumbList\",\"@id\":\"https:\\\/\\\/racom.com.pl\\\/index.php\\\/produkt\\\/szczoteczka-soniczna-do-zebow-z-zestawem-koncowek-fairywill-508-biala\\\/#breadcrumb\",\"itemListElement\":[{\"@type\":\"ListItem\",\"position\":1,\"name\":\"Strona g\u0142\u00f3wna\",\"item\":\"https:\\\/\\\/racom.com.pl\\\/\"},{\"@type\":\"ListItem\",\"position\":2,\"name\":\"Sklep\",\"item\":\"https:\\\/\\\/racom.com.pl\\\/\"},{\"@type\":\"ListItem\",\"position\":3,\"name\":\"SZCZOTECZKA SONICZNA DO Z\u0118B\u00d3W Z ZESTAWEM KO\u0143C\u00d3WEK FAIRYWILL 508 BIA\u0141A\"}]},{\"@type\":\"WebSite\",\"@id\":\"https:\\\/\\\/racom.com.pl\\\/#website\",\"url\":\"https:\\\/\\\/racom.com.pl\\\/\",\"name\":\"Mix Market - Supermarket z wszystkim co potrzeba do domu i nie tylko\",\"description\":\"\",\"publisher\":{\"@id\":\"https:\\\/\\\/racom.com.pl\\\/#organization\"},\"potentialAction\":[{\"@type\":\"SearchAction\",\"target\":{\"@type\":\"EntryPoint\",\"urlTemplate\":\"https:\\\/\\\/racom.com.pl\\\/?s={search_term_string}\"},\"query-input\":{\"@type\":\"PropertyValueSpecification\",\"valueRequired\":true,\"valueName\":\"search_term_string\"}}],\"inLanguage\":\"pl-PL\"},{\"@type\":\"Organization\",\"@id\":\"https:\\\/\\\/racom.com.pl\\\/#organization\",\"name\":\"Mix Market - Supermarket z wszystkim co potrzeba do domu i nie tylko\",\"url\":\"https:\\\/\\\/racom.com.pl\\\/\",\"logo\":{\"@type\":\"ImageObject\",\"inLanguage\":\"pl-PL\",\"@id\":\"https:\\\/\\\/racom.com.pl\\\/#\\\/schema\\\/logo\\\/image\\\/\",\"url\":\"https:\\\/\\\/racom.com.pl\\\/wp-content\\\/uploads\\\/2025\\\/07\\\/mixmarket_logo.png\",\"contentUrl\":\"https:\\\/\\\/racom.com.pl\\\/wp-content\\\/uploads\\\/2025\\\/07\\\/mixmarket_logo.png\",\"width\":1024,\"height\":1024,\"caption\":\"Mix Market - Supermarket z wszystkim co potrzeba do domu i nie tylko\"},\"image\":{\"@id\":\"https:\\\/\\\/racom.com.pl\\\/#\\\/schema\\\/logo\\\/image\\\/\"}}]}<\/script>\n<!-- \/ Yoast SEO plugin. -->","yoast_head_json":{"title":"SZCZOTECZKA SONICZNA DO Z\u0118B\u00d3W Z ZESTAWEM KO\u0143C\u00d3WEK FAIRYWILL 508 BIA\u0141A - Mix Market - Supermarket z wszystkim co potrzeba","robots":{"index":"index","follow":"follow","max-snippet":"max-snippet:-1","max-image-preview":"max-image-preview:large","max-video-preview":"max-video-preview:-1"},"canonical":"https:\/\/racom.com.pl\/index.php\/produkt\/szczoteczka-soniczna-do-zebow-z-zestawem-koncowek-fairywill-508-biala\/","og_locale":"pl_PL","og_type":"article","og_title":"SZCZOTECZKA SONICZNA DO Z\u0118B\u00d3W Z ZESTAWEM KO\u0143C\u00d3WEK FAIRYWILL 508 BIA\u0141A - Mix Market - Supermarket z wszystkim co potrzeba","og_description":"Szczoteczka soniczna do z\u0119b\u00f3w FairyWill 508 Szczoteczka soniczna FairyWill 508 BIA\u0141A (zestaw) Teraz mo\u017cesz jeszcze lepiej zadba\u0107 o zdrowie i higien\u0119 swoich z\u0119b\u00f3w. Zaakceptowana przez ADA szczoteczka soniczna FairyWill 508 generuje wibracje z cz\u0119stotliwo\u015bci\u0105 si\u0119gaj\u0105c\u0105 40 000 na minut\u0119, dzi\u0119ki czemu zapewnia szybkie, dok\u0142adne i efektywne czyszczenie. Oferuje r\u00f3wnie\u017c inteligentny, 2-minutowy timer oraz 5 tryb\u00f3w. [&hellip;]","og_url":"https:\/\/racom.com.pl\/index.php\/produkt\/szczoteczka-soniczna-do-zebow-z-zestawem-koncowek-fairywill-508-biala\/","og_site_name":"Mix Market - Supermarket z wszystkim co potrzeba","og_image":[{"width":1000,"height":636,"url":"https:\/\/racom.com.pl\/wp-content\/uploads\/2025\/07\/allegro_687d2a6cc6dbb7.95303066_0c13c430456591812106821d3b97.jpg","type":"image\/jpeg"}],"twitter_card":"summary_large_image","twitter_misc":{"Szacowany czas czytania":"2 minuty"},"schema":{"@context":"https:\/\/schema.org","@graph":[{"@type":"WebPage","@id":"https:\/\/racom.com.pl\/index.php\/produkt\/szczoteczka-soniczna-do-zebow-z-zestawem-koncowek-fairywill-508-biala\/","url":"https:\/\/racom.com.pl\/index.php\/produkt\/szczoteczka-soniczna-do-zebow-z-zestawem-koncowek-fairywill-508-biala\/","name":"SZCZOTECZKA SONICZNA DO Z\u0118B\u00d3W Z ZESTAWEM KO\u0143C\u00d3WEK FAIRYWILL 508 BIA\u0141A - Mix Market - Supermarket z wszystkim co potrzeba","isPartOf":{"@id":"https:\/\/racom.com.pl\/#website"},"primaryImageOfPage":{"@id":"https:\/\/racom.com.pl\/index.php\/produkt\/szczoteczka-soniczna-do-zebow-z-zestawem-koncowek-fairywill-508-biala\/#primaryimage"},"image":{"@id":"https:\/\/racom.com.pl\/index.php\/produkt\/szczoteczka-soniczna-do-zebow-z-zestawem-koncowek-fairywill-508-biala\/#primaryimage"},"thumbnailUrl":"https:\/\/racom.com.pl\/wp-content\/uploads\/2025\/07\/allegro_687d2a6cc6dbb7.95303066_0c13c430456591812106821d3b97.jpg","datePublished":"2025-07-20T17:39:02+00:00","breadcrumb":{"@id":"https:\/\/racom.com.pl\/index.php\/produkt\/szczoteczka-soniczna-do-zebow-z-zestawem-koncowek-fairywill-508-biala\/#breadcrumb"},"inLanguage":"pl-PL","potentialAction":[{"@type":"ReadAction","target":["https:\/\/racom.com.pl\/index.php\/produkt\/szczoteczka-soniczna-do-zebow-z-zestawem-koncowek-fairywill-508-biala\/"]}]},{"@type":"ImageObject","inLanguage":"pl-PL","@id":"https:\/\/racom.com.pl\/index.php\/produkt\/szczoteczka-soniczna-do-zebow-z-zestawem-koncowek-fairywill-508-biala\/#primaryimage","url":"https:\/\/racom.com.pl\/wp-content\/uploads\/2025\/07\/allegro_687d2a6cc6dbb7.95303066_0c13c430456591812106821d3b97.jpg","contentUrl":"https:\/\/racom.com.pl\/wp-content\/uploads\/2025\/07\/allegro_687d2a6cc6dbb7.95303066_0c13c430456591812106821d3b97.jpg","width":1000,"height":636},{"@type":"BreadcrumbList","@id":"https:\/\/racom.com.pl\/index.php\/produkt\/szczoteczka-soniczna-do-zebow-z-zestawem-koncowek-fairywill-508-biala\/#breadcrumb","itemListElement":[{"@type":"ListItem","position":1,"name":"Strona g\u0142\u00f3wna","item":"https:\/\/racom.com.pl\/"},{"@type":"ListItem","position":2,"name":"Sklep","item":"https:\/\/racom.com.pl\/"},{"@type":"ListItem","position":3,"name":"SZCZOTECZKA SONICZNA DO Z\u0118B\u00d3W Z ZESTAWEM KO\u0143C\u00d3WEK FAIRYWILL 508 BIA\u0141A"}]},{"@type":"WebSite","@id":"https:\/\/racom.com.pl\/#website","url":"https:\/\/racom.com.pl\/","name":"Mix Market - Supermarket z wszystkim co potrzeba do domu i nie tylko","description":"","publisher":{"@id":"https:\/\/racom.com.pl\/#organization"},"potentialAction":[{"@type":"SearchAction","target":{"@type":"EntryPoint","urlTemplate":"https:\/\/racom.com.pl\/?s={search_term_string}"},"query-input":{"@type":"PropertyValueSpecification","valueRequired":true,"valueName":"search_term_string"}}],"inLanguage":"pl-PL"},{"@type":"Organization","@id":"https:\/\/racom.com.pl\/#organization","name":"Mix Market - Supermarket z wszystkim co potrzeba do domu i nie tylko","url":"https:\/\/racom.com.pl\/","logo":{"@type":"ImageObject","inLanguage":"pl-PL","@id":"https:\/\/racom.com.pl\/#\/schema\/logo\/image\/","url":"https:\/\/racom.com.pl\/wp-content\/uploads\/2025\/07\/mixmarket_logo.png","contentUrl":"https:\/\/racom.com.pl\/wp-content\/uploads\/2025\/07\/mixmarket_logo.png","width":1024,"height":1024,"caption":"Mix Market - Supermarket z wszystkim co potrzeba do domu i nie tylko"},"image":{"@id":"https:\/\/racom.com.pl\/#\/schema\/logo\/image\/"}}]}},"_links":{"self":[{"href":"https:\/\/racom.com.pl\/index.php\/wp-json\/wp\/v2\/product\/3787","targetHints":{"allow":["GET"]}}],"collection":[{"href":"https:\/\/racom.com.pl\/index.php\/wp-json\/wp\/v2\/product"}],"about":[{"href":"https:\/\/racom.com.pl\/index.php\/wp-json\/wp\/v2\/types\/product"}],"replies":[{"embeddable":true,"href":"https:\/\/racom.com.pl\/index.php\/wp-json\/wp\/v2\/comments?post=3787"}],"wp:featuredmedia":[{"embeddable":true,"href":"https:\/\/racom.com.pl\/index.php\/wp-json\/wp\/v2\/media\/3798"}],"wp:attachment":[{"href":"https:\/\/racom.com.pl\/index.php\/wp-json\/wp\/v2\/media?parent=3787"}],"wp:term":[{"taxonomy":"product_brand","embeddable":true,"href":"https:\/\/racom.com.pl\/index.php\/wp-json\/wp\/v2\/product_brand?post=3787"},{"taxonomy":"product_cat","embeddable":true,"href":"https:\/\/racom.com.pl\/index.php\/wp-json\/wp\/v2\/product_cat?post=3787"},{"taxonomy":"product_tag","embeddable":true,"href":"https:\/\/racom.com.pl\/index.php\/wp-json\/wp\/v2\/product_tag?post=3787"}],"curies":[{"name":"wp","href":"https:\/\/api.w.org\/{rel}","templated":true}]}}