{"id":3799,"date":"2025-07-20T19:42:21","date_gmt":"2025-07-20T17:42:21","guid":{"rendered":"http:\/\/192.168.2.106\/index.php\/produkt\/terra-minerals-kwas-fulwowy-mineraly-aminokwasy-kwasy-organiczne\/"},"modified":"2025-07-20T19:42:21","modified_gmt":"2025-07-20T17:42:21","slug":"terra-minerals-kwas-fulwowy-mineraly-aminokwasy-kwasy-organiczne","status":"publish","type":"product","link":"https:\/\/racom.com.pl\/index.php\/produkt\/terra-minerals-kwas-fulwowy-mineraly-aminokwasy-kwasy-organiczne\/","title":{"rendered":"Terra+ Minerals Kwas Fulwowy MINERA\u0141Y | AMINOKWASY | KWASY ORGANICZNE"},"content":{"rendered":"<p><b>TERRA+ MINERALS<\/b><\/p>\n<p>Kompleksowo od\u017cywia, regeneruje i oczyszcza Tw\u00f3j&nbsp;organizm po intensywnym dniu, uzupe\u0142niaj\u0105c minera\u0142y&nbsp;wyp\u0142ukane przez stres lub wysi\u0142ek fizyczny.<\/p>\n<p>Sk\u0142ad: Niewyizolowany kwas fulwowy z kompleksem minera\u0142\u00f3w \u015bladowych, w tym 5,74 mg \u017celaza (41% RWS*).<\/p>\n<p>15 ML \u2013 zapas na 30 dni<\/p>\n<p>Funkcjonalno\u015b\u0107<\/p>\n<p>Uzupe\u0142nia niedobory witamin i minera\u0142\u00f3w, wspomaga regeneracj\u0119.<\/p>\n<p>+ produkt wega\u0144ski<\/p>\n<p>+ gluten-free<\/p>\n<p>+ certyfikowane \u017ar\u00f3d\u0142o<\/p>\n<p>+ przebadany laboratoryjnie<\/p>\n<p>Jak stosowa\u0107?<\/p>\n<p>Wkropi\u0107 10 kropli (0,5 ml) do 250 ml niechlorowanej wody. Idealnie sprawdzi si\u0119 jako popo\u0142udniowe uzupe\u0142nienie wyp\u0142ukanych witamin i minera\u0142\u00f3w.<\/p>\n<p>DLA KOGO?<\/p>\n<p>Terra+ Minerals to \u015bwietny wyb\u00f3r dla wszystkich os\u00f3b, kt\u00f3re chc\u0105 zadba\u0107 o od\u017cywienie organizmu. Ze wzgl\u0119du na bogaty w \u017celazo sk\u0142ad produkt jest szczeg\u00f3lnie wskazany dla&nbsp;wegetarian i wegan, kobiet oraz os\u00f3b \u0107wicz\u0105cych fizycznie.<\/p>\n<p>SMAK I ZAPACH<\/p>\n<p>Mo\u017ce mie\u0107 lekko metaliczny posmak, ze wzgl\u0119du na du\u017c\u0105 ilo\u015b\u0107 \u017celaza wyst\u0119puj\u0105cego&nbsp;w jego kompleksie minera\u0142\u00f3w. Br\u0105zowy kolor i mineralny zapach esencji jest naturalny&nbsp;i wynika z pochodzenia oraz sk\u0142adu bogatego w sk\u0142adniki od\u017cywcze i naturalne minera\u0142y.<\/p>\n<p>SK\u0141ADNIKI OD\u017bYWCZE<\/p>\n<p>71 minera\u0142\u00f3w | 18 aminokwas\u00f3w | 32 kwas\u00f3w organicznych.<\/p>\n<p>PRZECHOWYWANIE<\/p>\n<p>Przechowywa\u0107 w temperaturze pokojowej, w miejscu suchym i zacienionym,&nbsp;w spos\u00f3b niedost\u0119pny dla ma\u0142ych dzieci.<\/p>\n<p><b>KORZY\u015aCI:<\/b><\/p>\n<p>+ Intensywnie od\u017cywia organizm +&nbsp;Dotlenia kom\u00f3rki<\/p>\n<p>+ Pomaga w uzupe\u0142nieniu&nbsp;niedobor\u00f3w <b>\u017celaza<\/b><\/p>\n<p>+ Doskona\u0142y dla kobiet w okresie&nbsp;menstruacji<\/p>\n<p>+ Szerokie spektrum sk\u0142adnik\u00f3w&nbsp;mikrood\u017cywczych<\/p>\n<p>+ Usprawnia produkcj\u0119 enzym\u00f3w<\/p>\n<p>+ Wspomaga regeneracj\u0119 po&nbsp;treningu, stresie<\/p>\n<p>+ Bogaty w naturalne probiotyki&nbsp;i enzymy<\/p>\n<p><b>CZYM JEST KWAS&nbsp;FULWOWY?<\/b><\/p>\n<p>Kwas fulwowy to w 100% naturalny, organiczny&nbsp;zwi\u0105zek chemiczny wyst\u0119puj\u0105cy w pr\u00f3chnicy \u2013&nbsp;wysoce od\u017cywczej warstwie gleby. Stanowi&nbsp;istotny element systemu transportu sk\u0142adnik\u00f3w&nbsp;od\u017cywczych z ziemi bezpo\u015brednio do ro\u015blin&nbsp;i dalej do kolejnych organizm\u00f3w w naturalnym&nbsp;\u0142a\u0144cuchu pokarmowym.<\/p>\n<p>To jeden z najwa\u017cniejszych zwi\u0105zk\u00f3w&nbsp;chemicznych wyst\u0119puj\u0105cych na naszej&nbsp;Planecie. Jego udzia\u0142 w procesie od\u017cywiania&nbsp;oraz detoksykacji kom\u00f3rkowej jest&nbsp;kluczowy dla ka\u017cdego \u017cywego organizmu.<\/p>\n<p><b>+&nbsp;<\/b>Odpowiada za od\u017cywienie kom\u00f3rkowe&nbsp;organizm\u00f3w \u017cywych \u2013 ich prawid\u0142owy&nbsp;wzrost, si\u0142\u0119 oraz odporno\u015b\u0107 na&nbsp;czynniki zewn\u0119trzne.<\/p>\n<p><b>+&nbsp;<\/b>Jego udzia\u0142 w procesie od\u017cywiania&nbsp;i detoksykacji kom\u00f3rkowej jest kluczowy&nbsp;oraz niezb\u0119dny dla ka\u017cdego \u017cywego&nbsp;organizmu.<\/p>\n<p><b>+<\/b>&nbsp;Dzia\u0142a niczym magnes \u2013 jedna cz\u0105steczka kwasu&nbsp;fulwowego ma zdolno\u015b\u0107 przyci\u0105gni\u0119cia do siebie&nbsp;kilkudziesi\u0119ciu innych cz\u0105steczek minera\u0142\u00f3w oraz&nbsp;pierwiastk\u00f3w \u015bladowych.<\/p>\n<p><b>+&nbsp;<\/b>Naukowcy nieustannie badaj\u0105 t\u0105 niesamowit\u0105 substancj\u0119, a dotychczasowe wyniki daj\u0105 niezwykle imponuj\u0105ce wyniki w kontek\u015bcie prozdrowotnych w\u0142a\u015bciwo\u015bci kwasu fulwowego.<\/p>\n<p>NAJWY\u017bSZA JAKO\u015a\u0106<\/p>\n<p>Z\u0142o\u017ce naszego surowca jest zlokalizowane na obszarze nieska\u017conym przemys\u0142em. MINERAL LOGIC pozyskuje kwas fulwowy ze z\u0142o\u017ca datowanego na ponad 30 milion\u00f3w lat! To niezwyk\u0142y kompleks od\u017cywczy \u2013 znajduje si\u0119 w nim a\u017c 71 minera\u0142\u00f3w \u015bladowych, 33 kwasy organiczne, 18 aminokwas\u00f3w oraz ponad 20 flawonoid\u00f3w i polifenoli. Wydobywany jest zar\u00f3wno z pradawnej warstwy gleb l\u0105dowych, jak i oceanicznych.<\/p>\n<p><b>\u0179r\u00f3d\u0142o pozyskiwania kwasu fulwowego ma znaczenie!<\/b><\/p>\n<p>Kwas fulwowy Terra+ zosta\u0142 przebadany przez naukowc\u00f3w z Uniwersytetu \u0141\u00f3dzkiego, kt\u00f3rzy potwierdzili jego:<\/p>\n<p>+ Promowanie regeneracji&nbsp;kom\u00f3rek<\/p>\n<p>+ W\u0142a\u015bciwo\u015bci przeciwzapalne<\/p>\n<p>+ Bezpiecze\u0144stwo&nbsp;stosowania<\/p>\n<p>+ Wspomaganie mikrobioty&nbsp;jelitowej<\/p>\n<p>Ekologiczne wydobycie<\/p>\n<p>Z\u0142o\u017ce naszego surowca jest zlokalizowane na obszarze nieska\u017conym przemys\u0142em. Ekstrakcja odbywa si\u0119 w pe\u0142ni ekologicznie \u2013 bez szkodliwych \u015brodk\u00f3w chemicznych.<\/p>\n<p>Certyfikowane \u017ar\u00f3d\u0142o<\/p>\n<p>Bezpiecze\u0144stwo i jako\u015b\u0107 naszego surowca zosta\u0142y zatwierdzone&nbsp;przez FDA oraz potwierdzone licznymi certyfikatami. Ka\u017cda&nbsp;partia posiada komplet bada\u0144 laboratoryjnych.<\/p>\n<p>Wsp\u00f3\u0142praca z naukowcami<\/p>\n<p><b>PRODUKTY TERRA+&nbsp;<\/b>charakteryzuj\u0105 si\u0119:<\/p>\n<p>+ <b>Maksymalnym skoncentrowaniem:<\/b><\/p>\n<p>Nie rozcie\u0144czamy kwasu fulwowego wod\u0105.<\/p>\n<p>+ <b>Bezpiecze\u0144stwem:<\/b><\/p>\n<p>Dodatkowo kopalnia Mineral Logic znajduje si\u0119 na&nbsp;li\u015bcie akredytowanych przez FDA producent\u00f3w \u017cywno\u015bci, co&nbsp;gwarantuje najwy\u017csze standardy produkcji i pakowania produkt\u00f3w.<\/p>\n<p>+ <b>Skuteczno\u015bci\u0105:<\/b><\/p>\n<p>OSTRZE\u017bENIA<\/p>\n<p>+ Maksymalna dzienna porcja do spo\u017cycia:&nbsp;1 ml kwasu fulwowego (20 kropli Terra+ Alkaline&nbsp;lub 20 kropli Terra+ Minerals lub 10 kropli Terra+ Alkaline i 10 kropli Terra+ Minerals).<\/p>\n<p>+ Nie stosowa\u0107 bezpo\u015brednio do ust.<\/p>\n<p>+ Nie miesza\u0107 z wod\u0105 chlorowan\u0105.<\/p>\n<p>+ Suplement diety nie mo\u017ce by\u0107 stosowany jako substytut zr\u00f3\u017cnicowanej diety.<\/p>\n<p>+ Zr\u00f3wnowa\u017cony spos\u00f3b \u017cywienia i prowadzenie zdrowego trybu \u017cycia s\u0105 wa\u017cne dla prawid\u0142owego&nbsp;funkcjonowania organizmu.<\/p>\n<p>+ Osobom przyjmuj\u0105cym leki, kobietom w ci\u0105\u017cy&nbsp;i karmi\u0105cym piersi\u0105 zaleca si\u0119 konsultacj\u0119 z lekarzem przed stosowaniem.<\/p>\n","protected":false},"excerpt":{"rendered":"<p>TERRA+ MINERALS Kompleksowo od\u017cywia, regeneruje i oczyszcza Tw\u00f3j&nbsp;organizm po intensywnym dniu, uzupe\u0142niaj\u0105c minera\u0142y&nbsp;wyp\u0142ukane przez stres lub wysi\u0142ek fizyczny. Sk\u0142ad: Niewyizolowany kwas fulwowy z kompleksem minera\u0142\u00f3w \u015bladowych, w tym 5,74 mg \u017celaza (41% RWS*). 15 ML \u2013 zapas na 30 dni Funkcjonalno\u015b\u0107 Uzupe\u0142nia niedobory witamin i minera\u0142\u00f3w, wspomaga regeneracj\u0119. + produkt wega\u0144ski + gluten-free + certyfikowane [&hellip;]<\/p>\n","protected":false},"featured_media":3814,"comment_status":"open","ping_status":"closed","template":"","meta":[],"product_brand":[88],"product_cat":[287],"product_tag":[],"class_list":{"0":"post-3799","1":"product","2":"type-product","3":"status-publish","4":"has-post-thumbnail","6":"product_brand-bez-marki","7":"product_cat-suplementy-diety","9":"first","10":"instock","11":"taxable","12":"shipping-taxable","13":"purchasable","14":"product-type-simple"},"yoast_head":"<!-- This site is optimized with the Yoast SEO plugin v27.3 - https:\/\/yoast.com\/product\/yoast-seo-wordpress\/ -->\n<title>Terra+ Minerals Kwas Fulwowy MINERA\u0141Y | AMINOKWASY | KWASY ORGANICZNE - Mix Market - Supermarket z wszystkim co potrzeba<\/title>\n<meta name=\"robots\" content=\"index, follow, max-snippet:-1, max-image-preview:large, max-video-preview:-1\" \/>\n<link rel=\"canonical\" href=\"https:\/\/racom.com.pl\/index.php\/produkt\/terra-minerals-kwas-fulwowy-mineraly-aminokwasy-kwasy-organiczne\/\" \/>\n<meta property=\"og:locale\" content=\"pl_PL\" \/>\n<meta property=\"og:type\" content=\"article\" \/>\n<meta property=\"og:title\" content=\"Terra+ Minerals Kwas Fulwowy MINERA\u0141Y | AMINOKWASY | KWASY ORGANICZNE - Mix Market - Supermarket z wszystkim co potrzeba\" \/>\n<meta property=\"og:description\" content=\"TERRA+ MINERALS Kompleksowo od\u017cywia, regeneruje i oczyszcza Tw\u00f3j&nbsp;organizm po intensywnym dniu, uzupe\u0142niaj\u0105c minera\u0142y&nbsp;wyp\u0142ukane przez stres lub wysi\u0142ek fizyczny. Sk\u0142ad: Niewyizolowany kwas fulwowy z kompleksem minera\u0142\u00f3w \u015bladowych, w tym 5,74 mg \u017celaza (41% RWS*). 15 ML \u2013 zapas na 30 dni Funkcjonalno\u015b\u0107 Uzupe\u0142nia niedobory witamin i minera\u0142\u00f3w, wspomaga regeneracj\u0119. + produkt wega\u0144ski + gluten-free + certyfikowane [&hellip;]\" \/>\n<meta property=\"og:url\" content=\"https:\/\/racom.com.pl\/index.php\/produkt\/terra-minerals-kwas-fulwowy-mineraly-aminokwasy-kwasy-organiczne\/\" \/>\n<meta property=\"og:site_name\" content=\"Mix Market - Supermarket z wszystkim co potrzeba\" \/>\n<meta property=\"og:image\" content=\"https:\/\/racom.com.pl\/wp-content\/uploads\/2025\/07\/allegro_687d2bace1b598.84562985_78c564d74f1484cc2e28c737d66c.jpg\" \/>\n\t<meta property=\"og:image:width\" content=\"890\" \/>\n\t<meta property=\"og:image:height\" content=\"980\" \/>\n\t<meta property=\"og:image:type\" content=\"image\/jpeg\" \/>\n<meta name=\"twitter:card\" content=\"summary_large_image\" \/>\n<meta name=\"twitter:label1\" content=\"Szacowany czas czytania\" \/>\n\t<meta name=\"twitter:data1\" content=\"4 minuty\" \/>\n<script type=\"application\/ld+json\" class=\"yoast-schema-graph\">{\"@context\":\"https:\\\/\\\/schema.org\",\"@graph\":[{\"@type\":\"WebPage\",\"@id\":\"https:\\\/\\\/racom.com.pl\\\/index.php\\\/produkt\\\/terra-minerals-kwas-fulwowy-mineraly-aminokwasy-kwasy-organiczne\\\/\",\"url\":\"https:\\\/\\\/racom.com.pl\\\/index.php\\\/produkt\\\/terra-minerals-kwas-fulwowy-mineraly-aminokwasy-kwasy-organiczne\\\/\",\"name\":\"Terra+ Minerals Kwas Fulwowy MINERA\u0141Y | AMINOKWASY | KWASY ORGANICZNE - Mix Market - Supermarket z wszystkim co potrzeba\",\"isPartOf\":{\"@id\":\"https:\\\/\\\/racom.com.pl\\\/#website\"},\"primaryImageOfPage\":{\"@id\":\"https:\\\/\\\/racom.com.pl\\\/index.php\\\/produkt\\\/terra-minerals-kwas-fulwowy-mineraly-aminokwasy-kwasy-organiczne\\\/#primaryimage\"},\"image\":{\"@id\":\"https:\\\/\\\/racom.com.pl\\\/index.php\\\/produkt\\\/terra-minerals-kwas-fulwowy-mineraly-aminokwasy-kwasy-organiczne\\\/#primaryimage\"},\"thumbnailUrl\":\"https:\\\/\\\/racom.com.pl\\\/wp-content\\\/uploads\\\/2025\\\/07\\\/allegro_687d2bace1b598.84562985_78c564d74f1484cc2e28c737d66c.jpg\",\"datePublished\":\"2025-07-20T17:42:21+00:00\",\"breadcrumb\":{\"@id\":\"https:\\\/\\\/racom.com.pl\\\/index.php\\\/produkt\\\/terra-minerals-kwas-fulwowy-mineraly-aminokwasy-kwasy-organiczne\\\/#breadcrumb\"},\"inLanguage\":\"pl-PL\",\"potentialAction\":[{\"@type\":\"ReadAction\",\"target\":[\"https:\\\/\\\/racom.com.pl\\\/index.php\\\/produkt\\\/terra-minerals-kwas-fulwowy-mineraly-aminokwasy-kwasy-organiczne\\\/\"]}]},{\"@type\":\"ImageObject\",\"inLanguage\":\"pl-PL\",\"@id\":\"https:\\\/\\\/racom.com.pl\\\/index.php\\\/produkt\\\/terra-minerals-kwas-fulwowy-mineraly-aminokwasy-kwasy-organiczne\\\/#primaryimage\",\"url\":\"https:\\\/\\\/racom.com.pl\\\/wp-content\\\/uploads\\\/2025\\\/07\\\/allegro_687d2bace1b598.84562985_78c564d74f1484cc2e28c737d66c.jpg\",\"contentUrl\":\"https:\\\/\\\/racom.com.pl\\\/wp-content\\\/uploads\\\/2025\\\/07\\\/allegro_687d2bace1b598.84562985_78c564d74f1484cc2e28c737d66c.jpg\",\"width\":890,\"height\":980},{\"@type\":\"BreadcrumbList\",\"@id\":\"https:\\\/\\\/racom.com.pl\\\/index.php\\\/produkt\\\/terra-minerals-kwas-fulwowy-mineraly-aminokwasy-kwasy-organiczne\\\/#breadcrumb\",\"itemListElement\":[{\"@type\":\"ListItem\",\"position\":1,\"name\":\"Strona g\u0142\u00f3wna\",\"item\":\"https:\\\/\\\/racom.com.pl\\\/\"},{\"@type\":\"ListItem\",\"position\":2,\"name\":\"Sklep\",\"item\":\"https:\\\/\\\/racom.com.pl\\\/\"},{\"@type\":\"ListItem\",\"position\":3,\"name\":\"Terra+ Minerals Kwas Fulwowy MINERA\u0141Y | AMINOKWASY | KWASY ORGANICZNE\"}]},{\"@type\":\"WebSite\",\"@id\":\"https:\\\/\\\/racom.com.pl\\\/#website\",\"url\":\"https:\\\/\\\/racom.com.pl\\\/\",\"name\":\"Mix Market - Supermarket z wszystkim co potrzeba do domu i nie tylko\",\"description\":\"\",\"publisher\":{\"@id\":\"https:\\\/\\\/racom.com.pl\\\/#organization\"},\"potentialAction\":[{\"@type\":\"SearchAction\",\"target\":{\"@type\":\"EntryPoint\",\"urlTemplate\":\"https:\\\/\\\/racom.com.pl\\\/?s={search_term_string}\"},\"query-input\":{\"@type\":\"PropertyValueSpecification\",\"valueRequired\":true,\"valueName\":\"search_term_string\"}}],\"inLanguage\":\"pl-PL\"},{\"@type\":\"Organization\",\"@id\":\"https:\\\/\\\/racom.com.pl\\\/#organization\",\"name\":\"Mix Market - Supermarket z wszystkim co potrzeba do domu i nie tylko\",\"url\":\"https:\\\/\\\/racom.com.pl\\\/\",\"logo\":{\"@type\":\"ImageObject\",\"inLanguage\":\"pl-PL\",\"@id\":\"https:\\\/\\\/racom.com.pl\\\/#\\\/schema\\\/logo\\\/image\\\/\",\"url\":\"https:\\\/\\\/racom.com.pl\\\/wp-content\\\/uploads\\\/2025\\\/07\\\/mixmarket_logo.png\",\"contentUrl\":\"https:\\\/\\\/racom.com.pl\\\/wp-content\\\/uploads\\\/2025\\\/07\\\/mixmarket_logo.png\",\"width\":1024,\"height\":1024,\"caption\":\"Mix Market - Supermarket z wszystkim co potrzeba do domu i nie tylko\"},\"image\":{\"@id\":\"https:\\\/\\\/racom.com.pl\\\/#\\\/schema\\\/logo\\\/image\\\/\"}}]}<\/script>\n<!-- \/ Yoast SEO plugin. -->","yoast_head_json":{"title":"Terra+ Minerals Kwas Fulwowy MINERA\u0141Y | AMINOKWASY | KWASY ORGANICZNE - Mix Market - Supermarket z wszystkim co potrzeba","robots":{"index":"index","follow":"follow","max-snippet":"max-snippet:-1","max-image-preview":"max-image-preview:large","max-video-preview":"max-video-preview:-1"},"canonical":"https:\/\/racom.com.pl\/index.php\/produkt\/terra-minerals-kwas-fulwowy-mineraly-aminokwasy-kwasy-organiczne\/","og_locale":"pl_PL","og_type":"article","og_title":"Terra+ Minerals Kwas Fulwowy MINERA\u0141Y | AMINOKWASY | KWASY ORGANICZNE - Mix Market - Supermarket z wszystkim co potrzeba","og_description":"TERRA+ MINERALS Kompleksowo od\u017cywia, regeneruje i oczyszcza Tw\u00f3j&nbsp;organizm po intensywnym dniu, uzupe\u0142niaj\u0105c minera\u0142y&nbsp;wyp\u0142ukane przez stres lub wysi\u0142ek fizyczny. Sk\u0142ad: Niewyizolowany kwas fulwowy z kompleksem minera\u0142\u00f3w \u015bladowych, w tym 5,74 mg \u017celaza (41% RWS*). 15 ML \u2013 zapas na 30 dni Funkcjonalno\u015b\u0107 Uzupe\u0142nia niedobory witamin i minera\u0142\u00f3w, wspomaga regeneracj\u0119. + produkt wega\u0144ski + gluten-free + certyfikowane [&hellip;]","og_url":"https:\/\/racom.com.pl\/index.php\/produkt\/terra-minerals-kwas-fulwowy-mineraly-aminokwasy-kwasy-organiczne\/","og_site_name":"Mix Market - Supermarket z wszystkim co potrzeba","og_image":[{"width":890,"height":980,"url":"https:\/\/racom.com.pl\/wp-content\/uploads\/2025\/07\/allegro_687d2bace1b598.84562985_78c564d74f1484cc2e28c737d66c.jpg","type":"image\/jpeg"}],"twitter_card":"summary_large_image","twitter_misc":{"Szacowany czas czytania":"4 minuty"},"schema":{"@context":"https:\/\/schema.org","@graph":[{"@type":"WebPage","@id":"https:\/\/racom.com.pl\/index.php\/produkt\/terra-minerals-kwas-fulwowy-mineraly-aminokwasy-kwasy-organiczne\/","url":"https:\/\/racom.com.pl\/index.php\/produkt\/terra-minerals-kwas-fulwowy-mineraly-aminokwasy-kwasy-organiczne\/","name":"Terra+ Minerals Kwas Fulwowy MINERA\u0141Y | AMINOKWASY | KWASY ORGANICZNE - Mix Market - Supermarket z wszystkim co potrzeba","isPartOf":{"@id":"https:\/\/racom.com.pl\/#website"},"primaryImageOfPage":{"@id":"https:\/\/racom.com.pl\/index.php\/produkt\/terra-minerals-kwas-fulwowy-mineraly-aminokwasy-kwasy-organiczne\/#primaryimage"},"image":{"@id":"https:\/\/racom.com.pl\/index.php\/produkt\/terra-minerals-kwas-fulwowy-mineraly-aminokwasy-kwasy-organiczne\/#primaryimage"},"thumbnailUrl":"https:\/\/racom.com.pl\/wp-content\/uploads\/2025\/07\/allegro_687d2bace1b598.84562985_78c564d74f1484cc2e28c737d66c.jpg","datePublished":"2025-07-20T17:42:21+00:00","breadcrumb":{"@id":"https:\/\/racom.com.pl\/index.php\/produkt\/terra-minerals-kwas-fulwowy-mineraly-aminokwasy-kwasy-organiczne\/#breadcrumb"},"inLanguage":"pl-PL","potentialAction":[{"@type":"ReadAction","target":["https:\/\/racom.com.pl\/index.php\/produkt\/terra-minerals-kwas-fulwowy-mineraly-aminokwasy-kwasy-organiczne\/"]}]},{"@type":"ImageObject","inLanguage":"pl-PL","@id":"https:\/\/racom.com.pl\/index.php\/produkt\/terra-minerals-kwas-fulwowy-mineraly-aminokwasy-kwasy-organiczne\/#primaryimage","url":"https:\/\/racom.com.pl\/wp-content\/uploads\/2025\/07\/allegro_687d2bace1b598.84562985_78c564d74f1484cc2e28c737d66c.jpg","contentUrl":"https:\/\/racom.com.pl\/wp-content\/uploads\/2025\/07\/allegro_687d2bace1b598.84562985_78c564d74f1484cc2e28c737d66c.jpg","width":890,"height":980},{"@type":"BreadcrumbList","@id":"https:\/\/racom.com.pl\/index.php\/produkt\/terra-minerals-kwas-fulwowy-mineraly-aminokwasy-kwasy-organiczne\/#breadcrumb","itemListElement":[{"@type":"ListItem","position":1,"name":"Strona g\u0142\u00f3wna","item":"https:\/\/racom.com.pl\/"},{"@type":"ListItem","position":2,"name":"Sklep","item":"https:\/\/racom.com.pl\/"},{"@type":"ListItem","position":3,"name":"Terra+ Minerals Kwas Fulwowy MINERA\u0141Y | AMINOKWASY | KWASY ORGANICZNE"}]},{"@type":"WebSite","@id":"https:\/\/racom.com.pl\/#website","url":"https:\/\/racom.com.pl\/","name":"Mix Market - Supermarket z wszystkim co potrzeba do domu i nie tylko","description":"","publisher":{"@id":"https:\/\/racom.com.pl\/#organization"},"potentialAction":[{"@type":"SearchAction","target":{"@type":"EntryPoint","urlTemplate":"https:\/\/racom.com.pl\/?s={search_term_string}"},"query-input":{"@type":"PropertyValueSpecification","valueRequired":true,"valueName":"search_term_string"}}],"inLanguage":"pl-PL"},{"@type":"Organization","@id":"https:\/\/racom.com.pl\/#organization","name":"Mix Market - Supermarket z wszystkim co potrzeba do domu i nie tylko","url":"https:\/\/racom.com.pl\/","logo":{"@type":"ImageObject","inLanguage":"pl-PL","@id":"https:\/\/racom.com.pl\/#\/schema\/logo\/image\/","url":"https:\/\/racom.com.pl\/wp-content\/uploads\/2025\/07\/mixmarket_logo.png","contentUrl":"https:\/\/racom.com.pl\/wp-content\/uploads\/2025\/07\/mixmarket_logo.png","width":1024,"height":1024,"caption":"Mix Market - Supermarket z wszystkim co potrzeba do domu i nie tylko"},"image":{"@id":"https:\/\/racom.com.pl\/#\/schema\/logo\/image\/"}}]}},"_links":{"self":[{"href":"https:\/\/racom.com.pl\/index.php\/wp-json\/wp\/v2\/product\/3799","targetHints":{"allow":["GET"]}}],"collection":[{"href":"https:\/\/racom.com.pl\/index.php\/wp-json\/wp\/v2\/product"}],"about":[{"href":"https:\/\/racom.com.pl\/index.php\/wp-json\/wp\/v2\/types\/product"}],"replies":[{"embeddable":true,"href":"https:\/\/racom.com.pl\/index.php\/wp-json\/wp\/v2\/comments?post=3799"}],"wp:featuredmedia":[{"embeddable":true,"href":"https:\/\/racom.com.pl\/index.php\/wp-json\/wp\/v2\/media\/3814"}],"wp:attachment":[{"href":"https:\/\/racom.com.pl\/index.php\/wp-json\/wp\/v2\/media?parent=3799"}],"wp:term":[{"taxonomy":"product_brand","embeddable":true,"href":"https:\/\/racom.com.pl\/index.php\/wp-json\/wp\/v2\/product_brand?post=3799"},{"taxonomy":"product_cat","embeddable":true,"href":"https:\/\/racom.com.pl\/index.php\/wp-json\/wp\/v2\/product_cat?post=3799"},{"taxonomy":"product_tag","embeddable":true,"href":"https:\/\/racom.com.pl\/index.php\/wp-json\/wp\/v2\/product_tag?post=3799"}],"curies":[{"name":"wp","href":"https:\/\/api.w.org\/{rel}","templated":true}]}}