{"id":3815,"date":"2025-07-20T19:47:43","date_gmt":"2025-07-20T17:47:43","guid":{"rendered":"http:\/\/192.168.2.106\/index.php\/produkt\/terra-alkaline-kwas-fulwowy-suplement-diety-weganski\/"},"modified":"2025-07-20T19:47:43","modified_gmt":"2025-07-20T17:47:43","slug":"terra-alkaline-kwas-fulwowy-suplement-diety-weganski","status":"publish","type":"product","link":"https:\/\/racom.com.pl\/index.php\/produkt\/terra-alkaline-kwas-fulwowy-suplement-diety-weganski\/","title":{"rendered":"Terra+ alkaline kwas fulwowy Suplement Diety Wega\u0144ski"},"content":{"rendered":"<p><b>TERRA+ ALKALINE<\/b><\/p>\n<p>Wspiera oczyszczanie organizmu, zwi\u0119ksza ilo\u015b\u0107 si\u0142 witalnych i usprawnia metabolizm, przygotowuj\u0105c Ci\u0119 na wszystkie wyzwania, jakie przed Tob\u0105 stoj\u0105.<\/p>\n<p>Sk\u0142ad: Niewyizolowany kwas fulwowy z kompleksem minera\u0142\u00f3w \u015bladowych,<\/p>\n<p>15 ML \u2013 zapas na 30 dni.<\/p>\n<p>Funkcjonalno\u015b\u0107:<\/p>\n<p>Nawadnia organizm z rana, detoksykuje, dodaje energii.<\/p>\n<p>+ produkt wega\u0144ski<\/p>\n<p>+ gluten-free<\/p>\n<p>+ certyfikowane \u017ar\u00f3d\u0142o<\/p>\n<p>+ przebadany laboratoryjnie<\/p>\n<p>JAK STOSOWA\u0106?<\/p>\n<p>Wkropi\u0107 10 kropli (0,5 ml) do 250 ml niechlorowanej wody. Polecamy<\/p>\n<p>wypi\u0107 rano jako pierwsza szklanka wody zaraz po przebudzeniu.<\/p>\n<p>DLA KOGO?<\/p>\n<p>Terra+ Alkaline to \u015bwietny wyb\u00f3r dla wszystkich os\u00f3b, kt\u00f3re chc\u0105 zadba\u0107 o r\u00f3wnowag\u0119 organizmu. Ze wzgl\u0119du na sk\u0142ad kwasu fulwowego, szczeg\u00f3lnie polecany jest dla tych, kt\u00f3rzy chc\u0105 oczy\u015bci\u0107 sw\u00f3j organizm, podnie\u015b\u0107 poziom sil witalnych, wspom\u00f3c proces detoksykacji i poprawi\u0107 trawienie.<\/p>\n<p>SMAK I ZAPACH<\/p>\n<p>Mimo swojego organicznego pochodzenia, terra+ alkaline nie ma smaku ani zapachu.Dlatego idealnie nadaje si\u0119 jako uzupe\u0142nienie porannego napoju o cenne <b>minera\u0142y i aminokwasy<\/b>&nbsp;Br\u0105zowy kolor esencji jest naturalny i wynika&nbsp;z pochodzenia oraz sk\u0142adu bogatego w sk\u0142adniki od\u017cywcze.<\/p>\n<p>SK\u0141ADNIKI OD\u017bYWCZE<\/p>\n<p>58 minera\u0142\u00f3w | 16 aminokwas\u00f3w | 1 kwas organiczny<\/p>\n<p>PRZECHOWYWANIE<\/p>\n<p>Przechowywa\u0107 w temperaturze pokojowej, w miejscu suchym i zacienionym,&nbsp;w spos\u00f3b niedost\u0119pny dla ma\u0142ych dzieci.<\/p>\n<p><b>KORZY\u015aCI:<\/b><\/p>\n<p>+ Alkalizuje organizm +&nbsp;Oczyszcza i detoksykuje<\/p>\n<p>+ Chelatuje metale ci\u0119\u017ckie +&nbsp;Dotlenia kom\u00f3rki<\/p>\n<p>+ Poprawia trawienie +&nbsp;Dodaje energii i wigoru<\/p>\n<p>+ Usprawnia metabolizm + Niweluje wolne rodniki<\/p>\n<p>+ Pozytywnie wp\u0142ywa na&nbsp;mikrobiom jelit<\/p>\n<p>+ Poprawia stan i wygl\u0105d sk\u00f3ry,&nbsp;w\u0142os\u00f3w i paznokci<\/p>\n<p><b>CO WYR\u00d3\u017bNIA TERRA+ ALKALINE?<\/b><\/p>\n<p>Alkaline pochodzi z dna pradawnych ocean\u00f3w \u2013 alkalicznych alg i bogatych w krzemionk\u0119 skamielin przez co jej odczyn pH to ~11.<\/p>\n<p>Codzienne spo\u017cywanie alkalicznych p\u0142yn\u00f3w wspomaga zachowanie r\u00f3wnowagi kwasowo -zasadowej organizmu, co przek\u0142ada si\u0119 na lepsz\u0105 oraz wydajniejsz\u0105 prac\u0119 wszystkich organ\u00f3w \u2013 zw\u0142aszcza przewodu pokarmowego.<\/p>\n<p>Szklanka wody z Terra+ Alkaline zaraz po przebudzeniu pozwala zapobiec odwodnieniu i jego nieprzyjemnym konsekwencjom, jak ospa\u0142o\u015b\u0107, spadek koncentracji oraz zawroty g\u0142owy. Dostarcza r\u00f3wnie\u017c niezb\u0119dnych minera\u0142\u00f3w i aminokwas\u00f3w, kt\u00f3re pozwalaj\u0105 rozpocz\u0105\u0107 dzie\u0144 z zapasem energii i si\u0142y do dzia\u0142ania.<\/p>\n<p><b>CZYM JEST KWAS&nbsp;FULWOWY?<\/b><\/p>\n<p>Kwas fulwowy to w 100% naturalny, organiczny&nbsp;zwi\u0105zek chemiczny wyst\u0119puj\u0105cy w pr\u00f3chnicy \u2013&nbsp;wysoce od\u017cywczej warstwie gleby. Stanowi&nbsp;istotny element systemu transportu sk\u0142adnik\u00f3w&nbsp;od\u017cywczych z ziemi bezpo\u015brednio do ro\u015blin&nbsp;i dalej do kolejnych organizm\u00f3w w naturalnym&nbsp;\u0142a\u0144cuchu pokarmowym.<\/p>\n<p>To jeden z najwa\u017cniejszych zwi\u0105zk\u00f3w&nbsp;chemicznych wyst\u0119puj\u0105cych na naszej&nbsp;Planecie. Jego udzia\u0142 w procesie od\u017cywiania&nbsp;oraz detoksykacji kom\u00f3rkowej jest&nbsp;kluczowy dla ka\u017cdego \u017cywego organizmu.<\/p>\n<p><b>+&nbsp;<\/b>Odpowiada za od\u017cywienie kom\u00f3rkowe&nbsp;organizm\u00f3w \u017cywych \u2013 ich prawid\u0142owy&nbsp;wzrost, si\u0142\u0119 oraz odporno\u015b\u0107 na&nbsp;czynniki zewn\u0119trzne.<\/p>\n<p><b>+ <\/b>Jego udzia\u0142 w procesie od\u017cywiania&nbsp;i detoksykacji kom\u00f3rkowej jest kluczowy&nbsp;oraz niezb\u0119dny dla ka\u017cdego \u017cywego&nbsp;organizmu.<\/p>\n<p><b>+<\/b> Dzia\u0142a niczym magnes \u2013 jedna cz\u0105steczka kwasu&nbsp;fulwowego ma zdolno\u015b\u0107 przyci\u0105gni\u0119cia do siebie&nbsp;kilkudziesi\u0119ciu innych cz\u0105steczek minera\u0142\u00f3w oraz&nbsp;pierwiastk\u00f3w \u015bladowych.<\/p>\n<p><b>+ <\/b>Naukowcy nieustannie badaj\u0105 t\u0105 niesamowit\u0105&nbsp;substancj\u0119, a dotychczasowe wyniki daj\u0105 niezwykle&nbsp;imponuj\u0105ce wyniki w kontek\u015bcie prozdrowotnych&nbsp;w\u0142a\u015bciwo\u015bci kwasu fulwowego.<\/p>\n<p>NAJWY\u017bSZA JAKO\u015a\u0106<\/p>\n<p>Z\u0142o\u017ce naszego surowca jest zlokalizowane na obszarze nieska\u017conym przemys\u0142em. MINERAL LOGIC pozyskuje kwas fulwowy ze z\u0142o\u017ca datowanego na ponad 30 milion\u00f3w lat! To niezwyk\u0142y kompleks od\u017cywczy \u2013 znajduje si\u0119 w nim a\u017c 71 minera\u0142\u00f3w \u015bladowych, 33 kwasy organiczne, 18 aminokwas\u00f3w oraz ponad 20 flawonoid\u00f3w i polifenoli. Wydobywany jest zar\u00f3wno z pradawnej warstwy gleb l\u0105dowych, jak i oceanicznych.<\/p>\n<p>\u0179r\u00f3d\u0142o pozyskiwania kwasu fulwowego ma znaczenie!<\/p>\n<p>Kwas fulwowy Terra+ zosta\u0142 przebadany przez naukowc\u00f3w z Uniwersytetu \u0141\u00f3dzkiego, kt\u00f3rzy potwierdzili jego:&nbsp;<\/p>\n<p>+ Promowanie regeneracji&nbsp;kom\u00f3rek<\/p>\n<p>+ W\u0142a\u015bciwo\u015bci przeciwzapalne<\/p>\n<p>+ Bezpiecze\u0144stwo&nbsp;stosowania<\/p>\n<p>+ Wspomaganie mikrobioty&nbsp;jelitowej<\/p>\n<p>Ekologiczne wydobycie<\/p>\n<p>Z\u0142o\u017ce naszego surowca jest zlokalizowane na obszarze nieska\u017conym przemys\u0142em. Ekstrakcja odbywa si\u0119 w pe\u0142ni ekologicznie \u2013 bez szkodliwych \u015brodk\u00f3w chemicznych.<\/p>\n<p>Certyfikowane \u017ar\u00f3d\u0142o<\/p>\n<p>Bezpiecze\u0144stwo i jako\u015b\u0107 naszego surowca zosta\u0142y zatwierdzone&nbsp;przez FDA oraz potwierdzone licznymi certyfikatami. Ka\u017cda&nbsp;partia posiada komplet bada\u0144 laboratoryjnych.<\/p>\n<p>Wsp\u00f3\u0142praca z naukowcami<\/p>\n<p><b>PRODUKTY TERRA+&nbsp;<\/b>charakteryzuj\u0105 si\u0119:<\/p>\n<p>+ Maksymalnym skoncentrowaniem:<\/p>\n<p>Nie rozcie\u0144czamy kwasu fulwowego wod\u0105.<\/p>\n<p>+ Bezpiecze\u0144stwem:<\/p>\n<p>Dodatkowo kopalnia Mineral Logic znajduje si\u0119 na&nbsp;li\u015bcie akredytowanych przez FDA producent\u00f3w \u017cywno\u015bci, co&nbsp;gwarantuje najwy\u017csze standardy produkcji i pakowania produkt\u00f3w.<\/p>\n<p>+ Skuteczno\u015bci\u0105:<\/p>\n<p>OSTRZE\u017bENIA<\/p>\n<p>+ Maksymalna dzienna porcja do spo\u017cycia:&nbsp;1 ml kwasu fulwowego (20 kropli Terra+ Alkaline&nbsp;lub 20 kropli Terra+ Minerals lub 10 kropli Terra+ Alkaline i 10 kropli Terra+ Minerals).<\/p>\n<p>+ Nie stosowa\u0107 bezpo\u015brednio do ust.<\/p>\n<p>+ Nie miesza\u0107 z wod\u0105 chlorowan\u0105.<\/p>\n<p>+ Suplement diety nie mo\u017ce by\u0107 stosowany jako substytut zr\u00f3\u017cnicowanej diety.<\/p>\n<p>+ Zr\u00f3wnowa\u017cony spos\u00f3b \u017cywienia i prowadzenie zdrowego trybu \u017cycia s\u0105 wa\u017cne dla prawid\u0142owego&nbsp;funkcjonowania organizmu.<\/p>\n<p>+ Osobom przyjmuj\u0105cym leki, kobietom w ci\u0105\u017cy&nbsp;i karmi\u0105cym piersi\u0105 zaleca si\u0119 konsultacj\u0119 z lekarzem przed stosowaniem.<\/p>\n","protected":false},"excerpt":{"rendered":"<p>TERRA+ ALKALINE Wspiera oczyszczanie organizmu, zwi\u0119ksza ilo\u015b\u0107 si\u0142 witalnych i usprawnia metabolizm, przygotowuj\u0105c Ci\u0119 na wszystkie wyzwania, jakie przed Tob\u0105 stoj\u0105. Sk\u0142ad: Niewyizolowany kwas fulwowy z kompleksem minera\u0142\u00f3w \u015bladowych, 15 ML \u2013 zapas na 30 dni. Funkcjonalno\u015b\u0107: Nawadnia organizm z rana, detoksykuje, dodaje energii. + produkt wega\u0144ski + gluten-free + certyfikowane \u017ar\u00f3d\u0142o + przebadany laboratoryjnie [&hellip;]<\/p>\n","protected":false},"featured_media":3814,"comment_status":"open","ping_status":"closed","template":"","meta":[],"product_brand":[290],"product_cat":[287],"product_tag":[],"class_list":{"0":"post-3815","1":"product","2":"type-product","3":"status-publish","4":"has-post-thumbnail","6":"product_brand-terra","7":"product_cat-suplementy-diety","9":"first","10":"instock","11":"taxable","12":"shipping-taxable","13":"purchasable","14":"product-type-simple"},"yoast_head":"<!-- This site is optimized with the Yoast SEO plugin v27.3 - https:\/\/yoast.com\/product\/yoast-seo-wordpress\/ -->\n<title>Terra+ alkaline kwas fulwowy Suplement Diety Wega\u0144ski - Mix Market - Supermarket z wszystkim co potrzeba<\/title>\n<meta name=\"robots\" content=\"index, follow, max-snippet:-1, max-image-preview:large, max-video-preview:-1\" \/>\n<link rel=\"canonical\" href=\"https:\/\/racom.com.pl\/index.php\/produkt\/terra-alkaline-kwas-fulwowy-suplement-diety-weganski\/\" \/>\n<meta property=\"og:locale\" content=\"pl_PL\" \/>\n<meta property=\"og:type\" content=\"article\" \/>\n<meta property=\"og:title\" content=\"Terra+ alkaline kwas fulwowy Suplement Diety Wega\u0144ski - Mix Market - Supermarket z wszystkim co potrzeba\" \/>\n<meta property=\"og:description\" content=\"TERRA+ ALKALINE Wspiera oczyszczanie organizmu, zwi\u0119ksza ilo\u015b\u0107 si\u0142 witalnych i usprawnia metabolizm, przygotowuj\u0105c Ci\u0119 na wszystkie wyzwania, jakie przed Tob\u0105 stoj\u0105. Sk\u0142ad: Niewyizolowany kwas fulwowy z kompleksem minera\u0142\u00f3w \u015bladowych, 15 ML \u2013 zapas na 30 dni. Funkcjonalno\u015b\u0107: Nawadnia organizm z rana, detoksykuje, dodaje energii. + produkt wega\u0144ski + gluten-free + certyfikowane \u017ar\u00f3d\u0142o + przebadany laboratoryjnie [&hellip;]\" \/>\n<meta property=\"og:url\" content=\"https:\/\/racom.com.pl\/index.php\/produkt\/terra-alkaline-kwas-fulwowy-suplement-diety-weganski\/\" \/>\n<meta property=\"og:site_name\" content=\"Mix Market - Supermarket z wszystkim co potrzeba\" \/>\n<meta property=\"og:image\" content=\"https:\/\/racom.com.pl\/wp-content\/uploads\/2025\/07\/allegro_687d2bace1b598.84562985_78c564d74f1484cc2e28c737d66c.jpg\" \/>\n\t<meta property=\"og:image:width\" content=\"890\" \/>\n\t<meta property=\"og:image:height\" content=\"980\" \/>\n\t<meta property=\"og:image:type\" content=\"image\/jpeg\" \/>\n<meta name=\"twitter:card\" content=\"summary_large_image\" \/>\n<meta name=\"twitter:label1\" content=\"Szacowany czas czytania\" \/>\n\t<meta name=\"twitter:data1\" content=\"4 minuty\" \/>\n<script type=\"application\/ld+json\" class=\"yoast-schema-graph\">{\"@context\":\"https:\\\/\\\/schema.org\",\"@graph\":[{\"@type\":\"WebPage\",\"@id\":\"https:\\\/\\\/racom.com.pl\\\/index.php\\\/produkt\\\/terra-alkaline-kwas-fulwowy-suplement-diety-weganski\\\/\",\"url\":\"https:\\\/\\\/racom.com.pl\\\/index.php\\\/produkt\\\/terra-alkaline-kwas-fulwowy-suplement-diety-weganski\\\/\",\"name\":\"Terra+ alkaline kwas fulwowy Suplement Diety Wega\u0144ski - Mix Market - Supermarket z wszystkim co potrzeba\",\"isPartOf\":{\"@id\":\"https:\\\/\\\/racom.com.pl\\\/#website\"},\"primaryImageOfPage\":{\"@id\":\"https:\\\/\\\/racom.com.pl\\\/index.php\\\/produkt\\\/terra-alkaline-kwas-fulwowy-suplement-diety-weganski\\\/#primaryimage\"},\"image\":{\"@id\":\"https:\\\/\\\/racom.com.pl\\\/index.php\\\/produkt\\\/terra-alkaline-kwas-fulwowy-suplement-diety-weganski\\\/#primaryimage\"},\"thumbnailUrl\":\"https:\\\/\\\/racom.com.pl\\\/wp-content\\\/uploads\\\/2025\\\/07\\\/allegro_687d2bace1b598.84562985_78c564d74f1484cc2e28c737d66c.jpg\",\"datePublished\":\"2025-07-20T17:47:43+00:00\",\"breadcrumb\":{\"@id\":\"https:\\\/\\\/racom.com.pl\\\/index.php\\\/produkt\\\/terra-alkaline-kwas-fulwowy-suplement-diety-weganski\\\/#breadcrumb\"},\"inLanguage\":\"pl-PL\",\"potentialAction\":[{\"@type\":\"ReadAction\",\"target\":[\"https:\\\/\\\/racom.com.pl\\\/index.php\\\/produkt\\\/terra-alkaline-kwas-fulwowy-suplement-diety-weganski\\\/\"]}]},{\"@type\":\"ImageObject\",\"inLanguage\":\"pl-PL\",\"@id\":\"https:\\\/\\\/racom.com.pl\\\/index.php\\\/produkt\\\/terra-alkaline-kwas-fulwowy-suplement-diety-weganski\\\/#primaryimage\",\"url\":\"https:\\\/\\\/racom.com.pl\\\/wp-content\\\/uploads\\\/2025\\\/07\\\/allegro_687d2bace1b598.84562985_78c564d74f1484cc2e28c737d66c.jpg\",\"contentUrl\":\"https:\\\/\\\/racom.com.pl\\\/wp-content\\\/uploads\\\/2025\\\/07\\\/allegro_687d2bace1b598.84562985_78c564d74f1484cc2e28c737d66c.jpg\",\"width\":890,\"height\":980},{\"@type\":\"BreadcrumbList\",\"@id\":\"https:\\\/\\\/racom.com.pl\\\/index.php\\\/produkt\\\/terra-alkaline-kwas-fulwowy-suplement-diety-weganski\\\/#breadcrumb\",\"itemListElement\":[{\"@type\":\"ListItem\",\"position\":1,\"name\":\"Strona g\u0142\u00f3wna\",\"item\":\"https:\\\/\\\/racom.com.pl\\\/\"},{\"@type\":\"ListItem\",\"position\":2,\"name\":\"Sklep\",\"item\":\"https:\\\/\\\/racom.com.pl\\\/\"},{\"@type\":\"ListItem\",\"position\":3,\"name\":\"Terra+ alkaline kwas fulwowy Suplement Diety Wega\u0144ski\"}]},{\"@type\":\"WebSite\",\"@id\":\"https:\\\/\\\/racom.com.pl\\\/#website\",\"url\":\"https:\\\/\\\/racom.com.pl\\\/\",\"name\":\"Mix Market - Supermarket z wszystkim co potrzeba do domu i nie tylko\",\"description\":\"\",\"publisher\":{\"@id\":\"https:\\\/\\\/racom.com.pl\\\/#organization\"},\"potentialAction\":[{\"@type\":\"SearchAction\",\"target\":{\"@type\":\"EntryPoint\",\"urlTemplate\":\"https:\\\/\\\/racom.com.pl\\\/?s={search_term_string}\"},\"query-input\":{\"@type\":\"PropertyValueSpecification\",\"valueRequired\":true,\"valueName\":\"search_term_string\"}}],\"inLanguage\":\"pl-PL\"},{\"@type\":\"Organization\",\"@id\":\"https:\\\/\\\/racom.com.pl\\\/#organization\",\"name\":\"Mix Market - Supermarket z wszystkim co potrzeba do domu i nie tylko\",\"url\":\"https:\\\/\\\/racom.com.pl\\\/\",\"logo\":{\"@type\":\"ImageObject\",\"inLanguage\":\"pl-PL\",\"@id\":\"https:\\\/\\\/racom.com.pl\\\/#\\\/schema\\\/logo\\\/image\\\/\",\"url\":\"https:\\\/\\\/racom.com.pl\\\/wp-content\\\/uploads\\\/2025\\\/07\\\/mixmarket_logo.png\",\"contentUrl\":\"https:\\\/\\\/racom.com.pl\\\/wp-content\\\/uploads\\\/2025\\\/07\\\/mixmarket_logo.png\",\"width\":1024,\"height\":1024,\"caption\":\"Mix Market - Supermarket z wszystkim co potrzeba do domu i nie tylko\"},\"image\":{\"@id\":\"https:\\\/\\\/racom.com.pl\\\/#\\\/schema\\\/logo\\\/image\\\/\"}}]}<\/script>\n<!-- \/ Yoast SEO plugin. -->","yoast_head_json":{"title":"Terra+ alkaline kwas fulwowy Suplement Diety Wega\u0144ski - Mix Market - Supermarket z wszystkim co potrzeba","robots":{"index":"index","follow":"follow","max-snippet":"max-snippet:-1","max-image-preview":"max-image-preview:large","max-video-preview":"max-video-preview:-1"},"canonical":"https:\/\/racom.com.pl\/index.php\/produkt\/terra-alkaline-kwas-fulwowy-suplement-diety-weganski\/","og_locale":"pl_PL","og_type":"article","og_title":"Terra+ alkaline kwas fulwowy Suplement Diety Wega\u0144ski - Mix Market - Supermarket z wszystkim co potrzeba","og_description":"TERRA+ ALKALINE Wspiera oczyszczanie organizmu, zwi\u0119ksza ilo\u015b\u0107 si\u0142 witalnych i usprawnia metabolizm, przygotowuj\u0105c Ci\u0119 na wszystkie wyzwania, jakie przed Tob\u0105 stoj\u0105. Sk\u0142ad: Niewyizolowany kwas fulwowy z kompleksem minera\u0142\u00f3w \u015bladowych, 15 ML \u2013 zapas na 30 dni. Funkcjonalno\u015b\u0107: Nawadnia organizm z rana, detoksykuje, dodaje energii. + produkt wega\u0144ski + gluten-free + certyfikowane \u017ar\u00f3d\u0142o + przebadany laboratoryjnie [&hellip;]","og_url":"https:\/\/racom.com.pl\/index.php\/produkt\/terra-alkaline-kwas-fulwowy-suplement-diety-weganski\/","og_site_name":"Mix Market - Supermarket z wszystkim co potrzeba","og_image":[{"width":890,"height":980,"url":"https:\/\/racom.com.pl\/wp-content\/uploads\/2025\/07\/allegro_687d2bace1b598.84562985_78c564d74f1484cc2e28c737d66c.jpg","type":"image\/jpeg"}],"twitter_card":"summary_large_image","twitter_misc":{"Szacowany czas czytania":"4 minuty"},"schema":{"@context":"https:\/\/schema.org","@graph":[{"@type":"WebPage","@id":"https:\/\/racom.com.pl\/index.php\/produkt\/terra-alkaline-kwas-fulwowy-suplement-diety-weganski\/","url":"https:\/\/racom.com.pl\/index.php\/produkt\/terra-alkaline-kwas-fulwowy-suplement-diety-weganski\/","name":"Terra+ alkaline kwas fulwowy Suplement Diety Wega\u0144ski - Mix Market - Supermarket z wszystkim co potrzeba","isPartOf":{"@id":"https:\/\/racom.com.pl\/#website"},"primaryImageOfPage":{"@id":"https:\/\/racom.com.pl\/index.php\/produkt\/terra-alkaline-kwas-fulwowy-suplement-diety-weganski\/#primaryimage"},"image":{"@id":"https:\/\/racom.com.pl\/index.php\/produkt\/terra-alkaline-kwas-fulwowy-suplement-diety-weganski\/#primaryimage"},"thumbnailUrl":"https:\/\/racom.com.pl\/wp-content\/uploads\/2025\/07\/allegro_687d2bace1b598.84562985_78c564d74f1484cc2e28c737d66c.jpg","datePublished":"2025-07-20T17:47:43+00:00","breadcrumb":{"@id":"https:\/\/racom.com.pl\/index.php\/produkt\/terra-alkaline-kwas-fulwowy-suplement-diety-weganski\/#breadcrumb"},"inLanguage":"pl-PL","potentialAction":[{"@type":"ReadAction","target":["https:\/\/racom.com.pl\/index.php\/produkt\/terra-alkaline-kwas-fulwowy-suplement-diety-weganski\/"]}]},{"@type":"ImageObject","inLanguage":"pl-PL","@id":"https:\/\/racom.com.pl\/index.php\/produkt\/terra-alkaline-kwas-fulwowy-suplement-diety-weganski\/#primaryimage","url":"https:\/\/racom.com.pl\/wp-content\/uploads\/2025\/07\/allegro_687d2bace1b598.84562985_78c564d74f1484cc2e28c737d66c.jpg","contentUrl":"https:\/\/racom.com.pl\/wp-content\/uploads\/2025\/07\/allegro_687d2bace1b598.84562985_78c564d74f1484cc2e28c737d66c.jpg","width":890,"height":980},{"@type":"BreadcrumbList","@id":"https:\/\/racom.com.pl\/index.php\/produkt\/terra-alkaline-kwas-fulwowy-suplement-diety-weganski\/#breadcrumb","itemListElement":[{"@type":"ListItem","position":1,"name":"Strona g\u0142\u00f3wna","item":"https:\/\/racom.com.pl\/"},{"@type":"ListItem","position":2,"name":"Sklep","item":"https:\/\/racom.com.pl\/"},{"@type":"ListItem","position":3,"name":"Terra+ alkaline kwas fulwowy Suplement Diety Wega\u0144ski"}]},{"@type":"WebSite","@id":"https:\/\/racom.com.pl\/#website","url":"https:\/\/racom.com.pl\/","name":"Mix Market - Supermarket z wszystkim co potrzeba do domu i nie tylko","description":"","publisher":{"@id":"https:\/\/racom.com.pl\/#organization"},"potentialAction":[{"@type":"SearchAction","target":{"@type":"EntryPoint","urlTemplate":"https:\/\/racom.com.pl\/?s={search_term_string}"},"query-input":{"@type":"PropertyValueSpecification","valueRequired":true,"valueName":"search_term_string"}}],"inLanguage":"pl-PL"},{"@type":"Organization","@id":"https:\/\/racom.com.pl\/#organization","name":"Mix Market - Supermarket z wszystkim co potrzeba do domu i nie tylko","url":"https:\/\/racom.com.pl\/","logo":{"@type":"ImageObject","inLanguage":"pl-PL","@id":"https:\/\/racom.com.pl\/#\/schema\/logo\/image\/","url":"https:\/\/racom.com.pl\/wp-content\/uploads\/2025\/07\/mixmarket_logo.png","contentUrl":"https:\/\/racom.com.pl\/wp-content\/uploads\/2025\/07\/mixmarket_logo.png","width":1024,"height":1024,"caption":"Mix Market - Supermarket z wszystkim co potrzeba do domu i nie tylko"},"image":{"@id":"https:\/\/racom.com.pl\/#\/schema\/logo\/image\/"}}]}},"_links":{"self":[{"href":"https:\/\/racom.com.pl\/index.php\/wp-json\/wp\/v2\/product\/3815","targetHints":{"allow":["GET"]}}],"collection":[{"href":"https:\/\/racom.com.pl\/index.php\/wp-json\/wp\/v2\/product"}],"about":[{"href":"https:\/\/racom.com.pl\/index.php\/wp-json\/wp\/v2\/types\/product"}],"replies":[{"embeddable":true,"href":"https:\/\/racom.com.pl\/index.php\/wp-json\/wp\/v2\/comments?post=3815"}],"wp:featuredmedia":[{"embeddable":true,"href":"https:\/\/racom.com.pl\/index.php\/wp-json\/wp\/v2\/media\/3814"}],"wp:attachment":[{"href":"https:\/\/racom.com.pl\/index.php\/wp-json\/wp\/v2\/media?parent=3815"}],"wp:term":[{"taxonomy":"product_brand","embeddable":true,"href":"https:\/\/racom.com.pl\/index.php\/wp-json\/wp\/v2\/product_brand?post=3815"},{"taxonomy":"product_cat","embeddable":true,"href":"https:\/\/racom.com.pl\/index.php\/wp-json\/wp\/v2\/product_cat?post=3815"},{"taxonomy":"product_tag","embeddable":true,"href":"https:\/\/racom.com.pl\/index.php\/wp-json\/wp\/v2\/product_tag?post=3815"}],"curies":[{"name":"wp","href":"https:\/\/api.w.org\/{rel}","templated":true}]}}