{"id":3908,"date":"2026-03-09T20:18:45","date_gmt":"2026-03-09T19:18:45","guid":{"rendered":"https:\/\/racom.com.pl\/index.php\/produkt\/menii-premium-puree-cytryna-sok-nfc-100-cytrynka-lemoniada-drinki-1kg\/"},"modified":"2026-03-09T20:18:45","modified_gmt":"2026-03-09T19:18:45","slug":"menii-premium-puree-cytryna-sok-nfc-100-cytrynka-lemoniada-drinki-1kg","status":"publish","type":"product","link":"https:\/\/racom.com.pl\/index.php\/produkt\/menii-premium-puree-cytryna-sok-nfc-100-cytrynka-lemoniada-drinki-1kg\/","title":{"rendered":"MENII Premium Puree CYTRYNA Sok NFC 100% Cytrynka Lemoniada Drinki 1kg"},"content":{"rendered":"<h2>MENII<\/h2>\n<h2>SOK NFC 100%<\/h2>\n<h2>CYTRYNA LEMON &#8211; 1 kg<\/h2>\n<p>Sok NFC jest napojem tzw. bezpo\u015brednim. Jest on wytwarzany w procesie t\u0142oczenia, a wi\u0119c zachowuje wszelkie warto\u015bci od\u017cywcze. Sam sk\u00f3r NFC to Not From Concentrate \u2013 nie z koncentratu. Jest to wi\u0119c sok wykonany w stu procentach z owoc\u00f3w, taki, kt\u00f3ry sami mo\u017cemy przygotowa\u0107 sobie w domu. Podczas t\u0142oczenia lub wyciskania niemo\u017cliwe jest dodawanie jakichkolwiek substancji szkodowych, czyli r\u00f3\u017cnego rodzaju ulepszaczy, sztucznych aromat\u00f3w, konserwant\u00f3w, barwnik\u00f3w oraz wody. W odpowiednich warunkach powstaje sok m\u0119tny, t\u0142oczony w tradycyjnej oraz p\u0142askiej prasie, pasteryzowany w niskiej temperaturze. Warto r\u00f3wnie\u017c doda\u0107, \u017ce sok NFC posiada ni\u017csz\u0105 dat\u0119 przeznaczon\u0105 na spo\u017cycie. Po jego otwarciu mamy dwadzie\u015bcia jeden dni na to, by go spo\u017cy\u0107, natomiast zamkni\u0119ty mo\u017ce by\u0107 zdatny nawet przez dwana\u015bcie miesi\u0119cy, a nie kilka lat, jak soki pe\u0142ne konserwant\u00f3w.<\/p>\n<h2>Soki NFC pe\u0142ne warto\u015bci od\u017cywczych<\/h2>\n<p>\u015awie\u017ce oraz m\u0119tne soki mog\u0105 zawiera\u0107 bardzo du\u017co warto\u015bci od\u017cywczych, z kt\u00f3rych warto korzysta\u0107 ka\u017cdego dnia. Wiele przeprowadzonych bada\u0144 potwierdzi\u0142o, \u017ce m\u0119tne soki t\u0142oczone zwieraj\u0105 a\u017c cztery razy wi\u0119cej dobroczynnych sk\u0142adnik\u00f3w, takich jak polifenole, kt\u00f3re maj\u0105 w organizmie cz\u0142owieka dzia\u0142anie przeciwnowotworowe, przeciwstarzeniowe oraz przeciwalergiczne, ni\u017c zwyczajne soki klarowne. Dzi\u0119ki regularnemu piciu sok\u00f3w NFC organizm cz\u0142owieka wzmacnia si\u0119 i staje si\u0119 bardziej odporny na wszelkie choroby oraz zm\u0119czenie. Warto wi\u0119c ka\u017cdego dnia wypija\u0107 cho\u0107 jedn\u0105 szklaneczk\u0119 takiego zdrowego napoju z owoc\u00f3w.<\/p>\n<p>Produkty MENII owoce maj\u0105 w swojej naturze. Nie znajdziecie w nich konserwant\u00f3w, polepszaczy czy barwnik\u00f3w. Pyszne, lekkie i przede wszystkim zdrowe. Mo\u017cecie zajada\u0107 si\u0119 nimi bez obaw. Idealne dla dbaj\u0105cych o lini\u0119, jak i dla os\u00f3b ceni\u0105cych sobie produkty wysokiej jako\u015bci.<\/p>\n<p>Sk\u0142adniki: 100% sok cytrynowy NFC.<\/p>\n<p>Tabela z warto\u015bciami od\u017cywczymi:<\/p>\n<ul>\n<li><b>Warto\u015b\u0107 od\u017cywcza produktu:<\/b> w 100 g<\/li>\n<li><b>Warto\u015b\u0107 energetyczna:<\/b> 125 kJ \/ 30 kcal<\/li>\n<li><b>T\u0142uszcz:<\/b> &lt;0,5 g<\/li>\n<li><b>w tym kwasy t\u0142uszczowe nasycone:<\/b> &lt;0,5 g<\/li>\n<li><b>W\u0119glowodany:<\/b> 6,4 g<\/li>\n<li><b>w tym cukry:<\/b> 1,9 g<\/li>\n<li><b>Bia\u0142ko:<\/b> &lt;0,5 g<\/li>\n<li><b>S\u00f3l:<\/b> &lt;0,5 g<\/li>\n<\/ul>\n<p>Masa netto: 1 kg<\/p>\n","protected":false},"excerpt":{"rendered":"<p>MENII SOK NFC 100% CYTRYNA LEMON &#8211; 1 kg Sok NFC jest napojem tzw. bezpo\u015brednim. Jest on wytwarzany w procesie t\u0142oczenia, a wi\u0119c zachowuje wszelkie warto\u015bci od\u017cywcze. Sam sk\u00f3r NFC to Not From Concentrate \u2013 nie z koncentratu. Jest to wi\u0119c sok wykonany w stu procentach z owoc\u00f3w, taki, kt\u00f3ry sami mo\u017cemy przygotowa\u0107 sobie w [&hellip;]<\/p>\n","protected":false},"featured_media":3911,"comment_status":"open","ping_status":"closed","template":"","meta":[],"product_brand":[291],"product_cat":[116],"product_tag":[],"class_list":{"0":"post-3908","1":"product","2":"type-product","3":"status-publish","4":"has-post-thumbnail","6":"product_brand-menii","7":"product_cat-napoje-i-akcesoria","9":"first","10":"instock","11":"taxable","12":"shipping-taxable","13":"purchasable","14":"product-type-simple"},"yoast_head":"<!-- This site is optimized with the Yoast SEO plugin v27.3 - https:\/\/yoast.com\/product\/yoast-seo-wordpress\/ -->\n<title>MENII Premium Puree CYTRYNA Sok NFC 100% Cytrynka Lemoniada Drinki 1kg - Mix Market - Supermarket z wszystkim co potrzeba<\/title>\n<meta name=\"robots\" content=\"index, follow, max-snippet:-1, max-image-preview:large, max-video-preview:-1\" \/>\n<link rel=\"canonical\" href=\"https:\/\/racom.com.pl\/index.php\/produkt\/menii-premium-puree-cytryna-sok-nfc-100-cytrynka-lemoniada-drinki-1kg\/\" \/>\n<meta property=\"og:locale\" content=\"pl_PL\" \/>\n<meta property=\"og:type\" content=\"article\" \/>\n<meta property=\"og:title\" content=\"MENII Premium Puree CYTRYNA Sok NFC 100% Cytrynka Lemoniada Drinki 1kg - Mix Market - Supermarket z wszystkim co potrzeba\" \/>\n<meta property=\"og:description\" content=\"MENII SOK NFC 100% CYTRYNA LEMON &#8211; 1 kg Sok NFC jest napojem tzw. bezpo\u015brednim. Jest on wytwarzany w procesie t\u0142oczenia, a wi\u0119c zachowuje wszelkie warto\u015bci od\u017cywcze. Sam sk\u00f3r NFC to Not From Concentrate \u2013 nie z koncentratu. Jest to wi\u0119c sok wykonany w stu procentach z owoc\u00f3w, taki, kt\u00f3ry sami mo\u017cemy przygotowa\u0107 sobie w [&hellip;]\" \/>\n<meta property=\"og:url\" content=\"https:\/\/racom.com.pl\/index.php\/produkt\/menii-premium-puree-cytryna-sok-nfc-100-cytrynka-lemoniada-drinki-1kg\/\" \/>\n<meta property=\"og:site_name\" content=\"Mix Market - Supermarket z wszystkim co potrzeba\" \/>\n<meta name=\"twitter:card\" content=\"summary_large_image\" \/>\n<meta name=\"twitter:label1\" content=\"Szacowany czas czytania\" \/>\n\t<meta name=\"twitter:data1\" content=\"2 minuty\" \/>\n<script type=\"application\/ld+json\" class=\"yoast-schema-graph\">{\"@context\":\"https:\\\/\\\/schema.org\",\"@graph\":[{\"@type\":\"WebPage\",\"@id\":\"https:\\\/\\\/racom.com.pl\\\/index.php\\\/produkt\\\/menii-premium-puree-cytryna-sok-nfc-100-cytrynka-lemoniada-drinki-1kg\\\/\",\"url\":\"https:\\\/\\\/racom.com.pl\\\/index.php\\\/produkt\\\/menii-premium-puree-cytryna-sok-nfc-100-cytrynka-lemoniada-drinki-1kg\\\/\",\"name\":\"MENII Premium Puree CYTRYNA Sok NFC 100% Cytrynka Lemoniada Drinki 1kg - Mix Market - Supermarket z wszystkim co potrzeba\",\"isPartOf\":{\"@id\":\"https:\\\/\\\/racom.com.pl\\\/#website\"},\"primaryImageOfPage\":{\"@id\":\"https:\\\/\\\/racom.com.pl\\\/index.php\\\/produkt\\\/menii-premium-puree-cytryna-sok-nfc-100-cytrynka-lemoniada-drinki-1kg\\\/#primaryimage\"},\"image\":{\"@id\":\"https:\\\/\\\/racom.com.pl\\\/index.php\\\/produkt\\\/menii-premium-puree-cytryna-sok-nfc-100-cytrynka-lemoniada-drinki-1kg\\\/#primaryimage\"},\"thumbnailUrl\":\"https:\\\/\\\/racom.com.pl\\\/wp-content\\\/uploads\\\/2026\\\/03\\\/allegro_69af1d1d29e792.72931020_8bc170bb46d39c1ea58286d7c001.jpg\",\"datePublished\":\"2026-03-09T19:18:45+00:00\",\"breadcrumb\":{\"@id\":\"https:\\\/\\\/racom.com.pl\\\/index.php\\\/produkt\\\/menii-premium-puree-cytryna-sok-nfc-100-cytrynka-lemoniada-drinki-1kg\\\/#breadcrumb\"},\"inLanguage\":\"pl-PL\",\"potentialAction\":[{\"@type\":\"ReadAction\",\"target\":[\"https:\\\/\\\/racom.com.pl\\\/index.php\\\/produkt\\\/menii-premium-puree-cytryna-sok-nfc-100-cytrynka-lemoniada-drinki-1kg\\\/\"]}]},{\"@type\":\"ImageObject\",\"inLanguage\":\"pl-PL\",\"@id\":\"https:\\\/\\\/racom.com.pl\\\/index.php\\\/produkt\\\/menii-premium-puree-cytryna-sok-nfc-100-cytrynka-lemoniada-drinki-1kg\\\/#primaryimage\",\"url\":\"https:\\\/\\\/racom.com.pl\\\/wp-content\\\/uploads\\\/2026\\\/03\\\/allegro_69af1d1d29e792.72931020_8bc170bb46d39c1ea58286d7c001.jpg\",\"contentUrl\":\"https:\\\/\\\/racom.com.pl\\\/wp-content\\\/uploads\\\/2026\\\/03\\\/allegro_69af1d1d29e792.72931020_8bc170bb46d39c1ea58286d7c001.jpg\",\"width\":396,\"height\":590},{\"@type\":\"BreadcrumbList\",\"@id\":\"https:\\\/\\\/racom.com.pl\\\/index.php\\\/produkt\\\/menii-premium-puree-cytryna-sok-nfc-100-cytrynka-lemoniada-drinki-1kg\\\/#breadcrumb\",\"itemListElement\":[{\"@type\":\"ListItem\",\"position\":1,\"name\":\"Strona g\u0142\u00f3wna\",\"item\":\"https:\\\/\\\/racom.com.pl\\\/\"},{\"@type\":\"ListItem\",\"position\":2,\"name\":\"Sklep\",\"item\":\"https:\\\/\\\/racom.com.pl\\\/\"},{\"@type\":\"ListItem\",\"position\":3,\"name\":\"MENII Premium Puree CYTRYNA Sok NFC 100% Cytrynka Lemoniada Drinki 1kg\"}]},{\"@type\":\"WebSite\",\"@id\":\"https:\\\/\\\/racom.com.pl\\\/#website\",\"url\":\"https:\\\/\\\/racom.com.pl\\\/\",\"name\":\"Mix Market - Supermarket z wszystkim co potrzeba do domu i nie tylko\",\"description\":\"\",\"publisher\":{\"@id\":\"https:\\\/\\\/racom.com.pl\\\/#organization\"},\"potentialAction\":[{\"@type\":\"SearchAction\",\"target\":{\"@type\":\"EntryPoint\",\"urlTemplate\":\"https:\\\/\\\/racom.com.pl\\\/?s={search_term_string}\"},\"query-input\":{\"@type\":\"PropertyValueSpecification\",\"valueRequired\":true,\"valueName\":\"search_term_string\"}}],\"inLanguage\":\"pl-PL\"},{\"@type\":\"Organization\",\"@id\":\"https:\\\/\\\/racom.com.pl\\\/#organization\",\"name\":\"Mix Market - Supermarket z wszystkim co potrzeba do domu i nie tylko\",\"url\":\"https:\\\/\\\/racom.com.pl\\\/\",\"logo\":{\"@type\":\"ImageObject\",\"inLanguage\":\"pl-PL\",\"@id\":\"https:\\\/\\\/racom.com.pl\\\/#\\\/schema\\\/logo\\\/image\\\/\",\"url\":\"https:\\\/\\\/racom.com.pl\\\/wp-content\\\/uploads\\\/2025\\\/07\\\/mixmarket_logo.png\",\"contentUrl\":\"https:\\\/\\\/racom.com.pl\\\/wp-content\\\/uploads\\\/2025\\\/07\\\/mixmarket_logo.png\",\"width\":1024,\"height\":1024,\"caption\":\"Mix Market - Supermarket z wszystkim co potrzeba do domu i nie tylko\"},\"image\":{\"@id\":\"https:\\\/\\\/racom.com.pl\\\/#\\\/schema\\\/logo\\\/image\\\/\"}}]}<\/script>\n<!-- \/ Yoast SEO plugin. -->","yoast_head_json":{"title":"MENII Premium Puree CYTRYNA Sok NFC 100% Cytrynka Lemoniada Drinki 1kg - Mix Market - Supermarket z wszystkim co potrzeba","robots":{"index":"index","follow":"follow","max-snippet":"max-snippet:-1","max-image-preview":"max-image-preview:large","max-video-preview":"max-video-preview:-1"},"canonical":"https:\/\/racom.com.pl\/index.php\/produkt\/menii-premium-puree-cytryna-sok-nfc-100-cytrynka-lemoniada-drinki-1kg\/","og_locale":"pl_PL","og_type":"article","og_title":"MENII Premium Puree CYTRYNA Sok NFC 100% Cytrynka Lemoniada Drinki 1kg - Mix Market - Supermarket z wszystkim co potrzeba","og_description":"MENII SOK NFC 100% CYTRYNA LEMON &#8211; 1 kg Sok NFC jest napojem tzw. bezpo\u015brednim. Jest on wytwarzany w procesie t\u0142oczenia, a wi\u0119c zachowuje wszelkie warto\u015bci od\u017cywcze. Sam sk\u00f3r NFC to Not From Concentrate \u2013 nie z koncentratu. Jest to wi\u0119c sok wykonany w stu procentach z owoc\u00f3w, taki, kt\u00f3ry sami mo\u017cemy przygotowa\u0107 sobie w [&hellip;]","og_url":"https:\/\/racom.com.pl\/index.php\/produkt\/menii-premium-puree-cytryna-sok-nfc-100-cytrynka-lemoniada-drinki-1kg\/","og_site_name":"Mix Market - Supermarket z wszystkim co potrzeba","twitter_card":"summary_large_image","twitter_misc":{"Szacowany czas czytania":"2 minuty"},"schema":{"@context":"https:\/\/schema.org","@graph":[{"@type":"WebPage","@id":"https:\/\/racom.com.pl\/index.php\/produkt\/menii-premium-puree-cytryna-sok-nfc-100-cytrynka-lemoniada-drinki-1kg\/","url":"https:\/\/racom.com.pl\/index.php\/produkt\/menii-premium-puree-cytryna-sok-nfc-100-cytrynka-lemoniada-drinki-1kg\/","name":"MENII Premium Puree CYTRYNA Sok NFC 100% Cytrynka Lemoniada Drinki 1kg - Mix Market - Supermarket z wszystkim co potrzeba","isPartOf":{"@id":"https:\/\/racom.com.pl\/#website"},"primaryImageOfPage":{"@id":"https:\/\/racom.com.pl\/index.php\/produkt\/menii-premium-puree-cytryna-sok-nfc-100-cytrynka-lemoniada-drinki-1kg\/#primaryimage"},"image":{"@id":"https:\/\/racom.com.pl\/index.php\/produkt\/menii-premium-puree-cytryna-sok-nfc-100-cytrynka-lemoniada-drinki-1kg\/#primaryimage"},"thumbnailUrl":"https:\/\/racom.com.pl\/wp-content\/uploads\/2026\/03\/allegro_69af1d1d29e792.72931020_8bc170bb46d39c1ea58286d7c001.jpg","datePublished":"2026-03-09T19:18:45+00:00","breadcrumb":{"@id":"https:\/\/racom.com.pl\/index.php\/produkt\/menii-premium-puree-cytryna-sok-nfc-100-cytrynka-lemoniada-drinki-1kg\/#breadcrumb"},"inLanguage":"pl-PL","potentialAction":[{"@type":"ReadAction","target":["https:\/\/racom.com.pl\/index.php\/produkt\/menii-premium-puree-cytryna-sok-nfc-100-cytrynka-lemoniada-drinki-1kg\/"]}]},{"@type":"ImageObject","inLanguage":"pl-PL","@id":"https:\/\/racom.com.pl\/index.php\/produkt\/menii-premium-puree-cytryna-sok-nfc-100-cytrynka-lemoniada-drinki-1kg\/#primaryimage","url":"https:\/\/racom.com.pl\/wp-content\/uploads\/2026\/03\/allegro_69af1d1d29e792.72931020_8bc170bb46d39c1ea58286d7c001.jpg","contentUrl":"https:\/\/racom.com.pl\/wp-content\/uploads\/2026\/03\/allegro_69af1d1d29e792.72931020_8bc170bb46d39c1ea58286d7c001.jpg","width":396,"height":590},{"@type":"BreadcrumbList","@id":"https:\/\/racom.com.pl\/index.php\/produkt\/menii-premium-puree-cytryna-sok-nfc-100-cytrynka-lemoniada-drinki-1kg\/#breadcrumb","itemListElement":[{"@type":"ListItem","position":1,"name":"Strona g\u0142\u00f3wna","item":"https:\/\/racom.com.pl\/"},{"@type":"ListItem","position":2,"name":"Sklep","item":"https:\/\/racom.com.pl\/"},{"@type":"ListItem","position":3,"name":"MENII Premium Puree CYTRYNA Sok NFC 100% Cytrynka Lemoniada Drinki 1kg"}]},{"@type":"WebSite","@id":"https:\/\/racom.com.pl\/#website","url":"https:\/\/racom.com.pl\/","name":"Mix Market - Supermarket z wszystkim co potrzeba do domu i nie tylko","description":"","publisher":{"@id":"https:\/\/racom.com.pl\/#organization"},"potentialAction":[{"@type":"SearchAction","target":{"@type":"EntryPoint","urlTemplate":"https:\/\/racom.com.pl\/?s={search_term_string}"},"query-input":{"@type":"PropertyValueSpecification","valueRequired":true,"valueName":"search_term_string"}}],"inLanguage":"pl-PL"},{"@type":"Organization","@id":"https:\/\/racom.com.pl\/#organization","name":"Mix Market - Supermarket z wszystkim co potrzeba do domu i nie tylko","url":"https:\/\/racom.com.pl\/","logo":{"@type":"ImageObject","inLanguage":"pl-PL","@id":"https:\/\/racom.com.pl\/#\/schema\/logo\/image\/","url":"https:\/\/racom.com.pl\/wp-content\/uploads\/2025\/07\/mixmarket_logo.png","contentUrl":"https:\/\/racom.com.pl\/wp-content\/uploads\/2025\/07\/mixmarket_logo.png","width":1024,"height":1024,"caption":"Mix Market - Supermarket z wszystkim co potrzeba do domu i nie tylko"},"image":{"@id":"https:\/\/racom.com.pl\/#\/schema\/logo\/image\/"}}]}},"_links":{"self":[{"href":"https:\/\/racom.com.pl\/index.php\/wp-json\/wp\/v2\/product\/3908","targetHints":{"allow":["GET"]}}],"collection":[{"href":"https:\/\/racom.com.pl\/index.php\/wp-json\/wp\/v2\/product"}],"about":[{"href":"https:\/\/racom.com.pl\/index.php\/wp-json\/wp\/v2\/types\/product"}],"replies":[{"embeddable":true,"href":"https:\/\/racom.com.pl\/index.php\/wp-json\/wp\/v2\/comments?post=3908"}],"wp:featuredmedia":[{"embeddable":true,"href":"https:\/\/racom.com.pl\/index.php\/wp-json\/wp\/v2\/media\/3911"}],"wp:attachment":[{"href":"https:\/\/racom.com.pl\/index.php\/wp-json\/wp\/v2\/media?parent=3908"}],"wp:term":[{"taxonomy":"product_brand","embeddable":true,"href":"https:\/\/racom.com.pl\/index.php\/wp-json\/wp\/v2\/product_brand?post=3908"},{"taxonomy":"product_cat","embeddable":true,"href":"https:\/\/racom.com.pl\/index.php\/wp-json\/wp\/v2\/product_cat?post=3908"},{"taxonomy":"product_tag","embeddable":true,"href":"https:\/\/racom.com.pl\/index.php\/wp-json\/wp\/v2\/product_tag?post=3908"}],"curies":[{"name":"wp","href":"https:\/\/api.w.org\/{rel}","templated":true}]}}