{"id":3947,"date":"2026-03-09T20:20:09","date_gmt":"2026-03-09T19:20:09","guid":{"rendered":"https:\/\/racom.com.pl\/index.php\/produkt\/whitenergy-bateria-acer-aspire-3620-4400mah-li-ion-111v\/"},"modified":"2026-03-09T20:20:09","modified_gmt":"2026-03-09T19:20:09","slug":"whitenergy-bateria-acer-aspire-3620-4400mah-li-ion-111v","status":"publish","type":"product","link":"https:\/\/racom.com.pl\/index.php\/produkt\/whitenergy-bateria-acer-aspire-3620-4400mah-li-ion-111v\/","title":{"rendered":"Whitenergy Bateria Acer Aspire 3620 4400mAh Li-Ion 11,1V"},"content":{"rendered":"<p>Marka Whitenergy gwarantuj\u0105c wysok\u0105 jako\u015b\u0107 swoich baterii obj\u0119\u0142a je polis\u0105 ubezpieczeniow\u0105 do 2tys. euro.<\/p>\n<p>Aby w \u0142atwy spos\u00f3b dobra\u0107 odpowiedni\u0105 bateri\u0119 skorzystaj z konfiguratora, wyszukuj\u0105c zamiennik po kodzie oryginalnej baterii Twojego laptopa: https:\/\/finderpro.whitenergy.com<\/p>\n<p>Sprawd\u017a czy napi\u0119cie tej baterii odpowiada specyfikacji Twojego notebooka. R\u00f3\u017cnica nie mo\u017ce by\u0107 wi\u0119ksza ni\u017c 0,5V (napi\u0119cia 10.8V i 11.1V s\u0105 to\u017csame).<\/p>\n<p><b>EAN: <\/b> 5908214315086<\/p>\n<p><b>Gwarancja: <\/b> 12 miesi\u0119cy<\/p>\n<p><b>Kod dostawcy: <\/b> 05233<\/p>\n<p><b>Zast\u0119puje baterie: <\/b> 934C2130F 934T2130F BT.00603.012 BT.00603.014 BT.00603.026 BT.00603.039 BT.00603.040 BT.00604.005 BT.00604.006 BT.00604.017 BT.00605.002 BT.00605.003 BT.00605.006 BT.00605.007 BT.00605.027 BT.00607.003 BT.00607.009 BT.00903.004 BT.00904.003 BT.00907.003 BTP-AMJ1 BTP-ANJ1 BTP-AOJ1 BTP-APJ1 BTP-AQJ1 BTP-ARJ1 BTP-AS3620 BTP-ASJ1 BTP-B2J1 BTP-BQJ1 BTP-TM6231 GARDA31 GARDA32 LC.BTP01.010 LC.BTP01.011 MS2180 MS2181 MS2204 MS2211 MS2229 MS2230 Q20154 TM-2007A TM07A72 TM07B41 AR-TM3280H B-5490 LC.BTP00.022 BT.00604.027<\/p>\n<p><b>Pasuje do: <\/b> Aspire 2920 Aspire 3620 Aspire 3623NWXMi Aspire 2410 Aspire 2420 Aspire 2920G Aspire 3623 Aspire 3624 Extensa 3100 Extensa 3102 Ferrari 1100 Ferrari 1200 TravelMate 4320 TravelMate 4330 TravelMate 4335 TravelMate 6593 TravelMate 6593G TravelMate 2420 TravelMate 2422 TravelMate 2423 TravelMate 2424 TravelMate 2428 TravelMate 4520 TravelMate 4530 Aspire 3623WXMi Aspire 3640 Aspire 3670 Aspire 5540 Aspire 5551 Aspire 5560 Aspire 5590 Aspire 2920-1A2G16Mi Aspire 2920-302G25Mi Aspire 2920-3A2G12Mi Aspire 2920-3A2G25Mi Aspire 2920-3A2G25Mn Aspire 2920-5A2G25Mi Aspire 2920-602G25Mn Aspire 2920-603G25Mi Aspire 2920-832G32MnAspire 2920Z-2A2G16Mi&nbsp; Aspire 2920Z-2A2G25Mi Aspire 2920Z-3A2G12Mi Aspire 2920Z Aspire 3620A Aspire 3628AWXCi Aspire 3628NWXMi Aspire 3628WXMi Aspire 5541ANWXMi Aspire 5542ANWXMi Aspire 5550 Aspire 5552NWXMi Aspire 5561AWXMi Aspire 5562WXMi Aspire 5563WXMi Extensa 4420 Extensa 4120 Extensa 4620 Extensa 4620-4691 Extensa 4620-6402 Extensa 4620Z Extensa 4630-4658 Extensa 4630-4682 Extensa 4630-4791 Extensa 4630-4922 Extensa 4630G-642G32Mn Extensa 4630G-732G25 Extensa 4630 Extensa 4630Z TravelMate 2440 TravelMate 2470 TravelMate 3240TravelMate 3250&nbsp; TravelMate 3270 TravelMate 3280 TravelMate 3300 TravelMate 2420A TravelMate 2423WXCi TravelMate 2423WXMi TravelMate 2424NWXMi TravelMate 2424WXCi TravelMate 2424WXMi TravelMate 2428AWXMi TravelMate 3010 TravelMate 3242NWXMi TravelMate 3282NWXMi TravelMate 3282WXMi TravelMate 3284WXMi TravelMate 3290 TravelMate 3302WXMi TravelMate 3304WXMi TravelMate 4720 TravelMate 6231-100508Ci TravelMate 6231-301G12 TravelMate 6231-401G12Mi TravelMate 6231 TravelMate 6252 TravelMate 6252-100508Mi TravelMate 6291-101G12 TravelMate 6291-101G12Mi TravelMate 6291-101G16 TravelMate 6291-3A1G12Mi TravelMate 6291-6059 TravelMate 6291-6335 TravelMate 6291-6753 TravelMate 6291 TravelMate 6292-101G08 TravelMate 6292-101G16Mi TravelMate 6292-101G16Mn TravelMate 6292-101G16N TravelMate 6292-102G16N TravelMate 6292-301G16Mi TravelMate 6292-301G16MN TravelMate 6292-301G16N TravelMate 6292-302G16 TravelMate 6292-302G161Mi TravelMate 6292-302G16Mi TravelMate 6292-302G16Mn TravelMate 6292-302G16N TravelMate 6292-5B2G16Mi TravelMate 6292-5B2G16Mn TravelMate 6292-602G16Mn TravelMate 6292-602G25Mn TravelMate 6292-602G25N TravelMate 6292-603G32Mi TravelMate 6292-6059 TravelMate 6292-6192 TravelMate 6292-6359 TravelMate 6292-6427 TravelMate 6292-6700 TravelMate 6292-6843 TravelMate 6292-6856 TravelMate 6292-6982 TravelMate 6292-702G25Mn TravelMate 6292-812G25Mn TravelMate 6292-832G25Mn TravelMate 6292-833G25N TravelMate 6292-834G25Mi TravelMate 6292-834G25Mn TravelMate 6292-834G32Mi TravelMate 6292-932G25Mn TravelMate 6292 TravelMate 6293-6311 TravelMate 6492-601G16N TravelMate 6492-602G16Mn TravelMate 6492-702G25Mn TravelMate 6492-812G25Mn TravelMate 6492-832G25N TravelMate 6492 TravelMate 6493 TravelMate 5730 MS2240 eMD620<\/p>\n<p><b>Typ ogniwa: <\/b> Li-ion<\/p>\n<p><b>Napi\u0119cie: <\/b> 11.1 V<\/p>\n<p><b>Pojemno\u015b\u0107 baterii: <\/b> 4400 mAh<\/p>\n","protected":false},"excerpt":{"rendered":"<p>Marka Whitenergy gwarantuj\u0105c wysok\u0105 jako\u015b\u0107 swoich baterii obj\u0119\u0142a je polis\u0105 ubezpieczeniow\u0105 do 2tys. euro. Aby w \u0142atwy spos\u00f3b dobra\u0107 odpowiedni\u0105 bateri\u0119 skorzystaj z konfiguratora, wyszukuj\u0105c zamiennik po kodzie oryginalnej baterii Twojego laptopa: https:\/\/finderpro.whitenergy.com Sprawd\u017a czy napi\u0119cie tej baterii odpowiada specyfikacji Twojego notebooka. R\u00f3\u017cnica nie mo\u017ce by\u0107 wi\u0119ksza ni\u017c 0,5V (napi\u0119cia 10.8V i 11.1V s\u0105 to\u017csame). [&hellip;]<\/p>\n","protected":false},"featured_media":3951,"comment_status":"open","ping_status":"closed","template":"","meta":[],"product_brand":[],"product_cat":[38],"product_tag":[],"class_list":{"0":"post-3947","1":"product","2":"type-product","3":"status-publish","4":"has-post-thumbnail","6":"product_cat-czesci-do-laptopow","8":"first","9":"instock","10":"taxable","11":"shipping-taxable","12":"purchasable","13":"product-type-simple"},"yoast_head":"<!-- This site is optimized with the Yoast SEO plugin v27.3 - https:\/\/yoast.com\/product\/yoast-seo-wordpress\/ -->\n<title>Whitenergy Bateria Acer Aspire 3620 4400mAh Li-Ion 11,1V - Mix Market - Supermarket z wszystkim co potrzeba<\/title>\n<meta name=\"robots\" content=\"index, follow, max-snippet:-1, max-image-preview:large, max-video-preview:-1\" \/>\n<link rel=\"canonical\" href=\"https:\/\/racom.com.pl\/index.php\/produkt\/whitenergy-bateria-acer-aspire-3620-4400mah-li-ion-111v\/\" \/>\n<meta property=\"og:locale\" content=\"pl_PL\" \/>\n<meta property=\"og:type\" content=\"article\" \/>\n<meta property=\"og:title\" content=\"Whitenergy Bateria Acer Aspire 3620 4400mAh Li-Ion 11,1V - Mix Market - Supermarket z wszystkim co potrzeba\" \/>\n<meta property=\"og:description\" content=\"Marka Whitenergy gwarantuj\u0105c wysok\u0105 jako\u015b\u0107 swoich baterii obj\u0119\u0142a je polis\u0105 ubezpieczeniow\u0105 do 2tys. euro. Aby w \u0142atwy spos\u00f3b dobra\u0107 odpowiedni\u0105 bateri\u0119 skorzystaj z konfiguratora, wyszukuj\u0105c zamiennik po kodzie oryginalnej baterii Twojego laptopa: https:\/\/finderpro.whitenergy.com Sprawd\u017a czy napi\u0119cie tej baterii odpowiada specyfikacji Twojego notebooka. R\u00f3\u017cnica nie mo\u017ce by\u0107 wi\u0119ksza ni\u017c 0,5V (napi\u0119cia 10.8V i 11.1V s\u0105 to\u017csame). [&hellip;]\" \/>\n<meta property=\"og:url\" content=\"https:\/\/racom.com.pl\/index.php\/produkt\/whitenergy-bateria-acer-aspire-3620-4400mah-li-ion-111v\/\" \/>\n<meta property=\"og:site_name\" content=\"Mix Market - Supermarket z wszystkim co potrzeba\" \/>\n<meta name=\"twitter:card\" content=\"summary_large_image\" \/>\n<meta name=\"twitter:label1\" content=\"Szacowany czas czytania\" \/>\n\t<meta name=\"twitter:data1\" content=\"3 minuty\" \/>\n<script type=\"application\/ld+json\" class=\"yoast-schema-graph\">{\"@context\":\"https:\\\/\\\/schema.org\",\"@graph\":[{\"@type\":\"WebPage\",\"@id\":\"https:\\\/\\\/racom.com.pl\\\/index.php\\\/produkt\\\/whitenergy-bateria-acer-aspire-3620-4400mah-li-ion-111v\\\/\",\"url\":\"https:\\\/\\\/racom.com.pl\\\/index.php\\\/produkt\\\/whitenergy-bateria-acer-aspire-3620-4400mah-li-ion-111v\\\/\",\"name\":\"Whitenergy Bateria Acer Aspire 3620 4400mAh Li-Ion 11,1V - Mix Market - Supermarket z wszystkim co potrzeba\",\"isPartOf\":{\"@id\":\"https:\\\/\\\/racom.com.pl\\\/#website\"},\"primaryImageOfPage\":{\"@id\":\"https:\\\/\\\/racom.com.pl\\\/index.php\\\/produkt\\\/whitenergy-bateria-acer-aspire-3620-4400mah-li-ion-111v\\\/#primaryimage\"},\"image\":{\"@id\":\"https:\\\/\\\/racom.com.pl\\\/index.php\\\/produkt\\\/whitenergy-bateria-acer-aspire-3620-4400mah-li-ion-111v\\\/#primaryimage\"},\"thumbnailUrl\":\"https:\\\/\\\/racom.com.pl\\\/wp-content\\\/uploads\\\/2026\\\/03\\\/allegro_69af1d6e86b278.62717096_91b795f24aad980c0d1bdd75b3e0.jpg\",\"datePublished\":\"2026-03-09T19:20:09+00:00\",\"breadcrumb\":{\"@id\":\"https:\\\/\\\/racom.com.pl\\\/index.php\\\/produkt\\\/whitenergy-bateria-acer-aspire-3620-4400mah-li-ion-111v\\\/#breadcrumb\"},\"inLanguage\":\"pl-PL\",\"potentialAction\":[{\"@type\":\"ReadAction\",\"target\":[\"https:\\\/\\\/racom.com.pl\\\/index.php\\\/produkt\\\/whitenergy-bateria-acer-aspire-3620-4400mah-li-ion-111v\\\/\"]}]},{\"@type\":\"ImageObject\",\"inLanguage\":\"pl-PL\",\"@id\":\"https:\\\/\\\/racom.com.pl\\\/index.php\\\/produkt\\\/whitenergy-bateria-acer-aspire-3620-4400mah-li-ion-111v\\\/#primaryimage\",\"url\":\"https:\\\/\\\/racom.com.pl\\\/wp-content\\\/uploads\\\/2026\\\/03\\\/allegro_69af1d6e86b278.62717096_91b795f24aad980c0d1bdd75b3e0.jpg\",\"contentUrl\":\"https:\\\/\\\/racom.com.pl\\\/wp-content\\\/uploads\\\/2026\\\/03\\\/allegro_69af1d6e86b278.62717096_91b795f24aad980c0d1bdd75b3e0.jpg\",\"width\":1100,\"height\":300},{\"@type\":\"BreadcrumbList\",\"@id\":\"https:\\\/\\\/racom.com.pl\\\/index.php\\\/produkt\\\/whitenergy-bateria-acer-aspire-3620-4400mah-li-ion-111v\\\/#breadcrumb\",\"itemListElement\":[{\"@type\":\"ListItem\",\"position\":1,\"name\":\"Strona g\u0142\u00f3wna\",\"item\":\"https:\\\/\\\/racom.com.pl\\\/\"},{\"@type\":\"ListItem\",\"position\":2,\"name\":\"Sklep\",\"item\":\"https:\\\/\\\/racom.com.pl\\\/\"},{\"@type\":\"ListItem\",\"position\":3,\"name\":\"Whitenergy Bateria Acer Aspire 3620 4400mAh Li-Ion 11,1V\"}]},{\"@type\":\"WebSite\",\"@id\":\"https:\\\/\\\/racom.com.pl\\\/#website\",\"url\":\"https:\\\/\\\/racom.com.pl\\\/\",\"name\":\"Mix Market - Supermarket z wszystkim co potrzeba do domu i nie tylko\",\"description\":\"\",\"publisher\":{\"@id\":\"https:\\\/\\\/racom.com.pl\\\/#organization\"},\"potentialAction\":[{\"@type\":\"SearchAction\",\"target\":{\"@type\":\"EntryPoint\",\"urlTemplate\":\"https:\\\/\\\/racom.com.pl\\\/?s={search_term_string}\"},\"query-input\":{\"@type\":\"PropertyValueSpecification\",\"valueRequired\":true,\"valueName\":\"search_term_string\"}}],\"inLanguage\":\"pl-PL\"},{\"@type\":\"Organization\",\"@id\":\"https:\\\/\\\/racom.com.pl\\\/#organization\",\"name\":\"Mix Market - Supermarket z wszystkim co potrzeba do domu i nie tylko\",\"url\":\"https:\\\/\\\/racom.com.pl\\\/\",\"logo\":{\"@type\":\"ImageObject\",\"inLanguage\":\"pl-PL\",\"@id\":\"https:\\\/\\\/racom.com.pl\\\/#\\\/schema\\\/logo\\\/image\\\/\",\"url\":\"https:\\\/\\\/racom.com.pl\\\/wp-content\\\/uploads\\\/2025\\\/07\\\/mixmarket_logo.png\",\"contentUrl\":\"https:\\\/\\\/racom.com.pl\\\/wp-content\\\/uploads\\\/2025\\\/07\\\/mixmarket_logo.png\",\"width\":1024,\"height\":1024,\"caption\":\"Mix Market - Supermarket z wszystkim co potrzeba do domu i nie tylko\"},\"image\":{\"@id\":\"https:\\\/\\\/racom.com.pl\\\/#\\\/schema\\\/logo\\\/image\\\/\"}}]}<\/script>\n<!-- \/ Yoast SEO plugin. -->","yoast_head_json":{"title":"Whitenergy Bateria Acer Aspire 3620 4400mAh Li-Ion 11,1V - Mix Market - Supermarket z wszystkim co potrzeba","robots":{"index":"index","follow":"follow","max-snippet":"max-snippet:-1","max-image-preview":"max-image-preview:large","max-video-preview":"max-video-preview:-1"},"canonical":"https:\/\/racom.com.pl\/index.php\/produkt\/whitenergy-bateria-acer-aspire-3620-4400mah-li-ion-111v\/","og_locale":"pl_PL","og_type":"article","og_title":"Whitenergy Bateria Acer Aspire 3620 4400mAh Li-Ion 11,1V - Mix Market - Supermarket z wszystkim co potrzeba","og_description":"Marka Whitenergy gwarantuj\u0105c wysok\u0105 jako\u015b\u0107 swoich baterii obj\u0119\u0142a je polis\u0105 ubezpieczeniow\u0105 do 2tys. euro. Aby w \u0142atwy spos\u00f3b dobra\u0107 odpowiedni\u0105 bateri\u0119 skorzystaj z konfiguratora, wyszukuj\u0105c zamiennik po kodzie oryginalnej baterii Twojego laptopa: https:\/\/finderpro.whitenergy.com Sprawd\u017a czy napi\u0119cie tej baterii odpowiada specyfikacji Twojego notebooka. R\u00f3\u017cnica nie mo\u017ce by\u0107 wi\u0119ksza ni\u017c 0,5V (napi\u0119cia 10.8V i 11.1V s\u0105 to\u017csame). [&hellip;]","og_url":"https:\/\/racom.com.pl\/index.php\/produkt\/whitenergy-bateria-acer-aspire-3620-4400mah-li-ion-111v\/","og_site_name":"Mix Market - Supermarket z wszystkim co potrzeba","twitter_card":"summary_large_image","twitter_misc":{"Szacowany czas czytania":"3 minuty"},"schema":{"@context":"https:\/\/schema.org","@graph":[{"@type":"WebPage","@id":"https:\/\/racom.com.pl\/index.php\/produkt\/whitenergy-bateria-acer-aspire-3620-4400mah-li-ion-111v\/","url":"https:\/\/racom.com.pl\/index.php\/produkt\/whitenergy-bateria-acer-aspire-3620-4400mah-li-ion-111v\/","name":"Whitenergy Bateria Acer Aspire 3620 4400mAh Li-Ion 11,1V - Mix Market - Supermarket z wszystkim co potrzeba","isPartOf":{"@id":"https:\/\/racom.com.pl\/#website"},"primaryImageOfPage":{"@id":"https:\/\/racom.com.pl\/index.php\/produkt\/whitenergy-bateria-acer-aspire-3620-4400mah-li-ion-111v\/#primaryimage"},"image":{"@id":"https:\/\/racom.com.pl\/index.php\/produkt\/whitenergy-bateria-acer-aspire-3620-4400mah-li-ion-111v\/#primaryimage"},"thumbnailUrl":"https:\/\/racom.com.pl\/wp-content\/uploads\/2026\/03\/allegro_69af1d6e86b278.62717096_91b795f24aad980c0d1bdd75b3e0.jpg","datePublished":"2026-03-09T19:20:09+00:00","breadcrumb":{"@id":"https:\/\/racom.com.pl\/index.php\/produkt\/whitenergy-bateria-acer-aspire-3620-4400mah-li-ion-111v\/#breadcrumb"},"inLanguage":"pl-PL","potentialAction":[{"@type":"ReadAction","target":["https:\/\/racom.com.pl\/index.php\/produkt\/whitenergy-bateria-acer-aspire-3620-4400mah-li-ion-111v\/"]}]},{"@type":"ImageObject","inLanguage":"pl-PL","@id":"https:\/\/racom.com.pl\/index.php\/produkt\/whitenergy-bateria-acer-aspire-3620-4400mah-li-ion-111v\/#primaryimage","url":"https:\/\/racom.com.pl\/wp-content\/uploads\/2026\/03\/allegro_69af1d6e86b278.62717096_91b795f24aad980c0d1bdd75b3e0.jpg","contentUrl":"https:\/\/racom.com.pl\/wp-content\/uploads\/2026\/03\/allegro_69af1d6e86b278.62717096_91b795f24aad980c0d1bdd75b3e0.jpg","width":1100,"height":300},{"@type":"BreadcrumbList","@id":"https:\/\/racom.com.pl\/index.php\/produkt\/whitenergy-bateria-acer-aspire-3620-4400mah-li-ion-111v\/#breadcrumb","itemListElement":[{"@type":"ListItem","position":1,"name":"Strona g\u0142\u00f3wna","item":"https:\/\/racom.com.pl\/"},{"@type":"ListItem","position":2,"name":"Sklep","item":"https:\/\/racom.com.pl\/"},{"@type":"ListItem","position":3,"name":"Whitenergy Bateria Acer Aspire 3620 4400mAh Li-Ion 11,1V"}]},{"@type":"WebSite","@id":"https:\/\/racom.com.pl\/#website","url":"https:\/\/racom.com.pl\/","name":"Mix Market - Supermarket z wszystkim co potrzeba do domu i nie tylko","description":"","publisher":{"@id":"https:\/\/racom.com.pl\/#organization"},"potentialAction":[{"@type":"SearchAction","target":{"@type":"EntryPoint","urlTemplate":"https:\/\/racom.com.pl\/?s={search_term_string}"},"query-input":{"@type":"PropertyValueSpecification","valueRequired":true,"valueName":"search_term_string"}}],"inLanguage":"pl-PL"},{"@type":"Organization","@id":"https:\/\/racom.com.pl\/#organization","name":"Mix Market - Supermarket z wszystkim co potrzeba do domu i nie tylko","url":"https:\/\/racom.com.pl\/","logo":{"@type":"ImageObject","inLanguage":"pl-PL","@id":"https:\/\/racom.com.pl\/#\/schema\/logo\/image\/","url":"https:\/\/racom.com.pl\/wp-content\/uploads\/2025\/07\/mixmarket_logo.png","contentUrl":"https:\/\/racom.com.pl\/wp-content\/uploads\/2025\/07\/mixmarket_logo.png","width":1024,"height":1024,"caption":"Mix Market - Supermarket z wszystkim co potrzeba do domu i nie tylko"},"image":{"@id":"https:\/\/racom.com.pl\/#\/schema\/logo\/image\/"}}]}},"_links":{"self":[{"href":"https:\/\/racom.com.pl\/index.php\/wp-json\/wp\/v2\/product\/3947","targetHints":{"allow":["GET"]}}],"collection":[{"href":"https:\/\/racom.com.pl\/index.php\/wp-json\/wp\/v2\/product"}],"about":[{"href":"https:\/\/racom.com.pl\/index.php\/wp-json\/wp\/v2\/types\/product"}],"replies":[{"embeddable":true,"href":"https:\/\/racom.com.pl\/index.php\/wp-json\/wp\/v2\/comments?post=3947"}],"wp:featuredmedia":[{"embeddable":true,"href":"https:\/\/racom.com.pl\/index.php\/wp-json\/wp\/v2\/media\/3951"}],"wp:attachment":[{"href":"https:\/\/racom.com.pl\/index.php\/wp-json\/wp\/v2\/media?parent=3947"}],"wp:term":[{"taxonomy":"product_brand","embeddable":true,"href":"https:\/\/racom.com.pl\/index.php\/wp-json\/wp\/v2\/product_brand?post=3947"},{"taxonomy":"product_cat","embeddable":true,"href":"https:\/\/racom.com.pl\/index.php\/wp-json\/wp\/v2\/product_cat?post=3947"},{"taxonomy":"product_tag","embeddable":true,"href":"https:\/\/racom.com.pl\/index.php\/wp-json\/wp\/v2\/product_tag?post=3947"}],"curies":[{"name":"wp","href":"https:\/\/api.w.org\/{rel}","templated":true}]}}