{"id":3968,"date":"2026-03-09T20:20:41","date_gmt":"2026-03-09T19:20:41","guid":{"rendered":"https:\/\/racom.com.pl\/index.php\/produkt\/pilot-do-dekodera-zgemma-seria-star-s-2s-h1-h2-czarny-wygiety\/"},"modified":"2026-03-09T20:20:41","modified_gmt":"2026-03-09T19:20:41","slug":"pilot-do-dekodera-zgemma-seria-star-s-2s-h1-h2-czarny-wygiety","status":"publish","type":"product","link":"https:\/\/racom.com.pl\/index.php\/produkt\/pilot-do-dekodera-zgemma-seria-star-s-2s-h1-h2-czarny-wygiety\/","title":{"rendered":"PILOT do DEKODERA ZGEMMA SERIA STAR S 2S H1 H2 CZARNY WYGI\u0118TY"},"content":{"rendered":"<h2>PILOT do dekoder\u00f3w ZGEMMA seria STAR<\/h2>\n<h2>Poni\u017cej podane modele tuner\u00f3w z kt\u00f3rymi dzia\u0142a pilot:<\/h2>\n<ul>\n<li>ZGEMMA STAR S<\/li>\n<li>ZGEMMA STAR 2S<\/li>\n<li>ZGEMMA STAR H1<\/li>\n<li>ZGEMMA STAR H2<\/li>\n<\/ul>\n<p>Uwaga! Pilot nie pasuje do dekoder\u00f3w bez dopisku &#8222;STAR&#8221;.<\/p>\n<p>Kod produktu: B430<\/p>\n","protected":false},"excerpt":{"rendered":"<p>PILOT do dekoder\u00f3w ZGEMMA seria STAR Poni\u017cej podane modele tuner\u00f3w z kt\u00f3rymi dzia\u0142a pilot: ZGEMMA STAR S ZGEMMA STAR 2S ZGEMMA STAR H1 ZGEMMA STAR H2 Uwaga! Pilot nie pasuje do dekoder\u00f3w bez dopisku &#8222;STAR&#8221;. Kod produktu: B430<\/p>\n","protected":false},"featured_media":3971,"comment_status":"open","ping_status":"closed","template":"","meta":[],"product_brand":[293],"product_cat":[28],"product_tag":[],"class_list":{"0":"post-3968","1":"product","2":"type-product","3":"status-publish","4":"has-post-thumbnail","6":"product_brand-cardsplitter","7":"product_cat-piloty","9":"first","10":"outofstock","11":"taxable","12":"shipping-taxable","13":"purchasable","14":"product-type-simple"},"yoast_head":"<!-- This site is optimized with the Yoast SEO plugin v27.3 - https:\/\/yoast.com\/product\/yoast-seo-wordpress\/ -->\n<title>PILOT do DEKODERA ZGEMMA SERIA STAR S 2S H1 H2 CZARNY WYGI\u0118TY - Mix Market - Supermarket z wszystkim co potrzeba<\/title>\n<meta name=\"robots\" content=\"index, follow, max-snippet:-1, max-image-preview:large, max-video-preview:-1\" \/>\n<link rel=\"canonical\" href=\"https:\/\/racom.com.pl\/index.php\/produkt\/pilot-do-dekodera-zgemma-seria-star-s-2s-h1-h2-czarny-wygiety\/\" \/>\n<meta property=\"og:locale\" content=\"pl_PL\" \/>\n<meta property=\"og:type\" content=\"article\" \/>\n<meta property=\"og:title\" content=\"PILOT do DEKODERA ZGEMMA SERIA STAR S 2S H1 H2 CZARNY WYGI\u0118TY - Mix Market - Supermarket z wszystkim co potrzeba\" \/>\n<meta property=\"og:description\" content=\"PILOT do dekoder\u00f3w ZGEMMA seria STAR Poni\u017cej podane modele tuner\u00f3w z kt\u00f3rymi dzia\u0142a pilot: ZGEMMA STAR S ZGEMMA STAR 2S ZGEMMA STAR H1 ZGEMMA STAR H2 Uwaga! Pilot nie pasuje do dekoder\u00f3w bez dopisku &#8222;STAR&#8221;. Kod produktu: B430\" \/>\n<meta property=\"og:url\" content=\"https:\/\/racom.com.pl\/index.php\/produkt\/pilot-do-dekodera-zgemma-seria-star-s-2s-h1-h2-czarny-wygiety\/\" \/>\n<meta property=\"og:site_name\" content=\"Mix Market - Supermarket z wszystkim co potrzeba\" \/>\n<meta name=\"twitter:card\" content=\"summary_large_image\" \/>\n<script type=\"application\/ld+json\" class=\"yoast-schema-graph\">{\"@context\":\"https:\\\/\\\/schema.org\",\"@graph\":[{\"@type\":\"WebPage\",\"@id\":\"https:\\\/\\\/racom.com.pl\\\/index.php\\\/produkt\\\/pilot-do-dekodera-zgemma-seria-star-s-2s-h1-h2-czarny-wygiety\\\/\",\"url\":\"https:\\\/\\\/racom.com.pl\\\/index.php\\\/produkt\\\/pilot-do-dekodera-zgemma-seria-star-s-2s-h1-h2-czarny-wygiety\\\/\",\"name\":\"PILOT do DEKODERA ZGEMMA SERIA STAR S 2S H1 H2 CZARNY WYGI\u0118TY - Mix Market - Supermarket z wszystkim co potrzeba\",\"isPartOf\":{\"@id\":\"https:\\\/\\\/racom.com.pl\\\/#website\"},\"primaryImageOfPage\":{\"@id\":\"https:\\\/\\\/racom.com.pl\\\/index.php\\\/produkt\\\/pilot-do-dekodera-zgemma-seria-star-s-2s-h1-h2-czarny-wygiety\\\/#primaryimage\"},\"image\":{\"@id\":\"https:\\\/\\\/racom.com.pl\\\/index.php\\\/produkt\\\/pilot-do-dekodera-zgemma-seria-star-s-2s-h1-h2-czarny-wygiety\\\/#primaryimage\"},\"thumbnailUrl\":\"https:\\\/\\\/racom.com.pl\\\/wp-content\\\/uploads\\\/2026\\\/03\\\/allegro_69af1d8d56f083.28005488_e83d54cf47ed98e203a5e8ab33d3.jpg\",\"datePublished\":\"2026-03-09T19:20:41+00:00\",\"breadcrumb\":{\"@id\":\"https:\\\/\\\/racom.com.pl\\\/index.php\\\/produkt\\\/pilot-do-dekodera-zgemma-seria-star-s-2s-h1-h2-czarny-wygiety\\\/#breadcrumb\"},\"inLanguage\":\"pl-PL\",\"potentialAction\":[{\"@type\":\"ReadAction\",\"target\":[\"https:\\\/\\\/racom.com.pl\\\/index.php\\\/produkt\\\/pilot-do-dekodera-zgemma-seria-star-s-2s-h1-h2-czarny-wygiety\\\/\"]}]},{\"@type\":\"ImageObject\",\"inLanguage\":\"pl-PL\",\"@id\":\"https:\\\/\\\/racom.com.pl\\\/index.php\\\/produkt\\\/pilot-do-dekodera-zgemma-seria-star-s-2s-h1-h2-czarny-wygiety\\\/#primaryimage\",\"url\":\"https:\\\/\\\/racom.com.pl\\\/wp-content\\\/uploads\\\/2026\\\/03\\\/allegro_69af1d8d56f083.28005488_e83d54cf47ed98e203a5e8ab33d3.jpg\",\"contentUrl\":\"https:\\\/\\\/racom.com.pl\\\/wp-content\\\/uploads\\\/2026\\\/03\\\/allegro_69af1d8d56f083.28005488_e83d54cf47ed98e203a5e8ab33d3.jpg\",\"width\":640,\"height\":640},{\"@type\":\"BreadcrumbList\",\"@id\":\"https:\\\/\\\/racom.com.pl\\\/index.php\\\/produkt\\\/pilot-do-dekodera-zgemma-seria-star-s-2s-h1-h2-czarny-wygiety\\\/#breadcrumb\",\"itemListElement\":[{\"@type\":\"ListItem\",\"position\":1,\"name\":\"Strona g\u0142\u00f3wna\",\"item\":\"https:\\\/\\\/racom.com.pl\\\/\"},{\"@type\":\"ListItem\",\"position\":2,\"name\":\"Sklep\",\"item\":\"https:\\\/\\\/racom.com.pl\\\/\"},{\"@type\":\"ListItem\",\"position\":3,\"name\":\"PILOT do DEKODERA ZGEMMA SERIA STAR S 2S H1 H2 CZARNY WYGI\u0118TY\"}]},{\"@type\":\"WebSite\",\"@id\":\"https:\\\/\\\/racom.com.pl\\\/#website\",\"url\":\"https:\\\/\\\/racom.com.pl\\\/\",\"name\":\"Mix Market - Supermarket z wszystkim co potrzeba do domu i nie tylko\",\"description\":\"\",\"publisher\":{\"@id\":\"https:\\\/\\\/racom.com.pl\\\/#organization\"},\"potentialAction\":[{\"@type\":\"SearchAction\",\"target\":{\"@type\":\"EntryPoint\",\"urlTemplate\":\"https:\\\/\\\/racom.com.pl\\\/?s={search_term_string}\"},\"query-input\":{\"@type\":\"PropertyValueSpecification\",\"valueRequired\":true,\"valueName\":\"search_term_string\"}}],\"inLanguage\":\"pl-PL\"},{\"@type\":\"Organization\",\"@id\":\"https:\\\/\\\/racom.com.pl\\\/#organization\",\"name\":\"Mix Market - Supermarket z wszystkim co potrzeba do domu i nie tylko\",\"url\":\"https:\\\/\\\/racom.com.pl\\\/\",\"logo\":{\"@type\":\"ImageObject\",\"inLanguage\":\"pl-PL\",\"@id\":\"https:\\\/\\\/racom.com.pl\\\/#\\\/schema\\\/logo\\\/image\\\/\",\"url\":\"https:\\\/\\\/racom.com.pl\\\/wp-content\\\/uploads\\\/2025\\\/07\\\/mixmarket_logo.png\",\"contentUrl\":\"https:\\\/\\\/racom.com.pl\\\/wp-content\\\/uploads\\\/2025\\\/07\\\/mixmarket_logo.png\",\"width\":1024,\"height\":1024,\"caption\":\"Mix Market - Supermarket z wszystkim co potrzeba do domu i nie tylko\"},\"image\":{\"@id\":\"https:\\\/\\\/racom.com.pl\\\/#\\\/schema\\\/logo\\\/image\\\/\"}}]}<\/script>\n<!-- \/ Yoast SEO plugin. -->","yoast_head_json":{"title":"PILOT do DEKODERA ZGEMMA SERIA STAR S 2S H1 H2 CZARNY WYGI\u0118TY - Mix Market - Supermarket z wszystkim co potrzeba","robots":{"index":"index","follow":"follow","max-snippet":"max-snippet:-1","max-image-preview":"max-image-preview:large","max-video-preview":"max-video-preview:-1"},"canonical":"https:\/\/racom.com.pl\/index.php\/produkt\/pilot-do-dekodera-zgemma-seria-star-s-2s-h1-h2-czarny-wygiety\/","og_locale":"pl_PL","og_type":"article","og_title":"PILOT do DEKODERA ZGEMMA SERIA STAR S 2S H1 H2 CZARNY WYGI\u0118TY - Mix Market - Supermarket z wszystkim co potrzeba","og_description":"PILOT do dekoder\u00f3w ZGEMMA seria STAR Poni\u017cej podane modele tuner\u00f3w z kt\u00f3rymi dzia\u0142a pilot: ZGEMMA STAR S ZGEMMA STAR 2S ZGEMMA STAR H1 ZGEMMA STAR H2 Uwaga! Pilot nie pasuje do dekoder\u00f3w bez dopisku &#8222;STAR&#8221;. Kod produktu: B430","og_url":"https:\/\/racom.com.pl\/index.php\/produkt\/pilot-do-dekodera-zgemma-seria-star-s-2s-h1-h2-czarny-wygiety\/","og_site_name":"Mix Market - Supermarket z wszystkim co potrzeba","twitter_card":"summary_large_image","schema":{"@context":"https:\/\/schema.org","@graph":[{"@type":"WebPage","@id":"https:\/\/racom.com.pl\/index.php\/produkt\/pilot-do-dekodera-zgemma-seria-star-s-2s-h1-h2-czarny-wygiety\/","url":"https:\/\/racom.com.pl\/index.php\/produkt\/pilot-do-dekodera-zgemma-seria-star-s-2s-h1-h2-czarny-wygiety\/","name":"PILOT do DEKODERA ZGEMMA SERIA STAR S 2S H1 H2 CZARNY WYGI\u0118TY - Mix Market - Supermarket z wszystkim co potrzeba","isPartOf":{"@id":"https:\/\/racom.com.pl\/#website"},"primaryImageOfPage":{"@id":"https:\/\/racom.com.pl\/index.php\/produkt\/pilot-do-dekodera-zgemma-seria-star-s-2s-h1-h2-czarny-wygiety\/#primaryimage"},"image":{"@id":"https:\/\/racom.com.pl\/index.php\/produkt\/pilot-do-dekodera-zgemma-seria-star-s-2s-h1-h2-czarny-wygiety\/#primaryimage"},"thumbnailUrl":"https:\/\/racom.com.pl\/wp-content\/uploads\/2026\/03\/allegro_69af1d8d56f083.28005488_e83d54cf47ed98e203a5e8ab33d3.jpg","datePublished":"2026-03-09T19:20:41+00:00","breadcrumb":{"@id":"https:\/\/racom.com.pl\/index.php\/produkt\/pilot-do-dekodera-zgemma-seria-star-s-2s-h1-h2-czarny-wygiety\/#breadcrumb"},"inLanguage":"pl-PL","potentialAction":[{"@type":"ReadAction","target":["https:\/\/racom.com.pl\/index.php\/produkt\/pilot-do-dekodera-zgemma-seria-star-s-2s-h1-h2-czarny-wygiety\/"]}]},{"@type":"ImageObject","inLanguage":"pl-PL","@id":"https:\/\/racom.com.pl\/index.php\/produkt\/pilot-do-dekodera-zgemma-seria-star-s-2s-h1-h2-czarny-wygiety\/#primaryimage","url":"https:\/\/racom.com.pl\/wp-content\/uploads\/2026\/03\/allegro_69af1d8d56f083.28005488_e83d54cf47ed98e203a5e8ab33d3.jpg","contentUrl":"https:\/\/racom.com.pl\/wp-content\/uploads\/2026\/03\/allegro_69af1d8d56f083.28005488_e83d54cf47ed98e203a5e8ab33d3.jpg","width":640,"height":640},{"@type":"BreadcrumbList","@id":"https:\/\/racom.com.pl\/index.php\/produkt\/pilot-do-dekodera-zgemma-seria-star-s-2s-h1-h2-czarny-wygiety\/#breadcrumb","itemListElement":[{"@type":"ListItem","position":1,"name":"Strona g\u0142\u00f3wna","item":"https:\/\/racom.com.pl\/"},{"@type":"ListItem","position":2,"name":"Sklep","item":"https:\/\/racom.com.pl\/"},{"@type":"ListItem","position":3,"name":"PILOT do DEKODERA ZGEMMA SERIA STAR S 2S H1 H2 CZARNY WYGI\u0118TY"}]},{"@type":"WebSite","@id":"https:\/\/racom.com.pl\/#website","url":"https:\/\/racom.com.pl\/","name":"Mix Market - Supermarket z wszystkim co potrzeba do domu i nie tylko","description":"","publisher":{"@id":"https:\/\/racom.com.pl\/#organization"},"potentialAction":[{"@type":"SearchAction","target":{"@type":"EntryPoint","urlTemplate":"https:\/\/racom.com.pl\/?s={search_term_string}"},"query-input":{"@type":"PropertyValueSpecification","valueRequired":true,"valueName":"search_term_string"}}],"inLanguage":"pl-PL"},{"@type":"Organization","@id":"https:\/\/racom.com.pl\/#organization","name":"Mix Market - Supermarket z wszystkim co potrzeba do domu i nie tylko","url":"https:\/\/racom.com.pl\/","logo":{"@type":"ImageObject","inLanguage":"pl-PL","@id":"https:\/\/racom.com.pl\/#\/schema\/logo\/image\/","url":"https:\/\/racom.com.pl\/wp-content\/uploads\/2025\/07\/mixmarket_logo.png","contentUrl":"https:\/\/racom.com.pl\/wp-content\/uploads\/2025\/07\/mixmarket_logo.png","width":1024,"height":1024,"caption":"Mix Market - Supermarket z wszystkim co potrzeba do domu i nie tylko"},"image":{"@id":"https:\/\/racom.com.pl\/#\/schema\/logo\/image\/"}}]}},"_links":{"self":[{"href":"https:\/\/racom.com.pl\/index.php\/wp-json\/wp\/v2\/product\/3968","targetHints":{"allow":["GET"]}}],"collection":[{"href":"https:\/\/racom.com.pl\/index.php\/wp-json\/wp\/v2\/product"}],"about":[{"href":"https:\/\/racom.com.pl\/index.php\/wp-json\/wp\/v2\/types\/product"}],"replies":[{"embeddable":true,"href":"https:\/\/racom.com.pl\/index.php\/wp-json\/wp\/v2\/comments?post=3968"}],"wp:featuredmedia":[{"embeddable":true,"href":"https:\/\/racom.com.pl\/index.php\/wp-json\/wp\/v2\/media\/3971"}],"wp:attachment":[{"href":"https:\/\/racom.com.pl\/index.php\/wp-json\/wp\/v2\/media?parent=3968"}],"wp:term":[{"taxonomy":"product_brand","embeddable":true,"href":"https:\/\/racom.com.pl\/index.php\/wp-json\/wp\/v2\/product_brand?post=3968"},{"taxonomy":"product_cat","embeddable":true,"href":"https:\/\/racom.com.pl\/index.php\/wp-json\/wp\/v2\/product_cat?post=3968"},{"taxonomy":"product_tag","embeddable":true,"href":"https:\/\/racom.com.pl\/index.php\/wp-json\/wp\/v2\/product_tag?post=3968"}],"curies":[{"name":"wp","href":"https:\/\/api.w.org\/{rel}","templated":true}]}}