{"id":3995,"date":"2026-03-09T20:21:22","date_gmt":"2026-03-09T19:21:22","guid":{"rendered":"https:\/\/racom.com.pl\/index.php\/produkt\/baseus-mocny-kabel-usb-do-lightning-iphone-ipad-przewod-2-4a-1-5m-1szt\/"},"modified":"2026-03-09T20:21:22","modified_gmt":"2026-03-09T19:21:22","slug":"baseus-mocny-kabel-usb-do-lightning-iphone-ipad-przewod-2-4a-1-5m-1szt","status":"publish","type":"product","link":"https:\/\/racom.com.pl\/index.php\/produkt\/baseus-mocny-kabel-usb-do-lightning-iphone-ipad-przewod-2-4a-1-5m-1szt\/","title":{"rendered":"BASEUS MOCNY KABEL USB DO LIGHTNING IPHONE IPAD PRZEW\u00d3D 2.4A 1.5M 1szt"},"content":{"rendered":"<h2>Baseus kabel USB &#8211; Lightning szybkie \u0142adowanie Power Delivery 1,5 m bia\u0142y 1szt<\/h2>\n<h2>Simple Wisdom<\/h2>\n<p>Kabel USB &#8211; Lightning do iPhone\/iPad przeznaczonych do \u0142adowania i synchronizacji urz\u0105dze\u0144 od Apple. D\u0142ugo\u015b\u0107 kabla wynosi 1,5 metra.<\/p>\n<ul>\n<li>\u2733\ufe0f Akcesorium&nbsp;<b>obs\u0142uguje zasilanie o nat\u0119\u017ceniu do 2.4A<\/b>&nbsp;i umo\u017cliwia przesy\u0142anie danych z pr\u0119dko\u015bci\u0105 do 480Mb\/s.<\/li>\n<\/ul>\n<p>Kabel wykonany zosta\u0142 z cynowanej miedzi w izolacji PVC, co przy zachowaniu elastyczno\u015bci gwarantuje niezawodno\u015b\u0107 i trwa\u0142o\u015b\u0107 podczas pracy. Zosta\u0142 zaprojektowany, aby przetrwa\u0107 d\u0142ugie i intensywne u\u017cytkowanie.<\/p>\n<p>Podczas \u0142adowania mo\u017cesz u\u017cywa\u0107 telefonu i nie martwi\u0107 si\u0119 o przegrzane z\u0142\u0105cza, kt\u00f3re mog\u0105 uszkodzi\u0107 bateri\u0119 telefonu.<\/p>\n<ul>\n<li>\u2733\ufe0f Stylowy design pasuje do ka\u017cdego otoczenia, a pasek podkre\u015bla dobry wygl\u0105d kabla i u\u0142atwia przechowywanie go.<\/li>\n<\/ul>\n<h2>Cena dotyczy 1szt&nbsp; kabla<\/h2>\n<h2>Po zakupie jednej sztuki otrzymasz 1szt kabla&nbsp; stanowi\u0105cego 1\/2 opakowania zbiorczego zarejestrowanego pod tym kodem EAN w bazie GS1.<\/h2>\n<h2>Przy zakupie 2szt pakowane w pude\u0142ko.<\/h2>\n<h2>\u2705Parametry:<\/h2>\n<ul>\n<li>Model: Simple Wisdom Data Cable Kit USB 3.0 to Lightning 2.4A<\/li>\n<li>Liczba sztuk w zestawie: 1<\/li>\n<li><b>D\u0142ugo\u015b\u0107: 150cm<\/b><\/li>\n<li><b>Kolor:&nbsp;bia\u0142y<\/b><\/li>\n<li>Pr\u0105d wyj\u015bciowy: 2.4A<\/li>\n<li>Transmisja danych:&nbsp;480Mbps<\/li>\n<li>Wyko\u0144czenie: PVC<\/li>\n<li><b>Kompatybilno\u015b\u0107:&nbsp;urz\u0105dzenia Apple ze z\u0142\u0105czem Lightning<\/b><\/li>\n<li>Kod producenta: TZCALZJ-02<\/li>\n<\/ul>\n<h2>\u2705Najwa\u017cniejsze zalety:<\/h2>\n<ul>\n<li><b>Transmisja danych 480 Mbps.<\/b><\/li>\n<li>Najbardziej newralgiczny punkt ka\u017cdego kabla &#8211; \u0142\u0105czenie przewodu z wtyczk\u0105, zosta\u0142o dodatkowo wzmocnione by zapobiec p\u0119kaniu.<\/li>\n<li>Wtyczki odporne na \u015bcieranie i utlenianie. Nawet po wielu pod\u0142\u0105czeniach wci\u0105\u017c b\u0119d\u0105 g\u0142adko i pewnie wpina\u0107 si\u0119 do port\u00f3w.<\/li>\n<li>Chipset steruj\u0105cy&nbsp;dopasowuje nat\u0119\u017cenie pr\u0105du do urz\u0105dzenia&nbsp;chroni\u0105c je przed uszkodzeniem<\/li>\n<li>W zestawie&nbsp;&#8211; Pasek na rzep u\u0142atwiaj\u0105cy przechowywanie kabla.<\/li>\n<\/ul>\n<h2>\u2705Wyko\u0144czenie kabla<\/h2>\n<p>Kabel posiada<b>&nbsp;eleganckie i wytrzyma\u0142e wtyczki odporne na \u015bcieranie i utlenianie.<\/b>&nbsp;Nawet po wielu pod\u0142\u0105czeniach wci\u0105\u017c b\u0119d\u0105 g\u0142adko i pewnie wpina\u0107 si\u0119 do port\u00f3w.<\/p>\n<p>Materia\u0142 PVC ciasno owini\u0119ty wok\u00f3\u0142 kabla&nbsp;<b>zapewnia dodatkow\u0105 ochron\u0119, elastyczno\u015b\u0107 i wytrzyma\u0142o\u015b\u0107.<\/b>&nbsp;Konstrukcja poprawia trwa\u0142o\u015b\u0107, pozwalaj\u0105c na \u0142atwe radzenie sobie z codziennym u\u017cytkowaniem.<\/p>\n<ul>\n<li>\u2733\ufe0f Nie musisz si\u0119 martwi\u0107, \u017ce przy przypadkowym szarpni\u0119ciu ca\u0142y kabel b\u0119dzie do wyrzucenia.<\/li>\n<\/ul>\n<p>Najbardziej newralgiczny punkt ka\u017cdego kabla &#8211; \u0142\u0105czenie przewodu z wtyczk\u0105, zosta\u0142o dodatkowo wzmocnione.<\/p>\n<p>B\u0105d\u017a zorganizowany za pomoc\u0105 paska<\/p>\n<p>Stylowy akcent pomaga nie tylko w wygl\u0105dzie, ale tak\u017ce w utrzymaniu porz\u0105dku. Koniec z nieuporz\u0105dkowanymi kablami przy biurku lub si\u0119ganiem do torby po spl\u0105tany kabel.<\/p>\n<h2>\u2705Bezpiecze\u0144stwo<\/h2>\n<p>Kabel r\u00f3wnie\u017c dba o telefon i bateri\u0119. Wykorzystuj\u0105c ulepszon\u0105 technologi\u0119&nbsp;<b>inteligentnego \u0142adowania, zapobiega prze\u0142adowaniu, zapewnia stabilny pr\u0105d i pomaga przed\u0142u\u017cy\u0107 \u017cywotno\u015b\u0107 baterii.<\/b><\/p>\n<p>Swobodnie korzystaj z urz\u0105dzenia podczas \u0142adowania, bez obawy o jego uszkodzenie.<\/p>\n<p>Umo\u017cliwia bezproblemow\u0105 prac\u0119 z dowolnym urz\u0105dzeniem wykorzystuj\u0105cym z\u0142\u0105cze Lightning.<\/p>\n<p>Inteligentny uk\u0142ad steruj\u0105cy wykryje parametry urz\u0105dzenia i dostosuje do nich swoj\u0105 moc.<\/p>\n<p>Wiele poziom\u00f3w zabezpiecze\u0144 &#8211; Przed prze\u0142adowaniem, wy\u0142adowaniem, przepi\u0119ciami, przegrzaniem, pr\u0105dem przet\u0119\u017ceniowym, kr\u00f3tkimi spi\u0119ciami i polem elektromagnetycznym. Kompletna ochrona zar\u00f3wno akcesorium, jak i telefonu.<\/p>\n<h2>\u2705FAQ<\/h2>\n<ul>\n<li><b>Czy kabel wspiera technologie szybkiego \u0142adowania?<\/b><\/li>\n<\/ul>\n<p>Nie, kabel nie wspiera szybkiego \u0142adowania<\/p>\n<ul>\n<li><b>Z jakimi urz\u0105dzeniami kabel jest kompatybilny?<\/b><\/li>\n<\/ul>\n<p>Jest kompatybilny z urz\u0105dzeniami posiadaj\u0105cymi port Lightning.<\/p>\n<ul>\n<li><b>Czy kabel obs\u0142uguje Apple CarPlay?<\/b><\/li>\n<\/ul>\n<p>Nie, kabel nie obs\u0142uguje Apple CarPlay.<\/p>\n<ul>\n<li><b>Czy kabel obs\u0142uguje transfer danych?<\/b><\/li>\n<\/ul>\n<p>Tak, kabel obs\u0142uguje transmisj\u0119 danych 480Mb\/s.<\/p>\n","protected":false},"excerpt":{"rendered":"<p>Baseus kabel USB &#8211; Lightning szybkie \u0142adowanie Power Delivery 1,5 m bia\u0142y 1szt Simple Wisdom Kabel USB &#8211; Lightning do iPhone\/iPad przeznaczonych do \u0142adowania i synchronizacji urz\u0105dze\u0144 od Apple. D\u0142ugo\u015b\u0107 kabla wynosi 1,5 metra. \u2733\ufe0f Akcesorium&nbsp;obs\u0142uguje zasilanie o nat\u0119\u017ceniu do 2.4A&nbsp;i umo\u017cliwia przesy\u0142anie danych z pr\u0119dko\u015bci\u0105 do 480Mb\/s. Kabel wykonany zosta\u0142 z cynowanej miedzi w [&hellip;]<\/p>\n","protected":false},"featured_media":4007,"comment_status":"open","ping_status":"closed","template":"","meta":[],"product_brand":[27],"product_cat":[26],"product_tag":[],"class_list":{"0":"post-3995","1":"product","2":"type-product","3":"status-publish","4":"has-post-thumbnail","6":"product_brand-baseus","7":"product_cat-akcesoria-gsm","9":"first","10":"instock","11":"taxable","12":"shipping-taxable","13":"purchasable","14":"product-type-simple"},"yoast_head":"<!-- This site is optimized with the Yoast SEO plugin v27.3 - https:\/\/yoast.com\/product\/yoast-seo-wordpress\/ -->\n<title>BASEUS MOCNY KABEL USB DO LIGHTNING IPHONE IPAD PRZEW\u00d3D 2.4A 1.5M 1szt - Mix Market - Supermarket z wszystkim co potrzeba<\/title>\n<meta name=\"robots\" content=\"index, follow, max-snippet:-1, max-image-preview:large, max-video-preview:-1\" \/>\n<link rel=\"canonical\" href=\"https:\/\/racom.com.pl\/index.php\/produkt\/baseus-mocny-kabel-usb-do-lightning-iphone-ipad-przewod-2-4a-1-5m-1szt\/\" \/>\n<meta property=\"og:locale\" content=\"pl_PL\" \/>\n<meta property=\"og:type\" content=\"article\" \/>\n<meta property=\"og:title\" content=\"BASEUS MOCNY KABEL USB DO LIGHTNING IPHONE IPAD PRZEW\u00d3D 2.4A 1.5M 1szt - Mix Market - Supermarket z wszystkim co potrzeba\" \/>\n<meta property=\"og:description\" content=\"Baseus kabel USB &#8211; Lightning szybkie \u0142adowanie Power Delivery 1,5 m bia\u0142y 1szt Simple Wisdom Kabel USB &#8211; Lightning do iPhone\/iPad przeznaczonych do \u0142adowania i synchronizacji urz\u0105dze\u0144 od Apple. D\u0142ugo\u015b\u0107 kabla wynosi 1,5 metra. \u2733\ufe0f Akcesorium&nbsp;obs\u0142uguje zasilanie o nat\u0119\u017ceniu do 2.4A&nbsp;i umo\u017cliwia przesy\u0142anie danych z pr\u0119dko\u015bci\u0105 do 480Mb\/s. Kabel wykonany zosta\u0142 z cynowanej miedzi w [&hellip;]\" \/>\n<meta property=\"og:url\" content=\"https:\/\/racom.com.pl\/index.php\/produkt\/baseus-mocny-kabel-usb-do-lightning-iphone-ipad-przewod-2-4a-1-5m-1szt\/\" \/>\n<meta property=\"og:site_name\" content=\"Mix Market - Supermarket z wszystkim co potrzeba\" \/>\n<meta name=\"twitter:card\" content=\"summary_large_image\" \/>\n<meta name=\"twitter:label1\" content=\"Szacowany czas czytania\" \/>\n\t<meta name=\"twitter:data1\" content=\"3 minuty\" \/>\n<script type=\"application\/ld+json\" class=\"yoast-schema-graph\">{\"@context\":\"https:\\\/\\\/schema.org\",\"@graph\":[{\"@type\":\"WebPage\",\"@id\":\"https:\\\/\\\/racom.com.pl\\\/index.php\\\/produkt\\\/baseus-mocny-kabel-usb-do-lightning-iphone-ipad-przewod-2-4a-1-5m-1szt\\\/\",\"url\":\"https:\\\/\\\/racom.com.pl\\\/index.php\\\/produkt\\\/baseus-mocny-kabel-usb-do-lightning-iphone-ipad-przewod-2-4a-1-5m-1szt\\\/\",\"name\":\"BASEUS MOCNY KABEL USB DO LIGHTNING IPHONE IPAD PRZEW\u00d3D 2.4A 1.5M 1szt - Mix Market - Supermarket z wszystkim co potrzeba\",\"isPartOf\":{\"@id\":\"https:\\\/\\\/racom.com.pl\\\/#website\"},\"primaryImageOfPage\":{\"@id\":\"https:\\\/\\\/racom.com.pl\\\/index.php\\\/produkt\\\/baseus-mocny-kabel-usb-do-lightning-iphone-ipad-przewod-2-4a-1-5m-1szt\\\/#primaryimage\"},\"image\":{\"@id\":\"https:\\\/\\\/racom.com.pl\\\/index.php\\\/produkt\\\/baseus-mocny-kabel-usb-do-lightning-iphone-ipad-przewod-2-4a-1-5m-1szt\\\/#primaryimage\"},\"thumbnailUrl\":\"https:\\\/\\\/racom.com.pl\\\/wp-content\\\/uploads\\\/2026\\\/03\\\/allegro_69af1dc76b9d91.93087998_364eb35c497a9fdea225200c8239.jpg\",\"datePublished\":\"2026-03-09T19:21:22+00:00\",\"breadcrumb\":{\"@id\":\"https:\\\/\\\/racom.com.pl\\\/index.php\\\/produkt\\\/baseus-mocny-kabel-usb-do-lightning-iphone-ipad-przewod-2-4a-1-5m-1szt\\\/#breadcrumb\"},\"inLanguage\":\"pl-PL\",\"potentialAction\":[{\"@type\":\"ReadAction\",\"target\":[\"https:\\\/\\\/racom.com.pl\\\/index.php\\\/produkt\\\/baseus-mocny-kabel-usb-do-lightning-iphone-ipad-przewod-2-4a-1-5m-1szt\\\/\"]}]},{\"@type\":\"ImageObject\",\"inLanguage\":\"pl-PL\",\"@id\":\"https:\\\/\\\/racom.com.pl\\\/index.php\\\/produkt\\\/baseus-mocny-kabel-usb-do-lightning-iphone-ipad-przewod-2-4a-1-5m-1szt\\\/#primaryimage\",\"url\":\"https:\\\/\\\/racom.com.pl\\\/wp-content\\\/uploads\\\/2026\\\/03\\\/allegro_69af1dc76b9d91.93087998_364eb35c497a9fdea225200c8239.jpg\",\"contentUrl\":\"https:\\\/\\\/racom.com.pl\\\/wp-content\\\/uploads\\\/2026\\\/03\\\/allegro_69af1dc76b9d91.93087998_364eb35c497a9fdea225200c8239.jpg\",\"width\":1200,\"height\":1200},{\"@type\":\"BreadcrumbList\",\"@id\":\"https:\\\/\\\/racom.com.pl\\\/index.php\\\/produkt\\\/baseus-mocny-kabel-usb-do-lightning-iphone-ipad-przewod-2-4a-1-5m-1szt\\\/#breadcrumb\",\"itemListElement\":[{\"@type\":\"ListItem\",\"position\":1,\"name\":\"Strona g\u0142\u00f3wna\",\"item\":\"https:\\\/\\\/racom.com.pl\\\/\"},{\"@type\":\"ListItem\",\"position\":2,\"name\":\"Sklep\",\"item\":\"https:\\\/\\\/racom.com.pl\\\/\"},{\"@type\":\"ListItem\",\"position\":3,\"name\":\"BASEUS MOCNY KABEL USB DO LIGHTNING IPHONE IPAD PRZEW\u00d3D 2.4A 1.5M 1szt\"}]},{\"@type\":\"WebSite\",\"@id\":\"https:\\\/\\\/racom.com.pl\\\/#website\",\"url\":\"https:\\\/\\\/racom.com.pl\\\/\",\"name\":\"Mix Market - Supermarket z wszystkim co potrzeba do domu i nie tylko\",\"description\":\"\",\"publisher\":{\"@id\":\"https:\\\/\\\/racom.com.pl\\\/#organization\"},\"potentialAction\":[{\"@type\":\"SearchAction\",\"target\":{\"@type\":\"EntryPoint\",\"urlTemplate\":\"https:\\\/\\\/racom.com.pl\\\/?s={search_term_string}\"},\"query-input\":{\"@type\":\"PropertyValueSpecification\",\"valueRequired\":true,\"valueName\":\"search_term_string\"}}],\"inLanguage\":\"pl-PL\"},{\"@type\":\"Organization\",\"@id\":\"https:\\\/\\\/racom.com.pl\\\/#organization\",\"name\":\"Mix Market - Supermarket z wszystkim co potrzeba do domu i nie tylko\",\"url\":\"https:\\\/\\\/racom.com.pl\\\/\",\"logo\":{\"@type\":\"ImageObject\",\"inLanguage\":\"pl-PL\",\"@id\":\"https:\\\/\\\/racom.com.pl\\\/#\\\/schema\\\/logo\\\/image\\\/\",\"url\":\"https:\\\/\\\/racom.com.pl\\\/wp-content\\\/uploads\\\/2025\\\/07\\\/mixmarket_logo.png\",\"contentUrl\":\"https:\\\/\\\/racom.com.pl\\\/wp-content\\\/uploads\\\/2025\\\/07\\\/mixmarket_logo.png\",\"width\":1024,\"height\":1024,\"caption\":\"Mix Market - Supermarket z wszystkim co potrzeba do domu i nie tylko\"},\"image\":{\"@id\":\"https:\\\/\\\/racom.com.pl\\\/#\\\/schema\\\/logo\\\/image\\\/\"}}]}<\/script>\n<!-- \/ Yoast SEO plugin. -->","yoast_head_json":{"title":"BASEUS MOCNY KABEL USB DO LIGHTNING IPHONE IPAD PRZEW\u00d3D 2.4A 1.5M 1szt - Mix Market - Supermarket z wszystkim co potrzeba","robots":{"index":"index","follow":"follow","max-snippet":"max-snippet:-1","max-image-preview":"max-image-preview:large","max-video-preview":"max-video-preview:-1"},"canonical":"https:\/\/racom.com.pl\/index.php\/produkt\/baseus-mocny-kabel-usb-do-lightning-iphone-ipad-przewod-2-4a-1-5m-1szt\/","og_locale":"pl_PL","og_type":"article","og_title":"BASEUS MOCNY KABEL USB DO LIGHTNING IPHONE IPAD PRZEW\u00d3D 2.4A 1.5M 1szt - Mix Market - Supermarket z wszystkim co potrzeba","og_description":"Baseus kabel USB &#8211; Lightning szybkie \u0142adowanie Power Delivery 1,5 m bia\u0142y 1szt Simple Wisdom Kabel USB &#8211; Lightning do iPhone\/iPad przeznaczonych do \u0142adowania i synchronizacji urz\u0105dze\u0144 od Apple. D\u0142ugo\u015b\u0107 kabla wynosi 1,5 metra. \u2733\ufe0f Akcesorium&nbsp;obs\u0142uguje zasilanie o nat\u0119\u017ceniu do 2.4A&nbsp;i umo\u017cliwia przesy\u0142anie danych z pr\u0119dko\u015bci\u0105 do 480Mb\/s. Kabel wykonany zosta\u0142 z cynowanej miedzi w [&hellip;]","og_url":"https:\/\/racom.com.pl\/index.php\/produkt\/baseus-mocny-kabel-usb-do-lightning-iphone-ipad-przewod-2-4a-1-5m-1szt\/","og_site_name":"Mix Market - Supermarket z wszystkim co potrzeba","twitter_card":"summary_large_image","twitter_misc":{"Szacowany czas czytania":"3 minuty"},"schema":{"@context":"https:\/\/schema.org","@graph":[{"@type":"WebPage","@id":"https:\/\/racom.com.pl\/index.php\/produkt\/baseus-mocny-kabel-usb-do-lightning-iphone-ipad-przewod-2-4a-1-5m-1szt\/","url":"https:\/\/racom.com.pl\/index.php\/produkt\/baseus-mocny-kabel-usb-do-lightning-iphone-ipad-przewod-2-4a-1-5m-1szt\/","name":"BASEUS MOCNY KABEL USB DO LIGHTNING IPHONE IPAD PRZEW\u00d3D 2.4A 1.5M 1szt - Mix Market - Supermarket z wszystkim co potrzeba","isPartOf":{"@id":"https:\/\/racom.com.pl\/#website"},"primaryImageOfPage":{"@id":"https:\/\/racom.com.pl\/index.php\/produkt\/baseus-mocny-kabel-usb-do-lightning-iphone-ipad-przewod-2-4a-1-5m-1szt\/#primaryimage"},"image":{"@id":"https:\/\/racom.com.pl\/index.php\/produkt\/baseus-mocny-kabel-usb-do-lightning-iphone-ipad-przewod-2-4a-1-5m-1szt\/#primaryimage"},"thumbnailUrl":"https:\/\/racom.com.pl\/wp-content\/uploads\/2026\/03\/allegro_69af1dc76b9d91.93087998_364eb35c497a9fdea225200c8239.jpg","datePublished":"2026-03-09T19:21:22+00:00","breadcrumb":{"@id":"https:\/\/racom.com.pl\/index.php\/produkt\/baseus-mocny-kabel-usb-do-lightning-iphone-ipad-przewod-2-4a-1-5m-1szt\/#breadcrumb"},"inLanguage":"pl-PL","potentialAction":[{"@type":"ReadAction","target":["https:\/\/racom.com.pl\/index.php\/produkt\/baseus-mocny-kabel-usb-do-lightning-iphone-ipad-przewod-2-4a-1-5m-1szt\/"]}]},{"@type":"ImageObject","inLanguage":"pl-PL","@id":"https:\/\/racom.com.pl\/index.php\/produkt\/baseus-mocny-kabel-usb-do-lightning-iphone-ipad-przewod-2-4a-1-5m-1szt\/#primaryimage","url":"https:\/\/racom.com.pl\/wp-content\/uploads\/2026\/03\/allegro_69af1dc76b9d91.93087998_364eb35c497a9fdea225200c8239.jpg","contentUrl":"https:\/\/racom.com.pl\/wp-content\/uploads\/2026\/03\/allegro_69af1dc76b9d91.93087998_364eb35c497a9fdea225200c8239.jpg","width":1200,"height":1200},{"@type":"BreadcrumbList","@id":"https:\/\/racom.com.pl\/index.php\/produkt\/baseus-mocny-kabel-usb-do-lightning-iphone-ipad-przewod-2-4a-1-5m-1szt\/#breadcrumb","itemListElement":[{"@type":"ListItem","position":1,"name":"Strona g\u0142\u00f3wna","item":"https:\/\/racom.com.pl\/"},{"@type":"ListItem","position":2,"name":"Sklep","item":"https:\/\/racom.com.pl\/"},{"@type":"ListItem","position":3,"name":"BASEUS MOCNY KABEL USB DO LIGHTNING IPHONE IPAD PRZEW\u00d3D 2.4A 1.5M 1szt"}]},{"@type":"WebSite","@id":"https:\/\/racom.com.pl\/#website","url":"https:\/\/racom.com.pl\/","name":"Mix Market - Supermarket z wszystkim co potrzeba do domu i nie tylko","description":"","publisher":{"@id":"https:\/\/racom.com.pl\/#organization"},"potentialAction":[{"@type":"SearchAction","target":{"@type":"EntryPoint","urlTemplate":"https:\/\/racom.com.pl\/?s={search_term_string}"},"query-input":{"@type":"PropertyValueSpecification","valueRequired":true,"valueName":"search_term_string"}}],"inLanguage":"pl-PL"},{"@type":"Organization","@id":"https:\/\/racom.com.pl\/#organization","name":"Mix Market - Supermarket z wszystkim co potrzeba do domu i nie tylko","url":"https:\/\/racom.com.pl\/","logo":{"@type":"ImageObject","inLanguage":"pl-PL","@id":"https:\/\/racom.com.pl\/#\/schema\/logo\/image\/","url":"https:\/\/racom.com.pl\/wp-content\/uploads\/2025\/07\/mixmarket_logo.png","contentUrl":"https:\/\/racom.com.pl\/wp-content\/uploads\/2025\/07\/mixmarket_logo.png","width":1024,"height":1024,"caption":"Mix Market - Supermarket z wszystkim co potrzeba do domu i nie tylko"},"image":{"@id":"https:\/\/racom.com.pl\/#\/schema\/logo\/image\/"}}]}},"_links":{"self":[{"href":"https:\/\/racom.com.pl\/index.php\/wp-json\/wp\/v2\/product\/3995","targetHints":{"allow":["GET"]}}],"collection":[{"href":"https:\/\/racom.com.pl\/index.php\/wp-json\/wp\/v2\/product"}],"about":[{"href":"https:\/\/racom.com.pl\/index.php\/wp-json\/wp\/v2\/types\/product"}],"replies":[{"embeddable":true,"href":"https:\/\/racom.com.pl\/index.php\/wp-json\/wp\/v2\/comments?post=3995"}],"wp:featuredmedia":[{"embeddable":true,"href":"https:\/\/racom.com.pl\/index.php\/wp-json\/wp\/v2\/media\/4007"}],"wp:attachment":[{"href":"https:\/\/racom.com.pl\/index.php\/wp-json\/wp\/v2\/media?parent=3995"}],"wp:term":[{"taxonomy":"product_brand","embeddable":true,"href":"https:\/\/racom.com.pl\/index.php\/wp-json\/wp\/v2\/product_brand?post=3995"},{"taxonomy":"product_cat","embeddable":true,"href":"https:\/\/racom.com.pl\/index.php\/wp-json\/wp\/v2\/product_cat?post=3995"},{"taxonomy":"product_tag","embeddable":true,"href":"https:\/\/racom.com.pl\/index.php\/wp-json\/wp\/v2\/product_tag?post=3995"}],"curies":[{"name":"wp","href":"https:\/\/api.w.org\/{rel}","templated":true}]}}