{"id":4019,"date":"2026-03-09T20:21:55","date_gmt":"2026-03-09T19:21:55","guid":{"rendered":"https:\/\/racom.com.pl\/index.php\/produkt\/cukier-bialy-polski-cukier-duzy-worek-25-kg\/"},"modified":"2026-03-09T20:21:55","modified_gmt":"2026-03-09T19:21:55","slug":"cukier-bialy-polski-cukier-duzy-worek-25-kg","status":"publish","type":"product","link":"https:\/\/racom.com.pl\/index.php\/produkt\/cukier-bialy-polski-cukier-duzy-worek-25-kg\/","title":{"rendered":"Cukier BIA\u0141Y Polski Cukier du\u017cy worek 25 kg"},"content":{"rendered":"<h2>Cukier Bia\u0142y Polski Kryszta\u0142 Bimber Przetwory<\/h2>\n<h2>Cukier do Kawy Herbaty Worek Polski 25 kg<\/h2>\n<h2>Cukier Bia\u0142y Worek Polski<\/h2>\n<p>\u2b50\u2b50\u2b50\u2b50\u2b50<\/p>\n<p><b>\u2705 Specyfikacja:<\/b><\/p>\n<ul>\n<li><b>Waga<\/b>: 25 kg<\/li>\n<li><b>Kolor<\/b>: Bia\u0142y<\/li>\n<li><b>Kraj pochodzenia<\/b>: Polska<\/li>\n<\/ul>\n<p><b>\u2705 Informacja o warto\u015bci od\u017cywczej na 100g:<\/b><\/p>\n<ul>\n<li><b>Warto\u015b\u0107 energetyczna:<\/b>&nbsp;1700 kJ (400 kcal)<\/li>\n<li><b>T\u0142uszcze<\/b>: 0g<\/li>\n<li><b>Nasycone<\/b>: 0,1g<\/li>\n<li><b>W\u0119glowodany<\/b>: 100g<\/li>\n<li><b>Cukry<\/b>: 100g<\/li>\n<li><b>Bia\u0142ka<\/b>: 0g<\/li>\n<li><b>S\u00f3l<\/b>: 0,0g<\/li>\n<\/ul>\n<p><b>\u2705&nbsp;<\/b><b>Zastosowanie:<\/b><\/p>\n<ul>\n<li><b>Wypieki<\/b>: Doskona\u0142y do ciast, ciasteczek i innych s\u0142odkich wypiek\u00f3w<\/li>\n<li><b>Napoje<\/b>: Idealny do s\u0142odzenia kawy, herbaty, lemoniady i innych napoj\u00f3w<\/li>\n<li><b>D\u017cemy i konfitury<\/b>: Niezb\u0119dny sk\u0142adnik do przygotowywania domowych przetwor\u00f3w<\/li>\n<li><b>Kulinaria domowe<\/b>: Wszechstronny produkt do codziennego u\u017cytku w kuchni<\/li>\n<\/ul>\n<h2>Cukier do Kawy Herbaty<\/h2>\n<p>\u2b50\u2b50\u2b50\u2b50\u2b50<\/p>\n<p><b>\u2705&nbsp;<\/b>Cukier jest niezb\u0119dnym sk\u0142adnikiem do&nbsp;<b>przygotowania wyrob\u00f3w cukierniczych i piekarniczych<\/b>, jest drugim po soli \u015brodkiem konserwuj\u0105cym, przed\u0142u\u017caj\u0105cym trwa\u0142o\u015b\u0107 produkt\u00f3w mi\u0119snych i rybnych.<\/p>\n<p><b>\u2705&nbsp;<\/b>Cukier jest nie tylko \u015brodkiem s\u0142odz\u0105cym,<b>&nbsp;usuwa ostro\u015b\u0107, zmi\u0119kcza smak, neutralizuje zapach<\/b>. Cukier mo\u017ce mie\u0107 posta\u0107 &#8222;piasku&#8221;, kostek lub cukierk\u00f3w.<\/p>\n<p><b>\u2705 Warunki przechowywania<\/b><\/p>\n<ul>\n<li><b>Wilgotno\u015b\u0107 wzgl\u0119dna<\/b>: 70%<\/li>\n<li><b>Temperatura<\/b>: 40 \u00b0C<\/li>\n<li><b>Przechowywa\u0107 w suchym miejscu<\/b><\/li>\n<\/ul>\n<p><b>\u2705 Opakowanie:&nbsp;<\/b>Cukier jest pakowany w workach papierowych po 25kg.<\/p>\n","protected":false},"excerpt":{"rendered":"<p>Cukier Bia\u0142y Polski Kryszta\u0142 Bimber Przetwory Cukier do Kawy Herbaty Worek Polski 25 kg Cukier Bia\u0142y Worek Polski \u2b50\u2b50\u2b50\u2b50\u2b50 \u2705 Specyfikacja: Waga: 25 kg Kolor: Bia\u0142y Kraj pochodzenia: Polska \u2705 Informacja o warto\u015bci od\u017cywczej na 100g: Warto\u015b\u0107 energetyczna:&nbsp;1700 kJ (400 kcal) T\u0142uszcze: 0g Nasycone: 0,1g W\u0119glowodany: 100g Cukry: 100g Bia\u0142ka: 0g S\u00f3l: 0,0g \u2705&nbsp;Zastosowanie: Wypieki: [&hellip;]<\/p>\n","protected":false},"featured_media":4025,"comment_status":"open","ping_status":"closed","template":"","meta":[],"product_brand":[296],"product_cat":[137],"product_tag":[],"class_list":{"0":"post-4019","1":"product","2":"type-product","3":"status-publish","4":"has-post-thumbnail","6":"product_brand-polski-cukier","7":"product_cat-cukier-i-substancje-slodzace","9":"first","10":"instock","11":"taxable","12":"shipping-taxable","13":"purchasable","14":"product-type-simple"},"yoast_head":"<!-- This site is optimized with the Yoast SEO plugin v27.3 - https:\/\/yoast.com\/product\/yoast-seo-wordpress\/ -->\n<title>Cukier BIA\u0141Y Polski Cukier du\u017cy worek 25 kg - Mix Market - Supermarket z wszystkim co potrzeba<\/title>\n<meta name=\"robots\" content=\"index, follow, max-snippet:-1, max-image-preview:large, max-video-preview:-1\" \/>\n<link rel=\"canonical\" href=\"https:\/\/racom.com.pl\/index.php\/produkt\/cukier-bialy-polski-cukier-duzy-worek-25-kg\/\" \/>\n<meta property=\"og:locale\" content=\"pl_PL\" \/>\n<meta property=\"og:type\" content=\"article\" \/>\n<meta property=\"og:title\" content=\"Cukier BIA\u0141Y Polski Cukier du\u017cy worek 25 kg - Mix Market - Supermarket z wszystkim co potrzeba\" \/>\n<meta property=\"og:description\" content=\"Cukier Bia\u0142y Polski Kryszta\u0142 Bimber Przetwory Cukier do Kawy Herbaty Worek Polski 25 kg Cukier Bia\u0142y Worek Polski \u2b50\u2b50\u2b50\u2b50\u2b50 \u2705 Specyfikacja: Waga: 25 kg Kolor: Bia\u0142y Kraj pochodzenia: Polska \u2705 Informacja o warto\u015bci od\u017cywczej na 100g: Warto\u015b\u0107 energetyczna:&nbsp;1700 kJ (400 kcal) T\u0142uszcze: 0g Nasycone: 0,1g W\u0119glowodany: 100g Cukry: 100g Bia\u0142ka: 0g S\u00f3l: 0,0g \u2705&nbsp;Zastosowanie: Wypieki: [&hellip;]\" \/>\n<meta property=\"og:url\" content=\"https:\/\/racom.com.pl\/index.php\/produkt\/cukier-bialy-polski-cukier-duzy-worek-25-kg\/\" \/>\n<meta property=\"og:site_name\" content=\"Mix Market - Supermarket z wszystkim co potrzeba\" \/>\n<meta name=\"twitter:card\" content=\"summary_large_image\" \/>\n<meta name=\"twitter:label1\" content=\"Szacowany czas czytania\" \/>\n\t<meta name=\"twitter:data1\" content=\"1 minuta\" \/>\n<script type=\"application\/ld+json\" class=\"yoast-schema-graph\">{\"@context\":\"https:\\\/\\\/schema.org\",\"@graph\":[{\"@type\":\"WebPage\",\"@id\":\"https:\\\/\\\/racom.com.pl\\\/index.php\\\/produkt\\\/cukier-bialy-polski-cukier-duzy-worek-25-kg\\\/\",\"url\":\"https:\\\/\\\/racom.com.pl\\\/index.php\\\/produkt\\\/cukier-bialy-polski-cukier-duzy-worek-25-kg\\\/\",\"name\":\"Cukier BIA\u0141Y Polski Cukier du\u017cy worek 25 kg - Mix Market - Supermarket z wszystkim co potrzeba\",\"isPartOf\":{\"@id\":\"https:\\\/\\\/racom.com.pl\\\/#website\"},\"primaryImageOfPage\":{\"@id\":\"https:\\\/\\\/racom.com.pl\\\/index.php\\\/produkt\\\/cukier-bialy-polski-cukier-duzy-worek-25-kg\\\/#primaryimage\"},\"image\":{\"@id\":\"https:\\\/\\\/racom.com.pl\\\/index.php\\\/produkt\\\/cukier-bialy-polski-cukier-duzy-worek-25-kg\\\/#primaryimage\"},\"thumbnailUrl\":\"https:\\\/\\\/racom.com.pl\\\/wp-content\\\/uploads\\\/2026\\\/03\\\/allegro_69af1ddaa3f717.79288349_fa31dad94c4eaf7eb02e669af30f.jpg\",\"datePublished\":\"2026-03-09T19:21:55+00:00\",\"breadcrumb\":{\"@id\":\"https:\\\/\\\/racom.com.pl\\\/index.php\\\/produkt\\\/cukier-bialy-polski-cukier-duzy-worek-25-kg\\\/#breadcrumb\"},\"inLanguage\":\"pl-PL\",\"potentialAction\":[{\"@type\":\"ReadAction\",\"target\":[\"https:\\\/\\\/racom.com.pl\\\/index.php\\\/produkt\\\/cukier-bialy-polski-cukier-duzy-worek-25-kg\\\/\"]}]},{\"@type\":\"ImageObject\",\"inLanguage\":\"pl-PL\",\"@id\":\"https:\\\/\\\/racom.com.pl\\\/index.php\\\/produkt\\\/cukier-bialy-polski-cukier-duzy-worek-25-kg\\\/#primaryimage\",\"url\":\"https:\\\/\\\/racom.com.pl\\\/wp-content\\\/uploads\\\/2026\\\/03\\\/allegro_69af1ddaa3f717.79288349_fa31dad94c4eaf7eb02e669af30f.jpg\",\"contentUrl\":\"https:\\\/\\\/racom.com.pl\\\/wp-content\\\/uploads\\\/2026\\\/03\\\/allegro_69af1ddaa3f717.79288349_fa31dad94c4eaf7eb02e669af30f.jpg\",\"width\":1200,\"height\":1200},{\"@type\":\"BreadcrumbList\",\"@id\":\"https:\\\/\\\/racom.com.pl\\\/index.php\\\/produkt\\\/cukier-bialy-polski-cukier-duzy-worek-25-kg\\\/#breadcrumb\",\"itemListElement\":[{\"@type\":\"ListItem\",\"position\":1,\"name\":\"Strona g\u0142\u00f3wna\",\"item\":\"https:\\\/\\\/racom.com.pl\\\/\"},{\"@type\":\"ListItem\",\"position\":2,\"name\":\"Sklep\",\"item\":\"https:\\\/\\\/racom.com.pl\\\/\"},{\"@type\":\"ListItem\",\"position\":3,\"name\":\"Cukier BIA\u0141Y Polski Cukier du\u017cy worek 25 kg\"}]},{\"@type\":\"WebSite\",\"@id\":\"https:\\\/\\\/racom.com.pl\\\/#website\",\"url\":\"https:\\\/\\\/racom.com.pl\\\/\",\"name\":\"Mix Market - Supermarket z wszystkim co potrzeba do domu i nie tylko\",\"description\":\"\",\"publisher\":{\"@id\":\"https:\\\/\\\/racom.com.pl\\\/#organization\"},\"potentialAction\":[{\"@type\":\"SearchAction\",\"target\":{\"@type\":\"EntryPoint\",\"urlTemplate\":\"https:\\\/\\\/racom.com.pl\\\/?s={search_term_string}\"},\"query-input\":{\"@type\":\"PropertyValueSpecification\",\"valueRequired\":true,\"valueName\":\"search_term_string\"}}],\"inLanguage\":\"pl-PL\"},{\"@type\":\"Organization\",\"@id\":\"https:\\\/\\\/racom.com.pl\\\/#organization\",\"name\":\"Mix Market - Supermarket z wszystkim co potrzeba do domu i nie tylko\",\"url\":\"https:\\\/\\\/racom.com.pl\\\/\",\"logo\":{\"@type\":\"ImageObject\",\"inLanguage\":\"pl-PL\",\"@id\":\"https:\\\/\\\/racom.com.pl\\\/#\\\/schema\\\/logo\\\/image\\\/\",\"url\":\"https:\\\/\\\/racom.com.pl\\\/wp-content\\\/uploads\\\/2025\\\/07\\\/mixmarket_logo.png\",\"contentUrl\":\"https:\\\/\\\/racom.com.pl\\\/wp-content\\\/uploads\\\/2025\\\/07\\\/mixmarket_logo.png\",\"width\":1024,\"height\":1024,\"caption\":\"Mix Market - Supermarket z wszystkim co potrzeba do domu i nie tylko\"},\"image\":{\"@id\":\"https:\\\/\\\/racom.com.pl\\\/#\\\/schema\\\/logo\\\/image\\\/\"}}]}<\/script>\n<!-- \/ Yoast SEO plugin. -->","yoast_head_json":{"title":"Cukier BIA\u0141Y Polski Cukier du\u017cy worek 25 kg - Mix Market - Supermarket z wszystkim co potrzeba","robots":{"index":"index","follow":"follow","max-snippet":"max-snippet:-1","max-image-preview":"max-image-preview:large","max-video-preview":"max-video-preview:-1"},"canonical":"https:\/\/racom.com.pl\/index.php\/produkt\/cukier-bialy-polski-cukier-duzy-worek-25-kg\/","og_locale":"pl_PL","og_type":"article","og_title":"Cukier BIA\u0141Y Polski Cukier du\u017cy worek 25 kg - Mix Market - Supermarket z wszystkim co potrzeba","og_description":"Cukier Bia\u0142y Polski Kryszta\u0142 Bimber Przetwory Cukier do Kawy Herbaty Worek Polski 25 kg Cukier Bia\u0142y Worek Polski \u2b50\u2b50\u2b50\u2b50\u2b50 \u2705 Specyfikacja: Waga: 25 kg Kolor: Bia\u0142y Kraj pochodzenia: Polska \u2705 Informacja o warto\u015bci od\u017cywczej na 100g: Warto\u015b\u0107 energetyczna:&nbsp;1700 kJ (400 kcal) T\u0142uszcze: 0g Nasycone: 0,1g W\u0119glowodany: 100g Cukry: 100g Bia\u0142ka: 0g S\u00f3l: 0,0g \u2705&nbsp;Zastosowanie: Wypieki: [&hellip;]","og_url":"https:\/\/racom.com.pl\/index.php\/produkt\/cukier-bialy-polski-cukier-duzy-worek-25-kg\/","og_site_name":"Mix Market - Supermarket z wszystkim co potrzeba","twitter_card":"summary_large_image","twitter_misc":{"Szacowany czas czytania":"1 minuta"},"schema":{"@context":"https:\/\/schema.org","@graph":[{"@type":"WebPage","@id":"https:\/\/racom.com.pl\/index.php\/produkt\/cukier-bialy-polski-cukier-duzy-worek-25-kg\/","url":"https:\/\/racom.com.pl\/index.php\/produkt\/cukier-bialy-polski-cukier-duzy-worek-25-kg\/","name":"Cukier BIA\u0141Y Polski Cukier du\u017cy worek 25 kg - Mix Market - Supermarket z wszystkim co potrzeba","isPartOf":{"@id":"https:\/\/racom.com.pl\/#website"},"primaryImageOfPage":{"@id":"https:\/\/racom.com.pl\/index.php\/produkt\/cukier-bialy-polski-cukier-duzy-worek-25-kg\/#primaryimage"},"image":{"@id":"https:\/\/racom.com.pl\/index.php\/produkt\/cukier-bialy-polski-cukier-duzy-worek-25-kg\/#primaryimage"},"thumbnailUrl":"https:\/\/racom.com.pl\/wp-content\/uploads\/2026\/03\/allegro_69af1ddaa3f717.79288349_fa31dad94c4eaf7eb02e669af30f.jpg","datePublished":"2026-03-09T19:21:55+00:00","breadcrumb":{"@id":"https:\/\/racom.com.pl\/index.php\/produkt\/cukier-bialy-polski-cukier-duzy-worek-25-kg\/#breadcrumb"},"inLanguage":"pl-PL","potentialAction":[{"@type":"ReadAction","target":["https:\/\/racom.com.pl\/index.php\/produkt\/cukier-bialy-polski-cukier-duzy-worek-25-kg\/"]}]},{"@type":"ImageObject","inLanguage":"pl-PL","@id":"https:\/\/racom.com.pl\/index.php\/produkt\/cukier-bialy-polski-cukier-duzy-worek-25-kg\/#primaryimage","url":"https:\/\/racom.com.pl\/wp-content\/uploads\/2026\/03\/allegro_69af1ddaa3f717.79288349_fa31dad94c4eaf7eb02e669af30f.jpg","contentUrl":"https:\/\/racom.com.pl\/wp-content\/uploads\/2026\/03\/allegro_69af1ddaa3f717.79288349_fa31dad94c4eaf7eb02e669af30f.jpg","width":1200,"height":1200},{"@type":"BreadcrumbList","@id":"https:\/\/racom.com.pl\/index.php\/produkt\/cukier-bialy-polski-cukier-duzy-worek-25-kg\/#breadcrumb","itemListElement":[{"@type":"ListItem","position":1,"name":"Strona g\u0142\u00f3wna","item":"https:\/\/racom.com.pl\/"},{"@type":"ListItem","position":2,"name":"Sklep","item":"https:\/\/racom.com.pl\/"},{"@type":"ListItem","position":3,"name":"Cukier BIA\u0141Y Polski Cukier du\u017cy worek 25 kg"}]},{"@type":"WebSite","@id":"https:\/\/racom.com.pl\/#website","url":"https:\/\/racom.com.pl\/","name":"Mix Market - Supermarket z wszystkim co potrzeba do domu i nie tylko","description":"","publisher":{"@id":"https:\/\/racom.com.pl\/#organization"},"potentialAction":[{"@type":"SearchAction","target":{"@type":"EntryPoint","urlTemplate":"https:\/\/racom.com.pl\/?s={search_term_string}"},"query-input":{"@type":"PropertyValueSpecification","valueRequired":true,"valueName":"search_term_string"}}],"inLanguage":"pl-PL"},{"@type":"Organization","@id":"https:\/\/racom.com.pl\/#organization","name":"Mix Market - Supermarket z wszystkim co potrzeba do domu i nie tylko","url":"https:\/\/racom.com.pl\/","logo":{"@type":"ImageObject","inLanguage":"pl-PL","@id":"https:\/\/racom.com.pl\/#\/schema\/logo\/image\/","url":"https:\/\/racom.com.pl\/wp-content\/uploads\/2025\/07\/mixmarket_logo.png","contentUrl":"https:\/\/racom.com.pl\/wp-content\/uploads\/2025\/07\/mixmarket_logo.png","width":1024,"height":1024,"caption":"Mix Market - Supermarket z wszystkim co potrzeba do domu i nie tylko"},"image":{"@id":"https:\/\/racom.com.pl\/#\/schema\/logo\/image\/"}}]}},"_links":{"self":[{"href":"https:\/\/racom.com.pl\/index.php\/wp-json\/wp\/v2\/product\/4019","targetHints":{"allow":["GET"]}}],"collection":[{"href":"https:\/\/racom.com.pl\/index.php\/wp-json\/wp\/v2\/product"}],"about":[{"href":"https:\/\/racom.com.pl\/index.php\/wp-json\/wp\/v2\/types\/product"}],"replies":[{"embeddable":true,"href":"https:\/\/racom.com.pl\/index.php\/wp-json\/wp\/v2\/comments?post=4019"}],"wp:featuredmedia":[{"embeddable":true,"href":"https:\/\/racom.com.pl\/index.php\/wp-json\/wp\/v2\/media\/4025"}],"wp:attachment":[{"href":"https:\/\/racom.com.pl\/index.php\/wp-json\/wp\/v2\/media?parent=4019"}],"wp:term":[{"taxonomy":"product_brand","embeddable":true,"href":"https:\/\/racom.com.pl\/index.php\/wp-json\/wp\/v2\/product_brand?post=4019"},{"taxonomy":"product_cat","embeddable":true,"href":"https:\/\/racom.com.pl\/index.php\/wp-json\/wp\/v2\/product_cat?post=4019"},{"taxonomy":"product_tag","embeddable":true,"href":"https:\/\/racom.com.pl\/index.php\/wp-json\/wp\/v2\/product_tag?post=4019"}],"curies":[{"name":"wp","href":"https:\/\/api.w.org\/{rel}","templated":true}]}}