{"id":4026,"date":"2026-03-09T20:22:04","date_gmt":"2026-03-09T19:22:04","guid":{"rendered":"https:\/\/racom.com.pl\/index.php\/produkt\/puree-marakuja-mc-metro-chef-pulpa-owocowa-duze-opakowanie-1kg-2\/"},"modified":"2026-03-09T20:22:04","modified_gmt":"2026-03-09T19:22:04","slug":"puree-marakuja-mc-metro-chef-pulpa-owocowa-duze-opakowanie-1kg-2","status":"publish","type":"product","link":"https:\/\/racom.com.pl\/index.php\/produkt\/puree-marakuja-mc-metro-chef-pulpa-owocowa-duze-opakowanie-1kg-2\/","title":{"rendered":"Puree MARAKUJA MC Metro Chef PULPA OWOCOWA du\u017ce opakowanie 1kg"},"content":{"rendered":"<h2>MENII<\/h2>\n<h2>PremiumPuree Mango 90%<\/h2>\n<h2>PULPA PUREE Z MANGO<\/h2>\n<p>Mango to jedno z najbardziej popularnych, najsmaczniejszych i najzdrowszych owoc\u00f3w na \u015bwiecie. Przez Hindus\u00f3w jest nazywane owocem bog\u00f3w. Ma charakterystyczny, s\u0142odki, a zarazem cierpki smak i orze\u017awiaj\u0105cy aromat. Jego delikatny mi\u0105\u017csz o charakterystycznie pi\u0119knym zapachu i pomara\u0144czowo-\u017c\u00f3\u0142tej barwie przenosi nas do odleg\u0142ych tropikalnych kraj\u00f3w.<\/p>\n<p>Pulp\u0119 mango mo\u017cna wykorzysta\u0107 do sos\u00f3w, lod\u00f3w, ciast, deser\u00f3w np. jako kluczowy sk\u0142adnik napoju ch\u0142odz\u0105cego mango lassi, czy te\u017c jako polewa do lod\u00f3w. Warto podkre\u015bli\u0107, \u017ce pulpa posiada w\u0142a\u015bciwo\u015bci ch\u0142odz\u0105ce i stosowana jest w przypadku przegrzania organizmu. Pulpa z mango to pe\u0142nowarto\u015bciowy mi\u0105\u017csz, czyli doskonale zmiksowane ca\u0142e owoce mango z najbardziej wykwintnych i najdro\u017cszych odmian. Pulpa z mango jest jedwabista, g\u0119sta i naturalnie s\u0142odka. Ma \u015bwie\u017cy, energiczny smak<\/p>\n<p>Produkty MENII owoce maj\u0105 w swojej naturze. Nie znajdziecie w nich konserwant\u00f3w, polepszaczy czy barwnik\u00f3w. Pyszne, lekkie i przede wszystkim zdrowe. Mo\u017cecie zajada\u0107 si\u0119 nimi bez obaw. Idealne dla dbaj\u0105cych o lini\u0119, jak i dla os\u00f3b ceni\u0105cych sobie produkty wysokiej jako\u015bci.<\/p>\n<p><b>Tabela z warto\u015bciami od\u017cywczymi:<\/b><\/p>\n<ul>\n<li><b>Warto\u015b\u0107 od\u017cywcza produktu:<\/b> w 100 g<\/li>\n<li><b>Warto\u015b\u0107 energetyczna:<\/b> 357 kJ \/ 84 kcal<\/li>\n<li><b>T\u0142uszcz:<\/b> 0 g<\/li>\n<li><b>w tym kwasy t\u0142uszczowe nasycone:<\/b> 0 g<\/li>\n<li><b>W\u0119glowodany:<\/b> 21 g<\/li>\n<li><b>w tym cukry:<\/b> 21 g<\/li>\n<li><b>Bia\u0142ko:<\/b> 0 g<\/li>\n<li><b>S\u00f3l:<\/b> 0 g<\/li>\n<\/ul>\n<p>* Referencyjna warto\u015b\u0107 spo\u017cycia dla przeci\u0119tnej osoby doros\u0142ej (8400 kJ\/2000 kcal)<\/p>\n<p>Masa netto: 1 kg<\/p>\n","protected":false},"excerpt":{"rendered":"<p>MENII PremiumPuree Mango 90% PULPA PUREE Z MANGO Mango to jedno z najbardziej popularnych, najsmaczniejszych i najzdrowszych owoc\u00f3w na \u015bwiecie. Przez Hindus\u00f3w jest nazywane owocem bog\u00f3w. Ma charakterystyczny, s\u0142odki, a zarazem cierpki smak i orze\u017awiaj\u0105cy aromat. Jego delikatny mi\u0105\u017csz o charakterystycznie pi\u0119knym zapachu i pomara\u0144czowo-\u017c\u00f3\u0142tej barwie przenosi nas do odleg\u0142ych tropikalnych kraj\u00f3w. Pulp\u0119 mango mo\u017cna [&hellip;]<\/p>\n","protected":false},"featured_media":4043,"comment_status":"open","ping_status":"closed","template":"","meta":[],"product_brand":[168],"product_cat":[123],"product_tag":[],"class_list":{"0":"post-4026","1":"product","2":"type-product","3":"status-publish","4":"has-post-thumbnail","6":"product_brand-metro","7":"product_cat-przetwory","9":"first","10":"instock","11":"taxable","12":"shipping-taxable","13":"purchasable","14":"product-type-simple"},"yoast_head":"<!-- This site is optimized with the Yoast SEO plugin v27.3 - https:\/\/yoast.com\/product\/yoast-seo-wordpress\/ -->\n<title>Puree MARAKUJA MC Metro Chef PULPA OWOCOWA du\u017ce opakowanie 1kg - Mix Market - Supermarket z wszystkim co potrzeba<\/title>\n<meta name=\"robots\" content=\"index, follow, max-snippet:-1, max-image-preview:large, max-video-preview:-1\" \/>\n<link rel=\"canonical\" href=\"https:\/\/racom.com.pl\/index.php\/produkt\/puree-marakuja-mc-metro-chef-pulpa-owocowa-duze-opakowanie-1kg-2\/\" \/>\n<meta property=\"og:locale\" content=\"pl_PL\" \/>\n<meta property=\"og:type\" content=\"article\" \/>\n<meta property=\"og:title\" content=\"Puree MARAKUJA MC Metro Chef PULPA OWOCOWA du\u017ce opakowanie 1kg - Mix Market - Supermarket z wszystkim co potrzeba\" \/>\n<meta property=\"og:description\" content=\"MENII PremiumPuree Mango 90% PULPA PUREE Z MANGO Mango to jedno z najbardziej popularnych, najsmaczniejszych i najzdrowszych owoc\u00f3w na \u015bwiecie. Przez Hindus\u00f3w jest nazywane owocem bog\u00f3w. Ma charakterystyczny, s\u0142odki, a zarazem cierpki smak i orze\u017awiaj\u0105cy aromat. Jego delikatny mi\u0105\u017csz o charakterystycznie pi\u0119knym zapachu i pomara\u0144czowo-\u017c\u00f3\u0142tej barwie przenosi nas do odleg\u0142ych tropikalnych kraj\u00f3w. Pulp\u0119 mango mo\u017cna [&hellip;]\" \/>\n<meta property=\"og:url\" content=\"https:\/\/racom.com.pl\/index.php\/produkt\/puree-marakuja-mc-metro-chef-pulpa-owocowa-duze-opakowanie-1kg-2\/\" \/>\n<meta property=\"og:site_name\" content=\"Mix Market - Supermarket z wszystkim co potrzeba\" \/>\n<meta name=\"twitter:card\" content=\"summary_large_image\" \/>\n<meta name=\"twitter:label1\" content=\"Szacowany czas czytania\" \/>\n\t<meta name=\"twitter:data1\" content=\"1 minuta\" \/>\n<script type=\"application\/ld+json\" class=\"yoast-schema-graph\">{\"@context\":\"https:\\\/\\\/schema.org\",\"@graph\":[{\"@type\":\"WebPage\",\"@id\":\"https:\\\/\\\/racom.com.pl\\\/index.php\\\/produkt\\\/puree-marakuja-mc-metro-chef-pulpa-owocowa-duze-opakowanie-1kg-2\\\/\",\"url\":\"https:\\\/\\\/racom.com.pl\\\/index.php\\\/produkt\\\/puree-marakuja-mc-metro-chef-pulpa-owocowa-duze-opakowanie-1kg-2\\\/\",\"name\":\"Puree MARAKUJA MC Metro Chef PULPA OWOCOWA du\u017ce opakowanie 1kg - Mix Market - Supermarket z wszystkim co potrzeba\",\"isPartOf\":{\"@id\":\"https:\\\/\\\/racom.com.pl\\\/#website\"},\"primaryImageOfPage\":{\"@id\":\"https:\\\/\\\/racom.com.pl\\\/index.php\\\/produkt\\\/puree-marakuja-mc-metro-chef-pulpa-owocowa-duze-opakowanie-1kg-2\\\/#primaryimage\"},\"image\":{\"@id\":\"https:\\\/\\\/racom.com.pl\\\/index.php\\\/produkt\\\/puree-marakuja-mc-metro-chef-pulpa-owocowa-duze-opakowanie-1kg-2\\\/#primaryimage\"},\"thumbnailUrl\":\"https:\\\/\\\/racom.com.pl\\\/wp-content\\\/uploads\\\/2026\\\/03\\\/allegro_69af1deb6304c4.88900475_0ab186664cdfb05dc5b885c68e66.jpg\",\"datePublished\":\"2026-03-09T19:22:04+00:00\",\"breadcrumb\":{\"@id\":\"https:\\\/\\\/racom.com.pl\\\/index.php\\\/produkt\\\/puree-marakuja-mc-metro-chef-pulpa-owocowa-duze-opakowanie-1kg-2\\\/#breadcrumb\"},\"inLanguage\":\"pl-PL\",\"potentialAction\":[{\"@type\":\"ReadAction\",\"target\":[\"https:\\\/\\\/racom.com.pl\\\/index.php\\\/produkt\\\/puree-marakuja-mc-metro-chef-pulpa-owocowa-duze-opakowanie-1kg-2\\\/\"]}]},{\"@type\":\"ImageObject\",\"inLanguage\":\"pl-PL\",\"@id\":\"https:\\\/\\\/racom.com.pl\\\/index.php\\\/produkt\\\/puree-marakuja-mc-metro-chef-pulpa-owocowa-duze-opakowanie-1kg-2\\\/#primaryimage\",\"url\":\"https:\\\/\\\/racom.com.pl\\\/wp-content\\\/uploads\\\/2026\\\/03\\\/allegro_69af1deb6304c4.88900475_0ab186664cdfb05dc5b885c68e66.jpg\",\"contentUrl\":\"https:\\\/\\\/racom.com.pl\\\/wp-content\\\/uploads\\\/2026\\\/03\\\/allegro_69af1deb6304c4.88900475_0ab186664cdfb05dc5b885c68e66.jpg\",\"width\":400,\"height\":400},{\"@type\":\"BreadcrumbList\",\"@id\":\"https:\\\/\\\/racom.com.pl\\\/index.php\\\/produkt\\\/puree-marakuja-mc-metro-chef-pulpa-owocowa-duze-opakowanie-1kg-2\\\/#breadcrumb\",\"itemListElement\":[{\"@type\":\"ListItem\",\"position\":1,\"name\":\"Strona g\u0142\u00f3wna\",\"item\":\"https:\\\/\\\/racom.com.pl\\\/\"},{\"@type\":\"ListItem\",\"position\":2,\"name\":\"Sklep\",\"item\":\"https:\\\/\\\/racom.com.pl\\\/\"},{\"@type\":\"ListItem\",\"position\":3,\"name\":\"Puree MARAKUJA MC Metro Chef PULPA OWOCOWA du\u017ce opakowanie 1kg\"}]},{\"@type\":\"WebSite\",\"@id\":\"https:\\\/\\\/racom.com.pl\\\/#website\",\"url\":\"https:\\\/\\\/racom.com.pl\\\/\",\"name\":\"Mix Market - Supermarket z wszystkim co potrzeba do domu i nie tylko\",\"description\":\"\",\"publisher\":{\"@id\":\"https:\\\/\\\/racom.com.pl\\\/#organization\"},\"potentialAction\":[{\"@type\":\"SearchAction\",\"target\":{\"@type\":\"EntryPoint\",\"urlTemplate\":\"https:\\\/\\\/racom.com.pl\\\/?s={search_term_string}\"},\"query-input\":{\"@type\":\"PropertyValueSpecification\",\"valueRequired\":true,\"valueName\":\"search_term_string\"}}],\"inLanguage\":\"pl-PL\"},{\"@type\":\"Organization\",\"@id\":\"https:\\\/\\\/racom.com.pl\\\/#organization\",\"name\":\"Mix Market - Supermarket z wszystkim co potrzeba do domu i nie tylko\",\"url\":\"https:\\\/\\\/racom.com.pl\\\/\",\"logo\":{\"@type\":\"ImageObject\",\"inLanguage\":\"pl-PL\",\"@id\":\"https:\\\/\\\/racom.com.pl\\\/#\\\/schema\\\/logo\\\/image\\\/\",\"url\":\"https:\\\/\\\/racom.com.pl\\\/wp-content\\\/uploads\\\/2025\\\/07\\\/mixmarket_logo.png\",\"contentUrl\":\"https:\\\/\\\/racom.com.pl\\\/wp-content\\\/uploads\\\/2025\\\/07\\\/mixmarket_logo.png\",\"width\":1024,\"height\":1024,\"caption\":\"Mix Market - Supermarket z wszystkim co potrzeba do domu i nie tylko\"},\"image\":{\"@id\":\"https:\\\/\\\/racom.com.pl\\\/#\\\/schema\\\/logo\\\/image\\\/\"}}]}<\/script>\n<!-- \/ Yoast SEO plugin. -->","yoast_head_json":{"title":"Puree MARAKUJA MC Metro Chef PULPA OWOCOWA du\u017ce opakowanie 1kg - Mix Market - Supermarket z wszystkim co potrzeba","robots":{"index":"index","follow":"follow","max-snippet":"max-snippet:-1","max-image-preview":"max-image-preview:large","max-video-preview":"max-video-preview:-1"},"canonical":"https:\/\/racom.com.pl\/index.php\/produkt\/puree-marakuja-mc-metro-chef-pulpa-owocowa-duze-opakowanie-1kg-2\/","og_locale":"pl_PL","og_type":"article","og_title":"Puree MARAKUJA MC Metro Chef PULPA OWOCOWA du\u017ce opakowanie 1kg - Mix Market - Supermarket z wszystkim co potrzeba","og_description":"MENII PremiumPuree Mango 90% PULPA PUREE Z MANGO Mango to jedno z najbardziej popularnych, najsmaczniejszych i najzdrowszych owoc\u00f3w na \u015bwiecie. Przez Hindus\u00f3w jest nazywane owocem bog\u00f3w. Ma charakterystyczny, s\u0142odki, a zarazem cierpki smak i orze\u017awiaj\u0105cy aromat. Jego delikatny mi\u0105\u017csz o charakterystycznie pi\u0119knym zapachu i pomara\u0144czowo-\u017c\u00f3\u0142tej barwie przenosi nas do odleg\u0142ych tropikalnych kraj\u00f3w. Pulp\u0119 mango mo\u017cna [&hellip;]","og_url":"https:\/\/racom.com.pl\/index.php\/produkt\/puree-marakuja-mc-metro-chef-pulpa-owocowa-duze-opakowanie-1kg-2\/","og_site_name":"Mix Market - Supermarket z wszystkim co potrzeba","twitter_card":"summary_large_image","twitter_misc":{"Szacowany czas czytania":"1 minuta"},"schema":{"@context":"https:\/\/schema.org","@graph":[{"@type":"WebPage","@id":"https:\/\/racom.com.pl\/index.php\/produkt\/puree-marakuja-mc-metro-chef-pulpa-owocowa-duze-opakowanie-1kg-2\/","url":"https:\/\/racom.com.pl\/index.php\/produkt\/puree-marakuja-mc-metro-chef-pulpa-owocowa-duze-opakowanie-1kg-2\/","name":"Puree MARAKUJA MC Metro Chef PULPA OWOCOWA du\u017ce opakowanie 1kg - Mix Market - Supermarket z wszystkim co potrzeba","isPartOf":{"@id":"https:\/\/racom.com.pl\/#website"},"primaryImageOfPage":{"@id":"https:\/\/racom.com.pl\/index.php\/produkt\/puree-marakuja-mc-metro-chef-pulpa-owocowa-duze-opakowanie-1kg-2\/#primaryimage"},"image":{"@id":"https:\/\/racom.com.pl\/index.php\/produkt\/puree-marakuja-mc-metro-chef-pulpa-owocowa-duze-opakowanie-1kg-2\/#primaryimage"},"thumbnailUrl":"https:\/\/racom.com.pl\/wp-content\/uploads\/2026\/03\/allegro_69af1deb6304c4.88900475_0ab186664cdfb05dc5b885c68e66.jpg","datePublished":"2026-03-09T19:22:04+00:00","breadcrumb":{"@id":"https:\/\/racom.com.pl\/index.php\/produkt\/puree-marakuja-mc-metro-chef-pulpa-owocowa-duze-opakowanie-1kg-2\/#breadcrumb"},"inLanguage":"pl-PL","potentialAction":[{"@type":"ReadAction","target":["https:\/\/racom.com.pl\/index.php\/produkt\/puree-marakuja-mc-metro-chef-pulpa-owocowa-duze-opakowanie-1kg-2\/"]}]},{"@type":"ImageObject","inLanguage":"pl-PL","@id":"https:\/\/racom.com.pl\/index.php\/produkt\/puree-marakuja-mc-metro-chef-pulpa-owocowa-duze-opakowanie-1kg-2\/#primaryimage","url":"https:\/\/racom.com.pl\/wp-content\/uploads\/2026\/03\/allegro_69af1deb6304c4.88900475_0ab186664cdfb05dc5b885c68e66.jpg","contentUrl":"https:\/\/racom.com.pl\/wp-content\/uploads\/2026\/03\/allegro_69af1deb6304c4.88900475_0ab186664cdfb05dc5b885c68e66.jpg","width":400,"height":400},{"@type":"BreadcrumbList","@id":"https:\/\/racom.com.pl\/index.php\/produkt\/puree-marakuja-mc-metro-chef-pulpa-owocowa-duze-opakowanie-1kg-2\/#breadcrumb","itemListElement":[{"@type":"ListItem","position":1,"name":"Strona g\u0142\u00f3wna","item":"https:\/\/racom.com.pl\/"},{"@type":"ListItem","position":2,"name":"Sklep","item":"https:\/\/racom.com.pl\/"},{"@type":"ListItem","position":3,"name":"Puree MARAKUJA MC Metro Chef PULPA OWOCOWA du\u017ce opakowanie 1kg"}]},{"@type":"WebSite","@id":"https:\/\/racom.com.pl\/#website","url":"https:\/\/racom.com.pl\/","name":"Mix Market - Supermarket z wszystkim co potrzeba do domu i nie tylko","description":"","publisher":{"@id":"https:\/\/racom.com.pl\/#organization"},"potentialAction":[{"@type":"SearchAction","target":{"@type":"EntryPoint","urlTemplate":"https:\/\/racom.com.pl\/?s={search_term_string}"},"query-input":{"@type":"PropertyValueSpecification","valueRequired":true,"valueName":"search_term_string"}}],"inLanguage":"pl-PL"},{"@type":"Organization","@id":"https:\/\/racom.com.pl\/#organization","name":"Mix Market - Supermarket z wszystkim co potrzeba do domu i nie tylko","url":"https:\/\/racom.com.pl\/","logo":{"@type":"ImageObject","inLanguage":"pl-PL","@id":"https:\/\/racom.com.pl\/#\/schema\/logo\/image\/","url":"https:\/\/racom.com.pl\/wp-content\/uploads\/2025\/07\/mixmarket_logo.png","contentUrl":"https:\/\/racom.com.pl\/wp-content\/uploads\/2025\/07\/mixmarket_logo.png","width":1024,"height":1024,"caption":"Mix Market - Supermarket z wszystkim co potrzeba do domu i nie tylko"},"image":{"@id":"https:\/\/racom.com.pl\/#\/schema\/logo\/image\/"}}]}},"_links":{"self":[{"href":"https:\/\/racom.com.pl\/index.php\/wp-json\/wp\/v2\/product\/4026","targetHints":{"allow":["GET"]}}],"collection":[{"href":"https:\/\/racom.com.pl\/index.php\/wp-json\/wp\/v2\/product"}],"about":[{"href":"https:\/\/racom.com.pl\/index.php\/wp-json\/wp\/v2\/types\/product"}],"replies":[{"embeddable":true,"href":"https:\/\/racom.com.pl\/index.php\/wp-json\/wp\/v2\/comments?post=4026"}],"wp:featuredmedia":[{"embeddable":true,"href":"https:\/\/racom.com.pl\/index.php\/wp-json\/wp\/v2\/media\/4043"}],"wp:attachment":[{"href":"https:\/\/racom.com.pl\/index.php\/wp-json\/wp\/v2\/media?parent=4026"}],"wp:term":[{"taxonomy":"product_brand","embeddable":true,"href":"https:\/\/racom.com.pl\/index.php\/wp-json\/wp\/v2\/product_brand?post=4026"},{"taxonomy":"product_cat","embeddable":true,"href":"https:\/\/racom.com.pl\/index.php\/wp-json\/wp\/v2\/product_cat?post=4026"},{"taxonomy":"product_tag","embeddable":true,"href":"https:\/\/racom.com.pl\/index.php\/wp-json\/wp\/v2\/product_tag?post=4026"}],"curies":[{"name":"wp","href":"https:\/\/api.w.org\/{rel}","templated":true}]}}