{"id":4081,"date":"2026-03-09T20:23:04","date_gmt":"2026-03-09T19:23:04","guid":{"rendered":"https:\/\/racom.com.pl\/index.php\/produkt\/napoj-gazowany-pepsi-cola-butelka-15x-085l-850ml\/"},"modified":"2026-03-09T20:23:04","modified_gmt":"2026-03-09T19:23:04","slug":"napoj-gazowany-pepsi-cola-butelka-15x-085l-850ml","status":"publish","type":"product","link":"https:\/\/racom.com.pl\/index.php\/produkt\/napoj-gazowany-pepsi-cola-butelka-15x-085l-850ml\/","title":{"rendered":"Nap\u00f3j gazowany Pepsi Cola butelka 15x 0,85l 850ml"},"content":{"rendered":"<h2>PEPSI NAP\u00d3J GAZOWANY 0,85 L<\/h2>\n<h2>ZESTAW ZAWIERA:<\/h2>\n<h2>15x Pepsi Cola Nap\u00f3j gazowany 0,85l butelka<\/h2>\n<p><b>Napoje gazowane Pepsi<\/b>&nbsp;to kultowy smak, kt\u00f3ry zaspokoi ka\u017cde pragnienie.&nbsp;<b>Pepsi Cola<\/b>&nbsp;jest sta\u0142ym towarzyszem ka\u017cdego spotkania ze znajomymi i idealnym dope\u0142nieniem do posi\u0142ku. Od 1893 roku pokocha\u0142y j\u0105 miliony ludzi na ca\u0142ym \u015bwiecie i z ka\u017cdym dniem&nbsp;<b>napoje Pepsi<\/b>&nbsp;zdobywaj\u0105 serca kolejnych konsument\u00f3w.<\/p>\n<p>Nowy wygl\u0105d, ten sam \u015bwietny smak! To has\u0142o, kt\u00f3re jest na ustach ca\u0142ego globu. Jeste\u015bmy Thirsty For More, dlatego w\u015br\u00f3d produkt\u00f3w&nbsp;<b>Pepsi<\/b>&nbsp;mo\u017cecie odnale\u017a\u0107 r\u00f3\u017cne warianty smakowe. Pami\u0119taj, \u017ce ka\u017cda&nbsp;<b>Pepsi<\/b>, tak jak pozosta\u0142e napoje z portfolio firmy&nbsp;<b>PepsiCo<\/b>, najlepiej smakuje sch\u0142odzona!<\/p>\n<p>woda, cukier, dwutlenek w\u0119gla, barwnik: (E150d), kwas (kwas fosforowy), aromaty, w tym kofeina<\/p>\n<p>\u015arednia warto\u015b\u0107 od\u017cywcza 100 ml: Energia: 182 kJ\/43 kcal, T\u0142uszcz: 0 g, &#8211; w tym kwasy nasycone: 0 g, W\u0119glowodany: 11 g, &#8211; w tym cukry: 11 g, Bia\u0142ko: 0 g, S\u00f3l: &lt;0,01 g, **Referencyjna warto\u015b\u0107 spo\u017cycia dla przeci\u0119tnej osoby doros\u0142ej (8400 kJ\/2000 kcal) , Opakowanie zawiera 3-4 porcje. \u015arednia warto\u015b\u0107 od\u017cywcza 250 ml: Energia: 454 kJ\/107 kcal, T\u0142uszcz: 0 g, &#8211; w tym kwasy nasycone: 0 g, W\u0119glowodany: 27 g, &#8211; w tym cukry: 27 g, Bia\u0142ko: 0 g, S\u00f3l: 0,01 g, **Referencyjna warto\u015b\u0107 spo\u017cycia dla przeci\u0119tnej osoby doros\u0142ej (8400 kJ\/2000 kcal) , Opakowanie zawiera 3-4 porcje. %** 250 ml: Energia: 5 %, T\u0142uszcz: 0 %, &#8211; w tym kwasy nasycone: 0 %, W\u0119glowodany: 11 %, &#8211; w tym cukry: 31 %, Bia\u0142ko: 0 %, S\u00f3l: &lt;1 %, **Referencyjna warto\u015b\u0107 spo\u017cycia dla przeci\u0119tnej osoby doros\u0142ej (8400 kJ\/2000 kcal) , Opakowanie zawiera 3-4 porcje.<\/p>\n","protected":false},"excerpt":{"rendered":"<p>PEPSI NAP\u00d3J GAZOWANY 0,85 L ZESTAW ZAWIERA: 15x Pepsi Cola Nap\u00f3j gazowany 0,85l butelka Napoje gazowane Pepsi&nbsp;to kultowy smak, kt\u00f3ry zaspokoi ka\u017cde pragnienie.&nbsp;Pepsi Cola&nbsp;jest sta\u0142ym towarzyszem ka\u017cdego spotkania ze znajomymi i idealnym dope\u0142nieniem do posi\u0142ku. Od 1893 roku pokocha\u0142y j\u0105 miliony ludzi na ca\u0142ym \u015bwiecie i z ka\u017cdym dniem&nbsp;napoje Pepsi&nbsp;zdobywaj\u0105 serca kolejnych konsument\u00f3w. Nowy wygl\u0105d, [&hellip;]<\/p>\n","protected":false},"featured_media":4086,"comment_status":"open","ping_status":"closed","template":"","meta":[],"product_brand":[189],"product_cat":[116],"product_tag":[],"class_list":{"0":"post-4081","1":"product","2":"type-product","3":"status-publish","4":"has-post-thumbnail","6":"product_brand-pepsi","7":"product_cat-napoje-i-akcesoria","9":"first","10":"instock","11":"taxable","12":"shipping-taxable","13":"purchasable","14":"product-type-simple"},"yoast_head":"<!-- This site is optimized with the Yoast SEO plugin v27.3 - https:\/\/yoast.com\/product\/yoast-seo-wordpress\/ -->\n<title>Nap\u00f3j gazowany Pepsi Cola butelka 15x 0,85l 850ml - Mix Market - Supermarket z wszystkim co potrzeba<\/title>\n<meta name=\"robots\" content=\"index, follow, max-snippet:-1, max-image-preview:large, max-video-preview:-1\" \/>\n<link rel=\"canonical\" href=\"https:\/\/racom.com.pl\/index.php\/produkt\/napoj-gazowany-pepsi-cola-butelka-15x-085l-850ml\/\" \/>\n<meta property=\"og:locale\" content=\"pl_PL\" \/>\n<meta property=\"og:type\" content=\"article\" \/>\n<meta property=\"og:title\" content=\"Nap\u00f3j gazowany Pepsi Cola butelka 15x 0,85l 850ml - Mix Market - Supermarket z wszystkim co potrzeba\" \/>\n<meta property=\"og:description\" content=\"PEPSI NAP\u00d3J GAZOWANY 0,85 L ZESTAW ZAWIERA: 15x Pepsi Cola Nap\u00f3j gazowany 0,85l butelka Napoje gazowane Pepsi&nbsp;to kultowy smak, kt\u00f3ry zaspokoi ka\u017cde pragnienie.&nbsp;Pepsi Cola&nbsp;jest sta\u0142ym towarzyszem ka\u017cdego spotkania ze znajomymi i idealnym dope\u0142nieniem do posi\u0142ku. Od 1893 roku pokocha\u0142y j\u0105 miliony ludzi na ca\u0142ym \u015bwiecie i z ka\u017cdym dniem&nbsp;napoje Pepsi&nbsp;zdobywaj\u0105 serca kolejnych konsument\u00f3w. Nowy wygl\u0105d, [&hellip;]\" \/>\n<meta property=\"og:url\" content=\"https:\/\/racom.com.pl\/index.php\/produkt\/napoj-gazowany-pepsi-cola-butelka-15x-085l-850ml\/\" \/>\n<meta property=\"og:site_name\" content=\"Mix Market - Supermarket z wszystkim co potrzeba\" \/>\n<meta name=\"twitter:card\" content=\"summary_large_image\" \/>\n<meta name=\"twitter:label1\" content=\"Szacowany czas czytania\" \/>\n\t<meta name=\"twitter:data1\" content=\"1 minuta\" \/>\n<script type=\"application\/ld+json\" class=\"yoast-schema-graph\">{\"@context\":\"https:\\\/\\\/schema.org\",\"@graph\":[{\"@type\":\"WebPage\",\"@id\":\"https:\\\/\\\/racom.com.pl\\\/index.php\\\/produkt\\\/napoj-gazowany-pepsi-cola-butelka-15x-085l-850ml\\\/\",\"url\":\"https:\\\/\\\/racom.com.pl\\\/index.php\\\/produkt\\\/napoj-gazowany-pepsi-cola-butelka-15x-085l-850ml\\\/\",\"name\":\"Nap\u00f3j gazowany Pepsi Cola butelka 15x 0,85l 850ml - Mix Market - Supermarket z wszystkim co potrzeba\",\"isPartOf\":{\"@id\":\"https:\\\/\\\/racom.com.pl\\\/#website\"},\"primaryImageOfPage\":{\"@id\":\"https:\\\/\\\/racom.com.pl\\\/index.php\\\/produkt\\\/napoj-gazowany-pepsi-cola-butelka-15x-085l-850ml\\\/#primaryimage\"},\"image\":{\"@id\":\"https:\\\/\\\/racom.com.pl\\\/index.php\\\/produkt\\\/napoj-gazowany-pepsi-cola-butelka-15x-085l-850ml\\\/#primaryimage\"},\"thumbnailUrl\":\"https:\\\/\\\/racom.com.pl\\\/wp-content\\\/uploads\\\/2026\\\/03\\\/allegro_69af1e1dd0f7f6.68885820_54d7b0774c2da33c07140e673bf4.jpg\",\"datePublished\":\"2026-03-09T19:23:04+00:00\",\"breadcrumb\":{\"@id\":\"https:\\\/\\\/racom.com.pl\\\/index.php\\\/produkt\\\/napoj-gazowany-pepsi-cola-butelka-15x-085l-850ml\\\/#breadcrumb\"},\"inLanguage\":\"pl-PL\",\"potentialAction\":[{\"@type\":\"ReadAction\",\"target\":[\"https:\\\/\\\/racom.com.pl\\\/index.php\\\/produkt\\\/napoj-gazowany-pepsi-cola-butelka-15x-085l-850ml\\\/\"]}]},{\"@type\":\"ImageObject\",\"inLanguage\":\"pl-PL\",\"@id\":\"https:\\\/\\\/racom.com.pl\\\/index.php\\\/produkt\\\/napoj-gazowany-pepsi-cola-butelka-15x-085l-850ml\\\/#primaryimage\",\"url\":\"https:\\\/\\\/racom.com.pl\\\/wp-content\\\/uploads\\\/2026\\\/03\\\/allegro_69af1e1dd0f7f6.68885820_54d7b0774c2da33c07140e673bf4.jpg\",\"contentUrl\":\"https:\\\/\\\/racom.com.pl\\\/wp-content\\\/uploads\\\/2026\\\/03\\\/allegro_69af1e1dd0f7f6.68885820_54d7b0774c2da33c07140e673bf4.jpg\",\"width\":2365,\"height\":2365},{\"@type\":\"BreadcrumbList\",\"@id\":\"https:\\\/\\\/racom.com.pl\\\/index.php\\\/produkt\\\/napoj-gazowany-pepsi-cola-butelka-15x-085l-850ml\\\/#breadcrumb\",\"itemListElement\":[{\"@type\":\"ListItem\",\"position\":1,\"name\":\"Strona g\u0142\u00f3wna\",\"item\":\"https:\\\/\\\/racom.com.pl\\\/\"},{\"@type\":\"ListItem\",\"position\":2,\"name\":\"Sklep\",\"item\":\"https:\\\/\\\/racom.com.pl\\\/\"},{\"@type\":\"ListItem\",\"position\":3,\"name\":\"Nap\u00f3j gazowany Pepsi Cola butelka 15x 0,85l 850ml\"}]},{\"@type\":\"WebSite\",\"@id\":\"https:\\\/\\\/racom.com.pl\\\/#website\",\"url\":\"https:\\\/\\\/racom.com.pl\\\/\",\"name\":\"Mix Market - Supermarket z wszystkim co potrzeba do domu i nie tylko\",\"description\":\"\",\"publisher\":{\"@id\":\"https:\\\/\\\/racom.com.pl\\\/#organization\"},\"potentialAction\":[{\"@type\":\"SearchAction\",\"target\":{\"@type\":\"EntryPoint\",\"urlTemplate\":\"https:\\\/\\\/racom.com.pl\\\/?s={search_term_string}\"},\"query-input\":{\"@type\":\"PropertyValueSpecification\",\"valueRequired\":true,\"valueName\":\"search_term_string\"}}],\"inLanguage\":\"pl-PL\"},{\"@type\":\"Organization\",\"@id\":\"https:\\\/\\\/racom.com.pl\\\/#organization\",\"name\":\"Mix Market - Supermarket z wszystkim co potrzeba do domu i nie tylko\",\"url\":\"https:\\\/\\\/racom.com.pl\\\/\",\"logo\":{\"@type\":\"ImageObject\",\"inLanguage\":\"pl-PL\",\"@id\":\"https:\\\/\\\/racom.com.pl\\\/#\\\/schema\\\/logo\\\/image\\\/\",\"url\":\"https:\\\/\\\/racom.com.pl\\\/wp-content\\\/uploads\\\/2025\\\/07\\\/mixmarket_logo.png\",\"contentUrl\":\"https:\\\/\\\/racom.com.pl\\\/wp-content\\\/uploads\\\/2025\\\/07\\\/mixmarket_logo.png\",\"width\":1024,\"height\":1024,\"caption\":\"Mix Market - Supermarket z wszystkim co potrzeba do domu i nie tylko\"},\"image\":{\"@id\":\"https:\\\/\\\/racom.com.pl\\\/#\\\/schema\\\/logo\\\/image\\\/\"}}]}<\/script>\n<!-- \/ Yoast SEO plugin. -->","yoast_head_json":{"title":"Nap\u00f3j gazowany Pepsi Cola butelka 15x 0,85l 850ml - Mix Market - Supermarket z wszystkim co potrzeba","robots":{"index":"index","follow":"follow","max-snippet":"max-snippet:-1","max-image-preview":"max-image-preview:large","max-video-preview":"max-video-preview:-1"},"canonical":"https:\/\/racom.com.pl\/index.php\/produkt\/napoj-gazowany-pepsi-cola-butelka-15x-085l-850ml\/","og_locale":"pl_PL","og_type":"article","og_title":"Nap\u00f3j gazowany Pepsi Cola butelka 15x 0,85l 850ml - Mix Market - Supermarket z wszystkim co potrzeba","og_description":"PEPSI NAP\u00d3J GAZOWANY 0,85 L ZESTAW ZAWIERA: 15x Pepsi Cola Nap\u00f3j gazowany 0,85l butelka Napoje gazowane Pepsi&nbsp;to kultowy smak, kt\u00f3ry zaspokoi ka\u017cde pragnienie.&nbsp;Pepsi Cola&nbsp;jest sta\u0142ym towarzyszem ka\u017cdego spotkania ze znajomymi i idealnym dope\u0142nieniem do posi\u0142ku. Od 1893 roku pokocha\u0142y j\u0105 miliony ludzi na ca\u0142ym \u015bwiecie i z ka\u017cdym dniem&nbsp;napoje Pepsi&nbsp;zdobywaj\u0105 serca kolejnych konsument\u00f3w. Nowy wygl\u0105d, [&hellip;]","og_url":"https:\/\/racom.com.pl\/index.php\/produkt\/napoj-gazowany-pepsi-cola-butelka-15x-085l-850ml\/","og_site_name":"Mix Market - Supermarket z wszystkim co potrzeba","twitter_card":"summary_large_image","twitter_misc":{"Szacowany czas czytania":"1 minuta"},"schema":{"@context":"https:\/\/schema.org","@graph":[{"@type":"WebPage","@id":"https:\/\/racom.com.pl\/index.php\/produkt\/napoj-gazowany-pepsi-cola-butelka-15x-085l-850ml\/","url":"https:\/\/racom.com.pl\/index.php\/produkt\/napoj-gazowany-pepsi-cola-butelka-15x-085l-850ml\/","name":"Nap\u00f3j gazowany Pepsi Cola butelka 15x 0,85l 850ml - Mix Market - Supermarket z wszystkim co potrzeba","isPartOf":{"@id":"https:\/\/racom.com.pl\/#website"},"primaryImageOfPage":{"@id":"https:\/\/racom.com.pl\/index.php\/produkt\/napoj-gazowany-pepsi-cola-butelka-15x-085l-850ml\/#primaryimage"},"image":{"@id":"https:\/\/racom.com.pl\/index.php\/produkt\/napoj-gazowany-pepsi-cola-butelka-15x-085l-850ml\/#primaryimage"},"thumbnailUrl":"https:\/\/racom.com.pl\/wp-content\/uploads\/2026\/03\/allegro_69af1e1dd0f7f6.68885820_54d7b0774c2da33c07140e673bf4.jpg","datePublished":"2026-03-09T19:23:04+00:00","breadcrumb":{"@id":"https:\/\/racom.com.pl\/index.php\/produkt\/napoj-gazowany-pepsi-cola-butelka-15x-085l-850ml\/#breadcrumb"},"inLanguage":"pl-PL","potentialAction":[{"@type":"ReadAction","target":["https:\/\/racom.com.pl\/index.php\/produkt\/napoj-gazowany-pepsi-cola-butelka-15x-085l-850ml\/"]}]},{"@type":"ImageObject","inLanguage":"pl-PL","@id":"https:\/\/racom.com.pl\/index.php\/produkt\/napoj-gazowany-pepsi-cola-butelka-15x-085l-850ml\/#primaryimage","url":"https:\/\/racom.com.pl\/wp-content\/uploads\/2026\/03\/allegro_69af1e1dd0f7f6.68885820_54d7b0774c2da33c07140e673bf4.jpg","contentUrl":"https:\/\/racom.com.pl\/wp-content\/uploads\/2026\/03\/allegro_69af1e1dd0f7f6.68885820_54d7b0774c2da33c07140e673bf4.jpg","width":2365,"height":2365},{"@type":"BreadcrumbList","@id":"https:\/\/racom.com.pl\/index.php\/produkt\/napoj-gazowany-pepsi-cola-butelka-15x-085l-850ml\/#breadcrumb","itemListElement":[{"@type":"ListItem","position":1,"name":"Strona g\u0142\u00f3wna","item":"https:\/\/racom.com.pl\/"},{"@type":"ListItem","position":2,"name":"Sklep","item":"https:\/\/racom.com.pl\/"},{"@type":"ListItem","position":3,"name":"Nap\u00f3j gazowany Pepsi Cola butelka 15x 0,85l 850ml"}]},{"@type":"WebSite","@id":"https:\/\/racom.com.pl\/#website","url":"https:\/\/racom.com.pl\/","name":"Mix Market - Supermarket z wszystkim co potrzeba do domu i nie tylko","description":"","publisher":{"@id":"https:\/\/racom.com.pl\/#organization"},"potentialAction":[{"@type":"SearchAction","target":{"@type":"EntryPoint","urlTemplate":"https:\/\/racom.com.pl\/?s={search_term_string}"},"query-input":{"@type":"PropertyValueSpecification","valueRequired":true,"valueName":"search_term_string"}}],"inLanguage":"pl-PL"},{"@type":"Organization","@id":"https:\/\/racom.com.pl\/#organization","name":"Mix Market - Supermarket z wszystkim co potrzeba do domu i nie tylko","url":"https:\/\/racom.com.pl\/","logo":{"@type":"ImageObject","inLanguage":"pl-PL","@id":"https:\/\/racom.com.pl\/#\/schema\/logo\/image\/","url":"https:\/\/racom.com.pl\/wp-content\/uploads\/2025\/07\/mixmarket_logo.png","contentUrl":"https:\/\/racom.com.pl\/wp-content\/uploads\/2025\/07\/mixmarket_logo.png","width":1024,"height":1024,"caption":"Mix Market - Supermarket z wszystkim co potrzeba do domu i nie tylko"},"image":{"@id":"https:\/\/racom.com.pl\/#\/schema\/logo\/image\/"}}]}},"_links":{"self":[{"href":"https:\/\/racom.com.pl\/index.php\/wp-json\/wp\/v2\/product\/4081","targetHints":{"allow":["GET"]}}],"collection":[{"href":"https:\/\/racom.com.pl\/index.php\/wp-json\/wp\/v2\/product"}],"about":[{"href":"https:\/\/racom.com.pl\/index.php\/wp-json\/wp\/v2\/types\/product"}],"replies":[{"embeddable":true,"href":"https:\/\/racom.com.pl\/index.php\/wp-json\/wp\/v2\/comments?post=4081"}],"wp:featuredmedia":[{"embeddable":true,"href":"https:\/\/racom.com.pl\/index.php\/wp-json\/wp\/v2\/media\/4086"}],"wp:attachment":[{"href":"https:\/\/racom.com.pl\/index.php\/wp-json\/wp\/v2\/media?parent=4081"}],"wp:term":[{"taxonomy":"product_brand","embeddable":true,"href":"https:\/\/racom.com.pl\/index.php\/wp-json\/wp\/v2\/product_brand?post=4081"},{"taxonomy":"product_cat","embeddable":true,"href":"https:\/\/racom.com.pl\/index.php\/wp-json\/wp\/v2\/product_cat?post=4081"},{"taxonomy":"product_tag","embeddable":true,"href":"https:\/\/racom.com.pl\/index.php\/wp-json\/wp\/v2\/product_tag?post=4081"}],"curies":[{"name":"wp","href":"https:\/\/api.w.org\/{rel}","templated":true}]}}