{"id":4097,"date":"2026-03-09T20:23:23","date_gmt":"2026-03-09T19:23:23","guid":{"rendered":"https:\/\/racom.com.pl\/index.php\/produkt\/case-logic-etc207k-uniwersalne-trwale-etui-na-tablet-7-calowy\/"},"modified":"2026-03-09T20:23:23","modified_gmt":"2026-03-09T19:23:23","slug":"case-logic-etc207k-uniwersalne-trwale-etui-na-tablet-7-calowy","status":"publish","type":"product","link":"https:\/\/racom.com.pl\/index.php\/produkt\/case-logic-etc207k-uniwersalne-trwale-etui-na-tablet-7-calowy\/","title":{"rendered":"Case Logic ETC207K Uniwersalne trwa\u0142e etui na tablet 7-calowy"},"content":{"rendered":"<p>To uniwersalne, stylizowane etui pasuje do szerokiej gamy tablet\u00f3w 7&#8243;, co pozwala pozosta\u0107 w kontakcie i rozrywce, gdy Tw\u00f3j sprz\u0119t jest chroniony. Wewn\u0119trzne paski tabletu na swoim miejscu i dostosowuj\u0105 si\u0119 do r\u00f3\u017cnych k\u0105t\u00f3w widzenia, aby zminimalizowa\u0107 odblaski. Zapi\u0119cie na zamek b\u0142yskawiczny zapewnia ochron\u0119 360, a tak\u017ce zapi\u0119cie na zamek b\u0142yskawiczny zapewnia wygodne u\u017cytkowanie r\u0119czne.<\/p>\n<ul>\n<li><b>Marka:<\/b> \u200eCase Logic<\/li>\n<li><b>Producent:<\/b> \u200eCase Logic<\/li>\n<li><b>Model:<\/b> \u200eETC-207<\/li>\n<li><b>Rok modelu:<\/b> \u200e2025<\/li>\n<li><b>Numer cz\u0119\u015bci:<\/b> \u200eFBA_ETC-207<\/li>\n<li><b>Kompatybilne urz\u0105dzenia:<\/b> \u200eKompatybilne urz\u0105dzenia Universal<\/li>\n<li><b>Funkcje specjalne:<\/b> \u200eLekki<\/li>\n<li><b>Liczba sztuk:<\/b> \u200e1<\/li>\n<li><b>Rozmiar wy\u015bwietlacza stoj\u0105cego:<\/b> \u200e9,7 Cale<\/li>\n<li><b>Ekran kolorowy:<\/b> \u200eNie<\/li>\n<li><b>Wsp\u00f3\u0142czynnik kszta\u0142tu:<\/b> \u200e1.33:1<\/li>\n<li><b>Baterie w zestawie:<\/b> \u200eNie<\/li>\n<li><b>Wymagane baterie:<\/b> \u200eNie<\/li>\n<li><b>Typ materia\u0142u:<\/b> \u200eKopolimer etylenu i octanu winylu (EVA), Nylon<\/li>\n<li><b>Kszta\u0142t:<\/b> \u200eWytrzyma\u0142o\u015b\u0107:<\/li>\n<li><b>Zawiera pilot zdalnego sterowania:<\/b> \u200eNie<\/li>\n<li><b>Producent:<\/b> \u200eCase Logic<\/li>\n<li><b>Numer modelu:<\/b> \u200eETC-207<\/li>\n<li><b>Wymiary produktu:<\/b> \u200e16 x 2,54 x 22,61 cm; 190,51 g<\/li>\n<\/ul>\n<ul>\n<li><b>Marka:<\/b> Case Logic<\/li>\n<li><b>Kolor:<\/b> &#8211; Czarny<\/li>\n<li><b>Zgodne urz\u0105dzenia:<\/b> Kompatybilne urz\u0105dzenia Universal<\/li>\n<li><b>Obudowa:<\/b> Wytrzyma\u0142o\u015b\u0107:<\/li>\n<li><b>Typ pow\u0142oki:<\/b> Twarda<\/li>\n<li><b>Materia\u0142:<\/b> Kopolimer etylenu i octanu winylu (EVA), Nylon<\/li>\n<li><b>Maks. kompatybilny rozmiar urz\u0105dzenia:<\/b> 7 Cale<\/li>\n<li><b>Funkcja specjalna:<\/b> Lekki<\/li>\n<li><b>Wz\u00f3r:<\/b> Solidny<\/li>\n<li><b>Motyw<\/b>: Modern<\/li>\n<\/ul>\n<h2>Informacje o tym produkcie<\/h2>\n<ul>\n<li>Trwa\u0142a formowana EVA chroni tablety 7&#8243;<\/li>\n<li>Szlufki systemu Bungee na czterech rogach tabletu, zabezpieczaj\u0105ce go na miejscu<\/li>\n<li>Po przypi\u0119ciu tabletu dostosuj platform\u0119 pod k\u0105tem r\u00f3\u017cnych k\u0105t\u00f3w widzenia<\/li>\n<li>Konstrukcja z klapk\u0105 zapewnia element prywatno\u015bci podczas czytania powie\u015bci lub przegl\u0105dania stron internetowych<\/li>\n<li>Zapi\u0119cie na zamek b\u0142yskawiczny zapewnia ca\u0142kowit\u0105 ochron\u0119<\/li>\n<\/ul>\n","protected":false},"excerpt":{"rendered":"<p>To uniwersalne, stylizowane etui pasuje do szerokiej gamy tablet\u00f3w 7&#8243;, co pozwala pozosta\u0107 w kontakcie i rozrywce, gdy Tw\u00f3j sprz\u0119t jest chroniony. Wewn\u0119trzne paski tabletu na swoim miejscu i dostosowuj\u0105 si\u0119 do r\u00f3\u017cnych k\u0105t\u00f3w widzenia, aby zminimalizowa\u0107 odblaski. Zapi\u0119cie na zamek b\u0142yskawiczny zapewnia ochron\u0119 360, a tak\u017ce zapi\u0119cie na zamek b\u0142yskawiczny zapewnia wygodne u\u017cytkowanie r\u0119czne. [&hellip;]<\/p>\n","protected":false},"featured_media":4114,"comment_status":"open","ping_status":"closed","template":"","meta":[],"product_brand":[],"product_cat":[47],"product_tag":[],"class_list":{"0":"post-4097","1":"product","2":"type-product","3":"status-publish","4":"has-post-thumbnail","6":"product_cat-tablety","8":"first","9":"instock","10":"taxable","11":"shipping-taxable","12":"purchasable","13":"product-type-simple"},"yoast_head":"<!-- This site is optimized with the Yoast SEO plugin v27.3 - https:\/\/yoast.com\/product\/yoast-seo-wordpress\/ -->\n<title>Case Logic ETC207K Uniwersalne trwa\u0142e etui na tablet 7-calowy - Mix Market - Supermarket z wszystkim co potrzeba<\/title>\n<meta name=\"robots\" content=\"index, follow, max-snippet:-1, max-image-preview:large, max-video-preview:-1\" \/>\n<link rel=\"canonical\" href=\"https:\/\/racom.com.pl\/index.php\/produkt\/case-logic-etc207k-uniwersalne-trwale-etui-na-tablet-7-calowy\/\" \/>\n<meta property=\"og:locale\" content=\"pl_PL\" \/>\n<meta property=\"og:type\" content=\"article\" \/>\n<meta property=\"og:title\" content=\"Case Logic ETC207K Uniwersalne trwa\u0142e etui na tablet 7-calowy - Mix Market - Supermarket z wszystkim co potrzeba\" \/>\n<meta property=\"og:description\" content=\"To uniwersalne, stylizowane etui pasuje do szerokiej gamy tablet\u00f3w 7&#8243;, co pozwala pozosta\u0107 w kontakcie i rozrywce, gdy Tw\u00f3j sprz\u0119t jest chroniony. Wewn\u0119trzne paski tabletu na swoim miejscu i dostosowuj\u0105 si\u0119 do r\u00f3\u017cnych k\u0105t\u00f3w widzenia, aby zminimalizowa\u0107 odblaski. Zapi\u0119cie na zamek b\u0142yskawiczny zapewnia ochron\u0119 360, a tak\u017ce zapi\u0119cie na zamek b\u0142yskawiczny zapewnia wygodne u\u017cytkowanie r\u0119czne. [&hellip;]\" \/>\n<meta property=\"og:url\" content=\"https:\/\/racom.com.pl\/index.php\/produkt\/case-logic-etc207k-uniwersalne-trwale-etui-na-tablet-7-calowy\/\" \/>\n<meta property=\"og:site_name\" content=\"Mix Market - Supermarket z wszystkim co potrzeba\" \/>\n<meta name=\"twitter:card\" content=\"summary_large_image\" \/>\n<meta name=\"twitter:label1\" content=\"Szacowany czas czytania\" \/>\n\t<meta name=\"twitter:data1\" content=\"1 minuta\" \/>\n<script type=\"application\/ld+json\" class=\"yoast-schema-graph\">{\"@context\":\"https:\\\/\\\/schema.org\",\"@graph\":[{\"@type\":\"WebPage\",\"@id\":\"https:\\\/\\\/racom.com.pl\\\/index.php\\\/produkt\\\/case-logic-etc207k-uniwersalne-trwale-etui-na-tablet-7-calowy\\\/\",\"url\":\"https:\\\/\\\/racom.com.pl\\\/index.php\\\/produkt\\\/case-logic-etc207k-uniwersalne-trwale-etui-na-tablet-7-calowy\\\/\",\"name\":\"Case Logic ETC207K Uniwersalne trwa\u0142e etui na tablet 7-calowy - Mix Market - Supermarket z wszystkim co potrzeba\",\"isPartOf\":{\"@id\":\"https:\\\/\\\/racom.com.pl\\\/#website\"},\"primaryImageOfPage\":{\"@id\":\"https:\\\/\\\/racom.com.pl\\\/index.php\\\/produkt\\\/case-logic-etc207k-uniwersalne-trwale-etui-na-tablet-7-calowy\\\/#primaryimage\"},\"image\":{\"@id\":\"https:\\\/\\\/racom.com.pl\\\/index.php\\\/produkt\\\/case-logic-etc207k-uniwersalne-trwale-etui-na-tablet-7-calowy\\\/#primaryimage\"},\"thumbnailUrl\":\"https:\\\/\\\/racom.com.pl\\\/wp-content\\\/uploads\\\/2026\\\/03\\\/allegro_69af1e3ccb2641.00891092_c7a4460c4fe2bde80a6adf235184.jpg\",\"datePublished\":\"2026-03-09T19:23:23+00:00\",\"breadcrumb\":{\"@id\":\"https:\\\/\\\/racom.com.pl\\\/index.php\\\/produkt\\\/case-logic-etc207k-uniwersalne-trwale-etui-na-tablet-7-calowy\\\/#breadcrumb\"},\"inLanguage\":\"pl-PL\",\"potentialAction\":[{\"@type\":\"ReadAction\",\"target\":[\"https:\\\/\\\/racom.com.pl\\\/index.php\\\/produkt\\\/case-logic-etc207k-uniwersalne-trwale-etui-na-tablet-7-calowy\\\/\"]}]},{\"@type\":\"ImageObject\",\"inLanguage\":\"pl-PL\",\"@id\":\"https:\\\/\\\/racom.com.pl\\\/index.php\\\/produkt\\\/case-logic-etc207k-uniwersalne-trwale-etui-na-tablet-7-calowy\\\/#primaryimage\",\"url\":\"https:\\\/\\\/racom.com.pl\\\/wp-content\\\/uploads\\\/2026\\\/03\\\/allegro_69af1e3ccb2641.00891092_c7a4460c4fe2bde80a6adf235184.jpg\",\"contentUrl\":\"https:\\\/\\\/racom.com.pl\\\/wp-content\\\/uploads\\\/2026\\\/03\\\/allegro_69af1e3ccb2641.00891092_c7a4460c4fe2bde80a6adf235184.jpg\",\"width\":565,\"height\":1056},{\"@type\":\"BreadcrumbList\",\"@id\":\"https:\\\/\\\/racom.com.pl\\\/index.php\\\/produkt\\\/case-logic-etc207k-uniwersalne-trwale-etui-na-tablet-7-calowy\\\/#breadcrumb\",\"itemListElement\":[{\"@type\":\"ListItem\",\"position\":1,\"name\":\"Strona g\u0142\u00f3wna\",\"item\":\"https:\\\/\\\/racom.com.pl\\\/\"},{\"@type\":\"ListItem\",\"position\":2,\"name\":\"Sklep\",\"item\":\"https:\\\/\\\/racom.com.pl\\\/\"},{\"@type\":\"ListItem\",\"position\":3,\"name\":\"Case Logic ETC207K Uniwersalne trwa\u0142e etui na tablet 7-calowy\"}]},{\"@type\":\"WebSite\",\"@id\":\"https:\\\/\\\/racom.com.pl\\\/#website\",\"url\":\"https:\\\/\\\/racom.com.pl\\\/\",\"name\":\"Mix Market - Supermarket z wszystkim co potrzeba do domu i nie tylko\",\"description\":\"\",\"publisher\":{\"@id\":\"https:\\\/\\\/racom.com.pl\\\/#organization\"},\"potentialAction\":[{\"@type\":\"SearchAction\",\"target\":{\"@type\":\"EntryPoint\",\"urlTemplate\":\"https:\\\/\\\/racom.com.pl\\\/?s={search_term_string}\"},\"query-input\":{\"@type\":\"PropertyValueSpecification\",\"valueRequired\":true,\"valueName\":\"search_term_string\"}}],\"inLanguage\":\"pl-PL\"},{\"@type\":\"Organization\",\"@id\":\"https:\\\/\\\/racom.com.pl\\\/#organization\",\"name\":\"Mix Market - Supermarket z wszystkim co potrzeba do domu i nie tylko\",\"url\":\"https:\\\/\\\/racom.com.pl\\\/\",\"logo\":{\"@type\":\"ImageObject\",\"inLanguage\":\"pl-PL\",\"@id\":\"https:\\\/\\\/racom.com.pl\\\/#\\\/schema\\\/logo\\\/image\\\/\",\"url\":\"https:\\\/\\\/racom.com.pl\\\/wp-content\\\/uploads\\\/2025\\\/07\\\/mixmarket_logo.png\",\"contentUrl\":\"https:\\\/\\\/racom.com.pl\\\/wp-content\\\/uploads\\\/2025\\\/07\\\/mixmarket_logo.png\",\"width\":1024,\"height\":1024,\"caption\":\"Mix Market - Supermarket z wszystkim co potrzeba do domu i nie tylko\"},\"image\":{\"@id\":\"https:\\\/\\\/racom.com.pl\\\/#\\\/schema\\\/logo\\\/image\\\/\"}}]}<\/script>\n<!-- \/ Yoast SEO plugin. -->","yoast_head_json":{"title":"Case Logic ETC207K Uniwersalne trwa\u0142e etui na tablet 7-calowy - Mix Market - Supermarket z wszystkim co potrzeba","robots":{"index":"index","follow":"follow","max-snippet":"max-snippet:-1","max-image-preview":"max-image-preview:large","max-video-preview":"max-video-preview:-1"},"canonical":"https:\/\/racom.com.pl\/index.php\/produkt\/case-logic-etc207k-uniwersalne-trwale-etui-na-tablet-7-calowy\/","og_locale":"pl_PL","og_type":"article","og_title":"Case Logic ETC207K Uniwersalne trwa\u0142e etui na tablet 7-calowy - Mix Market - Supermarket z wszystkim co potrzeba","og_description":"To uniwersalne, stylizowane etui pasuje do szerokiej gamy tablet\u00f3w 7&#8243;, co pozwala pozosta\u0107 w kontakcie i rozrywce, gdy Tw\u00f3j sprz\u0119t jest chroniony. Wewn\u0119trzne paski tabletu na swoim miejscu i dostosowuj\u0105 si\u0119 do r\u00f3\u017cnych k\u0105t\u00f3w widzenia, aby zminimalizowa\u0107 odblaski. Zapi\u0119cie na zamek b\u0142yskawiczny zapewnia ochron\u0119 360, a tak\u017ce zapi\u0119cie na zamek b\u0142yskawiczny zapewnia wygodne u\u017cytkowanie r\u0119czne. [&hellip;]","og_url":"https:\/\/racom.com.pl\/index.php\/produkt\/case-logic-etc207k-uniwersalne-trwale-etui-na-tablet-7-calowy\/","og_site_name":"Mix Market - Supermarket z wszystkim co potrzeba","twitter_card":"summary_large_image","twitter_misc":{"Szacowany czas czytania":"1 minuta"},"schema":{"@context":"https:\/\/schema.org","@graph":[{"@type":"WebPage","@id":"https:\/\/racom.com.pl\/index.php\/produkt\/case-logic-etc207k-uniwersalne-trwale-etui-na-tablet-7-calowy\/","url":"https:\/\/racom.com.pl\/index.php\/produkt\/case-logic-etc207k-uniwersalne-trwale-etui-na-tablet-7-calowy\/","name":"Case Logic ETC207K Uniwersalne trwa\u0142e etui na tablet 7-calowy - Mix Market - Supermarket z wszystkim co potrzeba","isPartOf":{"@id":"https:\/\/racom.com.pl\/#website"},"primaryImageOfPage":{"@id":"https:\/\/racom.com.pl\/index.php\/produkt\/case-logic-etc207k-uniwersalne-trwale-etui-na-tablet-7-calowy\/#primaryimage"},"image":{"@id":"https:\/\/racom.com.pl\/index.php\/produkt\/case-logic-etc207k-uniwersalne-trwale-etui-na-tablet-7-calowy\/#primaryimage"},"thumbnailUrl":"https:\/\/racom.com.pl\/wp-content\/uploads\/2026\/03\/allegro_69af1e3ccb2641.00891092_c7a4460c4fe2bde80a6adf235184.jpg","datePublished":"2026-03-09T19:23:23+00:00","breadcrumb":{"@id":"https:\/\/racom.com.pl\/index.php\/produkt\/case-logic-etc207k-uniwersalne-trwale-etui-na-tablet-7-calowy\/#breadcrumb"},"inLanguage":"pl-PL","potentialAction":[{"@type":"ReadAction","target":["https:\/\/racom.com.pl\/index.php\/produkt\/case-logic-etc207k-uniwersalne-trwale-etui-na-tablet-7-calowy\/"]}]},{"@type":"ImageObject","inLanguage":"pl-PL","@id":"https:\/\/racom.com.pl\/index.php\/produkt\/case-logic-etc207k-uniwersalne-trwale-etui-na-tablet-7-calowy\/#primaryimage","url":"https:\/\/racom.com.pl\/wp-content\/uploads\/2026\/03\/allegro_69af1e3ccb2641.00891092_c7a4460c4fe2bde80a6adf235184.jpg","contentUrl":"https:\/\/racom.com.pl\/wp-content\/uploads\/2026\/03\/allegro_69af1e3ccb2641.00891092_c7a4460c4fe2bde80a6adf235184.jpg","width":565,"height":1056},{"@type":"BreadcrumbList","@id":"https:\/\/racom.com.pl\/index.php\/produkt\/case-logic-etc207k-uniwersalne-trwale-etui-na-tablet-7-calowy\/#breadcrumb","itemListElement":[{"@type":"ListItem","position":1,"name":"Strona g\u0142\u00f3wna","item":"https:\/\/racom.com.pl\/"},{"@type":"ListItem","position":2,"name":"Sklep","item":"https:\/\/racom.com.pl\/"},{"@type":"ListItem","position":3,"name":"Case Logic ETC207K Uniwersalne trwa\u0142e etui na tablet 7-calowy"}]},{"@type":"WebSite","@id":"https:\/\/racom.com.pl\/#website","url":"https:\/\/racom.com.pl\/","name":"Mix Market - Supermarket z wszystkim co potrzeba do domu i nie tylko","description":"","publisher":{"@id":"https:\/\/racom.com.pl\/#organization"},"potentialAction":[{"@type":"SearchAction","target":{"@type":"EntryPoint","urlTemplate":"https:\/\/racom.com.pl\/?s={search_term_string}"},"query-input":{"@type":"PropertyValueSpecification","valueRequired":true,"valueName":"search_term_string"}}],"inLanguage":"pl-PL"},{"@type":"Organization","@id":"https:\/\/racom.com.pl\/#organization","name":"Mix Market - Supermarket z wszystkim co potrzeba do domu i nie tylko","url":"https:\/\/racom.com.pl\/","logo":{"@type":"ImageObject","inLanguage":"pl-PL","@id":"https:\/\/racom.com.pl\/#\/schema\/logo\/image\/","url":"https:\/\/racom.com.pl\/wp-content\/uploads\/2025\/07\/mixmarket_logo.png","contentUrl":"https:\/\/racom.com.pl\/wp-content\/uploads\/2025\/07\/mixmarket_logo.png","width":1024,"height":1024,"caption":"Mix Market - Supermarket z wszystkim co potrzeba do domu i nie tylko"},"image":{"@id":"https:\/\/racom.com.pl\/#\/schema\/logo\/image\/"}}]}},"_links":{"self":[{"href":"https:\/\/racom.com.pl\/index.php\/wp-json\/wp\/v2\/product\/4097","targetHints":{"allow":["GET"]}}],"collection":[{"href":"https:\/\/racom.com.pl\/index.php\/wp-json\/wp\/v2\/product"}],"about":[{"href":"https:\/\/racom.com.pl\/index.php\/wp-json\/wp\/v2\/types\/product"}],"replies":[{"embeddable":true,"href":"https:\/\/racom.com.pl\/index.php\/wp-json\/wp\/v2\/comments?post=4097"}],"wp:featuredmedia":[{"embeddable":true,"href":"https:\/\/racom.com.pl\/index.php\/wp-json\/wp\/v2\/media\/4114"}],"wp:attachment":[{"href":"https:\/\/racom.com.pl\/index.php\/wp-json\/wp\/v2\/media?parent=4097"}],"wp:term":[{"taxonomy":"product_brand","embeddable":true,"href":"https:\/\/racom.com.pl\/index.php\/wp-json\/wp\/v2\/product_brand?post=4097"},{"taxonomy":"product_cat","embeddable":true,"href":"https:\/\/racom.com.pl\/index.php\/wp-json\/wp\/v2\/product_cat?post=4097"},{"taxonomy":"product_tag","embeddable":true,"href":"https:\/\/racom.com.pl\/index.php\/wp-json\/wp\/v2\/product_tag?post=4097"}],"curies":[{"name":"wp","href":"https:\/\/api.w.org\/{rel}","templated":true}]}}