{"id":4115,"date":"2026-03-09T20:23:42","date_gmt":"2026-03-09T19:23:42","guid":{"rendered":"https:\/\/racom.com.pl\/index.php\/produkt\/etui-na-laptopa-case-logic-lneo-12-pasuje-do-ekranow-o-przekatnej-do-121\/"},"modified":"2026-03-09T20:23:42","modified_gmt":"2026-03-09T19:23:42","slug":"etui-na-laptopa-case-logic-lneo-12-pasuje-do-ekranow-o-przekatnej-do-121","status":"publish","type":"product","link":"https:\/\/racom.com.pl\/index.php\/produkt\/etui-na-laptopa-case-logic-lneo-12-pasuje-do-ekranow-o-przekatnej-do-121\/","title":{"rendered":"Etui na laptopa Case Logic LNEO-12 pasuje do ekran\u00f3w o przek\u0105tnej do 12,1&#8243;"},"content":{"rendered":"<\/p>\n<p>Etui na laptopa Case Logic \u2013 pasuje do ekran\u00f3w do 12,1\u2033 \u2013 czarne<\/p>\n<p>To neoprenowe, kompaktowe etui pozwala bezpiecznie przenosi\u0107 laptopa samodzielnie lub wewn\u0105trz akt\u00f3wki, torby na rami\u0119 czy plecaka.<\/p>\n<p>Najwa\u017cniejsze cechy:<\/p>\n<ul>\n<li>Zaprojektowane do laptop\u00f3w z ekranami do 12,1 cala oraz ultraprzeno\u015bnych modeli.<\/li>\n<\/ul>\n<p>Wykonane z wytrzyma\u0142ego, odpornego na warunki pogodowe neoprenu, kt\u00f3ry amortyzuje urz\u0105dzenie i chroni je przed urazami.<\/p>\n<p>Posiada r\u0105czki z mi\u0119kkim uchwytem dla \u0142atwego przenoszenia.<\/p>\n<p>Zamek b\u0142yskawiczny zapewnia szybki dost\u0119p i bezpiecze\u0144stwo.<\/p>\n<p>Z przodu znajduje si\u0119 zewn\u0119trzna kiesze\u0144 na akcesoria, idealna na zasilacz, kable lub inne drobne przedmioty.<\/p>\n<p>Dane techniczne:<\/p>\n<ul>\n<li>Kolor: czarny<\/li>\n<\/ul>\n<p>Materia\u0142: neopren<\/p>\n<p>Wymiary komory na laptopa: ok. 11.8\u2033 \u00d7 8.7\u2033 \u00d7 1.5\u2033<\/p>\n<p>Wymiary zewn\u0119trzne: ok. 12.4\u2033 \u00d7 9.4\u2033 \u00d7 1.5\u2033<\/p>\n<p>Waga: 10 oz (~283 g)<\/p>\n","protected":false},"excerpt":{"rendered":"<p>Etui na laptopa Case Logic \u2013 pasuje do ekran\u00f3w do 12,1\u2033 \u2013 czarne To neoprenowe, kompaktowe etui pozwala bezpiecznie przenosi\u0107 laptopa samodzielnie lub wewn\u0105trz akt\u00f3wki, torby na rami\u0119 czy plecaka. Najwa\u017cniejsze cechy: Zaprojektowane do laptop\u00f3w z ekranami do 12,1 cala oraz ultraprzeno\u015bnych modeli. Wykonane z wytrzyma\u0142ego, odpornego na warunki pogodowe neoprenu, kt\u00f3ry amortyzuje urz\u0105dzenie i [&hellip;]<\/p>\n","protected":false},"featured_media":4125,"comment_status":"open","ping_status":"closed","template":"","meta":[],"product_brand":[294],"product_cat":[31],"product_tag":[],"class_list":{"0":"post-4115","1":"product","2":"type-product","3":"status-publish","4":"has-post-thumbnail","6":"product_brand-case-logic","7":"product_cat-akcesoria-laptop-pc","9":"first","10":"instock","11":"taxable","12":"shipping-taxable","13":"purchasable","14":"product-type-simple"},"yoast_head":"<!-- This site is optimized with the Yoast SEO plugin v27.3 - https:\/\/yoast.com\/product\/yoast-seo-wordpress\/ -->\n<title>Etui na laptopa Case Logic LNEO-12 pasuje do ekran\u00f3w o przek\u0105tnej do 12,1&quot; - Mix Market - Supermarket z wszystkim co potrzeba<\/title>\n<meta name=\"robots\" content=\"index, follow, max-snippet:-1, max-image-preview:large, max-video-preview:-1\" \/>\n<link rel=\"canonical\" href=\"https:\/\/racom.com.pl\/index.php\/produkt\/etui-na-laptopa-case-logic-lneo-12-pasuje-do-ekranow-o-przekatnej-do-121\/\" \/>\n<meta property=\"og:locale\" content=\"pl_PL\" \/>\n<meta property=\"og:type\" content=\"article\" \/>\n<meta property=\"og:title\" content=\"Etui na laptopa Case Logic LNEO-12 pasuje do ekran\u00f3w o przek\u0105tnej do 12,1&quot; - Mix Market - Supermarket z wszystkim co potrzeba\" \/>\n<meta property=\"og:description\" content=\"Etui na laptopa Case Logic \u2013 pasuje do ekran\u00f3w do 12,1\u2033 \u2013 czarne To neoprenowe, kompaktowe etui pozwala bezpiecznie przenosi\u0107 laptopa samodzielnie lub wewn\u0105trz akt\u00f3wki, torby na rami\u0119 czy plecaka. Najwa\u017cniejsze cechy: Zaprojektowane do laptop\u00f3w z ekranami do 12,1 cala oraz ultraprzeno\u015bnych modeli. Wykonane z wytrzyma\u0142ego, odpornego na warunki pogodowe neoprenu, kt\u00f3ry amortyzuje urz\u0105dzenie i [&hellip;]\" \/>\n<meta property=\"og:url\" content=\"https:\/\/racom.com.pl\/index.php\/produkt\/etui-na-laptopa-case-logic-lneo-12-pasuje-do-ekranow-o-przekatnej-do-121\/\" \/>\n<meta property=\"og:site_name\" content=\"Mix Market - Supermarket z wszystkim co potrzeba\" \/>\n<meta name=\"twitter:card\" content=\"summary_large_image\" \/>\n<meta name=\"twitter:label1\" content=\"Szacowany czas czytania\" \/>\n\t<meta name=\"twitter:data1\" content=\"1 minuta\" \/>\n<script type=\"application\/ld+json\" class=\"yoast-schema-graph\">{\"@context\":\"https:\\\/\\\/schema.org\",\"@graph\":[{\"@type\":\"WebPage\",\"@id\":\"https:\\\/\\\/racom.com.pl\\\/index.php\\\/produkt\\\/etui-na-laptopa-case-logic-lneo-12-pasuje-do-ekranow-o-przekatnej-do-121\\\/\",\"url\":\"https:\\\/\\\/racom.com.pl\\\/index.php\\\/produkt\\\/etui-na-laptopa-case-logic-lneo-12-pasuje-do-ekranow-o-przekatnej-do-121\\\/\",\"name\":\"Etui na laptopa Case Logic LNEO-12 pasuje do ekran\u00f3w o przek\u0105tnej do 12,1\\\" - Mix Market - Supermarket z wszystkim co potrzeba\",\"isPartOf\":{\"@id\":\"https:\\\/\\\/racom.com.pl\\\/#website\"},\"primaryImageOfPage\":{\"@id\":\"https:\\\/\\\/racom.com.pl\\\/index.php\\\/produkt\\\/etui-na-laptopa-case-logic-lneo-12-pasuje-do-ekranow-o-przekatnej-do-121\\\/#primaryimage\"},\"image\":{\"@id\":\"https:\\\/\\\/racom.com.pl\\\/index.php\\\/produkt\\\/etui-na-laptopa-case-logic-lneo-12-pasuje-do-ekranow-o-przekatnej-do-121\\\/#primaryimage\"},\"thumbnailUrl\":\"https:\\\/\\\/racom.com.pl\\\/wp-content\\\/uploads\\\/2026\\\/03\\\/allegro_69af1e49342120.56817434_dafb40394074b079a2c9f2f5ad2a.jpg\",\"datePublished\":\"2026-03-09T19:23:42+00:00\",\"breadcrumb\":{\"@id\":\"https:\\\/\\\/racom.com.pl\\\/index.php\\\/produkt\\\/etui-na-laptopa-case-logic-lneo-12-pasuje-do-ekranow-o-przekatnej-do-121\\\/#breadcrumb\"},\"inLanguage\":\"pl-PL\",\"potentialAction\":[{\"@type\":\"ReadAction\",\"target\":[\"https:\\\/\\\/racom.com.pl\\\/index.php\\\/produkt\\\/etui-na-laptopa-case-logic-lneo-12-pasuje-do-ekranow-o-przekatnej-do-121\\\/\"]}]},{\"@type\":\"ImageObject\",\"inLanguage\":\"pl-PL\",\"@id\":\"https:\\\/\\\/racom.com.pl\\\/index.php\\\/produkt\\\/etui-na-laptopa-case-logic-lneo-12-pasuje-do-ekranow-o-przekatnej-do-121\\\/#primaryimage\",\"url\":\"https:\\\/\\\/racom.com.pl\\\/wp-content\\\/uploads\\\/2026\\\/03\\\/allegro_69af1e49342120.56817434_dafb40394074b079a2c9f2f5ad2a.jpg\",\"contentUrl\":\"https:\\\/\\\/racom.com.pl\\\/wp-content\\\/uploads\\\/2026\\\/03\\\/allegro_69af1e49342120.56817434_dafb40394074b079a2c9f2f5ad2a.jpg\",\"width\":500,\"height\":500},{\"@type\":\"BreadcrumbList\",\"@id\":\"https:\\\/\\\/racom.com.pl\\\/index.php\\\/produkt\\\/etui-na-laptopa-case-logic-lneo-12-pasuje-do-ekranow-o-przekatnej-do-121\\\/#breadcrumb\",\"itemListElement\":[{\"@type\":\"ListItem\",\"position\":1,\"name\":\"Strona g\u0142\u00f3wna\",\"item\":\"https:\\\/\\\/racom.com.pl\\\/\"},{\"@type\":\"ListItem\",\"position\":2,\"name\":\"Sklep\",\"item\":\"https:\\\/\\\/racom.com.pl\\\/\"},{\"@type\":\"ListItem\",\"position\":3,\"name\":\"Etui na laptopa Case Logic LNEO-12 pasuje do ekran\u00f3w o przek\u0105tnej do 12,1&#8243;\"}]},{\"@type\":\"WebSite\",\"@id\":\"https:\\\/\\\/racom.com.pl\\\/#website\",\"url\":\"https:\\\/\\\/racom.com.pl\\\/\",\"name\":\"Mix Market - Supermarket z wszystkim co potrzeba do domu i nie tylko\",\"description\":\"\",\"publisher\":{\"@id\":\"https:\\\/\\\/racom.com.pl\\\/#organization\"},\"potentialAction\":[{\"@type\":\"SearchAction\",\"target\":{\"@type\":\"EntryPoint\",\"urlTemplate\":\"https:\\\/\\\/racom.com.pl\\\/?s={search_term_string}\"},\"query-input\":{\"@type\":\"PropertyValueSpecification\",\"valueRequired\":true,\"valueName\":\"search_term_string\"}}],\"inLanguage\":\"pl-PL\"},{\"@type\":\"Organization\",\"@id\":\"https:\\\/\\\/racom.com.pl\\\/#organization\",\"name\":\"Mix Market - Supermarket z wszystkim co potrzeba do domu i nie tylko\",\"url\":\"https:\\\/\\\/racom.com.pl\\\/\",\"logo\":{\"@type\":\"ImageObject\",\"inLanguage\":\"pl-PL\",\"@id\":\"https:\\\/\\\/racom.com.pl\\\/#\\\/schema\\\/logo\\\/image\\\/\",\"url\":\"https:\\\/\\\/racom.com.pl\\\/wp-content\\\/uploads\\\/2025\\\/07\\\/mixmarket_logo.png\",\"contentUrl\":\"https:\\\/\\\/racom.com.pl\\\/wp-content\\\/uploads\\\/2025\\\/07\\\/mixmarket_logo.png\",\"width\":1024,\"height\":1024,\"caption\":\"Mix Market - Supermarket z wszystkim co potrzeba do domu i nie tylko\"},\"image\":{\"@id\":\"https:\\\/\\\/racom.com.pl\\\/#\\\/schema\\\/logo\\\/image\\\/\"}}]}<\/script>\n<!-- \/ Yoast SEO plugin. -->","yoast_head_json":{"title":"Etui na laptopa Case Logic LNEO-12 pasuje do ekran\u00f3w o przek\u0105tnej do 12,1\" - Mix Market - Supermarket z wszystkim co potrzeba","robots":{"index":"index","follow":"follow","max-snippet":"max-snippet:-1","max-image-preview":"max-image-preview:large","max-video-preview":"max-video-preview:-1"},"canonical":"https:\/\/racom.com.pl\/index.php\/produkt\/etui-na-laptopa-case-logic-lneo-12-pasuje-do-ekranow-o-przekatnej-do-121\/","og_locale":"pl_PL","og_type":"article","og_title":"Etui na laptopa Case Logic LNEO-12 pasuje do ekran\u00f3w o przek\u0105tnej do 12,1\" - Mix Market - Supermarket z wszystkim co potrzeba","og_description":"Etui na laptopa Case Logic \u2013 pasuje do ekran\u00f3w do 12,1\u2033 \u2013 czarne To neoprenowe, kompaktowe etui pozwala bezpiecznie przenosi\u0107 laptopa samodzielnie lub wewn\u0105trz akt\u00f3wki, torby na rami\u0119 czy plecaka. Najwa\u017cniejsze cechy: Zaprojektowane do laptop\u00f3w z ekranami do 12,1 cala oraz ultraprzeno\u015bnych modeli. Wykonane z wytrzyma\u0142ego, odpornego na warunki pogodowe neoprenu, kt\u00f3ry amortyzuje urz\u0105dzenie i [&hellip;]","og_url":"https:\/\/racom.com.pl\/index.php\/produkt\/etui-na-laptopa-case-logic-lneo-12-pasuje-do-ekranow-o-przekatnej-do-121\/","og_site_name":"Mix Market - Supermarket z wszystkim co potrzeba","twitter_card":"summary_large_image","twitter_misc":{"Szacowany czas czytania":"1 minuta"},"schema":{"@context":"https:\/\/schema.org","@graph":[{"@type":"WebPage","@id":"https:\/\/racom.com.pl\/index.php\/produkt\/etui-na-laptopa-case-logic-lneo-12-pasuje-do-ekranow-o-przekatnej-do-121\/","url":"https:\/\/racom.com.pl\/index.php\/produkt\/etui-na-laptopa-case-logic-lneo-12-pasuje-do-ekranow-o-przekatnej-do-121\/","name":"Etui na laptopa Case Logic LNEO-12 pasuje do ekran\u00f3w o przek\u0105tnej do 12,1\" - Mix Market - Supermarket z wszystkim co potrzeba","isPartOf":{"@id":"https:\/\/racom.com.pl\/#website"},"primaryImageOfPage":{"@id":"https:\/\/racom.com.pl\/index.php\/produkt\/etui-na-laptopa-case-logic-lneo-12-pasuje-do-ekranow-o-przekatnej-do-121\/#primaryimage"},"image":{"@id":"https:\/\/racom.com.pl\/index.php\/produkt\/etui-na-laptopa-case-logic-lneo-12-pasuje-do-ekranow-o-przekatnej-do-121\/#primaryimage"},"thumbnailUrl":"https:\/\/racom.com.pl\/wp-content\/uploads\/2026\/03\/allegro_69af1e49342120.56817434_dafb40394074b079a2c9f2f5ad2a.jpg","datePublished":"2026-03-09T19:23:42+00:00","breadcrumb":{"@id":"https:\/\/racom.com.pl\/index.php\/produkt\/etui-na-laptopa-case-logic-lneo-12-pasuje-do-ekranow-o-przekatnej-do-121\/#breadcrumb"},"inLanguage":"pl-PL","potentialAction":[{"@type":"ReadAction","target":["https:\/\/racom.com.pl\/index.php\/produkt\/etui-na-laptopa-case-logic-lneo-12-pasuje-do-ekranow-o-przekatnej-do-121\/"]}]},{"@type":"ImageObject","inLanguage":"pl-PL","@id":"https:\/\/racom.com.pl\/index.php\/produkt\/etui-na-laptopa-case-logic-lneo-12-pasuje-do-ekranow-o-przekatnej-do-121\/#primaryimage","url":"https:\/\/racom.com.pl\/wp-content\/uploads\/2026\/03\/allegro_69af1e49342120.56817434_dafb40394074b079a2c9f2f5ad2a.jpg","contentUrl":"https:\/\/racom.com.pl\/wp-content\/uploads\/2026\/03\/allegro_69af1e49342120.56817434_dafb40394074b079a2c9f2f5ad2a.jpg","width":500,"height":500},{"@type":"BreadcrumbList","@id":"https:\/\/racom.com.pl\/index.php\/produkt\/etui-na-laptopa-case-logic-lneo-12-pasuje-do-ekranow-o-przekatnej-do-121\/#breadcrumb","itemListElement":[{"@type":"ListItem","position":1,"name":"Strona g\u0142\u00f3wna","item":"https:\/\/racom.com.pl\/"},{"@type":"ListItem","position":2,"name":"Sklep","item":"https:\/\/racom.com.pl\/"},{"@type":"ListItem","position":3,"name":"Etui na laptopa Case Logic LNEO-12 pasuje do ekran\u00f3w o przek\u0105tnej do 12,1&#8243;"}]},{"@type":"WebSite","@id":"https:\/\/racom.com.pl\/#website","url":"https:\/\/racom.com.pl\/","name":"Mix Market - Supermarket z wszystkim co potrzeba do domu i nie tylko","description":"","publisher":{"@id":"https:\/\/racom.com.pl\/#organization"},"potentialAction":[{"@type":"SearchAction","target":{"@type":"EntryPoint","urlTemplate":"https:\/\/racom.com.pl\/?s={search_term_string}"},"query-input":{"@type":"PropertyValueSpecification","valueRequired":true,"valueName":"search_term_string"}}],"inLanguage":"pl-PL"},{"@type":"Organization","@id":"https:\/\/racom.com.pl\/#organization","name":"Mix Market - Supermarket z wszystkim co potrzeba do domu i nie tylko","url":"https:\/\/racom.com.pl\/","logo":{"@type":"ImageObject","inLanguage":"pl-PL","@id":"https:\/\/racom.com.pl\/#\/schema\/logo\/image\/","url":"https:\/\/racom.com.pl\/wp-content\/uploads\/2025\/07\/mixmarket_logo.png","contentUrl":"https:\/\/racom.com.pl\/wp-content\/uploads\/2025\/07\/mixmarket_logo.png","width":1024,"height":1024,"caption":"Mix Market - Supermarket z wszystkim co potrzeba do domu i nie tylko"},"image":{"@id":"https:\/\/racom.com.pl\/#\/schema\/logo\/image\/"}}]}},"_links":{"self":[{"href":"https:\/\/racom.com.pl\/index.php\/wp-json\/wp\/v2\/product\/4115","targetHints":{"allow":["GET"]}}],"collection":[{"href":"https:\/\/racom.com.pl\/index.php\/wp-json\/wp\/v2\/product"}],"about":[{"href":"https:\/\/racom.com.pl\/index.php\/wp-json\/wp\/v2\/types\/product"}],"replies":[{"embeddable":true,"href":"https:\/\/racom.com.pl\/index.php\/wp-json\/wp\/v2\/comments?post=4115"}],"wp:featuredmedia":[{"embeddable":true,"href":"https:\/\/racom.com.pl\/index.php\/wp-json\/wp\/v2\/media\/4125"}],"wp:attachment":[{"href":"https:\/\/racom.com.pl\/index.php\/wp-json\/wp\/v2\/media?parent=4115"}],"wp:term":[{"taxonomy":"product_brand","embeddable":true,"href":"https:\/\/racom.com.pl\/index.php\/wp-json\/wp\/v2\/product_brand?post=4115"},{"taxonomy":"product_cat","embeddable":true,"href":"https:\/\/racom.com.pl\/index.php\/wp-json\/wp\/v2\/product_cat?post=4115"},{"taxonomy":"product_tag","embeddable":true,"href":"https:\/\/racom.com.pl\/index.php\/wp-json\/wp\/v2\/product_tag?post=4115"}],"curies":[{"name":"wp","href":"https:\/\/api.w.org\/{rel}","templated":true}]}}